{"id":12086,"date":"2023-08-02T17:05:19","date_gmt":"2023-08-02T15:05:19","guid":{"rendered":"https:\/\/www.leaplytics.de\/?page_id=12086"},"modified":"2023-08-06T14:32:15","modified_gmt":"2023-08-06T12:32:15","slug":"qlikview-migracija-uz-power-bi","status":"publish","type":"page","link":"https:\/\/www.leaplytics.de\/lv\/qlikview-migracija-uz-power-bi\/","title":{"rendered":"QlikView migr\u0101cija uz Power BI - m\u016bsu pieeja"},"content":{"rendered":"<p>Vai pa\u0161laik izmantojat QlikView, bet apsverat iesp\u0113ju p\u0101riet uz Power BI?  LeapLytics specializ\u0113jas ekspertu migr\u0101cijas pakalpojumu snieg\u0161an\u0101, lai pal\u012bdz\u0113tu jums netrauc\u0113ti p\u0101riet no QlikView uz Power BI. M\u016bsu kvalific\u0113tu profesion\u0101\u013cu komandai ir pla\u0161a pieredze \u0161\u0101du migr\u0101ciju veik\u0161an\u0101, nodro\u0161inot j\u016bsu organiz\u0101cijai vienm\u0113r\u012bgu un efekt\u012bvu procesu.<\/p>\n\n\n\n<h3 class=\"wp-block-heading\"><strong>K\u0101p\u0113c migr\u0113t no QlikView uz Power BI?<\/strong><\/h3>\n\n\n\n<p>T\u0101 k\u0101 biznesa izl\u016bko\u0161anas tehnolo\u0123ijas turpina att\u012bst\u012bties, organiz\u0101cij\u0101m bie\u017ei vien ir izdev\u012bgi p\u0101riet uz modern\u0101k\u0101m un iztur\u012bg\u0101k\u0101m platform\u0101m, piem\u0113ram, Power BI. L\u016bk, da\u017ei p\u0101rliecino\u0161i iemesli, k\u0101p\u0113c apsv\u0113rt p\u0101reju no QlikView uz Power BI:<\/p>\n\n\n\n<ol class=\"wp-block-list\">\n<li><strong>Uzlabota datu vizualiz\u0101cija:<\/strong> Power BI pied\u0101v\u0101 pla\u0161u vizualiz\u0101cijas iesp\u0113ju kl\u0101stu, kas \u013cauj jums datus att\u0113lot daudz izteiksm\u012bg\u0101kos un interakt\u012bv\u0101kos veidos, sniedzot l\u0113mumu pie\u0146\u0113m\u0113jiem lab\u0101kus ieskatus.<\/li>\n\n\n\n<li><strong>Integr\u0101cija ar Microsoft ekosist\u0113mu:<\/strong> Ja j\u016bsu organiz\u0101cija jau izmanto Microsoft r\u012bkus, piem\u0113ram, Excel, SharePoint vai Office 365, Power BI bez probl\u0113m\u0101m integr\u0113jas ar \u0161\u012bm platform\u0101m, racionaliz\u0113jot j\u016bsu darba pl\u016bsmu.<\/li>\n\n\n\n<li><strong>m\u0113rogojam\u012bba un veiktsp\u0113ja:<\/strong> Palielinoties datu vajadz\u012bb\u0101m, Power BI var apstr\u0101d\u0101t lielas datu kopas un sare\u017e\u0123\u012btus vaic\u0101jumus ar iev\u0113rojamu efektivit\u0101ti un \u0101trumu.<\/li>\n\n\n\n<li><strong>M\u0101ko\u0146a iesp\u0113jas:<\/strong> Izmantojot Power BI m\u0101ko\u0146a iesp\u0113jas, varat viegli kop\u012bgot p\u0101rskatus un sadarboties ar kol\u0113\u0123iem, nodro\u0161inot re\u0101llaika piek\u013cuvi svar\u012bgai inform\u0101cijai.<\/li>\n\n\n\n<li><strong>Regul\u0101ri atjaunin\u0101jumi un atbalsts:<\/strong> Power BI bie\u017ei sa\u0146em jaunin\u0101jumus un uzlabojumus no Microsoft, t\u0101d\u0113j\u0101di nodro\u0161inot piek\u013cuvi jaun\u0101kaj\u0101m funkcij\u0101m un uzlabojumiem.<\/li>\n<\/ol>\n\n\n\n<h3 class=\"wp-block-heading\"><strong>Apsv\u0113rumi veiksm\u012bgai QlikView migr\u0101cijai uz Power BI<\/strong><\/h3>\n\n\n\n<p>Migr\u0113\u0161ana no vienas biznesa izl\u016bko\u0161anas platformas uz citu var b\u016bt sare\u017e\u0123\u012bts uzdevums. Lai nodro\u0161in\u0101tu veiksm\u012bgu migr\u0101ciju, ir svar\u012bgi piev\u0113rsties \u0161\u0101diem galvenajiem apsv\u0113rumiem:<\/p>\n\n\n\n<ol class=\"wp-block-list\">\n<li><strong>Datu nov\u0113rt\u0113jums:<\/strong> Analiz\u0113jiet eso\u0161os QlikView datus, lai noteiktu to strukt\u016bru, kvalit\u0101ti un atbilst\u012bbu migr\u0101cijai. Identific\u0113jiet potenci\u0101l\u0101s datu t\u012br\u012b\u0161anas un p\u0101rveido\u0161anas pras\u012bbas.<\/li>\n\n\n\n<li><strong>Repozitoriju, p\u0101rskatu un pane\u013cu kart\u0113\u0161ana:<\/strong> R\u016bp\u012bgi izprotiet savus pa\u0161reiz\u0113jos QlikView repozitorijus, p\u0101rskatus un pane\u013cus. Izveidojiet kart\u0113\u0161anas pl\u0101nu, lai atk\u0101rtotu \u0161\u012bs vizualiz\u0101cijas Power BI, vienlaikus izmantojot t\u0101s unik\u0101l\u0101s funkcijas.<\/li>\n\n\n\n<li><strong>Datu model\u0113\u0161ana Power BI:<\/strong> Izstr\u0101d\u0101jiet efekt\u012bvu datu modeli Power BI, kas atbilst j\u016bsu biznesa pras\u012bb\u0101m un optimiz\u0113 veiktsp\u0113ju.<\/li>\n\n\n\n<li><strong>Dro\u0161\u012bba un at\u013caujas:<\/strong> Defin\u0113jiet dro\u0161\u012bbas lomas un at\u013caujas Power BI, lai nodro\u0161in\u0101tu, ka piek\u013cuve datiem tiek atbilsto\u0161i p\u0101rvald\u012bta un ierobe\u017eota.<\/li>\n\n\n\n<li><strong>Lietot\u0101ju apm\u0101c\u012bba un pie\u0146em\u0161ana:<\/strong> Sagatavojiet savu komandu migr\u0101cijai, nodro\u0161inot visaptvero\u0161u apm\u0101c\u012bbu par Power BI funkcij\u0101m un funkcij\u0101m.<\/li>\n\n\n\n<li><strong>Test\u0113\u0161ana un kvalit\u0101tes nodro\u0161in\u0101\u0161ana:<\/strong> Veiciet r\u016bp\u012bgu test\u0113\u0161anu, lai identific\u0113tu un atrisin\u0101tu visas probl\u0113mas pirms risin\u0101juma palai\u0161anas.<\/li>\n\n\n\n<li><strong>Atbalsts p\u0113c migr\u0101cijas:<\/strong> Pied\u0101v\u0101jiet past\u0101v\u012bgu atbalstu, lai risin\u0101tu visas probl\u0113mas p\u0113c migr\u0101cijas un pal\u012bdz\u0113tu lietot\u0101jiem piln\u012bb\u0101 apg\u016bt Power BI iesp\u0113jas.<\/li>\n<\/ol>\n\n\n\n<h3 class=\"wp-block-heading\"><strong>K\u0101p\u0113c LeapLytics j\u016bsu QlikView migr\u0101cijai uz Power BI?<\/strong><\/h3>\n\n\n\n<p>LeapLytics lepojas ar savu uz klientu orient\u0113to pieeju un dzi\u013co izpratni gan par QlikView, gan Power BI. M\u016bsu ekspertu komandai ir prasmes un zin\u0101\u0161anas, kas nepiecie\u0161amas, lai migr\u0101cijas procesu veiktu bez probl\u0113m\u0101m, nodro\u0161inot minim\u0101lus trauc\u0113jumus j\u016bsu uz\u0146\u0113muma darb\u012bb\u0101. Izv\u0113loties m\u016bs, j\u016bs g\u016bsiet labumu no:<\/p>\n\n\n\n<ul class=\"wp-block-list\">\n<li><strong>Pieredze un zin\u0101\u0161anas:<\/strong> M\u016bsu pieredz\u0113ju\u0161ie profesion\u0101\u013ci ir veiksm\u012bgi veiku\u0161i daudzas QlikView migr\u0101cijas uz Power BI, t\u0101p\u0113c vi\u0146i ir prasm\u012bgi gal\u0101 ar jebkuriem sare\u017e\u0123\u012bjumiem, kas var rasties.<\/li>\n\n\n\n<li><strong>Piel\u0101goti risin\u0101jumi:<\/strong> M\u0113s saprotam, ka katras organiz\u0101cijas vajadz\u012bbas ir unik\u0101las. T\u0101p\u0113c m\u0113s pied\u0101v\u0101jam personaliz\u0113tas migr\u0101cijas strat\u0113\u0123ijas, kas atbilst j\u016bsu specifiskaj\u0101m pras\u012bb\u0101m.<\/li>\n\n\n\n<li><strong>Datu dro\u0161\u012bba:<\/strong> M\u0113s pie\u0161\u0137iram priorit\u0101ti j\u016bsu sensit\u012bv\u0101s inform\u0101cijas dro\u0161\u012bbai un iev\u0113rojam nozares lab\u0101ko praksi, lai aizsarg\u0101tu j\u016bsu datus migr\u0101cijas laik\u0101 un p\u0113c t\u0101s.<\/li>\n\n\n\n<li><strong>Nep\u0101rtraukts atbalsts:<\/strong> M\u016bsu ap\u0146em\u0161an\u0101s nodro\u0161in\u0101t j\u016bsu pan\u0101kumus sniedzas t\u0101l\u0101k par migr\u0101cijas procesu. M\u0113s nodro\u0161in\u0101m past\u0101v\u012bgu atbalstu, lai risin\u0101tu visas probl\u0113mas un pal\u012bdz\u0113tu ar Power BI ievie\u0161anu.<\/li>\n<\/ul>\n\n\n\n<p>LeapLytics ir j\u016bsu uzticams partneris, lai p\u0101reja no QlikView uz Power BI b\u016btu p\u0113c iesp\u0113jas \u0113rt\u0101ka. Sazinieties ar mums jau \u0161odien, lai uzzin\u0101tu vair\u0101k par m\u016bsu migr\u0101cijas pakalpojumiem un spertu pirmo soli ce\u013c\u0101 uz savu datu paties\u0101 potenci\u0101la atrais\u012b\u0161anu.<\/p>\n\n\n\n<h4 class=\"wp-block-heading\"><strong>Sazinieties ar mums \u0161odien<\/strong><\/h4>\n\n\n\n<p>Jums ir jaut\u0101jumi par QlikView migr\u0101ciju uz Power BI vai interes\u0113 m\u016bsu pakalpojumi? Nevilcinieties sazin\u0101ties ar mums, lai sa\u0146emtu konsult\u0101ciju. M\u0113s esam \u0161eit, lai pal\u012bdz\u0113tu jums veikt vienm\u0113r\u012bgu un veiksm\u012bgu p\u0101reju uz Power BI. Sazinieties ar m\u016bsu ekspertiem un <a href=\"https:\/\/www.leaplytics.de\/lv\/kontaktinformacija\/\"><strong>nos\u016btiet mums zi\u0146u<\/strong><\/a>.<\/p>\n\n\n\n<p>(<em>Sazinieties ar mums ar\u012b tad, ja jums nepiecie\u0161amas konsult\u0101cijas par k\u0101du citu biznesa izl\u016bko\u0161anas, datu anal\u012bzes vai vizualiz\u0101cijas aspektu. M\u016bsu komanda ir labi sagatavota, lai pal\u012bdz\u0113tu jums da\u017e\u0101dos ar datiem saist\u012btos pas\u0101kumos.<\/em>)<\/p>","protected":false},"excerpt":{"rendered":"<p>Vai pa\u0161laik izmantojat QlikView, bet apsverat iesp\u0113ju p\u0101riet uz Power BI? LeapLytics specializ\u0113jas ekspertu migr\u0101cijas pakalpojumu snieg\u0161an\u0101, lai pal\u012bdz\u0113tu jums netrauc\u0113ti p\u0101riet no QlikView uz Power BI. M\u016bsu kvalific\u0113tu profesion\u0101\u013cu komandai ir pla\u0161a pieredze \u0161\u0101du migr\u0101ciju veik\u0161an\u0101, nodro\u0161inot j\u016bsu organiz\u0101cijai vienm\u0113r\u012bgu un efekt\u012bvu procesu. K\u0101p\u0113c migr\u0113t no ... <\/p>","protected":false},"author":2,"featured_media":0,"parent":0,"menu_order":0,"comment_status":"closed","ping_status":"closed","template":"","meta":{"footnotes":""},"class_list":["post-12086","page","type-page","status-publish","hentry","latest_post"],"_links":{"self":[{"href":"https:\/\/www.leaplytics.de\/lv\/wp-json\/wp\/v2\/pages\/12086","targetHints":{"allow":["GET"]}}],"collection":[{"href":"https:\/\/www.leaplytics.de\/lv\/wp-json\/wp\/v2\/pages"}],"about":[{"href":"https:\/\/www.leaplytics.de\/lv\/wp-json\/wp\/v2\/types\/page"}],"author":[{"embeddable":true,"href":"https:\/\/www.leaplytics.de\/lv\/wp-json\/wp\/v2\/users\/2"}],"replies":[{"embeddable":true,"href":"https:\/\/www.leaplytics.de\/lv\/wp-json\/wp\/v2\/comments?post=12086"}],"version-history":[{"count":0,"href":"https:\/\/www.leaplytics.de\/lv\/wp-json\/wp\/v2\/pages\/12086\/revisions"}],"wp:attachment":[{"href":"https:\/\/www.leaplytics.de\/lv\/wp-json\/wp\/v2\/media?parent=12086"}],"curies":[{"name":"wp","href":"https:\/\/api.w.org\/{rel}","templated":true}]}}