{"id":12944,"date":"2023-12-18T23:03:40","date_gmt":"2023-12-18T22:03:40","guid":{"rendered":"https:\/\/www.leaplytics.de\/?page_id=12944"},"modified":"2023-12-18T23:03:40","modified_gmt":"2023-12-18T22:03:40","slug":"ehs-riska-parvaldibas-jauda-bi-kalnrupniecibas-un-naftas-rupniecibas-nozarem","status":"publish","type":"page","link":"https:\/\/www.leaplytics.de\/lv\/ehs-riska-parvaldibas-jauda-bi-kalnrupniecibas-un-naftas-rupniecibas-nozarem\/","title":{"rendered":"EHS risku p\u0101rvald\u012bba Power BI kalnr\u016bpniec\u012bbas un naftas r\u016bpniec\u012bbai"},"content":{"rendered":"<h3 class=\"wp-block-heading\">Ievads<\/h3>\n\n\n\n<p>T\u0101das nozares k\u0101 kalnr\u016bpniec\u012bba un naftas r\u016bpniec\u012bba ir \u013coti svar\u012bgas pasaules ekonomikai, jo t\u0101s nodro\u0161ina resursus un ener\u0123iju. Tom\u0113r t\u0101s saskaras ar vides, vesel\u012bbas un dro\u0161\u012bbas (EHS) riskiem. Uz\u0146\u0113mumi tagad uzskata, ka stabila EHS risku p\u0101rvald\u012bba ir pan\u0101kumu pamat\u0101. \u0160aj\u0101 rakst\u0101 apl\u016bkots, k\u0101 m\u016bsu Power BI risku matrica var uzlabot EHS risku p\u0101rvald\u012bbu.<\/p>\n\n\n\n<h3 class=\"wp-block-heading\"><strong>Izpratne par EHS risku p\u0101rvald\u012bbu<\/strong><\/h3>\n\n\n\n<p>Kalnr\u016bpniec\u012bb\u0101 un naftas r\u016bpniec\u012bb\u0101 galven\u0101s ba\u017eas rada vides, vesel\u012bbas un dro\u0161\u012bbas riski. Tie ietver biotopu izjauk\u0161anu, pies\u0101r\u0146ojumu, nelaimes gad\u012bjumus un juridiskus jaut\u0101jumus. Stingra EHS risku p\u0101rvald\u012bba ir b\u016btiska ilgtsp\u0113j\u012bgai un sekm\u012bgai darb\u012bbai.<\/p>\n\n\n\n<h3 class=\"wp-block-heading\"><strong>Power BI risku matrica<\/strong><\/h3>\n\n\n\n<p>Risku matrica ir sp\u0113c\u012bgs r\u012bks, lai ar Power BI pal\u012bdz\u012bbu apstr\u0101d\u0101tu EHS riskus. L\u016bk, k\u0101 tas pal\u012bdz:<\/p>\n\n\n\n<ol class=\"wp-block-list\">\n<li><strong>Riska identific\u0113\u0161ana:<\/strong> v\u0101c datus, lai noteiktu dro\u0161\u012bbas, atbilst\u012bbas vai vesel\u012bbas riskus.<\/li>\n\n\n\n<li><strong>Vizualiz\u0101cija:<\/strong> kategoriz\u0113 riskus, pal\u012bdzot l\u0113mumu pie\u0146\u0113m\u0113jiem saskat\u012bt steidzamus jaut\u0101jumus.<\/li>\n\n\n\n<li><strong>Veiktsp\u0113jas uzraudz\u012bba:<\/strong> Atjaunina EHS datus proakt\u012bvai riska p\u0101rvald\u012bbai.<\/li>\n\n\n\n<li><strong>Interakt\u012bvie pane\u013ci: <\/strong>R\u0101diet re\u0101llaika riska r\u0101d\u012bt\u0101jus, incidentus un tendences, lai atvieglotu veiktsp\u0113jas izseko\u0161anu.<\/li>\n<\/ol>\n\n\n\n<div class=\"wp-block-buttons is-layout-flex wp-block-buttons-is-layout-flex\" id=\"https:\/\/www.leaplytics.de\/frontpage\/project-management-custom-visuals-microsoft-powerbi\/risk-heatmap-custom-visual-for-power-bi\/\">\n<div class=\"wp-block-button has-custom-width wp-block-button__width-75 has-custom-font-size is-style-fill\" style=\"font-size:18px\"><a class=\"wp-block-button__link has-background wp-element-button\" href=\"https:\/\/www.leaplytics.de\/lv\/priekseja-lapa\/projektu-vadiba-pielagotas-vizualizacijas-microsoft-powerbi\/riska-karstumkarte-pielagota-vizuala-karte-jaudas-bi\/\" style=\"background-color:#22316d\" rel=\"https:\/\/www.leaplytics.de\/frontpage\/project-management-custom-visuals-microsoft-powerbi\/risk-heatmap-custom-visual-for-power-bi\/\">Apl\u016bkojiet m\u016bsu piel\u0101goto vizu\u0101lo \"risku matricu\" Power BI \u0161eit!<\/a><\/div>\n<\/div>\n\n\n\n<p><\/p>\n\n\n\n<h3 class=\"wp-block-heading\"><strong>Veiktsp\u0113jas uzlabo\u0161ana, izmantojot EHS risku p\u0101rvald\u012bbu<\/strong><\/h3>\n\n\n\n<p>Efekt\u012bva EHS risku p\u0101rvald\u012bba uzlabo darb\u012bbas rezult\u0101tus:<\/p>\n\n\n\n<ul class=\"wp-block-list\">\n<li><strong>Darb\u012bbas efektivit\u0101te:<\/strong> Samazina nelaimes gad\u012bjumu, iek\u0101rtu av\u0101riju un vides av\u0101riju skaitu. Tas uzlabo efektivit\u0101ti un samazina d\u012bkst\u0101ves laiku.<\/li>\n\n\n\n<li><strong>Izmaksu ietaup\u012bjumi:<\/strong> Samazina negad\u012bjumu skaitu, samazinot sodanaudas, juridisk\u0101s izmaksas un t\u012br\u012b\u0161anas izmaksas.<\/li>\n\n\n\n<li><strong>Ilgtsp\u0113ja un reput\u0101cija:<\/strong> Apliecina ap\u0146em\u0161anos iev\u0113rot ilgtsp\u0113ju. Tas uzlabo reput\u0101ciju un pievilc\u012bbu investoriem un klientiem.<\/li>\n\n\n\n<li><strong>Atbilst\u012bba:<\/strong> Iev\u0113ro EHS noteikumus, uzturot labas attiec\u012bbas ar regulatoriem un izvairoties no sodiem.<\/li>\n\n\n\n<li><strong>Darbinieku labkl\u0101j\u012bba:<\/strong> priorit\u0101te ir darba dev\u0113ja dro\u0161\u012bba un vesel\u012bba. T\u0101d\u0113j\u0101di uzlabo motiv\u0101ciju un produktivit\u0101ti, samazina darbinieku main\u012bbu un darba kav\u0113jumus.<\/li>\n<\/ul>\n\n\n\n<h3 class=\"wp-block-heading\"><strong>Secin\u0101jums<\/strong><\/h3>\n\n\n\n<p>EHS riska p\u0101rvald\u012bba ir \u013coti svar\u012bga, lai nodro\u0161in\u0101tu izcilu darb\u012bbu. M\u016bsu risku matrica Power BI ir lielisks r\u012bks efekt\u012bvai risku p\u0101rvald\u012bbai. EHS risku p\u0101rvald\u012bba pal\u012bdz uz\u0146\u0113mumiem str\u0101d\u0101t lab\u0101k un samazin\u0101t izmaksas. T\u0101 ar\u012b pal\u012bdz tiem izpild\u012bt noteikumus un veidot ilgtsp\u0113j\u012bbas un dro\u0161\u012bbas kult\u016bru. Saskaroties ar m\u016bsdienu izaicin\u0101jumiem, EHS risku p\u0101rvald\u012bba, izmantojot Power BI, ir pan\u0101kumu atsl\u0113ga.<\/p>","protected":false},"excerpt":{"rendered":"<p>Ievads T\u0101das nozares k\u0101 kalnr\u016bpniec\u012bba un naftas ieguve ir \u013coti svar\u012bgas pasaules ekonomikai, jo t\u0101s nodro\u0161ina resursus un ener\u0123iju. Tom\u0113r t\u0101s saskaras ar vides, vesel\u012bbas un dro\u0161\u012bbas (EHS) riskiem. Uz\u0146\u0113mumi tagad uzskata, ka stabila EHS risku p\u0101rvald\u012bba ir pan\u0101kumu pamat\u0101. \u0160aj\u0101 rakst\u0101 apl\u016bkots, k\u0101 m\u016bsu Power BI risku matrica var uzlabot EHS risku p\u0101rvald\u012bbu. Izpratne par EHS riskiem ... <\/p>","protected":false},"author":55,"featured_media":12952,"parent":0,"menu_order":0,"comment_status":"closed","ping_status":"closed","template":"","meta":{"footnotes":""},"class_list":["post-12944","page","type-page","status-publish","has-post-thumbnail","hentry","latest_post"],"_links":{"self":[{"href":"https:\/\/www.leaplytics.de\/lv\/wp-json\/wp\/v2\/pages\/12944","targetHints":{"allow":["GET"]}}],"collection":[{"href":"https:\/\/www.leaplytics.de\/lv\/wp-json\/wp\/v2\/pages"}],"about":[{"href":"https:\/\/www.leaplytics.de\/lv\/wp-json\/wp\/v2\/types\/page"}],"author":[{"embeddable":true,"href":"https:\/\/www.leaplytics.de\/lv\/wp-json\/wp\/v2\/users\/55"}],"replies":[{"embeddable":true,"href":"https:\/\/www.leaplytics.de\/lv\/wp-json\/wp\/v2\/comments?post=12944"}],"version-history":[{"count":0,"href":"https:\/\/www.leaplytics.de\/lv\/wp-json\/wp\/v2\/pages\/12944\/revisions"}],"wp:featuredmedia":[{"embeddable":true,"href":"https:\/\/www.leaplytics.de\/lv\/wp-json\/wp\/v2\/media\/12952"}],"wp:attachment":[{"href":"https:\/\/www.leaplytics.de\/lv\/wp-json\/wp\/v2\/media?parent=12944"}],"curies":[{"name":"wp","href":"https:\/\/api.w.org\/{rel}","templated":true}]}}