{"id":12961,"date":"2023-12-18T23:03:43","date_gmt":"2023-12-18T22:03:43","guid":{"rendered":"https:\/\/www.leaplytics.de\/?page_id=12961"},"modified":"2024-01-02T12:05:32","modified_gmt":"2024-01-02T11:05:32","slug":"jauda-bi-apdraudejumu-identificesana-aviacijas-kruiza-transporta-nozare","status":"publish","type":"page","link":"https:\/\/www.leaplytics.de\/lv\/jauda-bi-apdraudejumu-identificesana-aviacijas-kruiza-transporta-nozare\/","title":{"rendered":"Power BI: B\u012bstam\u012bbas identific\u0113\u0161ana avi\u0101cijas, kru\u012bzu un transporta nozar\u0113s"},"content":{"rendered":"<h2 class=\"wp-block-heading has-medium-font-size\"><strong>Ievads<\/strong><\/h2>\n\n\n\n<p>Avi\u0101cij\u0101, kru\u012bzos un transport\u0101 \u013coti svar\u012bga ir apdraud\u0113jumu identific\u0113\u0161ana un riska p\u0101rvald\u012bba. M\u016bsu riska matrica Power BI programm\u0101 ir v\u0113rt\u012bgs r\u012bks \u0161im nol\u016bkam.<\/p>\n\n\n\n<p>\u0160is r\u012bks lieliski identific\u0113 apdraud\u0113jumus un vienk\u0101r\u0161o datu snieg\u0161anu, lai tos \u0101tri atpaz\u012btu. \u0160\u012b sp\u0113ja \u013cauj nekav\u0113joties r\u012bkoties, uzlabojot darba dro\u0161\u012bbu.<\/p>\n\n\n\n<h2 class=\"wp-block-heading has-medium-font-size\"><strong>Avi\u0101cijas apdraud\u0113jumu p\u0101rvar\u0113\u0161ana<\/strong><\/h2>\n\n\n\n<p>Avi\u0101cij\u0101 bie\u017ei sastopamie apdraud\u0113jumi ir skrejce\u013ca probl\u0113mas vai putnu triecieni. Galvenie rezultat\u012bvie r\u0101d\u012bt\u0101ji ietver gandr\u012bz notiku\u0161u nelaimes gad\u012bjumu bie\u017eumu un dro\u0161\u012bbas apm\u0101c\u012bbu efektivit\u0101ti. Piem\u0113ram, \u013coti svar\u012bga ir sakaru sist\u0113mas uzticam\u012bba.<\/p>\n\n\n\n<h2 class=\"wp-block-heading has-medium-font-size\"><strong>Kru\u012bzu oper\u0101ciju dro\u0161\u012bbas nodro\u0161in\u0101\u0161ana<\/strong><\/h2>\n\n\n\n<p>Kru\u012bzu gad\u012bjum\u0101 apdraud\u0113jumi var b\u016bt saist\u012bti ar ku\u0123u sadursm\u0113m vai \u0101rk\u0101rtas situ\u0101cij\u0101m vesel\u012bbas jom\u0101. Galvenie rezultat\u012bvie r\u0101d\u012bt\u0101ji ietver rea\u0123\u0113\u0161anas laika uz \u0101rk\u0101rtas situ\u0101cij\u0101m un atbilsto\u0161u medic\u012bnisko apr\u012bkojumu uzraudz\u012bbu. T\u0101d\u0113j\u0101di pasa\u017eieru dro\u0161\u012bbas nodro\u0161in\u0101\u0161ana ir \u013coti svar\u012bga.<\/p>\n\n\n\n<h2 class=\"wp-block-heading has-medium-font-size\"><strong>Transporta oper\u0101ciju nodro\u0161in\u0101\u0161ana<\/strong><\/h2>\n\n\n\n<p>Transporta nozar\u0113 apdraud\u0113jumi var ietvert negad\u012bjumus vai pieg\u0101des \u0137\u0113des trauc\u0113jumus. Galvenie rezultat\u012bvie r\u0101d\u012bt\u0101ji ir nelaimes gad\u012bjumu skaits, tehnisk\u0101s apkopes grafika iev\u0113ro\u0161ana un \u0101rk\u0101rtas situ\u0101ciju pl\u0101nu efektivit\u0101te. Piem\u0113ram, b\u016btiski ir sekot l\u012bdzi autovad\u012bt\u0101ju apm\u0101c\u012bbas programmu efektivit\u0101tei.<\/p>\n\n\n\n<h2 class=\"wp-block-heading has-medium-font-size\"><strong>Risku matrica Power BI<\/strong><\/h2>\n\n\n\n<p>L\u016bk, k\u0101 riska matrica uzlabo j\u016bsu riska p\u0101rvald\u012bbu:<\/p>\n\n\n\n<p><strong>Varb\u016bt\u012bbas ass:<\/strong> Uz \u0161\u012bs ass tiek v\u0113rt\u0113ts, cik liela ir riska iesp\u0113jam\u012bba, s\u0101kot no zemas un beidzot ar augstu. T\u0101 pal\u012bdz saprast iesp\u0113jamo risku iest\u0101\u0161an\u0101s iesp\u0113jam\u012bbu \u0161aj\u0101s nozar\u0113s.<\/p>\n\n\n\n<p><strong>Ietekmes ass:<\/strong> \u0160aj\u0101 as\u012b tiek apl\u016bkots, cik nopietns var\u0113tu b\u016bt risks, un tas tiek iedal\u012bts zem\u0101, vid\u0113j\u0101 vai augst\u0101 kategorij\u0101. T\u0101 pal\u012bdz avi\u0101cijas, kru\u012bza un transporta organiz\u0101cij\u0101m analiz\u0113t, cik lielu kait\u0113jumu var\u0113tu rad\u012bt risks.<\/p>\n\n\n\n<p>Apvienojot varb\u016bt\u012bbu un ietekmi, katram riskam tiek pie\u0161\u0137irts v\u0113rt\u0113jums. Tas pal\u012bdz nov\u0113rt\u0113t riskus, pamatojoties uz to nopietn\u012bbu. Augstas priorit\u0101tes risku agr\u012bna p\u0101rvald\u012bba samazina apdraud\u0113jumus un darb\u012bbas trauc\u0113jumus.<\/p>\n\n\n\n<p>Izmantojot riska matricu, \u0161o nozaru organiz\u0101cijas var:<\/p>\n\n\n\n<ol class=\"wp-block-list\">\n<li><strong>Izveidot pane\u013cus:<\/strong> Izveidojiet re\u0101llaika pane\u013cus, kuros tiek par\u0101d\u012bti dro\u0161\u012bbas r\u0101d\u012bt\u0101ji, incidenti un tendences. T\u0101d\u0113j\u0101di riska vad\u012bt\u0101jiem ir viegli redz\u0113t, k\u0101 veicas ar dro\u0161\u012bbu.<\/li>\n\n\n\n<li><strong>Vizualiz\u0113t riska datus:<\/strong> Izmantojiet diagrammas un grafikus, lai par\u0101d\u012btu riska r\u0101d\u012bt\u0101jus no riska matricas. Tas pal\u012bdz saprast, cik nopietni ir identific\u0113tie riski.<\/li>\n\n\n\n<li><strong>Uzraudz\u012bba:<\/strong> Izmantojiet Power BI, lai p\u0101rbaud\u012btu, vai atbilstat dro\u0161\u012bbas noteikumiem. Atrodiet ar\u012b jomas, kur\u0101s nepiecie\u0161ami papildu dro\u0161\u012bbas pas\u0101kumi avi\u0101cij\u0101, kru\u012bzos un transport\u0101.<\/li>\n\n\n\n<li><strong>Identific\u0113t tendences: <\/strong>Apl\u016bkojiet savus riska datus. Izmantojot riska matricu, j\u016bs varat saprast nelaimes gad\u012bjumu iemeslus un atpaz\u012bt past\u0101v\u012bg\u0101s dro\u0161\u012bbas probl\u0113mas. Tas \u013cauj pie\u0146emt pamatotus l\u0113mumus nep\u0101rtrauktai dro\u0161\u012bbas uzlabo\u0161anai.<\/li>\n<\/ol>\n\n\n\n<div class=\"wp-block-buttons is-layout-flex wp-block-buttons-is-layout-flex\">\n<div class=\"wp-block-button has-custom-font-size\" style=\"font-size:18px\"><a class=\"wp-block-button__link has-background wp-element-button\" href=\"https:\/\/www.leaplytics.de\/lv\/priekseja-lapa\/projektu-vadiba-pielagotas-vizualizacijas-microsoft-powerbi\/riska-karstumkarte-pielagota-vizuala-karte-jaudas-bi\/\" style=\"background-color:#22316d\" rel=\"https:\/\/www.leaplytics.de\/frontpage\/project-management-custom-visuals-microsoft-powerbi\/risk-heatmap-custom-visual-for-power-bi\/\">Apl\u016bkojiet m\u016bsu piel\u0101goto vizu\u0101lo \"risku matricu\" Power BI \u0161eit!<\/a><\/div>\n<\/div>\n\n\n\n<figure class=\"wp-block-image size-full\"><img loading=\"lazy\" decoding=\"async\" width=\"1024\" height=\"576\" src=\"https:\/\/www.leaplytics.de\/wp-content\/uploads\/2023\/12\/Risk-Matrix.jpg\" alt=\"\" class=\"wp-image-12965\" srcset=\"https:\/\/www.leaplytics.de\/wp-content\/uploads\/2023\/12\/Risk-Matrix.jpg 1024w, https:\/\/www.leaplytics.de\/wp-content\/uploads\/2023\/12\/Risk-Matrix-300x169.jpg 300w, https:\/\/www.leaplytics.de\/wp-content\/uploads\/2023\/12\/Risk-Matrix-768x432.jpg 768w, https:\/\/www.leaplytics.de\/wp-content\/uploads\/2023\/12\/Risk-Matrix-107x60.jpg 107w\" sizes=\"auto, (max-width: 1024px) 100vw, 1024px\" \/><\/figure>\n\n\n\n<h2 class=\"wp-block-heading has-medium-font-size\"><strong>Secin\u0101jums<\/strong><\/h2>\n\n\n\n<p>Riska matrica Power BI sniedz v\u0113rt\u012bgu ieskatu riska ainav\u0101s. T\u0101 pal\u012bdz koncentr\u0113ties uz resursiem un uzlabot dro\u0161\u012bbu. \u0160is r\u012bks dod iesp\u0113ju profesion\u0101\u013ciem pie\u0146emt pamatotus l\u0113mumus un p\u0101rvald\u012bt riskus.<\/p>\n\n\n\n<p>Riska matrica ir noz\u012bm\u012bgs ieguvums avi\u0101cijas, kru\u012bza un transporta nozar\u0113s. T\u0101 padara riska identific\u0113\u0161anu un p\u0101rvald\u012bbu pieejam\u0101ku un efekt\u012bv\u0101ku. T\u0101d\u0113j\u0101di uz\u0146\u0113mumi var nodro\u0161in\u0101t dro\u0161u un netrauc\u0113tu darb\u012bbu \u0161aj\u0101s svar\u012bgaj\u0101s nozar\u0113s.<\/p>","protected":false},"excerpt":{"rendered":"<p>Introduction In aviation, cruise, and transport,hazard identification and risk management are crucial. Our Risk Matrix in Power BI emerges as a valuable tool for this purpose. The tool excels at identifying hazards and simplifying data presentation for quick recognition. This capability allows for immediate action, enhancing safety in operations. Navigating Aviation Hazards In aviation, common &hellip; <\/p>","protected":false},"author":55,"featured_media":12962,"parent":0,"menu_order":0,"comment_status":"closed","ping_status":"closed","template":"","meta":{"footnotes":""},"class_list":["post-12961","page","type-page","status-publish","has-post-thumbnail","hentry","latest_post"],"_links":{"self":[{"href":"https:\/\/www.leaplytics.de\/lv\/wp-json\/wp\/v2\/pages\/12961","targetHints":{"allow":["GET"]}}],"collection":[{"href":"https:\/\/www.leaplytics.de\/lv\/wp-json\/wp\/v2\/pages"}],"about":[{"href":"https:\/\/www.leaplytics.de\/lv\/wp-json\/wp\/v2\/types\/page"}],"author":[{"embeddable":true,"href":"https:\/\/www.leaplytics.de\/lv\/wp-json\/wp\/v2\/users\/55"}],"replies":[{"embeddable":true,"href":"https:\/\/www.leaplytics.de\/lv\/wp-json\/wp\/v2\/comments?post=12961"}],"version-history":[{"count":0,"href":"https:\/\/www.leaplytics.de\/lv\/wp-json\/wp\/v2\/pages\/12961\/revisions"}],"wp:featuredmedia":[{"embeddable":true,"href":"https:\/\/www.leaplytics.de\/lv\/wp-json\/wp\/v2\/media\/12962"}],"wp:attachment":[{"href":"https:\/\/www.leaplytics.de\/lv\/wp-json\/wp\/v2\/media?parent=12961"}],"curies":[{"name":"wp","href":"https:\/\/api.w.org\/{rel}","templated":true}]}}