{"id":13004,"date":"2023-12-18T23:06:58","date_gmt":"2023-12-18T22:06:58","guid":{"rendered":"https:\/\/www.leaplytics.de\/?page_id=13004"},"modified":"2024-04-09T20:48:32","modified_gmt":"2024-04-09T18:48:32","slug":"jaudas-bi-temas","status":"publish","type":"page","link":"https:\/\/www.leaplytics.de\/lv\/jaudas-bi-temas\/","title":{"rendered":"Power BI t\u0113mas"},"content":{"rendered":"<p><a href=\"https:\/\/www.leaplytics.de\/lv\/ehs-riska-parvaldibas-jauda-bi-kalnrupniecibas-un-naftas-rupniecibas-nozarem\/\">EHS risku p\u0101rvald\u012bba Power BI<\/a><\/p>\n\n\n\n<p><a href=\"https:\/\/www.leaplytics.de\/lv\/jauda-bi-apdraudejumu-identificesana-aviacijas-kruiza-transporta-nozare\/\">Avi\u0101cijas, kru\u012bzu un transporta nozaru apdraud\u0113jumu identific\u0113\u0161ana Power BI lietojumprogramm\u0101<\/a><\/p>\n\n\n\n<p><a href=\"https:\/\/www.leaplytics.de\/lv\/osha-riska-matrica-elektroenergijas-razosana\/\">OSHA riska matrica Power BI<\/a><\/p>\n\n\n\n<p><a href=\"https:\/\/www.leaplytics.de\/lv\/esg-riska-matrica-ar-microsoft-power-bi\/\">ESG risku matrica Power BI<\/a><\/p>\n\n\n\n<p><a href=\"https:\/\/www.leaplytics.de\/lv\/piegadataju-kvalitates-nodrosinasanas-vadiba-ar-power-bi\/\">Pieg\u0101d\u0101t\u0101ju kvalit\u0101tes nodro\u0161in\u0101\u0161ana \/ p\u0101rvald\u012bba ar Power BI<\/a><\/p>\n\n\n\n<p><a href=\"https:\/\/www.leaplytics.de\/lv\/power-bi-kiberdrosibas-riska-parvaldiba\/\">Power BI: Kiberdro\u0161\u012bbas risku p\u0101rvald\u012bba<\/a><\/p>\n\n\n\n<p><a href=\"https:\/\/www.leaplytics.de\/lv\/power-bi-finansu-risku-parvaldiba\/\">Power BI: Finan\u0161u risku p\u0101rvald\u012bba finan\u0161u pakalpojumu nozar\u0113<\/a><\/p>\n\n\n\n<p><a href=\"https:\/\/www.leaplytics.de\/lv\/laujiet-power-bi-uzlabot-jusu-projektu-vadibu\/\">\u013baujiet Power BI uzlabot savu projektu p\u0101rvald\u012bbu<\/a><\/p>\n\n\n\n<p><a href=\"https:\/\/www.leaplytics.de\/lv\/teksta-skatitaja-vizualizacija-power-bi\/\">Teksta p\u0101rl\u016bka vizualiz\u0101cija Power BI<\/a><\/p>\n\n\n\n<p><a href=\"https:\/\/www.leaplytics.de\/lv\/power-bi-iespeju-matrica\/\">Power BI iesp\u0113ju matrica<\/a><\/p>","protected":false},"excerpt":{"rendered":"<p>EHS risku p\u0101rvald\u012bba Power BI B\u012bstam\u012bbas identific\u0113\u0161ana avi\u0101cijas, kru\u012bzu un transporta nozar\u0113s Power BI OSHA risku matrica Power BI ESG risku matrica Power BI Pieg\u0101d\u0101t\u0101ju kvalit\u0101tes nodro\u0161in\u0101\u0161ana \/ p\u0101rvald\u012bba ar Power BI Power BI Power BI: Kiberdro\u0161\u012bbas risku p\u0101rvald\u012bba Power BI: Finan\u0161u risku p\u0101rvald\u012bba finan\u0161u pakalpojumu nozar\u0113 \u013baujiet Power BI ... <\/p>","protected":false},"author":2,"featured_media":0,"parent":0,"menu_order":0,"comment_status":"closed","ping_status":"closed","template":"","meta":{"footnotes":""},"class_list":["post-13004","page","type-page","status-publish","hentry","latest_post"],"_links":{"self":[{"href":"https:\/\/www.leaplytics.de\/lv\/wp-json\/wp\/v2\/pages\/13004","targetHints":{"allow":["GET"]}}],"collection":[{"href":"https:\/\/www.leaplytics.de\/lv\/wp-json\/wp\/v2\/pages"}],"about":[{"href":"https:\/\/www.leaplytics.de\/lv\/wp-json\/wp\/v2\/types\/page"}],"author":[{"embeddable":true,"href":"https:\/\/www.leaplytics.de\/lv\/wp-json\/wp\/v2\/users\/2"}],"replies":[{"embeddable":true,"href":"https:\/\/www.leaplytics.de\/lv\/wp-json\/wp\/v2\/comments?post=13004"}],"version-history":[{"count":4,"href":"https:\/\/www.leaplytics.de\/lv\/wp-json\/wp\/v2\/pages\/13004\/revisions"}],"predecessor-version":[{"id":13338,"href":"https:\/\/www.leaplytics.de\/lv\/wp-json\/wp\/v2\/pages\/13004\/revisions\/13338"}],"wp:attachment":[{"href":"https:\/\/www.leaplytics.de\/lv\/wp-json\/wp\/v2\/media?parent=13004"}],"curies":[{"name":"wp","href":"https:\/\/api.w.org\/{rel}","templated":true}]}}