{"id":13065,"date":"2024-01-02T13:16:49","date_gmt":"2024-01-02T12:16:49","guid":{"rendered":"https:\/\/www.leaplytics.de\/?page_id=13065"},"modified":"2024-01-02T13:16:50","modified_gmt":"2024-01-02T12:16:50","slug":"power-bi-kiberdrosibas-riska-parvaldiba","status":"publish","type":"page","link":"https:\/\/www.leaplytics.de\/lv\/power-bi-kiberdrosibas-riska-parvaldiba\/","title":{"rendered":"Power BI: Kiberdro\u0161\u012bbas risku p\u0101rvald\u012bba"},"content":{"rendered":"<h3 class=\"wp-block-heading has-medium-font-size\">Ievads<\/h3>\n\n\n\n<p>M\u016bsdienu straujaj\u0101 digit\u0101laj\u0101 pasaul\u0113 kiberdro\u0161\u012bbas risku p\u0101rvald\u012bba ir \u013coti svar\u012bga. \u0160aj\u0101 rakst\u0101 apl\u016bkotas galven\u0101s atzi\u0146as par kiberdro\u0161\u012bbas risku p\u0101rvald\u012bbu. M\u0113s uzsveram, ka organiz\u0101cij\u0101m ir nepiecie\u0161ams pie\u0146emt riska p\u0101rvald\u012bbas strat\u0113\u0123ijas Power BI.<\/p>\n\n\n\n<h3 class=\"wp-block-heading has-medium-font-size\">Kiberdro\u0161\u012bbas strat\u0113\u0123iju izpratne un optimiz\u0101cija<\/h3>\n\n\n\n<p>Organiz\u0101cijas vis\u0101 pasaul\u0113 iegulda l\u012bdzek\u013cus kiberdro\u0161\u012bbas iniciat\u012bv\u0101s, lai mazin\u0101tu riskus un samazin\u0101tu izmaksas, nov\u0113r\u0161ot datu aizsardz\u012bbas p\u0101rk\u0101pumus un nepl\u0101notas d\u012bkst\u0101ves.. B\u016btisks aspekts ir izpratne par risku veidiem. Tas \u013cauj uz\u0146\u0113mumiem piel\u0101got efekt\u012bvas riska p\u0101rvald\u012bbas strat\u0113\u0123ijas.<\/p>\n\n\n\n<p><strong>1. solis - granul\u0101r\u0101 riska klasifik\u0101cija: <\/strong><br>Efekt\u012bva riska p\u0101rvald\u012bba ietver prec\u012bzu risku klasifik\u0101ciju. \u0160\u012b granul\u0101r\u0101 pieeja \u013cauj organiz\u0101cij\u0101m identific\u0113t un klasific\u0113t potenci\u0101los draudus.<\/p>\n\n\n\n<p><strong>2. posms - proakt\u012bva risku noteik\u0161ana: <\/strong><br>\u013boti svar\u012bga ir proakt\u012bva pieeja riska noteik\u0161anai. Organiz\u0101cij\u0101m ir j\u0101identific\u0113 potenci\u0101lie draudi, pirms tie ir saasin\u0101ju\u0161ies, t\u0101d\u0113j\u0101di uzlabojot dro\u0161\u012bbas gatav\u012bbu.<\/p>\n\n\n\n<p><strong>3. solis - efekt\u012bva riska mazin\u0101\u0161ana: <\/strong><br>Efekt\u012bva risku mazin\u0101\u0161ana nov\u0113rt\u0113 riskus, pamatojoties uz varb\u016bt\u012bbu un ietekmi. Atbilsto\u0161i sadalot resursus, tiek samazin\u0101ta iesp\u0113jam\u012bba un optimiz\u0113ta riska p\u0101rvald\u012bba.<\/p>\n\n\n\n<h3 class=\"wp-block-heading has-medium-font-size\">Kiberdro\u0161\u012bbas galvenie darb\u012bbas r\u0101d\u012bt\u0101ji (KPI)<\/h3>\n\n\n\n<p>KPI integr\u0113\u0161ana kiberdro\u0161\u012bbas riska p\u0101rvald\u012bb\u0101 sniedz noder\u012bgu ieskatu:<\/p>\n\n\n\n<ul class=\"wp-block-list\">\n<li> \u0100tra rea\u0123\u0113\u0161ana uz incidentiem: Lai saglab\u0101tu kontroli p\u0101r situ\u0101ciju, ir svar\u012bgi nekav\u0113joties r\u012bkoties, kad rodas probl\u0113ma. (KPI: <strong>Reakcijas laiks<\/strong>)<\/li>\n<\/ul>\n\n\n\n<ul class=\"wp-block-list\">\n<li> Ievainojam\u012bbu paman\u012b\u0161ana: V\u0101j\u0101s vietas: \u0101tra identific\u0113\u0161ana un nov\u0113r\u0161ana nodro\u0161ina uzlabotu digit\u0101lo dro\u0161\u012bbu. (KPI: <strong>Apzin\u0101tie riski<\/strong>\/mitig\u0113ts)<\/li>\n<\/ul>\n\n\n\n<ul class=\"wp-block-list\">\n<li>Riska risin\u0101jumu p\u0101rbaude: Riska mazin\u0101\u0161anas pl\u0101nu efektivit\u0101tes uzraudz\u012bba nodro\u0161ina nep\u0101rtrauktu uzlabo\u0161anos. (KPI: <strong>Notiku\u0161i riski<\/strong>, [Finan\u0161u] riska ietekme)<\/li>\n<\/ul>\n\n\n\n<h3 class=\"wp-block-heading has-medium-font-size\">Risku matrica Power BI<\/h3>\n\n\n\n<figure class=\"wp-block-image size-full\"><img loading=\"lazy\" decoding=\"async\" width=\"1024\" height=\"576\" src=\"https:\/\/www.leaplytics.de\/wp-content\/uploads\/2024\/01\/Risk-Matrix.jpg\" alt=\"\" class=\"wp-image-13066\" srcset=\"https:\/\/www.leaplytics.de\/wp-content\/uploads\/2024\/01\/Risk-Matrix.jpg 1024w, https:\/\/www.leaplytics.de\/wp-content\/uploads\/2024\/01\/Risk-Matrix-300x169.jpg 300w, https:\/\/www.leaplytics.de\/wp-content\/uploads\/2024\/01\/Risk-Matrix-768x432.jpg 768w, https:\/\/www.leaplytics.de\/wp-content\/uploads\/2024\/01\/Risk-Matrix-107x60.jpg 107w\" sizes=\"auto, (max-width: 1024px) 100vw, 1024px\" \/><\/figure>\n\n\n\n<p>K\u0101 Power BI r\u012bk\u0101 Risku matrica nov\u0113rt\u0113 riskus:<\/p>\n\n\n\n<p>Izpratne par riska iesp\u0113jam\u012bbu un iesp\u0113jamo ietekmi pal\u012bdz izveidot riska nov\u0113rt\u0113juma karti.  Apvienojot \u0161\u012bs dimensijas, organiz\u0101cijas var noteikt nopietnu risku priorit\u0101tes.<\/p>\n\n\n\n<p>Izmantojot m\u016bsu riska matricu Power BI, m\u0113s pied\u0101v\u0101jam \u0161\u0101dus risin\u0101jumus:<\/p>\n\n\n\n<ul class=\"wp-block-list\">\n<li> Re\u0101llaika pane\u013ci: M\u0113s varam izveidot pane\u013cus, kas re\u0101llaik\u0101 par\u0101da dro\u0161\u012bbas inform\u0101ciju. Tas pal\u012bdz mums uzzin\u0101t, cik dro\u0161s ir st\u0101voklis jebkur\u0101 laik\u0101.<\/li>\n<\/ul>\n\n\n\n<ul class=\"wp-block-list\">\n<li>Riska datu vizualiz\u0113\u0161ana: Matrica un integr\u0113tie grafiki par\u0101da riska m\u0113r\u012bjumus. T\u0101d\u0113j\u0101di ikvienam ir viegli saprast, cik nopietni ir riski.<\/li>\n<\/ul>\n\n\n\n<ul class=\"wp-block-list\">\n<li> Tenden\u010du uzraudz\u012bba un identific\u0113\u0161ana: M\u0113s varam izmantot riska matricu, lai p\u0101rbaud\u012btu, vai m\u0113s iev\u0113rojam dro\u0161\u012bbas noteikumus. T\u0101 pal\u012bdz mums atrast jomas, kur\u0101s nepiecie\u0161ami papildu dro\u0161\u012bbas pas\u0101kumi, un izprast tendences, lai uzlabotu dro\u0161\u012bbu.<\/li>\n<\/ul>\n\n\n\n<div class=\"wp-block-buttons is-layout-flex wp-block-buttons-is-layout-flex\">\n<div class=\"wp-block-button has-custom-font-size\" style=\"font-size:18px\"><a class=\"wp-block-button__link has-background wp-element-button\" href=\"https:\/\/www.leaplytics.de\/lv\/priekseja-lapa\/projektu-vadiba-pielagotas-vizualizacijas-microsoft-powerbi\/riska-karstumkarte-pielagota-vizuala-karte-jaudas-bi\/\" style=\"background-color:#22316d\" rel=\"https:\/\/www.leaplytics.de\/frontpage\/project-management-custom-visuals-microsoft-powerbi\/risk-heatmap-custom-visual-for-power-bi\/\">Apl\u016bkojiet m\u016bsu piel\u0101goto vizu\u0101lo \"risku matricu\" Power BI \u0161eit!<\/a><\/div>\n<\/div>\n\n\n\n<p><\/p>\n\n\n\n<h3 class=\"wp-block-heading has-medium-font-size\">Secin\u0101jums<\/h3>\n\n\n\n<p>Saskaroties ar main\u012bgajiem digit\u0101lajiem draudiem, organiz\u0101cij\u0101m ir nepiecie\u0161amas optim\u0101las riska p\u0101rvald\u012bbas strat\u0113\u0123ijas. Risku dimensiju izpratne ir nenov\u0113r\u0161ama. Proakt\u012bvas pieejas pie\u0146em\u0161ana, lai mazin\u0101tu draudus, stiprina uz\u0146\u0113mumu kiberdro\u0161\u012bbu. Galven\u0101 uzman\u012bba tiek piev\u0113rsta procesu vienk\u0101r\u0161o\u0161anai, lai kiberdro\u0161\u012bbai piem\u0113rotu gudru un efekt\u012bvu pieeju.<\/p>","protected":false},"excerpt":{"rendered":"<p>Ievads M\u016bsdienu straujaj\u0101 digit\u0101laj\u0101 pasaul\u0113 kiberdro\u0161\u012bbas risku p\u0101rvald\u012bba ir \u013coti svar\u012bga. \u0160aj\u0101 rakst\u0101 apl\u016bkotas galven\u0101s atzi\u0146as par kiberdro\u0161\u012bbas risku p\u0101rvald\u012bbu. M\u0113s uzsveram, ka organiz\u0101cij\u0101m ir nepiecie\u0161ams pie\u0146emt riska p\u0101rvald\u012bbas strat\u0113\u0123ijas Power BI. Kiberdro\u0161\u012bbas strat\u0113\u0123iju izpratne un optimiz\u0113\u0161ana Organiz\u0101cijas vis\u0101 pasaul\u0113 iegulda l\u012bdzek\u013cus kiberdro\u0161\u012bbas iniciat\u012bv\u0101s, lai mazin\u0101tu riskus un samazin\u0101tu izmaksas, nov\u0113r\u0161ot datu ... <\/p>","protected":false},"author":55,"featured_media":13070,"parent":0,"menu_order":0,"comment_status":"closed","ping_status":"closed","template":"","meta":{"footnotes":""},"class_list":["post-13065","page","type-page","status-publish","has-post-thumbnail","hentry","latest_post"],"_links":{"self":[{"href":"https:\/\/www.leaplytics.de\/lv\/wp-json\/wp\/v2\/pages\/13065","targetHints":{"allow":["GET"]}}],"collection":[{"href":"https:\/\/www.leaplytics.de\/lv\/wp-json\/wp\/v2\/pages"}],"about":[{"href":"https:\/\/www.leaplytics.de\/lv\/wp-json\/wp\/v2\/types\/page"}],"author":[{"embeddable":true,"href":"https:\/\/www.leaplytics.de\/lv\/wp-json\/wp\/v2\/users\/55"}],"replies":[{"embeddable":true,"href":"https:\/\/www.leaplytics.de\/lv\/wp-json\/wp\/v2\/comments?post=13065"}],"version-history":[{"count":0,"href":"https:\/\/www.leaplytics.de\/lv\/wp-json\/wp\/v2\/pages\/13065\/revisions"}],"wp:featuredmedia":[{"embeddable":true,"href":"https:\/\/www.leaplytics.de\/lv\/wp-json\/wp\/v2\/media\/13070"}],"wp:attachment":[{"href":"https:\/\/www.leaplytics.de\/lv\/wp-json\/wp\/v2\/media?parent=13065"}],"curies":[{"name":"wp","href":"https:\/\/api.w.org\/{rel}","templated":true}]}}