{"id":13092,"date":"2024-01-22T11:56:36","date_gmt":"2024-01-22T10:56:36","guid":{"rendered":"https:\/\/www.leaplytics.de\/?page_id=13092"},"modified":"2024-01-22T11:59:33","modified_gmt":"2024-01-22T10:59:33","slug":"power-bi-finansu-risku-parvaldiba","status":"publish","type":"page","link":"https:\/\/www.leaplytics.de\/lv\/power-bi-finansu-risku-parvaldiba\/","title":{"rendered":"Power BI: Finan\u0161u risku p\u0101rvald\u012bba finan\u0161u pakalpojumu nozar\u0113"},"content":{"rendered":"<h2 class=\"wp-block-heading has-medium-font-size\">Ievads<\/h2>\n\n\n\n<p>Past\u0101v\u012bg\u0101s nenoteikt\u012bbas d\u0113\u013c finan\u0161u jom\u0101 riska p\u0101rvald\u012bbai ir iz\u0161\u0137iro\u0161a noz\u012bme. Ekspertiem ir j\u0101identific\u0113 un j\u0101risina kritiskie faktori stabilit\u0101tes, atbilst\u012bbas un izaugsmes nodro\u0161in\u0101\u0161anai. \u0160aj\u0101 rakst\u0101 apl\u016bkota riska p\u0101rvald\u012bba finans\u0113s, uzsverot datu vizualiz\u0101ciju, izmantojot Power BI riska matricu, lai uzlabotu l\u0113mumu pie\u0146em\u0161anu.<\/p>\n\n\n\n<h2 class=\"wp-block-heading has-medium-font-size\">Finan\u0161u pakalpojumu riska p\u0101rvald\u012bbas b\u016btisk\u0101kie faktori<\/h2>\n\n\n\n<p style=\"font-size:18px\">1.&nbsp;&nbsp;&nbsp;&nbsp;&nbsp; <strong>Ties\u012bbu aktu atbilst\u012bba<\/strong>:<\/p>\n\n\n\n<p>Normat\u012bvo pras\u012bbu iev\u0113ro\u0161ana ir finan\u0161u pakalpojumu riska p\u0101rvald\u012bbas st\u016brakmens. T\u0101di noteikumi k\u0101 B\u0101zele III, Dodd-Frank un MiFID II nosaka stingras vadl\u012bnijas, lai nodro\u0161in\u0101tu stabilit\u0101ti un aizsarg\u0101tu ieinteres\u0113t\u0101s puses. Finan\u0161u iest\u0101d\u0113m ir j\u0101seko l\u012bdzi main\u012bgajiem noteikumiem un j\u0101\u012bsteno stingri atbilst\u012bbas pas\u0101kumi.<\/p>\n\n\n\n<ul class=\"wp-block-list\">\n<li><strong>KPI:<\/strong> Atbilst\u012bbas r\u0101d\u012bt\u0101js<\/li>\n<\/ul>\n\n\n\n<ul class=\"wp-block-list\">\n<li><strong>Paskaidrojums:<\/strong> \u0160is KPI m\u0113ra iest\u0101des atbilst\u012bbu regulat\u012bvaj\u0101m pras\u012bb\u0101m. Augst\u0101ks r\u0101d\u012bt\u0101js nor\u0101da uz lab\u0101ku atbilst\u012bbu.<\/li>\n<\/ul>\n\n\n\n<p style=\"font-size:18px\">2.&nbsp;&nbsp;&nbsp;&nbsp;&nbsp; <strong>Kred\u012btrisks<\/strong>:<\/p>\n\n\n\n<p>Kred\u012btrisks ir neat\u0146emama finan\u0161u nozares sast\u0101vda\u013ca, un t\u0101 p\u0101rvald\u012bba ir b\u016btiska. Aiz\u0146\u0113m\u0113ju kred\u012btsp\u0113jas anal\u012bze, kred\u012btriska uzraudz\u012bba un r\u016bp\u012bgas kredit\u0113\u0161anas prakses \u012bsteno\u0161ana ir b\u016btiski svar\u012bgi kred\u012btriska mazin\u0101\u0161anai.<\/p>\n\n\n\n<ul class=\"wp-block-list\">\n<li><strong>KPI:<\/strong> Defekta varb\u016bt\u012bbas reitings\/indekss<\/li>\n<\/ul>\n\n\n\n<ul class=\"wp-block-list\">\n<li><strong>Paskaidrojums:<\/strong> Kred\u012btu saist\u012bbu neizpildes varb\u016bt\u012bbas reitings\/indekss atspogu\u013co aiz\u0146\u0113m\u0113ju saist\u012bbu neizpildes iesp\u0113jam\u012bbu. V\u0113lams zem\u0101ks reitings\/indekss, kas nor\u0101da uz zem\u0101ku kred\u012btrisku.<\/li>\n<\/ul>\n\n\n\n<p style=\"font-size:18px\">3.&nbsp;&nbsp;&nbsp;&nbsp;&nbsp; <strong>Tirgus risks<\/strong>:<\/p>\n\n\n\n<p>Procentu likmju, val\u016btas kursu un izejvielu cenu sv\u0101rst\u012bbas rada probl\u0113mas finan\u0161u iest\u0101d\u0113m. Ir svar\u012bgi ieviest riska mode\u013cus, kas nov\u0113rt\u0113 tirgus risku. Stresa test\u0113\u0161anas scen\u0101riji var pal\u012bdz\u0113t identific\u0113t iesp\u0113jam\u0101s ievainojam\u012bbas.<\/p>\n\n\n\n<ul class=\"wp-block-list\">\n<li><strong>KPI:<\/strong> Tirgus sv\u0101rst\u012bguma indekss<\/li>\n<\/ul>\n\n\n\n<ul class=\"wp-block-list\">\n<li><strong>Paskaidrojums:<\/strong> Tirgus sv\u0101rst\u012bguma indekss nosaka finan\u0161u tirgu neparedzam\u012bbas l\u012bmeni. Augst\u0101ks indekss liecina par augst\u0101ku tirgus risku.<\/li>\n<\/ul>\n\n\n\n<p style=\"font-size:18px\">4.&nbsp;&nbsp;&nbsp;&nbsp;&nbsp; <strong>Operacion\u0101lais risks<\/strong>:<\/p>\n\n\n\n<p>Darb\u012bbas trauc\u0113jumi, kiberdro\u0161\u012bbas draudi <a href=\"https:\/\/www.leaplytics.de\/lv\/power-bi-kiberdrosibas-riska-parvaldiba\/\"><mark style=\"background-color:rgba(0, 0, 0, 0)\" class=\"has-inline-color has-vivid-cyan-blue-color\">(klik\u0161\u0137iniet \u0161eit, lai apskat\u012btu m\u016bsu rakstu par kiberdro\u0161\u012bbas risku p\u0101rvald\u012bbu)<\/mark><\/a>, un iek\u0161\u0113jo procesu k\u013c\u016bmes var ietekm\u0113t finan\u0161u pakalpojumus. \u013boti svar\u012bgi ir izstr\u0101d\u0101t visaptvero\u0161as riska sist\u0113mas, veikt regul\u0101rus auditus un sekot l\u012bdzi kiberdro\u0161\u012bbas pas\u0101kumiem. \u0160\u012bs darb\u012bbas pal\u012bdz p\u0101rvald\u012bt operacion\u0101lo risku.<\/p>\n\n\n\n<ul class=\"wp-block-list\">\n<li><strong>KPI:<\/strong> Darb\u012bbas notur\u012bbas r\u0101d\u012bt\u0101js<\/li>\n<\/ul>\n\n\n\n<ul class=\"wp-block-list\">\n<li><strong>Paskaidrojums:<\/strong> Darb\u012bbas notur\u012bbas r\u0101d\u012bt\u0101js nov\u0113rt\u0113 iest\u0101des sp\u0113ju iztur\u0113t un atg\u016bties no darb\u012bbas trauc\u0113jumiem. Augst\u0101ks r\u0101d\u012bt\u0101js nor\u0101da uz liel\u0101ku darb\u012bbas notur\u012bbu.<\/li>\n<\/ul>\n\n\n\n<p style=\"font-size:18px\">5.&nbsp;&nbsp;&nbsp;&nbsp;&nbsp; <strong>Likvidit\u0101tes risks<\/strong>:<\/p>\n\n\n\n<p>B\u016btiski ir nodro\u0161in\u0101t pietiekamu likvidit\u0101ti, lai izpild\u012btu \u012bstermi\u0146a saist\u012bbas. Iest\u0101d\u0113m ir j\u0101b\u016bt \u0101rk\u0101rtas r\u012bc\u012bbas pl\u0101niem, j\u0101veic likvidit\u0101tes poz\u012bciju stresa testi un j\u0101uztur l\u012bdzsvars starp \u012bstermi\u0146a un ilgtermi\u0146a akt\u012bviem.<\/p>\n\n\n\n<ul class=\"wp-block-list\">\n<li><strong>KPI:<\/strong> Likvidit\u0101tes seguma r\u0101d\u012bt\u0101js<\/li>\n<\/ul>\n\n\n\n<ul class=\"wp-block-list\">\n<li><strong>Paskaidrojums:<\/strong> Likvidit\u0101tes seguma r\u0101d\u012bt\u0101js m\u0113ra iest\u0101des sp\u0113ju segt \u012bstermi\u0146a saist\u012bbas ar likv\u012bdiem akt\u012bviem. Augst\u0101ks r\u0101d\u012bt\u0101js nor\u0101da uz stabil\u0101ku likvidit\u0101tes st\u0101vokli.<\/li>\n<\/ul>\n\n\n\n<h2 class=\"wp-block-heading has-medium-font-size\">Datu vizualiz\u0101cija ar Power BI r\u012bka Riska matrica<\/h2>\n\n\n\n<p>Risku matrica Power BI ir sp\u0113c\u012bgs vizu\u0101ls r\u012bks, ar kura pal\u012bdz\u012bbu risku vad\u012bt\u0101ji var nov\u0113rt\u0113t, noteikt priorit\u0101tes un pazi\u0146ot par riskiem. Matrica \u013cauj kategoriz\u0113t riskus, pamatojoties uz to iesp\u0113jam\u012bbu un ietekmi. Pateicoties pla\u0161aj\u0101m funkcij\u0101m, riska matrica \u013cauj ieg\u016bt visaptvero\u0161u un daudzdimension\u0101lu riska ainavas p\u0101rskatu.<\/p>\n\n\n\n<figure class=\"wp-block-image size-full\"><img loading=\"lazy\" decoding=\"async\" width=\"1024\" height=\"576\" src=\"https:\/\/www.leaplytics.de\/wp-content\/uploads\/2024\/01\/Risk-Matrix.jpg\" alt=\"\" class=\"wp-image-13066\" srcset=\"https:\/\/www.leaplytics.de\/wp-content\/uploads\/2024\/01\/Risk-Matrix.jpg 1024w, https:\/\/www.leaplytics.de\/wp-content\/uploads\/2024\/01\/Risk-Matrix-300x169.jpg 300w, https:\/\/www.leaplytics.de\/wp-content\/uploads\/2024\/01\/Risk-Matrix-768x432.jpg 768w, https:\/\/www.leaplytics.de\/wp-content\/uploads\/2024\/01\/Risk-Matrix-107x60.jpg 107w\" sizes=\"auto, (max-width: 1024px) 100vw, 1024px\" \/><\/figure>\n\n\n\n<div class=\"wp-block-buttons is-content-justification-center is-layout-flex wp-container-core-buttons-is-layout-1 wp-block-buttons-is-layout-flex\">\n<div class=\"wp-block-button has-custom-font-size\" style=\"font-size:18px\"><a class=\"wp-block-button__link has-background wp-element-button\" href=\"https:\/\/www.leaplytics.de\/lv\/priekseja-lapa\/projektu-vadiba-pielagotas-vizualizacijas-microsoft-powerbi\/riska-karstumkarte-pielagota-vizuala-karte-jaudas-bi\/\" style=\"background-color:#22316d\">Apl\u016bkojiet m\u016bsu piel\u0101goto vizu\u0101lo \"risku matricu\" Power BI \u0161eit!<\/a><\/div>\n<\/div>\n\n\n\n<p><\/p>\n\n\n\n<h2 class=\"wp-block-heading has-medium-font-size\">Izaicin\u0101jumi un iesp\u0113jas<\/h2>\n\n\n\n<p><strong>Izaicin\u0101jumi<\/strong>:<\/p>\n\n\n\n<ul class=\"wp-block-list\">\n<li><strong>Datu kvalit\u0101te un integr\u0101cija<\/strong>: Da\u017e\u0101du avotu datu precizit\u0101tes un uzticam\u012bbas nodro\u0161in\u0101\u0161ana var b\u016bt sare\u017e\u0123\u012bts uzdevums. Integr\u0113jot datus Power BI, ir j\u0101piev\u0113r\u0161 liela uzman\u012bba datu integrit\u0101tes saglab\u0101\u0161anai.<\/li>\n\n\n\n<li><strong>Sazi\u0146a ar ieinteres\u0113taj\u0101m person\u0101m<\/strong>: Inform\u0101cijas par risku pazi\u0146o\u0161ana ieinteres\u0113taj\u0101m person\u0101m ir \u013coti svar\u012bga. Gr\u016bt\u012bbas sag\u0101d\u0101 sare\u017e\u0123\u012btu datu pasnieg\u0161ana saprotam\u0101 form\u0101t\u0101.<\/li>\n<\/ul>\n\n\n\n<p><strong>Iesp\u0113jas<\/strong>:<\/p>\n\n\n\n<ul class=\"wp-block-list\">\n<li><strong>Paredzam\u0101 anal\u012btika<\/strong>: Izmantojot prognoz\u0113\u0161anas anal\u012btiku Power BI, identific\u0113jiet iesp\u0113jamos riskus, pirms tie ir radu\u0161ies. Tas pal\u012bdz savlaic\u012bgi p\u0101rvald\u012bt riskus.<\/li>\n\n\n\n<li><strong>Re\u0101llaika uzraudz\u012bba<\/strong>: Power BI \u013cauj re\u0101llaik\u0101 uzraudz\u012bt galvenos riska r\u0101d\u012bt\u0101jus. Tas \u013cauj elast\u012bgi rea\u0123\u0113t uz jauniem riskiem.<\/li>\n<\/ul>\n\n\n\n<p><strong>Izaicin\u0101jumu risin\u0101\u0161ana, izmantojot riska p\u0101rvald\u012bbu<\/strong><\/p>\n\n\n\n<ul class=\"wp-block-list\">\n<li><strong>Datu p\u0101rvald\u012bbas izveide<\/strong>: Stingras datu p\u0101rvald\u012bbas prakses \u012bsteno\u0161ana nodro\u0161ina datu kvalit\u0101ti un integrit\u0101ti. Tas uzlabo riska nov\u0113rt\u0113jumu ticam\u012bbu.<\/li>\n\n\n\n<li><strong>Ieinteres\u0113to personu apm\u0101c\u012bba<\/strong>: Nodro\u0161in\u0101t apm\u0101c\u012bbu par riska datu interpret\u0101ciju un Power BI r\u012bku izmanto\u0161anu, lai pie\u0146emtu pamatotus l\u0113mumus.<\/li>\n<\/ul>\n\n\n\n<h2 class=\"wp-block-heading has-medium-font-size\">Secin\u0101jums<\/h2>\n\n\n\n<p>Dinamiskaj\u0101 finan\u0161u pakalpojumu nozar\u0113 efekt\u012bva riska p\u0101rvald\u012bba ir \u013coti svar\u012bga. Izmantojot t\u0101dus r\u012bkus k\u0101 Power BI riska matrica, tiek uzlabota l\u0113mumu pie\u0146em\u0161ana. Tas pal\u012bdz p\u0101rvar\u0113t probl\u0113mas un izmantot iesp\u0113jas. B\u016btiski so\u013ci ir piev\u0113rsties datu kvalit\u0101tei, uzlabot sazi\u0146u ar ieinteres\u0113taj\u0101m person\u0101m un izmantot progres\u012bvu anal\u012btiku. Pie\u0146emot \u0161\u012bs strat\u0113\u0123ijas, finan\u0161u iest\u0101des var palielin\u0101t notur\u012bbu un nodro\u0161in\u0101t ilgtsp\u0113j\u012bgu izaugsmi.<\/p>","protected":false},"excerpt":{"rendered":"<p>Introduction Risk management is crucial in finance due to constant uncertainty. Experts need to identify and address critical factors for stability, compliance, and growth. This article explores risk management in finance, emphasizing data visualization using Power BI&#8217;s risk matrix for better decision-making. Crucial Factors in Financial Services Risk Management 1.&nbsp;&nbsp;&nbsp;&nbsp;&nbsp; Regulatory Compliance: Adherence to regulatory &hellip; <\/p>","protected":false},"author":55,"featured_media":13094,"parent":0,"menu_order":0,"comment_status":"closed","ping_status":"closed","template":"","meta":{"footnotes":""},"class_list":["post-13092","page","type-page","status-publish","has-post-thumbnail","hentry","latest_post"],"_links":{"self":[{"href":"https:\/\/www.leaplytics.de\/lv\/wp-json\/wp\/v2\/pages\/13092","targetHints":{"allow":["GET"]}}],"collection":[{"href":"https:\/\/www.leaplytics.de\/lv\/wp-json\/wp\/v2\/pages"}],"about":[{"href":"https:\/\/www.leaplytics.de\/lv\/wp-json\/wp\/v2\/types\/page"}],"author":[{"embeddable":true,"href":"https:\/\/www.leaplytics.de\/lv\/wp-json\/wp\/v2\/users\/55"}],"replies":[{"embeddable":true,"href":"https:\/\/www.leaplytics.de\/lv\/wp-json\/wp\/v2\/comments?post=13092"}],"version-history":[{"count":6,"href":"https:\/\/www.leaplytics.de\/lv\/wp-json\/wp\/v2\/pages\/13092\/revisions"}],"predecessor-version":[{"id":13102,"href":"https:\/\/www.leaplytics.de\/lv\/wp-json\/wp\/v2\/pages\/13092\/revisions\/13102"}],"wp:featuredmedia":[{"embeddable":true,"href":"https:\/\/www.leaplytics.de\/lv\/wp-json\/wp\/v2\/media\/13094"}],"wp:attachment":[{"href":"https:\/\/www.leaplytics.de\/lv\/wp-json\/wp\/v2\/media?parent=13092"}],"curies":[{"name":"wp","href":"https:\/\/api.w.org\/{rel}","templated":true}]}}