{"id":13103,"date":"2024-01-22T16:06:43","date_gmt":"2024-01-22T15:06:43","guid":{"rendered":"https:\/\/www.leaplytics.de\/?page_id=13103"},"modified":"2024-01-22T16:06:43","modified_gmt":"2024-01-22T15:06:43","slug":"izmainu-saraksts-jauda-bi-riska-matrica","status":"publish","type":"page","link":"https:\/\/www.leaplytics.de\/lv\/izmainu-saraksts-jauda-bi-riska-matrica\/","title":{"rendered":"Izmai\u0146u saraksts - Power BI riska matrica"},"content":{"rendered":"<p>09\/23 - Piel\u0101gotas fl\u012b\u017eu kr\u0101sas: T\u012bmek\u013ca interfeiss tagad ir pieejams tie\u0161saist\u0113 <a href=\"https:\/\/www.leaplytics.de\/lv\/custom-colors\/\" target=\"_blank\" rel=\"noreferrer noopener\">https:\/\/www.leaplytics.de\/custom-colors\/<\/a>.<\/p>\n\n\n\n<p>07\/23 - Nosac\u012btais format\u0113jums: Piel\u0101got risku kr\u0101su, pamatojoties uz noteiktiem nosac\u012bjumiem (piem\u0113ram, noda\u013cu, priorit\u0101ti vai statusu).<\/p>\n\n\n\n<p>06\/23 - Axis Labels: Pievienots atbalsts \u012bpa\u0161\u0101m rakstz\u012bm\u0113m.<\/p>\n\n\n\n<p>05\/23 - Maksim\u0101lais risku skaits vien\u0101 pl\u0101ksn\u0113: Palielin\u0101ts l\u012bdz 100.<\/p>\n\n\n\n<p>05\/23 - Pieejama vair\u0101ku risku izv\u0113le.<\/p>\n\n\n\n<p>03\/23 - Riska optimiz\u0101cija: Noklik\u0161\u0137iniet ar peles labo pogu uz riska, lai p\u0101rietu uz konkr\u0113tu lapu.<\/p>","protected":false},"excerpt":{"rendered":"<p>09\/23 &#8211; Custom Tile Colors: The web interface is now available online at https:\/\/www.leaplytics.de\/custom-colors\/. 07\/23 &#8211; Conditional formatting: Customize the color of risks based on certain conditions (e.g. department, priority or status) 06\/23 &#8211; Axis Labels: Support for special characters has been added. 05\/23 &#8211; Maximum Number of Risks per Tile: Increased to 100. 05\/23 &hellip; <\/p>","protected":false},"author":2,"featured_media":0,"parent":0,"menu_order":0,"comment_status":"closed","ping_status":"closed","template":"","meta":{"footnotes":""},"class_list":["post-13103","page","type-page","status-publish","hentry","latest_post"],"_links":{"self":[{"href":"https:\/\/www.leaplytics.de\/lv\/wp-json\/wp\/v2\/pages\/13103","targetHints":{"allow":["GET"]}}],"collection":[{"href":"https:\/\/www.leaplytics.de\/lv\/wp-json\/wp\/v2\/pages"}],"about":[{"href":"https:\/\/www.leaplytics.de\/lv\/wp-json\/wp\/v2\/types\/page"}],"author":[{"embeddable":true,"href":"https:\/\/www.leaplytics.de\/lv\/wp-json\/wp\/v2\/users\/2"}],"replies":[{"embeddable":true,"href":"https:\/\/www.leaplytics.de\/lv\/wp-json\/wp\/v2\/comments?post=13103"}],"version-history":[{"count":2,"href":"https:\/\/www.leaplytics.de\/lv\/wp-json\/wp\/v2\/pages\/13103\/revisions"}],"predecessor-version":[{"id":13441,"href":"https:\/\/www.leaplytics.de\/lv\/wp-json\/wp\/v2\/pages\/13103\/revisions\/13441"}],"wp:attachment":[{"href":"https:\/\/www.leaplytics.de\/lv\/wp-json\/wp\/v2\/media?parent=13103"}],"curies":[{"name":"wp","href":"https:\/\/api.w.org\/{rel}","templated":true}]}}