{"id":13130,"date":"2024-02-19T14:11:39","date_gmt":"2024-02-19T13:11:39","guid":{"rendered":"https:\/\/www.leaplytics.de\/?page_id=13130"},"modified":"2024-02-20T10:03:59","modified_gmt":"2024-02-20T09:03:59","slug":"laujiet-power-bi-uzlabot-jusu-projektu-vadibu","status":"publish","type":"page","link":"https:\/\/www.leaplytics.de\/lv\/laujiet-power-bi-uzlabot-jusu-projektu-vadibu\/","title":{"rendered":"\u013baujiet Power BI uzlabot savu projektu p\u0101rvald\u012bbu"},"content":{"rendered":"<p>Dinamiskaj\u0101 projektu vad\u012bbas vid\u0113, kur precizit\u0101te un t\u0101lredz\u012bba ir \u013coti svar\u012bgas, tehnolo\u0123iju izmanto\u0161ana ir \u013coti svar\u012bga. Microsoft Power BI ir k\u013cuvusi par sp\u0113les main\u012bt\u0101ju. Power BI pied\u0101v\u0101 projektu vad\u012bt\u0101jiem dinamisku platformu l\u0113mumu pie\u0146em\u0161anas procesu uzlabo\u0161anai.<\/p>\n\n\n\n<p>\u0160aj\u0101 visaptvero\u0161aj\u0101 rokasgr\u0101mat\u0101 m\u0113s izp\u0113t\u012bsim, k\u0101 Power BI var uzlabot katru posmu.<sup>1 <\/sup>projektu vad\u012bb\u0101. M\u0113s run\u0101jam par jaud\u012bga projektu vad\u012bbas pane\u013ca pamataspektiem.<\/p>\n\n\n\n<h3 class=\"wp-block-heading\" style=\"font-size:30px\">Projekta pl\u0101no\u0161anas posms<\/h3>\n\n\n\n<p class=\"has-medium-font-size\">1. <strong>Defin\u0113jiet re\u0101lo probl\u0113mu:<\/strong><\/p>\n\n\n\n<p>Pirms projekta uzs\u0101k\u0161anas ir \u013coti svar\u012bgi prec\u012bzi noteikt probl\u0113mu, ko m\u0113\u0123in\u0101t atrisin\u0101t. Power BI pal\u012bdz to izdar\u012bt, pal\u012bdzot analiz\u0113t v\u0113sturiskos datus, identific\u0113t likumsakar\u012bbas un atkl\u0101t pamat\u0101 eso\u0161\u0101s probl\u0113mas. Vizualiz\u0113jiet iepriek\u0161\u0113jo projektu veiksmes un neveiksmes faktorus, lai pie\u0146emtu pamatotus l\u0113mumus.<\/p>\n\n\n\n<p class=\"has-medium-font-size\">2. <strong>Ieinteres\u0113to personu identific\u0113\u0161ana:<\/strong><\/p>\n\n\n\n<p>Power BI iesp\u0113jas aptver ar\u012b ieinteres\u0113to personu p\u0101rvald\u012bbu. Izveidojiet vizu\u0101lus att\u0113lus, kas izce\u013c da\u017e\u0101das funkcijas vai personas, kuras ietekm\u0113 projekts. Izmantojiet interakt\u012bvas organiz\u0101cijas diagrammas, lai par\u0101d\u012btu vi\u0146u ieguld\u012bjumu un gaidas. T\u0101d\u0113j\u0101di m\u0113s nodro\u0161in\u0101m saska\u0146ot\u012bbu jau no pa\u0161a s\u0101kuma.<\/p>\n\n\n\n<p class=\"has-medium-font-size\">3. <strong>Defin\u0113t projekta m\u0113r\u0137us:<\/strong><\/p>\n\n\n\n<p>Izvirz\u012bt skaidrus un sasniedzamus m\u0113r\u0137us ir izaicin\u0101jums. Ieinteres\u0113to pu\u0161u gaidas un m\u0113r\u0137i var main\u012bties ar\u012b projekta gait\u0101. Power BI elast\u012bgums \u013cauj piel\u0101got m\u0113r\u0137us, kad tiek apkopota pla\u0161\u0101ka inform\u0101cija. Piem\u0113ram, izveidojiet vizualiz\u0101cijas, kas atjaunina m\u0113r\u0137us, pamatojoties uz re\u0101llaika datiem.<\/p>\n\n\n\n<p class=\"has-medium-font-size\">4. <strong>Noteikt darb\u012bbas jomu, resursus un galvenos uzdevumus:<\/strong><\/p>\n\n\n\n<p>Vizualiz\u0113t projekta apjomu un uzdevumus, apl\u0113st termi\u0146us un izmaksas. Tas pal\u012bdz nodro\u0161in\u0101t skaidru izpratni par resursu pras\u012bb\u0101m. Izmantojiet Power BI, lai sadal\u012btu sare\u017e\u0123\u012btas darb\u012bbas, izmantojot darbu sadal\u012bjuma strukt\u016bru (WBS).<\/p>\n\n\n\n<p class=\"has-medium-font-size\">5. <strong>Sagatavojieties kompromisiem:<\/strong><\/p>\n\n\n\n<p>Power BI pal\u012bdz pan\u0101kt l\u012bdzsvaru starp laiku, izmaks\u0101m un kvalit\u0101ti. Integr\u0113jiet datus, lai izveidotu vizu\u0101lus att\u0113lus, kas par\u0101da, k\u0101 \u0161o main\u012bgo lielumu izmai\u0146as ietekm\u0113 projekta rezult\u0101tus. \u0160\u012b p\u0101rredzam\u012bba atvieglo l\u0113mumu pie\u0146em\u0161anu, pamatojoties uz inform\u0101ciju, un ieinteres\u0113to pu\u0161u saska\u0146o\u0161anu.<\/p>\n\n\n\n<h3 class=\"wp-block-heading\" style=\"font-size:30px\">Projekta izveides f\u0101ze<\/h3>\n\n\n\n<p class=\"has-medium-font-size\">6. <strong>Salikt komandu:<\/strong><\/p>\n\n\n\n<p>Izmantojiet Power BI, lai nov\u0113rt\u0113tu nepiecie\u0161am\u0101s prasmes un vizualiz\u0113tu komandas sast\u0101vu. Izmantojiet vizualiz\u0101cijas, lai noteiktu prasmju tr\u016bkumus, pl\u0101notu apm\u0101c\u012bbas un sagatavotu komandu pan\u0101kumiem.<\/p>\n\n\n\n<p class=\"has-medium-font-size\">7. <strong>Pl\u0101na uzdevumi:<\/strong><\/p>\n\n\n\n<p>Izveidojiet vizu\u0101lus materi\u0101lus, kas atvieglo p\u0101rredzamu sazi\u0146u komand\u0101. Vizualiz\u0113jiet uzdevumus, nepiecie\u0161am\u0101s prasmes un individu\u0101lo prasmju kopumu, nodro\u0161inot komandas salied\u0113tu dinamiku.<\/p>\n\n\n\n<p class=\"has-medium-font-size\">8. <strong>Izveidojiet grafiku:<\/strong><\/p>\n\n\n\n<p>Power BI iesp\u0113jas ir papla\u0161in\u0101tas, izmantojot Ganta diagrammas, un ietver ar\u012b projektu pl\u0101no\u0161anu. Izstr\u0101d\u0101jiet vizu\u0101lus att\u0113lus, kas ilustr\u0113 laika grafikus, identific\u0113 kritiskos ce\u013cus un saska\u0146o tos ar noteiktajiem termi\u0146iem. Uzturiet re\u0101listisku grafiku, iev\u0113rojot ierobe\u017eojumus.<\/p>\n\n\n\n<p class=\"has-medium-font-size\">9. <strong>R\u012bkojiet atkl\u0101\u0161anas san\u0101ksmi:<\/strong><\/p>\n\n\n\n<p>Liel\u0101ko da\u013cu Power BI vizualiz\u0101ciju var eksport\u0113t uz MS PowerPoint. S\u0101kuma san\u0101ksmes laik\u0101 izmantojiet Power BI vizualiz\u0101cijas, lai izskaidrotu projekta pl\u0101nu, m\u0113r\u0137us un laika grafiku. Mudiniet komandas locek\u013cus sniegt savu ieguld\u012bjumu, veicinot sadarb\u012bbu un kop\u012bgu izpratni.<\/p>\n\n\n\n<p class=\"has-medium-font-size\">10. <strong>Izstr\u0101d\u0101jiet bud\u017eetu:<\/strong><\/p>\n\n\n\n<p>Izmantojiet Power BI, lai izveidotu visaptvero\u0161u bud\u017eetu. Vizualiz\u0113jiet izmaksas pa kategorij\u0101m, mekl\u0113jiet ieinteres\u0113to personu ieguld\u012bjumu un saglab\u0101jiet elast\u012bbu bud\u017eeta ierobe\u017eojumu ietvaros.<\/p>\n\n\n\n<h3 class=\"wp-block-heading\" style=\"font-size:30px\">Projekta \u012bsteno\u0161anas posms<\/h3>\n\n\n\n<p class=\"has-medium-font-size\">11. <strong>Procesa un bud\u017eeta uzraudz\u012bba un kontrole:<\/strong><\/p>\n\n\n\n<p>Uzst\u0101diet Power BI projekta monitoringa vizualiz\u0101cijas l\u012bdzek\u013cus, piem\u0113ram, m\u016bsu Power BI riska matricu. Risku vizualiz\u0113\u0161ana l\u012bdztekus projekta progresam \u013cauj g\u016bt visaptvero\u0161u priek\u0161statu par iesp\u0113jam\u0101m probl\u0113m\u0101m. L\u016bk, k\u0101:<\/p>\n\n\n\n<p><strong>Riska ietekmes un varb\u016bt\u012bbas nov\u0113rt\u0113jums:<\/strong> Riska matrica Power BI pal\u012bdz nov\u0113rt\u0113t katra riska ietekmi un varb\u016bt\u012bbu. Izmantojiet kr\u0101sainas \u0161\u016bnas, lai att\u0113lotu risku nopietn\u012bbu. Tas \u013cauj \u0101tri identific\u0113t augstas ietekmes jomas.<\/p>\n\n\n\n<p><strong>Bud\u017eeta izseko\u0161ana re\u0101llaik\u0101:<\/strong> Apvienojiet bud\u017eeta izseko\u0161anas vizu\u0101los att\u0113lus ar riska matricu. Katram identific\u0113tajam riskam pie\u0161\u0137iriet ietekmi uz bud\u017eetu, sniedzot visaptvero\u0161u p\u0101rskatu par iesp\u0113jamo finansi\u0101lo ietekmi. Risku att\u012bst\u012bbai bud\u017eeta vizualiz\u0101cija tiek atjaunin\u0101ta re\u0101llaik\u0101, nodro\u0161inot prec\u012bzu finan\u0161u uzraudz\u012bbu.<\/p>\n\n\n\n<p><strong>S\u012bk\u0101kai anal\u012bzei veiciet padzi\u013cin\u0101tu anal\u012bzi:<\/strong> Risku matricas pilnveido\u0161ana, izmantojot caurskata funkcijas. Padzi\u013cin\u0101ta iedzi\u013cin\u0101\u0161an\u0101s konkr\u0113t\u0101 risk\u0101 var ietvert detaliz\u0113tu anal\u012bzi, par\u0101dot attiec\u012bg\u0101s finansi\u0101l\u0101s sekas un nepiecie\u0161am\u0101s riska mazin\u0101\u0161anas strat\u0113\u0123ijas.<\/p>\n\n\n\n<div class=\"wp-block-buttons is-layout-flex wp-block-buttons-is-layout-flex\">\n<div class=\"wp-block-button has-custom-font-size\" style=\"font-size:18px\"><a class=\"wp-block-button__link has-background wp-element-button\" href=\"https:\/\/www.leaplytics.de\/lv\/priekseja-lapa\/projektu-vadiba-pielagotas-vizualizacijas-microsoft-powerbi\/riska-karstumkarte-pielagota-vizuala-karte-jaudas-bi\/\" style=\"background-color:#22316d\">Apl\u016bkojiet m\u016bsu piel\u0101goto vizu\u0101lo \"risku matricu\" Power BI \u0161eit!<\/a><\/div>\n<\/div>\n\n\n\n<p><\/p>\n\n\n\n<p class=\"has-medium-font-size\">12. <strong>Elast\u012bga reakcija uz izmai\u0146\u0101m:<\/strong><\/p>\n\n\n\n<p>Power BI re\u0101llaika datu iesp\u0113jas \u013cauj nekav\u0113joties rea\u0123\u0113t uz izmai\u0146\u0101m. Vizualiz\u0113jiet datus, lai identific\u0113tu iesp\u0113jam\u0101s probl\u0113mas, \u013caujot proakt\u012bvi pie\u0146emt l\u0113mumus un veikt korekcijas.<\/p>\n\n\n\n<p class=\"has-medium-font-size\">13. <strong>P\u0101rskats par progresu:<\/strong><\/p>\n\n\n\n<p>Izveidojiet vizu\u0101lus materi\u0101lus ieinteres\u0113taj\u0101m person\u0101m, lai regul\u0101ri sniegtu atjaunin\u0101jumus un statusa zi\u0146ojumus. Vizualiz\u0101ciju eksport\u0113\u0161ana uz PowerPoint padar\u012bs regul\u0101ras statusa san\u0101ksmes vienk\u0101r\u0161\u0101kas. Power BI \u013cauj piel\u0101got p\u0101rskatus, pamatojoties uz ieinteres\u0113to personu v\u0113lm\u0113m, veicinot p\u0101rredzam\u012bbu un uztic\u0113\u0161anos.<\/p>\n\n\n\n<p class=\"has-medium-font-size\">14. <strong>Organiz\u0113jiet ikned\u0113\u013cas komandas san\u0101ksmes:<\/strong><\/p>\n\n\n\n<p>Izmantojiet Power BI, lai struktur\u0113tu komandas san\u0101ksmes, pamatojoties uz galvenajiem r\u0101d\u012bt\u0101jiem. Vizualiz\u0113jiet snieguma datus, apspriest neizpild\u012btos m\u0113r\u0137us un svin\u0113t pan\u0101kumus. \u0160is r\u012bks pal\u012bdz saglab\u0101t koncentr\u0113\u0161anos uz svar\u012bg\u0101kaj\u0101m darb\u012bb\u0101m un uztur komandas vienot\u012bbu.<\/p>\n\n\n\n<p class=\"has-medium-font-size\">15. <strong>Probl\u0113mu p\u0101rvald\u012bba:<\/strong><\/p>\n\n\n\n<p>Power BI vizualiz\u0101cijas var pal\u012bdz\u0113t identific\u0113t un p\u0101rvald\u012bt jaunas probl\u0113mas. V\u0113rojiet komandas dinamiku un projekta r\u0101d\u012bt\u0101jus, lai risin\u0101tu probl\u0113mas, pirms t\u0101s saasin\u0101s. Risku matrica pal\u012bdz izsekot un nov\u0113rst riskus, lai nov\u0113rstu nelabv\u0113l\u012bgus rezult\u0101tus.<\/p>\n\n\n\n<h3 class=\"wp-block-heading\" style=\"font-size:30px\">Projekta nosl\u0113guma posms<\/h3>\n\n\n\n<p class=\"has-medium-font-size\">16. <strong>Projekta izpildes nov\u0113rt\u0113\u0161ana:<\/strong><\/p>\n\n\n\n<p>Izmantojiet Power BI, lai sal\u012bdzin\u0101tu projekta progresu ar s\u0101kotn\u0113ji noteikto apjomu. Vizualiz\u0113jiet izpildes r\u0101d\u012bt\u0101jus, lai uzs\u0101ktu diskusijas ar ieinteres\u0113taj\u0101m person\u0101m par projekta pabeig\u0161anu un pan\u0101kumiem. Sal\u012bdziniet projekta r\u0101d\u012bt\u0101jus ar\u012b ar iepriek\u0161\u0113jo projektu pan\u0101kumiem vai neveiksm\u0113m.<\/p>\n\n\n\n<p class=\"has-medium-font-size\">17. <strong>Projekta sl\u0113g\u0161ana:<\/strong><\/p>\n\n\n\n<p>Vizualiz\u0113jiet projekta pabeig\u0161anas posmus. Power BI pal\u012bdz dokument\u0113t un inform\u0113t par projekta sl\u0113g\u0161anas procesiem. T\u0101d\u0113j\u0101di m\u0113s nodro\u0161in\u0101m vienm\u0113r\u012bgu rezult\u0101tu p\u0101reju.<\/p>\n\n\n\n<h3 class=\"wp-block-heading\" style=\"font-size:30px\">Apsprie\u0161ana<\/h3>\n\n\n\n<p>Integr\u0113jiet Power BI katr\u0101 projekta posm\u0101, lai izveidotu visaptvero\u0161u un dinamisku projekta paneli. Ne katrs vizu\u0101lais risin\u0101jums ir oblig\u0101ts, ta\u010du Power BI izmanto\u0161ana pal\u012bdz\u0113s jums b\u016bt lietas kurs\u0101 par projektu katr\u0101 t\u0101 posm\u0101. Sniedziet savai komandai noder\u012bgus ieskatus, veiciniet sadarb\u012bbu un orient\u0113jieties projekta vad\u012bbas sare\u017e\u0123\u012bt\u012bb\u0101. Projekta pan\u0101kumi vairs nav tikai m\u0113r\u0137is, ar Power BI tie ir vizualiz\u0113ts ce\u013cojums.<\/p>\n\n\n\n<p><\/p>\n\n\n\n<hr class=\"wp-block-separator has-alpha-channel-opacity\"\/>\n\n\n\n<p class=\"has-small-font-size\"><sup>1<\/sup> \u0160aj\u0101 rakst\u0101 aprakst\u012btie projekta posmi ir balst\u012bti uz \u0161\u0101du rakstu: <a href=\"https:\/\/hbr.org\/2016\/11\/the-four-phases-of-project-management\">Harvard Business Review. (2016, 3. novembris). <em>Projektu vad\u012bbas \u010detri posmi<\/em>.<\/a><\/p>","protected":false},"excerpt":{"rendered":"<p>In the dynamic landscape of project management, where precision and foresight are paramount, leveraging technology is crucial. Microsoft Power BI has emerged as a game-changer. Power BI offers project managers a dynamic platform to enhance their decision-making processes. In this comprehensive guide, we will explore how Power BI can level up each phase1 of project &hellip; <\/p>","protected":false},"author":55,"featured_media":13133,"parent":0,"menu_order":0,"comment_status":"closed","ping_status":"closed","template":"","meta":{"footnotes":"[]"},"class_list":["post-13130","page","type-page","status-publish","has-post-thumbnail","hentry","latest_post"],"_links":{"self":[{"href":"https:\/\/www.leaplytics.de\/lv\/wp-json\/wp\/v2\/pages\/13130","targetHints":{"allow":["GET"]}}],"collection":[{"href":"https:\/\/www.leaplytics.de\/lv\/wp-json\/wp\/v2\/pages"}],"about":[{"href":"https:\/\/www.leaplytics.de\/lv\/wp-json\/wp\/v2\/types\/page"}],"author":[{"embeddable":true,"href":"https:\/\/www.leaplytics.de\/lv\/wp-json\/wp\/v2\/users\/55"}],"replies":[{"embeddable":true,"href":"https:\/\/www.leaplytics.de\/lv\/wp-json\/wp\/v2\/comments?post=13130"}],"version-history":[{"count":7,"href":"https:\/\/www.leaplytics.de\/lv\/wp-json\/wp\/v2\/pages\/13130\/revisions"}],"predecessor-version":[{"id":13144,"href":"https:\/\/www.leaplytics.de\/lv\/wp-json\/wp\/v2\/pages\/13130\/revisions\/13144"}],"wp:featuredmedia":[{"embeddable":true,"href":"https:\/\/www.leaplytics.de\/lv\/wp-json\/wp\/v2\/media\/13133"}],"wp:attachment":[{"href":"https:\/\/www.leaplytics.de\/lv\/wp-json\/wp\/v2\/media?parent=13130"}],"curies":[{"name":"wp","href":"https:\/\/api.w.org\/{rel}","templated":true}]}}