{"id":13321,"date":"2024-04-09T20:47:19","date_gmt":"2024-04-09T18:47:19","guid":{"rendered":"https:\/\/www.leaplytics.de\/?page_id=13321"},"modified":"2024-04-17T15:17:27","modified_gmt":"2024-04-17T13:17:27","slug":"power-bi-iespeju-matrica","status":"publish","type":"page","link":"https:\/\/www.leaplytics.de\/lv\/power-bi-iespeju-matrica\/","title":{"rendered":"Iesp\u0113ju matrica Power BI - izmanto\u0161ana, lai atrais\u012btu j\u016bsu konkurences priek\u0161roc\u012bbas"},"content":{"rendered":"<p>Projektu un risku vad\u012bt\u0101jiem iesp\u0113ju izmanto\u0161ana ir tikpat svar\u012bga k\u0101 risku mazin\u0101\u0161ana. Piel\u0101gojot m\u016bsu Riska matricas vizualiz\u0101ciju Power BI, m\u0113s to varam p\u0101rveidot par iesp\u0113ju matricu. \u0160\u0101da pieeja \u013cauj identific\u0113t un izmantot iesp\u0113jas, kas rada konkurences priek\u0161roc\u012bbas.<\/p>\n\n\n\n<figure class=\"wp-block-embed is-type-video is-provider-youtube wp-block-embed-youtube wp-embed-aspect-16-9 wp-has-aspect-ratio\"><div class=\"wp-block-embed__wrapper\">\n<iframe loading=\"lazy\" title=\"Power BI iesp\u0113ju matrica - LeapLytics\" width=\"770\" height=\"433\" src=\"https:\/\/www.youtube.com\/embed\/VzEAOzIjrZY?feature=oembed\" frameborder=\"0\" allow=\"accelerometer; autoplay; clipboard-write; encrypted-media; gyroscope; picture-in-picture; web-share\" referrerpolicy=\"strict-origin-when-cross-origin\" allowfullscreen><\/iframe>\n<\/div><figcaption class=\"wp-element-caption\">M\u016bsu YouTube videoklip\u0101 m\u0113s demonstr\u0113jam, k\u0101 Power BI izveidot iesp\u0113ju matricu.<\/figcaption><\/figure>\n\n\n\n<h3 class=\"wp-block-heading has-medium-font-size\"><strong>K\u0101p\u0113c iesp\u0113ju p\u0101rvald\u012bbai ir noz\u012bme<\/strong><\/h3>\n\n\n\n<p>Iesp\u0113ju p\u0101rvald\u012bba ir b\u016btiska uz\u0146\u0113mumiem, kas v\u0113las pan\u0101kt ilgtsp\u0113j\u012bgu izaugsmi un konkur\u0113tsp\u0113jas priek\u0161roc\u012bbas. T\u0101 ir saist\u012bta ar iesp\u0113ju identific\u0113\u0161anu un izmanto\u0161anu. Organiz\u0101cijas var izmantot tirgus tendences, inov\u0101cijas un jaun\u0101s tehnolo\u0123ijas. T\u0101 ar\u012b \u013cauj nep\u0101rtraukti uzlabot produktu un pakalpojumu kvalit\u0101ti. Turkl\u0101t efekt\u012bva iesp\u0113ju p\u0101rvald\u012bba \u013cauj uz\u0146\u0113mumiem saglab\u0101t p\u0101rsvaru p\u0101r konkurentiem. \u013boti svar\u012bgi ir piel\u0101goties main\u012bgaj\u0101m klientu vajadz\u012bb\u0101m un v\u0113lm\u0113m.<\/p>\n\n\n\n<h3 class=\"wp-block-heading has-medium-font-size\"><strong>Iesp\u0113ju identific\u0113\u0161ana no da\u017e\u0101diem avotiem<\/strong><\/h3>\n\n\n\n<p>Lai apzin\u0101tu iesp\u0113jas, mums ir j\u0101izmanto visi avoti, par kuriem m\u0113s zin\u0101m.<\/p>\n\n\n\n<div class=\"wp-block-columns is-layout-flex wp-container-core-columns-is-layout-1 wp-block-columns-is-layout-flex\">\n<div class=\"wp-block-column is-layout-flow wp-block-column-is-layout-flow\" style=\"flex-basis:2%\">\n<p><strong>1.<\/strong><\/p>\n<\/div>\n\n\n\n<div class=\"wp-block-column is-layout-flow wp-block-column-is-layout-flow\" style=\"flex-basis:98%\">\n<p><strong>Nov\u0113rt\u0113jiet savu konkur\u0113tsp\u0113ju:<\/strong> Uz\u0146\u0113m\u0113jdarb\u012bbas vides nov\u0113rt\u0113\u0161ana ir saist\u012bta ar konkurentu stipro un v\u0101jo pu\u0161u, tirgus pozicion\u0113juma un strat\u0113\u0123iju anal\u012bzi. Sal\u012bdzino\u0161\u0101 nov\u0113rt\u0113\u0161ana vai SVID anal\u012bze var b\u016bt sp\u0113c\u012bgi instrumenti. Ieg\u016bstot ieskatu konkurentu lab\u0101kaj\u0101 praks\u0113, var atkl\u0101t potenci\u0101l\u0101s iesp\u0113jas.<\/p>\n<\/div>\n<\/div>\n\n\n\n<div class=\"wp-block-columns is-layout-flex wp-container-core-columns-is-layout-2 wp-block-columns-is-layout-flex\">\n<div class=\"wp-block-column is-layout-flow wp-block-column-is-layout-flow\" style=\"flex-basis:2%\">\n<p><strong>2.<\/strong><\/p>\n<\/div>\n\n\n\n<div class=\"wp-block-column is-layout-flow wp-block-column-is-layout-flow\" style=\"flex-basis:98%\">\n<p><strong>Izpratne par klientu vajadz\u012bb\u0101m: <\/strong>Sekojiet l\u012bdzi tirgus tendenc\u0113m, pat\u0113r\u0113t\u0101ju uzved\u012bbai un jaunaj\u0101m v\u0113lm\u0113m. Tirgus izp\u0113te, klientu atsauksmes un iepirk\u0161an\u0101s paradumu anal\u012bze pal\u012bdz paredz\u0113t klientu vajadz\u012bbas.<\/p>\n<\/div>\n<\/div>\n\n\n\n<div class=\"wp-block-columns is-layout-flex wp-container-core-columns-is-layout-3 wp-block-columns-is-layout-flex\">\n<div class=\"wp-block-column is-layout-flow wp-block-column-is-layout-flow\" style=\"flex-basis:2%\">\n<p><strong>3.<\/strong><\/p>\n<\/div>\n\n\n\n<div class=\"wp-block-column is-layout-flow wp-block-column-is-layout-flow\" style=\"flex-basis:98%\">\n<p><strong>Veicin\u0101t inov\u0101ciju un ieviest zin\u0101\u0161anu apmai\u0146as praksi:<\/strong> Veicin\u0101t inov\u0101ciju un rado\u0161uma kult\u016bru. Cilv\u0113ku no da\u017e\u0101diem segmentiem sapulcin\u0101\u0161ana var b\u016bt galvenais zin\u0101\u0161anu apmai\u0146as virz\u012bt\u0101jsp\u0113ks. Tas var rad\u012bt inovat\u012bv\u0101kas idejas, izmantojot nestandarta dom\u0101\u0161anu.<\/p>\n<\/div>\n<\/div>\n\n\n\n<div class=\"wp-block-columns is-layout-flex wp-container-core-columns-is-layout-4 wp-block-columns-is-layout-flex\">\n<div class=\"wp-block-column is-layout-flow wp-block-column-is-layout-flow\" style=\"flex-basis:2%\">\n<p><strong>4.<\/strong><\/p>\n<\/div>\n\n\n\n<div class=\"wp-block-column is-layout-flow wp-block-column-is-layout-flow\" style=\"flex-basis:98%\">\n<p><strong>Identific\u0113t atsl\u0101bumu un atrast t\u0101 c\u0113lo\u0146us:<\/strong> Neizmantotie resursi attiecas uz nepietiekami izmantotiem resursiem, procesiem vai iesp\u0113j\u0101m organiz\u0101cij\u0101. M\u0113r\u0137is ir identific\u0113t nepiln\u012bbu jomas un izp\u0113t\u012bt to pamatc\u0113lo\u0146us. T\u0101d\u0113j\u0101di j\u016bs varat atkl\u0101t sl\u0113pt\u0101s optimiz\u0101cijas un uzlabo\u0161anas iesp\u0113jas. Procesu audits un darbinieku atsauksmes var kalpot k\u0101 identifik\u0101cijas strat\u0113\u0123ijas.<\/p>\n<\/div>\n<\/div>\n\n\n\n<div class=\"wp-block-columns is-layout-flex wp-container-core-columns-is-layout-5 wp-block-columns-is-layout-flex\">\n<div class=\"wp-block-column is-layout-flow wp-block-column-is-layout-flow\" style=\"flex-basis:2%\">\n<p><strong>5.<\/strong><\/p>\n<\/div>\n\n\n\n<div class=\"wp-block-column is-layout-flow wp-block-column-is-layout-flow\" style=\"flex-basis:98%\">\n<p><strong>Neaizmirstiet par riskiem, jo tie var sl\u0113pt iesp\u0113jas: <\/strong>Riski parasti tiek uzskat\u012bti par potenci\u0101liem draudiem uz\u0146\u0113muma darb\u012bbai. Ta\u010du tie var atkl\u0101t ar\u012b sl\u0113pt\u0101s iesp\u0113jas. Analiz\u0113jot un p\u0101rvaldot riskus, \u0146emiet v\u0113r\u0101, ka da\u017eus no tiem j\u016bs var\u0113tu p\u0101rv\u0113rst par iesp\u0113j\u0101m. Piem\u0113ram, nov\u0113rsti kiberdro\u0161\u012bbas draudi var veicin\u0101t liel\u0101ku klientu uztic\u012bbu un lojalit\u0101ti.<\/p>\n<\/div>\n<\/div>\n\n\n\n<div class=\"wp-block-columns is-layout-flex wp-container-core-columns-is-layout-6 wp-block-columns-is-layout-flex\">\n<div class=\"wp-block-column is-layout-flow wp-block-column-is-layout-flow\" style=\"flex-basis:2%\">\n<p><strong>6.<\/strong><\/p>\n<\/div>\n\n\n\n<div class=\"wp-block-column is-layout-flow wp-block-column-is-layout-flow\" style=\"flex-basis:98%\">\n<p><strong>K\u013c\u016bstiet par savas nozares ilgtsp\u0113j\u012bgu pionieri:<\/strong> Ilgtsp\u0113jas ievie\u0161ana var pav\u0113rt jaunas iesp\u0113jas inov\u0101cij\u0101m, izmaksu ietaup\u012bjumiem un diferenci\u0101cijai. Noskaidrojiet, k\u0101 samazin\u0101t emisijas un optimiz\u0113t resursu izmanto\u0161anu. Rezult\u0101ts b\u016bs izmaksu ietaup\u012bjums, klientu lojalit\u0101te un lab\u0101ka z\u012bmola reput\u0101cija.<\/p>\n<\/div>\n<\/div>\n\n\n\n<h3 class=\"wp-block-heading has-medium-font-size\"><strong>Iesp\u0113ju p\u0101rvald\u012bbas priek\u0161roc\u012bbas<\/strong><\/h3>\n\n\n\n<p>Efekt\u012bva iesp\u0113ju p\u0101rvald\u012bba sniedz daudz priek\u0161roc\u012bbu. Tostarp liel\u0101ku rentabilit\u0101ti, lab\u0101ku pozicion\u0113\u0161anu tirg\u016b, liel\u0101ku klientu apmierin\u0101t\u012bbu un ilgtsp\u0113j\u012bgu biznesa izaugsmi. Proakt\u012bvi identific\u0113jot un izmantojot iesp\u0113jas, organiz\u0101cijas var veicin\u0101t inov\u0101cijas. T\u0101s veicina nep\u0101rtrauktu uzlabojumu kult\u016bru un maksim\u0101li palielina savas konkurences priek\u0161roc\u012bbas.<\/p>\n\n\n\n<h3 class=\"wp-block-heading has-medium-font-size\"><strong>Iesp\u0113ju matricas izpratne<\/strong><\/h3>\n\n\n\n<p>Iesp\u0113ju matrica sav\u0101 b\u016bt\u012bb\u0101 atspogu\u013co paz\u012bstamo riska matricu. Potenci\u0101lo iesp\u0113ju nov\u0113rt\u0113\u0161ana attiec\u012bb\u0101 uz to varb\u016bt\u012bbu un ietekmi. Matrica atvieglo iesp\u0113ju atkl\u0101\u0161anu, nov\u0113rt\u0113\u0161anu un p\u0101rvald\u012bbu. Galven\u0101 priorit\u0101te ir virz\u012bt organiz\u0101cijas uz lab\u0101ku sniegumu un izaugsmi.<\/p>\n\n\n\n<div class=\"wp-block-columns is-layout-flex wp-container-core-columns-is-layout-7 wp-block-columns-is-layout-flex\">\n<div class=\"wp-block-column is-vertically-aligned-center is-layout-flow wp-block-column-is-layout-flow\" style=\"flex-basis:150px\">\n<figure class=\"wp-block-image size-full is-resized\"><img loading=\"lazy\" decoding=\"async\" width=\"255\" height=\"259\" src=\"https:\/\/www.leaplytics.de\/wp-content\/uploads\/2024\/04\/Bild3.jpg\" alt=\"\" class=\"wp-image-13324\" style=\"width:100px\" srcset=\"https:\/\/www.leaplytics.de\/wp-content\/uploads\/2024\/04\/Bild3.jpg 255w, https:\/\/www.leaplytics.de\/wp-content\/uploads\/2024\/04\/Bild3-59x60.jpg 59w\" sizes=\"auto, (max-width: 255px) 100vw, 255px\" \/><\/figure>\n<\/div>\n\n\n\n<div class=\"wp-block-column is-layout-flow wp-block-column-is-layout-flow\" style=\"flex-basis:66.66%\">\n<p><strong>Tooltip opcija, izmantojot Mouse-over<\/strong><\/p>\n\n\n\n<p>Uzliekot kursoru virs datu punktiem, tiek atkl\u0101ta s\u012bk\u0101ka inform\u0101cija. Tas \u013cauj lietot\u0101jiem padzi\u013cin\u0101ti izp\u0113t\u012bt konkr\u0113tas iesp\u0113jas. \u0160\u012b funkcija uzlabo l\u0113mumu pie\u0146em\u0161anu, sniedzot visaptvero\u0161u ieskatu vien\u0101 mirkl\u012b.<\/p>\n<\/div>\n<\/div>\n\n\n\n<div class=\"wp-block-columns is-layout-flex wp-container-core-columns-is-layout-8 wp-block-columns-is-layout-flex\">\n<div class=\"wp-block-column is-vertically-aligned-center is-layout-flow wp-block-column-is-layout-flow\" style=\"flex-basis:150px\">\n<figure class=\"wp-block-image size-large is-resized\"><img loading=\"lazy\" decoding=\"async\" width=\"1024\" height=\"1024\" src=\"https:\/\/www.leaplytics.de\/wp-content\/uploads\/2022\/06\/Indicator-Settings-1024x1024.png\" alt=\"\" class=\"wp-image-8461\" style=\"width:128px;height:auto\" srcset=\"https:\/\/www.leaplytics.de\/wp-content\/uploads\/2022\/06\/Indicator-Settings-1024x1024.png 1024w, https:\/\/www.leaplytics.de\/wp-content\/uploads\/2022\/06\/Indicator-Settings-300x300.png 300w, https:\/\/www.leaplytics.de\/wp-content\/uploads\/2022\/06\/Indicator-Settings-150x150.png 150w, https:\/\/www.leaplytics.de\/wp-content\/uploads\/2022\/06\/Indicator-Settings-768x768.png 768w, https:\/\/www.leaplytics.de\/wp-content\/uploads\/2022\/06\/Indicator-Settings-1536x1536.png 1536w, https:\/\/www.leaplytics.de\/wp-content\/uploads\/2022\/06\/Indicator-Settings-370x370.png 370w, https:\/\/www.leaplytics.de\/wp-content\/uploads\/2022\/06\/Indicator-Settings-60x60.png 60w, https:\/\/www.leaplytics.de\/wp-content\/uploads\/2022\/06\/Indicator-Settings.png 1854w\" sizes=\"auto, (max-width: 1024px) 100vw, 1024px\" \/><\/figure>\n<\/div>\n\n\n\n<div class=\"wp-block-column is-layout-flow wp-block-column-is-layout-flow\">\n<p class=\"has-medium-font-size\"><strong>Nosac\u012bjumu format\u0113\u0161ana<\/strong><\/p>\n\n\n\n<p>Izmantojiet nosac\u012bjuma format\u0113\u0161anas noteikumus, lai izceltu noz\u012bm\u012bgas iesp\u0113jas, pamatojoties uz iepriek\u0161 noteiktiem krit\u0113rijiem. \u0160\u012b funkcija uzlabo redzam\u012bbu un nosaka priorit\u0101tes, kas \u013cauj r\u012bkoties strat\u0113\u0123isk\u0101s pl\u0101no\u0161anas un izpildes vajadz\u012bb\u0101m. Turkl\u0101t ar nosac\u012bto format\u0113\u0161anu var papla\u0161in\u0101t matricu p\u0113c citas dimensijas. Piem\u0113ram, nov\u0113rt\u0113jot katras iesp\u0113jas iesp\u0113jam\u012bbu, izmantojot kr\u0101su kodus. Da\u017e\u0101di kr\u0101su to\u0146i var apz\u012bm\u0113t da\u017e\u0101dus iesp\u0113jam\u012bbas l\u012bme\u0146us. Tas ieinteres\u0113taj\u0101m person\u0101m sniedz v\u0113rt\u012bgu ieskatu par katras iesp\u0113jas dz\u012bvotsp\u0113ju.<\/p>\n<\/div>\n<\/div>\n\n\n\n<div class=\"wp-block-columns is-layout-flex wp-container-core-columns-is-layout-9 wp-block-columns-is-layout-flex\">\n<div class=\"wp-block-column is-vertically-aligned-center is-layout-flow wp-block-column-is-layout-flow\" style=\"flex-basis:150px\">\n<figure class=\"wp-block-image size-full is-resized\"><img loading=\"lazy\" decoding=\"async\" width=\"355\" height=\"218\" src=\"https:\/\/www.leaplytics.de\/wp-content\/uploads\/2024\/04\/Bild2.jpg\" alt=\"\" class=\"wp-image-13323\" style=\"width:128px\" srcset=\"https:\/\/www.leaplytics.de\/wp-content\/uploads\/2024\/04\/Bild2.jpg 355w, https:\/\/www.leaplytics.de\/wp-content\/uploads\/2024\/04\/Bild2-300x184.jpg 300w, https:\/\/www.leaplytics.de\/wp-content\/uploads\/2024\/04\/Bild2-98x60.jpg 98w\" sizes=\"auto, (max-width: 355px) 100vw, 355px\" \/><\/figure>\n<\/div>\n\n\n\n<div class=\"wp-block-column is-layout-flow wp-block-column-is-layout-flow\" style=\"flex-basis:66.66%\">\n<p><strong>Iesp\u0113ja veikt urbumu, lai g\u016btu vair\u0101k ieskatu<\/strong><\/p>\n\n\n\n<p>P\u0101rl\u016bkojiet datu sl\u0101\u0146us, izmantojot funkciju \"urb\u0161ana caur\". T\u0101 \u013cauj lietot\u0101jiem izp\u0113t\u012bt faktorus, kas ietekm\u0113 katru iesp\u0113ju. \u0160\u012b padzi\u013cin\u0101tas iedzi\u013cin\u0101\u0161an\u0101s iesp\u0113ja veicina padzi\u013cin\u0101tu izpratni par potenci\u0101lajiem virz\u012bt\u0101jsp\u0113kiem un sek\u0101m.<\/p>\n<\/div>\n<\/div>\n\n\n\n<div class=\"wp-block-columns is-layout-flex wp-container-core-columns-is-layout-10 wp-block-columns-is-layout-flex\">\n<div class=\"wp-block-column is-vertically-aligned-center is-layout-flow wp-block-column-is-layout-flow\" style=\"flex-basis:150px\">\n<figure class=\"wp-block-image size-large is-resized\"><img loading=\"lazy\" decoding=\"async\" width=\"1024\" height=\"1024\" src=\"https:\/\/www.leaplytics.de\/wp-content\/uploads\/2022\/05\/Color-Settings-1024x1024.png\" alt=\"\" class=\"wp-image-7710\" style=\"width:128px\" srcset=\"https:\/\/www.leaplytics.de\/wp-content\/uploads\/2022\/05\/Color-Settings-1024x1024.png 1024w, https:\/\/www.leaplytics.de\/wp-content\/uploads\/2022\/05\/Color-Settings-300x300.png 300w, https:\/\/www.leaplytics.de\/wp-content\/uploads\/2022\/05\/Color-Settings-150x150.png 150w, https:\/\/www.leaplytics.de\/wp-content\/uploads\/2022\/05\/Color-Settings-768x768.png 768w, https:\/\/www.leaplytics.de\/wp-content\/uploads\/2022\/05\/Color-Settings-1536x1536.png 1536w, https:\/\/www.leaplytics.de\/wp-content\/uploads\/2022\/05\/Color-Settings-2048x2048.png 2048w, https:\/\/www.leaplytics.de\/wp-content\/uploads\/2022\/05\/Color-Settings-370x370.png 370w, https:\/\/www.leaplytics.de\/wp-content\/uploads\/2022\/05\/Color-Settings-60x60.png 60w, https:\/\/www.leaplytics.de\/wp-content\/uploads\/2022\/05\/Color-Settings-600x600.png 600w, https:\/\/www.leaplytics.de\/wp-content\/uploads\/2022\/05\/Color-Settings-100x100.png 100w\" sizes=\"auto, (max-width: 1024px) 100vw, 1024px\" \/><\/figure>\n<\/div>\n\n\n\n<div class=\"wp-block-column is-layout-flow wp-block-column-is-layout-flow\" style=\"flex-basis:66.66%\">\n<p><strong>Piel\u0101gotu kr\u0101su dizains<\/strong><\/p>\n\n\n\n<p>Personaliz\u0113jiet matricu, izmantojot piel\u0101gotas kr\u0101su sh\u0113mas. Tas pal\u012bdz nodro\u0161in\u0101t skaidr\u012bbu un \u013cauj piel\u0101got individu\u0101l\u0101m pras\u012bb\u0101m.<\/p>\n<\/div>\n<\/div>\n\n\n\n<div class=\"wp-block-columns is-layout-flex wp-container-core-columns-is-layout-11 wp-block-columns-is-layout-flex\">\n<div class=\"wp-block-column is-vertically-aligned-center is-layout-flow wp-block-column-is-layout-flow\" style=\"flex-basis:150px\">\n<figure class=\"wp-block-image size-large\"><img loading=\"lazy\" decoding=\"async\" width=\"1024\" height=\"1018\" src=\"https:\/\/www.leaplytics.de\/wp-content\/uploads\/2022\/06\/Axis-Settings-1024x1018.png\" alt=\"\" class=\"wp-image-8460\" srcset=\"https:\/\/www.leaplytics.de\/wp-content\/uploads\/2022\/06\/Axis-Settings-1024x1018.png 1024w, https:\/\/www.leaplytics.de\/wp-content\/uploads\/2022\/06\/Axis-Settings-300x298.png 300w, https:\/\/www.leaplytics.de\/wp-content\/uploads\/2022\/06\/Axis-Settings-150x150.png 150w, https:\/\/www.leaplytics.de\/wp-content\/uploads\/2022\/06\/Axis-Settings-768x763.png 768w, https:\/\/www.leaplytics.de\/wp-content\/uploads\/2022\/06\/Axis-Settings-1536x1527.png 1536w, https:\/\/www.leaplytics.de\/wp-content\/uploads\/2022\/06\/Axis-Settings-60x60.png 60w, https:\/\/www.leaplytics.de\/wp-content\/uploads\/2022\/06\/Axis-Settings.png 1827w\" sizes=\"auto, (max-width: 1024px) 100vw, 1024px\" \/><\/figure>\n<\/div>\n\n\n\n<div class=\"wp-block-column is-layout-flow wp-block-column-is-layout-flow\" style=\"flex-basis:66.66%\">\n<p><strong>Piel\u0101gojami re\u017e\u0123a, asu un indikatoru iestat\u012bjumi<\/strong><\/p>\n\n\n\n<p>Piel\u0101gojiet matricas izk\u0101rtojumu atbilsto\u0161i organiz\u0101cijas v\u0113lm\u0113m un konkr\u0113t\u0101m projekta pras\u012bb\u0101m. Piel\u0101gojiet re\u017e\u0123a l\u012bnijas, asu mar\u0137\u0113jumus un indikatoru mar\u0137ierus, lai optimiz\u0113tu las\u0101m\u012bbu un skaidr\u012bbu.<\/p>\n<\/div>\n<\/div>\n\n\n\n<div class=\"wp-block-buttons is-layout-flex wp-block-buttons-is-layout-flex\">\n<div class=\"wp-block-button has-custom-font-size\" style=\"font-size:18px\"><a class=\"wp-block-button__link has-background wp-element-button\" href=\"https:\/\/www.leaplytics.de\/lv\/priekseja-lapa\/projektu-vadiba-pielagotas-vizualizacijas-microsoft-powerbi\/riska-karstumkarte-pielagota-vizuala-karte-jaudas-bi\/\" style=\"background-color:#22316d\">Spiediet \u0161eit, lai nok\u013c\u016btu uz m\u016bsu piel\u0101goto vizu\u0101lo \"Riska matricu\" Power BI \u0161eit!<\/a><\/div>\n<\/div>\n\n\n\n<figure class=\"wp-block-image size-full\"><img loading=\"lazy\" decoding=\"async\" width=\"152\" height=\"37\" src=\"https:\/\/www.leaplytics.de\/wp-content\/uploads\/2022\/05\/PBI-Certified.png\" alt=\"\" class=\"wp-image-8358\" srcset=\"https:\/\/www.leaplytics.de\/wp-content\/uploads\/2022\/05\/PBI-Certified.png 152w, https:\/\/www.leaplytics.de\/wp-content\/uploads\/2022\/05\/PBI-Certified-150x37.png 150w\" sizes=\"auto, (max-width: 152px) 100vw, 152px\" \/><\/figure>\n\n\n\n<p><\/p>\n\n\n\n<h3 class=\"wp-block-heading has-medium-font-size\"><strong>Konkurences priek\u0161roc\u012bbu atrais\u012b\u0161ana<\/strong><\/h3>\n\n\n\n<p>Izmantojot iesp\u0113ju matricu, uz\u0146\u0113mumi ieg\u016bst strat\u0113\u0123isku priek\u0161roc\u012bbu m\u016bsdienu tirg\u016b. Proakt\u012bva iesp\u0113ju apzin\u0101\u0161ana un p\u0101rvald\u012bba veicina inov\u0101cijas, izaugsmi un ilgtsp\u0113j\u012bgas priek\u0161roc\u012bbas. Power BI Opportunity Matrix \u013cauj uz\u0146\u0113mumiem p\u0101rvald\u012bt iesp\u0113jas, izmantojot intuit\u012bvas funkcijas.<\/p>\n\n\n\n<h3 class=\"wp-block-heading has-medium-font-size\"><strong>Secin\u0101jums<\/strong><\/h3>\n\n\n\n<p>Iesp\u0113ju matrica ir sp\u0113c\u012bgs strat\u0113\u0123isko l\u0113mumu pie\u0146em\u0161anas r\u012bks. T\u0101 apbru\u0146o organiz\u0101cijas, lai pan\u0101ktu ilgtsp\u0113j\u012bgas konkurences priek\u0161roc\u012bbas. T\u0101 ir apr\u012bkota ar sp\u0113c\u012bg\u0101m funkcij\u0101m, kas \u013cauj organiz\u0101cij\u0101m att\u012bst\u012bties konkur\u0113tsp\u0113j\u012bg\u0101 tirg\u016b. Izmantojiet to izaugsmei un inov\u0101cijai, atraisot apsl\u0113pto potenci\u0101lu.<\/p>","protected":false},"excerpt":{"rendered":"<p>Projektu un risku vad\u012bt\u0101jiem iesp\u0113ju izmanto\u0161ana ir tikpat svar\u012bga k\u0101 risku mazin\u0101\u0161ana. Piel\u0101gojot m\u016bsu Riska matricas vizualiz\u0101ciju Power BI, m\u0113s to varam p\u0101rveidot par iesp\u0113ju matricu. \u0160\u0101da pieeja \u013cauj identific\u0113t un izmantot iesp\u0113jas, kas rada konkurences priek\u0161roc\u012bbas. K\u0101p\u0113c iesp\u0113ju p\u0101rvald\u012bbai ir noz\u012bme Iesp\u0113ju p\u0101rvald\u012bba ir b\u016btiska uz\u0146\u0113mumiem, kas v\u0113las ... <\/p>","protected":false},"author":55,"featured_media":13426,"parent":0,"menu_order":0,"comment_status":"closed","ping_status":"closed","template":"","meta":{"footnotes":""},"class_list":["post-13321","page","type-page","status-publish","has-post-thumbnail","hentry","latest_post"],"_links":{"self":[{"href":"https:\/\/www.leaplytics.de\/lv\/wp-json\/wp\/v2\/pages\/13321","targetHints":{"allow":["GET"]}}],"collection":[{"href":"https:\/\/www.leaplytics.de\/lv\/wp-json\/wp\/v2\/pages"}],"about":[{"href":"https:\/\/www.leaplytics.de\/lv\/wp-json\/wp\/v2\/types\/page"}],"author":[{"embeddable":true,"href":"https:\/\/www.leaplytics.de\/lv\/wp-json\/wp\/v2\/users\/55"}],"replies":[{"embeddable":true,"href":"https:\/\/www.leaplytics.de\/lv\/wp-json\/wp\/v2\/comments?post=13321"}],"version-history":[{"count":11,"href":"https:\/\/www.leaplytics.de\/lv\/wp-json\/wp\/v2\/pages\/13321\/revisions"}],"predecessor-version":[{"id":13424,"href":"https:\/\/www.leaplytics.de\/lv\/wp-json\/wp\/v2\/pages\/13321\/revisions\/13424"}],"wp:featuredmedia":[{"embeddable":true,"href":"https:\/\/www.leaplytics.de\/lv\/wp-json\/wp\/v2\/media\/13426"}],"wp:attachment":[{"href":"https:\/\/www.leaplytics.de\/lv\/wp-json\/wp\/v2\/media?parent=13321"}],"curies":[{"name":"wp","href":"https:\/\/api.w.org\/{rel}","templated":true}]}}