{"id":1342,"date":"2021-03-02T22:53:22","date_gmt":"2021-03-02T21:53:22","guid":{"rendered":"https:\/\/www.leaplytics.de\/?page_id=1342"},"modified":"2022-06-15T15:04:53","modified_gmt":"2022-06-15T13:04:53","slug":"riska-siltuma-karte-qliksense-piedavajums","status":"publish","type":"page","link":"https:\/\/www.leaplytics.de\/lv\/riska-siltuma-karte-qliksense-piedavajums\/","title":{"rendered":"Riska karstuma karte Qlik Sense pied\u0101v\u0101jums"},"content":{"rendered":"<div class=\"wp-block-image\">\n<figure class=\"aligncenter size-full is-resized\"><img loading=\"lazy\" decoding=\"async\" src=\"https:\/\/www.leaplytics.de\/wp-content\/uploads\/2022\/03\/risk-heatmap-power-bi.png\" alt=\"\" class=\"wp-image-4072\" width=\"283\" height=\"240\" srcset=\"https:\/\/www.leaplytics.de\/wp-content\/uploads\/2022\/03\/risk-heatmap-power-bi.png 566w, https:\/\/www.leaplytics.de\/wp-content\/uploads\/2022\/03\/risk-heatmap-power-bi-300x254.png 300w, https:\/\/www.leaplytics.de\/wp-content\/uploads\/2022\/03\/risk-heatmap-power-bi-71x60.png 71w\" sizes=\"auto, (max-width: 283px) 100vw, 283px\" \/><\/figure><\/div>\n\n\n<div style=\"height:50px\" aria-hidden=\"true\" class=\"wp-block-spacer\"><\/div>\n\n\n\n<div class=\"wp-block-columns alignwide is-layout-flex wp-container-core-columns-is-layout-1 wp-block-columns-is-layout-flex\">\n<div class=\"wp-block-column has-text-color has-background has-link-color wp-elements-4cbab37e52d99c67b95a975d02fd8b03 is-layout-flow wp-block-column-is-layout-flow\" style=\"background-color:#eeeeee;color:#000000;padding-top:2em;padding-right:2em;padding-bottom:2em;padding-left:2em\">\n<h2 class=\"wp-block-heading\" id=\"single\" style=\"font-size:40px\"><strong>BEZMAKSAS versija<\/strong><\/h2>\n\n\n\n<div style=\"height:10px\" aria-hidden=\"true\" class=\"wp-block-spacer\"><\/div>\n\n\n\n<p class=\"has-normal-font-size\" style=\"line-height:1.5\">Bezmaksas LeapLytics - Risk Heatmap versija ir bezmaksas ar \u016bdensz\u012bmi un ierobe\u017eotu funkcionalit\u0101ti.<\/p>\n\n\n\n<div style=\"height:10px\" aria-hidden=\"true\" class=\"wp-block-spacer\"><\/div>\n\n\n\n<hr class=\"wp-block-separator has-text-color has-css-opacity has-background is-style-wide\" style=\"background-color:#000000;color:#000000\"\/>\n\n\n\n<div style=\"height:10px\" aria-hidden=\"true\" class=\"wp-block-spacer\"><\/div>\n\n\n\n<p><i class=\"fas fa-times\"><\/i> \u016adensz\u012bme no\u0146emta<\/p>\n\n\n\n<p><i class=\"fas fa-times\"><\/i> Individu\u0101lais re\u017e\u0123a lielums<\/p>\n\n\n\n<p><i class=\"fas fa-times\"><\/i> Lietot\u0101ja defin\u0113ta kr\u0101su sh\u0113ma<\/p>\n\n\n\n<p><i class=\"fas fa-times\"><\/i> Kr\u0101su invertors<\/p>\n\n\n\n<p><i class=\"fas fa-times\"><\/i> Robe\u017eu iestat\u012bjumi<\/p>\n\n\n\n<p><i class=\"fas fa-times\"><\/i> Ass iestat\u012bjumi<\/p>\n\n\n\n<p><i class=\"fas fa-times\"><\/i> Indikatoru iestat\u012bjumi<\/p>\n\n\n\n<p><i class=\"fas fa-times\"><\/i> Teksta iestat\u012bjumi<\/p>\n\n\n\n<p><i class=\"fas fa-times\"><\/i> Kr\u0101su iestat\u012bjumi<\/p>\n\n\n\n<p><i class=\"fas fa-times\"><\/i> Navig\u0101cija un darb\u012bbas<\/p>\n\n\n\n<p><i class=\"fas fa-times\"><\/i> Druk\u0101jams*<\/p>\n\n\n\n<div style=\"height:10px\" aria-hidden=\"true\" class=\"wp-block-spacer\"><\/div>\n\n\n\n<div class=\"wp-block-buttons alignfull is-horizontal is-content-justification-center is-layout-flex wp-container-core-buttons-is-layout-1 wp-block-buttons-is-layout-flex\">\n<div class=\"wp-block-button\"><a class=\"wp-block-button__link has-white-color has-text-color\" href=\"https:\/\/developer.qlik.com\/garden\/5fd6531adae7960011eb30ec\" target=\"_blank\" rel=\"noreferrer noopener\">Sa\u0146emiet BEZMAKSAS versiju<\/a><\/div>\n<\/div>\n\n\n\n<div style=\"height:20px\" aria-hidden=\"true\" class=\"wp-block-spacer\"><\/div>\n\n\n\n<p class=\"has-text-align-center has-text-color\" style=\"color:#98bd00\"><em><strong>J\u016bs jau izmantojat \u0161\u012b papla\u0161in\u0101juma BEZMAKSAS versiju. <\/strong><\/em><\/p>\n<\/div>\n\n\n\n<div class=\"wp-block-column has-text-color has-background has-link-color wp-elements-deba5d9a51dfbae959217a0dabf93cd8 is-layout-flow wp-block-column-is-layout-flow\" style=\"background-color:#98bd00;color:#000000;padding-top:2em;padding-right:2em;padding-bottom:2em;padding-left:2em\">\n<h2 class=\"has-black-color has-text-color wp-block-heading\" id=\"family\" style=\"font-size:40px\"><strong>PRO versija<\/strong><\/h2>\n\n\n\n<div style=\"height:10px\" aria-hidden=\"true\" class=\"wp-block-spacer\"><\/div>\n\n\n\n<p class=\"has-normal-font-size\" style=\"line-height:1.5\">LeapLytics - Risk Heatmap PRO versija no\u0146em \u016bdensz\u012bmi un visus ierobe\u017eojumus, lai atrais\u012btu visu \u0161\u012b papla\u0161in\u0101juma jaudu.<\/p>\n\n\n\n<div style=\"height:10px\" aria-hidden=\"true\" class=\"wp-block-spacer\"><\/div>\n\n\n\n<hr class=\"wp-block-separator has-text-color has-black-color has-css-opacity has-black-background-color has-background is-style-wide\"\/>\n\n\n\n<div style=\"height:10px\" aria-hidden=\"true\" class=\"wp-block-spacer\"><\/div>\n\n\n\n<p><i class=\"fas fa-check\"><\/i>  \u016adensz\u012bme no\u0146emta<\/p>\n\n\n\n<p><i class=\"fas fa-check\"><\/i>  Individu\u0101lais re\u017e\u0123a lielums<\/p>\n\n\n\n<p><i class=\"fas fa-check\"><\/i>  Lietot\u0101ja defin\u0113ta kr\u0101su sh\u0113ma<\/p>\n\n\n\n<p><i class=\"fas fa-check\"><\/i>  Kr\u0101su invertors<\/p>\n\n\n\n<p><i class=\"fas fa-check\"><\/i>  Robe\u017eu iestat\u012bjumi<\/p>\n\n\n\n<p><i class=\"fas fa-check\"><\/i>  Ass iestat\u012bjumi<\/p>\n\n\n\n<p><i class=\"fas fa-check\"><\/i>  Indikatoru iestat\u012bjumi<\/p>\n\n\n\n<p><i class=\"fas fa-check\"><\/i>  Teksta iestat\u012bjumi<\/p>\n\n\n\n<p><i class=\"fas fa-check\"><\/i>  Kr\u0101su iestat\u012bjumi<\/p>\n\n\n\n<p><i class=\"fas fa-check\"><\/i>  Navig\u0101cija un darb\u012bbas<\/p>\n\n\n\n<p><i class=\"fas fa-check\"><\/i>  Druk\u0101jams*<\/p>\n\n\n\n<div class=\"wp-block-buttons is-layout-flex wp-block-buttons-is-layout-flex\">\n<div class=\"wp-block-button aligncenter\"><a class=\"wp-block-button__link\" href=\"https:\/\/shop.leaplytics.de\/product\/power-bi-risk-heatmap\/\">Pirkt PRO versiju<\/a><\/div>\n<\/div>\n\n\n\n<div style=\"height:10px\" aria-hidden=\"true\" class=\"wp-block-spacer\"><\/div>\n\n\n\n<div class=\"wp-block-buttons alignfull is-horizontal is-content-justification-center is-layout-flex wp-container-core-buttons-is-layout-3 wp-block-buttons-is-layout-flex\">\n<div class=\"wp-block-button\"><a class=\"wp-block-button__link has-white-color has-text-color\" href=\"https:\/\/www.leaplytics.de\/lv\/riska-siltuma-karte-qliksense-piedavajums\/?utm_source=risk-heatmap&amp;utm_medium=extension&amp;utm_campaign=modal\/#contact\">Izm\u0113\u0123iniet PRO versiju<\/a><\/div>\n<\/div>\n<\/div>\n<\/div>\n\n\n\n<p> * skat. <a href=\"https:\/\/community.qlik.com\/t5\/Knowledge\/Qlik-Sense-Enterprise-SaaS-Third-party-extensions-cannot-be\/ta-p\/1755264\">QlikSense ierobe\u017eojumi <\/a> <\/p>\n\n\n\n<div style=\"height:50px\" aria-hidden=\"true\" class=\"wp-block-spacer\"><\/div>\n\n\n\n<hr class=\"wp-block-separator has-text-color has-cyan-bluish-gray-color has-css-opacity has-cyan-bluish-gray-background-color has-background\"\/>\n\n\n\n<div style=\"height:50px\" aria-hidden=\"true\" class=\"wp-block-spacer\"><\/div>\n\n\n\n<h2 class=\"wp-block-heading\" id=\"contact\">Izm\u0113\u0123iniet pirms pirk\u0161anas! <\/h2>\n\n\n\n<div style=\"height:10px\" aria-hidden=\"true\" class=\"wp-block-spacer\"><\/div>\n\n\n\n<h4 class=\"wp-block-heading\" id=\"contact\">Pieprasiet savu person\u012bgo 2 ned\u0113\u013cu izm\u0113\u0123in\u0101juma licenci jau tagad!<\/h4>\n\n\n\n<div style=\"height:50px\" aria-hidden=\"true\" class=\"wp-block-spacer\"><\/div>\n\n\n\n<div class=\"wpcf7 no-js\" id=\"wpcf7-f8631-o1\" lang=\"de-DE\" dir=\"ltr\" data-wpcf7-id=\"8631\">\n<div class=\"screen-reader-response\"><p role=\"status\" aria-live=\"polite\" aria-atomic=\"true\"><\/p> <ul><\/ul><\/div>\n<form action=\"\/lv\/wp-json\/wp\/v2\/pages\/1342#wpcf7-f8631-o1\" method=\"post\" class=\"wpcf7-form init\" aria-label=\"Kontaktformular\" novalidate=\"novalidate\" data-status=\"init\" data-trp-original-action=\"\/lv\/wp-json\/wp\/v2\/pages\/1342#wpcf7-f8631-o1\">\n<fieldset class=\"hidden-fields-container\"><input type=\"hidden\" name=\"_wpcf7\" value=\"8631\" \/><input type=\"hidden\" name=\"_wpcf7_version\" value=\"6.1.1\" \/><input type=\"hidden\" name=\"_wpcf7_locale\" value=\"de_DE\" \/><input type=\"hidden\" name=\"_wpcf7_unit_tag\" value=\"wpcf7-f8631-o1\" \/><input type=\"hidden\" name=\"_wpcf7_container_post\" value=\"0\" \/><input type=\"hidden\" name=\"_wpcf7_posted_data_hash\" value=\"\" \/><input type=\"hidden\" name=\"_wpcf7_recaptcha_response\" value=\"\" \/>\n<\/fieldset>\n<p><label> V\u0101rds (*)<br \/>\n<span class=\"wpcf7-form-control-wrap\" data-name=\"first-name\"><input size=\"40\" maxlength=\"400\" class=\"wpcf7-form-control wpcf7-text wpcf7-validates-as-required\" aria-required=\"true\" aria-invalid=\"false\" value=\"\" type=\"text\" name=\"first-name\" \/><\/span><\/label>\n<\/p>\n<p><label> Uzv\u0101rds (*)<br \/>\n<span class=\"wpcf7-form-control-wrap\" data-name=\"your-name\"><input size=\"40\" maxlength=\"400\" class=\"wpcf7-form-control wpcf7-text wpcf7-validates-as-required\" aria-required=\"true\" aria-invalid=\"false\" value=\"\" type=\"text\" name=\"your-name\" \/><\/span> <\/label>\n<\/p>\n<p><label> E-pasts (*)<br \/>\n<span class=\"wpcf7-form-control-wrap\" data-name=\"your-email\"><input size=\"40\" maxlength=\"400\" class=\"wpcf7-form-control wpcf7-email wpcf7-validates-as-required wpcf7-text wpcf7-validates-as-email\" aria-required=\"true\" aria-invalid=\"false\" value=\"\" type=\"email\" name=\"your-email\" \/><\/span> <\/label>\n<\/p>\n<p><label> Uz\u0146\u0113mums (*)<br \/>\n<span class=\"wpcf7-form-control-wrap\" data-name=\"Company\"><input size=\"40\" maxlength=\"400\" class=\"wpcf7-form-control wpcf7-text wpcf7-validates-as-required\" aria-required=\"true\" aria-invalid=\"false\" value=\"\" type=\"text\" name=\"Company\" \/><\/span> <\/label>\n<\/p>\n<p><label> J\u016bsu zi\u0146a vai koment\u0101ri<br \/>\n<span class=\"wpcf7-form-control-wrap\" data-name=\"your-message\"><textarea cols=\"40\" rows=\"10\" maxlength=\"2000\" class=\"wpcf7-form-control wpcf7-textarea\" aria-invalid=\"false\" name=\"your-message\"><\/textarea><\/span> <\/label>\n<\/p>\n<p><b>L\u016bdzu, \u0146emiet v\u0113r\u0101:<\/b> Ja j\u016bs <u>neredz\u0113t<\/u> pogu \"S\u016bt\u012bt\" zem\u0101k, jums ir <u>nav pie\u0146emts<\/u> m\u016bsu konfidencialit\u0101tes politiku. T\u0101p\u0113c mums nav at\u013cauts v\u0101kt j\u016bsu datus \u0161\u0101d\u0101 veid\u0101. Vai nu rakstiet mums t\u0113rz\u0113\u0161an\u0101 labaj\u0101 pus\u0113, vai ar\u012b dz\u0113siet s\u012bkfailus p\u0101rl\u016bkprogramm\u0101 (Ctrl + Shift + Delete) un p\u0113c lapas p\u0101rl\u0101d\u0113\u0161anas pie\u0146emiet priv\u0101tuma politiku.\n<\/p><div class=\"wpcf7-response-output\" aria-hidden=\"true\"><\/div>\n<input type=\"hidden\" name=\"trp-form-language\" value=\"lv\"\/><\/form>\n<\/div>","protected":false},"excerpt":{"rendered":"<p>FREE Version The FREE Version of LeapLytics &#8211; Risk Heatmap is free to use with watermark and limited functionality. Watermark removed Individual Grid Size User Defined Color Scheme Color Inverter Border Settings Axis Settings Indicator Settings Text Settings Color Settings Navigations &amp; Actions Printable* You are already using the FREE version of this extension. PRO &hellip; <\/p>","protected":false},"author":1,"featured_media":0,"parent":0,"menu_order":0,"comment_status":"closed","ping_status":"closed","template":"","meta":{"footnotes":""},"class_list":["post-1342","page","type-page","status-publish","hentry","latest_post"],"_links":{"self":[{"href":"https:\/\/www.leaplytics.de\/lv\/wp-json\/wp\/v2\/pages\/1342","targetHints":{"allow":["GET"]}}],"collection":[{"href":"https:\/\/www.leaplytics.de\/lv\/wp-json\/wp\/v2\/pages"}],"about":[{"href":"https:\/\/www.leaplytics.de\/lv\/wp-json\/wp\/v2\/types\/page"}],"author":[{"embeddable":true,"href":"https:\/\/www.leaplytics.de\/lv\/wp-json\/wp\/v2\/users\/1"}],"replies":[{"embeddable":true,"href":"https:\/\/www.leaplytics.de\/lv\/wp-json\/wp\/v2\/comments?post=1342"}],"version-history":[{"count":0,"href":"https:\/\/www.leaplytics.de\/lv\/wp-json\/wp\/v2\/pages\/1342\/revisions"}],"wp:attachment":[{"href":"https:\/\/www.leaplytics.de\/lv\/wp-json\/wp\/v2\/media?parent=1342"}],"curies":[{"name":"wp","href":"https:\/\/api.w.org\/{rel}","templated":true}]}}