{"id":13482,"date":"2024-06-03T18:15:40","date_gmt":"2024-06-03T16:15:40","guid":{"rendered":"https:\/\/www.leaplytics.de\/?page_id=13482"},"modified":"2024-06-03T18:15:41","modified_gmt":"2024-06-03T16:15:41","slug":"riska-parvaldibas-riki-top-10-kas-jazina-katram-projektu-vaditajam-2024-gada","status":"publish","type":"page","link":"https:\/\/www.leaplytics.de\/lv\/riska-parvaldibas-riki-top-10-kas-jazina-katram-projektu-vaditajam-2024-gada\/","title":{"rendered":"Risku p\u0101rvald\u012bbas r\u012bki - Top 10, kas j\u0101zina katram projektu vad\u012bt\u0101jam 2024. gad\u0101"},"content":{"rendered":"<p>Negaid\u012btas probl\u0113mas vai riski bie\u017ei var izjaukt pat vislab\u0101k izstr\u0101d\u0101tus projekta pl\u0101nus. T\u0101p\u0113c efekt\u012bva riska p\u0101rvald\u012bba ir \u013coti svar\u012bga ikvienam projekta vad\u012bt\u0101jam. Izmantojot pareizos r\u012bkus un metodes, j\u016bs varat savlaic\u012bgi identific\u0113t, nov\u0113rt\u0113t un mazin\u0101t riskus. L\u016bk, 10 svar\u012bg\u0101kie riska p\u0101rvald\u012bbas r\u012bki un metodes, kas j\u0101zina katram projekta vad\u012bt\u0101jam:<\/p>\n\n\n\n<div class=\"wp-block-columns is-layout-flex wp-container-core-columns-is-layout-1 wp-block-columns-is-layout-flex\">\n<div class=\"wp-block-column is-vertically-aligned-center is-layout-flow wp-block-column-is-layout-flow\" style=\"flex-basis:150px\"><div class=\"wp-block-image wp-duotone-rgb949494-ffffff-1\">\n<figure class=\"aligncenter size-full is-resized\"><img loading=\"lazy\" decoding=\"async\" width=\"640\" height=\"427\" src=\"https:\/\/www.leaplytics.de\/wp-content\/uploads\/2024\/05\/excel-logo-8033473_640.webp\" alt=\"\" class=\"wp-image-13483\" style=\"width:170px\" srcset=\"https:\/\/www.leaplytics.de\/wp-content\/uploads\/2024\/05\/excel-logo-8033473_640.webp 640w, https:\/\/www.leaplytics.de\/wp-content\/uploads\/2024\/05\/excel-logo-8033473_640-300x200.webp 300w, https:\/\/www.leaplytics.de\/wp-content\/uploads\/2024\/05\/excel-logo-8033473_640-90x60.webp 90w\" sizes=\"auto, (max-width: 640px) 100vw, 640px\" \/><\/figure><\/div><\/div>\n\n\n\n<div class=\"wp-block-column is-layout-flow wp-block-column-is-layout-flow\" style=\"flex-basis:66.66%\">\n<p><strong>Microsoft Excel<\/strong><\/p>\n\n\n\n<p>Microsoft Excel ir b\u016btisks riska p\u0101rvald\u012bbas r\u012bks. Tas ir lietot\u0101jam draudz\u012bgs un pla\u0161i pieejams. Excel \u013cauj projektu vad\u012bt\u0101jiem izveidot detaliz\u0113tus potenci\u0101lo risku sarakstus un sekot to statusam vis\u0101 projekta dz\u012bves cikl\u0101. Piem\u0113ram, varat izmantot Excel, lai uzskait\u012btu visus iesp\u0113jamos projekta riskus un ieskic\u0113tu strat\u0113\u0123ijas katra riska nov\u0113r\u0161anai. Excel atkl\u0101j savu patieso potenci\u0101lu, kad tas darbojas kop\u0101 ar citiem jaud\u012bgiem r\u012bkiem.<\/p>\n<\/div>\n<\/div>\n\n\n\n<div class=\"wp-block-columns is-layout-flex wp-container-core-columns-is-layout-2 wp-block-columns-is-layout-flex\">\n<div class=\"wp-block-column is-vertically-aligned-center is-layout-flow wp-block-column-is-layout-flow\" style=\"flex-basis:150px\"><div class=\"wp-block-image wp-duotone-grayscale\">\n<figure class=\"aligncenter size-full is-resized\"><img loading=\"lazy\" decoding=\"async\" width=\"225\" height=\"300\" src=\"https:\/\/www.leaplytics.de\/wp-content\/uploads\/2024\/05\/power-bi-icon-logo-E1B451ED39-seeklogo.com_.png\" alt=\"\" class=\"wp-image-13484\" style=\"width:76px;height:auto\" srcset=\"https:\/\/www.leaplytics.de\/wp-content\/uploads\/2024\/05\/power-bi-icon-logo-E1B451ED39-seeklogo.com_.png 225w, https:\/\/www.leaplytics.de\/wp-content\/uploads\/2024\/05\/power-bi-icon-logo-E1B451ED39-seeklogo.com_-45x60.png 45w\" sizes=\"auto, (max-width: 225px) 100vw, 225px\" \/><\/figure><\/div><\/div>\n\n\n\n<div class=\"wp-block-column is-layout-flow wp-block-column-is-layout-flow\" style=\"flex-basis:66.66%\">\n<p><strong>Microsoft Power BI<\/strong><\/p>\n\n\n\n<p>Power BI ir jaud\u012bgs datu vizualiz\u0101cijas r\u012bks, kas sare\u017e\u0123\u012btus datus p\u0101rveido izteiksm\u012bgos vizu\u0101los att\u0113los. Excel un Power BI ir ide\u0101li sader\u012bgi. Excel pal\u012bdz uzglab\u0101t un p\u0101rvald\u012bt datus, bet Power BI pal\u012bdz ar interakt\u012bviem p\u0101rskatu vizu\u0101liem att\u0113liem. \u0160\u0101di interakt\u012bvi pane\u013ci izce\u013c j\u016bsu riskus un ietekmi. Iedom\u0101jieties, ka, izmantojot kr\u0101sainas diagrammas, j\u016bs varat par\u0101d\u012bt sava jaun\u0101k\u0101 projekta riskus, lai ikvienam b\u016btu viegl\u0101k tos saprast un r\u012bkoties.<\/p>\n<\/div>\n<\/div>\n\n\n\n<div class=\"wp-block-columns is-layout-flex wp-container-core-columns-is-layout-3 wp-block-columns-is-layout-flex\">\n<div class=\"wp-block-column is-vertically-aligned-center is-layout-flow wp-block-column-is-layout-flow\" style=\"flex-basis:150px\"><div class=\"wp-block-image wp-duotone-858585-ffffff-2\">\n<figure class=\"aligncenter size-full is-resized\"><img loading=\"lazy\" decoding=\"async\" width=\"96\" height=\"96\" src=\"https:\/\/www.leaplytics.de\/wp-content\/uploads\/2024\/05\/Bild1.svg_.jpg\" alt=\"\" class=\"wp-image-13485\" style=\"width:120px\" srcset=\"https:\/\/www.leaplytics.de\/wp-content\/uploads\/2024\/05\/Bild1.svg_.jpg 96w, https:\/\/www.leaplytics.de\/wp-content\/uploads\/2024\/05\/Bild1.svg_-60x60.jpg 60w\" sizes=\"auto, (max-width: 96px) 100vw, 96px\" \/><\/figure><\/div><\/div>\n\n\n\n<div class=\"wp-block-column is-layout-flow wp-block-column-is-layout-flow\" style=\"flex-basis:66.66%\">\n<p><strong>Risku re\u0123istrs<\/strong><\/p>\n\n\n\n<p>Risku re\u0123istrs ir b\u016btisks riska p\u0101rvald\u012bbas dokuments. Tas pal\u012bdz projektu vad\u012bt\u0101jiem saglab\u0101t visus identific\u0113tos riskus vienuviet. Iedom\u0101jieties to k\u0101 visaptvero\u0161u piez\u012bmju gr\u0101mati\u0146u, kur\u0101 j\u016bs dokument\u0113jat visas iesp\u0113jam\u0101s probl\u0113mas un atbilsto\u0161\u0101s to mazin\u0101\u0161anas strat\u0113\u0123ijas. Tas nodro\u0161ina, ka riski netiek ignor\u0113ti un tiek nep\u0101rtraukti uzraudz\u012bti.<\/p>\n<\/div>\n<\/div>\n\n\n\n<div class=\"wp-block-columns is-layout-flex wp-container-core-columns-is-layout-4 wp-block-columns-is-layout-flex\">\n<div class=\"wp-block-column is-vertically-aligned-center is-layout-flow wp-block-column-is-layout-flow\" style=\"flex-basis:150px\"><div class=\"wp-block-image wp-duotone-unset-3\">\n<figure class=\"aligncenter size-full is-resized\"><img loading=\"lazy\" decoding=\"async\" width=\"1827\" height=\"1816\" src=\"https:\/\/www.leaplytics.de\/wp-content\/uploads\/2022\/06\/Axis-Settings.png\" alt=\"\" class=\"wp-image-8460\" style=\"width:110px\" srcset=\"https:\/\/www.leaplytics.de\/wp-content\/uploads\/2022\/06\/Axis-Settings.png 1827w, https:\/\/www.leaplytics.de\/wp-content\/uploads\/2022\/06\/Axis-Settings-300x298.png 300w, https:\/\/www.leaplytics.de\/wp-content\/uploads\/2022\/06\/Axis-Settings-1024x1018.png 1024w, https:\/\/www.leaplytics.de\/wp-content\/uploads\/2022\/06\/Axis-Settings-150x150.png 150w, https:\/\/www.leaplytics.de\/wp-content\/uploads\/2022\/06\/Axis-Settings-768x763.png 768w, https:\/\/www.leaplytics.de\/wp-content\/uploads\/2022\/06\/Axis-Settings-1536x1527.png 1536w, https:\/\/www.leaplytics.de\/wp-content\/uploads\/2022\/06\/Axis-Settings-60x60.png 60w\" sizes=\"auto, (max-width: 1827px) 100vw, 1827px\" \/><\/figure><\/div><\/div>\n\n\n\n<div class=\"wp-block-column is-layout-flow wp-block-column-is-layout-flow\" style=\"flex-basis:66.66%\">\n<p><strong>Riska matrica<\/strong><\/p>\n\n\n\n<p>Risku matrica ir vizu\u0101ls r\u012bks, kas pal\u012bdz projektu vad\u012bt\u0101jiem noteikt risku priorit\u0101tes, pamatojoties uz to iesp\u0113jam\u012bbu un ietekmi. Uzz\u012bm\u0113jot riskus matric\u0101, j\u016bs varat \u0101tri redz\u0113t, kuriem riskiem ir j\u0101piev\u0113r\u0161 t\u016bl\u012bt\u0113ja uzman\u012bba. Risku matrica ir tikai viens no vizu\u0101lajiem r\u012bkiem, kam vajadz\u0113tu b\u016bt katra riska p\u0101rvaldnieka Power BI pane\u013ca sast\u0101vda\u013cai.<\/p>\n<\/div>\n<\/div>\n\n\n\n<div class=\"wp-block-columns is-layout-flex wp-container-core-columns-is-layout-5 wp-block-columns-is-layout-flex\">\n<div class=\"wp-block-column is-vertically-aligned-center is-layout-flow wp-block-column-is-layout-flow\" style=\"flex-basis:150px\"><div class=\"wp-block-image wp-duotone-858585-ffffff-4\">\n<figure class=\"aligncenter size-full is-resized\"><img loading=\"lazy\" decoding=\"async\" width=\"500\" height=\"500\" src=\"https:\/\/www.leaplytics.de\/wp-content\/uploads\/2024\/05\/kisspng-computer-icons-normal-distribution-probability-dis-5adcdc96034e34.1804701715244238300136-removebg-preview.png\" alt=\"\" class=\"wp-image-13487\" style=\"width:110px\" srcset=\"https:\/\/www.leaplytics.de\/wp-content\/uploads\/2024\/05\/kisspng-computer-icons-normal-distribution-probability-dis-5adcdc96034e34.1804701715244238300136-removebg-preview.png 500w, https:\/\/www.leaplytics.de\/wp-content\/uploads\/2024\/05\/kisspng-computer-icons-normal-distribution-probability-dis-5adcdc96034e34.1804701715244238300136-removebg-preview-300x300.png 300w, https:\/\/www.leaplytics.de\/wp-content\/uploads\/2024\/05\/kisspng-computer-icons-normal-distribution-probability-dis-5adcdc96034e34.1804701715244238300136-removebg-preview-150x150.png 150w, https:\/\/www.leaplytics.de\/wp-content\/uploads\/2024\/05\/kisspng-computer-icons-normal-distribution-probability-dis-5adcdc96034e34.1804701715244238300136-removebg-preview-370x370.png 370w, https:\/\/www.leaplytics.de\/wp-content\/uploads\/2024\/05\/kisspng-computer-icons-normal-distribution-probability-dis-5adcdc96034e34.1804701715244238300136-removebg-preview-60x60.png 60w\" sizes=\"auto, (max-width: 500px) 100vw, 500px\" \/><\/figure><\/div><\/div>\n\n\n\n<div class=\"wp-block-column is-layout-flow wp-block-column-is-layout-flow\" style=\"flex-basis:66.66%\">\n<p><strong>Montekarlo simul\u0101cija<\/strong><\/p>\n\n\n\n<p>Montekarlo simul\u0101cija ir progres\u012bv\u0101ks r\u012bks, kas izmanto statistikas metodes, lai prognoz\u0113tu risku ietekmi. Tas ir l\u012bdz\u012bgs kauli\u0146u me\u0161anai daudzas reizes, lai noskaidrotu visbie\u017e\u0101k sastopamos izn\u0101kumus. \u0160is r\u012bks pal\u012bdz paredz\u0113t iesp\u0113jam\u0101s probl\u0113mas un attiec\u012bgi pl\u0101not. Montekarlo simul\u0101cija ir \u012bpa\u0161i noder\u012bga sare\u017e\u0123\u012btiem projektiem ar vair\u0101kiem main\u012bgajiem lielumiem. Microsoft Excel ir piem\u0113rots r\u012bks, lai \u012bstenotu Montekarlo simul\u0101ciju.<\/p>\n<\/div>\n<\/div>\n\n\n\n<div class=\"wp-block-columns is-layout-flex wp-container-core-columns-is-layout-6 wp-block-columns-is-layout-flex\">\n<div class=\"wp-block-column is-vertically-aligned-center is-layout-flow wp-block-column-is-layout-flow\" style=\"flex-basis:150px\"><div class=\"wp-block-image wp-duotone-858585-ffffff-5\">\n<figure class=\"aligncenter size-full is-resized\"><img loading=\"lazy\" decoding=\"async\" width=\"256\" height=\"256\" src=\"https:\/\/www.leaplytics.de\/wp-content\/uploads\/2024\/05\/pedigree-1-337562-removebg-preview.png\" alt=\"\" class=\"wp-image-13495\" style=\"width:110px\" srcset=\"https:\/\/www.leaplytics.de\/wp-content\/uploads\/2024\/05\/pedigree-1-337562-removebg-preview.png 256w, https:\/\/www.leaplytics.de\/wp-content\/uploads\/2024\/05\/pedigree-1-337562-removebg-preview-150x150.png 150w, https:\/\/www.leaplytics.de\/wp-content\/uploads\/2024\/05\/pedigree-1-337562-removebg-preview-60x60.png 60w\" sizes=\"auto, (max-width: 256px) 100vw, 256px\" \/><\/figure><\/div><\/div>\n\n\n\n<div class=\"wp-block-column is-layout-flow wp-block-column-is-layout-flow\" style=\"flex-basis:66.66%\">\n<p><strong>PERT (programmas nov\u0113rt\u0113\u0161anas p\u0101rskat\u012b\u0161anas metode)<\/strong><\/p>\n\n\n\n<p>PERT ir metode, kas pal\u012bdz projektu vad\u012bt\u0101jiem saprast, k\u0101 laiks un riski var ietekm\u0113t projekta grafikus. Izkl\u0101stot visus projekta posmus un uzdevumus un analiz\u0113jot iesp\u0113jamos kav\u0113jumus, PERT sniedz skaidr\u0101ku priek\u0161statu par projekta grafiku. Piem\u0113ram, analiz\u0113jot projekta riskus un to ietekmi uz katra uzdevuma ilgumu, var samazin\u0101t projekta kav\u0113\u0161anos.<\/p>\n<\/div>\n<\/div>\n\n\n\n<div class=\"wp-block-columns is-layout-flex wp-container-core-columns-is-layout-7 wp-block-columns-is-layout-flex\">\n<div class=\"wp-block-column is-vertically-aligned-center is-layout-flow wp-block-column-is-layout-flow\" style=\"flex-basis:150px\"><div class=\"wp-block-image wp-duotone-858585-ffffff-6\">\n<figure class=\"aligncenter size-full is-resized\"><img loading=\"lazy\" decoding=\"async\" width=\"512\" height=\"512\" src=\"https:\/\/www.leaplytics.de\/wp-content\/uploads\/2024\/05\/4940750.png\" alt=\"\" class=\"wp-image-13489\" style=\"width:110px\" srcset=\"https:\/\/www.leaplytics.de\/wp-content\/uploads\/2024\/05\/4940750.png 512w, https:\/\/www.leaplytics.de\/wp-content\/uploads\/2024\/05\/4940750-300x300.png 300w, https:\/\/www.leaplytics.de\/wp-content\/uploads\/2024\/05\/4940750-150x150.png 150w, https:\/\/www.leaplytics.de\/wp-content\/uploads\/2024\/05\/4940750-370x370.png 370w, https:\/\/www.leaplytics.de\/wp-content\/uploads\/2024\/05\/4940750-60x60.png 60w\" sizes=\"auto, (max-width: 512px) 100vw, 512px\" \/><\/figure><\/div><\/div>\n\n\n\n<div class=\"wp-block-column is-layout-flow wp-block-column-is-layout-flow\" style=\"flex-basis:66.66%\">\n<p><strong>SVID anal\u012bze<\/strong><\/p>\n\n\n\n<p>SVID anal\u012bze ir strat\u0113\u0123isk\u0101s pl\u0101no\u0161anas r\u012bks, kas analiz\u0113 uz\u0146\u0113muma stipr\u0101s un v\u0101j\u0101s puses, iesp\u0113jas un draudus. \u0160is holistiskais skat\u012bjums pal\u012bdz projektu vad\u012bt\u0101jiem izprast gan iek\u0161\u0113jos, gan \u0101r\u0113jos faktorus, kas var\u0113tu ietekm\u0113t projektu. T\u0101 ir k\u0101 uz\u0146\u0113m\u0113jdarb\u012bbas vides sken\u0113\u0161ana, lai pie\u0146emtu lab\u0101kus l\u0113mumus.<\/p>\n<\/div>\n<\/div>\n\n\n\n<div class=\"wp-block-columns is-layout-flex wp-container-core-columns-is-layout-8 wp-block-columns-is-layout-flex\">\n<div class=\"wp-block-column is-vertically-aligned-center is-layout-flow wp-block-column-is-layout-flow\" style=\"flex-basis:150px\"><div class=\"wp-block-image wp-duotone-858585-ffffff-7\">\n<figure class=\"aligncenter size-full is-resized\"><img loading=\"lazy\" decoding=\"async\" width=\"512\" height=\"512\" src=\"https:\/\/www.leaplytics.de\/wp-content\/uploads\/2024\/05\/bow_tie_icon_126607.png\" alt=\"\" class=\"wp-image-13490\" style=\"width:110px\" srcset=\"https:\/\/www.leaplytics.de\/wp-content\/uploads\/2024\/05\/bow_tie_icon_126607.png 512w, https:\/\/www.leaplytics.de\/wp-content\/uploads\/2024\/05\/bow_tie_icon_126607-300x300.png 300w, https:\/\/www.leaplytics.de\/wp-content\/uploads\/2024\/05\/bow_tie_icon_126607-150x150.png 150w, https:\/\/www.leaplytics.de\/wp-content\/uploads\/2024\/05\/bow_tie_icon_126607-370x370.png 370w, https:\/\/www.leaplytics.de\/wp-content\/uploads\/2024\/05\/bow_tie_icon_126607-60x60.png 60w\" sizes=\"auto, (max-width: 512px) 100vw, 512px\" \/><\/figure><\/div><\/div>\n\n\n\n<div class=\"wp-block-column is-layout-flow wp-block-column-is-layout-flow\" style=\"flex-basis:66.66%\">\n<p><strong>Bowtie diagramma<\/strong><\/p>\n\n\n\n<p>Bowtie diagramma ir vizu\u0101ls r\u012bks, kas par\u0101da, k\u0101 notiek riski un k\u0101da ir to ietekme. T\u0101 pal\u012bdz izprast risku c\u0113lo\u0146us un to nov\u0113r\u0161anas veidus. Bowtie diagrammas iek\u013cau\u0161ana Power BI pane\u013ca pane\u013cos pal\u012bdz izprast j\u016bsu riska portfe\u013ca pamat\u0101 eso\u0161os faktorus.<\/p>\n<\/div>\n<\/div>\n\n\n\n<div class=\"wp-block-columns is-layout-flex wp-container-core-columns-is-layout-9 wp-block-columns-is-layout-flex\">\n<div class=\"wp-block-column is-vertically-aligned-center is-layout-flow wp-block-column-is-layout-flow\" style=\"flex-basis:150px\"><div class=\"wp-block-image wp-duotone-858585-ffffff-8\">\n<figure class=\"aligncenter size-full is-resized\"><img loading=\"lazy\" decoding=\"async\" width=\"200\" height=\"200\" src=\"https:\/\/www.leaplytics.de\/wp-content\/uploads\/2024\/05\/3732359-200.png\" alt=\"\" class=\"wp-image-13491\" style=\"width:110px\" srcset=\"https:\/\/www.leaplytics.de\/wp-content\/uploads\/2024\/05\/3732359-200.png 200w, https:\/\/www.leaplytics.de\/wp-content\/uploads\/2024\/05\/3732359-200-150x150.png 150w, https:\/\/www.leaplytics.de\/wp-content\/uploads\/2024\/05\/3732359-200-60x60.png 60w\" sizes=\"auto, (max-width: 200px) 100vw, 200px\" \/><\/figure><\/div><\/div>\n\n\n\n<div class=\"wp-block-column is-layout-flow wp-block-column-is-layout-flow\" style=\"flex-basis:66.66%\">\n<p><strong>Riska sadal\u012bjuma strukt\u016bra (RBS)<\/strong><\/p>\n\n\n\n<p>RBS ir hierarhiska sist\u0113ma, kas iedala riskus da\u017e\u0101d\u0101s grup\u0101s. \u0160is organizatoriskais r\u012bks pal\u012bdz projektu vad\u012bt\u0101jiem sistem\u0101tiski identific\u0113t un p\u0101rvald\u012bt riskus. Piem\u0113ram, j\u016bs varat iedal\u012bt riskus kategorij\u0101s atkar\u012bb\u0101 no to avota vai ietekmes jomas.<\/p>\n<\/div>\n<\/div>\n\n\n\n<div class=\"wp-block-columns is-layout-flex wp-container-core-columns-is-layout-10 wp-block-columns-is-layout-flex\">\n<div class=\"wp-block-column is-vertically-aligned-center is-layout-flow wp-block-column-is-layout-flow\" style=\"flex-basis:150px\"><div class=\"wp-block-image wp-duotone-858585-ffffff-9\">\n<figure class=\"aligncenter size-full is-resized\"><img loading=\"lazy\" decoding=\"async\" width=\"513\" height=\"486\" src=\"https:\/\/www.leaplytics.de\/wp-content\/uploads\/2024\/05\/6272532-middle-removebg-preview.png\" alt=\"\" class=\"wp-image-13493\" style=\"width:110px\" srcset=\"https:\/\/www.leaplytics.de\/wp-content\/uploads\/2024\/05\/6272532-middle-removebg-preview.png 513w, https:\/\/www.leaplytics.de\/wp-content\/uploads\/2024\/05\/6272532-middle-removebg-preview-300x284.png 300w, https:\/\/www.leaplytics.de\/wp-content\/uploads\/2024\/05\/6272532-middle-removebg-preview-63x60.png 63w\" sizes=\"auto, (max-width: 513px) 100vw, 513px\" \/><\/figure><\/div><\/div>\n\n\n\n<div class=\"wp-block-column is-layout-flow wp-block-column-is-layout-flow\" style=\"flex-basis:66.66%\">\n<p><strong>Scen\u0101riju anal\u012bze<\/strong><\/p>\n\n\n\n<p>Scen\u0101riju anal\u012bze pal\u012bdz projektu vad\u012bt\u0101jiem pl\u0101not da\u017e\u0101das iesp\u0113jam\u0101s situ\u0101cijas. P\u0101rdom\u0101jot da\u017e\u0101dus scen\u0101rijus, var izstr\u0101d\u0101t strat\u0113\u0123ijas to risin\u0101\u0161anai. Pl\u0101nojot p\u0113c scen\u0101rijiem, var apzin\u0101ties ne tikai vid\u0113jo izn\u0101kumu, bet ar\u012b ekstr\u0113mas sekas.<\/p>\n<\/div>\n<\/div>\n\n\n\n<h3 class=\"wp-block-heading has-medium-font-size\">Galven\u0101 atzi\u0146a<\/h3>\n\n\n\n<p>\u0160ie 10 sp\u0113c\u012bg\u0101kie r\u012bki pal\u012bdz projektu vad\u012bt\u0101jiem lab\u0101k saskat\u012bt un p\u0101rvald\u012bt riskus. Tie nodro\u0161ina, lai projekti norit\u0113tu raiti un tiktu veiksm\u012bgi pabeigti. Izmantojot \u0161os r\u012bkus, j\u016bs varat savlaic\u012bgi paman\u012bt probl\u0113mas un nov\u0113rst t\u0101s, pirms t\u0101s k\u013c\u016bst lielas. T\u0101d\u0113j\u0101di j\u016bsu projekti tiek \u012bstenoti saska\u0146\u0101 ar pl\u0101nu.<\/p>","protected":false},"excerpt":{"rendered":"<p>Unexpected problems, or risks, can often derail even the best-laid project plans. This is why effective risk management is crucial for every project manager. With the right tools and techniques, you can identify, assess, and mitigate risks early. Here are the top 10 risk management tools and techniques every project manager should know about: Microsoft &hellip; <\/p>","protected":false},"author":55,"featured_media":0,"parent":0,"menu_order":0,"comment_status":"closed","ping_status":"closed","template":"","meta":{"footnotes":""},"class_list":["post-13482","page","type-page","status-publish","hentry","latest_post"],"_links":{"self":[{"href":"https:\/\/www.leaplytics.de\/lv\/wp-json\/wp\/v2\/pages\/13482","targetHints":{"allow":["GET"]}}],"collection":[{"href":"https:\/\/www.leaplytics.de\/lv\/wp-json\/wp\/v2\/pages"}],"about":[{"href":"https:\/\/www.leaplytics.de\/lv\/wp-json\/wp\/v2\/types\/page"}],"author":[{"embeddable":true,"href":"https:\/\/www.leaplytics.de\/lv\/wp-json\/wp\/v2\/users\/55"}],"replies":[{"embeddable":true,"href":"https:\/\/www.leaplytics.de\/lv\/wp-json\/wp\/v2\/comments?post=13482"}],"version-history":[{"count":4,"href":"https:\/\/www.leaplytics.de\/lv\/wp-json\/wp\/v2\/pages\/13482\/revisions"}],"predecessor-version":[{"id":13499,"href":"https:\/\/www.leaplytics.de\/lv\/wp-json\/wp\/v2\/pages\/13482\/revisions\/13499"}],"wp:attachment":[{"href":"https:\/\/www.leaplytics.de\/lv\/wp-json\/wp\/v2\/media?parent=13482"}],"curies":[{"name":"wp","href":"https:\/\/api.w.org\/{rel}","templated":true}]}}