{"id":13717,"date":"2025-05-12T15:34:59","date_gmt":"2025-05-12T13:34:59","guid":{"rendered":"https:\/\/www.leaplytics.de\/?page_id=13717"},"modified":"2025-05-12T15:35:01","modified_gmt":"2025-05-12T13:35:01","slug":"atsauksmes","status":"publish","type":"page","link":"https:\/\/www.leaplytics.de\/lv\/atsauksmes\/","title":{"rendered":"Atsauksmes"},"content":{"rendered":"<p><em>&#8220;<strong>M\u0113s jau vair\u0101k nek\u0101 gadu izmantojam LeapLytics riska matricu \/ Heatmap vizu\u0101lo lietojumprogrammu Power BI.<\/strong><br>Tas ir k\u013cuvis par m\u016bsu komandas neaizst\u0101jamu r\u012bku. T\u0101 intuit\u012bvais dizains un piel\u0101gojam\u0101s funkcijas \u013cauj mums efekt\u012bvi vizualiz\u0113t riskus un noteikt to priorit\u0101tes, \u013caujot mums koncentr\u0113ties uz vissvar\u012bg\u0101kaj\u0101m jom\u0101m. Iesp\u0113ja piel\u0101got matricu m\u016bsu specifiskaj\u0101m vajadz\u012bb\u0101m ir iev\u0113rojami uzlabojusi m\u016bsu riska nov\u0113rt\u0113\u0161anas procesus. \u013boti iesaku \u0161o spraudni jebkurai komandai, kas v\u0113las uzlabot riska p\u0101rvald\u012bbas iesp\u0113jas Power BI.\"<\/em> (Anon\u012bms)<\/p>\n\n\n\n<p><em>&#8220;<strong>Sp\u0113\u013cu main\u012bt\u0101js<\/strong> - \u0160\u012b lietotne ir ietaup\u012bjusi simtiem izstr\u0101des stundu, probl\u0113mu nov\u0113r\u0161anas stundu un citu galvass\u0101pju, kas rodas, veidojot lietotni no pa\u0161iem pamatiem. \u0160o lietotni bija \u013coti viegli pievienot m\u016bsu veidotajai lietojumprogrammai, un t\u0101 ir ar\u012b vizu\u0101li pievilc\u012bga un viegli lietojama. \u013boti iesaku ikvienam, kas v\u0113las ietaup\u012bt izstr\u0101des stundas un laiku, lai ieg\u016btu kaut ko, kas jau ir p\u0101rbaud\u012bts kauj\u0101s!\"<\/em> (Anon\u012bms)<\/p>\n\n\n\n<p><em>\"Riska matricas vizu\u0101l\u0101 forma Power BI platform\u0101 ir izmantota k\u0101 <strong>strat\u0113\u0123isks instruments<\/strong> kritiski svar\u012bgu tehnisk\u0101s apkopes darb\u012bbu p\u0101rvald\u012bbai, nodro\u0161inot \u0101tru un efekt\u012bvu ar katru akt\u012bvu saist\u012bto risku vizualiz\u0101ciju. Matrica vizu\u0101li att\u0113lo akt\u012bvu kritiskumu, pamatojoties uz to ietekmes l\u012bmeni un boj\u0101juma varb\u016bt\u012bbu, tie\u0161i atbalstot kori\u0123\u0113jo\u0161o un prevent\u012bvo darb\u012bbu priorit\u0101\u0161u noteik\u0161anu. <br>\u0160\u012b funkcija pal\u012bdz identific\u0113t tehnisk\u0101s apkopes elementus ar visliel\u0101ko darb\u012bbas noz\u012bmi, veicinot resursu, komandu un termi\u0146u aserkt\u012bv\u0101ku p\u0101rvald\u012bbu, jo \u012bpa\u0161i sare\u017e\u0123\u012btos scen\u0101rijos, piem\u0113ram, aptur\u0113\u0161anas vai \u0101rk\u0101rtas intervences gad\u012bjumos. Turkl\u0101t t\u0101s interakt\u012bv\u0101 un piel\u0101gojam\u0101 saskarne \u013cauj veikt atjaunin\u0101jumus un simul\u0101cijas re\u0101llaik\u0101, padarot l\u0113mumu pie\u0146em\u0161anas procesu \u0101tr\u0101ku un vair\u0101k balst\u012btu uz datiem.<br>\u0160\u012bs vizualiz\u0101cijas izmanto\u0161ana ar\u012b stiprina uz risku balst\u012btu tehnisk\u0101s apkopes p\u0101rvald\u012bbu, saska\u0146ojot tehniskos centienus ar organiz\u0101cijas strat\u0113\u0123iskajiem m\u0113r\u0137iem attiec\u012bb\u0101 uz akt\u012bvu uzticam\u012bbu un pieejam\u012bbu.\"<\/em> (CENIBRA)<\/p>\n\n\n\n<p><em>&#8220;<strong>Fantastisks vizu\u0101lais<\/strong> - Esmu izm\u0113\u0123in\u0101jis \u0161o vizu\u0101lo lietojumprogrammu vair\u0101kiem p\u0101rskatiem, un t\u0101 ir tik viegli lietojama, ta\u010du tik jaud\u012bga. Risku vizu\u0101lais att\u0113lojums \u0161aj\u0101 matric\u0101 man ir ietaup\u012bjis neskait\u0101mas stundas, jo varu piev\u0113rst uzman\u012bbu t\u0101m sada\u013c\u0101m, kas ir atz\u012bm\u0113tas k\u0101 \u013coti ietekm\u012bgas. Leaplytics ir ar\u012b \u013coti atsauc\u012bga uz e-pastiem. Es \u013coti iesaku \u0161o Leaplytics spraudni.\"<\/em> (Anon\u012bms)<\/p>\n\n\n\n<p><em>&#8220;<strong>Agr\u0101k man patika siltuma kartes, tagad es t\u0101s m\u012blu.<\/strong> - Man bie\u017ei rad\u0101s probl\u0113mas, m\u0113\u0123inot izveidot siltuma karti. \u0160im ir sp\u0113c\u012bgs st\u0101st\u012bjuma sp\u0113ks, un tas ir patie\u0161\u0101m viegli lietojams.\"<\/em> (Rafaels de Taranto)<\/p>\n\n\n\n<p><em>&#8220;<strong>Lieliska lietotne<\/strong> - \u0160\u012b ir oblig\u0101ti nepiecie\u0161ama lietotne, ja str\u0101d\u0101jat ar riskiem. To ir viegli iestat\u012bt un \u013coti viegli konfigur\u0113t, lai t\u0101 atbilstu j\u016bsu vajadz\u012bb\u0101m.\"<\/em> (Roy Varghese)<\/p>\n\n\n\n<p><em>&#8220;<strong>Lielisks pane\u013ca panelis riska zi\u0146o\u0161anai<\/strong> - \u0160is inform\u0101cijas panelis nodro\u0161ina lielisku risku vizualiz\u0101ciju, un m\u0113s esam to iek\u013c\u0101vu\u0161i daudzos uz\u0146\u0113muma riska p\u0101rskatu pane\u013cos. LeapLytics turpina pilnveidot pane\u013ca funkcijas, tostarp iesp\u0113ju punktpunktiem pie\u0161\u0137irt kr\u0101su kodus. \u013boti iesak\u0101m \u0161o riska karstuma kartes lietojumprogrammas spraudni, lai uzlabotu Power BI pane\u013cus. Pluss ir ar\u012b atsauc\u012bba uz jaut\u0101jumiem un atbalsts.\"<\/em> (Becky Sterrett)<\/p>\n\n\n\n<p><em>&#8220;<strong>Lieliska riska kar\u0161u karte<\/strong> - Riska karstkar\u0161u r\u012bks ir bijis \u013coti noder\u012bgs, lai inform\u0113tu ieinteres\u0113t\u0101s personas par uz\u0146\u0113muma riskiem un riska l\u012bme\u0146iem. Viegli lietojams un labi vizualiz\u0113ts.\"<\/em> (Anon\u012bms)<\/p>\n\n\n\n<p class=\"has-text-align-left\"><em>&#8220;<strong>\u0160is r\u012bks ir lietot\u0101jam draudz\u012bgs<\/strong> un efekt\u012bvi atspogu\u013co riska r\u0101d\u012bt\u0101jus skaidr\u0101, viegli saprotam\u0101 form\u0101t\u0101.\"<\/em> (Scott Nicol)<\/p>\n\n\n\n<p><em>&#8220;<strong>Lielisks r\u012bks<\/strong> - \u0160is r\u012bks ir bijis noder\u012bgs m\u016bsu nep\u0101rtrauktajos centienos racionaliz\u0113t riska nov\u0113rt\u0113\u0161anas procesu. Nodro\u0161ina lielisku vizu\u0101lo risin\u0101jumu, lai \u0101tri nov\u0113rt\u0113tu riska profilu.\"<\/em> (Anon\u012bms)<\/p>\n\n\n\n<p><em>&#8220;<strong>Riska matrica<\/strong> - Es biju patie\u0161\u0101m priec\u012bgs, ka atradu \u0161o r\u012bku un to, k\u0101 tas darbojas no riska p\u0101rvald\u012bbas \/ p\u0101rskatu snieg\u0161anas viedok\u013ca - tas ir lielisks veids, k\u0101 vizualiz\u0113t un p\u0101rskat\u012bt riska re\u0123istrus, koncentr\u0113joties uz galvenajiem \/ paaugstin\u0101tajiem riskiem. Ar\u012b komanda ir bijusi fantastiska, sniedzot atbalstu un iesaistoties ar mani, k\u0101 es to izmantoju un k\u0101 to uzlabot.\"<\/em> (Anon\u012bms)<\/p>\n\n\n\n<p><em>&#8220;<strong>Tas darbojas tie\u0161i t\u0101, k\u0101 gaid\u012bts un reklam\u0113ts.<\/strong> - Ieg\u0101d\u0101jos \u0161\u012bs lietotnes licenci pirms gandr\u012bz 9 m\u0113ne\u0161iem, instal\u0113ju to vair\u0101kos zi\u0146ojumos, kurus izmanto simtiem cilv\u0113ku vis\u0101 pasaul\u0113, un no lietot\u0101jiem ir sa\u0146emtas tikai pozit\u012bvas atsauksmes.\"<\/em> (Small, Roy)<\/p>\n\n\n\n<p><em>&#8220;<strong>Lielisks r\u012bks, lai apskat\u012btu savu riska matricas v\u0113sturi<\/strong> - Viens no lab\u0101kajiem \u012bpa\u0161ajiem r\u012bkiem riska matricas ierakstu p\u0101rvald\u012bbai un att\u0113lo\u0161anai profesion\u0101l\u0101 veid\u0101 Es izstr\u0101d\u0101ju \u0161o r\u012bku un prezent\u0113ju to vad\u012bbai 1- Lielisks dizains 2- Elast\u012bgums 3- Viegli lietojams 4- Es iesaku to izmantot Paties\u012bb\u0101 tas ir tas, ko es mekl\u0113ju Paldies, Stefan Preusler Paldies, LeapLytics GmbH komanda\"<\/em> (\u0645\u062d\u064a\u064a \u0627\u0644\u062f\u064a\u0646)<\/p>\n\n\n\n<p><em>&#8220;<strong>Piln\u012bgi t\u0101 v\u0113rts<\/strong> - Visu, ko m\u0113s v\u0113l\u0113j\u0101mies pan\u0101kt ar riska matricu, m\u0113s var\u0113j\u0101m \u012bstenot ar \u0161o vizualiz\u0101ciju. Tas ir absol\u016bti t\u0101 v\u0113rts.\"<\/em> (Anon\u012bms)<\/p>\n\n\n\n<p><em>&#8220;<strong>Lielisks risin\u0101jums auditoriem!<\/strong> - Vizu\u0101lais objekts lieliski atbilst revidentu riska matricas pras\u012bb\u0101m un pras\u012bb\u0101m.\" (David L\u00f3pez Morales)<\/em><\/p>\n\n\n\n<p><em>&#8220;<strong>Labs vizu\u0101lais izskats<\/strong> lai atbalst\u012btu sarunas par risku.\"<\/em> (Elleke Bosworth)<\/p>\n\n\n\n<p><em>&#8220;<strong>Lielisks vizu\u0101lais izskats<\/strong> - Es mekl\u0113ju darbojo\u0161os risin\u0101jumu, lai vizualiz\u0113tu savus riskus. \u0160\u012b vizualiz\u0101cija darbojas lieliski un ir gatava darbam da\u017eu min\u016b\u0161u laik\u0101. Interaktivit\u0101te darbojas labi un ir k\u0101 \"\u012bsta\".\"\"<\/em> (Anon\u012bms)<\/p>\n\n\n\n<p><em>&#8220;<strong>Lielisks riska vizu\u0101lais r\u012bks<\/strong> - Lielisks r\u012bks, lai vizualiz\u0113tu riska siltuma karti, \u013coti efekt\u012bvs un viegli pieejams\"<\/em> (Anon\u012bms)<\/p>\n\n\n\n<p><em>&#8220;<strong>Nepiecie\u0161ams r\u012bks riska p\u0101rvald\u012bbas jom\u0101<\/strong> - \u0160is r\u012bks ir lietot\u0101jam draudz\u012bgs un efekt\u012bvi atspogu\u013co riska r\u0101d\u012bt\u0101jus skaidr\u0101, viegli saprotam\u0101 form\u0101t\u0101.\"<\/em> (Anon\u012bms)<\/p>\n\n\n\n<p><em>&#8220;<strong>\u013boti noder\u012bgs riska p\u0101rvald\u012bbas r\u012bks<\/strong> - Riska karstkarte man ir \u013coti noder\u012bga m\u016bsu riska p\u0101rvald\u012bbas proces\u0101. T\u0101 pal\u012bdz viegli un saprotami vizualiz\u0113t risku gan valdei, gan p\u0101r\u0113jiem uz\u0146\u0113muma darbiniekiem. To ir ar\u012b viegli lietot, un j\u016bs \u0101tri saprotat, k\u0101 darbojas iestat\u012bjumi.\"<\/em> (Anon\u012bms)<\/p>\n\n\n\n<p><em>&#8220;<strong>Lielisks maz papildin\u0101jums!<\/strong> - P\u0113d\u0113jo gadu m\u0113s izmantojam LeapLytics siltuma karti. To ir viegli lietot, t\u0101 ir izdev\u012bga, un t\u0101s vizu\u0101lais izskats m\u016bsu riska vad\u012bbas panel\u012b ir lielisks.\"<\/em> (Anon\u012bms)<\/p>\n\n\n\n<p><em>&#8220;<strong>Perfect<\/strong> - Es muy buena, vers\u00e1til y pr\u00e1ctica.\"<\/em> (Cynthia Mercedes Anaya Manrique)<\/p>\n\n\n\n<p><em>&#8220;<strong>Lieliska vizu\u0101l\u0101 un atbildes reakcija<\/strong> - Sniedz mums nepiecie\u0161amo vizu\u0101lo inform\u0101ciju, un atbilde uz m\u016bsu jaut\u0101jumiem bija \u0101tra un noder\u012bga.\"<\/em> (Anon\u012bms)<\/p>\n\n\n\n<p><em>&#8220;<strong>Solid <\/strong>- Ciet\u0101 vizu\u0101l\u0101 izteiksm\u0113\"<\/em> (Anon\u012bms)<\/p>","protected":false},"excerpt":{"rendered":"<p>\"M\u0113s jau vair\u0101k nek\u0101 gadu izmantojam LeapLytics riska matricu \/ karstuma karti Power BI.T\u0101 ir k\u013cuvusi par neaizst\u0101jamu r\u012bku m\u016bsu komandai. T\u0101 intuit\u012bvais dizains un piel\u0101gojam\u0101s funkcijas \u013cauj mums efekt\u012bvi vizualiz\u0113t un prioritiz\u0113t riskus, \u013caujot mums koncentr\u0113ties uz vissvar\u012bg\u0101kaj\u0101m jom\u0101m. Iesp\u0113ja piel\u0101got matricu ... <\/p>","protected":false},"author":2,"featured_media":0,"parent":0,"menu_order":0,"comment_status":"closed","ping_status":"closed","template":"","meta":{"footnotes":""},"class_list":["post-13717","page","type-page","status-publish","hentry","latest_post"],"_links":{"self":[{"href":"https:\/\/www.leaplytics.de\/lv\/wp-json\/wp\/v2\/pages\/13717","targetHints":{"allow":["GET"]}}],"collection":[{"href":"https:\/\/www.leaplytics.de\/lv\/wp-json\/wp\/v2\/pages"}],"about":[{"href":"https:\/\/www.leaplytics.de\/lv\/wp-json\/wp\/v2\/types\/page"}],"author":[{"embeddable":true,"href":"https:\/\/www.leaplytics.de\/lv\/wp-json\/wp\/v2\/users\/2"}],"replies":[{"embeddable":true,"href":"https:\/\/www.leaplytics.de\/lv\/wp-json\/wp\/v2\/comments?post=13717"}],"version-history":[{"count":5,"href":"https:\/\/www.leaplytics.de\/lv\/wp-json\/wp\/v2\/pages\/13717\/revisions"}],"predecessor-version":[{"id":13725,"href":"https:\/\/www.leaplytics.de\/lv\/wp-json\/wp\/v2\/pages\/13717\/revisions\/13725"}],"wp:attachment":[{"href":"https:\/\/www.leaplytics.de\/lv\/wp-json\/wp\/v2\/media?parent=13717"}],"curies":[{"name":"wp","href":"https:\/\/api.w.org\/{rel}","templated":true}]}}