{"id":13808,"date":"2025-07-14T10:32:30","date_gmt":"2025-07-14T08:32:30","guid":{"rendered":"https:\/\/www.leaplytics.de\/?page_id=13808"},"modified":"2025-07-14T10:32:31","modified_gmt":"2025-07-14T08:32:31","slug":"gantt-leaplytics-power-bi","status":"publish","type":"page","link":"https:\/\/www.leaplytics.de\/lv\/gantt-leaplytics-power-bi\/","title":{"rendered":"Ganta LeapLytics - Power BI"},"content":{"rendered":"<p>Tas ir vienk\u0101r\u0161i. M\u0113s dodam jums iesp\u0113ju atdz\u012bvin\u0101t projektu grafikus un laika grafikus tie\u0161i Power BI vid\u0113. M\u016bsu Leaplytics Gantt Chart vizualiz\u0101cija p\u0101rveido sare\u017e\u0123\u012btus projekta datus profesion\u0101l\u0101s, interakt\u012bv\u0101s un visaptvero\u0161\u0101s laika grafiku vizualiz\u0101cij\u0101s. Izvadiet projektu grafikus no Microsoft Project, Primavera P6, Jira, Asana un Azure DevOps tie\u0161i t\u0101, k\u0101 paredz\u0113ts.<\/p>\n<blockquote>\n<p>\"Beidzot Ganta diagramma, kas patie\u0161\u0101m darbojas Power BI! Iesp\u0113ja att\u0113lot m\u016bsu projektu grafikus ar atkar\u012bb\u0101m un progresa izseko\u0161anu tie\u0161i m\u016bsu vad\u012bbas pane\u013cos statisku ekr\u0101n\u0161\u0101vi\u0146u viet\u0101 ir p\u0101rveidojusi m\u016bsu projektu prezent\u0101cijas.\"\"<br \/>- <strong>Johnson M., Biznesa izl\u016bko\u0161anas vad\u012bt\u0101js<\/strong> <em>(b\u016bvniec\u012bbas nozare)<\/em><\/p>\n<\/blockquote>\n<h2 id=\"what-s-in-it-for-you-\">Kas jums ir izdev\u012bgs?<\/h2>\n<p>Atblo\u0137\u0113jiet profesion\u0101lu projektu vizualiz\u0101ciju saviem Power BI pane\u013ciem:<\/p>\n<p><strong>Skaisti vizualiz\u0113t projektus:<\/strong> P\u0101rveidojiet neapstr\u0101d\u0101tus projektu datus no Microsoft Project, Primavera P6, Jira, Asana un Azure DevOps profesion\u0101li atveidot\u0101s Ganta diagramm\u0101s.<\/p>\n<p><strong>Elimin\u0113t manu\u0101lo darbu:<\/strong> Nevajag vairs eksport\u0113t ekr\u0101n\u0161\u0101vi\u0146us vai manu\u0101li veidot laika grafikus. J\u016bsu eso\u0161ie projekta dati tiek par\u0101d\u012bti k\u0101 interakt\u012bvas Ganta diagrammas.<\/p>\n<p><strong>Ietekm\u0113jiet ieinteres\u0113t\u0101s personas:<\/strong> Iesniedziet profesion\u0101las projekta inform\u0101cijas pane\u013cus, kas saglab\u0101 uzticam\u012bbu vad\u012bt\u0101ju san\u0101ksm\u0113s un ieinteres\u0113to personu prezent\u0101cij\u0101s.<\/p>\n<p><strong>Ietaupiet laiku:<\/strong> P\u0101rtrauciet t\u0113r\u0113t stundas, lai manu\u0101li veidotu laika grafiku. Pievienojiet projekta datus un v\u0113rojiet, k\u0101 uzdevumu saraksti p\u0101rv\u0113r\u0161as visaptvero\u0161\u0101s Ganta vizualiz\u0101cij\u0101s.<\/p>\n<blockquote>\n<p>\"Agr\u0101k m\u0113s ik ned\u0113\u013cu pavad\u012bj\u0101m 12 stundas, veidojot laika atskaites no m\u016bsu projektu vad\u012bbas r\u012bkiem. Tagad viss tiek autom\u0101tiski par\u0101d\u012bts k\u0101 skaistas interakt\u012bvas Ganta diagrammas. M\u016bsu projekta statusa p\u0101rskati atkal izskat\u0101s profesion\u0101li.\"<br \/>- <strong>Rodriguez A., anal\u012btikas direktors<\/strong> <em>(Vesel\u012bbas apr\u016bpes tehnolo\u0123ijas)<\/em><\/p>\n<\/blockquote>\n<h2 id=\"how-you-can-benefit\">K\u0101 j\u016bs varat g\u016bt labumu<\/h2>\n<p>Lietot\u0101ji, kas pie\u0146\u0113ma m\u016bsu Leaplytics Gantt Chart vizu\u0101lo p\u0101rskatu:<\/p>\n<p><strong>Nov\u0113rsti laika l\u012bnijas murgi:<\/strong> Neb\u016bs vairs manu\u0101las diagrammu izveides vai statisku laika grafiku ekr\u0101n\u0161\u0101vi\u0146u prezent\u0101cij\u0101s.<\/p>\n<p><strong>Pla\u0161\u0101ka inform\u0101cijas pane\u013ca ievie\u0161ana:<\/strong> Ieinteres\u0113t\u0101s personas vair\u0101k iesaist\u0101s, izmantojot interakt\u012bvas Ganta diagrammas, kuras t\u0101s var izp\u0113t\u012bt un saprast.<\/p>\n<p><strong>Uzlabota profesion\u0101l\u0101 uzticam\u012bba:<\/strong> Vad\u012bt\u0101ju prezent\u0101cijas izskat\u0101s izsmalcin\u0101tas un saglab\u0101 j\u016bsu k\u0101 datu profesion\u0101\u013ca reput\u0101ciju.<\/p>\n<p><strong>Vienoti projekta skati:<\/strong> Par\u0101diet projekta datus no vair\u0101k\u0101m uz\u0146\u0113muma platform\u0101m vien\u0101 saskan\u012bg\u0101, interakt\u012bv\u0101 Power BI Ganta diagramm\u0101.<\/p>\n<h2 id=\"key-features\">Galven\u0101s funkcijas<\/h2>\n<p><strong>Vair\u0101ku platformu atbalsts:<\/strong> Atbalsta Microsoft Project, Primavera P6, Jira, Asana, Azure DevOps un jebkuru tabul\u0101ro projektu datus.<\/p>\n<p><strong>Uzlabots laika grafika dzin\u0113js:<\/strong><\/p>\n<ul>\n<li>Inteli\u0123enta uzdevumu pozicion\u0113\u0161ana un datuma m\u0113rogo\u0161ana<\/li>\n<li>Vieda hierarhiska uzdevumu p\u0101rvald\u012bba sare\u017e\u0123\u012btiem projektiem<\/li>\n<\/ul>\n<p><strong>Profesion\u0101la projektu vizualiz\u0101cija:<\/strong> <\/p>\n<ul>\n<li>Atveido atbilsto\u0161as uzdevumu joslas, atkar\u012bbas, starpposma m\u0113r\u0137us un progresa izseko\u0161anu, kas atbilst Power BI t\u0113m\u0101m.<\/li>\n<li>Interakt\u012bva laika l\u012bnijas navig\u0101cija ar t\u0101lummai\u0146as un panoram\u0113\u0161anas iesp\u0113j\u0101m<\/li>\n<\/ul>\n<p><strong>Uz\u0146\u0113muma projekta funkcijas:<\/strong><\/p>\n<ul>\n<li>Uzdevumu atkar\u012bbas ar attiec\u012bbu bulti\u0146\u0101m<\/li>\n<li>Progresa izseko\u0161ana un pabeig\u0161anas statuss<\/li>\n<li>Resursu pie\u0161\u0137ir\u0161anas vizualiz\u0101cija<\/li>\n<li>Kritisk\u0101 ce\u013ca anal\u012bze<\/li>\n<\/ul>\n<p><strong>Optimiz\u0113ta veiktsp\u0113ja:<\/strong> Efekt\u012bva lielo projektu datu kopu ar vair\u0101k nek\u0101 1000 uzdevumiem un sare\u017e\u0123\u012btiem atkar\u012bbu t\u012bkliem atveido\u0161ana.<\/p>\n<p><strong>Nevainojama Power BI integr\u0101cija:<\/strong> Darbojas k\u0101 jebkur\u0161 cits Power BI vizu\u0101lais lietojums, iev\u0113rojot filtrus, griez\u0113jus un savstarp\u0113jo filtr\u0113\u0161anu.<\/p>\n<p><strong>Intuit\u012bva konfigur\u0101cija:<\/strong> Vienk\u0101r\u0161s form\u0101ta panelis ar izlai\u017eamaj\u0101m izv\u0113l\u0113m uzdevumu laukiem, datumiem un vizualiz\u0101cijas iesp\u0113j\u0101m.<\/p>\n<p><strong>Gatavs uz\u0146\u0113mumam:<\/strong> Robusta licenc\u0113\u0161anas sist\u0113ma, kas izstr\u0101d\u0101ta izvieto\u0161anai uz\u0146\u0113mum\u0101 ar uzlabot\u0101m projektu p\u0101rvald\u012bbas funkcij\u0101m.<\/p>\n<h2 id=\"your-team-will-thank-you\">J\u016bsu komanda jums pateiksies<\/h2>\n<p><em>Vai esat noguris no statiskiem projekta ekr\u0101n\u0161\u0101vi\u0146iem vad\u012bt\u0101ju prezent\u0101cij\u0101s?<\/em> Vai jums k\u0101dreiz ir bijis gr\u016bti izskaidrot projekta statusu, izmantojot garlaic\u012bgus tabulas p\u0101rskatus, kad ieinteres\u0113taj\u0101m person\u0101m ir nepiecie\u0161ams redz\u0113t laika grafikus? M\u016bsu Leaplytics Gantt Chart vizu\u0101l\u0101 diagramma ir risin\u0101jums, ko esat gaid\u012bjis. Tas ir vizu\u0101lais risin\u0101jums, ko m\u0113s, projektu vad\u012bbas profesion\u0101\u013ci, vienm\u0113r esam v\u0113l\u0113ju\u0161ies, lai tas eksist\u0113tu, kad cen\u0161amies efekt\u012bvi inform\u0113t par projekta statusu.<\/p>\n<blockquote>\n<p>\"Iesp\u0113ja att\u0113lot m\u016bsu Azure DevOps sprintus un projektu atkar\u012bbas ar atbilsto\u0161u Ganta vizualiz\u0101ciju ir revolucioniz\u0113jusi veidu, k\u0101 m\u0113s prezent\u0113jam projekta statusu vad\u012bt\u0101jiem. Laika l\u012bnija ir interakt\u012bva, un uzst\u0101d\u012b\u0161ana bija neticami vienk\u0101r\u0161a.\"<br \/>- <strong>\u010cena L., vado\u0161\u0101 datu anal\u012bti\u0137e<\/strong> <em>(programmat\u016bras izstr\u0101de)<\/em><\/p>\n<\/blockquote>\n<h2 id=\"letter-from-the-ceo\">Izpilddirektora v\u0113stule<\/h2>\n<p>Hei, visi...<\/p>\n<p>Es esmu Stefans, LeapLytics vad\u012bt\u0101js.<\/p>\n<p>Projektu vizualiz\u0101cija Power BI jau gadiem ilgi ir bijusi past\u0101v\u012bga probl\u0113ma. Lai p\u0101rvald\u012btu sare\u017e\u0123\u012btus projektu grafikus un atkar\u012bbas, organiz\u0101cijas veic lielus ieguld\u012bjumus t\u0101d\u0101s platform\u0101s k\u0101 Microsoft Project, Primavera P6, Jira un Azure DevOps. Ta\u010du, kad \u0161ie projektu dati non\u0101k Power BI, tie k\u013c\u016bst par nelas\u0101m\u0101m tabul\u0101m vai prasa manu\u0101lu diagrammu izveidi.<\/p>\n<p>\u0160\u012b neatbilst\u012bba starp sare\u017e\u0123\u012btiem projektu vad\u012bbas r\u012bkiem un pamata Power BI projektu atskai\u0161u veido\u0161anu ir sag\u0101d\u0101jusi vil\u0161anos neskait\u0101miem projektu vad\u012bt\u0101jiem, kas ir piedal\u012bju\u0161ies vad\u012bt\u0101ju prezent\u0101cij\u0101s. Tas mazina uzticam\u012bbu un padara v\u0113rt\u012bgus projekta ieskatus praktiski neredzamus inform\u0101cijas pane\u013cos.<\/p>\n<p>Tradicion\u0101lie BI vizu\u0101lie risin\u0101jumi vienk\u0101r\u0161i nebija izstr\u0101d\u0101ti m\u016bsdienu projektu vad\u012bbas sare\u017e\u0123\u012btajai realit\u0101tei, kur uzdevumiem ir atkar\u012bbas, progresa izseko\u0161ana, resursu pie\u0161\u0137ir\u0161ana un laika ierobe\u017eojumi. Te s\u0101kas neapmierin\u0101t\u012bba.<\/p>\n<p>M\u016bsu Leaplytics Gantt Chart vizu\u0101l\u0101 diagramma Power BI risina \u0161o fundament\u0101lo probl\u0113mu. M\u0113s uzskat\u0101m, ka j\u016bsu projekta datiem j\u0101b\u016bt saprotamiem un profesion\u0101liem visur, tostarp Power BI pane\u013cos.<\/p>\n<p>Runa ir par to, k\u0101 saglab\u0101t ieguld\u012bjumus, ko esat ieguld\u012bjis sare\u017e\u0123\u012bt\u0101 projekta pl\u0101no\u0161an\u0101, un pasniegt to vizu\u0101li skaidri un saprotami, k\u0101 to sagaida ieinteres\u0113t\u0101s puses. M\u0113s esam izstr\u0101d\u0101ju\u0161i \u0161o vizualiz\u0101ciju, lai apstr\u0101d\u0101tu re\u0101lo projekta datu sare\u017e\u0123\u012bt\u012bbu, vienlaikus saglab\u0101jot vienk\u0101r\u0161u iestat\u012b\u0161anu.<\/p>\n<p>\u0160is ir m\u016bsu ieguld\u012bjums, lai nov\u0113rstu projektu vizualiz\u0101cijas murgus, kas p\u0101r\u0101k ilgi ir nomoc\u012bju\u0161i Power BI lietot\u0101jus.<\/p>\n<p>Ar sveicieniem,<br \/><strong>Stefans Preuslers<\/strong><br \/>LeapLytics GmbH l\u012bdzdibin\u0101t\u0101js un izpilddirektors<\/p>\n<hr>\n<h2 id=\"ready-to-transform-your-project-visualization-\">Vai esat gatavs p\u0101rveidot savu projektu vizualiz\u0101ciju?<\/h2>\n<p><a href=\"https:\/\/www.leaplytics.de\/lv\/\"><strong>Piepras\u012bt izm\u0113\u0123in\u0101juma licenci<\/strong><\/a><\/p>\n<h2 id=\"getting-started\">Darba s\u0101k\u0161ana<\/h2>\n<p>Sa\u0146\u0113m\u0101t licenci vai vienk\u0101r\u0161i v\u0113laties uzzin\u0101t vair\u0101k?<br \/>Noklik\u0161\u0137iniet zem\u0101k, lai piek\u013c\u016btu m\u016bsu visaptvero\u0161ajam ce\u013cvedim:<\/p>\n<p><a href=\"https:\/\/www.leaplytics.de\/lv\/getting-started-gantt-chart-power-bi\/?utm_source=extension&amp;utm_medium=power-bi&amp;utm_campaign=gantt-chart\"><strong>Darba s\u0101k\u0161ana - Leaplytics Gantt Chart Visual for Power BI<\/strong><\/a><\/p>\n<hr>\n<p><em>P\u0101rveidojiet projekta datus profesion\u0101l\u0101s laika grafiku vizualiz\u0101cij\u0101s, ko ieinteres\u0113t\u0101s puses patie\u0161\u0101m saprot.<\/em> <\/p>","protected":false},"excerpt":{"rendered":"<p>It&#39;s straightforward. We empower you to bring your project timelines and schedules to life directly within Power BI. Our Leaplytics Gantt Chart visual transforms complex project data into professional, interactive, and comprehensive timeline visualizations. Display project schedules from Microsoft Project, Primavera P6, Jira, Asana, and Azure DevOps exactly as intended. &quot;Finally, a Gantt chart that &hellip; <\/p>","protected":false},"author":2,"featured_media":0,"parent":0,"menu_order":0,"comment_status":"closed","ping_status":"closed","template":"","meta":{"footnotes":""},"class_list":["post-13808","page","type-page","status-publish","hentry","latest_post"],"_links":{"self":[{"href":"https:\/\/www.leaplytics.de\/lv\/wp-json\/wp\/v2\/pages\/13808","targetHints":{"allow":["GET"]}}],"collection":[{"href":"https:\/\/www.leaplytics.de\/lv\/wp-json\/wp\/v2\/pages"}],"about":[{"href":"https:\/\/www.leaplytics.de\/lv\/wp-json\/wp\/v2\/types\/page"}],"author":[{"embeddable":true,"href":"https:\/\/www.leaplytics.de\/lv\/wp-json\/wp\/v2\/users\/2"}],"replies":[{"embeddable":true,"href":"https:\/\/www.leaplytics.de\/lv\/wp-json\/wp\/v2\/comments?post=13808"}],"version-history":[{"count":1,"href":"https:\/\/www.leaplytics.de\/lv\/wp-json\/wp\/v2\/pages\/13808\/revisions"}],"predecessor-version":[{"id":13809,"href":"https:\/\/www.leaplytics.de\/lv\/wp-json\/wp\/v2\/pages\/13808\/revisions\/13809"}],"wp:attachment":[{"href":"https:\/\/www.leaplytics.de\/lv\/wp-json\/wp\/v2\/media?parent=13808"}],"curies":[{"name":"wp","href":"https:\/\/api.w.org\/{rel}","templated":true}]}}