{"id":14251,"date":"2025-12-05T17:32:08","date_gmt":"2025-12-05T16:32:08","guid":{"rendered":"https:\/\/www.leaplytics.de\/?page_id=14251"},"modified":"2025-12-05T17:49:46","modified_gmt":"2025-12-05T16:49:46","slug":"biznesa-izlukosana","status":"publish","type":"page","link":"https:\/\/www.leaplytics.de\/lv\/biznesa-izlukosana\/","title":{"rendered":"Biznesa izl\u016bko\u0161ana"},"content":{"rendered":"<p>Probl\u0113ma ir \u0161\u0101da: liel\u0101kaj\u0101 da\u013c\u0101 uz\u0146\u0113mumu dati ir visur. Izkl\u0101jlapas. Datu b\u0101z\u0113s. M\u0101ko\u0146programmas. Ta\u010du datu esam\u012bba nav tas pats, kas to izmanto\u0161ana. Jums ir j\u0101redz, kas ir svar\u012bgi. \u0100tri. Neiedzi\u013cinoties stund\u0101m ilgi p\u0101rskatos. Negaidot, kam\u0113r IT speci\u0101listi izveidos paneli. Bez min\u0113jumiem par to, vai j\u016bsu projekti ir uz pareiz\u0101 ce\u013ca, vai ar\u012b dr\u012bz ciet\u012bs neveiksmi.<\/p>\n\n<p>Tas ir tas, ko biznesa izl\u016bko\u0161ana dara, ja t\u0101 tiek veikta pareizi. T\u0101 p\u0101rv\u0113r\u0161 j\u016bsu neskaidros datus skaidr\u0101s atbild\u0113s. \u012asum\u0101.<\/p>\n\n\n<hr class=\"wp-block-separator has-alpha-channel-opacity\"\/>\n\n\n<h2>Ko m\u0113s pied\u0101v\u0101jam<\/h2>\n\n<p>M\u0113s izstr\u0101d\u0101jam r\u012bkus div\u0101m jaud\u012bg\u0101kaj\u0101m BI platform\u0101m tirg\u016b: <strong>Microsoft Power BI<\/strong> un <strong>Qlik Sense<\/strong>. Turkl\u0101t m\u0113s pal\u012bdzam uz\u0146\u0113mumiem p\u0101riet no mantot\u0101m sist\u0113m\u0101m uz m\u016bsdien\u012bg\u0101m.Neatkar\u012bgi no t\u0101, kuru platformu izmantojat, m\u016bsu m\u0113r\u0137is ir vienk\u0101r\u0161s: pal\u012bdz\u0113t jums \u0101tr\u0101k pie\u0146emt lab\u0101kus l\u0113mumus.<\/p>\n\n\n<hr class=\"wp-block-separator has-alpha-channel-opacity\"\/>\n\n\n<!-- SECTION 1: POWER BI -->\n\n<h2>Power BI lietotnes un vizualiz\u0101cijas<\/h2>\n\n<p>Power BI ir Microsoft vado\u0161ais anal\u012bzes r\u012bks. To izmanto miljoniem cilv\u0113ku. Ta\u010du p\u0113c izn\u0101k\u0161anas no iepakojuma tam tr\u016bkst da\u017eu svar\u012bgu vizu\u0101lo elementu projektu p\u0101rvald\u012bbai un statusa zi\u0146o\u0161anai.<\/p>\n\n<p>M\u0113s to nov\u0113rs\u0101m.<\/p>\n\n<p>M\u016bsu Power BI vizualiz\u0101cijas ir <strong>Microsoft sertific\u0113ts<\/strong>. Tas noz\u012bm\u0113, ka tie atbilst visaugst\u0101kajiem dro\u0161\u012bbas standartiem. Tie tiek eksport\u0113ti uz PDF un PowerPoint. Un tie darbojas ar visiem j\u016bsu eso\u0161ajiem p\u0101rskatiem.<\/p>\n\n<p><a href=\"https:\/\/www.leaplytics.de\/lv\/power-bi-apps-vizualie-risinajumi\/\">Izp\u0113tiet visus Power BI vizu\u0101los risin\u0101jumus<\/a><\/p>\n\n<hr class=\"wp-block-separator has-alpha-channel-opacity\"\/>\n\n\n<!-- SECTION 2: QLIK SENSE -->\n\n<h2>Qlik Sense papla\u0161in\u0101jumi un pane\u013ci<\/h2>\n\n<p>Qlik Sense ir rad\u012bts izp\u0113tei. J\u016bs uzdodat jaut\u0101jumus, un t\u0101 atrod atbildes. Bet, kad runa ir par projektu vad\u012bbas vizualiz\u0101ciju, tai ir vajadz\u012bga pal\u012bdz\u012bba.<\/p>\n\n<p>M\u016bsu papla\u0161in\u0101jumi aizpilda nepiln\u012bbas. Tie ir paredz\u0113ti projektu vad\u012bt\u0101jiem, portfe\u013cu vad\u012bt\u0101jiem un ikvienam, kam nepiecie\u0161ams izsekot vair\u0101ku iniciat\u012bvu statusu.<\/p>\n\n\n<h3 class=\"wp-block-heading\">Projektu vad\u012bbas panelis<\/h3>\n\n\n<p>Da\u017e\u0101diem cilv\u0113kiem ir vajadz\u012bgi da\u017e\u0101di viedok\u013ci. Portfe\u013ca p\u0101rvaldniekam ir nepiecie\u0161ams kopaina. Projekta vad\u012bt\u0101jam ir vajadz\u012bga s\u012bk\u0101ka inform\u0101cija.<\/p>\n\n<p>M\u016bsu vad\u012bbas pane\u013ca pieeja par\u0101da pareizo inform\u0101ciju pareizajiem cilv\u0113kiem pareizaj\u0101 l\u012bmen\u012b. Ar vienu acu uzmetienu j\u016bs uzzin\u0101siet, kam j\u0101piev\u0113r\u0161 uzman\u012bba.<\/p>\n\n<ul>\n<li>Projekta statusa p\u0101rskati ar luksoforu un riska matricu<\/li>\n<li>Galveno posmu skati, kas par\u0101da m\u0113r\u0137a sasnieg\u0161anu<\/li>\n<li>portfe\u013ca l\u012bme\u0146a pane\u013ci vad\u012bt\u0101jiem<\/li>\n<\/ul>\n\n<p><a href=\"https:\/\/www.leaplytics.de\/lv\/priekseja-lapa\/projektu-vadibas-panela-vadibas-panelis-qlik-sense\/\">Uzziniet vair\u0101k par projektu vad\u012bbas paneli<\/a><\/p>\n\n\n<h3 class=\"wp-block-heading\">Qlik Sense papla\u0161in\u0101jumi<\/h3>\n\n\n<p>Katrs papla\u0161in\u0101jums risina konkr\u0113tu probl\u0113mu. Izmantojiet tos atsevi\u0161\u0137i vai apvienojiet tos piln\u012bg\u0101 projektu vad\u012bbas komplekt\u0101.<\/p>\n\n<p><a href=\"https:\/\/www.leaplytics.de\/lv\/priekseja-lapa\/qlik-sense-paplasinajumi\/\">Izp\u0113t\u012bt visus Qlik Sense papla\u0161in\u0101jumus<\/a><\/p>\n\n\n<hr class=\"wp-block-separator has-alpha-channel-opacity\"\/>\n\n<!-- SECTION 3: MIGRATIONS -->\n\n<h2>QlikView migr\u0101cija uz Power BI<\/h2>\n\n<p>Joproj\u0101m izmantojat QlikView? T\u0101 ir stabila programmat\u016bra. Bet pasaule ir att\u012bst\u012bjusies.<\/p>\n\n<p>Power BI integr\u0113jas ar visiem j\u016bsu Microsoft r\u012bkiem. T\u0101 darbojas m\u0101kon\u012b. T\u0101 regul\u0101ri tiek atjaunin\u0101ta. Un taj\u0101 tiek \u012bstenota liel\u0101k\u0101 da\u013ca jaunu BI projektu.<\/p>\n\n<p>Migr\u0101cija izklaus\u0101s bied\u0113jo\u0161i. Ta\u010du tai nav j\u0101b\u016bt t\u0101dai.<\/p>\n\n\n<h3 class=\"wp-block-heading\">K\u0101p\u0113c uz\u0146\u0113mumi migr\u0113<\/h3>\n\n\n<ul>\n<li><strong>Lab\u0101ki vizu\u0101lie risin\u0101jumi:<\/strong> Power BI ir modernas datu vizualiz\u0101cijas iesp\u0113jas<\/li>\n<li><strong>Microsoft integr\u0101cija:<\/strong> Nevainojami sadarbojas ar Excel, Teams, SharePoint un Azure.<\/li>\n<li><strong>M\u0101ko\u0146dato\u0161ana vispirms:<\/strong> Piek\u013c\u016bstiet saviem p\u0101rskatiem no jebkuras vietas<\/li>\n<li><strong>m\u0113rogojam\u012bba:<\/strong> Aug l\u012bdz ar j\u016bsu datu vajadz\u012bb\u0101m<\/li>\n<li><strong>Regul\u0101ri atjaunin\u0101jumi:<\/strong> Jaunas funkcijas katru m\u0113nesi<\/li>\n<\/ul>\n\n\n<h3 class=\"wp-block-heading\">Ar ko m\u0113s str\u0101d\u0101jam<\/h3>\n\n\n<ul>\n<li><strong>Datu nov\u0113rt\u0113jums:<\/strong> Izpratne par to, kas jums ir un kas ir j\u0101p\u0101rvieto.<\/li>\n<li><strong>Kart\u0113\u0161ana:<\/strong> Veco p\u0101rskatu savieno\u0161ana ar jaunajiem pane\u013ciem<\/li>\n<li><strong>Datu model\u0113\u0161ana:<\/strong> Izveidojiet pareizo strukt\u016bru Power BI<\/li>\n<li><strong>Dro\u0161\u012bba:<\/strong> Iestatiet sav\u0101m vajadz\u012bb\u0101m atbilsto\u0161as at\u013caujas<\/li>\n<li><strong>Apm\u0101c\u012bba:<\/strong> Iepaz\u012bstiniet komandu ar jaunajiem r\u012bkiem<\/li>\n<li><strong>Test\u0113\u0161ana:<\/strong> Pirms sl\u0113d\u017ea p\u0101rsl\u0113g\u0161anas p\u0101rliecinieties, ka viss darbojas<\/li>\n<li><strong>Atbalsts:<\/strong> M\u0113s esam \u0161eit ar\u012b p\u0113c palai\u0161anas, ja esam jums vajadz\u012bgi.<\/li>\n<\/ul>\n\n<p><a href=\"https:\/\/www.leaplytics.de\/lv\/qlikview-migracija-uz-power-bi\/\">Uzziniet vair\u0101k par QlikView migr\u0101ciju<\/a><\/p>\n\n\n<hr class=\"wp-block-separator has-alpha-channel-opacity\"\/>\n\n\n<h2>K\u0101p\u0113c str\u0101d\u0101t ar mums<\/h2>\n\n<p>M\u0113s jau gadiem ilgi izstr\u0101d\u0101jam BI r\u012bkus. M\u016bsu vizu\u0101los r\u012bkus izmanto uz\u0146\u0113mumi vis\u0101 pasaul\u0113. L\u016bk, ar ko m\u0113s at\u0161\u0137iramies:<\/p>\n\n<ul>\n<li><strong>Sertific\u0113ts:<\/strong> M\u016bsu Power BI vizualiz\u0101cijas atbilst Microsoft dro\u0161\u012bbas standartiem<\/li>\n<li><strong>Kod\u0113\u0161ana nav nepiecie\u0161ama:<\/strong> Viss darbojas, izmantojot nor\u0101diet un noklik\u0161\u0137iniet uz konfigur\u0101cijas<\/li>\n<li><strong>Izm\u0113\u0123iniet pirms pirk\u0161anas:<\/strong> Bezmaksas izm\u0113\u0123in\u0101jumi visiem m\u016bsu produktiem<\/li>\n<li><strong>Re\u0101ls atbalsts:<\/strong> Jaut\u0101jumi? M\u0113s uz tiem atbildam<\/li>\n<\/ul>\n\n<p><a href=\"https:\/\/www.leaplytics.de\/lv\/atsauksmes\/\">Skatiet, ko saka m\u016bsu klienti<\/a><\/p>\n\n\n<hr class=\"wp-block-separator has-alpha-channel-opacity\"\/>\n\n\n<h2>Vai esat gatavs s\u0101kt?<\/h2>\n\n<p>Izv\u0113lieties platformu. Izm\u0113\u0123iniet vizu\u0101lo risin\u0101jumu. P\u0101rbaudiet, vai tas atrisina j\u016bsu probl\u0113mu.<\/p>\n\n<p>Jaut\u0101jumi? <a href=\"https:\/\/www.leaplytics.de\/lv\/kontaktinformacija\/\">Sazinieties ar mums<\/a> vai p\u0101rbaudiet m\u016bsu <a href=\"https:\/\/www.leaplytics.de\/lv\/faq\/\">BIE\u017d\u0100K UZDOTIE JAUT\u0100JUMI<\/a>.<\/p>","protected":false},"excerpt":{"rendered":"<p>Probl\u0113ma ir \u0161\u0101da: liel\u0101kaj\u0101 da\u013c\u0101 uz\u0146\u0113mumu dati ir visur. Izkl\u0101jlapas. Datub\u0101z\u0113s. M\u0101ko\u0146programmas. Ta\u010du datu esam\u012bba nav tas pats, kas to izmanto\u0161ana. Jums ir j\u0101redz, kas ir svar\u012bgi. \u0100tri. Neiedzi\u013cinoties stund\u0101m ilgi p\u0101rskatos. Negaidot, kam\u0113r IT speci\u0101listi izveidos paneli. Bez min\u0113jumiem par to, vai j\u016bsu projekti ir uz pareiz\u0101 ce\u013ca, vai ar\u012b dr\u012bz ciet\u012bs neveiksmi. ... <\/p>","protected":false},"author":2,"featured_media":0,"parent":0,"menu_order":0,"comment_status":"closed","ping_status":"closed","template":"","meta":{"footnotes":""},"class_list":["post-14251","page","type-page","status-publish","hentry","latest_post"],"_links":{"self":[{"href":"https:\/\/www.leaplytics.de\/lv\/wp-json\/wp\/v2\/pages\/14251","targetHints":{"allow":["GET"]}}],"collection":[{"href":"https:\/\/www.leaplytics.de\/lv\/wp-json\/wp\/v2\/pages"}],"about":[{"href":"https:\/\/www.leaplytics.de\/lv\/wp-json\/wp\/v2\/types\/page"}],"author":[{"embeddable":true,"href":"https:\/\/www.leaplytics.de\/lv\/wp-json\/wp\/v2\/users\/2"}],"replies":[{"embeddable":true,"href":"https:\/\/www.leaplytics.de\/lv\/wp-json\/wp\/v2\/comments?post=14251"}],"version-history":[{"count":12,"href":"https:\/\/www.leaplytics.de\/lv\/wp-json\/wp\/v2\/pages\/14251\/revisions"}],"predecessor-version":[{"id":14272,"href":"https:\/\/www.leaplytics.de\/lv\/wp-json\/wp\/v2\/pages\/14251\/revisions\/14272"}],"wp:attachment":[{"href":"https:\/\/www.leaplytics.de\/lv\/wp-json\/wp\/v2\/media?parent=14251"}],"curies":[{"name":"wp","href":"https:\/\/api.w.org\/{rel}","templated":true}]}}