{"id":14381,"date":"2025-12-18T23:30:11","date_gmt":"2025-12-18T22:30:11","guid":{"rendered":"https:\/\/www.leaplytics.de\/?page_id=14381"},"modified":"2025-12-19T01:53:47","modified_gmt":"2025-12-19T00:53:47","slug":"juridiskas-tiesibas-ai","status":"publish","type":"page","link":"https:\/\/www.leaplytics.de\/lv\/juridiskas-tiesibas-ai\/","title":{"rendered":"Juridiskais \/ juridiskais AI"},"content":{"rendered":"<h2>J\u016bsu juridiskajai komandai ir p\u0101r\u0101k daudz darba. M\u0101ksl\u012bgais intelekts var pal\u012bdz\u0113t.<\/h2>\n\n<p>Juridiskais darbs ir darbs ar tekstu. L\u012bgumi. Dokumenti. E-pasti. P\u0113tniec\u012bba. Atbilst\u012bbas p\u0101rbaudes.<\/p>\n<p>Liel\u0101k\u0101 da\u013ca no t\u0101m ir veidotas p\u0113c mode\u013ciem. Atrodiet klauzulu. P\u0101rbaudiet risku. Sal\u012bdziniet versijas. Atk\u0101rtoti atbildiet uz to pa\u0161u jaut\u0101jumu.<\/p>\n<p>M\u0101ksl\u012bgais intelekts tam ir rad\u012bts. Tas lasa \u0101tr\u0101k nek\u0101 jebkur\u0161 cilv\u0113ks. Tas nekad nenogurst. Tas nekad nepalai\u017e gar\u0101m 47. lappusi.<\/p>\n<p>Tas neaizst\u0101j juristus. Tas padara tos \u0101tr\u0101kus. Tas veic rut\u012bnas darbus, lai j\u016bsu komanda var\u0113tu koncentr\u0113ties uz to, kam paties\u012bb\u0101 ir nepiecie\u0161amas cilv\u0113ka smadzenes.<\/p>\n\n\n<hr class=\"wp-block-separator has-alpha-channel-opacity\"\/>\n\n\n\n<h3 class=\"wp-block-heading\">Juridisk\u0101 darba realit\u0101te m\u016bsdien\u0101s<\/h3>\n\n\n<p>Juridisk\u0101s komandas sl\u012bkst. Vair\u0101k l\u012bgumu. Vair\u0101k noteikumu. Liel\u0101ks spiediens r\u012bkoties \u0101tri.<\/p>\n<p>Asoci\u0113tie juristi pavada vair\u0101kas stundas, lai veiktu uzdevumus, kuru veik\u0161anai nav nepiecie\u0161ama gadiem ilga juridisk\u0101 izgl\u012bt\u012bba. Partneri izskata dokumentus, lai gan vi\u0146iem b\u016btu j\u0101konsult\u0113 klienti. Uz\u0146\u0113muma konsultanti steidz\u012bgi izstr\u0101d\u0101 l\u012bgumus, jo vienm\u0113r ir v\u0113l viens, kas gaida.<\/p>\n<p>Darbs sakr\u0101jas. Termi\u0146i k\u013c\u016bst saspringti. Lietas tiek nokav\u0113tas.<\/p>\n<p>Ne t\u0101p\u0113c, ka cilv\u0113ki nav labi sav\u0101 darb\u0101. Vienk\u0101r\u0161i t\u0101p\u0113c, ka ir p\u0101r\u0101k daudz teksta un nepietiek laika.<\/p>\n\n\n<hr class=\"wp-block-separator has-alpha-channel-opacity\"\/>\n\n\n\n<h3 class=\"wp-block-heading\">Kur m\u0101ksl\u012bgais intelekts rada re\u0101lu at\u0161\u0137ir\u012bbu<\/h3>\n\n\n<p>M\u0101ksl\u012bgais intelekts vislab\u0101k darbojas, ja ir daudz teksta un skaidri mode\u013ci. Juridiskaj\u0101 darb\u0101 ir gan viens, gan otrs.<\/p>\n<p>L\u016bk, piecas jomas, kur\u0101s m\u0101ksl\u012bgais intelekts sniedz re\u0101lus rezult\u0101tus - nevis liekas baumas, bet re\u0101li ietaup\u012bts laiks un nov\u0113rsti riski.<\/p>\n\n\n<hr class=\"wp-block-separator has-alpha-channel-opacity\"\/>\n\n\n\n<h4 class=\"wp-block-heading\">1. L\u012bguma p\u0101rskat\u012b\u0161ana<\/h4>\n\n\n<p>L\u012bgumi ir uz\u0146\u0113m\u0113jdarb\u012bbas pamat\u0101. Tie ar\u012b pat\u0113r\u0113 daudz laika.<\/p>\n<p>Katrs l\u012bgums ir j\u0101p\u0101rskata. Katrs punkts ir j\u0101p\u0101rbauda. Katra novirze no standarta ir j\u0101atz\u012bm\u0113. Reiziniet to ar simtiem l\u012bgumu gad\u0101.<\/p>\n\n\n<h5 class=\"wp-block-heading\">Ko dara m\u0101ksl\u012bgais intelekts<\/h5>\n\n\n<p><strong>Atrod un izraksta galvenos pantus.<\/strong><br \/>\nIlgums. Beigu termi\u0146\u0161. Atbild\u012bba. Jurisdikcija. Konfidencialit\u0101te. M\u0101ksl\u012bgais intelekts tos izvelk autom\u0101tiski. Nevajag vairs med\u012bt pa lap\u0101m.<\/p>\n\n<p><strong>Karodzi\u0146u riski.<\/strong><br \/>\nM\u0101ksl\u012bgais intelekts zina j\u016bsu standarta sp\u0113les rokasgr\u0101matu. Ja ir k\u0101das novirzes, tas uz t\u0101m nor\u0101da. \"\u0160\u012b atbild\u012bbas klauzula ir pla\u0161\u0101ka nek\u0101 j\u016bsu standarta.\" \"\u0160is l\u012bguma izbeig\u0161anas periods ir \u012bs\u0101ks nek\u0101 parasti.\"<\/p>\n\n<p><strong>Tr\u016bksto\u0161o gabalu plankumi.<\/strong><br \/>\nKonfidencialit\u0101tes klauzulas nav? Nav atbild\u012bbas ierobe\u017eojuma? M\u0101ksl\u012bgais intelekts pamana to, k\u0101 tur nav.<\/p>\n\n<p><strong>Sal\u012bdzina versijas.<\/strong><br \/>\nSarkan\u0101s l\u012bnijas ir mulsino\u0161as. M\u0101ksl\u012bgais intelekts paskaidro, kas paties\u012bb\u0101 ir main\u012bjies starp versij\u0101m. Vienk\u0101r\u0161\u0101 valod\u0101.<\/p>\n\n<p><strong>Raksta kopsavilkumus.<\/strong><br \/>\nKatram l\u012bgumam tiek sagatavots kopsavilkums. Galvenie termini. Galvenie riski. Svar\u012bg\u0101kais. Viena lappuse, nevis piecdesmit.<\/p>\n\n\n<h5 class=\"wp-block-heading\">Ko tas noz\u012bm\u0113 jums<\/h5>\n\n\n<ul>\n<li><strong>L\u0113mumu pie\u0146\u0113m\u0113jiem:<\/strong> \u0100tr\u0101ki dar\u012bjumu cikli. Maz\u0101k v\u0101jo vietu. Zem\u0101kas izmaksas par vienu izskat\u012btu l\u012bgumu.<\/li>\n<li><strong>Juristiem:<\/strong> Koncentr\u0113jieties uz 10-20%, kam nepiecie\u0161amas j\u016bsu zin\u0101\u0161anas. Izlaidiet simtiem rei\u017eu redz\u0113to 80%.<\/li>\n<li><strong>Uz\u0146\u0113mumam:<\/strong> Standarta l\u012bgumiem autom\u0101tiski tiek veikta \"pirm\u0101 caurskat\u012b\u0161ana\". Sare\u017e\u0123\u012btiem l\u012bgumiem tiek piev\u0113rsta liel\u0101ka uzman\u012bba \u0101tr\u0101k.<\/li>\n<\/ul>\n\n<p><a href=\"https:\/\/www.leaplytics.de\/lv\/liguma-parskatisana-ai\/\">Uzziniet vair\u0101k par m\u0101ksl\u012bgo intelektu\u0101lo intelektu l\u012bgumu p\u0101rskat\u012b\u0161anai \u2192<\/a><\/p>\n\n\n<hr class=\"wp-block-separator has-alpha-channel-opacity\"\/>\n\n\n\n<h4 class=\"wp-block-heading\">2. Dokumentu p\u0101rskat\u012b\u0161ana tiesved\u012bb\u0101 un izmekl\u0113\u0161an\u0101<\/h4>\n\n\n<p>Pras\u012bbas un izmekl\u0113\u0161anas noz\u012bm\u0113 dokumentus. T\u016bksto\u0161iem dokumentu. Da\u017ek\u0101rt miljoniem.<\/p>\n<p>E-pasti. PDF. T\u0113rz\u0113\u0161anas \u017eurn\u0101li. Pielikumi. Visus nepiecie\u0161ams p\u0101rskat\u012bt. Visiem nepiecie\u0161ama klasifik\u0101cija. Visiem ir noteikts termi\u0146\u0161.<\/p>\n\n\n<h5 class=\"wp-block-heading\">Ko dara m\u0101ksl\u012bgais intelekts<\/h5>\n\n\n<p><strong>Autom\u0101tiski klasific\u0113 atbilst\u012bbu.<\/strong><br \/>\nSvar\u012bgi. Neatbilsto\u0161i. Nepiecie\u0161ams p\u0101rskat\u012bt. M\u0101ksl\u012bgais intelekts \u0161\u0137iro kaudzes, pirms cilv\u0113ki pat s\u0101k darbu.<\/p>\n\n<p><strong>Klasteri p\u0113c t\u0113mas.<\/strong><br \/>\nKuri e-pasta zi\u0146ojumi pieder kop\u0101? Kur\u0101s sarun\u0101s tiek apspriests viens un tas pats temats? M\u0101ksl\u012bgais intelekts t\u0101s sagrup\u0113, lai recenzenti redz\u0113tu pilnu ainu.<\/p>\n\n<p><strong>Atrod sensit\u012bvu saturu.<\/strong><br \/>\nIesp\u0113jamie atbilst\u012bbas jaut\u0101jumi. Personas dati. Privil\u0113\u0123iju sazi\u0146a. Svar\u012bgi atsl\u0113gv\u0101rdi. M\u0101ksl\u012bgais intelekts tos atz\u012bm\u0113, lai tos p\u0101rskat\u012btu cilv\u0113ks.<\/p>\n\n<p><strong>Priorit\u0101te tiek pie\u0161\u0137irta tam, ko cilv\u0113ki redz vispirms.<\/strong><br \/>\nNe visi dokumenti ir vien\u0101di. M\u0101ksl\u012bgais intelekts iesaka, kuriem no tiem j\u0101piev\u0113r\u0161 uzman\u012bba.<\/p>\n\n<p><strong>Apkopo garus pavedienus.<\/strong><br \/>\n50 e-pasta v\u0113stu\u013cu \u0137\u0113de k\u013c\u016bst par vienas rindkopas kopsavilkumu. Recenzenti \u0101tri saprot kontekstu.<\/p>\n\n\n<h5 class=\"wp-block-heading\">Ko tas noz\u012bm\u0113 jums<\/h5>\n\n\n<ul>\n<li><strong>L\u0113mumu pie\u0146\u0113m\u0113jiem:<\/strong> Atkl\u0101\u0161anas izmaksas samazin\u0101s. Lietas tiek atrisin\u0101tas \u0101tr\u0101k. Bud\u017eets paliek kontrol\u0113ts.<\/li>\n<li><strong>Juristiem:<\/strong> P\u0101rbaudiet svar\u012bgos dokumentus. Izlaidiet troksni. \u0100tr\u0101k atrodiet adatu siena kaudz\u0113.<\/li>\n<li><strong>Atbilst\u012bbas nodro\u0161in\u0101\u0161anai:<\/strong> Lab\u0101ka dokument\u0101cija par to, kas un k\u0101p\u0113c tika p\u0101rskat\u012bts. Aizsarg\u0101ts process.<\/li>\n<\/ul>\n\n<p><a href=\"https:\/\/www.leaplytics.de\/lv\/dokumentu-parskatisana-tiesvedibas-izmeklesana-ai\/\">Uzziniet vair\u0101k par m\u0101ksl\u012bgo intelektu dokumentu p\u0101rskat\u012b\u0161anai un e-atkl\u0101\u0161anai \u2192<\/a><\/p>\n\n\n<hr class=\"wp-block-separator has-alpha-channel-opacity\"\/>\n\n\n\n<h4 class=\"wp-block-heading\">3. Juridisk\u0101 izp\u0113te un dokumentu sagatavo\u0161ana<\/h4>\n\n\n<p>P\u0113tniec\u012bbai ir nepiecie\u0161ams laiks. Atbilsto\u0161u lietu mekl\u0113\u0161ana. Izpratne par noteikumiem. Argumentu veido\u0161ana. P\u0113c tam to visu pierakst\u012bt pareizaj\u0101 strukt\u016br\u0101.<\/p>\n<p>Liel\u0101k\u0101 da\u013ca no \u0161iem procesiem notiek p\u0113c mode\u013ciem. M\u0101ksl\u012bgais intelekts var apstr\u0101d\u0101t pirmo projektu.<\/p>\n\n\n<h5 class=\"wp-block-heading\">Ko dara m\u0101ksl\u012bgais intelekts<\/h5>\n\n\n<p><strong>Atrod attiec\u012bgos avotus.<\/strong><br \/>\nTies\u012bbu akti. Tiesu l\u0113mumi. Vadl\u012bnijas. Precedenti. M\u0101ksl\u012bgais intelekts sniedz jums s\u0101kumpunktu, nevis tuk\u0161u lapu.<\/p>\n\n<p><strong>Ierosina dokumenta strukt\u016bru.<\/strong><br \/>\n\u012ass apraksts. Memori\u0101li. Atzinumi. Past\u0101v standarta form\u0101ti. AI ierosina pl\u0101nu, pamatojoties uz to, ko j\u016bs rakst\u0101t.<\/p>\n\n<p><strong>Sagatavo standarta tekstu.<\/strong><br \/>\nKlauzulas. Pavadv\u0113stules. Sada\u013cas, kas attiecas uz pamatformu. AI raksta pirmo versiju. J\u016bs to pilnveidojat.<\/p>\n\n<p><strong>P\u0101rv\u0113r\u0161 juridiskos dokumentus vienk\u0101r\u0161\u0101 valod\u0101.<\/strong><br \/>\nKlientam ir j\u0101saprot tiesas l\u0113mums? M\u0101ksl\u012bgais intelekts to apkopo bez \u017eargona.<\/p>\n\n<p><strong>R\u0101da abas puses.<\/strong><br \/>\nArgumenti par. Argumenti pret. M\u0101ksl\u012bgais intelekts pal\u012bdz jums ieraudz\u012bt pilnu ainu, pirms ap\u0146ematies ie\u0146emt k\u0101du poz\u012bciju.<\/p>\n\n\n<h5 class=\"wp-block-heading\">Ko tas noz\u012bm\u0113 jums<\/h5>\n\n\n<ul>\n<li><strong>L\u0113mumu pie\u0146\u0113m\u0113jiem:<\/strong> Jaun\u0101kie juristi \u0101tr\u0101k k\u013c\u016bst produkt\u012bvi. Vec\u0101kie juristi koncentr\u0113jas uz strat\u0113\u0123iju, nevis uz dokumentu sagatavo\u0161anu.<\/li>\n<li><strong>Juristiem:<\/strong> S\u0101ciet nevis ar tuk\u0161u lapu, bet gan ar melno. Samaziniet izp\u0113tes laiku par 30-60%.<\/li>\n<li><strong>Klientiem:<\/strong> \u0100tr\u0101ks apgroz\u012bjums. Skaidr\u0101ka sazi\u0146a. Lab\u0101ka cenas un v\u0113rt\u012bbas attiec\u012bba.<\/li>\n<\/ul>\n\n<p><em>Svar\u012bgi: m\u0101ksl\u012bgais intelekts \u0161eit ir otrais pilots, nevis autopilots. Cilv\u0113ks vienm\u0113r p\u0101rbauda un uz\u0146emas atbild\u012bbu par gal\u012bgo darbu.<\/em><\/p>\n\n<p><a href=\"https:\/\/www.leaplytics.de\/lv\/juridiskas-izpetes-sagatavosana-ai\/\">Uzziniet vair\u0101k par m\u0101ksl\u012bgo intelektu juridiskajai izp\u0113tei un dokumentu sagatavo\u0161anai \u2192<\/a><\/p>\n\n\n<hr class=\"wp-block-separator has-alpha-channel-opacity\"\/>\n\n\n\n<h4 class=\"wp-block-heading\">4. Klientu uz\u0146em\u0161ana un lietu p\u0101rvald\u012bba<\/h4>\n\n\n<p>Past\u0101v\u012bgi tiek sa\u0146emti jauni jaut\u0101jumi. E-pasti. Zvani. T\u012bmek\u013ca veidlapas. Katrs no tiem ir j\u0101izprot, j\u0101klasific\u0113 un j\u0101nos\u016bta pareizajam cilv\u0113kam.<\/p>\n<p>Kad k\u013c\u016bst aiz\u0146emts, \u0161\u012b sist\u0113ma tiek p\u0101rtraukta. Piepras\u012bjumi gaida. Inform\u0101cija paz\u016bd. Potenci\u0101lie klienti dodas t\u0101l\u0101k.<\/p>\n\n\n<h5 class=\"wp-block-heading\">Ko dara m\u0101ksl\u012bgais intelekts<\/h5>\n\n\n<p><strong>Klasific\u0113 ien\u0101ko\u0161os piepras\u012bjumus.<\/strong><br \/>\nDarba ties\u012bbas. Nekustamais \u012bpa\u0161ums. Uz\u0146\u0113m\u0113jdarb\u012bba. Tiesved\u012bba. M\u0101ksl\u012bgais intelekts nolasa zi\u0146ojumu un zina, par ko tas ir.<\/p>\n\n<p><strong>Nov\u0113rt\u0113 steidzam\u012bbu.<\/strong><br \/>\nMin\u0113tais termi\u0146\u0161? Noilguma jaut\u0101jums? AI atz\u012bm\u0113 laika zi\u0146\u0101 svar\u012bgus jaut\u0101jumus.<\/p>\n\n<p><strong>autom\u0101tiski atbild uz standarta jaut\u0101jumiem.<\/strong><br \/>\n\"K\u0101di dokumenti man ir nepiecie\u0161ami?\" \"K\u0101 notiek pirm\u0101 tik\u0161an\u0101s?\" \"K\u0101da ir j\u016bsu maksa?\" T\u016bl\u012bt\u0113jas atbildes 24\/7.<\/p>\n\n<p><strong>Inform\u0101cija par konstrukciju lietu.<\/strong><br \/>\nKlienta dati. Pret\u0113j\u0101 puse. Laika grafiks. Galvenie fakti. M\u0101ksl\u012bgais intelekts visu sak\u0101rto t\u012br\u0101 form\u0101t\u0101, pirms jurists to pat apl\u016bko.<\/p>\n\n<p><strong>Izveido vienotu skat\u012bjumu.<\/strong><br \/>\nNeatkar\u012bgi no t\u0101, vai k\u0101ds raksta e-pastu, zvana vai aizpilda veidlapu, visa inform\u0101cija non\u0101k vienuviet un ir pareizi sak\u0101rtota.<\/p>\n\n\n<h5 class=\"wp-block-heading\">Ko tas noz\u012bm\u0113 jums<\/h5>\n\n\n<ul>\n<li><strong>L\u0113mumu pie\u0146\u0113m\u0113jiem:<\/strong> Augst\u0101ka konversija no piepras\u012bjuma l\u012bdz klientam. \u0100tr\u0101ks atbildes laiks. Maz\u0101ki administrat\u012bvie izdevumi.<\/li>\n<li><strong>Juristiem:<\/strong> Sa\u0146emiet sak\u0101rtotus lietu failus, nevis izkais\u012btus e-pastus. Veltiet laiku juridiskajam darbam, nevis \u0161\u0137iro\u0161anai.<\/li>\n<li><strong>Potenci\u0101lajiem klientiem:<\/strong> \u0100tras atbildes. Skaidri n\u0101kamie so\u013ci. Profesion\u0101la pieredze no pirm\u0101 kontakta.<\/li>\n<\/ul>\n\n<p><a href=\"https:\/\/www.leaplytics.de\/lv\/klientu-uznemsanas-gadijumu-vadiba-ai\/\">Uzziniet vair\u0101k par AI klientu uz\u0146em\u0161anai un lietu p\u0101rvald\u012bbai \u2192<\/a><\/p>\n\n\n<hr class=\"wp-block-separator has-alpha-channel-opacity\"\/>\n\n\n\n<h4 class=\"wp-block-heading\">5. Atbilst\u012bbas un politikas p\u0101rbaude<\/h4>\n\n\n<p>Noteikumi ir visur. Likumi. Nozares noteikumi. Iek\u0161\u0113jie noteikumi. GDPR. Nozares standarti. Uz\u0146\u0113muma vadl\u012bnijas.<\/p>\n<p>Seko\u0161ana l\u012bdzi ir pilna laika darbs. Ja kaut ko nokav\u0113si, tas var d\u0101rgi izmaks\u0101t.<\/p>\n\n\n<h5 class=\"wp-block-heading\">Ko dara m\u0101ksl\u012bgais intelekts<\/h5>\n\n\n<p><strong>p\u0101rbauda dokumentu atbilst\u012bbu noteikumiem.<\/strong><br \/>\n\"Vai \u0161is l\u012bgums atbilst X noteikumiem?\" \"Vai \u0161\u012b politika atbilst Y pras\u012bbai?\" M\u0101ksl\u012bgais intelekts sal\u012bdzina tekstu ar noteikumiem un atrod nepiln\u012bbas.<\/p>\n\n<p><strong>P\u0101rbauda vajadz\u012bgo saturu.<\/strong><br \/>\nPriv\u0101tuma pazi\u0146ojumam tr\u016bkst GDPR elementu? Pakalpojumu snieg\u0161anas noteikumos tr\u016bkst oblig\u0101t\u0101s inform\u0101cijas? M\u0101ksl\u012bgais intelekts konstat\u0113 tr\u016bksto\u0161o.<\/p>\n\n<p><strong>Uzrauga regul\u0113juma izmai\u0146as.<\/strong><br \/>\nPie\u0146emts jauns likums? Atjaunin\u0101ts regul\u0113jums? M\u0101ksl\u012bgais intelekts seko l\u012bdzi izmai\u0146\u0101m un atz\u012bm\u0113, kas ietekm\u0113 j\u016bsu uz\u0146\u0113mumu.<\/p>\n\n<p><strong>Ierosina atjaunin\u0101jumus.<\/strong><br \/>\nJa noteikumi main\u0101s, AI ierosina jaunu valodu. J\u016bs to p\u0101rskat\u0101t un apstiprin\u0101t.<\/p>\n\n\n<h5 class=\"wp-block-heading\">Ko tas noz\u012bm\u0113 jums<\/h5>\n\n\n<ul>\n<li><strong>L\u0113mumu pie\u0146\u0113m\u0113jiem:<\/strong> Maz\u0101ks atbilst\u012bbas risks. Dokument\u0113tas p\u0101rbaudes. Procesi, gatavi auditam.<\/li>\n<li><strong>Juristiem un atbilst\u012bbas komand\u0101m:<\/strong> Sistem\u0101tiska p\u0101rbaude, nevis cer\u012bba, ka kaut ko neesat palaidu\u0161i gar\u0101m. Pier\u0101d\u012bjumi, ka esat p\u0101rskat\u012bjis.<\/li>\n<li><strong>Uz\u0146\u0113mumam:<\/strong> Atbilst\u012bba pras\u012bb\u0101m, neiegrimstot manu\u0101laj\u0101s p\u0101rbaud\u0113s.<\/li>\n<\/ul>\n\n<p><a href=\"https:\/\/www.leaplytics.de\/lv\/atbilstibas-politikas-parbaude-ai\/\">Uzzin\u0101t vair\u0101k par m\u0101ksl\u012bgo intelektu atbilst\u012bbas un politikas p\u0101rbaudei \u2192<\/a><\/p>\n\n\n<hr class=\"wp-block-separator has-alpha-channel-opacity\"\/>\n\n\n\n<h3 class=\"wp-block-heading\">Ko m\u0101ksl\u012bgais intelekts nedar\u012bs<\/h3>\n\n\n<p>Skaidri run\u0101sim par ierobe\u017eojumiem.<\/p>\n<p>M\u0101ksl\u012bgais intelekts neaizst\u0101j juristus. Tas neveic spriedumu pie\u0146em\u0161anu. Tas neparakst\u0101s uz padomiem. Tas ner\u012bko jut\u012bgas klientu sarunas vai rado\u0161us juridiskus argumentus.<\/p>\n<p>Tas tiek gal\u0101 ar rut\u012bnas darbu. Las\u012b\u0161ana. \u0160\u0137iro\u0161anu. Pirmo melnrakstu. Sal\u012bdzin\u0101\u0161anu.<\/p>\n<p>Juristi joproj\u0101m dom\u0101. Vi\u0146i tikai dara to \u0101tr\u0101k, jo pamatdarbs jau ir paveikts.<\/p>\n\n\n<hr class=\"wp-block-separator has-alpha-channel-opacity\"\/>\n\n\n\n<h3 class=\"wp-block-heading\">Apak\u0161\u0113j\u0101 l\u012bnija<\/h3>\n\n\n<p>Juridisk\u0101s komandas, kas labi izmanto m\u0101ksl\u012bgo intelektu, nestr\u0101d\u0101 maz\u0101k. T\u0101s str\u0101d\u0101 cit\u0101di.<\/p>\n<p>T\u0101 viet\u0101, lai izlas\u012btu katru lapu, vi\u0146i p\u0101rskata svar\u012bg\u0101ko. T\u0101 viet\u0101, lai rakst\u012btu no nulles, vi\u0146i preciz\u0113 s\u0101kumpunktu. Manu\u0101las \u0161\u0137iro\u0161anas viet\u0101 vi\u0146i koncentr\u0113jas uz anal\u012bzi.<\/p>\n<p>Rezult\u0101ts:<\/p>\n<ul>\n<li>\u0100tr\u0101ka l\u012bgumu un lietu izskat\u012b\u0161ana<\/li>\n<li>Maz\u0101k neizpild\u012btu risku un termi\u0146u<\/li>\n<li>Zem\u0101kas izmaksas uz vienu jaut\u0101jumu<\/li>\n<li>Juristi, kas veic darbu, kuram patie\u0161\u0101m nepiecie\u0161amas vi\u0146u zin\u0101\u0161anas.<\/li>\n<li>Lab\u0101ka klientu apkalpo\u0161ana<\/li>\n<\/ul>\n<p>\u0160eit nav runa par j\u016bsu komandas aizst\u0101\u0161anu. Runa ir par to, k\u0101 padar\u012bt tos efekt\u012bv\u0101kus.<\/p>\n\n\n<hr class=\"wp-block-separator has-alpha-channel-opacity\"\/>\n\n\n\n<h3 class=\"wp-block-heading\">Vai esat gatavs redz\u0113t, kas ir iesp\u0113jams?<\/h3>\n\n\n<p>Katra juridisk\u0101 komanda ir at\u0161\u0137ir\u012bga. J\u016bsu l\u012bgumi nav t\u0101di pa\u0161i k\u0101 visiem p\u0101r\u0113jiem. J\u016bsu procesiem ir savas \u012bpatn\u012bbas. J\u016bsu priorit\u0101tes ir atkar\u012bgas no j\u016bsu uz\u0146\u0113muma.<\/p>\n<p>M\u0113s nep\u0101rdodam univers\u0101lus risin\u0101jumus. M\u0113s apl\u016bkojam j\u016bsu konkr\u0113to darbu. M\u0113s identific\u0113jam, kur m\u0101ksl\u012bgais intelekts var re\u0101li pal\u012bdz\u0113t. M\u0113s veidojam sist\u0113mas, kas atbilst j\u016bsu darba pl\u016bsmai.<\/p>\n<p>Nek\u0101da a\u017eiot\u0101\u017ea. Nek\u0101du sol\u012bjumu, ko nevaram izpild\u012bt. Tikai praktisks m\u0101ksl\u012bgais intelekts, kas padara j\u016bsu komandu efekt\u012bv\u0101ku.<p>\n\n<p><a href=\"https:\/\/www.leaplytics.de\/lv\/kontaktinformacija\/\">Parun\u0101sim par j\u016bsu juridisko darbu<\/a><p>\n\n<p><a href=\"https:\/\/www.leaplytics.de\/lv\/maksligais-intelekts\/\">Skat\u012bt visus AI pakalpojumus<\/a><p>","protected":false},"excerpt":{"rendered":"<p>Your Legal Team Has Too Much Work. AI Can Help. Legal work is text work. Contracts. Documents. Emails. Research. Compliance checks. Most of it follows patterns. Find the clause. Check the risk. Compare the versions. Answer the same question again. AI is built for this. It reads faster than any human. It never gets tired. &hellip; <\/p>","protected":false},"author":2,"featured_media":0,"parent":0,"menu_order":0,"comment_status":"closed","ping_status":"closed","template":"","meta":{"footnotes":""},"class_list":["post-14381","page","type-page","status-publish","hentry","latest_post"],"_links":{"self":[{"href":"https:\/\/www.leaplytics.de\/lv\/wp-json\/wp\/v2\/pages\/14381","targetHints":{"allow":["GET"]}}],"collection":[{"href":"https:\/\/www.leaplytics.de\/lv\/wp-json\/wp\/v2\/pages"}],"about":[{"href":"https:\/\/www.leaplytics.de\/lv\/wp-json\/wp\/v2\/types\/page"}],"author":[{"embeddable":true,"href":"https:\/\/www.leaplytics.de\/lv\/wp-json\/wp\/v2\/users\/2"}],"replies":[{"embeddable":true,"href":"https:\/\/www.leaplytics.de\/lv\/wp-json\/wp\/v2\/comments?post=14381"}],"version-history":[{"count":7,"href":"https:\/\/www.leaplytics.de\/lv\/wp-json\/wp\/v2\/pages\/14381\/revisions"}],"predecessor-version":[{"id":14475,"href":"https:\/\/www.leaplytics.de\/lv\/wp-json\/wp\/v2\/pages\/14381\/revisions\/14475"}],"wp:attachment":[{"href":"https:\/\/www.leaplytics.de\/lv\/wp-json\/wp\/v2\/media?parent=14381"}],"curies":[{"name":"wp","href":"https:\/\/api.w.org\/{rel}","templated":true}]}}