{"id":14409,"date":"2025-12-18T23:54:54","date_gmt":"2025-12-18T22:54:54","guid":{"rendered":"https:\/\/www.leaplytics.de\/?page_id=14409"},"modified":"2025-12-19T01:47:36","modified_gmt":"2025-12-19T00:47:36","slug":"cilvekresursi-ai","status":"publish","type":"page","link":"https:\/\/www.leaplytics.de\/lv\/cilvekresursi-ai\/","title":{"rendered":"Cilv\u0113kresursu AI"},"content":{"rendered":"<h2>J\u016bsu person\u0101la komandai ir p\u0101r\u0101k daudz darba. M\u0101ksl\u012bgais intelekts var pal\u012bdz\u0113t.<\/h2>\n\n<p>Darbs ar cilv\u0113kresursiem ir darbs ar cilv\u0113kiem. Bet tas ir ar\u012b darbs ar pap\u012briem. Pieteikumi. Uz\u0146em\u0161anas dokumenti. Politikas jaut\u0101jumi. Atva\u013cin\u0101juma piepras\u012bjumi. Darba izpildes p\u0101rskati. Pabalstu veidlapas.<\/p>\n<p>Liel\u0101k\u0101 da\u013ca no t\u0101m ir veidotas p\u0113c mode\u013ciem. P\u0101rbaudiet CV. Atbildi uz politikas jaut\u0101jumu. Apstr\u0101d\u0101jiet piepras\u012bjumu. Nos\u016bt\u012bt atg\u0101din\u0101jumu. Atkal.<\/p>\n<p>M\u0101ksl\u012bgais intelekts tam ir rad\u012bts. Tas nolasa pieteikumus \u0101tr\u0101k nek\u0101 jebkur\u0161 cilv\u0113ks. Tas nekad neaizmirst turpm\u0101ko darb\u012bbu. Tas katru reizi perfekti atbild uz vienu un to pa\u0161u jaut\u0101jumu.<\/p>\n<p>Tas neaizst\u0101j j\u016bsu cilv\u0113kresursu komandu. T\u0101 padara to \u0101tr\u0101ku. T\u0101 nodro\u0161ina rut\u012bnas darbus, lai j\u016bsu darbinieki var\u0113tu koncentr\u0113ties uz svar\u012bg\u0101ko - j\u016bsu darbiniekiem.<\/p>\n\n\n<hr class=\"wp-block-separator has-alpha-channel-opacity\"\/>\n\n\n\n<h3 class=\"wp-block-heading\">Cilv\u0113kresursu darba realit\u0101te m\u016bsdien\u0101s<\/h3>\n\n\n<p>Cilv\u0113kresursu noda\u013cas ir p\u0101rslogotas. Vair\u0101k darbinieku pie\u0146em\u0161ana darb\u0101. Vair\u0101k atbilst\u012bbas. Vair\u0101k darbinieku v\u0113lmju. Maz\u0101k resursu.<\/p>\n<p>Person\u0101la atlases speci\u0101listi ir p\u0101rpild\u012bti ar CV uz katru vakanci. Person\u0101la vad\u012bt\u0101ji atkal un atkal atbild uz vieniem un tiem pa\u0161iem politikas jaut\u0101jumiem. Uz\u0146em\u0161ana darb\u0101 ir murgs ar p\u0101rbaudes sarakstiem. Veiktsp\u0113jas nov\u0113rt\u0113jumi uzkr\u0101jas.<\/p>\n<p>Strat\u0113\u0123iskais darbs tiek atvirz\u012bts mal\u0101. Darbinieku pieredze cie\u0161. Labi kandid\u0101ti aizb\u0113g, jo process ir p\u0101r\u0101k ilgs.<\/p>\n<p>Ne t\u0101p\u0113c, ka cilv\u0113ki nav labi sav\u0101 darb\u0101. Vienk\u0101r\u0161i t\u0101p\u0113c, ka ir p\u0101r\u0101k daudz administrat\u012bv\u0101 darba un nepietiek laika cilv\u0113kiem.<\/p>\n\n\n<hr class=\"wp-block-separator has-alpha-channel-opacity\"\/>\n\n\n\n<h3 class=\"wp-block-heading\">Kur m\u0101ksl\u012bgais intelekts rada re\u0101lu at\u0161\u0137ir\u012bbu<\/h3>\n\n\n<p>M\u0101ksl\u012bgais intelekts vislab\u0101k darbojas tur, kur darbs atk\u0101rtojas un ir skaidri mode\u013ci. Person\u0101la noda\u013c\u0101 ir abi \u0161ie faktori.<\/p>\n<p>\u0160eit ir piecas jomas, kur\u0101s m\u0101ksl\u012bgais intelekts sniedz re\u0101lus rezult\u0101tus - nevis liekas baumas, bet re\u0101li ietaup\u012bts laiks un sasniegti lab\u0101ki rezult\u0101ti.<\/p>\n\n\n<hr class=\"wp-block-separator has-alpha-channel-opacity\"\/>\n\n\n\n<h4 class=\"wp-block-heading\">1. Person\u0101la atlase un talantu piesaist\u012b\u0161ana<\/h4>\n\n\n<p>Katrai vakancei tiek iesniegti simtiem pieteikumu. K\u0101dam tie visi ir j\u0101izlasa. P\u0101rbaud\u012bt kvalifik\u0101ciju. Pl\u0101not intervijas. Veikt turpm\u0101kus pas\u0101kumus ar kandid\u0101tiem.<\/p>\n<p>Labi kandid\u0101ti negaid\u012bs. Kam\u0113r j\u016bs v\u0113l tikai p\u0101rbaud\u0101t, vi\u0146i jau ir pie\u0146\u0113mu\u0161i citu pied\u0101v\u0101jumu.<\/p>\n\n\n<h5 class=\"wp-block-heading\">Ko dara m\u0101ksl\u012bgais intelekts<\/h5>\n\n\n<p><strong>Ekr\u0101ni tiek ats\u0101kti autom\u0101tiski.<\/strong><br \/>\nPrasmes. Pieredze. Kvalifik\u0101cija. M\u0101ksl\u012bgais intelekts izlasa katru pieteikumu un sarindo kandid\u0101tus, pamatojoties uz piem\u0113rot\u012bbu. Vislab\u0101kie kandid\u0101ti nekav\u0113joties par\u0101d\u0101s.<\/p>\n\n<p><strong>Kandid\u0101tu saska\u0146o\u0161ana ar lom\u0101m.<\/strong><br \/>\nNe tikai atsl\u0113gv\u0101rdi - faktisk\u0101 atbilst\u012bba. M\u0101ksl\u012bgais intelekts izprot darba pras\u012bbas un atrod kandid\u0101tus, kuru pieredze patie\u0161\u0101m atbilst.<\/p>\n\n<p><strong>Intervijas tiek pl\u0101notas autom\u0101tiski.<\/strong><br \/>\nKandid\u0101ts izv\u0113las laiku. Kalend\u0101rs p\u0101rbauda pieejam\u012bbu. Intervija rezerv\u0113ta. Nav atpaka\u013c un uz priek\u0161u s\u016bt\u012btu e-pasta v\u0113stu\u013cu.<\/p>\n\n<p><strong>Atbildes uz kandid\u0101tu jaut\u0101jumiem.<\/strong><br \/>\n\"K\u0101ds ir intervijas process?\" \"K\u0101das priek\u0161roc\u012bbas j\u016bs pied\u0101v\u0101jat?\" M\u0101ksl\u012bgais intelekts atbild uzreiz, 24 stundas diennakt\u012b, 7 dienas ned\u0113\u013c\u0101, 7 dienas ned\u0113\u013c\u0101. Kandid\u0101ti j\u016btas iesaist\u012bti.<\/p>\n\n<p><strong>optimiz\u0113 darba sludin\u0101jumu public\u0113\u0161anu.<\/strong><br \/>\nPamatojoties uz to, kas piesaista kvalific\u0113tus kandid\u0101tus, m\u0101ksl\u012bgais intelekts ierosina uzlabojumus j\u016bsu darba aprakstos.<\/p>\n\n\n<h5 class=\"wp-block-heading\">Ko tas noz\u012bm\u0113 jums<\/h5>\n\n\n<ul>\n<li><strong>Person\u0101la direktoriem:<\/strong> \u0100tr\u0101ks laiks, kas nepiecie\u0161ams, lai pie\u0146emtu darb\u0101. Zem\u0101kas izmaksas uz vienu darbinieku. Lab\u0101ka kandid\u0101tu pieredze. Maz\u0101ka person\u0101la atlases speci\u0101listu izdeg\u0161ana.<\/li>\n<li><strong>Person\u0101la atlases speci\u0101listiem:<\/strong> P\u0101rtrauciet las\u012bt simtiem nekvalific\u0113tu CV. Koncentr\u0113jieties uz intervij\u0101m ar izciliem kandid\u0101tiem un to sl\u0113g\u0161anu.<\/li>\n<li><strong>Person\u0101la atlases vad\u012bt\u0101jiem:<\/strong> \u0100tr\u0101k iepaz\u012bstieties ar kvalific\u0113tiem kandid\u0101tiem. Aizpildiet amatus, pirms projekti apst\u0101jas.<\/li>\n<\/ul>\n\n<p><a href=\"https:\/\/www.leaplytics.de\/lv\/darba-pienemsana-darba-talantu-ieguve-ai\/\">Uzziniet vair\u0101k par AI person\u0101la atlasei un talantu piesaist\u012b\u0161anai \u2192<\/a><\/p>\n\n\n<hr class=\"wp-block-separator has-alpha-channel-opacity\"\/>\n\n\n\n<h4 class=\"wp-block-heading\">2. Darbinieku uz\u0146em\u0161ana darb\u0101<\/h4>\n\n\n<p>Jauni darbinieki noz\u012bm\u0113, ka j\u0101str\u0101d\u0101 ar pap\u012briem. Nodok\u013cu veidlapas. Pabalstu re\u0123istr\u0101cija. Apr\u012bkojuma piepras\u012bjumi. Apm\u0101c\u012bbu uzdevumi. Politikas apstiprin\u0101jumi.<\/p>\n<p>Ja ievads darb\u0101 ir nesak\u0101rtots, jaunie darbinieki j\u016btas apmald\u012bju\u0161ies. Pirmais iespaids ir svar\u012bgs - un bie\u017ei vien tas ir briesm\u012bgs.<\/p>\n\n\n<h5 class=\"wp-block-heading\">Ko dara m\u0101ksl\u012bgais intelekts<\/h5>\n\n\n<p><strong>Autom\u0101tiski apstr\u0101d\u0101 dokumentus.<\/strong><br \/>\nIesniegt\u0101s veidlapas. Ieg\u016bti dati. Inform\u0101cija novirz\u012bta uz pareizaj\u0101m sist\u0113m\u0101m. Nav manu\u0101la datu ievad\u012b\u0161ana.<\/p>\n\n<p><strong>Pie\u0161\u0137ir apm\u0101c\u012bbu autom\u0101tiski.<\/strong><br \/>\nPamatojoties uz lomu, atra\u0161an\u0101s vietu un pras\u012bb\u0101m, m\u0101ksl\u012bgais intelekts izveido personaliz\u0113tus darb\u0101 iek\u0101rto\u0161anas pl\u0101nus. Nekas netiek palaists gar\u0101m.<\/p>\n\n<p><strong>Trases pabeig\u0161ana.<\/strong><br \/>\nK\u0101di uzdevumi ir paveikti? K\u0101di ir nepabeigti? M\u0101ksl\u012bgais intelekts uzrauga progresu un autom\u0101tiski nos\u016bta atg\u0101din\u0101jumus.<\/p>\n\n<p><strong>Atbild uz jaut\u0101jumiem par jauniem darbiniekiem.<\/strong><br \/>\n\"Kur man novietot automa\u0161\u012bnu?\" \"K\u0101 iestat\u012bt e-pastu?\" \"Kad s\u0101kas pabalsti?\" M\u0101ksl\u012bgais intelekts uzreiz sniedz prec\u012bzu inform\u0101ciju.<\/p>\n\n<p><strong>Veido konsekventu pieredzi.<\/strong><br \/>\nKatrs jaunais darbinieks sa\u0146em vien\u0101das kvalit\u0101tes ievadapm\u0101c\u012bbu. Nek\u0101du \"tas ir atkar\u012bgs no t\u0101, kas tev pal\u012bdz\u0113ja\".<\/p>\n\n\n<h5 class=\"wp-block-heading\">Ko tas noz\u012bm\u0113 jums<\/h5>\n\n\n<ul>\n<li><strong>Person\u0101la direktoriem:<\/strong> Konsekventa uz\u0146em\u0161ana pla\u0161\u0101 m\u0113rog\u0101. \u0100tr\u0101ks laiks l\u012bdz produktivit\u0101tes sasnieg\u0161anai. Lab\u0101ka jauno darbinieku notur\u0113\u0161ana.<\/li>\n<li><strong>Person\u0101la vad\u012bt\u0101jiem:<\/strong> P\u0101rtrauciet sekot l\u012bdzi dokumentiem. Koncentr\u0113jieties uz to, lai jaunie darbinieki justos gaid\u012bti.<\/li>\n<li><strong>Jauniem darbiniekiem:<\/strong> Skaidrs process. \u0100tras atbildes. Profesion\u0101la pieredze no pirm\u0101s dienas.<\/li>\n<\/ul>\n\n<p><a href=\"https:\/\/www.leaplytics.de\/lv\/darbinieku-uznemsana-ai\/\">Uzziniet vair\u0101k par m\u0101ksl\u012bgo intelektu darbinieku uz\u0146em\u0161anai darb\u0101 \u2192<\/a><\/p>\n\n\n<hr class=\"wp-block-separator has-alpha-channel-opacity\"\/>\n\n\n\n<h4 class=\"wp-block-heading\">3. Darbinieku pa\u0161apkalpo\u0161an\u0101s un atbalsts<\/h4>\n\n\n<p>Darbiniekiem ir jaut\u0101jumi. Par politiku. Par pabalstiem. Par atva\u013cin\u0101jumu. Par izdevumiem. Par visu.<\/p>\n<p>Person\u0101la departaments simtiem rei\u017eu atbild uz vieniem un tiem pa\u0161iem jaut\u0101jumiem. Tikm\u0113r darbinieki gaida atbildes uz vienk\u0101r\u0161\u0101m liet\u0101m.<\/p>\n\n\n<h5 class=\"wp-block-heading\">Ko dara m\u0101ksl\u012bgais intelekts<\/h5>\n\n\n<p><strong>Atbildes uz politikas jaut\u0101jumiem sniedz nekav\u0113joties.<\/strong><br \/>\n\"Cik man ir atva\u013cin\u0101juma dienu?\" \"K\u0101ds ir izdevumu limits?\" \"K\u0101 es varu piepras\u012bt b\u0113rna kop\u0161anas atva\u013cin\u0101jumu?\" M\u0101ksl\u012bgais intelekts zina j\u016bsu politiku un sniedz prec\u012bzas atbildes.<\/p>\n\n<p><strong>Apstr\u0101d\u0101 ikdienas piepras\u012bjumus.<\/strong><br \/>\nAtva\u013cin\u0101juma piepras\u012bjumi. Adreses izmai\u0146as. Dokumentu piepras\u012bjumi. AI apstr\u0101d\u0101 standarta piepras\u012bjumus bez person\u0101la da\u013cas iesaist\u012b\u0161anas.<\/p>\n\n<p><strong>vada darbiniekus procesos.<\/strong><br \/>\nSoli pa solim pal\u012bdziet re\u0123istr\u0113ties pabalstiem, iesniegt izdevumus vai veikt jebkuru HR procesu. Nek\u0101das neskaidr\u012bbas.<\/p>\n\n<p><strong>nepiecie\u0161am\u012bbas gad\u012bjum\u0101 veic eskal\u0101ciju.<\/strong><br \/>\nSare\u017e\u0123\u012bta situ\u0101cija? Jut\u012bgs jaut\u0101jums? M\u0101ksl\u012bgais intelekts atpaz\u012bst ierobe\u017eojumus un p\u0101radres\u0113 uz cilv\u0113ku, \u0146emot v\u0113r\u0101 kontekstu.<\/p>\n\n<p><strong>Pieejams 24\/7.<\/strong><br \/>\nDarbinieki da\u017e\u0101d\u0101s laika josl\u0101s. Jaut\u0101jumi nakt\u012b. M\u0101ksl\u012bgais intelekts vienm\u0113r ir pieejams.<\/p>\n\n\n<h5 class=\"wp-block-heading\">Ko tas noz\u012bm\u0113 jums<\/h5>\n\n\n<ul>\n<li><strong>Person\u0101la direktoriem:<\/strong> Samazin\u0101ts HR bi\u013ce\u0161u apjoms. Lab\u0101ka darbinieku apmierin\u0101t\u012bba. Cilv\u0113kresursu komanda koncentr\u0113jas uz strat\u0113\u0123isko darbu.<\/li>\n<li><strong>Person\u0101la vad\u012bt\u0101jiem:<\/strong> P\u0101rtrauciet atbild\u0113t uz vieniem un tiem pa\u0161iem jaut\u0101jumiem. Apstr\u0101d\u0101jiet iz\u0146\u0113mumus, nevis regul\u0101rus jaut\u0101jumus.<\/li>\n<li><strong>Darbiniekiem:<\/strong> T\u016bl\u012bt\u0113jas atbildes. Nav j\u0101gaida. Skaidri nor\u0101d\u012bjumi, kad tie ir vajadz\u012bgi.<\/li>\n<\/ul>\n\n<p><a href=\"https:\/\/www.leaplytics.de\/lv\/darbinieku-pasapkalposanas-atbalsts-ai\/\">Uzziniet vair\u0101k par m\u0101ksl\u012bgo intelektu darbinieku pa\u0161apkalpo\u0161an\u0101s iesp\u0113j\u0101m \u2192<\/a><\/p>\n\n\n<hr class=\"wp-block-separator has-alpha-channel-opacity\"\/>\n\n\n\n<h4 class=\"wp-block-heading\">4. Veiktsp\u0113jas p\u0101rvald\u012bba un anal\u012btika<\/h4>\n\n\n<p>Darba izpildes nov\u0113rt\u0113\u0161ana aiz\u0146em veselu m\u016b\u017e\u012bbu. Atgriezenisk\u0101s saites apkopo\u0161ana. Analiz\u0113t mode\u013cus. Probl\u0113mu identific\u0113\u0161ana. Kopsavilkumu rakst\u012b\u0161ana.<\/p>\n<p>Un l\u012bdz br\u012bdim, kad notiek p\u0101rskat\u012b\u0161ana, probl\u0113mas jau m\u0113ne\u0161iem ilgi ir saasin\u0101ju\u0161\u0101s.<\/p>\n\n\n<h5 class=\"wp-block-heading\">Ko dara m\u0101ksl\u012bgais intelekts<\/h5>\n\n\n<p><strong>analiz\u0113 atgriezenisk\u0101s saites mode\u013cus.<\/strong><br \/>\n360 atsauksmes. Aptaujas atbildes. Vad\u012bt\u0101ju piez\u012bmes. M\u0101ksl\u012bgais intelekts identific\u0113 t\u0113mas un tendences atsauksm\u0113s.<\/p>\n\n<p><strong>Identific\u0113 prasmju tr\u016bkumus.<\/strong><br \/>\nPamatojoties uz veiktsp\u0113jas datiem un lomu pras\u012bb\u0101m, m\u0101ksl\u012bgais intelekts nosaka, kur\u0101s jom\u0101s ir nepiecie\u0161ama att\u012bst\u012bba.<\/p>\n\n<p><strong>Paredz saglab\u0101\u0161anas riskus.<\/strong><br \/>\nIesaist\u012b\u0161an\u0101s samazin\u0101s? Vai main\u0101s veiktsp\u0113jas mode\u013ci? M\u0101ksl\u012bgais intelekts pamana br\u012bdin\u0101juma paz\u012bmes, pirms darbinieki aiziet.<\/p>\n\n<p><strong>Veido p\u0101rskatu kopsavilkumus.<\/strong><br \/>\nM\u0101ksl\u012bgais intelekts, pamatojoties uz apkopotajiem datiem, sagatavo darb\u012bbas kopsavilkumus. Vad\u012bt\u0101ji p\u0101rskata un personaliz\u0113.<\/p>\n\n<p><strong>seko l\u012bdzi m\u0113r\u0137iem un progresam.<\/strong><br \/>\nM\u0113r\u0137a izseko\u0161ana. Atskaites atg\u0101din\u0101jumi. Progresa redzam\u012bba. M\u0101ksl\u012bgais intelekts nodro\u0161ina izpildes p\u0101rvald\u012bbu.<\/p>\n\n\n<h5 class=\"wp-block-heading\">Ko tas noz\u012bm\u0113 jums<\/h5>\n\n\n<ul>\n<li><strong>Person\u0101la direktoriem:<\/strong> Uz datiem balst\u012bti talantu l\u0113mumi. Agr\u012bna br\u012bdin\u0101\u0161ana par notur\u0113\u0161anu. Att\u012bst\u012bbas programmas, kas nov\u0113r\u0161 re\u0101las nepiln\u012bbas.<\/li>\n<li><strong>Vad\u012bt\u0101jiem:<\/strong> Maz\u0101k laika, kas nepiecie\u0161ams p\u0101rskat\u012b\u0161anas dokumentiem. Lab\u0101ks ieskats komandas sniegum\u0101. Agr\u0101ka probl\u0113mu atkl\u0101\u0161ana.<\/li>\n<li><strong>Darbiniekiem:<\/strong> Skaidr\u0101kas atsauksmes. Faktiskaj\u0101m vajadz\u012bb\u0101m piel\u0101gota att\u012bst\u012bba. Redzami m\u0113r\u0137i.<\/li>\n<\/ul>\n\n<p><a href=\"https:\/\/www.leaplytics.de\/lv\/veiktspejas-vadibas-analitika-ai\/\">Uzziniet vair\u0101k par m\u0101ksl\u012bgo intelektu veiktsp\u0113jas p\u0101rvald\u012bbai \u2192<\/a><\/p>\n\n\n<hr class=\"wp-block-separator has-alpha-channel-opacity\"\/>\n\n\n\n<h4 class=\"wp-block-heading\">5. Cilv\u0113kresursu administr\u0113\u0161ana un atbilst\u012bba<\/h4>\n\n\n<p>Cilv\u0113kresursi darbojas, pamatojoties uz dokumentiem un noteikumiem. Darbinieku lietas. Atbilst\u012bbas pras\u012bbas. Politikas atjaunin\u0101jumi. Zi\u0146o\u0161anas pien\u0101kumi.<\/p>\n<p>Ja kaut ko nokav\u0113siet, tas var izmaks\u0101t d\u0101rgi. Rev\u012bzija rada stresu. Seko\u0161ana l\u012bdzi noteikumiem ir pilna laika darbs.<\/p>\n\n\n<h5 class=\"wp-block-heading\">Ko dara m\u0101ksl\u012bgais intelekts<\/h5>\n\n\n<p><strong>Organiz\u0113 darbinieku dokumentus.<\/strong><br \/>\nL\u012bgumi. Sertifik\u0101ti. Apm\u0101c\u012bbu dokumenti. M\u0101ksl\u012bgais intelekts visu arhiv\u0113 pareizi un nodro\u0161ina, ka tas ir atrodams.<\/p>\n\n<p><strong>Izseko atbilst\u012bbas pras\u012bb\u0101m.<\/strong><br \/>\nSertifik\u0101tu der\u012bguma termi\u0146\u0161 beidzas? Apm\u0101c\u012bbas kav\u0113jas? Tr\u016bkst nepiecie\u0161amo dokumentu? AI uzrauga un br\u012bdina.<\/p>\n\n<p><strong>Uzrauga regul\u0113juma izmai\u0146as.<\/strong><br \/>\nDarba ties\u012bbu aktu atjaunin\u0101\u0161ana? Jaunas atbilst\u012bbas pras\u012bbas? AI seko l\u012bdzi izmai\u0146\u0101m, kas ietekm\u0113 j\u016bsu politiku.<\/p>\n\n<p><strong>\u0123ener\u0113 HR p\u0101rskatus.<\/strong><br \/>\nDarbinieku skaits. Apgroz\u012bba. Daudzveid\u012bbas r\u0101d\u012bt\u0101ji. Atbilst\u012bbas statuss. M\u0101ksl\u012bgais intelekts autom\u0101tiski izveido p\u0101rskatus.<\/p>\n\n<p><strong>Veic dokument\u0101cijas rev\u012bziju.<\/strong><br \/>\nVai darbinieku lietas ir piln\u012bgas? Vai ir parakst\u012bti nepiecie\u0161amie apstiprin\u0101jumi? AI p\u0101rbauda un atz\u012bm\u0113 tr\u016bkumus.<\/p>\n\n\n<h5 class=\"wp-block-heading\">Ko tas noz\u012bm\u0113 jums<\/h5>\n\n\n<ul>\n<li><strong>Person\u0101la direktoriem:<\/strong> Uzskaite, ka ieraksti ir gatavi rev\u012bzijai. Maz\u0101ks atbilst\u012bbas risks. Skaidra cilv\u0113kresursu r\u0101d\u012bt\u0101ju p\u0101rredzam\u012bba.<\/li>\n<li><strong>Person\u0101la vad\u012bt\u0101jiem:<\/strong> P\u0101rtrauciet med\u012bt dokumentus. Uzticieties, ka atbilst\u012bba tiek izsekota. Koncentr\u0113jieties uz cilv\u0113kiem, nevis uz pap\u012bru k\u0101rto\u0161anu.<\/li>\n<li><strong>Uz\u0146\u0113mumam:<\/strong> Samazin\u0101ts juridiskais risks. Pareiza dokument\u0101cija. Pier\u0101d\u012bjumi, ka j\u016bs r\u012bkojaties pareizi.<\/li>\n<\/ul>\n\n<p><em>Svar\u012bgi: m\u0101ksl\u012bgais intelekts p\u0101rvalda administr\u0113\u0161anu, bet person\u0101la v\u0113rt\u0113jums cilv\u0113ku jaut\u0101jumos joproj\u0101m ir b\u016btisks. Jut\u012bgu l\u0113mumu pie\u0146em\u0161an\u0101 vienm\u0113r ir j\u0101iesaist\u0101s cilv\u0113kam.<\/em><\/p>\n\n<p><a href=\"https:\/\/www.leaplytics.de\/lv\/hr-administracijas-atbilstiba-ai\/\">Uzziniet vair\u0101k par m\u0101ksl\u012bgo intelektu cilv\u0113kresursu administr\u0113\u0161anai un atbilst\u012bbas nodro\u0161in\u0101\u0161anai \u2192<\/a><\/p>\n\n\n<hr class=\"wp-block-separator has-alpha-channel-opacity\"\/>\n\n\n\n<h3 class=\"wp-block-heading\">Ko m\u0101ksl\u012bgais intelekts nedar\u012bs<\/h3>\n\n\n<p>Skaidri run\u0101sim par ierobe\u017eojumiem.<\/p>\n<p>M\u0101ksl\u012bgais intelekts neaizst\u0101j cilv\u0113kresursu speci\u0101listus. Tas neveic sare\u017e\u0123\u012btas sarunas. Tas nerisina jut\u012bgas darbinieku situ\u0101cijas. Tas neizdara spriedumus par cilv\u0113ku karjeru.<\/p>\n<p>Tas tiek gal\u0101 ar rut\u012bnas darbu. P\u0101rbaude. Pl\u0101no\u0161anu. Politikas jaut\u0101jumi. Dokumentu izseko\u0161ana.<\/p>\n<p>J\u016bsu person\u0101la komanda joproj\u0101m veic cilv\u0113cisko darbu. Vi\u0146i vienk\u0101r\u0161i dara to lab\u0101k, jo administrat\u012bvais slogs ir no\u0146emts.<\/p>\n\n\n<hr class=\"wp-block-separator has-alpha-channel-opacity\"\/>\n\n\n\n<h3 class=\"wp-block-heading\">Apak\u0161\u0113j\u0101 l\u012bnija<\/h3>\n\n\n<p>Cilv\u0113kresursu noda\u013cas, kas labi izmanto m\u0101ksl\u012bgo intelektu, nestr\u0101d\u0101 maz\u0101k. T\u0101s str\u0101d\u0101 cit\u0101di.<\/p>\n<p>T\u0101 viet\u0101, lai p\u0101rbaud\u012btu simtiem CV, vi\u0146i interv\u0113 lieliskus kandid\u0101tus. T\u0101 viet\u0101, lai atbild\u0113tu uz atk\u0101rtotiem jaut\u0101jumiem, vi\u0146i risina re\u0101las darbinieku probl\u0113mas. T\u0101 viet\u0101, lai nodarbotos ar pap\u012bru k\u0101rto\u0161anu, vi\u0146i piev\u0113r\u0161as cilv\u0113kiem.<\/p>\n<p>Rezult\u0101ts:<\/p>\n<ul>\n<li>\u0100tr\u0101ka lab\u0101ku kandid\u0101tu pie\u0146em\u0161ana darb\u0101<\/li>\n<li>Lab\u0101ka darbinieku pieredze<\/li>\n<li>Zem\u0101kas administrat\u012bv\u0101s izmaksas<\/li>\n<li>Cilv\u0113kresursu speci\u0101listi veic darbu, kam patie\u0161\u0101m nepiecie\u0161amas vi\u0146u zin\u0101\u0161anas.<\/li>\n<li>Atbilst\u012bba bez past\u0101v\u012bga stresa<\/li>\n<\/ul>\n<p>\u0160eit nav runa par j\u016bsu komandas aizst\u0101\u0161anu. Runa ir par to, k\u0101 padar\u012bt tos efekt\u012bv\u0101kus.<\/p>\n\n\n<hr class=\"wp-block-separator has-alpha-channel-opacity\"\/>\n\n\n\n<h3 class=\"wp-block-heading\">Vai esat gatavs redz\u0113t, kas ir iesp\u0113jams?<\/h3>\n\n\n<p>Katra person\u0101la komanda ir at\u0161\u0137ir\u012bga. J\u016bsu procesi nav t\u0101di pa\u0161i k\u0101 visiem p\u0101r\u0113jiem. J\u016bsu politikai ir savas \u012bpatn\u012bbas. J\u016bsu priorit\u0101tes ir atkar\u012bgas no j\u016bsu uz\u0146\u0113muma.<\/p>\n<p>M\u0113s nep\u0101rdodam univers\u0101lus risin\u0101jumus. M\u0113s apl\u016bkojam j\u016bsu konkr\u0113t\u0101s cilv\u0113kresursu probl\u0113mas. M\u0113s identific\u0113jam, kur m\u0101ksl\u012bgais intelekts var pal\u012bdz\u0113t. M\u0113s veidojam sist\u0113mas, kas atbilst j\u016bsu darba veidam.<\/p>\n<p>Nek\u0101da a\u017eiot\u0101\u017ea. Nek\u0101du sol\u012bjumu, ko nevaram izpild\u012bt. Tikai praktisks m\u0101ksl\u012bgais intelekts, kas padar\u012bs j\u016bsu person\u0101la komandu efekt\u012bv\u0101ku.<\/p>\n\n<p><a href=\"https:\/\/www.leaplytics.de\/lv\/kontaktinformacija\/\">Parun\u0101sim par j\u016bsu cilv\u0113kresursu oper\u0101cij\u0101m<\/a><\/p>\n\n<p><a href=\"https:\/\/www.leaplytics.de\/lv\/maksligais-intelekts\/\">Skat\u012bt visus AI pakalpojumus<\/a><\/p>","protected":false},"excerpt":{"rendered":"<p>Your HR Team Has Too Much Work. AI Can Help. HR work is people work. But it&#8217;s also paperwork. Applications. Onboarding documents. Policy questions. Leave requests. Performance reviews. Benefits forms. Most of it follows patterns. Screen the resume. Answer the policy question. Process the request. Send the reminder. Again. AI is built for this. It &hellip; <\/p>","protected":false},"author":2,"featured_media":0,"parent":0,"menu_order":0,"comment_status":"closed","ping_status":"closed","template":"","meta":{"footnotes":""},"class_list":["post-14409","page","type-page","status-publish","hentry","latest_post"],"_links":{"self":[{"href":"https:\/\/www.leaplytics.de\/lv\/wp-json\/wp\/v2\/pages\/14409","targetHints":{"allow":["GET"]}}],"collection":[{"href":"https:\/\/www.leaplytics.de\/lv\/wp-json\/wp\/v2\/pages"}],"about":[{"href":"https:\/\/www.leaplytics.de\/lv\/wp-json\/wp\/v2\/types\/page"}],"author":[{"embeddable":true,"href":"https:\/\/www.leaplytics.de\/lv\/wp-json\/wp\/v2\/users\/2"}],"replies":[{"embeddable":true,"href":"https:\/\/www.leaplytics.de\/lv\/wp-json\/wp\/v2\/comments?post=14409"}],"version-history":[{"count":3,"href":"https:\/\/www.leaplytics.de\/lv\/wp-json\/wp\/v2\/pages\/14409\/revisions"}],"predecessor-version":[{"id":14458,"href":"https:\/\/www.leaplytics.de\/lv\/wp-json\/wp\/v2\/pages\/14409\/revisions\/14458"}],"wp:attachment":[{"href":"https:\/\/www.leaplytics.de\/lv\/wp-json\/wp\/v2\/media?parent=14409"}],"curies":[{"name":"wp","href":"https:\/\/api.w.org\/{rel}","templated":true}]}}