{"id":14440,"date":"2025-12-19T01:44:28","date_gmt":"2025-12-19T00:44:28","guid":{"rendered":"https:\/\/www.leaplytics.de\/?page_id=14440"},"modified":"2025-12-19T01:44:29","modified_gmt":"2025-12-19T00:44:29","slug":"darbinieku-uznemsana-ai","status":"publish","type":"page","link":"https:\/\/www.leaplytics.de\/lv\/darbinieku-uznemsana-ai\/","title":{"rendered":"Darbinieku uz\u0146em\u0161anas AI"},"content":{"rendered":"<h2>M\u0101ksl\u012bgais intelekts darbinieku uz\u0146em\u0161anai darb\u0101: Izveidojiet lielisku pirmo iespaidu m\u0113rog\u0101<\/h2>\n\n<p>Pirmais iespaids ir svar\u012bgs. Kad jauns darbinieks s\u0101k str\u0101d\u0101t, pirm\u0101 ned\u0113\u013ca vi\u0146am past\u0101sta visu par j\u016bsu uz\u0146\u0113mumu.<\/p>\n<p>Vienm\u0113r\u012bga iek\u0101p\u0161ana? Profesion\u0101li. Organiz\u0113ts. Vi\u0146i j\u016btas p\u0101rliecin\u0101ti, ka ir izdar\u012bju\u0161i pareizo izv\u0113li.<\/p>\n<p>Nek\u0101rt\u012bga uz\u0146em\u0161ana darb\u0101? Zaud\u0113ts. Apjucis. Dom\u0101jo\u0161i, ko vi\u0146i iesl\u012bgu\u0161i. Da\u017ei aiziet, pirms v\u0113l ir s\u0101ku\u0161i str\u0101d\u0101t.<\/p>\n<p>Probl\u0113ma: ievadapm\u0101c\u012bba ir atk\u0101rtota, bet detaliz\u0113ta. Vien\u0101ds process katram darbiniekam. Bet katram no tiem ir dokument\u0101cija, piek\u013cuve sist\u0113m\u0101m, apr\u012bkojums, apm\u0101c\u012bba, iepaz\u012bstin\u0101\u0161ana. Ja kaut ko nokav\u0113, rodas probl\u0113mas.<\/p>\n<p>M\u0101ksl\u012bgais intelekts to lieliski p\u0101rvalda. Katru reizi tiek iev\u0113rots viens un tas pats process. Tas nekad neaizmirst nevienu soli. Tas izseko, kas ir paveikts un kas v\u0113l nav pabeigts. Tas uzreiz atbild uz jauno darbinieku jaut\u0101jumiem.<\/p>\n<p>J\u016bsu komanda p\u0101rtrauc nodarboties ar dokumentu k\u0101rto\u0161anu un s\u0101k pie\u0146emt cilv\u0113kus.<\/p>\n\n\n<hr class=\"wp-block-separator has-alpha-channel-opacity\"\/>\n\n\n\n<h3 class=\"wp-block-heading\">K\u0101p\u0113c darb\u0101 iek\u0101rto\u0161ana darb\u0101 ir gr\u016bt\u0101ka, nek\u0101 tai vajadz\u0113tu b\u016bt<\/h3>\n\n\n<p>Uz\u0146em\u0161ana darb\u0101 uz pap\u012bra izskat\u0101s vienk\u0101r\u0161a. Jauns darbinieks. Dokumentu k\u0101rto\u0161ana. Apm\u0101c\u012bba. Paveikts.<\/p>\n<p>Realit\u0101te ir haotisk\u0101ka.<\/p>\n<p>Veidlapas tiek pieg\u0101d\u0101tas nepiln\u012bgas. IT piek\u013cuve aizkav\u0113jas, jo k\u0101ds aizmirsis iesniegt bi\u013ceti. M\u0101c\u012bbu uzdevumi tiek veikti manu\u0101li - k\u0101dam ir j\u0101mekl\u0113, kas ir nepiecie\u0161ams katrai lomai. Apr\u012bkojuma pas\u016bt\u012bjumi izkr\u012bt cauri plais\u0101m. Jaunajiem darbiniekiem ir jaut\u0101jumi, bet person\u0101la noda\u013ca ir aiz\u0146emta ar citiem ugunsgr\u0113kiem.<\/p>\n<p>Jaunais darbinieks s\u0113\u017e un gaida. Varb\u016bt uz piek\u013cuvi sist\u0113mai. Varb\u016bt uz apr\u012bkojumu. Varb\u016bt uz to, lai k\u0101ds pateiktu, kas vi\u0146am j\u0101dara. Ne p\u0101r\u0101k labs s\u0101kums.<\/p>\n<p>J\u016bsu person\u0101la komanda zina, ka tas ir slikti. Vi\u0146i nav slinki vai nekompetenti. Vi\u0146i ir p\u0101rslogoti. Katrs jauns darbinieks noz\u012bm\u0113 vair\u0101k nek\u0101 20 uzdevumu vair\u0101k\u0101s sist\u0113m\u0101s. Reiziniet to ar katru pie\u0146emto darbinieku m\u0113nes\u012b, un tas ir haoss.<\/p>\n<p>Da\u017ei jaunie darbinieki tiek lieliski ievad\u012bti darb\u0101, jo vi\u0146iem pal\u012bdz\u0113ja pareizais darbinieks. Citi g\u016bst briesm\u012bgu pieredzi, jo vi\u0146i s\u0101ka darbu aiz\u0146emt\u0101 ned\u0113\u013c\u0101. Konsekvence nav iesp\u0113jama, ja viss notiek manu\u0101li.<\/p>\n<p>T\u0101 nav cilv\u0113ku probl\u0113ma. T\u0101 ir procesa probl\u0113ma. Un m\u0101ksl\u012bgais intelekts ir rad\u012bts procesiem.<\/p>\n\n\n<hr class=\"wp-block-separator has-alpha-channel-opacity\"\/>\n\n\n\n<h3 class=\"wp-block-heading\">Ko m\u0101ksl\u012bgais intelekts pal\u012bdz darb\u0101 uz\u0146em\u0161anas proces\u0101<\/h3>\n\n\n<p>M\u0101ksl\u012bgais intelekts neaizst\u0101j cilv\u0113kresursus darb\u0101 ar darbiniekiem. Tas nodro\u0161ina, ka nekas nenon\u0101k caur plais\u0101m. L\u016bk, k\u0101.<\/p>\n\n\n<h4 class=\"wp-block-heading\">Dokumentu apstr\u0101de, kas patie\u0161\u0101m darbojas<\/h4>\n\n\n<p>Jaunie darbinieki iesniedz veidlapas. Nodok\u013cu dokumenti. Inform\u0101cija par tie\u0161o iemaksu. Kontakti \u0101rk\u0101rtas gad\u012bjumos. Pieteik\u0161an\u0101s pabalstiem. Politikas apstiprin\u0101jumi.<\/p>\n<p>Katra veidlapa k\u0101dam ir j\u0101p\u0101rbauda. Izraksta datus. Ievad\u012bt tos sist\u0113m\u0101s. Iesniegt dokumentus. P\u0101rliecinieties, ka nekas netr\u016bkst.<\/p>\n<p>M\u0101ksl\u012bgais intelekts to dara autom\u0101tiski.<\/p>\n<p>Veidlapa ierodas. M\u0101ksl\u012bgais intelekts izraksta inform\u0101ciju. Tas p\u0101rbauda, vai oblig\u0101tie lauki ir aizpild\u012bti. Tas novirza datus uz pareizaj\u0101m sist\u0113m\u0101m - HRIS, algu sarakstu, pabalstu platformu. T\u0101 ievada dokumentu darbinieka ierakst\u0101. T\u0101 atz\u012bm\u0113 tr\u016bksto\u0161o vai nepareizo inform\u0101ciju.<\/p>\n<p>Nav manu\u0101las datu ievades. Nav transkripcijas k\u013c\u016bdu. Nav veidlapu, kas pazudu\u0161as k\u0101da ies\u016btn\u0113. Vienk\u0101r\u0161i apstr\u0101d\u0101tas un gatavas.<\/p>\n<p>Ja veidlapas ir nepiln\u012bgas, AI nekav\u0113joties inform\u0113 jauno darbinieku: \"J\u016bsu tie\u0161\u0101 depoz\u012bta veidlap\u0101 tr\u016bkst konta numura. L\u016bdzu, iesniedziet to v\u0113lreiz.\" Ne p\u0113c trim dien\u0101m, kad person\u0101lvad\u012bbas noda\u013ca to beidzot p\u0101rbauda - nekav\u0113joties.<\/p>\n<p>Tas vien \u013cauj ietaup\u012bt stundas uz vienu jauno darbinieku. Desmitiem vai simtiem darb\u0101 pie\u0146emto darbinieku gad\u0101 tas \u0101tri palielin\u0101s.<\/p>\n\n\n<h4 class=\"wp-block-heading\">Apm\u0101c\u012bbu uzdevums, kas faktiski ir personaliz\u0113ts<\/h4>\n\n\n<p>Katrai lomai ir nepiecie\u0161ama apm\u0101c\u012bba. Atbilst\u012bbas apm\u0101c\u012bba. Sist\u0113mas apm\u0101c\u012bba. Apm\u0101c\u012bba par konkr\u0113t\u0101m lom\u0101m. Noda\u013cas ievirze.<\/p>\n<p>Manu\u0101la pie\u0161\u0137ir\u0161ana ir apgr\u016btino\u0161a. Paskatieties, kas ir nepiecie\u0161ams \u0161ai lomai. P\u0101rbaudiet vietai specifisk\u0101s pras\u012bbas. Pievienojiet departamentam specifisku saturu. Izveidojiet m\u0101c\u012bbu pl\u0101nu. Re\u0123istr\u0113jiet personu. Izsekojiet pabeig\u0161anu.<\/p>\n<p>M\u0101ksl\u012bgais intelekts to p\u0101rvalda.<\/p>\n<p>Sist\u0113m\u0101 tiek ievad\u012bti jaunu darbinieku dati - amats, noda\u013ca, atra\u0161an\u0101s vieta. M\u0101ksl\u012bgais intelekts zina, k\u0101da apm\u0101c\u012bba ir nepiecie\u0161ama katrai kombin\u0101cijai. Tas autom\u0101tiski izveido personaliz\u0113tu darb\u0101 iek\u0101rto\u0161anas pl\u0101nu. Tas re\u0123istr\u0113 jauno darbinieku pareizajos kursos. Tas nosaka termi\u0146us, pamatojoties uz priorit\u0101ti.<\/p>\n<p>P\u0101rdo\u0161anas p\u0101rst\u0101vis Kalifornij\u0101? Vi\u0146iem tiek nodro\u0161in\u0101tas p\u0101rdo\u0161anas apm\u0101c\u012bbas, Kalifornijai specifiskas atbilst\u012bbas apm\u0101c\u012bbas, uz\u0146\u0113muma orient\u0101cijas un CRM apm\u0101c\u012bbas. Programmat\u016bras in\u017eenieris V\u0101cij\u0101? At\u0161\u0137ir\u012bga atbilst\u012bba, at\u0161\u0137ir\u012bgi r\u012bki, at\u0161\u0137ir\u012bgs ievadapm\u0101c\u012bbas ce\u013c\u0161.<\/p>\n<p>Vien\u0101da kvalit\u0101te visiem. Nekas nav izlaists. Nav manu\u0101las mekl\u0113\u0161anas.<\/p>\n\n\n<h4 class=\"wp-block-heading\">Pabeig\u0161anas izseko\u0161ana, kas nodro\u0161ina darbu virz\u012bbu<\/h4>\n\n\n<p>Uz\u0146em\u0161ana darb\u0101 nav viens uzdevums - tie ir 30 uzdevumi. Da\u017ei no tiem ir \u0101tri. Da\u017ei prasa vair\u0101kas dienas. Da\u017ei ir atkar\u012bgi no t\u0101, vai citi uzdevumi ir paveikti vispirms.<\/p>\n<p>Kas to visu izseko? Parasti person\u0101la koordinators ar izkl\u0101jlapu. \"Vai IT ir izveidojis vi\u0146u kontu? Vai vi\u0146i pabeidza atbilst\u012bbas apm\u0101c\u012bbu? Vai vi\u0146i iesniedza I-9? Vai vi\u0146u vad\u012bt\u0101js ir iepl\u0101nojis p\u0101rbaudi?\"<\/p>\n<p>M\u0101ksl\u012bgais intelekts visu izseko autom\u0101tiski.<\/p>\n<p>Katram uzdevumam ir statuss. Nav s\u0101kts. Veidojas. Pabeigts. Nokav\u0113ts. M\u0101ksl\u012bgais intelekts to visu uzrauga re\u0101llaik\u0101.<\/p>\n<p>Ja kaut kas ir nokav\u0113ts, m\u0101ksl\u012bgais intelekts nos\u016bta atg\u0101din\u0101jumus. Jaunajam darbiniekam, ja vi\u0146am ir kaut kas j\u0101izdara. Person\u0101la noda\u013cai, ja kaut kas ir iestr\u0113dzis. vad\u012bt\u0101jiem, ja vi\u0146iem ir j\u0101r\u012bkojas.<\/p>\n<p>Nekas netiek izlaists cauri plais\u0101m. Nevienam nav manu\u0101li j\u0101seko l\u012bdzi 30 uzdevumiem 10 jauniem darbiniekiem. To paveic sist\u0113ma.<\/p>\n<p>Person\u0101la p\u0101rvalde redz inform\u0101cijas paneli: katra jaun\u0101 darbinieka uz\u0146em\u0161anas statuss ar vienu acu uzmetienu. Kur\u0161 ir uz pareiz\u0101 ce\u013ca. Kas ir blo\u0137\u0113ts. Kam j\u0101piev\u0113r\u0161 uzman\u012bba. Tas viss.<\/p>\n\n\n<h4 class=\"wp-block-heading\">Vienm\u0113r pieejams jauno darbinieku atbalsts<\/h4>\n\n\n<p>Jaunajiem darbiniekiem ir jaut\u0101jumi. To ir daudz.<\/p>\n<p>\"Kur man novietot automa\u0161\u012bnu?\" \"K\u0101 iestat\u012bt e-pastu?\" \"Kad s\u0101kas pabalsti?\" \"Kur es varu atrast darbinieku rokasgr\u0101matu?\" \"K\u0101ds ir \u0123\u0113rb\u0161an\u0101s kodekss?\" \"K\u0101 iesniegt izdevumus?\"<\/p>\n<p>Tie ir vienk\u0101r\u0161i jaut\u0101jumi. Bet k\u0101dam uz tiem ir j\u0101atbild. Un jaunajiem darbiniekiem tie bie\u017ei vien rodas \u0101rpus darba laika, piem\u0113ram, sv\u0113tdienas vakar\u0101 pirms pirmdienas darba s\u0101kuma.<\/p>\n<p>Ar to nodarbojas m\u0101ksl\u012bg\u0101 intelekta t\u0113rz\u0113\u0161anas robots. 24\/7. Uzreiz.<\/p>\n<p>T\u0101 zina j\u016bsu politiku. T\u0101 p\u0101rzina j\u016bsu proced\u016bras. T\u0101 zina bie\u017e\u0101k uzdotos jaut\u0101jumus jaunajiem darbiniekiem. T\u0101 atbild prec\u012bzi un nekav\u0113joties.<\/p>\n<p>Sare\u017e\u0123\u012btu vai sensit\u012bvu jaut\u0101jumu gad\u012bjum\u0101 var sazin\u0101ties ar cilv\u0113ku, kam ir konteksts. Bet parastos 80% jaut\u0101jumus t\u0101 risina, neiesaistot cilv\u0113kresursus.<\/p>\n<p>Jaunie darbinieki j\u016btas atbalst\u012bti. Person\u0101la noda\u013cai nav j\u0101atbild uz vieniem un tiem pa\u0161iem jaut\u0101jumiem atk\u0101rtoti. Visi ir laim\u012bg\u0101ki.<\/p>\n\n\n<h4 class=\"wp-block-heading\">Vienm\u0113r\u012bga pieredze neatkar\u012bgi no apjoma<\/h4>\n\n\n<p>\u0160\u012b ir \u012bst\u0101 probl\u0113ma, kas saist\u012bta ar manu\u0101lo darb\u0101 iek\u0101rto\u0161anu darb\u0101: kvalit\u0101te ir da\u017e\u0101da.<\/p>\n<p>Viens jauns darbinieks s\u0101k darbu, kad person\u0101la noda\u013ca ir klusa. Vi\u0146i sa\u0146em balto cimdu apkalpo\u0161anu. Viss ir perfekti. N\u0101kamais jaunais darbinieks s\u0101k str\u0101d\u0101t saspringt\u0101 ned\u0113\u013c\u0101. Steidz\u012bga uz\u0146em\u0161ana. Lietas tiek nokav\u0113tas. Slikt\u0101ka pieredze.<\/p>\n<p>Izmantojot m\u0101ksl\u012bgo intelektu, katrs jaunais darbinieks sa\u0146em vien\u0101du kvalit\u0101ti. Vien\u0101ds process. T\u0101da pati piln\u012bba. T\u0101da pati atsauc\u012bba.<\/p>\n<p>Nav noz\u012bmes, vai taj\u0101 ned\u0113\u013c\u0101 uz\u0146emat darb\u0101 1 cilv\u0113ku vai 20 cilv\u0113kus. M\u0101ksl\u012bgais intelekts to veic vien\u0101di kvalitat\u012bvi.<\/p>\n<p>Tas ir \u012bpa\u0161i svar\u012bgi uz\u0146\u0113mumiem, kuros ir main\u012bga darb\u0101 pie\u0146em\u0161anas k\u0101rt\u012bba - sezon\u0101li k\u0101pumi, izaugsmes f\u0101zes, darb\u0101 pie\u0146em\u0161anas iesald\u0113\u0161ana. M\u0101ksl\u012bgais intelekts ir piel\u0101gojams uzreiz.<\/p>\n\n\n<hr class=\"wp-block-separator has-alpha-channel-opacity\"\/>\n\n\n\n<h3 class=\"wp-block-heading\">Ko tas noz\u012bm\u0113 jums<\/h3>\n\n\n\n<h4 class=\"wp-block-heading\">Person\u0101la direktoriem un person\u0101la vad\u012bt\u0101jiem<\/h4>\n\n\n<ul>\n<li><strong>Konsekventa uz\u0146em\u0161ana pla\u0161\u0101 m\u0113rog\u0101.<\/strong> T\u0101da pati kvalit\u0101te neatkar\u012bgi no t\u0101, vai m\u0113nes\u012b pie\u0146emat darb\u0101 2 vai 20 cilv\u0113kus.<\/li>\n<li><strong>\u0100tr\u0101ks laiks l\u012bdz produktivit\u0101tes sasnieg\u0161anai.<\/strong> Jaunajiem darbiniekiem jau no pirm\u0101s dienas ir viss nepiecie\u0161amais. Nevajag gaid\u012bt, lai sa\u0146emtu piek\u013cuvi vai inform\u0101ciju.<\/li>\n<li><strong>Lab\u0101ka jaunu darbinieku notur\u0113\u0161ana.<\/strong> Laba darb\u0101 uzs\u0101k\u0161anas pieredze ir tie\u0161i saist\u012bta ar darbinieku notur\u0113\u0161anu. Cilv\u0113ki, kuri j\u016btas atbalst\u012bti agr\u012bn\u0101 posm\u0101, paliek ilg\u0101k.<\/li>\n<li><strong>Maz\u0101ks cilv\u0113kresursu administrat\u012bvais slogs.<\/strong> Maz\u0101k laika j\u0101velta veidlapu aizpild\u012b\u0161anai. Maz\u0101k laika, lai izsekotu aizpild\u012b\u0161anu. Maz\u0101k laika, atbildot uz rut\u012bnas jaut\u0101jumiem.<\/li>\n<li><strong>Uz\u0146em\u0161anas kvalit\u0101tes redzam\u012bba.<\/strong> Dati par pabeig\u0161anas r\u0101d\u012bt\u0101jiem, v\u0101jaj\u0101m viet\u0101m, laiku, kas vajadz\u012bgs, lai sasniegtu ra\u017e\u012bgumu. J\u016bs varat redz\u0113t, kas darbojas un kas ne.<\/li>\n<li><strong>Lab\u0101ks darba dev\u0113ja z\u012bmols.<\/strong> Jaunie darbinieki run\u0101. Laba darb\u0101 iek\u0101rto\u0161ana rada pozit\u012bvu mutv\u0101rdu apriti. Slikts ievads rada pret\u0113jo.<\/li>\n<\/ul>\n\n\n<h4 class=\"wp-block-heading\">Person\u0101la vad\u012bt\u0101jiem un koordinatoriem<\/h4>\n\n\n<ul>\n<li><strong>P\u0101rtrauciet sekot l\u012bdzi dokumentiem.<\/strong> M\u0101ksl\u012bgais intelekts apstr\u0101d\u0101 dokumentus autom\u0101tiski. J\u016bs p\u0101rskat\u0101t tikai iz\u0146\u0113mumus.<\/li>\n<li><strong>P\u0101rtrauciet manu\u0101li izsekot uzdevumus.<\/strong> Sist\u0113ma seko visam. J\u016bs redzat, kam j\u0101piev\u0113r\u0161 uzman\u012bba, nevis katru s\u012bkumu.<\/li>\n<li><strong>P\u0101rtrauciet atbild\u0113t uz vieniem un tiem pa\u0161iem jaut\u0101jumiem.<\/strong> M\u0101ksl\u012bgais intelektiskais intelekts apstr\u0101d\u0101 regul\u0101rus piepras\u012bjumus. Sare\u017e\u0123\u012btos vai sensit\u012bvos jaut\u0101jumus apstr\u0101d\u0101 j\u016bs.<\/li>\n<li><strong>Vair\u0101k laika cilv\u0113cisk\u0101m liet\u0101m.<\/strong> Jauno darbinieku uz\u0146em\u0161ana. Probl\u0113mu risin\u0101\u0161ana. attiec\u012bbu veido\u0161ana. Tas, kas patie\u0161\u0101m ir svar\u012bgi.<\/li>\n<li><strong>Maz\u0101k stresa saspringtos periodos.<\/strong> Kad darbinieku skaits strauji pieaug, m\u0101ksl\u012bgais intelekts main\u0101s. Jums nav j\u0101nop\u016b\u0161as ar uz\u0146em\u0161anas administr\u0113\u0161anu.<\/li>\n<\/ul>\n\n\n<h4 class=\"wp-block-heading\">Jauniem darbiniekiem<\/h4>\n\n\n<ul>\n<li><strong>Skaidrs process jau no pirm\u0101s dienas.<\/strong> J\u016bs zin\u0101t, ko dar\u012bt. Kad to dar\u012bt. Kas ir nepiecie\u0161ams. Nek\u0101das neskaidr\u012bbas.<\/li>\n<li><strong>\u0100tr\u0101s atbildes uz jaut\u0101jumiem.<\/strong> Negaidiet vair\u0101kas dienas, lai sa\u0146emtu vienk\u0101r\u0161u inform\u0101ciju. M\u0101ksl\u012bgais intelekts atbild uzreiz.<\/li>\n<li><strong>Viss, kas jums nepiecie\u0161ams, kad tas nepiecie\u0161ams.<\/strong> Piek\u013cuve sist\u0113mai. Apr\u012bkojums. Apm\u0101c\u012bba. Nav j\u0101gaida, kam\u0113r b\u016bs gatavas lietas.<\/li>\n<li><strong>Profesion\u0101l\u0101 pieredze.<\/strong> Tas ir uz\u0146\u0113mums, kur\u0101, k\u0101 j\u016bs dom\u0101j\u0101t, iest\u0101jaties. Organiz\u0113ts, efekt\u012bvs, profesion\u0101ls.<\/li>\n<li><strong>Koncentr\u0113jieties uz darba apguvi.<\/strong> Nevis uz veidlapu aizpild\u012b\u0161anu vai lo\u0123istikas pamatprincipu risin\u0101\u0161anu. J\u016bs varat koncentr\u0113ties uz to, lai patie\u0161\u0101m k\u013c\u016btu produkt\u012bvs.<\/li>\n<\/ul>\n\n\n<hr class=\"wp-block-separator has-alpha-channel-opacity\"\/>\n\n\n\n<h3 class=\"wp-block-heading\">Ko m\u0101ksl\u012bgais intelekts nedar\u012bs<\/h3>\n\n\n<p>B\u016bsim re\u0101listi attiec\u012bb\u0101 uz ierobe\u017eojumiem.<\/p>\n<p>M\u0101ksl\u012bgais intelekts neaizst\u0101j cilv\u0113ku. Tam nav vad\u012bt\u0101ja re\u0123istr\u0101cijas. Tas neveido attiec\u012bbas komand\u0101. Tas neizj\u016bt, kad jaunais darbinieks saskaras ar gr\u016bt\u012bb\u0101m un vi\u0146am ir nepiecie\u0161ams atbalsts.<\/p>\n<p>T\u0101 veic administrat\u012bvo procesu. Veidlapas. M\u0101c\u012bbu uzdevumi. Uzdevumu izseko\u0161ana. Regul\u0101rie jaut\u0101jumi.<\/p>\n<p>Cilv\u0113ku saikni joproj\u0101m veido cilv\u0113ki. Saruna \"K\u0101 tu iek\u0101rtojies?\". Komandas pusdienas. Mentorings. Kult\u016bras nodo\u0161ana.<\/p>\n<p>M\u0101ksl\u012bgais intelekts nodro\u0161ina, ka administrat\u012bvie jaut\u0101jumi netrauc\u0113 cilv\u0113cisko darbu. Ja jaunie darbinieki negaida uz piek\u013cuvi sist\u0113mai vai nav neizpratn\u0113 par veidlap\u0101m, j\u016bsu komanda var koncentr\u0113ties uz to pie\u0146em\u0161anu.<\/p>\n<p>Turkl\u0101t m\u0101ksl\u012bgais intelekts nevar izlabot sliktu darb\u0101 pie\u0146em\u0161anas procesu. Ja j\u016bsu darb\u0101 pie\u0146em\u0161anas process ir b\u016btiski boj\u0101ts, m\u0101ksl\u012bgais intelekts tikai efekt\u012bv\u0101k izpild\u012bs boj\u0101to procesu. Vispirms ir j\u0101labo process, un tad j\u0101izmanto m\u0101ksl\u012bgais intelekts, lai to konsekventi izpild\u012btu.<\/p>\n\n\n<hr class=\"wp-block-separator has-alpha-channel-opacity\"\/>\n\n\n\n<h3 class=\"wp-block-heading\">Ietekme re\u0101laj\u0101 dz\u012bv\u0113<\/h3>\n\n\n<p>K\u0101 tas izskat\u0101s praks\u0113?<\/p>\n<p>Augo\u0161s uz\u0146\u0113mums ievie\u0161 m\u0101ksl\u012bgo intelektu\u0101lo intelektu, lai veiktu darbinieku uz\u0146em\u0161anu darb\u0101. Pirms tam person\u0101la atlases process pras\u012bja 6-8 stundas uz vienu jauno darbinieku. P\u0113c: 2 stundas. Tas ir 4-6 ietaup\u012btas stundas uz vienu darbinieku.<\/p>\n<p>Uz\u0146\u0113mumam, kas nodarbina 5 cilv\u0113kus m\u0113nes\u012b, tas ir 20-30 stundas m\u0113nes\u012b. Tas ir puse pilna laika ekvivalenta tikai no automatiz\u0101cijas.<\/p>\n<p>Samazin\u0101s jauno darbinieku laiks l\u012bdz produktivit\u0101tes sasnieg\u0161anai. Pirms tam jauniem darbiniekiem vajadz\u0113ja vid\u0113ji 8 dienas, lai ieg\u016btu visu nepiecie\u0161amo piek\u013cuvi un pabeigtu oblig\u0101to apm\u0101c\u012bbu. P\u0113c tam: P\u0113c tam - 3 dienas. Tas ir 5 dienas produktivit\u0101tes pieaugums uz vienu darbinieku.<\/p>\n<p>Uzlabojas jauno darbinieku apmierin\u0101t\u012bbas r\u0101d\u012bt\u0101ji. \u0100tra reakcija. Skaidrs process. Profesion\u0101l\u0101 pieredze. Cilv\u0113ki j\u016btas labi par savu l\u0113mumu pievienoties.<\/p>\n<p>90 dienu saglab\u0101\u0161ana uzlabojas par 8%. Ja ievads darb\u0101 ir vienm\u0113r\u012bgs, maz\u0101k cilv\u0113ku p\u0101rtrauc darbu pirmajos m\u0113ne\u0161os.<\/p>\n<p>Tas nav teor\u0113tisks jaut\u0101jums. Tas ir tas, kas notiek, ja m\u0101ksl\u012bgais intelekts pareizi p\u0101rvalda darb\u0101 ievad\u012b\u0161anas administr\u0113\u0161anu.<\/p>\n\n\n<hr class=\"wp-block-separator has-alpha-channel-opacity\"\/>\n\n\n\n<h3 class=\"wp-block-heading\">Darba s\u0101k\u0161ana<\/h3>\n\n\n<p>Nav nepiecie\u0161ams automatiz\u0113t visu uzreiz. S\u0101ciet ar liel\u0101ko s\u0101pju punktu.<\/p>\n<p>Liel\u0101kajai da\u013cai uz\u0146\u0113mumu t\u0101 ir dokumentu apstr\u0101de. Veidlapas tiek sa\u0146emtas nepiln\u012bgas. Manu\u0101la datu ievad\u012b\u0161ana. Lietu pazaud\u0113\u0161ana. S\u0101ciet ar to.<\/p>\n<p>Vai varb\u016bt tas ir m\u0101c\u012bbu uzdevums. P\u0101r\u0101k daudz instrukciju. Lietas tiek izlaistas. Da\u017e\u0101di cilv\u0113ki sa\u0146em at\u0161\u0137ir\u012bgu kvalit\u0101ti. Vispirms salabojiet to.<\/p>\n<p>Vai varb\u016bt tie ir jaut\u0101jumi par jaunajiem darbiniekiem. Vieni un tie pa\u0161i jaut\u0101jumi atkal un atkal. L\u0113na atbildes snieg\u0161ana. \u013baujiet m\u0101ksl\u012bgajam intelektam ar to tikt gal\u0101.<\/p>\n<p>Izv\u0113lieties vienu v\u0101ju vietu. Ieviest m\u0101ksl\u012bgo intelektu. Izm\u0113riet ietekmi. P\u0113c tam papla\u0161iniet to, iek\u013caujot ar\u012b citas uz\u0146em\u0161anas darb\u0101 da\u013cas.<\/p>\n<p>Katr\u0101 uz\u0146\u0113mum\u0101 darbinieku uz\u0146em\u0161ana ir at\u0161\u0137ir\u012bga. J\u016bsu veidlapas ir unik\u0101las. J\u016bsu sist\u0113m\u0101m ir \u012bpa\u0161as pras\u012bbas. J\u016bsu procesam ir noteikti posmi.<\/p>\n<p>T\u0101p\u0113c m\u0101ksl\u012bg\u0101 intelekta ievie\u0161ana nav \"plug-and-play\". Tam ir j\u0101atbilst j\u016bsu faktiskajai darba pl\u016bsmai. J\u016bsu faktiskajiem r\u012bkiem. J\u016bsu faktiskaj\u0101m pras\u012bb\u0101m.<\/p>\n\n\n<hr class=\"wp-block-separator has-alpha-channel-opacity\"\/>\n\n\n\n<h3 class=\"wp-block-heading\">Apak\u0161\u0113j\u0101 l\u012bnija<\/h3>\n\n\n<p>Uz\u0146em\u0161ana darb\u0101 ir svar\u012bga. Tas ietekm\u0113 darbinieku notur\u0113\u0161anu, laiku, kas nepiecie\u0161ams, lai sasniegtu produktivit\u0101ti, un darbinieku pieredzi. Slikts ievads ir d\u0101rgs - cilv\u0113ki aiziet vai paliek, bet vi\u0146iem ilg\u0101k j\u0101str\u0101d\u0101, lai k\u013c\u016btu produkt\u012bvi.<\/p>\n<p>M\u0101ksl\u012bgais intelekts neaizst\u0101j cilv\u0113cisko aspektu, kas saist\u012bts ar darbinieku uz\u0146em\u0161anu darb\u0101. Tas nodro\u0161ina administrat\u012bvo pusi, lai j\u016bsu komanda var\u0113tu koncentr\u0113ties uz cilv\u0113cisko pusi.<\/p>\n<p>Rezult\u0101ts: nemain\u012bga kvalit\u0101te, \u0101tr\u0101ka produktivit\u0101te, lab\u0101ka darbinieku notur\u0113\u0161ana un HR komandas, kas izaugsmes periodos nav noslogotas ar dokumentu k\u0101rto\u0161anu.<\/p>\n<p>Tas nav hype. Tas ir tas, ko m\u0101ksl\u012bgais intelekts dara darb\u0101 ar darbiniekiem, ja tas tiek dar\u012bts pareizi.<\/p>\n\n\n<hr class=\"wp-block-separator has-alpha-channel-opacity\"\/>\n\n\n\n<h3 class=\"wp-block-heading\">Vai esat gatavs uzlabot savu darbinieku uz\u0146em\u0161anu darb\u0101?<\/h3>\n\n\n<p>M\u0113s nep\u0101rdodam visp\u0101r\u012bgu iek\u0101p\u0161anas AI. M\u0113s apl\u016bkojam j\u016bsu konkr\u0113to procesu. J\u016bsu veidlapas. J\u016bsu sist\u0113mas. J\u016bsu pras\u012bbas. J\u016bsu apjomu.<\/p>\n<p>P\u0113c tam m\u0113s izveidojam m\u0101ksl\u012bgo intelektu, kas atbilst tam, k\u0101 j\u016bs faktiski uz\u0146emat cilv\u0113kus darb\u0101. Ne jau idealiz\u0113tam procesam - j\u016bsu faktiskajam procesam.<\/p>\n<p>Nek\u0101da a\u017eiot\u0101\u017ea. Nek\u0101da p\u0101rsp\u012bl\u0113ta p\u0101rdo\u0161ana. Tikai praktisks m\u0101ksl\u012bgais intelekts, kas uzlabo darbinieku uz\u0146em\u0161anu darb\u0101 ikvienam.<\/p>\n\n<p><a href=\"https:\/\/www.leaplytics.de\/lv\/kontaktinformacija\/\">Parun\u0101sim par j\u016bsu darb\u0101 uz\u0146em\u0161anas procesu<\/a><\/p>\n\n<p><a href=\"https:\/\/www.leaplytics.de\/lv\/cilvekresursi-ai\/\">Atgriezties pie HR AI risin\u0101jumi<\/a><\/p>","protected":false},"excerpt":{"rendered":"<p>AI for Employee Onboarding: Make Great First Impressions at Scale First impressions matter. When a new employee starts, the first week tells them everything about your company. Smooth onboarding? Professional. Organized. They feel confident they made the right choice. Messy onboarding? Lost. Confused. Wondering what they got themselves into. Some quit before they really start. &hellip; <\/p>","protected":false},"author":2,"featured_media":0,"parent":0,"menu_order":0,"comment_status":"closed","ping_status":"closed","template":"","meta":{"footnotes":""},"class_list":["post-14440","page","type-page","status-publish","hentry","latest_post"],"_links":{"self":[{"href":"https:\/\/www.leaplytics.de\/lv\/wp-json\/wp\/v2\/pages\/14440","targetHints":{"allow":["GET"]}}],"collection":[{"href":"https:\/\/www.leaplytics.de\/lv\/wp-json\/wp\/v2\/pages"}],"about":[{"href":"https:\/\/www.leaplytics.de\/lv\/wp-json\/wp\/v2\/types\/page"}],"author":[{"embeddable":true,"href":"https:\/\/www.leaplytics.de\/lv\/wp-json\/wp\/v2\/users\/2"}],"replies":[{"embeddable":true,"href":"https:\/\/www.leaplytics.de\/lv\/wp-json\/wp\/v2\/comments?post=14440"}],"version-history":[{"count":1,"href":"https:\/\/www.leaplytics.de\/lv\/wp-json\/wp\/v2\/pages\/14440\/revisions"}],"predecessor-version":[{"id":14449,"href":"https:\/\/www.leaplytics.de\/lv\/wp-json\/wp\/v2\/pages\/14440\/revisions\/14449"}],"wp:attachment":[{"href":"https:\/\/www.leaplytics.de\/lv\/wp-json\/wp\/v2\/media?parent=14440"}],"curies":[{"name":"wp","href":"https:\/\/api.w.org\/{rel}","templated":true}]}}