{"id":14441,"date":"2025-12-19T01:44:46","date_gmt":"2025-12-19T00:44:46","guid":{"rendered":"https:\/\/www.leaplytics.de\/?page_id=14441"},"modified":"2025-12-19T01:44:47","modified_gmt":"2025-12-19T00:44:47","slug":"darbinieku-pasapkalposanas-atbalsts-ai","status":"publish","type":"page","link":"https:\/\/www.leaplytics.de\/lv\/darbinieku-pasapkalposanas-atbalsts-ai\/","title":{"rendered":"Darbinieku pa\u0161apkalpo\u0161an\u0101s un atbalsta AI"},"content":{"rendered":"<h2>M\u0101ksl\u012bgais intelekts darbinieku pa\u0161apkalpo\u0161anai un atbalstam: P\u0101rtrauciet atbild\u0113t uz vieniem un tiem pa\u0161iem jaut\u0101jumiem<\/h2>\n\n<p>J\u016bsu person\u0101la komanda atbild uz jaut\u0101jumiem visu dienu. Vienus un tos pa\u0161us jaut\u0101jumus. Atkal un atkal.<\/p>\n<p>\"Cik man ir atva\u013cin\u0101juma dienu?\" \"K\u0101da ir izdevumu politika?\" \"K\u0101 atjaunin\u0101t savu adresi?\" \"Kad s\u0101kas atkl\u0101t\u0101 re\u0123istr\u0101cija pabalstiem?\" \"Vai es varu str\u0101d\u0101t att\u0101lin\u0101ti?\"<\/p>\n<p>Katrs jaut\u0101jums aiz\u0146em 5 min\u016btes. E-pasts turp un atpaka\u013c. Politikas mekl\u0113\u0161ana. Sist\u0113mas p\u0101rbaude. Nav sare\u017e\u0123\u012bti, tikai atk\u0101rtojas.<\/p>\n<p>Bet 50 jaut\u0101jumi dien\u0101? Tas ir vair\u0101k nek\u0101 4 stundas. Katru dienu. Pavad\u012btas, atbildot uz jaut\u0101jumiem, kurus darbinieki var\u0113tu atrast pa\u0161i, ja inform\u0101cija b\u016btu pieejama.<\/p>\n<p>Tikm\u0113r darbinieki gaida. Da\u017ek\u0101rt stund\u0101m ilgi. Da\u017ek\u0101rt dien\u0101m. Uz vienk\u0101r\u0161\u0101m atbild\u0113m, kuru sa\u0146em\u0161anai visp\u0101r nevajadz\u0113tu iesaist\u012bt cilv\u0113kresursus.<\/p>\n<p>M\u0101ksl\u012bgais intelekts to nov\u0113r\u0161. Tas atbild uzreiz. Prec\u012bzi. 24\/7. Darbinieki sa\u0146em vajadz\u012bgo inform\u0101ciju par ikdienas jaut\u0101jumiem un piepras\u012bjumiem bez cilv\u0113kresursu da\u013cas pal\u012bdz\u012bbas. Sare\u017e\u0123\u012btu jaut\u0101jumu risin\u0101\u0161an\u0101 iesaist\u0101s cilv\u0113kresursi, un konteksts jau ir fiks\u0113ts.<\/p>\n<p>J\u016bsu komanda vairs neb\u016bs pal\u012bdz\u012bbas dienests, bet s\u0101ks veikt re\u0101lu darbu ar cilv\u0113kresursiem.<\/p>\n\n\n<hr class=\"wp-block-separator has-alpha-channel-opacity\"\/>\n\n\n\n<h3 class=\"wp-block-heading\">Probl\u0113ma ar darbinieku atbalstu \u0161odien<\/h3>\n\n\n<p>Person\u0101la noda\u013ca ir ikviena pirmais telefona numurs, uz kuru zvan\u012bt par visu. Politikas jaut\u0101jumi. Sist\u0113mas jaut\u0101jumi. Jaut\u0101jumi par pabalstiem. Procesa jaut\u0101jumi. Dz\u012bves p\u0101rmai\u0146as. Veidlapas. Apstiprin\u0101jumi.<\/p>\n<p>Liel\u0101k\u0101 da\u013ca no t\u0101m ir vienk\u0101r\u0161as. Atbilde ir politikas dokument\u0101 vai sist\u0113m\u0101. Ta\u010du darbinieki nezina, kur to mekl\u0113t. Vai ar\u012b vi\u0146i m\u0113\u0123ina, bet nevar atrast. T\u0101p\u0113c vi\u0146i jaut\u0101 person\u0101lvad\u012bbas dienestam.<\/p>\n<p>Person\u0101la noda\u013cai ir j\u0101p\u0101rtrauc darbs. Paskaties. Rea\u0123\u0113t. Atk\u0101rtojiet. Visu dienu.<\/p>\n<p>Jaut\u0101jumi ir \u0161\u0101di. Pirmdienas r\u012btos p\u0113c tam, kad cilv\u0113ki ned\u0113\u013cas nogal\u0113 ir dom\u0101ju\u0161i par darba un priv\u0101t\u0101s dz\u012bves jaut\u0101jumiem. Atv\u0113rt\u0101s re\u0123istr\u0101cijas periodi. P\u0113c uz\u0146\u0113muma pazi\u0146ojumiem. Kad main\u0101s politika.<\/p>\n<p>Klusajos periodos tas ir paveicams. Aiz\u0146emt\u012bbas periodos cilv\u0113kresursi sl\u012bkst. Reakcijas laiks pagarin\u0101s l\u012bdz dien\u0101m. Darbinieki ir neapmierin\u0101ti. Person\u0101la darbinieki ir stres\u0101. Darbs, kas prasa koncentr\u0113\u0161anos, tiek nep\u0101rtraukti p\u0101rtraukts.<\/p>\n<p>Un \u0161eit ir t\u0101: liel\u0101k\u0101 da\u013ca darbinieku nev\u0113las apgr\u016btin\u0101t cilv\u0113kresursus. Vi\u0146i dod priek\u0161roku pa\u0161i atrast atbildes. Ta\u010du pa\u0161apkalpo\u0161an\u0101s r\u012bki ir briesm\u012bgi. Mekl\u0113\u0161ana nedarbojas. Dokumenti ir izkais\u012bti. Navig\u0101cija ir mulsino\u0161a. T\u0101p\u0113c vi\u0146i atsak\u0101s un raksta pa e-pastu person\u0101la noda\u013cai.<\/p>\n<p>\u0160\u012b nav cilv\u0113ku probl\u0113ma nevien\u0101 no pus\u0113m. T\u0101 ir sist\u0113mas probl\u0113ma. Un m\u0101ksl\u012bgais intelekts to atrisina.<\/p>\n\n\n<hr class=\"wp-block-separator has-alpha-channel-opacity\"\/>\n\n\n\n<h3 class=\"wp-block-heading\">M\u0101ksl\u012bgais intelekts pal\u012bdz darbinieku atbalstam<\/h3>\n\n\n<p>M\u0101ksl\u012bgais intelekts neaizst\u0101j cilv\u0113kresursus darbinieku atbalsta jom\u0101. Tas veic rut\u012bnas darbus, lai person\u0101lvad\u012bbas speci\u0101listi var\u0113tu koncentr\u0113ties uz to, kas patie\u0161\u0101m prasa cilv\u0113ka v\u0113rt\u0113jumu. L\u016bk, k\u0101.<\/p>\n\n\n<h4 class=\"wp-block-heading\">T\u016bl\u012bt\u0113jas atbildes uz politikas jaut\u0101jumiem<\/h4>\n\n\n<p>Darbinieks jaut\u0101: \"Cik atva\u013cin\u0101juma dienu man v\u0113l ir atlicis?\" Darbinieks jaut\u0101: \"Cik atva\u013cin\u0101juma dienu man v\u0113l ir atlicis?\"<\/p>\n<p>M\u0101ksl\u012bgais intelekts p\u0101rbauda sist\u0113mu. Redz savu uzkr\u0101jumu bilanci. Rea\u0123\u0113: \"Jums ir atliku\u0161as 12 atva\u013cin\u0101juma dienas. J\u016bsu atlikums tiek atjaunots 1. janv\u0101r\u012b. Vai v\u0113laties iesniegt atva\u013cin\u0101juma piepras\u012bjumu?\"<\/p>\n<p>Vai ar\u012b: \"K\u0101ds ir klientu \u0113din\u0101\u0161anas izdevumu limits?\"<\/p>\n<p>M\u0101ksl\u012bgais intelektiskais intelekts zina izdevumu politiku. \"Klientu \u0113din\u0101\u0161ana tiek apstiprin\u0101ta l\u012bdz $75 vienai personai. Alkoholam nepiecie\u0161ams direktora apstiprin\u0101jums. Iesniedziet kv\u012btis, izmantojot izdevumu sist\u0113mu 30 dienu laik\u0101.\"<\/p>\n<p>Vai ar\u012b: \"Vai piektdien\u0101s es varu str\u0101d\u0101t no m\u0101j\u0101m?\"<\/p>\n<p>AI zina katras noda\u013cas att\u0101lin\u0101t\u0101 darba politiku. \"J\u016bsu noda\u013c\u0101 ar vad\u012bt\u0101ja piekri\u0161anu ir at\u013cautas ne vair\u0101k k\u0101 2 att\u0101lin\u0101t\u0101s darba dienas ned\u0113\u013c\u0101. Lai piepras\u012btu apstiprin\u0101jumu, \u0161eit ir veidlapa: [saite]\"<\/p>\n<p>\u0160\u012bs atbildes n\u0101k uzreiz. Nav j\u0101gaida, kam\u0113r atbild\u0113s person\u0101lvad\u012bbas dienests. Nav j\u0101mekl\u0113 politikas dokumenti. Vienk\u0101r\u0161i jaut\u0101jiet un sa\u0146emiet atbildi.<\/p>\n<p>M\u0101ksl\u012bgais intelekts nenojau\u0161. Tas zina j\u016bsu politiku. Tas ir apm\u0101c\u012bts str\u0101d\u0101t ar j\u016bsu rokasgr\u0101matu, politikas dokumentiem un bie\u017ei uzdotajiem jaut\u0101jumiem. Kad politika main\u0101s, j\u016bs atjaunin\u0101t AI zin\u0101\u0161anu b\u0101zi. Paveikts.<\/p>\n\n\n<h4 class=\"wp-block-heading\">Regul\u0101ru piepras\u012bjumu apstr\u0101de bez person\u0101la da\u013cas iesaist\u012b\u0161anas<\/h4>\n\n\n<p>Daudzi HR piepras\u012bjumi ir standarta. Nav nepiecie\u0161ams nek\u0101ds spriedums. Vienk\u0101r\u0161i apstr\u0101d\u0101jiet to.<\/p>\n<p>Adreses mai\u0146a. V\u0101rda mai\u0146a. Kontaktu \u0101rk\u0101rtas situ\u0101cij\u0101s atjaunin\u0101\u0161ana. Dokumentu piepras\u012bjums. Nodok\u013cu veidlapa. Algas kv\u012bts. Pabalstu apstiprin\u0101juma v\u0113stule.<\/p>\n<p>Parasti darbinieks iesniedz piepras\u012bjumu. Person\u0101la departaments to apstr\u0101d\u0101 manu\u0101li. Atjaunina sist\u0113mu. Nos\u016bta apstiprin\u0101jumu. Vienam piepras\u012bjumam ir nepiecie\u0161amas 10-15 min\u016btes.<\/p>\n<p>M\u0101ksl\u012bgais intelekts to veic autom\u0101tiski.<\/p>\n<p>Darbinieks: \"Es p\u0101rc\u0113los. Man j\u0101atjaunina adrese.\"<\/p>\n<p>AI: \"Es varu pal\u012bdz\u0113t. K\u0101da ir j\u016bsu jaun\u0101 adrese?\"<\/p>\n<p>To nodro\u0161ina darbinieks. AI apstiprina form\u0101tu. Atjaunina HRIS. Atjaunina algu sist\u0113mu. Apstiprina: \"J\u016bsu adrese ir atjaunin\u0101ta. J\u016bsu n\u0101kamaj\u0101 algas \u010dek\u0101 tiks atspogu\u013cota jaun\u0101 adrese.\"<\/p>\n<p>Vai ar\u012b: \"Man ir nepiecie\u0161ama v\u0113stule, kas apliecina manu nodarbin\u0101t\u012bbu hipotek\u0101r\u0101 kred\u012bta pieteikuma iesnieg\u0161anai.\"<\/p>\n<p>AI: \"Es jums to rad\u012b\u0161u. Taj\u0101 b\u016bs nor\u0101d\u012bts j\u016bsu amata nosaukums, s\u0101kuma datums un pa\u0161reiz\u0113j\u0101 alga. Vai tas ir pareizi?\" Darbinieks apstiprina. M\u0101ksl\u012bgais intelekts \u0123ener\u0113 v\u0113stuli. Nos\u016bta to. Gatavs.<\/p>\n<p>Cilv\u0113kresursu noda\u013ca nav iesaist\u012bta, ja vien kaut kas nav neparasts vai nav nepiecie\u0161ams apstiprin\u0101jums. Standarta piepras\u012bjumi vienk\u0101r\u0161i tiek apstr\u0101d\u0101ti.<\/p>\n\n\n<h4 class=\"wp-block-heading\">Procesa vad\u012bts atbalsts<\/h4>\n\n\n<p>Da\u017eas lietas nav viens jaut\u0101jums - t\u0101s ir process. Pabalstu re\u0123istr\u0101cija. Atva\u013cin\u0101juma piepras\u012bjumi. Darba izpildes p\u0101rskati. Izdevumu iesnieg\u0161ana.<\/p>\n<p>Tie mulsina cilv\u0113kus. K\u0101di so\u013ci? K\u0101das veidlapas? Kas ir nepiecie\u0161ams? Kas nav oblig\u0101ti? Kur j\u0101iesniedz?<\/p>\n<p>M\u0101ksl\u012bgais intelekts vada darbiniekus soli pa solim.<\/p>\n<p>Darbinieks: \"Es aizeju b\u0113rna kop\u0161anas atva\u013cin\u0101jum\u0101. Kas man j\u0101dara?\"<\/p>\n<p>AI: \"Es j\u016bs iepaz\u012bstin\u0101\u0161u ar b\u0113rna kop\u0161anas atva\u013cin\u0101juma procesu. Vispirms apstiprin\u0101sim da\u017eas deta\u013cas. Kad ir j\u016bsu dzemd\u012bbu datums?\"<\/p>\n<p>Darbinieku atbildes. AI turpina: \"Jums ir ties\u012bbas uz 12 ned\u0113\u013cu apmaks\u0101tu b\u0113rna kop\u0161anas atva\u013cin\u0101jumu. Jums j\u0101iesniedz piepras\u012bjums vismaz 30 dienas pirms atva\u013cin\u0101juma s\u0101kuma. L\u016bk, kas jums j\u0101dara:<\/p>\n<ol>\n<li>Aizpildiet b\u0113rna kop\u0161anas atva\u013cin\u0101juma piepras\u012bjuma veidlapu [saite]<\/li>\n<li>Iesniedziet medic\u012bnisko dokument\u0101ciju no sava \u0101rsta.<\/li>\n<li>Tiekieties ar savu vad\u012bt\u0101ju, lai pl\u0101notu p\u0101rkl\u0101jumu<\/li>\n<li>Koordin\u0113t ar HR jaut\u0101jumu par pabalstu turpin\u0101\u0161anu<\/li>\n<\/ol>\n<p>Vai v\u0113laties, lai es jums nos\u016bt\u012btu veidlapu tagad?\"<\/p>\n<p>Nav nek\u0101du neskaidr\u012bbu. Nav izlaistu so\u013cu. Skaidri nor\u0101d\u012bjumi no s\u0101kuma l\u012bdz beig\u0101m.<\/p>\n<p>Tas darbojas jebkur\u0101 sare\u017e\u0123\u012bt\u0101 cilv\u0113kresursu proces\u0101. M\u0101ksl\u012bgais intelekts zina visus so\u013cus. Tas zina, kas ir nepiecie\u0161ams. Tas var vad\u012bt cilv\u0113kus cauri procesam bez person\u0101la da\u013cas vad\u012bt\u0101ja, kas katru personu vada individu\u0101li.<\/p>\n\n\n<h4 class=\"wp-block-heading\">Vied\u0101 eskal\u0101cija uz cilv\u0113kiem<\/h4>\n\n\n<p>M\u0101ksl\u012bgais intelekts nevar tikt gal\u0101 ar visu. Da\u017eas lietas ir j\u0101v\u0113rt\u0113 cilv\u0113kam. Da\u017eas lietas ir jut\u012bgas. Da\u017eas lietas ir p\u0101r\u0101k sare\u017e\u0123\u012btas vai unik\u0101las.<\/p>\n<p>M\u0101ksl\u012bgais intelekts zina savas robe\u017eas. Ja jaut\u0101jums p\u0101rsniedz rut\u012bnas robe\u017eas, tas tiek virz\u012bts uz HR, bet ar kontekstu.<\/p>\n<p>Darbinieks: Darbinieks: \"Es risinu uzm\u0101k\u0161an\u0101s situ\u0101ciju ar savu vad\u012bt\u0101ju.\"<\/p>\n<p>AI nekav\u0113joties: \"Es j\u016bs nekav\u0113joties savieno\u0161u ar person\u0101lvad\u012bbas noda\u013cu. Tam ir nepiecie\u0161ams tie\u0161s cilv\u0113ka atbalsts. L\u016bdzu, sagaidiet zvanu no [person\u0101la da\u013cas darbinieka] stundas laik\u0101. Ja tas ir steidzami, varat sazin\u0101ties ar\u012b pa t\u0101lruni [kontaktinform\u0101cija].\"<\/p>\n<p>M\u0101ksl\u012bgais intelekts re\u0123istr\u0113 sarunu. Novirza to pareizai personai. Atz\u012bm\u0113 to k\u0101 priorit\u0101ru. Person\u0101la noda\u013ca redz kontekstu un var atbilsto\u0161i rea\u0123\u0113t.<\/p>\n<p>Vai maz\u0101k delik\u0101ts, bet sare\u017e\u0123\u012bts jaut\u0101jums: \"Mana situ\u0101cija ir unik\u0101la - p\u0101rce\u013cos uz citu valsti laul\u0101t\u0101 darba d\u0113\u013c.\"<\/p>\n<p>AI: \"T\u0101 ir sare\u017e\u0123\u012bta situ\u0101cija ar starptautisk\u0101m sek\u0101m. Es nododu \u0161o jaut\u0101jumu person\u0101la noda\u013cai, kas var apspriest j\u016bsu iesp\u0113jas. Vi\u0146i sazin\u0101sies ar jums 24 stundu laik\u0101. Tikm\u0113r \u0161eit ir sniegta visp\u0101r\u012bga inform\u0101cija par starptautiskajiem p\u0101rskait\u012bjumiem: [saite]\"<\/p>\n<p>M\u0101ksl\u012bgais intelekts neizliekas, ka sp\u0113j tikt gal\u0101 ar visu. Tas zina, kad j\u0101iesaista cilv\u0113ks. Ta\u010du tas fiks\u0113 kontekstu, lai cilv\u0113kresursu noda\u013cai neb\u016btu j\u0101s\u0101k viss no nulles.<\/p>\n\n\n<h4 class=\"wp-block-heading\">Pieejam\u012bba 24\/7<\/h4>\n\n\n<p>Jaut\u0101jumi par cilv\u0113kresursiem netiek uzdoti tikai no pirmdienas l\u012bdz piektdienai no plkst. 9 l\u012bdz 5.<\/p>\n<p>Sv\u0113tdienas vakars: \"Pagaidiet, kur\u0101 laik\u0101 r\u012bt s\u0101kas mana intervija?\"<\/p>\n<p>23:00: \"Es tikko atcer\u0113jos, ka man l\u012bdz r\u012btdienai ir j\u0101iesniedz \u0161\u012b izdevumu atskaite.\"<\/p>\n<p>Agri no r\u012bta: \"Vai es varu \u0161odien aizvest savu b\u0113rnu pie \u0101rsta, neizmantojot br\u012bvpusdienas?\"<\/p>\n<p>Parasti tie gaida, kam\u0113r b\u016bs pieejami cilv\u0113kresursi. L\u012bdz tam laikam var b\u016bt par v\u0113lu vai ar\u012b persona jau pati to ir sapratusi.<\/p>\n<p>M\u0101ksl\u012bgais intelekts vienm\u0113r ir pieejams. Naktis. Br\u012bvdien\u0101s. Br\u012bvdien\u0101s. Atbildes uz jaut\u0101jumiem tiek sniegtas tad, kad cilv\u0113kiem t\u0101s ir vajadz\u012bgas, nevis tad, kad person\u0101lda\u013cas speci\u0101lists atrodas biroj\u0101.<\/p>\n<p>Tas ir \u012bpa\u0161i v\u0113rt\u012bgi uz\u0146\u0113mumiem, kuros ir vair\u0101kas laika joslas, mai\u0146u darbinieki vai glob\u0101las komandas.<\/p>\n\n\n<hr class=\"wp-block-separator has-alpha-channel-opacity\"\/>\n\n\n\n<h3 class=\"wp-block-heading\">Ko tas noz\u012bm\u0113 jums<\/h3>\n\n\n\n<h4 class=\"wp-block-heading\">Person\u0101la direktoriem un person\u0101la vad\u012bt\u0101jiem<\/h4>\n\n\n<ul>\n<li><strong>Samazin\u0101ts HR bi\u013ce\u0161u apjoms.<\/strong> 60-80% no AI apstr\u0101d\u0101tajiem piepras\u012bjumiem. J\u016bsu komandas kapacit\u0101te efekt\u012bvi palielin\u0101s.<\/li>\n<li><strong>Lab\u0101ka darbinieku apmierin\u0101t\u012bba.<\/strong> T\u016bl\u012bt\u0113jas atbildes. Nav j\u0101gaida. Skaidri nor\u0101d\u012bjumi. Darbinieki j\u016btas atbalst\u012bti.<\/li>\n<li><strong>Cilv\u0113kresursi koncentr\u0113jas uz strat\u0113\u0123isku darbu.<\/strong> Neatbild\u0113t uz vieniem un tiem pa\u0161iem jaut\u0101jumiem visu dienu. Paties\u012bb\u0101 uzlabot cilv\u0113ku programmas.<\/li>\n<li><strong>Konsekventa inform\u0101cija.<\/strong> Katru reizi t\u0101s pa\u0161as atbildes. Nav probl\u0113mu \"tas ir atkar\u012bgs no t\u0101, kam tu jaut\u0101\".<\/li>\n<li><strong>darbinieku probl\u0113mu redzam\u012bba.<\/strong> Par ko cilv\u0113ki jaut\u0101? Kur ir neskaidr\u012bbas? Dati par\u0101da, kur j\u0101uzlabo sazi\u0146a.<\/li>\n<li><strong>Palieliniet atbalstu, nepalielinot darbinieku skaitu.<\/strong> Uz\u0146\u0113mums aug 30%? M\u0101ksl\u012bgais intelekts tiek gal\u0101 ar pieaugo\u0161o apjomu, nepievienojot person\u0101la person\u0101lu.<\/li>\n<\/ul>\n\n\n<h4 class=\"wp-block-heading\">Person\u0101la vad\u012bt\u0101jiem un speci\u0101listiem<\/h4>\n\n\n<ul>\n<li><strong>P\u0101rtrauciet atbild\u0113t uz atk\u0101rtotiem jaut\u0101jumiem.<\/strong> M\u0101ksl\u012bgais intelekts veic rut\u012bnas darb\u012bbas. J\u016bs risiniet sare\u017e\u0123\u012btos un jut\u012bgos jaut\u0101jumus.<\/li>\n<li><strong>Apstr\u0101d\u0101jiet iz\u0146\u0113mumus, nevis regul\u0101rus piepras\u012bjumus.<\/strong> J\u016bsu zin\u0101\u0161anas tiek izmantotas tur, kur tas ir svar\u012bgi, nevis politikas mekl\u0113\u0161an\u0101.<\/li>\n<li><strong>Maz\u0101k p\u0101rtraukumu.<\/strong> Maz\u0101k past\u0101v\u012bgu pingu. Vair\u0101k laika m\u0113r\u0137tiec\u012bgam darbam pie projektiem, kas patie\u0161\u0101m uzlabo cilv\u0113kresursus.<\/li>\n<li><strong>Konteksts, kad notiek eskal\u0101cija.<\/strong> Kad jaut\u0101jumi non\u0101k pie jums, jums ir sarunas v\u0113sture. Nevajag s\u0101kt no nulles.<\/li>\n<li><strong>Vair\u0101k gandar\u012bjuma sniedzo\u0161s darbs.<\/strong> Maz\u0101k administr\u0101cijas. Vair\u0101k probl\u0113mu risin\u0101\u0161anas, vair\u0101k strat\u0113\u0123ijas, vair\u0101k re\u0101la darba ar cilv\u0113kiem.<\/li>\n<\/ul>\n\n\n<h4 class=\"wp-block-heading\">Darbiniekiem<\/h4>\n\n\n<ul>\n<li><strong>T\u016bl\u012bt\u0113jas atbildes.<\/strong> Nav j\u0101gaida vair\u0101kas stundas vai dienas, lai atbild\u0113tu uz vienk\u0101r\u0161iem jaut\u0101jumiem. Jaut\u0101jiet un uzziniet uzreiz.<\/li>\n<li><strong>Nav j\u0101gaida darba laiks.<\/strong> Jaut\u0101jums plkst. 21:00? Sa\u0146emiet atbildi plkst. 21.00.<\/li>\n<li><strong>Skaidri nor\u0101d\u012bjumi.<\/strong> Ne tikai atbildes - pal\u012bdz\u012bba visos procesos. Ziniet, kas un k\u0101 j\u0101dara.<\/li>\n<li><strong>Maz\u0101ka berze.<\/strong> Standarta piepras\u012bjumi tiek apstr\u0101d\u0101ti autom\u0101tiski. Mainiet savu adresi, nes\u016btot e-pasta v\u0113stuli person\u0101la noda\u013cai un negaidot.<\/li>\n<li><strong>J\u016btieties atbalst\u012bti.<\/strong> Kad jums ir nepiecie\u0161ama pal\u012bdz\u012bba, t\u0101 ir pieejama. Nevis \"iesniedz bi\u013ceti un gaidi\".<\/li>\n<\/ul>\n\n\n<hr class=\"wp-block-separator has-alpha-channel-opacity\"\/>\n\n\n\n<h3 class=\"wp-block-heading\">Ko m\u0101ksl\u012bgais intelekts nedar\u012bs<\/h3>\n\n\n<p>Skaidri noteiksim robe\u017eas.<\/p>\n<p>M\u0101ksl\u012bgais intelekts netiek gal\u0101 ar sensit\u012bviem jaut\u0101jumiem. Uzm\u0101k\u0161an\u0101s. Diskrimin\u0101cija. Darba izpildes probl\u0113mas. Starppersonu konflikti. Gar\u012bg\u0101s vesel\u012bbas probl\u0113mas. Tie nekav\u0113joties non\u0101k pie cilv\u0113kiem.<\/p>\n<p>M\u0101ksl\u012bgais intelekts nepie\u013cauj iz\u0146\u0113mumus politik\u0101. \"Vai es varu sa\u0146emt v\u0113l vienu atva\u013cin\u0101juma dienu, lai gan esmu sasniedzis savu limitu?\" Tas ir cilv\u0113ka, nevis m\u0101ksl\u012bg\u0101 intelekta aicin\u0101jums.<\/p>\n<p>M\u0101ksl\u012bgais intelekts nesniedz padomus par sare\u017e\u0123\u012bt\u0101m person\u012bg\u0101m situ\u0101cij\u0101m. \"Vai man vajadz\u0113tu pie\u0146emt jauno darba pied\u0101v\u0101jumu vai palikt pa\u0161reiz\u0113j\u0101 amat\u0101?\" \u0160im jaut\u0101jumam ir nepiecie\u0161ama person\u0101la konsult\u0101cija, nevis automatiz\u0113tas atbildes.<\/p>\n<p>Tas tiek gal\u0101 ar rut\u012bnas darbu. Politiku mekl\u0113\u0161anu. Vienk\u0101r\u0161us piepras\u012bjumus. Procesa vadl\u012bnijas. 80%, kas neprasa cilv\u0113ka spriedumu.<\/p>\n<p>P\u0101r\u0113jie 20% - sare\u017e\u0123\u012btie, sensit\u012bvie, unik\u0101lie - joproj\u0101m tiek nodoti j\u016bsu cilv\u0113kresursu komandai. Ta\u010du tagad vi\u0146iem ir laiks, lai to pien\u0101c\u012bgi apstr\u0101d\u0101tu, jo vi\u0146i nav aizrauti ar rut\u012bnas piepras\u012bjumiem.<\/p>\n\n\n<hr class=\"wp-block-separator has-alpha-channel-opacity\"\/>\n\n\n\n<h3 class=\"wp-block-heading\">Ietekme re\u0101laj\u0101 dz\u012bv\u0113<\/h3>\n\n\n<p>K\u0101 tas paties\u012bb\u0101 izskat\u0101s?<\/p>\n<p>Uz\u0146\u0113mums ar 800 darbiniekiem ievie\u0161 m\u0101ksl\u012bgo intelektu\u0101lo intelektu darbinieku atbalstam. Pirms: Person\u0101la noda\u013ca sa\u0146\u0113ma 150-200 piepras\u012bjumus ned\u0113\u013c\u0101. Person\u0101la noda\u013ca pavad\u012bja 30-40 stundas ned\u0113\u013c\u0101, atbildot tikai uz jaut\u0101jumiem.<\/p>\n<p>P\u0113c: 120-150 no \u0161iem piepras\u012bjumiem AI apstr\u0101d\u0101 autom\u0101tiski. Person\u0101la noda\u013ca apstr\u0101d\u0101 tikai 30-50. Tas ir ietaup\u012btas 20-30 stundas ned\u0113\u013c\u0101. B\u016bt\u012bb\u0101 atbr\u012bvojas viena pilna laika darba vieta.<\/p>\n<p>Palielin\u0101s darbinieku apmierin\u0101t\u012bba ar HR atbalstu. Atbildes laiks uz ikdienas jaut\u0101jumiem samazin\u0101s no stund\u0101m l\u012bdz sekund\u0113m. Reakcijas laiks uz sare\u017e\u0123\u012btiem jaut\u0101jumiem ar\u012b uzlabojas - jo person\u0101la noda\u013cai ir laiks, lai tos pien\u0101c\u012bgi atrisin\u0101tu.<\/p>\n<p>Person\u0101la resursi str\u0101d\u0101 pie liet\u0101m, kas ir patie\u0161\u0101m svar\u012bgas. Pabalstu programmas uzlabojumi. Vad\u012bt\u0101ju apm\u0101c\u012bba. Iniciat\u012bvas, lai notur\u0113tu darbiniekus. Lietas, kas tika noliktas mal\u0101, kad vi\u0146i bija nosl\u012bku\u0161i piepras\u012bjumos.<\/p>\n<p>Tas nav hipot\u0113tiski. Tas ir tas, kas notiek, ja m\u0101ksl\u012bgais intelekts pareizi r\u012bkojas ar darbinieku atbalstu.<\/p>\n\n\n<hr class=\"wp-block-separator has-alpha-channel-opacity\"\/>\n\n\n\n<h3 class=\"wp-block-heading\">Darba s\u0101k\u0161ana<\/h3>\n\n\n<p>Jums nav nepiecie\u0161ams visu automatiz\u0113t. S\u0101ciet ar liela apjoma, maz sare\u017e\u0123\u012btiem piepras\u012bjumiem.<\/p>\n<p>Liel\u0101kajai da\u013cai uz\u0146\u0113mumu tie ir politikas jaut\u0101jumi. Atva\u013cin\u0101juma atlikums. Pabalstu pamatprincipi. Izdevumu politika. S\u0101ciet ar to.<\/p>\n<p>Vai varb\u016bt tie ir vienk\u0101r\u0161i piepras\u012bjumi. Adreses mai\u0146a. Dokumentu piepras\u012bjumi. Veidlapu lejupiel\u0101de. Vispirms automatiz\u0113jiet tos.<\/p>\n<p>Vai varb\u016bt t\u0101s ir procesa vadl\u012bnijas. Pabalstu re\u0123istr\u0101cija. Atva\u013cin\u0101juma piepras\u012bjumi. Izdevumi. Pal\u012bdziet cilv\u0113kiem tos atrisin\u0101t bez person\u0101la da\u013cas pal\u012bdz\u012bbas.<\/p>\n<p>Izv\u0113lieties vienu kategoriju. Ieviest m\u0101ksl\u012bgo intelektu. Izm\u0113riet apjoma samazin\u0101jumu. Izm\u0113riet darbinieku apmierin\u0101t\u012bbu. Tad papla\u0161iniet.<\/p>\n<p>Katra uz\u0146\u0113muma darbinieku atbalsta vajadz\u012bbas ir at\u0161\u0137ir\u012bgas. J\u016bsu politika ir unik\u0101la. J\u016bsu sist\u0113m\u0101m ir specifiskas \u012bpatn\u012bbas. J\u016bsu darbiniekiem ir noteikti mode\u013ci.<\/p>\n<p>T\u0101p\u0113c darbinieku atbalsta AI nav plug-and-play. Tam ir j\u0101apg\u016bst j\u016bsu politika. j\u0101integr\u0113 ar j\u016bsu sist\u0113m\u0101m. Atbilst j\u016bsu procesiem.<\/p>\n\n\n<hr class=\"wp-block-separator has-alpha-channel-opacity\"\/>\n\n\n\n<h3 class=\"wp-block-heading\">Apak\u0161\u0113j\u0101 l\u012bnija<\/h3>\n\n\n<p>Cilv\u0113kresursu komand\u0101m nevajadz\u0113tu b\u016bt pal\u012bdz\u012bbas dienestiem. T\u0101m j\u0101b\u016bt strat\u0113\u0123iskiem partneriem, kas pal\u012bdz uz\u0146\u0113mumam ar talantu, kult\u016bras un cilv\u0113ku programm\u0101m.<\/p>\n<p>Ta\u010du vi\u0146i nevar b\u016bt strat\u0113\u0123iski dom\u0101jo\u0161i, ja sl\u012bgst rut\u012bnas piepras\u012bjumos. Tie\u0161i \u0161eit talk\u0101 n\u0101k m\u0101ksl\u012bgais intelekts.<\/p>\n<p>M\u0101ksl\u012bgais intelekts veic rut\u012bnas darb\u012bbas. Politikas mekl\u0113jumi. Vienk\u0101r\u0161i piepras\u012bjumi. Pamata nor\u0101d\u012bjumi. Uzreiz. Konsekventi. 24\/7.<\/p>\n<p>Person\u0101la departaments veic sare\u017e\u0123\u012btus darbus. Jut\u012bgs. Unik\u0101lo. Tas, kam paties\u012bb\u0101 ir nepiecie\u0161ama cilv\u0113ciska iz\u0161\u0137irtsp\u0113ja un pieredze.<\/p>\n<p>Rezult\u0101ts: darbinieki sa\u0146em lab\u0101ku atbalstu, cilv\u0113kresursi str\u0101d\u0101 lab\u0101k, un organiz\u0101cija ieg\u016bst liel\u0101ku v\u0113rt\u012bbu no savas cilv\u0113kresursu funkcijas.<\/p>\n<p>Tas nav hype. Tas ir tas, ko m\u0101ksl\u012bgais intelekts dara darbinieku atbalsta jom\u0101, ja tas ir pareizi \u012bstenots.<\/p>\n\n\n<hr class=\"wp-block-separator has-alpha-channel-opacity\"\/>\n\n\n\n<h3 class=\"wp-block-heading\">Vai esat gatavs samazin\u0101t savu HR piepras\u012bjumu apjomu?<\/h3>\n\n\n<p>M\u0113s nep\u0101rdodam visp\u0101r\u012bgus t\u0113rz\u0113\u0161anas robotus. M\u0113s apl\u016bkojam j\u016bsu konkr\u0113tos piepras\u012bjumus. J\u016bsu politiku. J\u016bsu sist\u0113mas. J\u016bsu procesus.<\/p>\n<p>Tad m\u0113s izveidojam m\u0101ksl\u012bgo intelektu, kas atbilst tam, k\u0101 j\u016bsu darbiniekiem paties\u012bb\u0101 ir nepiecie\u0161ams atbalsts. Nevis visp\u0101r\u012bgs FAQ robots - re\u0101ls atbalsts, kas darbojas.<\/p>\n<p>Nek\u0101da a\u017eiot\u0101\u017ea. Nek\u0101da p\u0101rsp\u012bl\u0113ta p\u0101rdo\u0161ana. Tikai praktisks m\u0101ksl\u012bgais intelekts, kas uzlabo darbinieku atbalstu un padara cilv\u0113kresursu darbu strat\u0113\u0123isk\u0101ku.<\/p>\n\n<p><a href=\"https:\/\/www.leaplytics.de\/lv\/kontaktinformacija\/\">Apspried\u012bsim j\u016bsu darbinieku atbalsta probl\u0113mas<\/a><\/p>\n\n<p><a href=\"https:\/\/www.leaplytics.de\/lv\/cilvekresursi-ai\/\">Atgriezties pie HR AI risin\u0101jumi<\/a><\/p>","protected":false},"excerpt":{"rendered":"<p>AI for Employee Self-Service &#038; Support: Stop Answering the Same Questions Your HR team answers questions all day. The same questions. Over and over. &#8220;How many vacation days do I have?&#8221; &#8220;What&#8217;s the expense policy?&#8221; &#8220;How do I update my address?&#8221; &#8220;When do benefits open enrollment start?&#8221; &#8220;Can I work remotely?&#8221; Each question takes 5 &hellip; <\/p>","protected":false},"author":2,"featured_media":0,"parent":0,"menu_order":0,"comment_status":"closed","ping_status":"closed","template":"","meta":{"footnotes":""},"class_list":["post-14441","page","type-page","status-publish","hentry","latest_post"],"_links":{"self":[{"href":"https:\/\/www.leaplytics.de\/lv\/wp-json\/wp\/v2\/pages\/14441","targetHints":{"allow":["GET"]}}],"collection":[{"href":"https:\/\/www.leaplytics.de\/lv\/wp-json\/wp\/v2\/pages"}],"about":[{"href":"https:\/\/www.leaplytics.de\/lv\/wp-json\/wp\/v2\/types\/page"}],"author":[{"embeddable":true,"href":"https:\/\/www.leaplytics.de\/lv\/wp-json\/wp\/v2\/users\/2"}],"replies":[{"embeddable":true,"href":"https:\/\/www.leaplytics.de\/lv\/wp-json\/wp\/v2\/comments?post=14441"}],"version-history":[{"count":1,"href":"https:\/\/www.leaplytics.de\/lv\/wp-json\/wp\/v2\/pages\/14441\/revisions"}],"predecessor-version":[{"id":14448,"href":"https:\/\/www.leaplytics.de\/lv\/wp-json\/wp\/v2\/pages\/14441\/revisions\/14448"}],"wp:attachment":[{"href":"https:\/\/www.leaplytics.de\/lv\/wp-json\/wp\/v2\/media?parent=14441"}],"curies":[{"name":"wp","href":"https:\/\/api.w.org\/{rel}","templated":true}]}}