{"id":14460,"date":"2025-12-19T01:51:00","date_gmt":"2025-12-19T00:51:00","guid":{"rendered":"https:\/\/www.leaplytics.de\/?page_id=14460"},"modified":"2025-12-19T01:51:01","modified_gmt":"2025-12-19T00:51:01","slug":"atbilstibas-politikas-parbaude-ai","status":"publish","type":"page","link":"https:\/\/www.leaplytics.de\/lv\/atbilstibas-politikas-parbaude-ai\/","title":{"rendered":"Atbilst\u012bbas un politikas p\u0101rbaude AI"},"content":{"rendered":"<h2>M\u0101ksl\u012bgais intelektiskais intelekts atbilst\u012bbas un politikas p\u0101rbaudei: P\u0101rtrauciet cer\u0113t, ka kaut ko nepalai\u017eat gar\u0101m<\/h2>\n\n<p>Noteikumi ir visur. Feder\u0101lie likumi. Valstu likumi. Nozares noteikumi. Uz\u0146\u0113muma noteikumi. L\u012bgumisk\u0101s saist\u012bbas. Datu aizsardz\u012bbas pras\u012bbas.<\/p>\n<p>Katram dokumentam ir j\u0101atbilst pras\u012bb\u0101m. Katra politika ir j\u0101atjaunina, kad main\u0101s noteikumi. Katrs l\u012bgums ir j\u0101p\u0101rbauda p\u0113c vair\u0101kiem noteikumu kopumiem.<\/p>\n<p>Atbilst\u012bba nav oblig\u0101ta. Ja kaut ko nokav\u0113siet, izmaksas ir augstas: soda naudas, tiesas pr\u0101vas, regulat\u012bv\u0101s izmekl\u0113\u0161anas, kait\u0113jums reput\u0101cijai.<\/p>\n<p>Probl\u0113ma? Atbilst\u012bbas p\u0101rbaude tiek veikta manu\u0101li. Aiz\u0146em daudz laika. Viegli kaut ko palaist gar\u0101m, ja taj\u0101 dien\u0101 p\u0101rskat\u0101t 15. l\u012bgumu.<\/p>\n<p>M\u0101ksl\u012bgais intelekts to maina. T\u0101 p\u0101rbauda katru dokumentu p\u0113c visiem noteikumiem. Tas pamana nepiln\u012bbas. T\u0101 uzrauga normat\u012bvo aktu izmai\u0146as. Ierosina atjaunin\u0101jumus.<\/p>\n<p>J\u016bs varat sistem\u0101tiski p\u0101rbaud\u012bt atbilst\u012bbu, nevis cer\u0113t, ka jums nekas neizsl\u012bd\u0113s cauri.<\/p>\n\n\n<hr class=\"wp-block-separator has-alpha-channel-opacity\"\/>\n\n\n\n<h3 class=\"wp-block-heading\">Atbilst\u012bbas probl\u0113ma<\/h3>\n\n\n<p>Atbilst\u012bbas nodro\u0161in\u0101\u0161ana ir vienk\u0101r\u0161s, bet garlaic\u012bgs darbs: p\u0101rbaudiet, vai dokumenti atbilst nepiecie\u0161amajiem standartiem.<\/p>\n\n<p>Bie\u017e\u0101k sastopamie atbilst\u012bbas scen\u0101riji:<\/p>\n<ul>\n<li>Priv\u0101tuma politik\u0101 j\u0101iek\u013cauj konkr\u0113ta inform\u0101cija par VDAR<\/li>\n<li>Pakalpojumu snieg\u0161anas noteikumos j\u0101iek\u013cauj oblig\u0101ti noteikumi, kas attiecas uz konkr\u0113to valsti.<\/li>\n<li>L\u012bgumiem j\u0101atbilst nozares noteikumiem (HIPAA, SOX, PCI-DSS).<\/li>\n<li>Cilv\u0113kresursu politikai j\u0101atspogu\u013co sp\u0113k\u0101 eso\u0161ie nodarbin\u0101t\u012bbas ties\u012bbu akti.<\/li>\n<li>Produktu eti\u0137et\u0113m j\u0101atbilst FDA pras\u012bb\u0101m<\/li>\n<li>Finan\u0161u dokumentiem j\u0101atbilst inform\u0101cijas atkl\u0101\u0161anas noteikumiem<\/li>\n<li>M\u0101rketinga materi\u0101liem j\u0101atbilst rekl\u0101mas noteikumiem<\/li>\n<\/ul>\n\n<p>Tradicion\u0101l\u0101 atbilst\u012bbas p\u0101rbaude:<\/p>\n<ul>\n<li>Pras\u012bbu kontrolsarakstu uztur\u0113\u0161ana<\/li>\n<li>Manu\u0101la dokumentu p\u0101rbaude p\u0113c kontrolsarakstiem<\/li>\n<li>M\u0113\u0123iniet sekot l\u012bdzi regulat\u012bvaj\u0101m izmai\u0146\u0101m<\/li>\n<li>Dokumentu atjaunin\u0101\u0161ana, kad main\u0101s noteikumi<\/li>\n<li>Ceru, ka j\u016bs neko nepalaid\u0101t gar\u0101m<\/li>\n<li>Uzziniet, ka kaut ko nokav\u0113j\u0101t, kad jums uzliek naudas sodu vai ies\u016bdz ties\u0101.<\/li>\n<\/ul>\n\n<p>Probl\u0113mas:<\/p>\n<ul>\n<li>Manu\u0101l\u0101 p\u0101rbaude ir l\u0113na un nekonsekventa<\/li>\n<li>Pras\u012bbas main\u0101s \u0101tr\u0101k, nek\u0101 j\u016bs varat izsekot<\/li>\n<li>Da\u017e\u0101d\u0101s jurisdikcij\u0101s ir at\u0161\u0137ir\u012bgi noteikumi<\/li>\n<li>Neviens nesp\u0113j patur\u0113t galv\u0101 simtiem pras\u012bbu.<\/li>\n<li>Spiediens r\u012bkoties \u0101tri noved pie sa\u012bsin\u0101jumiem<\/li>\n<li>Nav pier\u0101d\u012bjumu, ka j\u016bs patie\u0161\u0101m visu p\u0101rbaud\u012bj\u0101t<\/li>\n<\/ul>\n\n<p>Rezult\u0101ts: Atbilst\u012bba k\u013c\u016bst tikai par izv\u0113les r\u016bti\u0146u aizpild\u012b\u0161anu. L\u012bdz br\u012bdim, kad kaut kas notiek nepareizi.<\/p>\n\n\n<hr class=\"wp-block-separator has-alpha-channel-opacity\"\/>\n\n\n\n<h3 class=\"wp-block-heading\">Ko m\u0101ksl\u012bgais intelekts dara atbilst\u012bbas un politikas p\u0101rbaudei<\/h3>\n\n\n<p>M\u0101ksl\u012bgais intelekts p\u0101rzina noteikumus. Tas lasa dokumentus. Tas tos sal\u012bdzina. Tas nekad nenogurst. Tas nekad neaizmirst pras\u012bbu.<\/p>\n<p>Tas neaizst\u0101j atbilst\u012bbas ekspert\u012bzi. T\u0101 padara atbilst\u012bbu sistem\u0101tisku, nevis ad hoc.<\/p>\n\n\n<h4 class=\"wp-block-heading\">1. Automatiz\u0113ta atbilst\u012bbas p\u0101rbaude<\/h4>\n\n\n<p>Sniedziet AI savas atbilst\u012bbas pras\u012bbas. Tas p\u0101rbauda katru dokumentu atbilsto\u0161i t\u0101m.<\/p>\n\n<p><strong>Piem\u0113rs: GDPR priv\u0101tuma politikas p\u0101rbaude<\/strong><\/p>\n<p>VDAR pieprasa konkr\u0113tu inform\u0101cijas atkl\u0101\u0161anu. AI p\u0101rbauda, vai j\u016bsu konfidencialit\u0101tes politik\u0101:<\/p>\n<ul>\n<li>Datu p\u0101rzi\u0146a identit\u0101te un kontaktinform\u0101cija<\/li>\n<li>Datu aizsardz\u012bbas speci\u0101lista kontaktinform\u0101cija (ja piem\u0113rojams)<\/li>\n<li>Datu apstr\u0101des m\u0113r\u0137i<\/li>\n<li>Apstr\u0101des juridiskais pamats<\/li>\n<li>Likum\u012bg\u0101s intereses (ja piem\u0113rojams)<\/li>\n<li>Sa\u0146\u0113m\u0113ji vai sa\u0146\u0113m\u0113ju kategorijas<\/li>\n<li>Starptautisk\u0101 datu p\u0101rs\u016bt\u012b\u0161ana (ja piem\u0113rojams)<\/li>\n<li>Uzglab\u0101\u0161anas periodi<\/li>\n<li>Datu subjektu ties\u012bbas (piek\u013cuve, labo\u0161ana, dz\u0113\u0161ana utt.)<\/li>\n<li>Ties\u012bbas atsaukt piekri\u0161anu<\/li>\n<li>Ties\u012bbas iesniegt s\u016bdz\u012bbu uzraudz\u012bbas iest\u0101dei<\/li>\n<li>Automatiz\u0113tas l\u0113mumu pie\u0146em\u0161anas inform\u0101cijas izpau\u0161ana (ja piem\u0113rojams)<\/li>\n<\/ul>\n\n<p>AI atgrie\u017eas:<\/p>\n<ul>\n<li>\u2713 kl\u0101t: Izpild\u012bto pras\u012bbu saraksts<\/li>\n<li>\u2717 Tr\u016bkst: Nav atrasts pras\u012bbu saraksts<\/li>\n<li>\u26a0 Neskaidrs: pras\u012bbas, iesp\u0113jams, ir izpild\u012btas, bet nav skaidri noteiktas.<\/li>\n<\/ul>\n\n<p>J\u016bs nov\u0113r\u0161at nepiln\u012bbas, pirms t\u0101s atkl\u0101j regulatori.<\/p>\n\n\n<h4 class=\"wp-block-heading\">2. Nepiecie\u0161am\u0101 satura verifik\u0101cija<\/h4>\n\n\n<p>Da\u017eos dokumentos ir j\u0101iek\u013cauj \u012bpa\u0161a valoda. V\u0101rds pa v\u0101rdam. AI to p\u0101rbauda.<\/p>\n\n<p><strong>Piem\u0113rs: Inform\u0101cijas izpau\u0161ana konkr\u0113tai valstij<\/strong><\/p>\n\n<p>Kalifornij\u0101 darba \u0161\u0137\u012br\u0113jtiesas l\u012bgumos ir nepiecie\u0161ama \u012bpa\u0161a valoda. \u0145ujorka pieprasa \u012bpa\u0161u valodu izl\u012bguma l\u012bgumos ar konfidencialit\u0101tes klauzul\u0101m.<\/p>\n\n<p>AI p\u0101rbaudes:<\/p>\n<ul>\n<li>Vai ir pras\u012bt\u0101 valoda?<\/li>\n<li>Vai tas ir pietiekami izteiksm\u012bgs (ja ir nepiecie\u0161ams izteiksm\u012bgums)?<\/li>\n<li>Vai tiek izmantota pa\u0161reiz\u0113j\u0101 versija (ja valoda ir atjaunin\u0101ta)?<\/li>\n<\/ul>\n\n<p>Nevajag pa\u013cauties uz atmi\u0146u vai novecoju\u0161\u0101m veidn\u0113m.<\/p>\n\n\n<h4 class=\"wp-block-heading\">3. Atbilst\u012bba vair\u0101ku jurisdikciju pras\u012bb\u0101m<\/h4>\n\n\n<p>Da\u017e\u0101d\u0101s valst\u012bs ir da\u017e\u0101di noteikumi. Da\u017e\u0101d\u0101s valst\u012bs - da\u017e\u0101di noteikumi. Vienam un tam pa\u0161am dokumentam var b\u016bt j\u0101atbilst vair\u0101kiem noteikumu kopumiem.<\/p>\n\n<p>AI p\u0101rbauda visas attiec\u012bg\u0101s jurisdikcijas vienlaic\u012bgi.<\/p>\n\n<p><strong>Piem\u0113rs: Pakalpojumu snieg\u0161anas noteikumi vair\u0101ku valstu pakalpojumam<\/strong><\/p>\n\n<p>J\u016bsu uz\u0146\u0113mums darbojas Kalifornij\u0101, \u0145ujork\u0101 un Teksas\u0101. Katr\u0101 \u0161tat\u0101 ir \u012bpa\u0161as pras\u012bbas pat\u0113r\u0113t\u0101ju l\u012bgumiem.<\/p>\n\n<p>AI p\u0101rbauda pakalpojumu snieg\u0161anas noteikumus pret:<\/p>\n<ul>\n<li>Kalifornijas pat\u0113r\u0113t\u0101ju aizsardz\u012bbas likumi<\/li>\n<li>Kalifornijas autom\u0101tisk\u0101s atjauno\u0161anas likuma pras\u012bbas<\/li>\n<li>\u0145ujorkas pat\u0113r\u0113t\u0101ju aizsardz\u012bbas noteikumi<\/li>\n<li>Teksasas \u0161tatam specifiski noteikumi<\/li>\n<li>Feder\u0101lie noteikumi (FTC u. c.)<\/li>\n<\/ul>\n\n<p>Rezult\u0101ti par\u0101da atbilst\u012bbas statusu pa jurisdikcij\u0101m. J\u016bs redzat, kas tie\u0161i ir j\u0101pievieno katrai valstij.<\/p>\n\n\n<h4 class=\"wp-block-heading\">4. Normat\u012bvo izmai\u0146u uzraudz\u012bba<\/h4>\n\n\n<p>Noteikumu izmai\u0146as. Tiek pie\u0146emti jauni likumi. A\u0123ent\u016bras izdod jaunas vadl\u012bnijas. Tiesu l\u0113mumi rada jaunas pras\u012bbas.<\/p>\n\n<p>AI uzrauga attiec\u012bgos avotus:<\/p>\n<ul>\n<li>Feder\u0101l\u0101 re\u0123istra atjaunin\u0101jumi<\/li>\n<li>Valsts ties\u012bbu aktu izmai\u0146as<\/li>\n<li>A\u0123ent\u016bras nor\u0101d\u012bjumi un interpret\u0101cijas<\/li>\n<li>Tiesu l\u0113mumi, kas ietekm\u0113 atbilst\u012bbu<\/li>\n<li>Nozares regulat\u012bv\u0101s iest\u0101des<\/li>\n<\/ul>\n\n<p>Ja main\u0101s kaut kas, kas ietekm\u0113 j\u016bs, AI to atz\u012bm\u0113:<\/p>\n<ul>\n<li>Kas main\u012bjies<\/li>\n<li>Sp\u0113k\u0101 st\u0101\u0161an\u0101s datums<\/li>\n<li>Uz kuriem dokumentiem tas attiecas<\/li>\n<li>Kas j\u0101atjaunina<\/li>\n<\/ul>\n\n<p>J\u016bs neuzzin\u0101siet, ka noteikumi ir main\u012bju\u0161ies, kad sa\u0146emsiet pazi\u0146ojumu par p\u0101rk\u0101pumu.<\/p>\n\n\n<h4 class=\"wp-block-heading\">5. Tr\u016bkumu anal\u012bze un tr\u016bkumu nov\u0113r\u0161anas priek\u0161likumi<\/h4>\n\n\n<p>Viena lieta ir atrast tr\u016bkumus. Zin\u0101\u0161anas, k\u0101 t\u0101s nov\u0113rst, ir pavisam kas cits.<\/p>\n\n<p>M\u0101ksl\u012bgais intelekts ne tikai identific\u0113 tr\u016bksto\u0161\u0101s pras\u012bbas, bet ar\u012b iesaka valodu, k\u0101 t\u0101s risin\u0101t.<\/p>\n\n<p><strong>Piem\u0113rs:<\/strong><\/p>\n<p><em>Konstat\u0113ts tr\u016bkums: \"Priv\u0101tuma politik\u0101 nav nor\u0101d\u012bti glab\u0101\u0161anas periodi, k\u0101 to pieprasa VDAR 13. panta 2. punkta a) apak\u0161punkts.\"<\/em><\/p>\n\n<p><em>Ieteicam\u0101 valoda: \"M\u0113s glab\u0101jam personas datus [nor\u0101d\u012bt periodus] vai tik ilgi, cik nepiecie\u0161ams, lai izpild\u012btu m\u0113r\u0137us, k\u0101diem tie tika v\u0101kti, ja vien ties\u012bbu aktos nav noteikts ilg\u0101ks glab\u0101\u0161anas periods.\"<\/em><\/p>\n\n<p>J\u016bs nes\u0101kat no nulles. J\u016bs p\u0101rskat\u0101t un piel\u0101gojat ieteikto valodu.<\/p>\n\n\n<h4 class=\"wp-block-heading\">6. Politikas versiju kontrole un audita izsekojam\u012bba<\/h4>\n\n\n<p>Atbilst\u012bba noz\u012bm\u0113 pier\u0101d\u012bt, ka esat iev\u0113rojis noteikumus. M\u0101ksl\u012bgais intelekts rada dokument\u0101ciju:<\/p>\n<ul>\n<li>Kad tika p\u0101rbaud\u012bta katra politika<\/li>\n<li>K\u0101das pras\u012bbas tika p\u0101rbaud\u012btas<\/li>\n<li>Konstat\u0113tie tr\u016bkumi<\/li>\n<li>K\u0101di atjaunin\u0101jumi tika veikti<\/li>\n<li>Kad atjaunin\u0101jumi s\u0101ka darboties<\/li>\n<li>Kas apstiprin\u0101ja izmai\u0146as<\/li>\n<\/ul>\n\n<p>Ja jums tiek veikta rev\u012bzija vai atbilst\u012bbas p\u0101rbaude, jums ir skaidra dokument\u0101cija.<\/p>\n\n\n<hr class=\"wp-block-separator has-alpha-channel-opacity\"\/>\n\n\n\n<h3 class=\"wp-block-heading\">Ko tas noz\u012bm\u0113 jums<\/h3>\n\n\n\n<h4 class=\"wp-block-heading\">L\u0113mumu pie\u0146\u0113m\u0113jiem<\/h4>\n\n\n<p><strong>Maz\u0101ks atbilst\u012bbas risks.<\/strong><br \/>\nSistem\u0101tiska p\u0101rbaude nov\u0113r\u0161 nepiln\u012bbas, pirms t\u0101s k\u013c\u016bst par p\u0101rk\u0101pumiem. Maz\u0101k naudas sodu. Maz\u0101k regulat\u012bvo jaut\u0101jumu. Maz\u0101k tiesas pr\u0101vu.<\/p>\n\n<p><strong>Procesi, kas ir gatavi rev\u012bzijai.<\/strong><br \/>\nSkaidra dokument\u0101cija par to, kas un kad tika p\u0101rbaud\u012bts un k\u0101das darb\u012bbas tika veiktas. Regulatori redz profesion\u0101lu atbilst\u012bbas programmu.<\/p>\n\n<p><strong>\u0100tr\u0101ki dokumentu atjaunin\u0101jumi.<\/strong><br \/>\nKad main\u0101s noteikumi, j\u016bs prec\u012bzi zin\u0101t, kas ir j\u0101atjaunina. Nevajag masveid\u0101 visu p\u0101rskat\u012bt.<\/p>\n\n<p><strong>Konsekventa atbilst\u012bba vis\u0101 organiz\u0101cij\u0101.<\/strong><br \/>\nKatrs dokuments tiek p\u0101rbaud\u012bts tikpat r\u016bp\u012bgi. Nav at\u0161\u0137ir\u012bbu atkar\u012bb\u0101 no t\u0101, kur\u0161 ir aiz\u0146emts vai aizmirsis kaut ko p\u0101rbaud\u012bt.<\/p>\n\n\n<h4 class=\"wp-block-heading\">Juristiem un atbilst\u012bbas komand\u0101m<\/h4>\n\n\n<p><strong>Sistem\u0101tiska p\u0101rbaude atmi\u0146as viet\u0101.<\/strong><br \/>\nJums nav j\u0101atceras 200 pras\u012bbas. M\u0101ksl\u012bgais intelekts katru reizi t\u0101s visas p\u0101rbauda.<\/p>\n\n<p><strong>Pier\u0101d\u012bjumi, ka esi paveicis savu darbu.<\/strong><br \/>\nSkaidri dokumenti, kas apliecina, ka ir veiktas atbilst\u012bbas p\u0101rbaudes. Ja kaut kas notiek nepareizi, varat pier\u0101d\u012bt, ka esat pien\u0101c\u012bgi r\u016bp\u012bgs.<\/p>\n\n<p><strong>Proakt\u012bvs, nevis rea\u0123\u0113jo\u0161s.<\/strong><br \/>\nProbl\u0113mas tiek atkl\u0101tas izstr\u0101des laik\u0101, nevis p\u0113c public\u0113\u0161anas. J\u016bs uzzin\u0101siet par regul\u0113juma izmai\u0146\u0101m, pirms klienti par t\u0101m jaut\u0101.<\/p>\n\n<p><strong>Koncentr\u0113jieties uz sare\u017e\u0123\u012btiem spriedumiem.<\/strong><br \/>\nAI veic regul\u0101ru atbilst\u012bbas p\u0101rbaudi. J\u016bs koncentr\u0113jaties uz pel\u0113kaj\u0101m zon\u0101m, riska nov\u0113rt\u0113\u0161anu un strat\u0113\u0123iskiem atbilst\u012bbas l\u0113mumiem.<\/p>\n\n\n<h4 class=\"wp-block-heading\">Uz\u0146\u0113mumam<\/h4>\n\n\n<p><strong>P\u0101rvietojieties \u0101tri, nep\u0101rk\u0101pjot noteikumus.<\/strong><br \/>\nAtbilst\u012bbas p\u0101rbaude visu pal\u0113nina. \u0100tras autom\u0101tisk\u0101s p\u0101rbaudes \u013cauj dro\u0161i un \u0101tri darboties.<\/p>\n\n<p><strong>Samazin\u0101t atbilst\u012bbas nodro\u0161in\u0101\u0161anas izmaksas.<\/strong><br \/>\nMaz\u0101k laika manu\u0101lai p\u0101rbaudei. Maz\u0101k atbilst\u012bbas probl\u0113mu, kuru nov\u0113r\u0161anai nepiecie\u0161ami d\u0101rgi l\u012bdzek\u013ci. Maz\u0101ks sodanaudu risks.<\/p>\n\n<p><strong>Veidojiet uztic\u0113\u0161anos ar ieinteres\u0113taj\u0101m person\u0101m.<\/strong><br \/>\nKlienti, partneri un regulatori redz uz\u0146\u0113mumu, kas nopietni izturas pret atbilst\u012bbu.<\/p>\n\n\n<hr class=\"wp-block-separator has-alpha-channel-opacity\"\/>\n\n\n\n<h3 class=\"wp-block-heading\">Re\u0101ls piem\u0113rs: T\u012bmek\u013ca vietnes konfidencialit\u0101tes politikas atjaunin\u0101\u0161ana<\/h3>\n\n\n<p>J\u016bsu uz\u0146\u0113mums darbojas ASV un ES. GDPR ir atjaunin\u0101ta ar jaun\u0101m pras\u012bb\u0101m.<\/p>\n\n<p><strong>Bez m\u0101ksl\u012bg\u0101 intelekta:<\/strong><\/p>\n<ul>\n<li>Atbilst\u012bbas komanda uzzina par atjaunin\u0101jumu (galu gal\u0101)<\/li>\n<li>Jaunu pras\u012bbu p\u0101rskat\u012b\u0161ana<\/li>\n<li>Atrod pa\u0161reiz\u0113jo konfidencialit\u0101tes politikas dokumentu<\/li>\n<li>Manu\u0101la politikas las\u012b\u0161ana<\/li>\n<li>M\u0113\u0123ina atcer\u0113ties visas jaun\u0101s GDPR pras\u012bbas<\/li>\n<li>Projektu atjaunin\u0101jumi<\/li>\n<li>Nos\u016bta juridiskajam dienestam p\u0101rskat\u012b\u0161anai<\/li>\n<li>Juridiskie p\u0101rskati un redi\u0123\u0113\u0161ana<\/li>\n<li>Atjaunin\u0101jumu apstiprin\u0101\u0161anas process<\/li>\n<li>T\u012bmek\u013ca vietnes komanda ievie\u0161 izmai\u0146as<\/li>\n<li>Laiks: 3-6 ned\u0113\u013cas<\/li>\n<li>Risks: Iesp\u0113jams, kaut ko palaida gar\u0101m<\/li>\n<\/ul>\n\n<p><strong>Ar m\u0101ksl\u012bgo intelektu:<\/strong><\/p>\n<ul>\n<li>M\u0101ksl\u012bgais intelekts konstat\u0113 GDPR atjaunin\u0101jumu (t\u0101 pazi\u0146o\u0161anas dien\u0101)<\/li>\n<li>AI karodzi\u0146i: \"Jaun\u0101s GDPR pras\u012bbas ietekm\u0113 j\u016bsu konfidencialit\u0101tes politiku\"<\/li>\n<li>M\u0101ksl\u012bgais intelektiskais intelekts p\u0101rbauda pa\u0161reiz\u0113jo politiku, sal\u012bdzinot to ar jaunaj\u0101m pras\u012bb\u0101m<\/li>\n<li>AI \u0123ener\u0113 zi\u0146ojumu: \"Tr\u016bkst 3 oblig\u0101ti sniedzam\u0101s inform\u0101cijas\" ar konkr\u0113tu inform\u0101ciju.<\/li>\n<li>M\u0101ksl\u012bgais intelekts iesaka valodu katram tr\u016bksto\u0161ajam elementam<\/li>\n<li>Atbilst\u012bbas p\u0101rbaude AI ieteikumus un piel\u0101go\u0161ana<\/li>\n<li>Juridiskais dienests p\u0101rskata ierosin\u0101t\u0101s izmai\u0146as<\/li>\n<li>Atjaunin\u0101jumu apstiprin\u0101\u0161anas process<\/li>\n<li>T\u012bmek\u013ca vietnes komanda ievie\u0161 izmai\u0146as<\/li>\n<li>AI p\u0101rbauda, vai atjaunin\u0101t\u0101 politika atbilst vis\u0101m pras\u012bb\u0101m<\/li>\n<li>Laiks: 3-5 dienas<\/li>\n<li>Risks: visaptvero\u0161a p\u0101rbaude attiec\u012bb\u0101 uz vis\u0101m pras\u012bb\u0101m<\/li>\n<\/ul>\n\n<p>T\u0101 pati kvalit\u0101te. 75% \u0101tr\u0101k. Lab\u0101ka dokument\u0101cija. Liel\u0101ka uzticam\u012bba.<\/p>\n\n\n<hr class=\"wp-block-separator has-alpha-channel-opacity\"\/>\n\n\n\n<h3 class=\"wp-block-heading\">Ko m\u0101ksl\u012bgais intelekts nedara<\/h3>\n\n\n<p>Skaidri pateiksim, ko m\u0101ksl\u012bgais intelekts nevar izdar\u012bt.<\/p>\n\n<p><strong>M\u0101ksl\u012bgais intelekts neinterpret\u0113 neskaidrus noteikumus.<\/strong><br \/>\nJa likums ir skaidrs, AI p\u0101rbauda t\u0101 iev\u0113ro\u0161anu. Ja ir nepiecie\u0161ama interpret\u0101cija, cilv\u0113ki lemj, k\u0101 r\u012bkoties, lai pan\u0101ktu atbilst\u012bbu.<\/p>\n\n<p><strong>M\u0101ksl\u012bgais intelekts nepie\u0146em biznesa l\u0113mumus par risku.<\/strong><br \/>\nT\u0101 identific\u0113 atbilst\u012bbas tr\u016bkumus. J\u016bs izlemjat, vai tos nov\u0113rst nekav\u0113joties, uz\u0146emties risku vai mekl\u0113t citu pieeju.<\/p>\n\n<p><strong>M\u0101ksl\u012bgais intelekts neaizst\u0101j atbilst\u012bbas nov\u0113rt\u0113\u0161anu.<\/strong><br \/>\nDa\u017ereiz atbilst\u012bba nav melnbalta. M\u0101ksl\u012bgais intelekts nor\u0101da uz probl\u0113mu. Atbilst\u012bbas nodro\u0161in\u0101\u0161anas speci\u0101lists pie\u0146em l\u0113mumu.<\/p>\n\n<p><strong>M\u0101ksl\u012bgais intelekts netiek autom\u0101tiski atjaunin\u0101ts uz visiem laikiem.<\/strong><br \/>\nRegulat\u012bvajai uzraudz\u012bbai ir nepiecie\u0161ama uztur\u0113\u0161ana. AI noteikumu kopums j\u0101papildina ar jauniem noteikumiem. K\u0101dam tas ir j\u0101p\u0101rvalda.<\/p>\n\n<p><strong>M\u0101ksl\u012bgais intelekts nepadara j\u016bs atbilsto\u0161u.<\/strong><br \/>\nTas pal\u012bdz p\u0101rbaud\u012bt atbilst\u012bbu. Jums joproj\u0101m ir j\u0101nov\u0113r\u0161 tr\u016bkumi, j\u0101ievie\u0161 politikas un j\u0101seko l\u012bdzi to izpildei.<\/p>\n\n<p>M\u0101ksl\u012bgais intelekts ir atbilst\u012bbas nodro\u0161in\u0101\u0161anas r\u012bks. Atbilst\u012bbas speci\u0101listi joproj\u0101m ir b\u016btiski.<\/p>\n\n\n<hr class=\"wp-block-separator has-alpha-channel-opacity\"\/>\n\n\n\n<h3 class=\"wp-block-heading\">K\u0101 s\u0101kt darbu<\/h3>\n\n\n<p><strong>1. Nosakiet savas atbilst\u012bbas pras\u012bbas.<\/strong><br \/>\nK\u0101di noteikumi attiecas uz j\u016bsu uz\u0146\u0113mumu? K\u0101di nozares standarti jums j\u0101iev\u0113ro? K\u0101das ir j\u016bsu l\u012bgumsaist\u012bbas?<\/p>\n\n<p><strong>2. Dokument\u0113jiet pa\u0161reiz\u0113jos atbilst\u012bbas p\u0101rbaudes sarakstus.<\/strong><br \/>\nKo pa\u0161laik p\u0101rbaud\u0101t? Ko jums vajadz\u0113tu p\u0101rbaud\u012bt? Skaidri formul\u0113jiet.<\/p>\n\n<p><strong>3. Priorit\u0101\u0161u noteik\u0161ana p\u0113c riska.<\/strong><br \/>\nS\u0101ciet ar augsta riska atbilst\u012bbas jom\u0101m (GDPR, HIPAA, finan\u0161u noteikumi). V\u0113l\u0101k pievienojiet zem\u0101ka riska jomas.<\/p>\n\n<p><strong>4. Izveidot m\u0101ksl\u012bg\u0101 intelekta noteikumu kopas.<\/strong><br \/>\nApm\u0101ciet AI par atbilst\u012bbas pras\u012bb\u0101m. Jo skaidr\u0101k un konkr\u0113t\u0101k, jo lab\u0101k.<\/p>\n\n<p><strong>5. Test\u0113\u0161ana eso\u0161ajos dokumentos.<\/strong><br \/>\nVeiciet AI atbilst\u012bbas p\u0101rbaudes pa\u0161reiz\u0113j\u0101m politik\u0101m un l\u012bgumiem. Skatiet, ko tas atrod. Apstipriniet precizit\u0101ti.<\/p>\n\n<p><strong>6. Integr\u0113t darba pl\u016bsm\u0101.<\/strong><br \/>\nPadariet AI atbilst\u012bbas p\u0101rbaudi par standarta soli. Dokumenta projekts \u2192 AI p\u0101rbaude \u2192 cilv\u0113ka veikta p\u0101rbaude \u2192 apstiprin\u0101\u0161ana.<\/p>\n\n<p><strong>7. Uzraudz\u012bt un pilnveidot.<\/strong><br \/>\nIzsekojiet viltus pozit\u012bvos un viltus negat\u012bvos rezult\u0101tus. Pilnveidojiet m\u0101ksl\u012bg\u0101 intelekta noteikumus. Atjauniniet regulat\u012bvo uzraudz\u012bbu.<\/p>\n\n\n<hr class=\"wp-block-separator has-alpha-channel-opacity\"\/>\n\n\n\n<h3 class=\"wp-block-heading\">Bie\u017e\u0101k uzdotie jaut\u0101jumi<\/h3>\n\n\n<p><strong>K\u0101dus noteikumus var p\u0101rbaud\u012bt AI?<\/strong><br \/>\nJebkur\u0161 regul\u0113jums ar skaidr\u0101m, dokument\u0113t\u0101m pras\u012bb\u0101m. GDPR, CCPA, HIPAA, SOX, nozarei specifiski noteikumi. Jo skaidr\u0101ks noteikums, jo lab\u0101k darbojas AI.<\/p>\n\n<p><strong>Vai m\u0101ksl\u012bgais intelekts sp\u0113j apstr\u0101d\u0101t uz\u0146\u0113mumam specifiskas politikas?<\/strong><br \/>\nJ\u0101. M\u0101ksl\u012bgais intelekts var p\u0101rbaud\u012bt dokumentu atbilst\u012bbu iek\u0161\u0113j\u0101m politik\u0101m, z\u012bmola vadl\u012bnij\u0101m, l\u012bgumu standartiem un uz\u0146\u0113muma specifiskaj\u0101m pras\u012bb\u0101m.<\/p>\n\n<p><strong>K\u0101 ir ar nozares specifiku saist\u012bt\u0101 atbilst\u012bba?<\/strong><br \/>\nM\u0101ksl\u012bgo intelektu var apm\u0101c\u012bt par nozares noteikumiem (finan\u0161u pakalpojumi, vesel\u012bbas apr\u016bpe, ra\u017eo\u0161ana u. c.). Lai to pareizi iestat\u012btu, nepiecie\u0161amas zin\u0101\u0161anas attiec\u012bgaj\u0101 jom\u0101.<\/p>\n\n<p><strong>Cik prec\u012bza ir AI atbilst\u012bbas p\u0101rbaude?<\/strong><br \/>\nSkaidri formul\u0113tas pras\u012bbas (konkr\u0113ta inform\u0101cijas atkl\u0101\u0161ana, pras\u012bt\u0101 valoda): 90-95%. Interpret\u0113jo\u0161\u0101m pras\u012bb\u0101m: zem\u0101ka, nepiecie\u0161ams cilv\u0113ka v\u0113rt\u0113jums. T\u0101p\u0113c cilv\u0113cisk\u0101 p\u0101rbaude joproj\u0101m ir b\u016btiska.<\/p>\n\n<p><strong>Vai tas darbojas starptautisk\u0101s atbilst\u012bbas nodro\u0161in\u0101\u0161anai?<\/strong><br \/>\nJ\u0101. M\u0101ksl\u012bgais intelekts var p\u0101rbaud\u012bt vair\u0101ku valstu noteikumus. \u012apa\u0161i noder\u012bgi uz\u0146\u0113mumiem, kas darbojas da\u017e\u0101d\u0101s jurisdikcij\u0101s.<\/p>\n\n<p><strong>K\u0101 j\u016bs past\u0101v\u012bgi atjaunin\u0101t AI inform\u0101ciju par izmai\u0146\u0101m regul\u0113jum\u0101?<\/strong><br \/>\nAutomatiz\u0113tas uzraudz\u012bbas un ekspert\u012bzes kombin\u0101cija. B\u016btiskas izmai\u0146as tiek atz\u012bm\u0113tas autom\u0101tiski. Eksperti apstiprina un atjaunina AI noteikumu kopumus.<\/p>\n\n\n<hr class=\"wp-block-separator has-alpha-channel-opacity\"\/>\n\n\n\n<h3 class=\"wp-block-heading\">Apak\u0161\u0113j\u0101 l\u012bnija<\/h3>\n\n\n<p>Atbilst\u012bbai nav j\u0101pa\u013caujas uz atmi\u0146u un cer\u012bb\u0101m.<\/p>\n<p>AI sistem\u0101tiski p\u0101rbauda dokumentu atbilst\u012bbu normat\u012bvaj\u0101m pras\u012bb\u0101m. T\u0101 uzrauga izmai\u0146as. Tas nor\u0101da uz nepiln\u012bb\u0101m. Ierosina labojumus. Tas visu dokument\u0113.<\/p>\n<p>Rezult\u0101t\u0101 tiek samazin\u0101ts atbilst\u012bbas risks, dokumenti tiek atjaunin\u0101ti \u0101tr\u0101k, uzlabojas gatav\u012bba auditam un atbilst\u012bbas komandas veic strat\u0113\u0123isku darbu, nevis manu\u0101li p\u0101rbauda dokumentus.<\/p>\n<p>Nav ma\u0123ijas. Tikai sistem\u0101tiska atbilst\u012bbas p\u0101rbaude.<\/p>\n\n\n<hr class=\"wp-block-separator has-alpha-channel-opacity\"\/>\n\n\n\n<h3 class=\"wp-block-heading\">Vai esat gatavs uzlabot atbilst\u012bbas p\u0101rbaudi?<\/h3>\n\n\n<p>Katrai organiz\u0101cijai ir at\u0161\u0137ir\u012bgas atbilst\u012bbas pras\u012bbas, riska profili un procesi.<\/p>\n<p>M\u0113s nep\u0101rdodam visp\u0101r\u012bgus atbilst\u012bbas r\u012bkus. M\u0113s apl\u016bkojam j\u016bsu konkr\u0113tos noteikumus un atbilst\u012bbas probl\u0113mas. M\u0113s identific\u0113jam, kur m\u0101ksl\u012bgais intelekts sniedz visliel\u0101ko v\u0113rt\u012bbu. M\u0113s izveidojam p\u0101rbaudes sist\u0113mas, kas atbilst j\u016bsu vajadz\u012bb\u0101m.<\/p>\n<p>Apspried\u012bsim j\u016bsu atbilst\u012bbas pras\u012bbas un to, kur AI var pal\u012bdz\u0113t.<\/p>\n\n<p><a href=\"https:\/\/www.leaplytics.de\/lv\/kontaktinformacija\/\">Apspriediet savas atbilst\u012bbas vajadz\u012bbas<\/a><\/p>\n\n<p><a href=\"https:\/\/www.leaplytics.de\/lv\/juridiskas-tiesibas-ai\/\">Atgriezties pie juridisk\u0101 AI p\u0101rskata<\/a><\/p>","protected":false},"excerpt":{"rendered":"<p>AI for Compliance &#038; Policy Checking: Stop Hoping You Didn&#8217;t Miss Something Rules are everywhere. Federal laws. State laws. Industry regulations. Company policies. Contractual obligations. Data protection requirements. Every document needs to comply. Every policy needs updating when regulations change. Every contract needs checking against multiple rule sets. Compliance isn&#8217;t optional. The cost of missing &hellip; <\/p>","protected":false},"author":2,"featured_media":0,"parent":0,"menu_order":0,"comment_status":"closed","ping_status":"closed","template":"","meta":{"footnotes":""},"class_list":["post-14460","page","type-page","status-publish","hentry","latest_post"],"_links":{"self":[{"href":"https:\/\/www.leaplytics.de\/lv\/wp-json\/wp\/v2\/pages\/14460","targetHints":{"allow":["GET"]}}],"collection":[{"href":"https:\/\/www.leaplytics.de\/lv\/wp-json\/wp\/v2\/pages"}],"about":[{"href":"https:\/\/www.leaplytics.de\/lv\/wp-json\/wp\/v2\/types\/page"}],"author":[{"embeddable":true,"href":"https:\/\/www.leaplytics.de\/lv\/wp-json\/wp\/v2\/users\/2"}],"replies":[{"embeddable":true,"href":"https:\/\/www.leaplytics.de\/lv\/wp-json\/wp\/v2\/comments?post=14460"}],"version-history":[{"count":1,"href":"https:\/\/www.leaplytics.de\/lv\/wp-json\/wp\/v2\/pages\/14460\/revisions"}],"predecessor-version":[{"id":14466,"href":"https:\/\/www.leaplytics.de\/lv\/wp-json\/wp\/v2\/pages\/14460\/revisions\/14466"}],"wp:attachment":[{"href":"https:\/\/www.leaplytics.de\/lv\/wp-json\/wp\/v2\/media?parent=14460"}],"curies":[{"name":"wp","href":"https:\/\/api.w.org\/{rel}","templated":true}]}}