{"id":14477,"date":"2025-12-19T01:55:31","date_gmt":"2025-12-19T00:55:31","guid":{"rendered":"https:\/\/www.leaplytics.de\/?page_id=14477"},"modified":"2025-12-19T01:55:31","modified_gmt":"2025-12-19T00:55:31","slug":"satura-izveide-personalizacija-ai","status":"publish","type":"page","link":"https:\/\/www.leaplytics.de\/lv\/satura-izveide-personalizacija-ai\/","title":{"rendered":"Satura izveide un personaliz\u0113\u0161ana ar m\u0101ksl\u012bgo intelektu"},"content":{"rendered":"<h2>M\u0101ksl\u012bgais intelekts satura rad\u012b\u0161anai un personaliz\u0113\u0161anai: P\u0101rtrauciet s\u0101kt no tuk\u0161\u0101m lap\u0101m<\/h2>\n\n<p>J\u016bsu m\u0101rketinga komandai ir nepiecie\u0161ams vair\u0101k satura. E-pasti. Rekl\u0101mas. Soci\u0101lo t\u012bklu ieraksti. Izsaukuma lapas. Produktu apraksti. Bloga ieraksti. Gad\u012bjumu izp\u0113te.<\/p>\n<p>Un tas nevar b\u016bt visp\u0101r\u012bgs. Katrs segments gaida zi\u0146ojumus, kas uzrun\u0101 tie\u0161i vi\u0146us. Katram kan\u0101lam ir vajadz\u012bgs savs form\u0101ts. Katrai kampa\u0146ai ir nepiecie\u0161ami vair\u0101ki test\u0113\u0161anas varianti.<\/p>\n<p>J\u016bs aicin\u0101t cilv\u0113kus rakst\u012bt \u0101tr\u0101k. Bet ir ierobe\u017eojumi, cik \u0101tri ikviens var rakst\u012bt no nulles.<\/p>\n<p>M\u0101ksl\u012bgais intelekts neaizst\u0101j j\u016bsu rakstniekus. Tas sniedz vi\u0146iem s\u0101kumpunktu. Tas \u0123ener\u0113 vari\u0101cijas m\u0113rog\u0101. Tas autom\u0101tiski personaliz\u0113 zi\u0146ojumus. J\u016bsu komanda \u0101tr\u0101k non\u0101k no tuk\u0161as lapas l\u012bdz pilnveidotam saturam.<\/p>\n\n\n<hr class=\"wp-block-separator has-alpha-channel-opacity\"\/>\n\n\n\n<h3 class=\"wp-block-heading\">Probl\u0113ma: p\u0101r\u0101k daudz satura un nepietiek laika<\/h3>\n\n\n<p>Katram m\u0101rketinga kan\u0101lam ir nepiecie\u0161ama baro\u0161ana. E-pasta abonenti gaida regul\u0101rus zi\u0146ojumus. Soci\u0101lajos t\u012bklos ir nepiecie\u0161ami ikdienas zi\u0146ojumi. Rekl\u0101mas kampa\u0146\u0101m nepiecie\u0161ama svaiga rado\u0161\u0101 pieeja. P\u0101rdo\u0161anai nepiecie\u0161ams jauns nodro\u0161in\u0101jums.<\/p>\n<p>Visp\u0101r\u012bgs saturs vairs nedarbojas. J\u016bsu auditorija sagaida atbilst\u012bbu. Da\u017e\u0101d\u0101s nozar\u0113s ir nepiecie\u0161ami da\u017e\u0101di aspekti. Da\u017e\u0101d\u0101m lom\u0101m ir svar\u012bgas da\u017e\u0101das lietas.<\/p>\n<p>T\u0101p\u0113c jums ir nepiecie\u0161ams vair\u0101k satura. Un tam j\u0101b\u016bt personaliz\u0113tam. Un tam j\u0101b\u016bt labam. Un jums tas ir vajadz\u012bgs vakar.<\/p>\n<p>J\u016bsu komanda ir noslogota. Vai nu j\u016bs rad\u0101t maz\u0101k satura un zaud\u0113jat iesp\u0113jas, vai ar\u012b rad\u0101t visp\u0101r\u012bgu saturu un v\u0113rojat, k\u0101 iesaist\u012b\u0161an\u0101s samazin\u0101s. Ne viens, ne otrs variants nav labs.<\/p>\n\n\n<hr class=\"wp-block-separator has-alpha-channel-opacity\"\/>\n\n\n\n<h3 class=\"wp-block-heading\">M\u0101ksl\u012bgais intelekts satura rad\u012b\u0161an\u0101<\/h3>\n\n\n<p>M\u0101ksl\u012bgais intelekts neraksta gal\u012bgo kopiju. Tas raksta pirmos melnrakstus. Tas \u0123ener\u0113 variantus. Tas veic pamatdarbu, lai j\u016bsu komanda var\u0113tu koncentr\u0113ties uz strat\u0113\u0123iju un pilnveido\u0161anu.<\/p>\n\n\n<h4 class=\"wp-block-heading\">Projekta \u0123ener\u0113\u0161ana<\/h4>\n\n\n<p>Sniedziet m\u0101ksl\u012bgajam intelektam \u012bsu inform\u0101ciju. Past\u0101stiet, kas jums nepiecie\u0161ams. E-pasts ar pazi\u0146ojumu par jaunu funkciju. Soci\u0101laj\u0101 t\u012bkl\u0101 public\u0113jiet zi\u0146u par gad\u012bjumu izp\u0113ti. Produkta apraksts tehniskajiem pirc\u0113jiem.<\/p>\n<p>M\u0101ksl\u012bgais intelekts uzraksta projektu da\u017eu sekun\u017eu laik\u0101. Nav nevainojams. Ne gal\u012bgais. Bet tas ir re\u0101ls s\u0101kumpunkts, kas ir 70% no ce\u013ca.<\/p>\n<p>J\u016bsu rakstnieks redi\u0123\u0113, nevis s\u0101k no nulles. T\u0101 ir at\u0161\u0137ir\u012bba starp 30 min\u016bt\u0113m un 2 stund\u0101m par darbu.<\/p>\n\n<p><strong>Ko tas sagatavo:<\/strong>\n<ul>\n<li>E-pasta v\u0113stules kopija (temata l\u012bnija, saturs, CTA)<\/li>\n<li>soci\u0101lo mediju (LinkedIn, Twitter, Facebook) ieraksti.<\/li>\n<li>Rekl\u0101mu kopijas (virsraksti, apraksti, vari\u0101cijas)<\/li>\n<li>Produktu apraksti<\/li>\n<li>Izsaukuma lapas kopija<\/li>\n<li>Bloga ierakstu aprises un pirmie projekti<\/li>\n<li>Video scen\u0101riji<\/li>\n<li>P\u0101rdo\u0161anas e-pasta veidnes<\/li>\n<\/ul>\n<\/p>\n\n\n<h4 class=\"wp-block-heading\">Izmai\u0146u rad\u012b\u0161ana m\u0113rog\u0101<\/h4>\n\n\n<p>A\/B test\u0113\u0161anai nepiecie\u0161amas vari\u0101cijas. Da\u017e\u0101di virsraksti. Da\u017e\u0101di le\u0146\u0137i. Da\u017e\u0101di CTA.<\/p>\n<p>10 t\u0113mu rindu variantu rakst\u012b\u0161ana ar roku aiz\u0146em laiku. M\u0101ksl\u012bgais intelekts tos \u0123ener\u0113 da\u017eu sekun\u017eu laik\u0101.<\/p>\n<p>Nepiecie\u0161ama rekl\u0101mas kopija da\u017e\u0101d\u0101m auditorij\u0101m? Sniedziet m\u0101ksl\u012bgajam intelektam vienu pamatzi\u0146ojumu un pieprasiet versijas, kas paredz\u0113tas da\u017e\u0101d\u0101m nozar\u0113m, lom\u0101m vai s\u0101pju punktiem. J\u016bs uzreiz sa\u0146emsiet 5, 10, 20 variantus.<\/p>\n<p>J\u016bsu komanda izv\u0113las lab\u0101kos. P\u0101rbauda tos. Uzzina, kas darbojas. Atk\u0101rto. Daudz \u0101tr\u0101k nek\u0101 rakst\u012bt katru variantu manu\u0101li.<\/p>\n\n\n<h4 class=\"wp-block-heading\">Zi\u0146u personaliz\u0113\u0161ana<\/h4>\n\n\n<p>Visp\u0101r\u012bgi e-pasti tiek ignor\u0113ti. Cilv\u0113ki sagaida zi\u0146ojumus, kas ir b\u016btiski vi\u0146u situ\u0101cijai.<\/p>\n<p>M\u0101ksl\u012bgais intelekts personaliz\u0113 m\u0113rog\u0101:\n<ul>\n<li>At\u0161\u0137ir\u012bgas kopijas da\u017e\u0101d\u0101m nozar\u0113m (vesel\u012bbas apr\u016bpe vs. ra\u017eo\u0161ana vs. finanses)<\/li>\n<li>Da\u017e\u0101d\u0101m lom\u0101m ir at\u0161\u0137ir\u012bgi s\u0101pju punkti (finan\u0161u direktoriem ir svar\u012bga ROI, operat\u012bvo dienestu vad\u012bt\u0101jiem - efektivit\u0101te).<\/li>\n<li>At\u0161\u0137ir\u012bgs tonis da\u017e\u0101da lieluma uz\u0146\u0113mumiem (uz\u0146\u0113mumiem un maziem un vid\u0113jiem uz\u0146\u0113mumiem)<\/li>\n<li>At\u0161\u0137ir\u012bga steidzam\u012bba atkar\u012bb\u0101 no pirk\u0161anas stadijas (inform\u0113t\u012bba vs. apsv\u0113r\u0161ana vs. l\u0113mums).<\/li>\n<\/ul>\n<\/p>\n\n<p>J\u016bs rakst\u0101t vienu zi\u0146ojuma ietvaru. M\u0101ksl\u012bgais intelekts \u0123ener\u0113 personaliz\u0113tas versijas katram segmentam. Ikviens sa\u0146em kopiju, kas uzrun\u0101 tie\u0161i vi\u0146u.<\/p>\n\n\n<h4 class=\"wp-block-heading\">Priek\u0161meta l\u012bnijas un virsraksta optimiz\u0101cija<\/h4>\n\n\n<p>E-pasta v\u0113stu\u013cu atv\u0113r\u0161ana ir atkar\u012bga no to, vai e-pasta v\u0113stules tiek atv\u0113rtas. Virsraksti nosaka, vai rekl\u0101mas tiek klik\u0161\u0137in\u0101tas.<\/p>\n<p>M\u0101ksl\u012bgais intelekts analiz\u0113, kas ir darbojies iepriek\u0161 - j\u016bsu iepriek\u0161\u0113j\u0101s kampa\u0146as, nozares etalonus, p\u0101rbaud\u012btas formulas. Tas ierosina t\u0113mas l\u012bnijas un virsrakstus, kas optimiz\u0113ti veiktsp\u0113jai.<\/p>\n<p>Ne min\u0113jumi. Ieteikumi, kas balst\u012bti uz datu mode\u013ciem par to, kas piesaista uzman\u012bbu un veicina klik\u0161\u0137us.<\/p>\n<p>Gal\u012bgo l\u0113mumu joproj\u0101m pie\u0146emat j\u016bs. Bet j\u016bs s\u0101kat ar p\u0101rbaud\u012bt\u0101m un p\u0101rbaud\u012bt\u0101m iesp\u0113j\u0101m, nevis ar izdom\u0101jumiem.<\/p>\n\n\n<h4 class=\"wp-block-heading\">Z\u012bmola balss konsekvence<\/h4>\n\n\n<p>Katram z\u012bmolam ir sava balss. Profesion\u0101ls, bet ne uzp\u016btniecisks. Draudz\u012bgs, bet ne p\u0101r\u0101k ikdieni\u0161\u0137s. P\u0101rliecin\u0101ts, bet ne augstpr\u0101t\u012bgs.<\/p>\n<p>Ir gr\u016bti saglab\u0101t \u0161o viedokli desmitiem satura materi\u0101lu, ko raksta da\u017e\u0101di cilv\u0113ki.<\/p>\n<p>Apm\u0101ciet m\u0101ksl\u012bgo intelektu ar savu eso\u0161o saturu. Par\u0101diet tam savus lab\u0101kos darbus. Tas apg\u016bs j\u016bsu toni, stilu, v\u0101rdu kr\u0101jumu.<\/p>\n<p>Tagad katrs projekts atbilst j\u016bsu z\u012bmola balsij. Da\u017e\u0101di rakstnieki, da\u017e\u0101di satura veidi - vienota balss vis\u0101 projekt\u0101.<\/p>\n\n\n<h4 class=\"wp-block-heading\">Satura atk\u0101rtota izmanto\u0161ana<\/h4>\n\n\n<p>J\u016bs rakst\u0101t bloga ierakstu. Var\u0113tu b\u016bt LinkedIn ieraksts. Iesp\u0113jams, tas var\u0113tu b\u016bt Twitter ieraksts. Tas var b\u016bt e-pasta saturs. Var\u0113tu b\u016bt scen\u0101rijs videoklipam.<\/p>\n<p>M\u0101ksl\u012bgais intelekts autom\u0101tiski p\u0101rveido saturu:\n<ul>\n<li>P\u0101rv\u0113rsiet garo formu \u012bsaj\u0101 form\u0101<\/li>\n<li>P\u0101rveidojiet emu\u0101ra ierakstus par soci\u0101lajiem fragmentiem<\/li>\n<li>P\u0101rv\u0113rst gad\u012bjumu izp\u0113ti klientu cit\u0101tu grafik\u0101s<\/li>\n<li>Vebin\u0101ru transkripcijas sadaliet bloga zi\u0146ojumos un soci\u0101laj\u0101 satur\u0101<\/li>\n<\/ul>\n<\/p>\n\n<p>Izveidojiet vienreiz, izplatiet visur. Nep\u0101rrakstot visu manu\u0101li.<\/p>\n\n\n<hr class=\"wp-block-separator has-alpha-channel-opacity\"\/>\n\n\n\n<h3 class=\"wp-block-heading\">Ko tas noz\u012bm\u0113 jums<\/h3>\n\n\n\n<h4 class=\"wp-block-heading\">TKO<\/h4>\n\n\n<p>J\u016bsu komanda rada vair\u0101k satura bez liel\u0101ka darbinieku skaita. Kampa\u0146as tiek uzs\u0101ktas \u0101tr\u0101k, jo satura veido\u0161ana nav sastr\u0113gums.<\/p>\n<p>Z\u012bmola balss paliek konsekventa m\u0113rog\u0101. Neatkar\u012bgi no t\u0101, vai public\u0113jat 10 vai 100 darbus ned\u0113\u013c\u0101, viss izklaus\u0101s k\u0101 j\u016bs.<\/p>\n<p>Test\u0113\u0161ana uzlabojas, jo vari\u0101ciju rad\u012b\u0161ana ir l\u0113ta. Vair\u0101k testu noz\u012bm\u0113 lab\u0101kus datus par to, kas izraisa rezonansi.<\/p>\n<p>Satura ROI palielin\u0101s, jo personaliz\u0101cija veicina iesaist\u012b\u0161anos. Visp\u0101r\u012bgi pazi\u0146ojumi tiek aizst\u0101ti ar m\u0113r\u0137tiec\u012bgiem zi\u0146ojumiem, kas konvert\u0113.<\/p>\n\n\n<h4 class=\"wp-block-heading\">Satura veidot\u0101jiem un tirgot\u0101jiem<\/h4>\n\n\n<p>Nekad vairs neb\u016bs tuk\u0161as lapas paral\u012bze. J\u016bs s\u0101kat ar melnrakstu, nevis ar neko. Redi\u0123\u0113jiet un pilnveidojiet, nevis skatieties tuk\u0161os ekr\u0101nos.<\/p>\n<p>Maz\u0101k laika rut\u012bnas saturam. 50. e-pasta v\u0113stule neaiz\u0146em tik daudz laika k\u0101 1. e-pasta v\u0113stule. M\u0101ksl\u012bgais intelektiskais sp\u0113ks apstr\u0101d\u0101 uzrakst\u012bto, lai j\u016bs var\u0113tu koncentr\u0113ties uz strat\u0113\u0123iju un v\u0113rt\u012bgiem darbiem.<\/p>\n<p>Vair\u0101k laika rado\u0161am darbam. Maz\u0101k izstr\u0101d\u0101jiet vari\u0101cijas, vair\u0101k dom\u0101jiet par pozicion\u0113\u0161anu un svar\u012bgu v\u0113st\u012bjumu veido\u0161anu.<\/p>\n<p>J\u016bs k\u013c\u016bstat par redaktoru un strat\u0113\u0123i, nevis tikai par rakstnieku. Tas ir v\u0113rt\u012bg\u0101ks darbs.<\/p>\n\n\n<h4 class=\"wp-block-heading\">Uz\u0146\u0113mumam<\/h4>\n\n\n<p>\u0100tr\u0101ks lai\u0161anas laiks tirg\u016b. Kampa\u0146as tiek uzs\u0101ktas tad, kad t\u0101s ir j\u0101s\u0101k, nevis tad, kad saturs beidzot ir gatavs.<\/p>\n<p>Lab\u0101ks iesaist\u012b\u0161an\u0101s l\u012bmenis, jo zi\u0146ojumi \u0161\u0137iet b\u016btiski. Personaliz\u0101cija vairs nav jauka lieta - t\u0101 ir gaid\u012bta. M\u0101ksl\u012bgais intelekts padara to m\u0113rogojamu.<\/p>\n<p>Zem\u0101kas izmaksas par vien\u012bbu. M\u0101ksl\u012bgais intelekts neaizst\u0101j rakstniekus, ta\u010du tas noz\u012bm\u0113, ka katrs rakstnieks sara\u017eo vair\u0101k. T\u0101 ir efektivit\u0101te.<\/p>\n\n\n<hr class=\"wp-block-separator has-alpha-channel-opacity\"\/>\n\n\n\n<h3 class=\"wp-block-heading\">Satura m\u0101ksl\u012bg\u0101 intelekta re\u0101li piem\u0113ri<\/h3>\n\n\n\n<h4 class=\"wp-block-heading\">1. piem\u0113rs: e-komercijas uz\u0146\u0113mums<\/h4>\n\n\n<p>Tie\u0161saistes mazumtirgot\u0101jam bija 5000 produktu. Daudziem no tiem bija minim\u0101li apraksti. Ar 2 cilv\u0113ku satura komandu nebija iesp\u0113jams uzrakst\u012bt unik\u0101lu, p\u0101rliecino\u0161u kopiju katram no tiem.<\/p>\n<p><strong>Kas main\u012bj\u0101s:<\/strong> M\u0101ksl\u012bgais intelekts \u0123ener\u0113 produktu aprakstus, pamatojoties uz produktu atrib\u016btiem un kategorijas vadl\u012bnij\u0101m. Satura komanda p\u0101rskat\u012bja un pilnveidoja lab\u0101kos aprakstus, bet pietiekami labos apstiprin\u0101ja t\u0101dus, k\u0101di tie ir.<\/p>\n<p><strong>Rezult\u0101ts:<\/strong> No 30% produktu ar kvalitat\u012bviem aprakstiem 6 ned\u0113\u013cu laik\u0101 tika sasniegts 95%. SEO datpl\u016bsma palielin\u0101j\u0101s par 35%, jo produkti bija atrodami. Uzlaboj\u0101s konversija, jo pirc\u0113ji ieguva nepiecie\u0161amo inform\u0101ciju.<\/p>\n\n\n<h4 class=\"wp-block-heading\">2. piem\u0113rs: B2B SaaS uz\u0146\u0113mums<\/h4>\n\n\n<p>SaaS uz\u0146\u0113mums visiem nos\u016bt\u012bja vienu un to pa\u0161u e-pasta kop\u0161anas sekvenci. M\u0101rketings zin\u0101ja, ka da\u017e\u0101d\u0101s nozar\u0113s ir at\u0161\u0137ir\u012bgi s\u0101pju punkti, bet nebija laika rakst\u012bt piel\u0101gotas sekvences.<\/p>\n<p><strong>Kas main\u012bj\u0101s:<\/strong> M\u0101ksl\u012bgais intelekts \u0123ener\u0113ja personaliz\u0113tus e-pasta v\u0113stu\u013cu variantus 5 m\u0113r\u0137a nozar\u0113m. Tas pats galvenais v\u0113st\u012bjums, da\u017e\u0101di s\u0101pju punkti un piem\u0113ri, kas attiecas uz katru nozari.<\/p>\n<p><strong>Rezult\u0101ts:<\/strong> E-pasta v\u0113stu\u013cu atv\u0113r\u0161anas r\u0101d\u012bt\u0101ji palielin\u0101j\u0101s 22%. Klik\u0161\u0137u caurskat\u012b\u0161anas r\u0101d\u012bt\u0101ji palielin\u0101j\u0101s par 31%. Demo piepras\u012bjumu skaits no e-pasta audzin\u0101\u0161anas palielin\u0101j\u0101s par 40%, jo zi\u0146ojumi \u0161\u0137ita b\u016btiski.<\/p>\n\n\n<h4 class=\"wp-block-heading\">3. piem\u0113rs: M\u0101rketinga a\u0123ent\u016bra<\/h4>\n\n\n<p>A\u0123ent\u016bra p\u0101rvald\u012bja 20 klientu soci\u0101los pla\u0161sazi\u0146as l\u012bdzek\u013cus. Katram no tiem bija nepiecie\u0161amas ikdienas zi\u0146as. Rakstnieki pavad\u012bja 80% laika, lai izstr\u0101d\u0101tu ikdienas soci\u0101lo t\u012bklu saturu, 20% - strat\u0113\u0123ijai un rado\u0161aj\u0101m kampa\u0146\u0101m.<\/p>\n<p><strong>Kas main\u012bj\u0101s:<\/strong> M\u0101ksl\u012bgais intelekts \u0123ener\u0113ja pirmo soci\u0101lo ierakstu projektus, pamatojoties uz satura kalend\u0101riem un z\u012bmola vadl\u012bnij\u0101m. Rakstnieki tos p\u0101rskat\u012bja un pilnveidoja, nevis rakst\u012bja no nulles.<\/p>\n<p><strong>Rezult\u0101ts:<\/strong> Laika sadal\u012bjums ir 30% ikdienas saturs, 70% strat\u0113\u0123ija un rado\u0161ums. Klientu apmierin\u0101t\u012bba palielin\u0101j\u0101s, jo a\u0123ent\u016bra nodro\u0161in\u0101ja liel\u0101ku strat\u0113\u0123isko v\u0113rt\u012bbu, nevis tikai satura veido\u0161anu.<\/p>\n\n\n<hr class=\"wp-block-separator has-alpha-channel-opacity\"\/>\n\n\n\n<h3 class=\"wp-block-heading\">Ko m\u0101ksl\u012bgais intelekts nedar\u012bs<\/h3>\n\n\n<p>Skaidri pateiksim, ko m\u0101ksl\u012bgais intelekts nevar aizst\u0101t.<\/p>\n<p>M\u0101ksl\u012bgais intelekts nesaprot j\u016bsu strat\u0113\u0123iju. Tas nezina j\u016bsu pozicion\u0113\u0161anu. Tas nezina, kas j\u016bs at\u0161\u0137ir no konkurentiem vai k\u0101ds v\u0113st\u012bjums tie\u0161i tagad atsauksies j\u016bsu konkr\u0113taj\u0101 tirg\u016b.<\/p>\n<p>M\u0101ksl\u012bg\u0101 intelekta \u0123ener\u0113tajam saturam ir nepiecie\u0161ama cilv\u0113ka veikta p\u0101rbaude. Katru reizi. Bez iz\u0146\u0113mumiem. M\u0101ksl\u012bgais intelekts da\u017ek\u0101rt k\u013c\u016bd\u0101s faktos. Da\u017ereiz tam pietr\u016bkst nian\u0161u. Da\u017ek\u0101rt tas \u0123ener\u0113 perfekti gramatiski pareizu saturu, kas nesaka neko noz\u012bm\u012bgu.<\/p>\n<p>J\u016bsu z\u012bmola balss rodas, m\u0101ksl\u012bgajam intelektam m\u0101coties no j\u016bsu satura, ta\u010du k\u0101dam tom\u0113r ir nepiecie\u0161ams to m\u0101c\u012bt un labot, kad tas novirz\u0101s. M\u0101ksl\u012bgais intelekts pal\u012bdz rakst\u012bt\u0101jiem, bet neaizst\u0101j spriedumu.<\/p>\n<p>Un m\u0101ksl\u012bg\u0101 intelekta saturs nav ma\u0123ija. Slikta pozicion\u0113\u0161ana ar m\u0101ksl\u012bg\u0101 intelekta saturu joproj\u0101m ir slikta pozicion\u0113\u0161ana, tikai \u0101tr\u0101k. Ja j\u016bsu galvenais v\u0113st\u012bjums neatsaucas, m\u0101ksl\u012bgais intelekts to nenov\u0113rs\u012bs. Strat\u0113\u0123ija ir pirmaj\u0101 viet\u0101.<\/p>\n\n\n<hr class=\"wp-block-separator has-alpha-channel-opacity\"\/>\n\n\n\n<h3 class=\"wp-block-heading\">K\u0101 s\u0101kt darbu<\/h3>\n\n\n<p>Nem\u0113\u0123iniet automatiz\u0113t visu uzreiz. S\u0101ciet tur, kur m\u0101ksl\u012bgais intelekts var pal\u012bdz\u0113t visvair\u0101k:\n<ul>\n<li><strong>S\u0101ciet ar ikdienas saturu.<\/strong> E-pasta projektu sagatavo\u0161ana. Soci\u0101lo t\u012bklu zi\u0146ojumi. Produktu apraksti. Saturs, kas atbilst \u0161abloniem. \u013baujiet m\u0101ksl\u012bgajam intelektam apstr\u0101d\u0101t pirmos melnrakstus.<\/li>\n<li><strong>Testa vari\u0101ciju \u0123ener\u0113\u0161ana.<\/strong> Izmantojiet m\u0101ksl\u012bgo intelektu, lai rad\u012btu priek\u0161meta l\u012bnijas vari\u0101cijas vai rekl\u0101mas kopiju iesp\u0113jas. P\u0101rbaudiet, vai tas ietaupa laiku un sniedz izmantojamus rezult\u0101tus.<\/li>\n<li><strong>Tren\u0113jieties balss uzlabo\u0161anai.<\/strong> Sniedziet m\u0101ksl\u012bgajam intelektam savu lab\u0101ko saturu. \u013baujiet tam apg\u016bt j\u016bsu stilu. P\u0101rbaudiet, vai melnraksti izklaus\u0101s p\u0113c jums.<\/li>\n<li><strong>Izveidot p\u0101rskat\u012b\u0161anas procesus.<\/strong> Katru m\u0101ksl\u012bg\u0101 intelekta projektu p\u0101rbauda cilv\u0113ks. Iz\u0146\u0113mumu nav. Ietveriet to darba pl\u016bsm\u0101 jau no pirm\u0101s dienas.<\/li>\n<li><strong>Izm\u0113riet kvalit\u0101ti un \u0101trumu.<\/strong> Noskaidrojiet, cik daudz laika ietaupa m\u0101ksl\u012bgais intelekts. Izsekojiet gal\u012bg\u0101 satura kvalit\u0101ti. Piel\u0101gojiet procesu, pamatojoties uz to, kas darbojas.<\/li>\n<\/ul>\n<\/p>\n\n<p>M\u0113r\u0137is nav izskaust rakstniekus. Tas ir nov\u0113rst rakstnieku blok\u0101di un atk\u0101rtotu smago darbu. S\u0101ciet ar maziem darbiem, izm\u0113riet rezult\u0101tus, palieliniet to, kas darbojas.<\/p>\n\n\n<hr class=\"wp-block-separator has-alpha-channel-opacity\"\/>\n\n\n\n<h3 class=\"wp-block-heading\">Apak\u0161\u0113j\u0101 l\u012bnija<\/h3>\n\n\n<p>Satura veido\u0161ana ir da\u013c\u0113ji rado\u0161ums, da\u013c\u0113ji ra\u017eo\u0161anas darbs. M\u0101ksl\u012bgais intelekts veic ra\u017eo\u0161anas darbu, lai cilv\u0113ki var\u0113tu koncentr\u0113ties uz rado\u0161umu un strat\u0113\u0123iju.<\/p>\n<p>J\u016bsu komandai joproj\u0101m pieder zi\u0146ojums. Vi\u0146i joproj\u0101m pilnveido kopiju. Vi\u0146i joproj\u0101m pie\u0146em strat\u0113\u0123iskus l\u0113mumus par pozicion\u0113\u0161anu un toni.<\/p>\n<p>Vi\u0146i vienk\u0101r\u0161i vairs nes\u0101k no tuk\u0161\u0101m lap\u0101m. Vi\u0146i net\u0113r\u0113 stundas, rakstot 47. produkta aprakstu vai 8. e-pasta vari\u0101ciju.<\/p>\n<p>Tas noz\u012bm\u0113 vair\u0101k satura, \u0101tr\u0101kas kampa\u0146as, lab\u0101ku personaliz\u0101ciju un rakst\u012bt\u0101jus, kas veic darbu, kuram patie\u0161\u0101m nepiecie\u0161ams cilv\u0113ka rado\u0161ums.<\/p>\n\n\n<hr class=\"wp-block-separator has-alpha-channel-opacity\"\/>\n\n\n\n<h3 class=\"wp-block-heading\">V\u0113laties \u0101tr\u0101k izveidot saturu?<\/h3>\n\n\n<p>Katram uz\u0146\u0113mumam ir at\u0161\u0137ir\u012bgas satura vajadz\u012bbas. Da\u017e\u0101das z\u012bmola balsis. Da\u017e\u0101das auditorijas. Da\u017e\u0101di apjomi.<\/p>\n<p>M\u0113s nep\u0101rdodam univers\u0101lus satura r\u012bkus. M\u0113s apl\u016bkojam j\u016bsu satura procesu. M\u0113s identific\u0113jam v\u0101j\u0101s vietas. M\u0113s ievie\u0161am m\u0101ksl\u012bgo intelektu, ja tas patie\u0161\u0101m ietaupa laiku, nezaud\u0113jot kvalit\u0101ti.<\/p>\n<p>P\u0113c tam m\u0113s apm\u0101c\u0101m sist\u0113mu par j\u016bsu z\u012bmola balsi un izveidojam j\u016bsu komandai piem\u0113rotas p\u0101rskat\u012b\u0161anas darbpl\u016bsmas. J\u016bsu rakstnieki paliek kontrol\u0113. Vi\u0146i vienk\u0101r\u0161i str\u0101d\u0101 \u0101tr\u0101k.<\/p>\n<p>Nek\u0101da a\u017eiot\u0101\u017ea. Nav sol\u012bjumu, ka m\u0101ksl\u012bgais intelekts visu uzrakst\u012bs par jums. Tikai praktiski r\u012bki, kas satura rad\u012b\u0161anu padara maz\u0101k s\u0101p\u012bgu.<\/p>\n\n<p><a href=\"https:\/\/www.leaplytics.de\/lv\/kontaktinformacija\/\">Parun\u0101sim par j\u016bsu satura procesu<\/a><\/p>\n\n<p><a href=\"https:\/\/www.leaplytics.de\/lv\/marketinga-pardosana-ai\/\">Atgriezties pie M\u0101rketinga un p\u0101rdo\u0161anas AI<\/a><\/p>","protected":false},"excerpt":{"rendered":"<p>AI for Content Creation &#038; Personalization: Stop Starting from Blank Pages Your marketing team needs more content. Emails. Ads. Social posts. Landing pages. Product descriptions. Blog posts. Case studies. And it can&#8217;t be generic. Every segment expects messages that speak to them. Every channel needs its own format. Every campaign needs multiple variations for testing. &hellip; <\/p>","protected":false},"author":2,"featured_media":0,"parent":0,"menu_order":0,"comment_status":"closed","ping_status":"closed","template":"","meta":{"footnotes":""},"class_list":["post-14477","page","type-page","status-publish","hentry","latest_post"],"_links":{"self":[{"href":"https:\/\/www.leaplytics.de\/lv\/wp-json\/wp\/v2\/pages\/14477","targetHints":{"allow":["GET"]}}],"collection":[{"href":"https:\/\/www.leaplytics.de\/lv\/wp-json\/wp\/v2\/pages"}],"about":[{"href":"https:\/\/www.leaplytics.de\/lv\/wp-json\/wp\/v2\/types\/page"}],"author":[{"embeddable":true,"href":"https:\/\/www.leaplytics.de\/lv\/wp-json\/wp\/v2\/users\/2"}],"replies":[{"embeddable":true,"href":"https:\/\/www.leaplytics.de\/lv\/wp-json\/wp\/v2\/comments?post=14477"}],"version-history":[{"count":1,"href":"https:\/\/www.leaplytics.de\/lv\/wp-json\/wp\/v2\/pages\/14477\/revisions"}],"predecessor-version":[{"id":14488,"href":"https:\/\/www.leaplytics.de\/lv\/wp-json\/wp\/v2\/pages\/14477\/revisions\/14488"}],"wp:attachment":[{"href":"https:\/\/www.leaplytics.de\/lv\/wp-json\/wp\/v2\/media?parent=14477"}],"curies":[{"name":"wp","href":"https:\/\/api.w.org\/{rel}","templated":true}]}}