{"id":14478,"date":"2025-12-19T01:55:18","date_gmt":"2025-12-19T00:55:18","guid":{"rendered":"https:\/\/www.leaplytics.de\/?page_id=14478"},"modified":"2025-12-19T01:55:19","modified_gmt":"2025-12-19T00:55:19","slug":"klientu-ieskats-segmentacija-ai","status":"publish","type":"page","link":"https:\/\/www.leaplytics.de\/lv\/klientu-ieskats-segmentacija-ai\/","title":{"rendered":"Klientu ieskats un segment\u0113\u0161anas m\u0101ksl\u012bgais intelekts"},"content":{"rendered":"<h2>M\u0101ksl\u012bgais intelekts klientu izp\u0113tei un segment\u0113\u0161anai: P\u0101rtrauciet uzmin\u0113t, ko klienti v\u0113las<\/h2>\n\n<p>Jums ir klientu dati. Pirkumu v\u0113sture. T\u012bmek\u013ca vietnes uzved\u012bba. E-pasta iesaiste. CRM piez\u012bmes. Atbalsta bi\u013cetes. Produkta lieto\u0161anas \u017eurn\u0101li.<\/p>\n<p>Visiem \u0161iem datiem b\u016btu j\u0101nor\u0101da, kas ir j\u016bsu lab\u0101kie klienti. Kas vi\u0146iem ir nepiecie\u0161ams. Kad vi\u0146i gatavojas aiziet. Kur\u0161 ir gatavs pirkt vair\u0101k.<\/p>\n<p>Bet datu p\u0101rv\u0113r\u0161ana atzi\u0146\u0101s? Tam nepiecie\u0161ama anal\u012bze. Re\u0101lu anal\u012bzi, nevis tikai skat\u012b\u0161anos uz inform\u0101cijas pane\u013ciem. Un liel\u0101kajai da\u013cai komandu tam nav laika.<\/p>\n<p>Anal\u012bzi veic m\u0101ksl\u012bgais intelekts. Tas atrod klientu uzved\u012bbas mode\u013cus. Tas veido segmentus, kas faktiski prognoz\u0113 rezult\u0101tus. Tas pamana br\u012bdin\u0101juma paz\u012bmes, pirms klienti aiziet. J\u016bsu komanda pie\u0146em l\u0113mumus, pamatojoties uz to, ko klienti dara, nevis uz to, ko j\u016bs cerat, ka vi\u0146i dar\u012bs.<\/p>\n\n\n<hr class=\"wp-block-separator has-alpha-channel-opacity\"\/>\n\n\n\n<h3 class=\"wp-block-heading\">Probl\u0113ma: dati visur, bet ieskats nekur<\/h3>\n\n\n<p>J\u016bsu CRM ir pilns. J\u016bsu anal\u012btiskie r\u012bki seko visam. J\u016bs varat sagatavot p\u0101rskatus par jebkuru v\u0113lamo r\u0101d\u012bt\u0101ju.<\/p>\n<p>Ta\u010du zi\u0146ojumi nav ieskats. Zinot, ka 23% lietot\u0101ju ir noklik\u0161\u0137in\u0101ju\u0161i uz pogas, j\u016bs neuzzin\u0101siet, k\u0101p\u0113c vai ko ar to dar\u012bt.<\/p>\n<p>M\u0101rketinga segmenti p\u0113c demogr\u0101fiskajiem r\u0101d\u012bt\u0101jiem, jo tas ir vienk\u0101r\u0161i. Mazie uz\u0146\u0113mumi pret uz\u0146\u0113mumiem. Austrumu piekraste pret Rietumu piekrasti. Direktors pret viceprezidentu.<\/p>\n<p>Ta\u010du demogr\u0101fiskie r\u0101d\u012bt\u0101ji neparedz uzved\u012bbu. K\u0101da cilv\u0113ka amata nosaukums nenor\u0101da, vai vi\u0146\u0161 main\u012bs klientu skaitu. Uz\u0146\u0113muma lielums neatspogu\u013co, vai vi\u0146i ir gatavi veikt jaunin\u0101jumus.<\/p>\n<p>Ieskats ir atrodams datos. Jums ir nepiecie\u0161ams tikai laiks un r\u012bki, lai tos atrastu. Liel\u0101kajai da\u013cai komandu nav ne viena, ne otra.<\/p>\n\n\n<hr class=\"wp-block-separator has-alpha-channel-opacity\"\/>\n\n\n\n<h3 class=\"wp-block-heading\">Ko m\u0101ksl\u012bgais intelekts dara ar klientu ieskatu<\/h3>\n\n\n<p>M\u0101ksl\u012bgais intelekts analiz\u0113 klientu datus m\u0113rog\u0101. Tas atrod likumsakar\u012bbas, ko cilv\u0113ki neiev\u0113ro. Tas segment\u0113, pamatojoties uz uzved\u012bbu, nevis demogr\u0101fiju. Tas prognoz\u0113 rezult\u0101tus, pirms tie ir iest\u0101ju\u0161ies.<\/p>\n\n\n<h4 class=\"wp-block-heading\">Klientu uzved\u012bbas anal\u012bze<\/h4>\n\n\n<p>Ko klienti dara pirms pirk\u0161anas? Pirms vi\u0146i maina pirc\u0113jus? Pirms jaunin\u0101\u0161anas?<\/p>\n<p>M\u0101ksl\u012bgais intelekts apl\u016bko uzved\u012bbas mode\u013cus:\n<ul>\n<li>Kuras funkcijas paties\u012bb\u0101 izmanto pilnvaroti lietot\u0101ji?<\/li>\n<li>K\u0101ds ir ce\u013c\u0161 no izm\u0113\u0123in\u0101juma l\u012bdz maksas klientam?<\/li>\n<li>K\u0101di m\u0101rketinga kontakti notiek, pirms k\u0101ds tiek konvert\u0113ts?<\/li>\n<li>K\u0101das izmai\u0146as uzved\u012bb\u0101 liecina par to, ka k\u0101ds gatavojas aiziet?<\/li>\n<li>K\u0101di produkti tiek pirkti kop\u0101?<\/li>\n<\/ul>\n<\/p>\n\n<p>Tas nav min\u0113jums. T\u0101 ir faktisku datu mode\u013cu atra\u0161ana par to, k\u0101da klientu uzved\u012bba prognoz\u0113 k\u0101dus rezult\u0101tus.<\/p>\n<p>\u0160ie mode\u013ci k\u013c\u016bst par noteikumiem. Ja klients atbilst modelim, j\u016bs zin\u0101t, kas, visticam\u0101k, notiks t\u0101l\u0101k. Un j\u016bs varat r\u012bkoties, pirms tas notiek.<\/p>\n\n\n<h4 class=\"wp-block-heading\">Uzved\u012bbas segment\u0101cija<\/h4>\n\n\n<p>Aizmirstiet par demogr\u0101fiju. M\u0101ksl\u012bgais intelekts segment\u0113 p\u0113c t\u0101, ko klienti faktiski dara:\n<ul>\n<li><strong>Jaud\u012bgi lietot\u0101ji:<\/strong> Liela iesaist\u012b\u0161an\u0101s, intens\u012bva funkciju lieto\u0161ana, iesp\u0113jama citu ieteik\u0161ana<\/li>\n<li><strong>Riska grup\u0101:<\/strong> Lieto\u0161anas apjoma samazin\u0101\u0161an\u0101s, atbalsta bi\u013cetes, neveiktie maks\u0101jumi, mode\u013ci, kas \u013cauj prognoz\u0113t klientu skaita samazin\u0101\u0161anos.<\/li>\n<li><strong>Izaugsmes potenci\u0101ls:<\/strong> Izmanto pamatfunkcijas, bet ir paz\u012bmes, kas liecina, ka t\u0101s var\u0113tu uzlabot.<\/li>\n<li><strong>Augsta v\u0113rt\u012bba:<\/strong> Lieli pirkumi, bie\u017eas atk\u0101rtotas pas\u016bt\u012b\u0161anas, ilgs darba laiks<\/li>\n<li><strong>Jut\u012bgs pret cenu:<\/strong> P\u0113rciet tikai ar atlaidi, atmetiet grozu p\u0113c cenas, sal\u012bdziniet konkurentus<\/li>\n<\/ul>\n<\/p>\n\n<p>\u0160ie segmenti paredz rezult\u0101tus. Tirgojiet sp\u0113c\u012bgus lietot\u0101jus cit\u0101d\u0101k nek\u0101 riskam pak\u013cautos klientus. At\u0161\u0137ir\u012bgi v\u0113st\u012bjumi. At\u0161\u0137ir\u012bgi pied\u0101v\u0101jumi. At\u0161\u0137ir\u012bgi kan\u0101li.<\/p>\n<p>Uzved\u012bbas segmenti darbojas, jo to pamat\u0101 ir tas, ko cilv\u0113ki dara, nevis tas, kas vi\u0146i ir.<\/p>\n\n\n<h4 class=\"wp-block-heading\">Atteikuma prognoz\u0113\u0161ana<\/h4>\n\n\n<p>Liel\u0101k\u0101 da\u013ca uz\u0146\u0113mumu zina, ka klients ir aizg\u0101jis, kad vi\u0146\u0161 jau ir aizg\u0101jis. Tad jau ir par v\u0113lu tos gl\u0101bt.<\/p>\n<p>M\u0101ksl\u012bgais intelekts prognoz\u0113 klientu skaita samazin\u0101\u0161anos, pirms t\u0101 notiek:\n<ul>\n<li>Lieto\u0161ana samazin\u0101s<\/li>\n<li>Pieteik\u0161an\u0101s bie\u017euma samazin\u0101\u0161an\u0101s<\/li>\n<li>Atbalsta bi\u013ce\u0161u skaits pieaug<\/li>\n<li>Iesaist\u012b\u0161an\u0101s ar e-pasta zi\u0146ojumiem apst\u0101jas<\/li>\n<li>Maks\u0101jumu kav\u0113jumi vai neveiksm\u012bgi maks\u0101jumi<\/li>\n<\/ul>\n<\/p>\n\n<p>Ja par\u0101d\u0101s vair\u0101kas br\u012bdin\u0101juma paz\u012bmes kop\u0101, m\u0101ksl\u012bgais intelekts nor\u0101da, ka klients ir pak\u013cauts riskam. J\u016bsu komanda proakt\u012bvi sazin\u0101s ar klientu. Pied\u0101v\u0101jiet pal\u012bdz\u012bbu. Nov\u0113rst probl\u0113mas. Sniedziet stimulu palikt.<\/p>\n<p>J\u016bs nevarat gl\u0101bt visus. Bet j\u016bs varat gl\u0101bt tos, kas ir gl\u0101bjami - ja j\u016bs zin\u0101t, ka vi\u0146i aiziet, pirms vi\u0146i jau ir aizg\u0101ju\u0161i.<\/p>\n\n\n<h4 class=\"wp-block-heading\">Klientu m\u016b\u017ea ilguma v\u0113rt\u012bbas v\u0113rt\u0113\u0161ana<\/h4>\n\n\n<p>Ne visi klienti ir vien\u0101di v\u0113rti. Da\u017ei ieg\u0101d\u0101jas vienu reizi un paz\u016bd. Citi paliks gadiem ilgi un atsauks draugus.<\/p>\n<p>M\u0101ksl\u012bgais intelekts apr\u0113\u0137ina m\u016b\u017ea v\u0113rt\u012bbu, pamatojoties uz:\n<ul>\n<li>Iepirkumu bie\u017eums un apjoms<\/li>\n<li>Produktu kl\u0101sts un pe\u013c\u0146a<\/li>\n<li>Darba attiec\u012bbu ilgums un saglab\u0101\u0161anas mode\u013ci<\/li>\n<li>Atbalsta izmaksas<\/li>\n<li>Nor\u0101d\u012bjumu snieg\u0161ana<\/li>\n<\/ul>\n<\/p>\n\n<p>Klienti ar augstu LTV sa\u0146em vair\u0101k uzman\u012bbas. Liel\u0101ks atbalsts. Liel\u0101ka sasniedzam\u012bba. Lab\u0101ki pied\u0101v\u0101jumi, lai vi\u0146i b\u016btu apmierin\u0101ti.<\/p>\n<p>Klienti ar zemu LTV netiek ignor\u0113ti, bet j\u016bs p\u0101rst\u0101jat velt\u012bt tiem nesam\u0113r\u012bgas p\u016bles. Resursi tiek novirz\u012bti tur, kur tie nes pe\u013c\u0146u.<\/p>\n\n\n<h4 class=\"wp-block-heading\">Savstarp\u0113j\u0101s un aug\u0161upejo\u0161\u0101s p\u0101rdo\u0161anas iesp\u0113jas<\/h4>\n\n\n<p>Kuriem klientiem vajadz\u0113tu m\u0113\u0123in\u0101t palielin\u0101t p\u0101rdo\u0161anas apjomu? Ko jums vajadz\u0113tu ieteikt?<\/p>\n<p>M\u0101ksl\u012bgais intelekts apl\u016bko pirk\u0161anas paradumus:\n<ul>\n<li>Klienti, kuri ieg\u0101d\u0101j\u0101s produktu A, bie\u017ei ieg\u0101d\u0101jas produktu B n\u0101kamo<\/li>\n<li>Pamata pl\u0101na lietot\u0101ji var veikt jaunin\u0101\u0161anu, sasniedzot noteiktas lieto\u0161anas robe\u017ev\u0113rt\u012bbas.<\/li>\n<li>\u0160\u012bs nozares klienti parasti pievieno \u0161\u012bs funkcijas p\u0113c 3 m\u0113ne\u0161iem.<\/li>\n<li>Augsta iesaist\u012b\u0161an\u0101s ar X funkciju korel\u0113 ar papildin\u0101juma Y ieg\u0101di<\/li>\n<\/ul>\n<\/p>\n\n<p>\u0160ie mode\u013ci k\u013c\u016bst par ieteikumiem. R\u0101diet pareizo pied\u0101v\u0101jumu pareizajam klientam pareizaj\u0101 laik\u0101. Ne izsmidziniet un izsmidziniet akcijas. M\u0113r\u0137tiec\u012bgi ieteikumi, kas balst\u012bti uz to, ko l\u012bdz\u012bgi klienti patie\u0161\u0101m ieg\u0101d\u0101ju\u0161ies.<\/p>\n\n\n<h4 class=\"wp-block-heading\">Klientu ce\u013cojuma kart\u0113\u0161ana<\/h4>\n\n\n<p>K\u0101 klienti faktiski virz\u0101s pa j\u016bsu piltuvi? Ne j\u016bsu izstr\u0101d\u0101tais ce\u013cojums. Ce\u013cojums, ko vi\u0146i veic.<\/p>\n<p>M\u0101ksl\u012bgais intelekts att\u0113lo re\u0101lus ce\u013cus:\n<ul>\n<li>Kuriem piesk\u0101riena punktiem ir visliel\u0101k\u0101 noz\u012bme?<\/li>\n<li>Kur cilv\u0113ki iestr\u0113gst?<\/li>\n<li>Ar ko at\u0161\u0137iras klienti, kas konvert\u0113jas, no tiem, kas ne?<\/li>\n<li>Cik ilgs ir katrs posms?<\/li>\n<li>Kurus so\u013cus varat izlaist, nekait\u0113jot konversijai?<\/li>\n<\/ul>\n<\/p>\n\n<p>J\u016bs redzat faktisko, nevis dom\u0101jamo klientu ce\u013cojumu. Tad j\u016bs optimiz\u0113jat, pamatojoties uz realit\u0101ti.<\/p>\n\n\n<hr class=\"wp-block-separator has-alpha-channel-opacity\"\/>\n\n\n\n<h3 class=\"wp-block-heading\">Ko tas noz\u012bm\u0113 jums<\/h3>\n\n\n\n<h4 class=\"wp-block-heading\">TKO<\/h4>\n\n\n<p>M\u0101rketinga izdevumi tiek novirz\u012bti segmentiem, kas patie\u0161\u0101m konvert\u0113jas. Nek\u0101du masveida kampa\u0146u, cerot, ka kaut kas pie\u0137ersies.<\/p>\n<p>J\u016bs redzat, kuri kan\u0101li un kampa\u0146as nodro\u0161ina augstas v\u0113rt\u012bbas klientus, nevis vienk\u0101r\u0161i jebkurus klientus. Bud\u017eets atbilst ROI, nevis min\u0113jumiem.<\/p>\n<p>Uzlabojas klientu notur\u0113\u0161ana, jo j\u016bs agr\u012bni nov\u0113r\u0161at risku, kas saist\u012bts ar klientu aizpl\u016b\u0161anu. Klientu saglab\u0101\u0161ana ir l\u0113t\u0101ka nek\u0101 jaunu klientu ieg\u016b\u0161ana. M\u0101ksl\u012bgais intelekts pal\u012bdz saglab\u0101t tos, kurus ir v\u0113rts saglab\u0101t.<\/p>\n<p>J\u016bs pie\u0146emat l\u0113mumus, pamatojoties uz uzved\u012bbas mode\u013ciem, nevis viedok\u013ciem. Maz\u0101k diskut\u0113jiet par strat\u0113\u0123iju, vair\u0101k p\u0101rbaudiet, kas saska\u0146\u0101 ar datiem darbojas.<\/p>\n\n\n<h4 class=\"wp-block-heading\">Tirgot\u0101jiem<\/h4>\n\n\n<p>Segmenti, kas patie\u0161\u0101m kaut ko noz\u012bm\u0113. Nevis patva\u013c\u012bgi demogr\u0101fiski lauci\u0146i, bet grupas, kas uzvedas at\u0161\u0137ir\u012bgi un rea\u0123\u0113 uz at\u0161\u0137ir\u012bgiem v\u0113st\u012bjumiem.<\/p>\n<p>J\u016bs zin\u0101t, uz kuriem klientiem m\u0113r\u0137\u0113t kampa\u0146as. Aug\u0161up\u0101rdo\u0161anas kampa\u0146as ir paredz\u0113tas klientiem ar izaugsmes potenci\u0101lu. Aiztur\u0113\u0161anas kampa\u0146as tiek v\u0113rstas uz riskantajiem klientiem. Da\u017e\u0101das strat\u0113\u0123ijas da\u017e\u0101diem segmentiem.<\/p>\n<p>Personaliz\u0101cija, kas darbojas, jo t\u0101s pamat\u0101 ir uzved\u012bba. J\u016bs nenojau\u0161at, kas izraisa rezonansi. J\u016bs izmantojat mode\u013cus, kas ieg\u016bti no klientiem, kuri jau ir konvert\u0113ju\u0161i.<\/p>\n\n\n<h4 class=\"wp-block-heading\">Klientu veiksmes komand\u0101m<\/h4>\n\n\n<p>J\u016bs zin\u0101t, kam ir vajadz\u012bga pal\u012bdz\u012bba, pirms vi\u0146i s\u0101k str\u0101d\u0101t. Proakt\u012bvs darbs, nevis reakt\u012bva kait\u0113juma nov\u0113r\u0161ana.<\/p>\n<p>Augstas v\u0113rt\u012bbas klientiem tiek pie\u0161\u0137irta priorit\u0101te. J\u016bs zin\u0101t, kurus ir v\u0113rts saglab\u0101t. Resursi tiek novirz\u012bti tur, kur tie ir vissvar\u012bg\u0101kie.<\/p>\n<p>J\u016bs saskat\u0101t likumsakar\u012bbas, k\u0101p\u0113c klienti g\u016bst pan\u0101kumus vai cie\u0161 neveiksmi. \u0160\u012bs zin\u0101\u0161anas tiek izmantotas darb\u0101 ar klientiem un produktu izstr\u0101d\u0113.<\/p>\n\n\n<h4 class=\"wp-block-heading\">Uz\u0146\u0113mumam<\/h4>\n\n\n<p>Lab\u0101ka saglab\u0101\u0161ana noz\u012bm\u0113 prognoz\u0113jam\u0101kus ie\u0146\u0113mumus. Klientu skaita samazin\u0101\u0161an\u0101s samazin\u0101s, ja probl\u0113mas tiek konstat\u0113tas agr\u012bni.<\/p>\n<p>Augst\u0101ka vid\u0113j\u0101 pas\u016bt\u012bjuma v\u0113rt\u012bba, jo tiek m\u0113r\u0137tiec\u012bgi veikti savstarp\u0113jie un aug\u0161up\u0113jie p\u0101rdevumi. J\u016bs neapgr\u016btinat klientus ar neb\u016btiskiem pied\u0101v\u0101jumiem - j\u016bs r\u0101d\u0101t vi\u0146iem produktus, kurus vi\u0146i patie\u0161\u0101m v\u0113las.<\/p>\n<p>Ieg\u0101des efektivit\u0101te uzlabojas, ja zin\u0101t, kuri klientu veidi ir visv\u0113rt\u012bg\u0101kie. J\u016bs varat optimiz\u0113t kvalit\u0101ti, nevis tikai kvantit\u0101ti.<\/p>\n\n\n<hr class=\"wp-block-separator has-alpha-channel-opacity\"\/>\n\n\n\n<h3 class=\"wp-block-heading\">Re\u0101li klientu ieskatu AI piem\u0113ri<\/h3>\n\n\n\n<h4 class=\"wp-block-heading\">1. piem\u0113rs: SaaS uz\u0146\u0113mums<\/h4>\n\n\n<p>Abon\u0113\u0161anas programmat\u016bras uz\u0146\u0113mumam bija 12% gada izmai\u0146u. Vi\u0146i zin\u0101ja, ka klientu skaita samazin\u0101\u0161an\u0101s ir augsta, bet nezin\u0101ja, kas un k\u0101p\u0113c aizies.<\/p>\n<p><strong>Kas main\u012bj\u0101s:<\/strong> M\u0101ksl\u012bgais intelekts analiz\u0113ja klientu, kas pametu\u0161i pakalpojumu, uzved\u012bbas mode\u013cus. Tika konstat\u0113ts, ka, samazinoties pieteik\u0161an\u0101s bie\u017eumam un palielinoties atbalsta bi\u013ce\u0161u skaitam, tika prognoz\u0113ts 73% klientu aizie\u0161anas gad\u012bjumu 30 dienas pirms tam, kad tas notika.<\/p>\n<p><strong>Rezult\u0101ts:<\/strong> Klientu pan\u0101kumu komanda akt\u012bvi sazin\u0101j\u0101s ar riska kontiem. Pied\u0101v\u0101ja papildu apm\u0101c\u012bbu, risin\u0101ja probl\u0113mas, nodro\u0161in\u0101ja stimulus. Klientu skaita samazin\u0101\u0161an\u0101s samazin\u0101j\u0101s l\u012bdz 8,5% 6 m\u0113ne\u0161u laik\u0101.<\/p>\n\n\n<h4 class=\"wp-block-heading\">2. piem\u0113rs: e-komercijas uz\u0146\u0113mums<\/h4>\n\n\n<p>Tie\u0161saistes mazumtirgot\u0101js visiem nos\u016bt\u012bja vien\u0101dus rekl\u0101mas e-pastus. Atlaides visiem klientiem neatkar\u012bgi no pirkuma paradumiem.<\/p>\n<p><strong>Kas main\u012bj\u0101s:<\/strong> M\u0101ksl\u012bgais intelekts segment\u0113 klientus p\u0113c uzved\u012bbas. Augstas v\u0113rt\u012bbas klientiem tika nodro\u0161in\u0101ta agr\u012bna piek\u013cuve un ekskluz\u012bvi produkti. Klientiem, kuriem ir svar\u012bga cena, tika pie\u0161\u0137irtas atlaides. Bie\u017ei pirc\u0113ji sa\u0146\u0113ma lojalit\u0101tes balvas.<\/p>\n<p><strong>Rezult\u0101ts:<\/strong> Vid\u0113j\u0101 pas\u016bt\u012bjuma v\u0113rt\u012bba palielin\u0101j\u0101s par 18%, jo v\u0113rt\u012bgi klienti nebija apm\u0101c\u012bti gaid\u012bt atlaides. Uzlaboj\u0101s pe\u013c\u0146a, jo atlaides tika pie\u0161\u0137irtas tikai cenu jut\u012bgiem segmentiem.<\/p>\n\n\n<h4 class=\"wp-block-heading\">3. piem\u0113rs: B2B pakalpojumu uz\u0146\u0113mums<\/h4>\n\n\n<p>Profesion\u0101lo pakalpojumu uz\u0146\u0113mumam bija ilgi p\u0101rdo\u0161anas cikli. Nevar\u0113ja paredz\u0113t, kuri potenci\u0101lie klienti un kad tiks sl\u0113gti.<\/p>\n<p><strong>Kas main\u012bj\u0101s:<\/strong> AI analiz\u0113ja iepriek\u0161\u0113jos dar\u012bjumus. Tika konstat\u0113ts, ka potenci\u0101lajiem klientiem, kuri izmantoja noteiktu veidu saturu un ar kuriem bija noteikta veida mijiedarb\u012bba ar ieinteres\u0113taj\u0101m person\u0101m, bija 4 reizes liel\u0101ka iesp\u0113ja nosl\u0113gt dar\u012bjumu.<\/p>\n<p><strong>Rezult\u0101ts:<\/strong> P\u0101rdo\u0161anas komanda koncentr\u0113jas uz potenci\u0101lajiem klientiem, kas uzr\u0101da \u0161os sign\u0101lus. Uzvaras r\u0101d\u012bt\u0101js palielin\u0101j\u0101s 35%. P\u0101rdo\u0161anas cikls sa\u012bsin\u0101j\u0101s, jo p\u0101rst\u0101vji zin\u0101ja, kad potenci\u0101lie klienti patie\u0161\u0101m ir gatavi pirkt.<\/p>\n\n\n<hr class=\"wp-block-separator has-alpha-channel-opacity\"\/>\n\n\n\n<h3 class=\"wp-block-heading\">Ko m\u0101ksl\u012bgais intelekts nedar\u012bs<\/h3>\n\n\n<p>B\u016bsim god\u012bgi par ierobe\u017eojumiem.<\/p>\n<p>M\u0101ksl\u012bgais intelekts atrod likumsakar\u012bbas, bet neatkl\u0101j to iemeslus. Tas var par\u0101d\u012bt, ka klienti, kas dara X, bie\u017e\u0101k maina klientu skaitu, bet tas neizskaidro psiholo\u0123iju, kas ir t\u0101 pamat\u0101. Jums joproj\u0101m ir nepiecie\u0161ams cilv\u0113ka v\u0113rt\u0113jums, lai interpret\u0113tu g\u016bt\u0101s atzi\u0146as.<\/p>\n<p>M\u0101ksl\u012bg\u0101 intelekta prognozes nav perfektas. 70-80% prognoz\u0113\u0161anas precizit\u0101te ir \u013coti laba, ta\u010du tas noz\u012bm\u0113, ka 20-30% progno\u017eu ir nepareizas. Neuzskatiet m\u0101ksl\u012bg\u0101 intelekta r\u0101d\u012bt\u0101jus par p\u0101rliec\u012bbu. T\u0101s ir varb\u016bt\u012bbas.<\/p>\n<p>M\u0101ksl\u012bgais intelekts nesp\u0113j nov\u0113rst klientu pieredzes tr\u016bkumus. Ja j\u016bsu produkts nedarbojas, vai j\u016bsu pakalpojums ir slikts, vai j\u016bsu cenu noteik\u0161ana ir nepareiza - AI par\u0101d\u012bs jums probl\u0113mu, bet to neatrisin\u0101s. Jums joproj\u0101m ir j\u0101nov\u0113r\u0161 pamatlietas.<\/p>\n<p>M\u0101ksl\u012bgajam intelektam ir nepiecie\u0161ami dati. Ja j\u016bs nesekojat klientu uzved\u012bbai, nav ko analiz\u0113t. \u0160eit ir sp\u0113k\u0101 princips \"atkritumi iek\u0161\u0101, atkritumi \u0101r\u0101\" (Garbage in, garbage out).<\/p>\n\n\n<hr class=\"wp-block-separator has-alpha-channel-opacity\"\/>\n\n\n\n<h3 class=\"wp-block-heading\">K\u0101 s\u0101kt darbu<\/h3>\n\n\n<p>Jums nav j\u0101analiz\u0113 viss uzreiz. S\u0101ciet ar jom\u0101m, kur\u0101m ir liela ietekme:\n<ul>\n<li><strong>S\u0101ciet ar izmai\u0146u prognoz\u0113\u0161anu.<\/strong> Tam ir t\u016bl\u012bt\u0113ja atdeve. Identific\u0113jiet riskam pak\u013cautos klientus, proakt\u012bvi uzrun\u0101jiet tos, nov\u0113rt\u0113jiet, vai tas samazina klientu skaita samazin\u0101\u0161anos.<\/li>\n<li><strong>Viena segmenta kampa\u0146a.<\/strong> Veiciet eso\u0161o kampa\u0146u un sadaliet to pa uzved\u012bbas segmentiem. Noskaidrojiet, vai m\u0113r\u0137tiec\u012bgie zi\u0146ojumi darbojas lab\u0101k nek\u0101 visp\u0101r\u012bgie.<\/li>\n<li><strong>Analiz\u0113jiet savus lab\u0101kos klientus.<\/strong> Kas ir kop\u012bgs augstas v\u0113rt\u012bbas klientiem? Atrodiet to un p\u0113c tam mekl\u0113jiet vair\u0101k vi\u0146iem l\u012bdz\u012bgu klientu.<\/li>\n<li><strong>Kart\u0113jiet vienu klienta ce\u013cojumu.<\/strong> Izv\u0113lieties galveno konversijas ce\u013cu. Noskaidrojiet, k\u0101 klienti to faktiski veic, sal\u012bdzinot ar to, k\u0101 j\u016bs dom\u0101jat, ka vi\u0146i to dara.<\/li>\n<li><strong>P\u0101rbaudiet savstarp\u0113j\u0101s p\u0101rdo\u0161anas ieteikumus.<\/strong> M\u0101ksl\u012bg\u0101 intelekta izmanto\u0161ana, lai ieteiktu n\u0101kamos lab\u0101kos produktus. Sal\u012bdziniet konversiju ar nejau\u0161iem vai manu\u0101liem ieteikumiem.<\/li>\n<\/ul>\n<\/p>\n\n<p>S\u0101ciet ar maziem apm\u0113riem. Izm\u0113riet ietekmi. Palieliniet to, kas darbojas. M\u0113r\u0137is ir praktiski izmantojamas atzi\u0146as, nevis perfekti mode\u013ci.<\/p>\n\n\n<hr class=\"wp-block-separator has-alpha-channel-opacity\"\/>\n\n\n\n<h3 class=\"wp-block-heading\">Apak\u0161\u0113j\u0101 l\u012bnija<\/h3>\n\n\n<p>Klientu izpratne tiek ieg\u016bta no uzved\u012bbas mode\u013ciem. Kas ir kop\u012bgs klientiem, kuri p\u0113rk, paliek, uzlabo un atsaucas? Kas ir at\u0161\u0137ir\u012bgs tiem, kuri maina klientus?<\/p>\n<p>Cilv\u0113ki nesp\u0113j paman\u012bt mode\u013cus t\u016bksto\u0161iem klientu, izmantojot desmitiem main\u012bgo lielumu. M\u0101ksl\u012bgais intelekts var.<\/p>\n<p>Strat\u0113\u0123ija joproj\u0101m pieder j\u016bsu komandai. Vi\u0146i izlemj, ko dar\u012bt ar ieskatu. Vi\u0146i izstr\u0101d\u0101 kampa\u0146as un klientu pieredzi. Vi\u0146i interpret\u0113 datu noz\u012bmi.<\/p>\n<p>Ta\u010du vi\u0146i vairs nes\u0101k ar min\u0113jumiem. Vi\u0146i s\u0101k ar mode\u013ciem, ko klienti faktiski dara. Tas noz\u012bm\u0113 m\u0113r\u0137tiec\u012bg\u0101ku atlasi, liel\u0101ku klientu notur\u0113\u0161anu un uz realit\u0101ti balst\u012btus l\u0113mumus.<\/p>\n\n\n<hr class=\"wp-block-separator has-alpha-channel-opacity\"\/>\n\n\n\n<h3 class=\"wp-block-heading\">V\u0113laties lab\u0101k izprast savus klientus?<\/h3>\n\n\n<p>Katram uz\u0146\u0113mumam ir at\u0161\u0137ir\u012bgi klientu dati. At\u0161\u0137ir\u012bgi uzved\u012bbas mode\u013ci. at\u0161\u0137ir\u012bgi rezult\u0101ti, kas ir svar\u012bgi.<\/p>\n<p>M\u0113s nep\u0101rdodam visp\u0101r\u012bgu klientu anal\u012bzi. M\u0113s apl\u016bkojam j\u016bsu datus. M\u0113s nosak\u0101m, kuri mode\u013ci faktiski prognoz\u0113 j\u016bsu biznesa rezult\u0101tus. M\u0113s veidojam mode\u013cus, kas atbild uz j\u016bsu konkr\u0113tiem jaut\u0101jumiem.<\/p>\n<p>P\u0113c tam m\u0113s savienojam inform\u0101ciju ar j\u016bsu m\u0101rketinga automatiz\u0101cijas, CRM un klientu pan\u0101kumu r\u012bkiem. J\u016bsu komanda redz segmentus un prognozes tur, kur vi\u0146i str\u0101d\u0101. Vi\u0146i nekav\u0113joties r\u012bkojas saska\u0146\u0101 ar g\u016btaj\u0101m atzi\u0146\u0101m.<\/p>\n<p>Nek\u0101da a\u017eiot\u0101\u017ea. Nav sol\u012bjumu par perfekt\u0101m prognoz\u0113m. Tikai lab\u0101ka izpratne par klientu uzved\u012bbu, lai j\u016bs var\u0113tu pie\u0146emt lab\u0101kus l\u0113mumus.<\/p>\n\n<p><a href=\"https:\/\/www.leaplytics.de\/lv\/kontaktinformacija\/\">Parun\u0101sim par j\u016bsu klientu datiem<\/a><\/p>\n\n<p><a href=\"https:\/\/www.leaplytics.de\/lv\/marketinga-pardosana-ai\/\">Atgriezties pie M\u0101rketinga un p\u0101rdo\u0161anas AI<\/a><\/p>","protected":false},"excerpt":{"rendered":"<p>AI for Customer Insights &#038; Segmentation: Stop Guessing What Customers Want You have customer data. Purchase history. Website behavior. Email engagement. CRM notes. Support tickets. Product usage logs. All that data should tell you who your best customers are. What they need. When they&#8217;re about to leave. Who&#8217;s ready to buy more. But turning data &hellip; <\/p>","protected":false},"author":2,"featured_media":0,"parent":0,"menu_order":0,"comment_status":"closed","ping_status":"closed","template":"","meta":{"footnotes":""},"class_list":["post-14478","page","type-page","status-publish","hentry","latest_post"],"_links":{"self":[{"href":"https:\/\/www.leaplytics.de\/lv\/wp-json\/wp\/v2\/pages\/14478","targetHints":{"allow":["GET"]}}],"collection":[{"href":"https:\/\/www.leaplytics.de\/lv\/wp-json\/wp\/v2\/pages"}],"about":[{"href":"https:\/\/www.leaplytics.de\/lv\/wp-json\/wp\/v2\/types\/page"}],"author":[{"embeddable":true,"href":"https:\/\/www.leaplytics.de\/lv\/wp-json\/wp\/v2\/users\/2"}],"replies":[{"embeddable":true,"href":"https:\/\/www.leaplytics.de\/lv\/wp-json\/wp\/v2\/comments?post=14478"}],"version-history":[{"count":1,"href":"https:\/\/www.leaplytics.de\/lv\/wp-json\/wp\/v2\/pages\/14478\/revisions"}],"predecessor-version":[{"id":14486,"href":"https:\/\/www.leaplytics.de\/lv\/wp-json\/wp\/v2\/pages\/14478\/revisions\/14486"}],"wp:attachment":[{"href":"https:\/\/www.leaplytics.de\/lv\/wp-json\/wp\/v2\/media?parent=14478"}],"curies":[{"name":"wp","href":"https:\/\/api.w.org\/{rel}","templated":true}]}}