{"id":14495,"date":"2025-12-19T01:58:56","date_gmt":"2025-12-19T00:58:56","guid":{"rendered":"https:\/\/www.leaplytics.de\/?page_id=14495"},"modified":"2025-12-19T01:58:57","modified_gmt":"2025-12-19T00:58:57","slug":"procesu-automatizacija-darba-plusma-ai","status":"publish","type":"page","link":"https:\/\/www.leaplytics.de\/lv\/procesu-automatizacija-darba-plusma-ai\/","title":{"rendered":"Procesu automatiz\u0101cija un darba pl\u016bsmas m\u0101ksl\u012bgais intelekts"},"content":{"rendered":"<h2>M\u0101ksl\u012bgais intelekts procesu automatiz\u0101cijai un darbpl\u016bsmai<\/h2>\n\n<p>Oper\u0101cijas darbojas procesos. No pas\u016bt\u012bjuma l\u012bdz izpildei. No piepras\u012bjuma l\u012bdz atrisin\u0101jumam. Uzdevums l\u012bdz izpildei. Viss notiek pa posmiem.<\/p>\n<p>Ja procesi darbojas vienm\u0113r\u012bgi, viss pl\u016bst. Ja t\u0101 nenotiek, viss iestr\u0113gst. Uzdevumi uzkr\u0101jas. Neizdodas nodo\u0161ana. Cilv\u0113ki t\u0113r\u0113 laiku, jaut\u0101jot \"kur tas ir?\" un \"kam tas ir?\".<\/p>\n<p>Liel\u0101k\u0101 da\u013ca procesu probl\u0113mu nav saist\u012btas ar to, ka cilv\u0113kiem ir vienaldz\u012bgi. T\u0101s ir t\u0101p\u0113c, ka procesi ir manu\u0101li. K\u0101dam tas ir j\u0101virza. K\u0101dam tas ir j\u0101apstiprina. K\u0101dam ir j\u0101p\u0101rbauda, vai iepriek\u0161\u0113jais solis ir pabeigts.<\/p>\n<p>M\u0101ksl\u012bgais intelekts var automatiz\u0113t rut\u012bnas darbus. Tas neaizst\u0101j cilv\u0113ka spriedumu, bet tikai veic uz noteikumiem balst\u012btu darbu, kas nav nepiecie\u0161ams.<\/p>\n<p>J\u016bsu komanda p\u0101rtrauc sekot l\u012bdzi procesiem un s\u0101k risin\u0101t probl\u0113mas.<\/p>\n\n\n<hr class=\"wp-block-separator has-alpha-channel-opacity\"\/>\n\n\n\n<h3 class=\"wp-block-heading\">K\u0101p\u0113c manu\u0101li procesi saboj\u0101jas<\/h3>\n\n\n<p>Jums ir SOP. Dokument\u0113tas proced\u016bras. Skaidri so\u013ci, k\u0101 darbam j\u0101notiek.<\/p>\n<p>Bet izpilde ir manu\u0101la. K\u0101ds sa\u0146em piepras\u012bjumu. Vi\u0146i noskaidro, kam tas j\u0101izpilda. Vi\u0146i to nos\u016bta t\u0101l\u0101k. Vi\u0146i seko, lai p\u0101rliecin\u0101tos, ka tas ir noticis.<\/p>\n<p>Ja ska\u013cums ir neliels, tas darbojas. Ja apjoms ir liels, viss izk\u013c\u016bst cauri plais\u0101m:<\/p>\n<ul>\n<li>Uzdevumi novirz\u012bti nepareizai komandai<\/li>\n<li>Apstiprin\u0101jumi, kas gaida k\u0101da darbinieka, kur\u0161 atrodas \u0101rpus biroja, ies\u016btn\u0113.<\/li>\n<li>Izlaisti so\u013ci, jo neviens nav p\u0101rbaud\u012bjis to izpildi<\/li>\n<li>Iz\u0146\u0113mumi netiek paman\u012bti, kam\u0113r nav par v\u0113lu<\/li>\n<li>Neviens nezina, kur proces\u0101 atrodas<\/li>\n<\/ul>\n\n<p>J\u016bsu komanda vair\u0101k laika pavada, koordin\u0113jot, nevis izpildot. San\u0101ksmes, lai sekotu l\u012bdzi statusam. E-pasti, kuros tiek mekl\u0113ti atjaunin\u0101jumi. Eskal\u0101cijas, jo kaut kas ir iestr\u0113dzis.<\/p>\n<p>Ne t\u0101p\u0113c, ka cilv\u0113ki slikti veic savu darbu. T\u0101p\u0113c, ka manu\u0101l\u0101 koordin\u0101cija nav m\u0113rogojama.<\/p>\n\n\n<hr class=\"wp-block-separator has-alpha-channel-opacity\"\/>\n\n\n\n<h3 class=\"wp-block-heading\">Ko m\u0101ksl\u012bgais intelekts dara procesu automatiz\u0101cij\u0101<\/h3>\n\n\n<p>M\u0101ksl\u012bgais intelekts veic rut\u012bnas l\u0113mumu pie\u0146em\u0161anu j\u016bsu procesos. Tas uzreiz piem\u0113ro noteikumus. Tas pareizi mar\u0161rut\u0113 darbu. Tas uzrauga progresu. Tas nov\u0113r\u0161 iz\u0146\u0113mumus.<\/p>\n<p>J\u016bsu komanda koncentr\u0113jas uz pa\u0161u darbu, nevis t\u0101 koordin\u0113\u0161anu.<\/p>\n\n\n<h4 class=\"wp-block-heading\">Inteli\u0123enta uzdevumu mar\u0161rut\u0113\u0161ana<\/h4>\n\n\n<p>Tiek sa\u0146emts jauns pas\u016bt\u012bjums. Kur tas non\u0101k? Kur\u0101 noliktav\u0101? Kura komanda? Atkar\u012bb\u0101 no atra\u0161an\u0101s vietas, produkta veida, kr\u0101jumu l\u012bme\u0146a, komandas kapacit\u0101tes.<\/p>\n<p>Manu\u0101li k\u0101dam tas viss ir j\u0101p\u0101rbauda un j\u0101izlemj. Izmantojot m\u0101ksl\u012bgo intelektu, tas notiek uzreiz:<\/p>\n<ul>\n<li>Analiz\u0113 piepras\u012bjuma inform\u0101ciju<\/li>\n<li>p\u0101rbauda pa\u0161reiz\u0113jo darba slodzi da\u017e\u0101d\u0101s komand\u0101s<\/li>\n<li>\u0145em v\u0113r\u0101 nepiecie\u0161am\u0101s prasmes un sertifik\u0101tus.<\/li>\n<li>Atra\u0161an\u0101s vietas un lo\u0123istikas faktori<\/li>\n<li>Ce\u013ci uz optim\u0101lo komandu<\/li>\n<\/ul>\n\n<p>Ne tikai \u0101tr\u0101ka - t\u0101 ir konsekvent\u0101ka. Vien\u0101da lo\u0123ika darbojas katru reizi. Nav at\u0161\u0137ir\u012bbu atkar\u012bb\u0101 no t\u0101, kur\u0161 to veicis.<\/p>\n<p>\u012apa\u0161i gad\u012bjumi? M\u0101ksl\u012bgais intelekts tos atz\u012bm\u0113, lai tos mar\u0161rut\u0113tu cilv\u0113ks. Bet parastie gad\u012bjumi (kas ir liel\u0101k\u0101 da\u013ca gad\u012bjumu) tiek virz\u012bti autom\u0101tiski.<\/p>\n\n\n<h4 class=\"wp-block-heading\">Vied\u0101 apstiprin\u0101\u0161anas p\u0101rvald\u012bba<\/h4>\n\n\n<p>Apstiprin\u0101\u0161ana visu pal\u0113nina. Katrs pirkums ir j\u0101apstiprina. Katrs iz\u0146\u0113mums ir j\u0101apstiprina. Katra izmai\u0146a j\u0101p\u0101rskata.<\/p>\n<p>Ta\u010du liel\u0101k\u0101 da\u013ca no tiem ir rut\u012bna. Standarta piepras\u012bjums politikas ietvaros? J\u0101apstiprina autom\u0101tiski. Neparasts piepras\u012bjums \u0101rpus parametriem? J\u0101nos\u016bta pareizajam apstiprin\u0101t\u0101jam ar pilnu kontekstu.<\/p>\n<p>AI apstr\u0101d\u0101 apstiprin\u0101\u0161anas lo\u0123iku:<\/p>\n<ul>\n<li>Standarta piepras\u012bjumi robe\u017ev\u0113rt\u012bbu robe\u017e\u0101s: autom\u0101tiski apstiprin\u0101ti ar audita izsekojam\u012bbu.<\/li>\n<li>Piepras\u012bjumi, kurus nepiecie\u0161ams p\u0101rskat\u012bt: novirz\u012bti atbilsto\u0161am l\u012bmenim, pamatojoties uz apjomu, veidu un risku.<\/li>\n<li>Sare\u017e\u0123\u012bti piepras\u012bjumi: eskal\u0113ti ar pilnu kontekstu un v\u0113sturi.<\/li>\n<li>Apstiprin\u0101jumu aptur\u0113\u0161ana: autom\u0101tiska eskal\u0101cija, ja p\u0101r\u0101k ilgi tiek gaid\u012bts.<\/li>\n<\/ul>\n\n<p>J\u016bsu vad\u012bt\u0101ji t\u0113r\u0113 laiku, lai pie\u0146emtu l\u0113mumus, kas patie\u0161\u0101m ir j\u0101nov\u0113rt\u0113. Neveic rut\u012bnas piepras\u012bjumu apstiprin\u0101\u0161anu ar spiedogu.<\/p>\n<p>Un kad k\u0101ds ir \u0101r\u0101? M\u0101ksl\u012bgais intelekts p\u0101riet uz rezerves kopiju. Nav piepras\u012bjumu, kas iestr\u0113gu\u0161i, gaidot k\u0101du atva\u013cin\u0101jum\u0101.<\/p>\n\n\n<h4 class=\"wp-block-heading\">Procesu uzraudz\u012bba re\u0101llaik\u0101<\/h4>\n\n\n<p>Kur viss ir? Kas ir iestr\u0113dzis? Kas ir pak\u013cauts termi\u0146a nokav\u0113juma riskam?<\/p>\n<p>M\u0101ksl\u012bgais intelekts seko l\u012bdzi katram uzdevumam katr\u0101 sol\u012b. Neprasot cilv\u0113kiem atjaunin\u0101jumus, bet gan autom\u0101tiski uzraugot sist\u0113mas. Tas zina:<\/p>\n<ul>\n<li>Kas tiek izstr\u0101d\u0101ts un kas pie t\u0101 str\u0101d\u0101<\/li>\n<li>Kas gaida (un cik ilgi tas gaida)<\/li>\n<li>Kas tuvojas termi\u0146iem<\/li>\n<li>Kur veidojas v\u0101j\u0101s vietas<\/li>\n<li>K\u0101di procesi darbojas l\u0113n\u0101k nek\u0101 parasti<\/li>\n<\/ul>\n\n<p>Inform\u0101cijas panel\u012b ir redzams re\u0101llaika statuss. Ne \"no vakardienas\" zi\u0146ojumi - tie\u0161i tagad. J\u016bsu vad\u012bt\u0101ji zina, kam j\u0101piev\u0113r\u0161 uzman\u012bba, un vi\u0146iem nav j\u0101mekl\u0113 atjaunin\u0101jumi.<\/p>\n\n\n<h4 class=\"wp-block-heading\">Iz\u0146\u0113mumu noteik\u0161ana, kas patie\u0161\u0101m darbojas<\/h4>\n\n\n<p>Iz\u0146\u0113mumi ir d\u0101rgi. Pas\u016bt\u012bt tr\u016bksto\u0161o inform\u0101ciju. Solis aiz\u0146em p\u0101r\u0101k daudz laika. Nepareizi iev\u0113rota proced\u016bra. L\u012bdz br\u012bdim, kad k\u0101ds to pamana, t\u0101 jau ir probl\u0113ma.<\/p>\n<p>M\u0101ksl\u012bgais intelekts agr\u012bni konstat\u0113 iz\u0146\u0113mumus:<\/p>\n<ul>\n<li><strong>Tr\u016bksto\u0161ie dati:<\/strong> Pas\u016bt\u012bjums iesniegts bez nepiecie\u0161amajiem laukiem? Atz\u012bm\u0113ts uzreiz, nevis tad, kad tas tiek izpild\u012bts.<\/li>\n<li><strong>Procesa novirzes:<\/strong> Pas\u0101kumi veikti \u0101rpus k\u0101rtas? Izlaists kontrolsaraksts? AI pamana.<\/li>\n<li><strong>Laika jaut\u0101jumi:<\/strong> Solis aiz\u0146em 3x ilg\u0101k nek\u0101 parasti? AI br\u012bdina pirms termi\u0146a beig\u0101m.<\/li>\n<li><strong>Ba\u017eas par kvalit\u0101ti:<\/strong> K\u013c\u016bdu koeficients konkr\u0113tam procesam? Agri atkl\u0101ts modelis.<\/li>\n<li><strong>Atbilst\u012bbas tr\u016bkumi:<\/strong> Tr\u016bkst nepiecie\u0161amo dokumentu? P\u0101rsniegts apstiprin\u0101juma slieksnis? No\u0137erts autom\u0101tiski.<\/li>\n<\/ul>\n\n<p>J\u016bsu komanda apstr\u0101d\u0101 iz\u0146\u0113mumus, kad tie v\u0113l ir mazi. Pirms tie izplat\u0101s kask\u0101des veid\u0101. Pirms tiek ietekm\u0113ti klienti.<\/p>\n\n\n<h4 class=\"wp-block-heading\">Automatiz\u0113ta atbilst\u012bbas p\u0101rbaude<\/h4>\n\n\n<p>Katram procesam ir noteiktas pras\u012bbas. Posmiem j\u0101notiek sec\u012bgi. Dokument\u0101cijai j\u0101b\u016bt piln\u012bgai. J\u0101ieg\u016bst apstiprin\u0101jumi. J\u0101veic kvalit\u0101tes p\u0101rbaudes.<\/p>\n<p>To visu manu\u0101li p\u0101rbaud\u012bt? K\u0101dam ir j\u0101veic rev\u012bzija. Lab\u0101kaj\u0101 gad\u012bjum\u0101 izlases p\u0101rbaudes. Atbilst\u012bba p\u0113c cer\u012bb\u0101m.<\/p>\n<p>AI p\u0101rbauda katru gad\u012bjumu:<\/p>\n<ul>\n<li>Vai ir izpild\u012bti visi nepiecie\u0161amie so\u013ci?<\/li>\n<li>Vai tika iev\u0113rota pareiza sec\u012bba?<\/li>\n<li>Vai dokument\u0101cija ir piln\u012bga un prec\u012bza?<\/li>\n<li>Vai ir sa\u0146emti nepiecie\u0161amie apstiprin\u0101jumi?<\/li>\n<li>Vai rev\u012bzijas liec\u012bbas par\u0101da, kas un kad ko dar\u012bja?<\/li>\n<\/ul>\n\n<p>Neatbilsto\u0161s process? Uzreiz atz\u012bm\u0113ts. nevis konstat\u0113ts p\u0113c ned\u0113\u013c\u0101m, veicot rev\u012bziju. J\u016bsu atbilst\u012bba ir re\u0101la, nevis cer\u0113ta.<\/p>\n\n\n<h4 class=\"wp-block-heading\">Procesu veiktsp\u0113jas anal\u012bze<\/h4>\n\n\n<p>Cik ilgi procesi paties\u012bb\u0101 ilgst? Kur tie pal\u0113nin\u0101s? Kuras komandas ir \u0101tr\u0101kas? K\u0101p\u0113c?<\/p>\n<p>M\u0101ksl\u012bgais intelekts izseko visu procesu veiktsp\u0113jas r\u0101d\u012bt\u0101jus:<\/p>\n<ul>\n<li>Cikla ilgums p\u0113c procesa veida<\/li>\n<li>Izlaides apjoms pa komand\u0101m un pa indiv\u012bdiem<\/li>\n<li>Kur rodas aizkav\u0113\u0161an\u0101s (k\u0101di posmi, k\u0101das nodo\u0161anas darb\u012bbas).<\/li>\n<li>K\u013c\u016bdu \u012bpatsvars un p\u0101rstr\u0101des bie\u017eums<\/li>\n<li>Izmai\u0146as (konsekvence ir tikpat svar\u012bga k\u0101 \u0101trums)<\/li>\n<\/ul>\n\n<p>J\u016bs redzat, kur j\u0101uzlabo. Nevis min\u0113jumi - skatoties uz datiem. \u0160\u012b komanda ir past\u0101v\u012bgi \u0101tr\u0101ka? Uzziniet, ko vi\u0146i dara cit\u0101di. \u0160is posms ir konsekventi l\u0113ns? Izp\u0113tiet, k\u0101p\u0113c.<\/p>\n<p>Procesu uzlabo\u0161ana, pamatojoties uz faktiem, nevis saj\u016bt\u0101m.<\/p>\n\n\n<hr class=\"wp-block-separator has-alpha-channel-opacity\"\/>\n\n\n\n<h3 class=\"wp-block-heading\">Ko tas noz\u012bm\u0113 jums<\/h3>\n\n\n\n<h4 class=\"wp-block-heading\">Darb\u012bbas vad\u012bt\u0101jiem un operat\u012bvo dienestu vad\u012bt\u0101jiem<\/h4>\n\n\n<p><strong>Konsekventa izpilde da\u017e\u0101d\u0101s viet\u0101s.<\/strong> Visur tika piem\u0113roti vien\u0101di noteikumi. Nav at\u0161\u0137ir\u012bbu atkar\u012bb\u0101 no t\u0101, kur\u0161 str\u0101d\u0101 vai cik aiz\u0146emts ir.<\/p>\n\n<p><strong>m\u0113rogojamas oper\u0101cijas.<\/strong> Apstr\u0101d\u0101jiet divreiz liel\u0101ku apjomu bez divreiz liel\u0101ka darbinieku skaita. Koordin\u0101cijas darbs nepalielin\u0101s l\u012bdz ar apjomu.<\/p>\n\n<p><strong>Lab\u0101ka atbilst\u012bba un rev\u012bzijas liec\u012bbas.<\/strong> Katrs process tiek dokument\u0113ts autom\u0101tiski. Piln\u012bga katra dar\u012bjuma rev\u012bzijas izsekojam\u012bba. Atbilst\u012bba p\u0113c b\u016bt\u012bbas, nevis p\u0101rbaudot.<\/p>\n\n<p><strong>Darb\u012bbas redzam\u012bba.<\/strong> Re\u0101llaika inform\u0101cijas paneli par notieko\u0161o. Redziet, ka veidojas v\u0101j\u0101s vietas, pirms t\u0101s k\u013c\u016bst par kr\u012bzi.<\/p>\n\n<p><strong>zem\u0101ks k\u013c\u016bdu \u012bpatsvars.<\/strong> Automatiz\u0113t\u0101 p\u0101rbaude agr\u012bni atkl\u0101j k\u013c\u016bdas. Iz\u0146\u0113mumi tiek atz\u012bm\u0113ti, pirms tie rada probl\u0113mas.<\/p>\n\n\n<h4 class=\"wp-block-heading\">Darb\u012bbas vad\u012bt\u0101jiem<\/h4>\n\n\n<p><strong>P\u0101rtrauciet dz\u012bties p\u0113c statusa atjaunin\u0101jumiem.<\/strong> Sist\u0113ma seko visam. J\u016bs redzat, kam j\u0101piev\u0113r\u0161 uzman\u012bba, nemaz nejaut\u0101jot apk\u0101rt.<\/p>\n\n<p><strong>Koncentr\u0113jieties uz iz\u0146\u0113mumiem, nevis rut\u012bnu.<\/strong> AI apstr\u0101d\u0101 standarta darba pl\u016bsmu. J\u016bs risiniet neparastus gad\u012bjumus, kad nepiecie\u0161ams v\u0113rt\u0113jums.<\/p>\n\n<p><strong>Uzziniet, kur ir iestr\u0113gu\u0161as lietas.<\/strong> Negaid\u012bt, kad komandas locek\u013ci izsauks probl\u0113mu. J\u016bs to redzat re\u0101llaik\u0101.<\/p>\n\n<p><strong>Dati uzlabo\u0161anai.<\/strong> Uzziniet, kuri procesi darbojas labi un kuri ir j\u0101labo. Faktiskais cikla laiks, nevis apl\u0113ses.<\/p>\n\n<p><strong>Taisn\u012bgs darba slodzes sadal\u012bjums.<\/strong> Noskaidrojiet, kur\u0161 ir p\u0101rslogots un kuram ir jauda. Sabalans\u0113jiet darbu, pamatojoties uz realit\u0101ti.<\/p>\n\n\n<h4 class=\"wp-block-heading\">Komand\u0101m, kas veic darbu<\/h4>\n\n\n<p><strong>Not\u012briet uzdevumu rindu.<\/strong> Nav j\u0101dom\u0101 \"pie k\u0101 man str\u0101d\u0101t?\" Priorit\u0101tes tiek apr\u0113\u0137in\u0101tas autom\u0101tiski, pamatojoties uz termi\u0146iem un svar\u012bgumu.<\/p>\n\n<p><strong>Nek\u0101das paka\u013cdz\u012b\u0161an\u0101s.<\/strong> Sist\u0113ma novirza darbu jums. Saka, kas jums j\u0101zina. autom\u0101tiski eskal\u0113, ja esat iestr\u0113dzis.<\/p>\n\n<p><strong>Maz\u0101k pieskait\u0101mo koordin\u0101cijas izmaksu.<\/strong> Pavadiet laiku, str\u0101d\u0101jot, nevis koordin\u0113jot darbu. Nav san\u0101ksmju, lai sekotu l\u012bdzi statusam.<\/p>\n\n<p><strong>\u0100tri apstiprin\u0101jumi.<\/strong> Rut\u012bnas lietas tiek autom\u0101tiski apstiprin\u0101tas. Nav j\u0101gaida vair\u0101kas dienas, l\u012bdz k\u0101ds to apstiprin\u0101s.<\/p>\n\n<p><strong>Maz\u0101k ugunsdz\u0113s\u012bbas m\u0101c\u012bbu.<\/strong> Agri paman\u012bti iz\u0146\u0113mumi. Probl\u0113mas tiek konstat\u0113tas, pirms t\u0101s eksplod\u0113. Maz\u0101k panikas, vair\u0101k pl\u0101no\u0161anas.<\/p>\n\n\n<hr class=\"wp-block-separator has-alpha-channel-opacity\"\/>\n\n\n\n<h3 class=\"wp-block-heading\">Ko m\u0101ksl\u012bgais intelekts nevar izdar\u012bt<\/h3>\n\n\n<p>M\u0101ksl\u012bgais intelekts automatiz\u0113 uz noteikumiem balst\u012btu darbu. Tas neaizst\u0101j spriedumu. L\u016bk, kam joproj\u0101m ir vajadz\u012bgi cilv\u0113ki:<\/p>\n\n<p><strong>Patie\u0161\u0101m neparastu situ\u0101ciju risin\u0101\u0161ana.<\/strong> AI mar\u0161rut\u0113 standarta gad\u012bjumus un atz\u012bm\u0113 iz\u0146\u0113mumus. Bet patie\u0161\u0101m d\u012bvaini gad\u012bjumi? Tiem ir nepiecie\u0161ama cilv\u0113ka veikta probl\u0113mu risin\u0101\u0161ana.<\/p>\n\n<p><strong>Sarunu risin\u0101\u0161ana un attiec\u012bbu p\u0101rvald\u012bba.<\/strong> Klients ir neapmierin\u0101ts par kav\u0113\u0161anos? Pieg\u0101d\u0101t\u0101jam nepiecie\u0161ama \u012bpa\u0161a apstr\u0101de? Tas ir cilv\u0113ku darbs.<\/p>\n\n<p><strong>Lab\u0101ku procesu izstr\u0101de.<\/strong> M\u0101ksl\u012bgais intelekts seko l\u012bdzi pa\u0161reiz\u0113jo procesu veiktsp\u0113jai. P\u0101rprojekt\u0113t tos, lai pan\u0101ktu lab\u0101kus rezult\u0101tus? Tas ir j\u016bsu komandas zi\u0146\u0101.<\/p>\n\n<p><strong>Spriedumu pie\u0146em\u0161ana.<\/strong> Vai mums vajadz\u0113tu to pa\u0101trin\u0101t? Pie\u013caut iz\u0146\u0113mumu? Pie\u013caut zaud\u0113jumus, lai saglab\u0101tu attiec\u012bbas? Datori nevar izsv\u0113rt \u0161os kompromisus.<\/p>\n\n<p><strong>Kompleksie apstiprin\u0101jumi.<\/strong> Vienk\u0101r\u0161us apstiprin\u0101jumus (saska\u0146\u0101 ar $X, politikas ietvaros) var automatiz\u0113t. Sare\u017e\u0123\u012btiem (strat\u0113\u0123iski l\u0113mumi, noz\u012bm\u012bgi iz\u0146\u0113mumi, starpfunkcion\u0101la ietekme) nepiecie\u0161ama cilv\u0113ka veikta p\u0101rbaude.<\/p>\n\n<p>Dom\u0101jiet par m\u0101ksl\u012bgo intelektu k\u0101 par koordin\u0101cijas sl\u0101ni. J\u016bsu komanda p\u0101rvalda dom\u0101\u0161anas sl\u0101ni. Vi\u0146i vienk\u0101r\u0161i dara to \u0101tr\u0101k, jo pamatdarbs ir paveikts.<\/p>\n\n\n<hr class=\"wp-block-separator has-alpha-channel-opacity\"\/>\n\n\n\n<h3 class=\"wp-block-heading\">Procesu automatiz\u0101cijas uzs\u0101k\u0161ana<\/h3>\n\n\n<p>J\u016bs neautomatiz\u0113jat visu uzreiz. S\u0101ciet ar visliel\u0101k\u0101 apjoma, visstandartiz\u0113t\u0101kajiem procesiem:<\/p>\n\n<p><strong>Labi pirmie kandid\u0101ti:<\/strong><\/p>\n<ul>\n<li>Pas\u016bt\u012bjumu mar\u0161rut\u0113\u0161ana un pie\u0161\u0137ir\u0161ana<\/li>\n<li>Standarta apstiprin\u0101\u0161anas darba pl\u016bsmas<\/li>\n<li>Piepras\u012bjumu pie\u0146em\u0161ana un \u0161\u0137iro\u0161ana<\/li>\n<li>Uzdevuma izpildes p\u0101rbaude<\/li>\n<li>Statusa pazi\u0146ojumi un eskal\u0101cijas<\/li>\n<\/ul>\n\n<p><strong>Ne p\u0101r\u0101k labi pirmie kandid\u0101ti:<\/strong><\/p>\n<ul>\n<li>\u013boti main\u012bgi procesi ar daudziem iz\u0146\u0113mumiem<\/li>\n<li>Procesi, kas bie\u017ei main\u0101s<\/li>\n<li>Jomas, kur\u0101s katr\u0101 liet\u0101 ir \u013coti svar\u012bgs cilv\u0113ka spriedums<\/li>\n<li>Procesi, kurus v\u0113l neviens nav dokument\u0113jis<\/li>\n<\/ul>\n\n<p>S\u0101ciet tur, kur ir skaidrs process, liels apjoms un ac\u012bmredzamas s\u0101pes. Pier\u0101diet v\u0113rt\u012bbu. P\u0113c tam papla\u0161iniet to l\u012bdz sare\u017e\u0123\u012bt\u0101kiem gad\u012bjumiem.<\/p>\n\n\n<hr class=\"wp-block-separator has-alpha-channel-opacity\"\/>\n\n\n\n<h3 class=\"wp-block-heading\">Apak\u0161\u0113j\u0101 l\u012bnija<\/h3>\n\n\n<p>Manu\u0101lai procesu koordin\u0101cijai nav m\u0113roga. Liel\u0101ks apjoms noz\u012bm\u0113 liel\u0101kas koordin\u0101cijas izmaksas. T\u0101 viet\u0101, lai str\u0101d\u0101tu re\u0101lu darbu, j\u016bsu komanda tiek aizrauta ar mar\u0161rut\u0113\u0161anu, izseko\u0161anu un vaj\u0101\u0161anu.<\/p>\n\n<p>M\u0101ksl\u012bgais intelekts veic koordin\u0101ciju. T\u0101 mar\u0161ruti darbojas pareizi. Tas uzrauga progresu. Tas nov\u0113r\u0161 iz\u0146\u0113mumus. Tas nodro\u0161ina atbilst\u012bbu. Viss autom\u0101tiski.<\/p>\n\n<p>J\u016bsu komanda str\u0101d\u0101 pie pa\u0161a darba. Ne san\u0101ksm\u0113s par darbu. Ne e-pasta zi\u0146ojumus, kuros tiek sekots darbam. nevis izkl\u0101jlapas, kas uzrauga darbu.<\/p>\n\n<p>Rezult\u0101t\u0101 tiek veiktas oper\u0101cijas, kas ir pl\u016bsto\u0161as. \u0100tr\u0101ki ciklu laiki. Maz\u0101k k\u013c\u016bdu. Lab\u0101ka atbilst\u012bba. Un profesion\u0101\u013ci, kas dara to, kas vi\u0146iem padodas, nevis vaj\u0101 procesu.<\/p>\n\n<p>Tie\u0161i to faktiski nodro\u0161ina procesu automatiz\u0101cija ar m\u0101ksl\u012bgo intelektu. Nevis \"nodz\u0113stas gaismas\" oper\u0101cijas. Tikai maz\u0101ku berzi un liel\u0101ku koncentr\u0113\u0161anos uz svar\u012bg\u0101ko.<\/p>\n\n\n<hr class=\"wp-block-separator has-alpha-channel-opacity\"\/>\n\n\n\n<h3 class=\"wp-block-heading\">Vai esat gatavs automatiz\u0113t savas darba pl\u016bsmas?<\/h3>\n\n\n<p>Katrai darb\u012bbai ir at\u0161\u0137ir\u012bgi procesi. Tas, kas darbojas j\u016bsu uz\u0146\u0113mum\u0101, ir atkar\u012bgs no t\u0101, k\u0101 j\u016bs str\u0101d\u0101jat \u0161odien.<\/p>\n\n<p>M\u0113s neiesaist\u0101m visp\u0101r\u012bgus darba pl\u016bsmas r\u012bkus. M\u0113s apl\u016bkojam j\u016bsu konkr\u0113tos procesus. Kur ir koordin\u0101cijas pieskait\u0101m\u0101s izmaksas? Kur lietas iestr\u0113gst? Ko ir re\u0101li automatiz\u0113t, \u0146emot v\u0113r\u0101 j\u016bsu sist\u0113mas?<\/p>\n\n<p>P\u0113c tam m\u0113s izveidojam automatiz\u0101ciju, kas atbilst j\u016bsu darba pl\u016bsmai. Jums nav j\u0101maina veids, k\u0101 str\u0101d\u0101jat, lai piel\u0101gotos programmat\u016brai. Programmat\u016bra, kas darbojas t\u0101, k\u0101 j\u016bs str\u0101d\u0101jat.<\/p>\n\n<p><a href=\"https:\/\/www.leaplytics.de\/lv\/kontaktinformacija\/\">Apspried\u012bsim j\u016bsu procesus<\/a><\/p>\n\n<p><a href=\"https:\/\/www.leaplytics.de\/lv\/operacijas-ai\/\">Atgriezties pie oper\u0101ciju AI<\/a><\/p>","protected":false},"excerpt":{"rendered":"<p>AI for Process Automation &#038; Workflow Operations runs on processes. Order to fulfillment. Request to resolution. Task to completion. Everything follows steps. When processes work smoothly, things flow. When they don&#8217;t, everything gets stuck. Tasks pile up. Handoffs fail. People waste time asking &#8220;where is this?&#8221; and &#8220;who has that?&#8221; Most process problems aren&#8217;t because &hellip; <\/p>","protected":false},"author":2,"featured_media":0,"parent":0,"menu_order":0,"comment_status":"closed","ping_status":"closed","template":"","meta":{"footnotes":""},"class_list":["post-14495","page","type-page","status-publish","hentry","latest_post"],"_links":{"self":[{"href":"https:\/\/www.leaplytics.de\/lv\/wp-json\/wp\/v2\/pages\/14495","targetHints":{"allow":["GET"]}}],"collection":[{"href":"https:\/\/www.leaplytics.de\/lv\/wp-json\/wp\/v2\/pages"}],"about":[{"href":"https:\/\/www.leaplytics.de\/lv\/wp-json\/wp\/v2\/types\/page"}],"author":[{"embeddable":true,"href":"https:\/\/www.leaplytics.de\/lv\/wp-json\/wp\/v2\/users\/2"}],"replies":[{"embeddable":true,"href":"https:\/\/www.leaplytics.de\/lv\/wp-json\/wp\/v2\/comments?post=14495"}],"version-history":[{"count":1,"href":"https:\/\/www.leaplytics.de\/lv\/wp-json\/wp\/v2\/pages\/14495\/revisions"}],"predecessor-version":[{"id":14501,"href":"https:\/\/www.leaplytics.de\/lv\/wp-json\/wp\/v2\/pages\/14495\/revisions\/14501"}],"wp:attachment":[{"href":"https:\/\/www.leaplytics.de\/lv\/wp-json\/wp\/v2\/media?parent=14495"}],"curies":[{"name":"wp","href":"https:\/\/api.w.org\/{rel}","templated":true}]}}