{"id":14511,"date":"2025-12-19T02:02:31","date_gmt":"2025-12-19T01:02:31","guid":{"rendered":"https:\/\/www.leaplytics.de\/?page_id=14511"},"modified":"2025-12-19T02:02:32","modified_gmt":"2025-12-19T01:02:32","slug":"iepirkuma-pieprasijuma-pasutisana-ai","status":"publish","type":"page","link":"https:\/\/www.leaplytics.de\/lv\/iepirkuma-pieprasijuma-pasutisana-ai\/","title":{"rendered":"Iepirkuma piepras\u012bjums un pas\u016bt\u012b\u0161anas AI"},"content":{"rendered":"<h2>AI iepirkuma piepras\u012bjumiem un pas\u016bt\u012bjumiem: Iepirk\u0161anas procesa pa\u0101trin\u0101\u0161ana<\/h2>\n\n<p>Iepirkumu piepras\u012bjumiem un pas\u016bt\u012bjumiem j\u0101b\u016bt vienk\u0101r\u0161iem. K\u0101dam kaut kas ir vajadz\u012bgs. Vi\u0146i to pieprasa. Tas tiek apstiprin\u0101ts. Pas\u016bt\u012bjums tiek izdots. Paveikts.<\/p>\n<p>Ta\u010du tas nav vienk\u0101r\u0161i. Piepras\u012bjumi atrodas ies\u016btn\u0113s un gaida apstiprin\u0101jumu. Pirc\u0113ji manu\u0101li apstr\u0101d\u0101 ikdienas pas\u016bt\u012bjumus. Cilv\u0113ki nezina, kuru pieg\u0101d\u0101t\u0101ju izmantot. Pas\u016bt\u012bjumi non\u0101k pie pieg\u0101d\u0101t\u0101jiem, ar kuriem nav nosl\u0113gti l\u012bgumi, jo apstiprin\u0101\u0161anas process ir p\u0101r\u0101k l\u0113ns.<\/p>\n<p>Rezult\u0101ts? Iepirkumu komandas ir iegrimu\u0161as dar\u012bjumu darb\u0101. Nepr\u0101t\u012bgi t\u0113ri\u0146i, jo cilv\u0113ki apiet sist\u0113mu. L\u012bgumu nopl\u016bde, jo pas\u016bt\u012bjumi neatbilst sarunu noteikumiem.<\/p>\n<p>M\u0101ksl\u012bgais intelekts to nov\u0113r\u0161. T\u0101 autom\u0101tiski apstr\u0101d\u0101 standarta piepras\u012bjumus. Inteli\u0123enti novirza apstiprin\u0101jumus. Nodro\u0161ina, ka pas\u016bt\u012bjumi atbilst l\u012bguma noteikumiem. Padara procesu tik \u0101tru, ka cilv\u0113ki to patie\u0161\u0101m izmanto.<\/p>\n\n\n<hr class=\"wp-block-separator has-alpha-channel-opacity\"\/>\n\n\n\n<h3 class=\"wp-block-heading\">K\u0101p\u0113c pirkuma-apmaksas procesi ir l\u0113ni<\/h3>\n\n\n<p>Liel\u0101kaj\u0101 da\u013c\u0101 uz\u0146\u0113mumu piepras\u012b\u0161anas l\u012bdz pas\u016bt\u012bjumam procesi ir boj\u0101ti. Ne t\u0101p\u0113c, ka iepirkumu komandas slikti veic savu darbu. T\u0101p\u0113c, ka \u0161is process prasa p\u0101r\u0101k daudz manu\u0101la darba.<\/p>\n<p>K\u0101ds iesniedz piepras\u012bjumu. Pirc\u0113jam tas j\u0101p\u0101rbauda. P\u0101rbauda, vai tas atbilst politikai. Noteikt, kam tas j\u0101apstiprina. Novirziet to pareizajam apstiprin\u0101t\u0101jam. Gaidiet apstiprin\u0101jumu. P\u0113c tam manu\u0101li izveido pirkuma pas\u016bt\u012bjumu. Izv\u0113lieties pieg\u0101d\u0101t\u0101ju. V\u0113lreiz ievadiet visu inform\u0101ciju.<\/p>\n<p>Standarta, ikdienas pas\u016bt\u012bjumiem. Katru reizi.<\/p>\n<p>Pirc\u0113ji stund\u0101m ilgi apstr\u0101d\u0101 piepras\u012bjumus, kas atbilst vieniem un tiem pa\u0161iem paraugiem. Biroja piederumi. Standarta sast\u0101vda\u013cas. Atk\u0101rtoti pakalpojumi. Pas\u016bt\u012bjumi, kuriem nav nepiecie\u0161amas cilv\u0113ku zin\u0101\u0161anas, bet kuri tik un t\u0101 tiek sa\u0146emti, jo process prasa manu\u0101lu apstr\u0101di.<\/p>\n<p>Ja process ir l\u0113ns, cilv\u0113ki to apiet. Vi\u0146i p\u0113rk tie\u0161i no pieg\u0101d\u0101t\u0101jiem. Izmanto person\u012bg\u0101s kred\u012btkartes. Izlai\u017e apstiprin\u0101jumus. Maverick t\u0113ri\u0146i nav \u013caunpr\u0101t\u012bgi - tie ir cilv\u0113ku centieni paveikt savu darbu.<\/p>\n<p>Un iepirkums zaud\u0113 kontroli. Pieg\u0101d\u0101t\u0101ji, ar kuriem nosl\u0113gti l\u012bgumi, nesa\u0146em sol\u012bto apjomu. Sarunu noteikumi netiek izmantoti. Z\u016bd izdevumu p\u0101rredzam\u012bba.<\/p>\n\n\n<hr class=\"wp-block-separator has-alpha-channel-opacity\"\/>\n\n\n\n<h3 class=\"wp-block-heading\">Ko AI dara iepirkumu piepras\u012b\u0161anas un pas\u016bt\u012b\u0161anas jom\u0101<\/h3>\n\n\n<p>M\u0101ksl\u012bgais intelekts ne tikai pa\u0101trina piepras\u012b\u0161anas procesu. Tas padara to inteli\u0123entu. L\u016bk, k\u0101.<\/p>\n\n\n<h4 class=\"wp-block-heading\">Autom\u0101tiski apstr\u0101d\u0101 piepras\u012bjumus<\/h4>\n\n\n<p>AI sa\u0146em piepras\u012bjumu. Tas analiz\u0113 piepras\u012bto inform\u0101ciju.<\/p>\n<p>Vai \u0161is ir standarta elements? M\u0101ksl\u012bgais intelekts to atpaz\u012bst no iepriek\u0161\u0113jiem pas\u016bt\u012bjumiem. T\u0101 p\u0101rbauda piepras\u012bjumu, sal\u012bdzinot ar politiku. P\u0101rbauda bud\u017eeta pieejam\u012bbu. Apstiprina, ka piepras\u012bt\u0101 inform\u0101cija ir piln\u012bga.<\/p>\n<p>Ja viss ir p\u0101rbaud\u012bts, m\u0101ksl\u012bgais intelekts to autom\u0101tiski novirza apstiprin\u0101\u0161anai. Parastiem piepras\u012bjumiem nav nepiecie\u0161ama pirc\u0113ja iejauk\u0161an\u0101s.<\/p>\n<p>Ja kaut kas nav k\u0101rt\u012bb\u0101, m\u0101ksl\u012bgais intelekts atz\u012bm\u0113 konkr\u0113tas probl\u0113mas:<\/p>\n<ul>\n<li>Tr\u016bkst izmaksu centra vai GL koda<\/li>\n<li>Bud\u017eeta sliek\u0161\u0146a p\u0101rsnieg\u0161ana, kam nepiecie\u0161ams \u012bpa\u0161s apstiprin\u0101jums<\/li>\n<li>Prece neatbilst apstiprin\u0101taj\u0101m kategorij\u0101m<\/li>\n<li>Nepiecie\u0161amie dokumenti nav pievienoti<\/li>\n<li>Neskaidras specifik\u0101cijas, kas j\u0101preciz\u0113<\/li>\n<\/ul>\n<p>Piepras\u012bjuma iesniedz\u0113js nekav\u0113joties sa\u0146em skaidru atgriezenisko saiti. nevis visp\u0101r\u012bgu noraid\u012bjumu. Konkr\u0113tas probl\u0113mas, kas j\u0101nov\u0113r\u0161.<\/p>\n<p>Standarta piepras\u012bjumi sist\u0113m\u0101 tiek apstr\u0101d\u0101ti da\u017eu min\u016b\u0161u laik\u0101. Sare\u017e\u0123\u012bti piepras\u012bjumi tiek novirz\u012bti pirc\u0113jiem ar kontekstu par to, kas j\u0101p\u0101rbauda.<\/p>\n\n\n<h4 class=\"wp-block-heading\">Inteli\u0123enti veic apstiprin\u0101\u0161anas mar\u0161rutus<\/h4>\n\n\n<p>Apstiprin\u0101\u0161anas darba pl\u016bsmas ir sare\u017e\u0123\u012btas. Da\u017e\u0101di apstiprin\u0101t\u0101ji da\u017e\u0101d\u0101m summ\u0101m. Da\u017e\u0101d\u0101m kategorij\u0101m ir da\u017e\u0101di ce\u013ci. Da\u017e\u0101di noteikumi da\u017e\u0101diem departamentiem.<\/p>\n<p>Cilv\u0113ki tiek sajaukti. Piepras\u012bjumi non\u0101k pie nepareiz\u0101 apstiprin\u0101t\u0101ja. Atgrie\u017eas atpaka\u013c. Aizkav\u0113jas, kam\u0113r cilv\u0113ki noskaidro, kam paties\u012bb\u0101 b\u016btu j\u0101apstiprina.<\/p>\n<p>M\u0101ksl\u012bgais intelekts zina apstiprin\u0101\u0161anas noteikumus:<\/p>\n<ul>\n<li><strong>Mar\u0161rut\u0113\u0161ana, pamatojoties uz summu:<\/strong> Saska\u0146\u0101 ar $1 000 tiek pie\u0161\u0137irti vienam apstiprin\u0101t\u0101jam. Virs $10,000 nepiecie\u0161ams papildu apstiprin\u0101jums.<\/li>\n<li><strong>Mar\u0161rut\u0113\u0161ana p\u0113c kategorijas:<\/strong> IT iepirkumiem ir nepiecie\u0161ams IT apstiprin\u0101jums. Kapit\u0101lajam apr\u012bkojumam nepiecie\u0161ama finan\u0161u p\u0101rskat\u012b\u0161ana.<\/li>\n<li><strong>Departamenta noteikumi:<\/strong> Da\u017e\u0101diem departamentiem ir da\u017e\u0101di dele\u0123\u0113\u0161anas l\u012bme\u0146i un apstiprin\u0101\u0161anas \u0137\u0113des.<\/li>\n<li><strong>Politikas iz\u0146\u0113mumi:<\/strong> Nekataloga preces. Pieg\u0101d\u0101t\u0101ji, ar kuriem nav nosl\u0113gti l\u012bgumi. \u012apa\u0161as apstiprin\u0101\u0161anas pras\u012bbas.<\/li>\n<li><strong>Aizst\u0101\u0161anas lo\u0123ika:<\/strong> Galvenais apstiprin\u0101t\u0101js nav pieejams? Autom\u0101tiski p\u0101radres\u0113jiet uz izraudz\u012bto aizst\u0101j\u0113ju.<\/li>\n<\/ul>\n<p>Katrs piepras\u012bjums jau pirmaj\u0101 reiz\u0113 non\u0101k pie pareiz\u0101 apstiprin\u0101t\u0101ja. Nek\u0101das neskaidr\u012bbas. Nav aizkav\u0113\u0161an\u0101s, kam\u0113r cilv\u0113ki p\u0101rbauda, kam kas j\u0101apstiprina.<\/p>\n<p>Un apstiprin\u0101t\u0101ji? Vi\u0146i sa\u0146em kontekstu ar katru piepras\u012bjumu. Kas tiek pas\u016bt\u012bts. K\u0101p\u0113c. Bud\u017eeta statusu. L\u012bguma atbilst\u012bba. Vai tas ir parasts vai r\u016bp\u012bgi j\u0101p\u0101rbauda. Ja nepiecie\u0161ams, vi\u0146i var \u0101tri apstiprin\u0101t.<\/p>\n\n\n<h4 class=\"wp-block-heading\">Iesaka v\u0113lamos pieg\u0101d\u0101t\u0101jus<\/h4>\n\n\n<p>K\u0101ds pieprasa biroja piederumus. Kuru pieg\u0101d\u0101t\u0101ju jums vajadz\u0113tu izmantot?<\/p>\n<p>J\u016bsu uz\u0146\u0113mums ir nosl\u0113dzis l\u012bgumus ar trim biroja piederumu pieg\u0101d\u0101t\u0101jiem. Katram no tiem ir at\u0161\u0137ir\u012bgas cenas da\u017e\u0101d\u0101m prec\u0113m. At\u0161\u0137ir\u012bgi pieg\u0101des laiki. At\u0161\u0137ir\u012bgi minim\u0101lie pas\u016bt\u012bjumi.<\/p>\n<p>Pirc\u0113ji to zina. Vi\u0146i ir vienoju\u0161ies par l\u012bgumiem. Bet piepras\u012bjuma iesniedz\u0113ji to nezina. Un pirc\u0113ji nev\u0113las manu\u0101li mekl\u0113t, kur\u0161 pieg\u0101d\u0101t\u0101js ir lab\u0101kais katram pas\u016bt\u012bjumam.<\/p>\n<p>M\u0101ksl\u012bgais intelekts autom\u0101tiski iesaka pieg\u0101d\u0101t\u0101jus:<\/p>\n<ul>\n<li><strong>Lab\u0101k\u0101 cena:<\/strong> Sal\u012bdzina piepras\u012bto pre\u010du l\u012bgumcenas, kas noteiktas da\u017e\u0101diem pieg\u0101d\u0101t\u0101jiem.<\/li>\n<li><strong>Pieg\u0101des \u0101trums:<\/strong> Steidzam\u012bbas un pieg\u0101d\u0101t\u0101ju izpildes laika faktori.<\/li>\n<li><strong>Konsolid\u0101cijas iesp\u0113ja:<\/strong> Ja ir citi atv\u0113rti pas\u016bt\u012bjumi, ieteicams tos apvienot, lai izpild\u012btu minim\u0101l\u0101s pas\u016bt\u012bjuma pras\u012bbas.<\/li>\n<li><strong>L\u012bguma atbilst\u012bba:<\/strong> nosaka priorit\u0101tes pieg\u0101d\u0101t\u0101jiem, kuriem ir j\u0101pilda apjoma saist\u012bbas.<\/li>\n<li><strong>Iepriek\u0161\u0113j\u0101 darb\u012bba:<\/strong> \u0145em v\u0113r\u0101 pieg\u0101des uzticam\u012bbu un kvalit\u0101tes v\u0113sturi.<\/li>\n<\/ul>\n<p>Pirkuma pas\u016bt\u012bjumu nos\u016bta pieg\u0101d\u0101t\u0101jam, kas pied\u0101v\u0101 vislab\u0101ko cenu. Ne p\u0113c nejau\u0161\u012bbas principa. Ne pie t\u0101, kuru piepras\u012bjuma iesniedz\u0113js ir pazinis. Pie t\u0101 pieg\u0101d\u0101t\u0101ja, ar kuru nosl\u0113gts l\u012bgums un kuram ir vislab\u0101kie nosac\u012bjumi konkr\u0113tajam pas\u016bt\u012bjumam.<\/p>\n<p>L\u012bgumu iev\u0113ro\u0161ana palielin\u0101s. J\u016bsu sarun\u0101s pan\u0101ktie noteikumi patie\u0161\u0101m tiek izmantoti. Pieg\u0101d\u0101t\u0101ji izpilda apjoma saist\u012bbas, jo pas\u016bt\u012bjumi non\u0101k tur, kur tiem j\u0101non\u0101k.<\/p>\n\n\n<h4 class=\"wp-block-heading\">Apstiprina pas\u016bt\u012bjumus pret l\u012bgumiem<\/h4>\n\n\n<p>Ne velti esat risin\u0101ju\u0161i sarunas par l\u012bgumiem. Lab\u0101ka cenu noteik\u0161ana. Saska\u0146oti noteikumi. Apjoma atlaides. Bet, ja pas\u016bt\u012bjumi neatbilst l\u012bguma noteikumiem, j\u016bs zaud\u0113jat priek\u0161roc\u012bbas.<\/p>\n<p>M\u0101ksl\u012bgais intelektiskais intelekts p\u0101rbauda katru pas\u016bt\u012bjumu atbilsto\u0161i l\u012bguma noteikumiem:<\/p>\n<ul>\n<li><strong>Cenas apstiprin\u0101\u0161ana:<\/strong> Vai \u0161\u012b ir l\u012bgum\u0101 noteikt\u0101 cena? Ja n\u0113, atz\u012bm\u0113jiet to un paskaidrojiet novirzi.<\/li>\n<li><strong>Termi\u0146a atbilst\u012bba:<\/strong> Vai m\u0113s veicam pas\u016bt\u012bjumus, iev\u0113rojot saska\u0146otos minim\u0101los\/maksim\u0101los daudzumus?<\/li>\n<li><strong>Atlaides p\u0101rbaude:<\/strong> Vai tiek piem\u0113rotas l\u012bgum\u0101 noteikt\u0101s atlaides? Vai apjoma p\u0101rtraukumi apr\u0113\u0137in\u0101ti pareizi?<\/li>\n<li><strong>Produktu saska\u0146o\u0161ana:<\/strong> Vai \u0161\u012b ir l\u012bgum\u0101 paredz\u0113t\u0101 prece vai l\u012bdz\u012bgs aizst\u0101j\u0113js par citu cenu?<\/li>\n<li><strong>Maks\u0101juma noteikumi:<\/strong> Vai m\u0113s izmantojam sarunu proced\u016bras vai citus noteikumus?<\/li>\n<\/ul>\n<p>Ja pas\u016bt\u012bjums neatbilst l\u012bgumam, AI to atz\u012bm\u0113, pirms PO tiek nos\u016bt\u012bts.<\/p>\n<p>Varb\u016bt cena ir augst\u0101ka, nek\u0101 paredz\u0113ts l\u012bgum\u0101. Varb\u016bt pieg\u0101d\u0101t\u0101js \"nejau\u0161i\" ir atc\u0113lis atlaidi. Varb\u016bt k\u0101ds ir pas\u016bt\u012bjis preci, par kuru nav nosl\u0113gts l\u012bgums, lai gan past\u0101v alternat\u012bva, par kuru ir nosl\u0113gts l\u012bgums.<\/p>\n<p>J\u016bs to no\u0137erat, pirms par to maks\u0101jat. Ne r\u0113\u0137inu saska\u0146o\u0161anas laik\u0101, kad ir jau par v\u0113lu.<\/p>\n<p>Runa nav par neuztic\u0113\u0161anos pieg\u0101d\u0101t\u0101jiem. Runa ir par to, lai nodro\u0161in\u0101tu, ka noteikumi, par kuriem esat vienojies, patie\u0161\u0101m tiek piem\u0113roti katram pas\u016bt\u012bjumam.<\/p>\n\n\n<h4 class=\"wp-block-heading\">Proakt\u012bvi seko pas\u016bt\u012bjuma statusam<\/h4>\n\n\n<p>Pas\u016bt\u012bjumi tiek izs\u016bt\u012bti. Tad s\u0101kas jaut\u0101jumi. \"Kur ir mans pas\u016bt\u012bjums?\" \"Kad tas pien\u0101ks?\" \"Vai pieg\u0101d\u0101t\u0101js to apstiprin\u0101ja?\"<\/p>\n<p>Pirc\u0113ji past\u0101v\u012bgi uzdod \u0161os jaut\u0101jumus. Vi\u0146i p\u0101rbauda sist\u0113mas. Zvana pieg\u0101d\u0101t\u0101jiem. S\u016bta e-pastus. St\u0101vok\u013ca atjaunin\u0101\u0161ana ir pilna laika darbs.<\/p>\n<p>M\u0101ksl\u012bgais intelekts autom\u0101tiski uzrauga pas\u016bt\u012bjuma statusu:<\/p>\n<ul>\n<li><strong>Pieg\u0101d\u0101t\u0101ja apstiprin\u0101jums:<\/strong> Vai pieg\u0101d\u0101t\u0101js apstiprin\u0101ja pas\u016bt\u012bjumu? Vai ir apstiprin\u0101jis pieg\u0101des datumu? Atz\u012bm\u0113ja jebk\u0101das neatbilst\u012bbas?<\/li>\n<li><strong>ra\u017eo\u0161anas\/nos\u016bt\u012b\u0161anas izseko\u0161ana:<\/strong> Vai pas\u016bt\u012bjums tiek izpild\u012bts saska\u0146\u0101 ar grafiku? Vai tas ir nos\u016bt\u012bts? Kur tas atrodas ce\u013c\u0101?<\/li>\n<li><strong>Pieg\u0101des uzraudz\u012bba:<\/strong> Paredzamais pieg\u0101des datums tuvojas. Vai tas ir ieradies? Vai t\u0101 tika sa\u0146emta invent\u0101ra kr\u0101jum\u0101?<\/li>\n<li><strong>Iz\u0146\u0113muma br\u012bdin\u0101jumi:<\/strong> Kav\u0113\u0161an\u0101s. Atpaka\u013c\u0113jie pas\u016bt\u012bjumi. Kvalit\u0101tes probl\u0113mas, kas tiek atz\u012bm\u0113tas sa\u0146em\u0161anas laik\u0101. Daudzuma neatbilst\u012bbas.<\/li>\n<li><strong>Proakt\u012bva sazi\u0146a:<\/strong> Autom\u0101tiski atjaunina piepras\u012bt\u0101ju. Tikai tad, kad ir nepiecie\u0161ama iejauk\u0161an\u0101s, piepras\u012bt\u0101ji tiek p\u0101rs\u016bt\u012bti uz pirc\u0113jiem.<\/li>\n<\/ul>\n<p>Piepras\u012bt\u0101ji sa\u0146em statusa atjaunin\u0101jumus bez piepras\u012bjuma. Pirc\u0113ji koncentr\u0113jas uz iz\u0146\u0113mumiem, nevis k\u0101rt\u0113j\u0101m statusa p\u0101rbaud\u0113m.<\/p>\n<p>Pas\u016bt\u012bjums kav\u0113jas? M\u0101ksl\u012bgais intelekts br\u012bdina piepras\u012bjuma iesniedz\u0113ju un pirc\u0113ju, pirms k\u0101dam ir j\u0101l\u016bdz. Tas sniedz kontekstu - k\u0101p\u0113c pas\u016bt\u012bjums kav\u0113jas, k\u0101ds ir jaunais paredzamais datums, vai past\u0101v alternat\u012bvas.<\/p>\n<p>Proakt\u012bvi tiek risin\u0101tas probl\u0113mas. T\u0101s netiek atkl\u0101tas, kad k\u0101ds jaut\u0101: \"Ei, kur ir tas pas\u016bt\u012bjums, ko es iesniedzu pirms trim ned\u0113\u013c\u0101m?\"<\/p>\n\n\n<hr class=\"wp-block-separator has-alpha-channel-opacity\"\/>\n\n\n\n<h3 class=\"wp-block-heading\">Ko tas noz\u012bm\u0113 jums<\/h3>\n\n\n\n<h4 class=\"wp-block-heading\">CPO un iepirkumu vad\u012bt\u0101jiem<\/h4>\n\n\n<p>J\u016bs varat kontrol\u0113t un p\u0101rredz\u0113t visu pirkuma l\u012bdz pas\u016bt\u012bjumam procesu.<\/p>\n<ul>\n<li><strong>Augst\u0101ka l\u012bguma atbilst\u012bba:<\/strong> Pas\u016bt\u012bjumu pl\u016bsma pie pieg\u0101d\u0101t\u0101jiem, ar kuriem nosl\u0113gti l\u012bgumi. Tiek izmantoti sarunu ce\u013c\u0101 pan\u0101ktie noteikumi. Apjoma saist\u012bbas tiek izpild\u012btas.<\/li>\n<li><strong>Maz\u0101k savt\u012bgu t\u0113ri\u0146u:<\/strong> Ja apstiprin\u0101\u0161anas process ir \u0101trs, cilv\u0113ki to izmanto, nevis apiet.<\/li>\n<li><strong>\u0100tr\u0101ki iepirkuma cikli:<\/strong> Standarta pas\u016bt\u012bjumi tiek apstr\u0101d\u0101ti da\u017eu min\u016b\u0161u, nevis dienu laik\u0101. \u0100tr\u0101ka biznesa vajadz\u012bbu apmierin\u0101\u0161ana.<\/li>\n<li><strong>Lab\u0101ka resursu sadale:<\/strong> Pirc\u0113ji str\u0101d\u0101 ar sare\u017e\u0123\u012btiem iepirkumiem un sarun\u0101m, nevis ar ikdienas pas\u016bt\u012bjumu apstr\u0101di.<\/li>\n<li><strong>Izdevumu redzam\u012bba:<\/strong> Visi pas\u016bt\u012bjumi tiek apstr\u0101d\u0101ti sist\u0113m\u0101. Piln\u012bga p\u0101rskat\u0101m\u012bba par to, kas un no k\u0101 tiek pirkts.<\/li>\n<\/ul>\n\n\n<h4 class=\"wp-block-heading\">Iepirkumu vad\u012bt\u0101jiem un pirc\u0113jiem<\/h4>\n\n\n<p>J\u016bs p\u0101rst\u0101jat b\u016bt piepras\u012bjumu apstr\u0101des centrs un k\u013c\u016bstat par strat\u0113\u0123isku funkciju.<\/p>\n<ul>\n<li><strong>P\u0101rtrauciet k\u0101rt\u0113jo pas\u016bt\u012bjumu apstr\u0101di:<\/strong> Standarta rekviz\u012bti pl\u016bst autom\u0101tiski. J\u016bs apstr\u0101d\u0101jat tikai to, kam nepiecie\u0161ama ekspert\u012bze.<\/li>\n<li><strong>Koncentr\u0113jieties uz sare\u017e\u0123\u012btiem pirkumiem:<\/strong> Sarunu laiks. Attiec\u012bbu ar pieg\u0101d\u0101t\u0101jiem p\u0101rvald\u012bba. Strat\u0113\u0123iskie iepirkumi.<\/li>\n<li><strong>Lab\u0101ka l\u012bgumu izmanto\u0161ana:<\/strong> Pas\u016bt\u012bjumi autom\u0101tiski tiek nos\u016bt\u012bti pareizajiem pieg\u0101d\u0101t\u0101jiem ar pareizajiem nosac\u012bjumiem.<\/li>\n<li><strong>Maz\u0101k statusa p\u0101rbau\u017eu:<\/strong> Automatiz\u0113ta izseko\u0161ana apstr\u0101d\u0101 ikdienas jaut\u0101jumus. J\u016bs koncentr\u0113jaties uz iz\u0146\u0113mumiem.<\/li>\n<li><strong>Skaidra darba slodze:<\/strong> Uzziniet, kam j\u0101piev\u0113r\u0161 uzman\u012bba. Tas, kas ir ikdieni\u0161\u0137a lieta, tiek apstr\u0101d\u0101ts autom\u0101tiski.<\/li>\n<\/ul>\n\n\n<h4 class=\"wp-block-heading\">Piepras\u012bt\u0101jiem un biznesa lietot\u0101jiem<\/h4>\n\n\n<p>J\u016bs sa\u0146emat vajadz\u012bgo \u0101tr\u0101k un ar maz\u0101k gr\u016bt\u012bb\u0101m.<\/p>\n<ul>\n<li><strong>\u0100tr\u0101ki pas\u016bt\u012bjumi:<\/strong> Standarta piepras\u012bjumi apstiprin\u0101ti un pas\u016bt\u012bti da\u017eu min\u016b\u0161u laik\u0101. Nevajag vairs gaid\u012bt vair\u0101kas dienas, lai pas\u016bt\u012btu ikdienas preces.<\/li>\n<li><strong>Skaidrs statuss:<\/strong> Uzziniet, kur atrodas j\u016bsu pas\u016bt\u012bjums, nemaz nejaut\u0101jot. Proakt\u012bvi atjaunin\u0101jumi par pieg\u0101di.<\/li>\n<li><strong>Vienk\u0101r\u0161s process:<\/strong> Skaidri nor\u0101d\u012bjumi par to, kas ir nepiecie\u0161ams. T\u016bl\u012bt\u0113ja atgriezenisk\u0101 saite, ja kaut kas nav k\u0101rt\u012bb\u0101.<\/li>\n<li><strong>Lab\u0101ks serviss:<\/strong> Ieteicamie pieg\u0101d\u0101t\u0101ji tiek ieteikti autom\u0101tiski. Lab\u0101kie pieg\u0101des laiki un noteikumi.<\/li>\n<li><strong>Nek\u0101du apie\u0161anas iesp\u0113ju vairs nav:<\/strong> Apstiprin\u0101\u0161anas process ir pietiekami \u0101trs, lai to nevajadz\u0113tu apiet.<\/li>\n<\/ul>\n\n\n<hr class=\"wp-block-separator has-alpha-channel-opacity\"\/>\n\n\n\n<h3 class=\"wp-block-heading\">Ko m\u0101ksl\u012bgais intelekts nedar\u012bs<\/h3>\n\n\n<p>Skaidri paskaidrosim, kas tas nav.<\/p>\n<p>AI neapstiprina pirkumus. Cilv\u0113ki apstiprina. M\u0101ksl\u012bgais intelekts tikai novirza piepras\u012bjumus pareizajam apstiprin\u0101t\u0101jam ar pareizo inform\u0101ciju.<\/p>\n<p>M\u0101ksl\u012bgais intelekts neaizst\u0101j pirc\u0113ja v\u0113rt\u0113jumu sare\u017e\u0123\u012btu pirkumu veik\u0161an\u0101. Jauni pieg\u0101d\u0101t\u0101ji. Nestandarta preces. Kapit\u0101lais apr\u012bkojums. Strat\u0113\u0123iskie iepirkumi. Tiem nepiecie\u0161ama cilv\u0113ka pieredze.<\/p>\n<p>M\u0101ksl\u012bgais intelekts nenov\u0113r\u0161 visu manu\u0101lo darbu. Da\u017ei piepras\u012bjumi ir sare\u017e\u0123\u012bti. Da\u017eiem pas\u016bt\u012bjumiem nepiecie\u0161ama \u012bpa\u0161a apstr\u0101de. Da\u017e\u0101s situ\u0101cij\u0101s nepiecie\u0161ams cilv\u0113ka v\u0113rt\u0113jums par risku, kvalit\u0101ti vai pieg\u0101d\u0101t\u0101ju izv\u0113li.<\/p>\n<p>M\u0101ksl\u012bgais intelekts veic rut\u012bnas darb\u012bbu. Standarta r\u012bkojumus, kas seko mode\u013ciem. 80% pas\u016bt\u012bjumu, kuriem nav nepiecie\u0161amas cilv\u0113ka zin\u0101\u0161anas, bet v\u0113sturiski t\u0101s tik un t\u0101 tika ieg\u016btas, jo process pras\u012bja manu\u0101lu apstr\u0101di.<\/p>\n<p>Pirc\u0113ji joproj\u0101m pie\u0146em l\u0113mumus. Vi\u0146i tikai pie\u0146em l\u0113mumus par liet\u0101m, kur\u0101m patie\u0161\u0101m ir nepiecie\u0161amas vi\u0146u zin\u0101\u0161anas.<\/p>\n\n\n<hr class=\"wp-block-separator has-alpha-channel-opacity\"\/>\n\n\n\n<h3 class=\"wp-block-heading\">Re\u0101li rezult\u0101ti no piepras\u012b\u0161anas un pas\u016bt\u012b\u0161anas AI<\/h3>\n\n\n<p>L\u016bk, k\u0101 tas izskat\u0101s praks\u0113:<\/p>\n\n<p><strong>70-80% autom\u0101tiski apstr\u0101d\u0101to piepras\u012bjumu:<\/strong> Standarta pas\u016bt\u012bjumi tiek izpild\u012bti bez pirc\u0113ja iejauk\u0161an\u0101s. Pirc\u0113ji koncentr\u0113jas uz 20-30%, kam nepiecie\u0161ama ekspert\u012bze.<\/p>\n\n<p><strong>Apstiprin\u0101\u0161anas cikla laiks samazin\u0101ts par 50-70%:<\/strong> Piepras\u012bjumi nekav\u0113joties tiek nodoti pareizajam apstiprin\u0101t\u0101jam. Nek\u0101das neskaidr\u012bbas, nek\u0101das kav\u0113\u0161an\u0101s, nek\u0101das p\u0101rs\u016bt\u012b\u0161anas.<\/p>\n\n<p><strong>L\u012bguma atbilst\u012bba palielin\u0101s 15-30%:<\/strong> Pas\u016bt\u012bjumi autom\u0101tiski non\u0101k pie pieg\u0101d\u0101t\u0101jiem, ar kuriem nosl\u0113gti l\u012bgumi, ar l\u012bgum\u0101 noteiktajiem nosac\u012bjumiem. Maverick izdevumi samazin\u0101s.<\/p>\n\n<p><strong>Atbr\u012bvota pirc\u0113ju jauda:<\/strong> Stundas dien\u0101, kas atg\u016btas no ikdienas pas\u016bt\u012bjumu apstr\u0101des. Laiks p\u0101rdal\u012bts strat\u0113\u0123iskiem iepirkumiem un p\u0101rrun\u0101m.<\/p>\n\n<p><strong>Lab\u0101ka lietot\u0101ja pieredze:<\/strong> Pietiekami \u0101tri, lai cilv\u0113ki izmantotu sist\u0113mu, nevis mekl\u0113tu apie\u0161anas iesp\u0113jas. Augst\u0101ka ievie\u0161anas pak\u0101pe noz\u012bm\u0113 lab\u0101ku izdevumu p\u0101rredzam\u012bbu.<\/p>\n\n<p>Runa nav par iepirkuma darbinieku skaita samazin\u0101\u0161anu. Runa ir par to, lai iepirkums ar tiem pa\u0161iem resursiem var\u0113tu veikt strat\u0113\u0123isk\u0101ku darbu.<\/p>\n\n\n<hr class=\"wp-block-separator has-alpha-channel-opacity\"\/>\n\n\n\n<h3 class=\"wp-block-heading\">Vai esat gatavs pa\u0101trin\u0101t pirkuma l\u012bdz pas\u016bt\u012bjumam procesu?<\/h3>\n\n\n<p>Katra uz\u0146\u0113muma piepras\u012b\u0161anas un pas\u016bt\u012b\u0161anas process ir at\u0161\u0137ir\u012bgs. J\u016bsu apstiprin\u0101\u0161anas darba pl\u016bsmas atspogu\u013co j\u016bsu organizatorisko strukt\u016bru. J\u016bsu pieg\u0101d\u0101t\u0101ju b\u0101zei ir unik\u0101las \u012bpa\u0161\u012bbas. J\u016bsu kategorij\u0101m ir at\u0161\u0137ir\u012bgas pras\u012bbas.<\/p>\n<p>M\u0113s nep\u0101rdodam visp\u0101r\u012bgu iepirkumu automatiz\u0101ciju. M\u0113s apl\u016bkojam j\u016bsu konkr\u0113to procesu no piepras\u012bjuma l\u012bdz pas\u016bt\u012bjumam. M\u0113s nosak\u0101m, kurus pas\u016bt\u012bjumus var automatiz\u0113t un kuros nepiecie\u0161ama cilv\u0113ka pieredze. M\u0113s veidojam sist\u0113mas, kas atbilst j\u016bsu organiz\u0101cijas re\u0101lajai darb\u012bbai.<\/p>\n<p>Nav sol\u012bjumu, ka viss tiks automatiz\u0113ts. Tikai praktisks m\u0101ksl\u012bgais intelekts, kas apstr\u0101d\u0101 ikdienas pas\u016bt\u012bjumus, lai j\u016bsu pirc\u0113ji var\u0113tu koncentr\u0113ties uz strat\u0113\u0123iskajiem iepirkumiem.<\/p>\n\n<p><a href=\"https:\/\/www.leaplytics.de\/lv\/kontaktinformacija\/\">Apspried\u012bsim j\u016bsu piepras\u012bjumu procesu<\/a><\/p>\n\n<p><a href=\"https:\/\/www.leaplytics.de\/lv\/iepirkums-ai\/\">Atgriezties pie Sourcing &amp; Procurement AI<\/a><\/p>","protected":false},"excerpt":{"rendered":"<p>AI for Purchase Requisition &#038; Ordering: Speed Up the Buying Process Purchase requisitions and ordering should be simple. Someone needs something. They request it. It gets approved. The order goes out. Done. But it&#8217;s not simple. Requisitions sit in inboxes waiting for approval. Buyers manually process routine orders. People don&#8217;t know which supplier to use. &hellip; <\/p>","protected":false},"author":2,"featured_media":0,"parent":0,"menu_order":0,"comment_status":"closed","ping_status":"closed","template":"","meta":{"footnotes":""},"class_list":["post-14511","page","type-page","status-publish","hentry","latest_post"],"_links":{"self":[{"href":"https:\/\/www.leaplytics.de\/lv\/wp-json\/wp\/v2\/pages\/14511","targetHints":{"allow":["GET"]}}],"collection":[{"href":"https:\/\/www.leaplytics.de\/lv\/wp-json\/wp\/v2\/pages"}],"about":[{"href":"https:\/\/www.leaplytics.de\/lv\/wp-json\/wp\/v2\/types\/page"}],"author":[{"embeddable":true,"href":"https:\/\/www.leaplytics.de\/lv\/wp-json\/wp\/v2\/users\/2"}],"replies":[{"embeddable":true,"href":"https:\/\/www.leaplytics.de\/lv\/wp-json\/wp\/v2\/comments?post=14511"}],"version-history":[{"count":1,"href":"https:\/\/www.leaplytics.de\/lv\/wp-json\/wp\/v2\/pages\/14511\/revisions"}],"predecessor-version":[{"id":14518,"href":"https:\/\/www.leaplytics.de\/lv\/wp-json\/wp\/v2\/pages\/14511\/revisions\/14518"}],"wp:attachment":[{"href":"https:\/\/www.leaplytics.de\/lv\/wp-json\/wp\/v2\/media?parent=14511"}],"curies":[{"name":"wp","href":"https:\/\/api.w.org\/{rel}","templated":true}]}}