{"id":14512,"date":"2025-12-19T02:02:44","date_gmt":"2025-12-19T01:02:44","guid":{"rendered":"https:\/\/www.leaplytics.de\/?page_id=14512"},"modified":"2025-12-19T02:02:45","modified_gmt":"2025-12-19T01:02:45","slug":"terinu-analize-optimizacija-ai","status":"publish","type":"page","link":"https:\/\/www.leaplytics.de\/lv\/terinu-analize-optimizacija-ai\/","title":{"rendered":"Izdevumu anal\u012bze un optimiz\u0101cija AI"},"content":{"rendered":"<h2>M\u0101ksl\u012bgais intelekts izdevumu anal\u012bzei un optimiz\u0101cijai: Atrodiet naudu, ko atst\u0101jat uz galda<\/h2>\n\n<p>J\u016bs t\u0113r\u0113jat miljonus. Bet kur tie\u0161i? Kuriem pieg\u0101d\u0101t\u0101jiem? K\u0101d\u0101s kategorij\u0101s? Par k\u0101d\u0101m cen\u0101m? Sal\u012bdzinot ar cen\u0101m, kas jums b\u016btu j\u0101maks\u0101?<\/p>\n<p>Liel\u0101k\u0101 da\u013ca uz\u0146\u0113mumu nevar atbild\u0113t uz \u0161iem jaut\u0101jumiem. Ne t\u0101p\u0113c, ka tie neseko l\u012bdzi izdevumiem. Tiem ir ERP. Tiem ir iepirkumu sist\u0113mas. Tiem ir dati.<\/p>\n<p>Ta\u010du dati ir haotiski. Da\u017e\u0101di form\u0101ti. Da\u017e\u0101das sist\u0113mas. At\u0161\u0137ir\u012bga kod\u0113\u0161ana. Manu\u0101la datu anal\u012bze noz\u012bm\u0113 ned\u0113\u013c\u0101m ilgu darbu, veidojot izkl\u0101jlapas, kas l\u012bdz ar pabeig\u0161anu ir novecoju\u0161as.<\/p>\n<p>T\u0101p\u0113c iepirkuma komandas darbojas akli. T\u0101s zina kop\u0113jos izdevumus. Bet t\u0101s nezina, kur ir ietaup\u012bjumu iesp\u0113jas. Kur cenas ir p\u0101r\u0101k augstas. Kur var\u0113tu konsolid\u0113t apjomu. Kur notiek patva\u013c\u012bgi t\u0113ri\u0146i.<\/p>\n<p>M\u0101ksl\u012bgais intelekts to nov\u0113r\u0161. Tas att\u012bra datus. Autom\u0101tiski kategoriz\u0113 izdevumus. Identific\u0113 ietaup\u012bjumu iesp\u0113jas. Nov\u0113ro nelietder\u012bgus izdevumus. Nodro\u0161ina p\u0101rskat\u0101m\u012bbu, ko nekad nav bijis laika izveidot manu\u0101li.<\/p>\n\n\n<hr class=\"wp-block-separator has-alpha-channel-opacity\"\/>\n\n\n\n<h3 class=\"wp-block-heading\">K\u0101p\u0113c vairum\u0101 uz\u0146\u0113mumu neizdodas izdevumu anal\u012bze<\/h3>\n\n\n<p>Izdevumu anal\u012bzei j\u0101b\u016bt vienk\u0101r\u0161ai. Ieg\u016bstiet iepirkumu datus. Analiz\u0113jiet tos. Atrodiet iesp\u0113jas. R\u012bkojieties saska\u0146\u0101 ar t\u0101m.<\/p>\n<p>Ta\u010du tas nav vienk\u0101r\u0161i. L\u016bk, k\u0101p\u0113c.<\/p>\n<p>J\u016bsu t\u0113ri\u0146u dati ir visur. Da\u017e\u0101d\u0101s sist\u0113m\u0101s. Da\u017e\u0101di form\u0101ti. ERP dar\u012bjumi. P-kar\u0161u dati. Pieg\u0101d\u0101t\u0101ju r\u0113\u0137ini. Katrs no tiem kod\u0113ts at\u0161\u0137ir\u012bgi. Katrs struktur\u0113ts at\u0161\u0137ir\u012bgi.<\/p>\n<p>Vienam un tam pa\u0161am pieg\u0101d\u0101t\u0101jam j\u016bsu sist\u0113m\u0101 ir pieci da\u017e\u0101di nosaukumi. \"ABC Corp.\" \"ABC Corporation.\" \"ABC Co.\" \"A.B.C. Corp.\" \"ABC - pieg\u0101d\u0101t\u0101js 12345.\" Vai tie ir viens un tas pats pieg\u0101d\u0101t\u0101js vai da\u017e\u0101di? Neviens to nezina bez manu\u0101las p\u0101rbaudes.<\/p>\n<p>Da\u017e\u0101di pirc\u0113ji vienu un to pa\u0161u produktu klasific\u0113 at\u0161\u0137ir\u012bgi. Biroja piederumi. Visp\u0101r\u0113j\u0101s preces. Administrat\u012bvie izdevumi. MRO. Vai t\u0101s ir vienas un t\u0101s pa\u0161as lietas? Iesp\u0113jams. Vai j\u016bs varat to noteikt no datiem? Nav viegli.<\/p>\n<p>T\u0101tad jums ir nepiecie\u0161ams projekts. Komanda. Ned\u0113\u013cas datu t\u012br\u012b\u0161anai. Manu\u0101la ierakstu p\u0101rskat\u012b\u0161ana un labo\u0161ana. Kategoriju izveide. P\u0101rskatu izveide.<\/p>\n<p>Kad pabeidzat, dati jau ir novecoju\u0161i. Nosac\u012bjumi ir main\u012bju\u0161ies. Anal\u012bze atrodas PowerPoint programm\u0101, ar kuru neviens ner\u012bkojas, jo t\u0101 aiz\u0146\u0113ma p\u0101r\u0101k daudz laika un izmaks\u0101ja p\u0101r\u0101k d\u0101rgi.<\/p>\n<p>Vai ar\u012b, v\u0113l bie\u017e\u0101k, j\u016bs visp\u0101r neveicat anal\u012bzi. Jo nevienam nav laika. T\u0101p\u0113c iepirkums darbojas, balstoties uz instinktiem un da\u013c\u0113ju inform\u0101ciju. Ietaup\u012bjumu iesp\u0113jas paliek neatkl\u0101tas. Probl\u0113mas paliek nepaman\u012btas.<\/p>\n\n\n<hr class=\"wp-block-separator has-alpha-channel-opacity\"\/>\n\n\n\n<h3 class=\"wp-block-heading\">M\u0101ksl\u012bgais intelekts pal\u012bdz izdevumu anal\u012bzei un optimiz\u0101cijai<\/h3>\n\n\n<p>M\u0101ksl\u012bgais intelekts ne tikai pa\u0101trina izdevumu anal\u012bzi. Tas padara to nep\u0101rtrauktu. L\u016bk, k\u0101.<\/p>\n\n\n<h4 class=\"wp-block-heading\">Autom\u0101tiski kategoriz\u0113 t\u0113ri\u0146us<\/h4>\n\n\n<p>M\u0101ksl\u012bgais intelekts izmanto j\u016bsu neapstr\u0101d\u0101tos izdevumu datus. Visus \u0161os datus. No katras sist\u0113mas.<\/p>\n<p>Tas to not\u012bra:<\/p>\n<ul>\n<li><strong>Pieg\u0101d\u0101t\u0101ja normaliz\u0101cija:<\/strong> Nor\u0101da, ka \"ABC Corp\", \"ABC Corporation\" un \"A.B.C. Corp\" ir viens un tas pats pieg\u0101d\u0101t\u0101js. Izveido galveno pieg\u0101d\u0101t\u0101ju sarakstu.<\/li>\n<li><strong>Kategoriju klasifik\u0101cija:<\/strong> nolasa dar\u012bjumu aprakstus. Autom\u0101tiski pie\u0161\u0137ir kategorijas. Konsekventi.<\/li>\n<li><strong>Produktu grup\u0113\u0161ana:<\/strong> Grup\u0113 l\u012bdz\u012bgus priek\u0161metus, pat ja tie aprakst\u012bti at\u0161\u0137ir\u012bgi. \"Kop\u0113\u0161anas pap\u012brs\" un \"printeru pap\u012brs\", iesp\u0113jams, pieder kop\u0101.<\/li>\n<li><strong>GL koda apstiprin\u0101\u0161ana:<\/strong> Identific\u0113 nepareizi kod\u0113tus dar\u012bjumus. Ierosina korekcijas, pamatojoties uz mode\u013ciem.<\/li>\n<li><strong>Departamentu un izmaksu centru kart\u0113\u0161ana:<\/strong> Saites t\u0113r\u0113 ar organizatoriskaj\u0101m vien\u012bb\u0101m pat tad, ja kod\u0113\u0161ana nav konsekventa.<\/li>\n<\/ul>\n<p>J\u016bs p\u0101riet no net\u012briem dar\u012bjumu datiem uz t\u012briem, kategoriz\u0113tiem t\u0113ri\u0146iem. Ne da\u017eu ned\u0113\u013cu laik\u0101. Tikai stund\u0101s.<\/p>\n<p>Un t\u0101 nav vienreiz\u0113ja t\u012br\u012b\u0161ana. M\u0101ksl\u012bgais intelekts kategoriz\u0113 jaunus dar\u012bjumus, kad tie notiek. Nep\u0101rtraukta izdevumu p\u0101rredzam\u012bba bez nep\u0101rtraukta manu\u0101la darba.<\/p>\n<p>Uzreiz varat atbild\u0113t uz pamatjaut\u0101jumiem:<\/p>\n<ul>\n<li>Cik daudz m\u0113s t\u0113r\u0113jam katram pieg\u0101d\u0101t\u0101jam?<\/li>\n<li>K\u0101das ir m\u016bsu galven\u0101s izdevumu kategorijas?<\/li>\n<li>Kuras noda\u013cas katrai kategorijai t\u0113r\u0113 visvair\u0101k?<\/li>\n<li>K\u0101 laika gait\u0101 ir main\u012bju\u0161ies izdevumi?<\/li>\n<\/ul>\n<p>Jaut\u0101jumi, kuru risin\u0101\u0161anai agr\u0101k bija nepiecie\u0161ams datu anal\u012bti\u0137is, tagad prasa da\u017eas sekundes.<\/p>\n\n\n<h4 class=\"wp-block-heading\">Identific\u0113 ietaup\u012bjumu iesp\u0113jas<\/h4>\n\n\n<p>T\u012bri dati ir noder\u012bgi. Bet v\u0113rt\u012bgas ir ar\u012b atzi\u0146as. M\u0101ksl\u012bgais intelekts ne tikai organiz\u0113 t\u0113ri\u0146us, bet ar\u012b atrod, kur j\u016bs zaud\u0113jat naudu.<\/p>\n\n<p><strong>Cenu sv\u0101rst\u012bbu anal\u012bze:<\/strong><\/p>\n<p>J\u016bs p\u0113rkat vienu un to pa\u0161u preci no trim pieg\u0101d\u0101t\u0101jiem par trim da\u017e\u0101d\u0101m cen\u0101m. Vai ar\u012b no viena un t\u0101 pa\u0161a pieg\u0101d\u0101t\u0101ja par da\u017e\u0101d\u0101m cen\u0101m da\u017e\u0101dos dar\u012bjumos.<\/p>\n<p>M\u0101ksl\u012bgais intelekts identific\u0113 \u0161\u012bs vari\u0101cijas:<\/p>\n<ul>\n<li>Viens un tas pats produkts, da\u017e\u0101das cenas da\u017e\u0101diem pieg\u0101d\u0101t\u0101jiem<\/li>\n<li>Viens un tas pats pieg\u0101d\u0101t\u0101js, nekonsekventa cenu noteik\u0161ana da\u017e\u0101dos dar\u012bjumos<\/li>\n<li>L\u012bdz\u012bgi produkti ar neizskaidrojam\u0101m cenu at\u0161\u0137ir\u012bb\u0101m<\/li>\n<li>Cenas augst\u0101kas par l\u012bgum\u0101 noteiktaj\u0101m likm\u0113m<\/li>\n<li>Cenu pieaugums, kas p\u0101rsniedz tirgus vai l\u012bguma nosac\u012bjumus<\/li>\n<\/ul>\n<p>T\u0101 kvantitat\u012bvi nosaka iesp\u0113jas: \"Standartiz\u0101cija p\u0113c zem\u0101k\u0101s cenas \u013cautu ietaup\u012bt $X gad\u0101.\"<\/p>\n\n<p><strong>Apjoma konsolid\u0101cijas iesp\u0113jas:<\/strong><\/p>\n<p>J\u016bs p\u0113rkat no pieciem pieg\u0101d\u0101t\u0101jiem, lai gan var\u0113tu konsolid\u0113ties ar diviem. J\u016bs p\u0113rkat nelielus daudzumus, lai gan liel\u0101ki pas\u016bt\u012bjumi \u013cautu sa\u0146emt atlaides.<\/p>\n<p>M\u0101ksl\u012bgais intelekts atrod konsolid\u0101cijas iesp\u0113jas:<\/p>\n<ul>\n<li>Kategorijas ar p\u0101r\u0101k daudziem pieg\u0101d\u0101t\u0101jiem, lai nodro\u0161in\u0101tu attiec\u012bgo apjomu<\/li>\n<li>Pieg\u0101d\u0101t\u0101ji, kas ir tie\u0161i zem apjoma p\u0101rtraukuma sliek\u0161\u0146a.<\/li>\n<li>L\u012bdz\u012bgi produkti no da\u017e\u0101diem pieg\u0101d\u0101t\u0101jiem, kurus var\u0113tu standartiz\u0113t.<\/li>\n<li>\u0122eogr\u0101fisk\u0101s iesp\u0113jas konsolid\u0113t re\u0123ion\u0101los izdevumus<\/li>\n<li>L\u012bgumi ar apjoma saist\u012bb\u0101m, kuras j\u016bs nepild\u0101t.<\/li>\n<\/ul>\n<p>T\u0101 model\u0113 ietaup\u012bjumus: \"Konsolid\u0113jot \u0161os piecus pieg\u0101d\u0101t\u0101jus ar pieg\u0101d\u0101t\u0101ju A, vien\u012bbas izmaksas samazin\u0101tos par 12% un tiktu vienk\u0101r\u0161ota p\u0101rvald\u012bba.\"<\/p>\n\n<p><strong>L\u012bgumu nopl\u016bdes noteik\u0161ana:<\/strong><\/p>\n<p>J\u016bs vienoj\u0101ties par lielisku l\u012bgumu. Bet vai j\u016bs to izmantojat? Vai ar\u012b cilv\u0113ki joproj\u0101m p\u0113rk no vec\u0101 pieg\u0101d\u0101t\u0101ja?<\/p>\n<p>AI seko l\u012bdzi l\u012bgumu izmanto\u0161anai:<\/p>\n<ul>\n<li>Izdevumi ar pieg\u0101d\u0101t\u0101jiem, ar kuriem nav nosl\u0113gti l\u012bgumi, attiec\u012bb\u0101 uz l\u012bgum\u0101 noteiktaj\u0101m kategorij\u0101m<\/li>\n<li>Apjoms, kas neatbilst l\u012bgum\u0101 noteiktajam minimumam (apjoma atlai\u017eu zaud\u0113\u0161ana).<\/li>\n<li>Cenu noteik\u0161ana, kas neatbilst l\u012bgum\u0101 noteiktaj\u0101m likm\u0113m.<\/li>\n<li>Noteikumi neatbilst sarunu ce\u013c\u0101 nosl\u0113gtajiem nol\u012bgumiem<\/li>\n<\/ul>\n<p>Tas nosaka, ko j\u016bs zaud\u0113jat: \"20% biroja pre\u010du izdevumu tiek novirz\u012bti pieg\u0101d\u0101t\u0101jiem, ar kuriem nav nosl\u0113gti l\u012bgumi, un to vid\u0113j\u0101s cenas ir 15% augst\u0101kas. Potenci\u0101lie gada ietaup\u012bjumi: $X.\"<\/p>\n\n<p><strong>t\u0113ri\u0146u iesp\u0113jas:<\/strong><\/p>\n<p>Nelieli pirkumi ar simtiem pieg\u0101d\u0101t\u0101ju. Atsevi\u0161\u0137i tie nav svar\u012bgi. Kopum\u0101 tie ir noz\u012bm\u012bgi izdevumi bez sviras efekta un augst\u0101m administrat\u012bvaj\u0101m izmaks\u0101m.<\/p>\n<p>M\u0101ksl\u012bgais intelekts identific\u0113 t\u0113ri\u0146u mode\u013cus:<\/p>\n<ul>\n<li>Kategorijas ar p\u0101rm\u0113r\u012bgu pieg\u0101d\u0101t\u0101ju sadrumstalot\u012bbu<\/li>\n<li>Pieg\u0101d\u0101t\u0101ji ar minim\u0101liem gada izdevumiem, bet bie\u017eiem dar\u012bjumiem<\/li>\n<li>Iesp\u0113jas novirz\u012bt \"astes\" izdevumus v\u0113lamajiem pieg\u0101d\u0101t\u0101jiem<\/li>\n<li>Kategorijas, kur\u0101s katalogi vai iepirkuma kartes samazin\u0101tu sadrumstalot\u012bbu<\/li>\n<\/ul>\n\n\n<h4 class=\"wp-block-heading\">Maverick t\u0113ri\u0146u atkl\u0101\u0161ana<\/h4>\n\n\n<p>Maverick izdevumi ir iepirkumi, kas notiek \u0101rpus apstiprin\u0101tiem procesiem un pieg\u0101d\u0101t\u0101jiem. Tie nav \u013caunpr\u0101t\u012bgi. Tie ir cilv\u0113ki, kas cen\u0161as paveikt savu darbu, kad apstiprin\u0101tais process ir p\u0101r\u0101k l\u0113ns.<\/p>\n<p>Ta\u010du tas maks\u0101 naudu. Nav apjoma sviras efekta. Nav sarunu noteikumu. Nav izdevumu redzam\u012bbas. Bie\u017ei vien augst\u0101kas cenas.<\/p>\n<p>M\u0101ksl\u012bgais intelekts pamana d\u012bvainus t\u0113ri\u0146u mode\u013cus:<\/p>\n<ul>\n<li><strong>\u0100rpusl\u012bguma pirkumi:<\/strong> Iepirk\u0161ana no pieg\u0101d\u0101t\u0101jiem, kas nav v\u0113lamie pieg\u0101d\u0101t\u0101ji, ja past\u0101v l\u012bgumiskas iesp\u0113jas.<\/li>\n<li><strong>Politikas p\u0101rk\u0101pumi:<\/strong> Iepirkumi, kas apiet apstiprin\u0101\u0161anas pras\u012bbas vai p\u0101rsniedz dele\u0123\u0113\u0161anas ierobe\u017eojumus.<\/li>\n<li><strong>P-kartes \u013caunpr\u0101t\u012bga izmanto\u0161ana:<\/strong> Korporat\u012bvo kar\u0161u pirkumi prec\u0113m, kuras b\u016btu j\u0101ieg\u0101d\u0101jas ar iepirkuma proced\u016bru.<\/li>\n<li><strong>Dublik\u0101tu pieg\u0101d\u0101t\u0101ji:<\/strong> Da\u017e\u0101di departamenti izmanto da\u017e\u0101dus pieg\u0101d\u0101t\u0101jus vien\u0101m un t\u0101m pa\u0161\u0101m prec\u0113m.<\/li>\n<li><strong>Neapstiprin\u0101ti pieg\u0101d\u0101t\u0101ji:<\/strong> Iepirkumi no pieg\u0101d\u0101t\u0101jiem, kas nav iek\u013cauti apstiprin\u0101to pieg\u0101d\u0101t\u0101ju sarakst\u0101.<\/li>\n<\/ul>\n<p>T\u0101 ne tikai atz\u012bm\u0113 p\u0101rk\u0101pumus. T\u0101 analiz\u0113 ar\u012b to iemeslus:<\/p>\n<ul>\n<li>Vai apstiprin\u0101\u0161anas process ir p\u0101r\u0101k l\u0113ns?<\/li>\n<li>Vai v\u0113lamie pieg\u0101d\u0101t\u0101ji neatbilst vajadz\u012bb\u0101m?<\/li>\n<li>Vai cilv\u0113ki nezina, kas ir ieteicamie pieg\u0101d\u0101t\u0101ji?<\/li>\n<li>Vai j\u016bsu pieg\u0101d\u0101t\u0101ju b\u0101z\u0113 ir likum\u012bgi tr\u016bkumi?<\/li>\n<\/ul>\n<p>J\u016bs ieg\u016bstat praktiski izmantojamu inform\u0101ciju. Ne tikai \"neliet\u012bgi t\u0113ri\u0146i ir slikti\", bet \"neliet\u012bgi t\u0113ri\u0146i notiek \u0161aj\u0101s kategorij\u0101s \u0161o iemeslu d\u0113\u013c, un \u0161eit ir nor\u0101d\u012bts, ko ar to dar\u012bt.\"<\/p>\n\n\n<h4 class=\"wp-block-heading\">Sal\u012bdzin\u0101\u0161ana ar tirgus likm\u0113m<\/h4>\n\n\n<p>J\u016bs maks\u0101jat $50 par vien\u012bbu. Bet vai tas ir labi? J\u016bs nezin\u0101t bez tirgus konteksta.<\/p>\n<p>M\u0101ksl\u012bgais intelekts nodro\u0161ina sal\u012bdzino\u0161o nov\u0113rt\u0113\u0161anu:<\/p>\n<ul>\n<li><strong>Tirgus cenu sal\u012bdzin\u0101jums:<\/strong> K\u0101 j\u016bsu cenas ir sal\u012bdzin\u0101mas ar l\u012bdz\u012bgu produktu tirgus cen\u0101m?<\/li>\n<li><strong>Nozares etaloni:<\/strong> K\u0101 j\u016bsu izdevumi ir sal\u012bdzin\u0101mi ar l\u012bdz\u012bgiem uz\u0146\u0113mumiem j\u016bsu nozar\u0113?<\/li>\n<li><strong>Re\u0123ion\u0101l\u0101s at\u0161\u0137ir\u012bbas:<\/strong> Vai da\u017e\u0101dos re\u0123ionos maks\u0101jat da\u017e\u0101das cenas? Vai \u0161\u012bs at\u0161\u0137ir\u012bbas ir pamatotas?<\/li>\n<li><strong>Cenu tenden\u010du anal\u012bze:<\/strong> Vai tirgus cenas pieaug vai kr\u012btas? Vai j\u016bsu l\u012bgum\u0101 noteikt\u0101s cenas main\u0101s l\u012bdz ar tirgu?<\/li>\n<li><strong>Vajadz\u0113tu izmaksu model\u0113\u0161ana:<\/strong> Pamatojoties uz materi\u0101lu izmaks\u0101m, darbasp\u0113ka izmaks\u0101m un pe\u013c\u0146u, cik jums b\u016btu j\u0101maks\u0101?<\/li>\n<\/ul>\n<p>Tas nav ide\u0101li. Tirgus cenas at\u0161\u0137iras atkar\u012bb\u0101 no apjoma, specifik\u0101cij\u0101m, pakalpojumu l\u012bme\u0146iem un attiec\u012bb\u0101m. Ta\u010du orient\u0113jo\u0161as nor\u0101des ir v\u0113rt\u012bgas.<\/p>\n<p>J\u016bs maks\u0101jat 20% virs tirgus vid\u0113j\u0101 l\u012bme\u0146a? Laiks izp\u0113t\u012bt. Vai nu j\u016bsu specifik\u0101cijas attaisno augst\u0101kas izmaksas, vai ar\u012b jums ir iesp\u0113ja vienoties.<\/p>\n<p>Tirgus cenas samazin\u0101j\u0101s par 10%, bet j\u016bsu l\u012bgums nav piel\u0101gots? Laiks apspriesties ar pieg\u0101d\u0101t\u0101ju.<\/p>\n\n\n<h4 class=\"wp-block-heading\">Prognozes N\u0101kotnes izdevumi<\/h4>\n\n\n<p>Bud\u017eeta pl\u0101no\u0161ana liel\u0101kaj\u0101 da\u013c\u0101 uz\u0146\u0113mumu ir tikai min\u0113jums. Pag\u0101ju\u0161\u0101 gada izdevumi plus da\u017ei procenti. Cerams, ka tas ir tuvu.<\/p>\n<p>M\u0101ksl\u012bgais intelekts prognoz\u0113, pamatojoties uz faktiskajiem mode\u013ciem:<\/p>\n<ul>\n<li><strong>Tenden\u010du anal\u012bze:<\/strong> K\u0101 t\u0113ri\u0146i ir main\u012bju\u0161ies v\u0113sturiski? K\u0101di ir mode\u013ci?<\/li>\n<li><strong>Sezonalit\u0101te:<\/strong> Kur\u0101m kategorij\u0101m ir sezon\u0101las sv\u0101rst\u012bbas? Kad notiek straujie k\u0101pumi?<\/li>\n<li><strong>L\u012bgumsaist\u012bbas:<\/strong> K\u0101ds ir j\u016bsu pien\u0101kums t\u0113r\u0113t l\u012bdzek\u013cus, pamatojoties uz sp\u0113k\u0101 eso\u0161ajiem l\u012bgumiem?<\/li>\n<li><strong>Aug\u0161anas faktori:<\/strong> Uz\u0146\u0113m\u0113jdarb\u012bbas izaugsme. Darbinieku skaita izmai\u0146as. Papla\u0161in\u0101\u0161an\u0101s pl\u0101ni. K\u0101 tas ietekm\u0113 izdevumus?<\/li>\n<li><strong>Cenu k\u0101pums:<\/strong> L\u012bgum\u0101 paredz\u0113tais cenu pieaugums. Tirgus tendences. Paredzam\u0101 infl\u0101cijas ietekme.<\/li>\n<li><strong>Iniciat\u012bvas ietekme:<\/strong> K\u0101 pl\u0101notie projekti vai izmai\u0146as ietekm\u0113s izdevumus?<\/li>\n<\/ul>\n<p>J\u016bs sa\u0146emat izdevumu prognozes pa kategorij\u0101m, pieg\u0101d\u0101t\u0101jiem un noda\u013c\u0101m. Lab\u0101ka bud\u017eeta pl\u0101no\u0161ana. Agr\u012bns br\u012bdin\u0101jums, ja izdevumi p\u0101rsniedz prognoz\u0113tos. Redzams, kas nosaka izmai\u0146as.<\/p>\n<p>Finan\u0161u ministrija jaut\u0101: \"K\u0101p\u0113c 3. ceturk\u0161\u0146a izdevumi par $200K p\u0101rsniedz bud\u017eetu?\" J\u016bs varat atbild\u0113t, izmantojot datus, nevis min\u0113jumus.<\/p>\n\n\n<hr class=\"wp-block-separator has-alpha-channel-opacity\"\/>\n\n\n\n<h3 class=\"wp-block-heading\">Ko tas noz\u012bm\u0113 jums<\/h3>\n\n\n\n<h4 class=\"wp-block-heading\">CPO un iepirkumu vad\u012bt\u0101jiem<\/h4>\n\n\n<p>J\u016bs ieg\u016bstat redzam\u012bbu, ko vienm\u0113r esat v\u0113l\u0113jies, bet nekad nav bijis laika to izveidot.<\/p>\n<ul>\n<li><strong>Skaidra izdevumu p\u0101rredzam\u012bba:<\/strong> Ziniet, kur tiek novirz\u012bta nauda. P\u0113c kategorijas. P\u0113c pieg\u0101d\u0101t\u0101ja. P\u0113c noda\u013cas. Re\u0101laj\u0101 laik\u0101.<\/li>\n<li><strong>Kvantitat\u012bvi noteiktas ietaup\u012bjumu iesp\u0113jas:<\/strong> Ne priek\u0161nojautas. Konkr\u0113tas iesp\u0113jas ar piesaist\u012bt\u0101m dol\u0101ru summ\u0101m.<\/li>\n<li><strong>Dati sarunu vad\u012b\u0161anai:<\/strong> Tirgus etaloni. Izdevumu koncentr\u0101cija. Cenu sv\u0101rst\u012bbas. Pier\u0101d\u012bjumi par lab\u0101kiem dar\u012bjumiem.<\/li>\n<li><strong>Strat\u0113\u0123isk\u0101 kategoriju p\u0101rvald\u012bba:<\/strong> Nosakiet, kur\u0101m kategorij\u0101m j\u0101piev\u0113r\u0161 uzman\u012bba. Izvirziet priorit\u0101tes, pamatojoties uz iesp\u0113ju lielumu.<\/li>\n<li><strong>Iepirkuma izpildes r\u0101d\u012bt\u0101ji:<\/strong> Sekojiet l\u012bdzi ietaup\u012bjumiem. L\u012bguma atbilst\u012bba. Maverick izdevumi. Kategoriju izmaksu tendences.<\/li>\n<\/ul>\n\n\n<h4 class=\"wp-block-heading\">Iepirkumu vad\u012bt\u0101jiem un pirc\u0113jiem<\/h4>\n\n\n<p>J\u016bs zin\u0101t, uz ko koncentr\u0113t p\u016bles, lai pan\u0101ktu maksim\u0101lu ietekmi.<\/p>\n<ul>\n<li><strong>Ziniet, kur tiek novirz\u012bta nauda:<\/strong> Net\u0113r\u0113jot ned\u0113\u013c\u0101m ilgi, lai veidotu zi\u0146ojumus. T\u016bl\u012bt\u0113jas atbildes uz jaut\u0101jumiem par t\u0113ri\u0146iem.<\/li>\n<li><strong>Koncentr\u0113jieties uz augstas ietekmes kategorij\u0101m:<\/strong> Noskaidrojiet, kur\u0101s kategorij\u0101s ir liel\u0101k\u0101s ietaup\u012bjumu iesp\u0113jas. Strat\u0113\u0123iski nosakiet priorit\u0101tes.<\/li>\n<li><strong>Pieg\u0101d\u0101t\u0101ju konsolid\u0101cijas m\u0113r\u0137i:<\/strong> Noskaidrojiet, kur jums ir p\u0101r\u0101k daudz pieg\u0101d\u0101t\u0101ju un ko konsolid\u0101cija var\u0113tu ietaup\u012bt.<\/li>\n<li><strong>L\u012bgumu atbilst\u012bbas redzam\u012bba:<\/strong> P\u0101rbaudiet, kur l\u012bgum\u0101 paredz\u0113tie termini netiek izmantoti. Veicin\u0101t pie\u0146em\u0161anu.<\/li>\n<li><strong>Sagatavo\u0161an\u0101s sarun\u0101m:<\/strong> Iesaistieties diskusij\u0101s ar pieg\u0101d\u0101t\u0101jiem, izmantojot izdevumu datus un tirgus kontekstu.<\/li>\n<\/ul>\n\n\n<h4 class=\"wp-block-heading\">Finan\u0161u komand\u0101m<\/h4>\n\n\n<p>Ieg\u016bsiet izdevumu p\u0101rredzam\u012bbu un bud\u017eeta precizit\u0101ti, k\u0101da jums v\u0113l nav bijusi.<\/p>\n<ul>\n<li><strong>Lab\u0101ka bud\u017eeta precizit\u0101te:<\/strong> Prognozes, kas balst\u012btas uz faktiskajiem t\u0113ri\u0146u mode\u013ciem, nevis pie\u0146\u0113mumiem.<\/li>\n<li><strong>pamatoti iepirkuma ieguld\u012bjumi:<\/strong> dokument\u0113tas ietaup\u012bjumu iesp\u0113jas, kas attaisno iepirkuma resursus.<\/li>\n<li><strong>Dokument\u0113ti ietaup\u012bjumi:<\/strong> Iepirkuma iniciat\u012bvu ietaup\u012bjumu izseko\u0161ana. Par\u0101diet ROI.<\/li>\n<li><strong>Novir\u017eu anal\u012bze:<\/strong> Izpratne par to, kas nosaka izdevumu izmai\u0146as. Re\u0101li iemesli, nevis teorijas.<\/li>\n<li><strong>Izmaksu kontrole:<\/strong> agr\u012bns br\u012bdin\u0101jums, ja izdevumi p\u0101rsniedz bud\u017eetu. Laiks r\u012bkoties, pirms nav par v\u0113lu.<\/li>\n<\/ul>\n\n\n<hr class=\"wp-block-separator has-alpha-channel-opacity\"\/>\n\n\n\n<h3 class=\"wp-block-heading\">Ko m\u0101ksl\u012bgais intelekts nedar\u012bs<\/h3>\n\n\n<p>Skaidri paskaidrosim, kas nav izdevumu anal\u012bzes m\u0101ksl\u012bgais intelekts.<\/p>\n<p>M\u0101ksl\u012bgais intelekts neuzkr\u0101j ietaup\u012bjumus autom\u0101tiski. Tas identific\u0113 iesp\u0113jas. Cilv\u0113kiem ir j\u0101r\u012bkojas. Risin\u0101t sarunas ar pieg\u0101d\u0101t\u0101jiem. Konsolid\u0113t apjomu. Nodro\u0161in\u0101t l\u012bgumu iev\u0113ro\u0161anu.<\/p>\n<p>M\u0101ksl\u012bgais intelekts nesaprot kontekstu bez cilv\u0113ka ieguld\u012bjuma. Da\u017ereiz augst\u0101kas cenas ir pamatotas ar kvalit\u0101ti, pakalpojumu vai strat\u0113\u0123isk\u0101m attiec\u012bb\u0101m. Da\u017ek\u0101rt pieg\u0101d\u0101t\u0101ju sadrumstalot\u012bba kalpo savam m\u0113r\u0137im. M\u0101ksl\u012bgais intelekts atz\u012bm\u0113 skait\u013cus; j\u016bs izmantojat biznesa spriedumu.<\/p>\n<p>M\u0101ksl\u012bgais intelekts nenov\u0113r\u0161 sliktus iepirkuma procesus. Ja j\u016bsu procesi ir l\u0113ni un cilv\u0113ki tos apiet, izdevumu anal\u012bze par\u0101d\u012bs probl\u0113mu. Ta\u010du t\u0101s nov\u0113r\u0161anai ir nepiecie\u0161ami procesu uzlabojumi, nevis tikai anal\u012bze.<\/p>\n<p>M\u0101ksl\u012bgais intelekts padara izdevumus redzamus. R\u0101da, kur ir iesp\u0113jas. Kvantitat\u012bvi noteikt potenci\u0101los ietaup\u012bjumus. Sekojiet l\u012bdzi progresam.<\/p>\n<p>J\u016bsu iepirkuma komandai joproj\u0101m ir j\u0101veic darbs. Ta\u010du vi\u0146i to dara, vadoties p\u0113c skaidriem nor\u0101d\u012bjumiem, nevis nojau\u0161ot.<\/p>\n\n\n<hr class=\"wp-block-separator has-alpha-channel-opacity\"\/>\n\n\n\n<h3 class=\"wp-block-heading\">Izdevumu anal\u012bzes AI re\u0101lie rezult\u0101ti<\/h3>\n\n\n<p>L\u016bk, k\u0101 tas izskat\u0101s praks\u0113:<\/p>\n\n<p><strong>Nep\u0101rtraukta izdevumu p\u0101rredzam\u012bba:<\/strong> Nek\u0101du ceturk\u0161\u0146a izdevumu anal\u012bzes projektu. Re\u0101llaika kategoriz\u0113\u0161ana un atskai\u0161u sagatavo\u0161ana. T\u016bl\u012bt\u0113jas atbildes uz jaut\u0101jumiem.<\/p>\n\n<p><strong>Uzkr\u0101jumu identifik\u0101cija:<\/strong> Parasti uz\u0146\u0113mumi pirmaj\u0101 anal\u012bz\u0113 atrod 8-15% ietaup\u012bjumu iesp\u0113ju. Ne visi ietaup\u012bjumi ir realiz\u0113jami, bet pietiekami, lai attaisnotu p\u016bles.<\/p>\n\n<p><strong>\u0100tr\u0101ka kategorijas strat\u0113\u0123ija:<\/strong> Kategoriju iesp\u0113ju identific\u0113\u0161ana, kas pras\u012bja ned\u0113\u013c\u0101m, tagad aiz\u0146em da\u017eas dienas. Vair\u0101k kategoriju tiek p\u0101rvald\u012btas strat\u0113\u0123iski.<\/p>\n\n<p><strong>Lab\u0101kas sarunas:<\/strong> Pirc\u0113ji iesaist\u0101s diskusij\u0101s ar datiem. Lab\u0101ki rezult\u0101ti, ja zin\u0101t savus izdevumus, tirgus likmes un sviras punktus.<\/p>\n\n<p><strong>Maverick izdevumu samazin\u0101\u0161ana:<\/strong> Redzam\u012bba veicina uzlabojumus. Ja m\u0113ra un zi\u0146o par nelietder\u012bgiem t\u0113ri\u0146iem, tie samazin\u0101s. Parasti laika gait\u0101 samazin\u0101jums ir 30-50%.<\/p>\n\n<p>Runa nav par iepirkuma komandu aizst\u0101\u0161anu ar m\u0101ksl\u012bgo intelektu. Runa ir par to, k\u0101 nodro\u0161in\u0101t t\u0101m redzam\u012bbu un r\u012bkus, lai t\u0101s var\u0113tu r\u012bkoties strat\u0113\u0123isk\u0101k.<\/p>\n\n\n<hr class=\"wp-block-separator has-alpha-channel-opacity\"\/>\n\n\n\n<h3 class=\"wp-block-heading\">Vai esat gatavs noskaidrot, kur tiek t\u0113r\u0113ta J\u016bsu nauda?<\/h3>\n\n\n<p>Katra uz\u0146\u0113muma izdevumu dati ir at\u0161\u0137ir\u012bgi. At\u0161\u0137ir\u012bgas sist\u0113mas. Da\u017e\u0101das strukt\u016bras. At\u0161\u0137ir\u012bgas kategorijas, kas ir svar\u012bgas j\u016bsu uz\u0146\u0113mumam.<\/p>\n<p>M\u0113s nep\u0101rdodam univers\u0101lus izdevumu anal\u012bzes r\u012bkus. M\u0113s analiz\u0113jam j\u016bsu konkr\u0113tos datu avotus un izdevumu mode\u013cus. M\u0113s izveidojam kategoriz\u0101ciju, kas atbilst j\u016bsu kategoriju p\u0101rvald\u012bbai. M\u0113s veidojam p\u0101rskatus un br\u012bdin\u0101jumus, kas atbild uz j\u016bsu specifiskajiem jaut\u0101jumiem.<\/p>\n<p>Nav sol\u012bjumu, ka j\u016bs atrad\u012bsiet miljonus ietaup\u012bjumu. Tikai skaidri redzams, kur j\u016bs t\u0113r\u0113jat naudu un kur ir iesp\u0113jas.<\/p>\n\n<p><a href=\"https:\/\/www.leaplytics.de\/lv\/kontaktinformacija\/\">Apspried\u012bsim j\u016bsu izdevumu anal\u012bzes vajadz\u012bbas<\/a><\/p>\n\n<p><a href=\"https:\/\/www.leaplytics.de\/lv\/iepirkums-ai\/\">Atgriezties pie Sourcing &amp; Procurement AI<\/a><\/p>","protected":false},"excerpt":{"rendered":"<p>M\u0101ksl\u012bgais intelekts izdevumu anal\u012bzei un optimiz\u0101cijai: J\u016bs t\u0113r\u0113jat miljoniem. Bet kur tie\u0161i? Kuriem pieg\u0101d\u0101t\u0101jiem? Kur\u0101m kategorij\u0101m? Par k\u0101d\u0101m cen\u0101m? Sal\u012bdzinot ar to, ko jums vajadz\u0113tu maks\u0101t? Liel\u0101k\u0101 da\u013ca uz\u0146\u0113mumu nevar atbild\u0113t uz \u0161iem jaut\u0101jumiem. Ne t\u0101p\u0113c, ka vi\u0146i neseko l\u012bdzi izdevumiem. Tiem ir ERP. Tiem ir iepirkumu sist\u0113mas. Tiem ir ... <\/p>","protected":false},"author":2,"featured_media":0,"parent":0,"menu_order":0,"comment_status":"closed","ping_status":"closed","template":"","meta":{"footnotes":""},"class_list":["post-14512","page","type-page","status-publish","hentry","latest_post"],"_links":{"self":[{"href":"https:\/\/www.leaplytics.de\/lv\/wp-json\/wp\/v2\/pages\/14512","targetHints":{"allow":["GET"]}}],"collection":[{"href":"https:\/\/www.leaplytics.de\/lv\/wp-json\/wp\/v2\/pages"}],"about":[{"href":"https:\/\/www.leaplytics.de\/lv\/wp-json\/wp\/v2\/types\/page"}],"author":[{"embeddable":true,"href":"https:\/\/www.leaplytics.de\/lv\/wp-json\/wp\/v2\/users\/2"}],"replies":[{"embeddable":true,"href":"https:\/\/www.leaplytics.de\/lv\/wp-json\/wp\/v2\/comments?post=14512"}],"version-history":[{"count":1,"href":"https:\/\/www.leaplytics.de\/lv\/wp-json\/wp\/v2\/pages\/14512\/revisions"}],"predecessor-version":[{"id":14520,"href":"https:\/\/www.leaplytics.de\/lv\/wp-json\/wp\/v2\/pages\/14512\/revisions\/14520"}],"wp:attachment":[{"href":"https:\/\/www.leaplytics.de\/lv\/wp-json\/wp\/v2\/media?parent=14512"}],"curies":[{"name":"wp","href":"https:\/\/api.w.org\/{rel}","templated":true}]}}