{"id":14513,"date":"2025-12-19T02:02:54","date_gmt":"2025-12-19T01:02:54","guid":{"rendered":"https:\/\/www.leaplytics.de\/?page_id=14513"},"modified":"2025-12-19T02:02:55","modified_gmt":"2025-12-19T01:02:55","slug":"piegadataju-atklasanas-novertesana-ai","status":"publish","type":"page","link":"https:\/\/www.leaplytics.de\/lv\/piegadataju-atklasanas-novertesana-ai\/","title":{"rendered":"Pieg\u0101d\u0101t\u0101ju atkl\u0101\u0161anas un nov\u0113rt\u0113\u0161anas AI"},"content":{"rendered":"<h2>M\u0101ksl\u012bgais intelekts pieg\u0101d\u0101t\u0101ju atkl\u0101\u0161anai un nov\u0113rt\u0113\u0161anai: Lab\u0101ku pieg\u0101d\u0101t\u0101ju \u0101tr\u0101ka atra\u0161ana<\/h2>\n\n<p>Viens no svar\u012bg\u0101kajiem l\u0113mumiem iepirkuma jom\u0101 ir atrast pareizo pieg\u0101d\u0101t\u0101ju. Ja to izdar\u012bsiet pareizi, ieg\u016bsiet kvalitat\u012bvus produktus, uzticamu pieg\u0101di un konkur\u0113tsp\u0113j\u012bgas cenas. Ja to izdar\u012bsiet nepareizi, saskarsieties ar kav\u0113\u0161anos, kvalit\u0101tes probl\u0113m\u0101m un bud\u017eeta p\u0101rsnieg\u0161anu.<\/p>\n<p>Ta\u010du pieg\u0101d\u0101t\u0101ju mekl\u0113\u0161ana un nov\u0113rt\u0113\u0161ana prasa laiku. Re\u0101ls laiks. Izp\u0113te. Zvani. Cenu sal\u012bdzin\u0101\u0161ana. Riska nov\u0113rt\u0113jums. Priek\u0161v\u0113stures p\u0101rbaudes. Katram atsevi\u0161\u0137am pieg\u0101d\u0101t\u0101jam.<\/p>\n<p>Un vairums iepirkuma komandu? T\u0101s paliek pie vieniem un tiem pa\u0161iem pieg\u0101d\u0101t\u0101jiem, jo jaunu pieg\u0101d\u0101t\u0101ju mekl\u0113\u0161ana ir p\u0101r\u0101k liels darbs. Pat tad, ja \u0161ie pieg\u0101d\u0101t\u0101ji nenodro\u0161ina vislab\u0101ko v\u0113rt\u012bbu.<\/p>\n<p>M\u0101ksl\u012bgais intelekts to maina. Tas mekl\u0113, izv\u0113rt\u0113 un sal\u012bdzina pieg\u0101d\u0101t\u0101jus \u0101tr\u0101k, nek\u0101 jebkura komanda to var izdar\u012bt manu\u0101li. Tas nenogurst. Tas neaiz\u0146emas neko. Tas objekt\u012bvi analiz\u0113 katru iesp\u0113ju.<\/p>\n\n\n<hr class=\"wp-block-separator has-alpha-channel-opacity\"\/>\n\n\n\n<h3 class=\"wp-block-heading\">Probl\u0113ma ar pieg\u0101d\u0101t\u0101ju atkl\u0101\u0161anu \u0161odien<\/h3>\n\n\n<p>L\u016bk, k\u0101 vairumam iepirkumu komandu izskat\u0101s pieg\u0101d\u0101t\u0101ju atkl\u0101\u0161ana:<\/p>\n<p>K\u0101dam ir nepiecie\u0161ams jauns pieg\u0101d\u0101t\u0101js. Varb\u016bt pa\u0161reiz\u0113jais paaugstin\u0101ja cenas. Varb\u016bt pazemin\u0101j\u0101s kvalit\u0101te. Varb\u016bt j\u016bs ievie\u0161at kaut ko jaunu.<\/p>\n<p>T\u0101p\u0113c pirc\u0113js s\u0101k izp\u0113ti. Mekl\u0113 Google. Nozaru katalogi. Tirdzniec\u012bbas izst\u0101des. Kol\u0113\u0123u ieteikumi. Stundas, pavad\u012btas, mekl\u0113jot potenci\u0101l\u0101s iesp\u0113jas.<\/p>\n<p>P\u0113c tam seko nov\u0113rt\u0113\u0161ana. Finan\u0161u p\u0101rbaudes. Sp\u0113ju nov\u0113rt\u0113jums. Atsauksmju piepras\u012bjumi. Cenu pied\u0101v\u0101jumu, kas nav vien\u0101di struktur\u0113ti, sal\u012bdzin\u0101\u0161ana. M\u0113\u0123in\u0101jumi nov\u0113rt\u0113t risku bez piln\u012bgas inform\u0101cijas.<\/p>\n<p>Tas aiz\u0146em vair\u0101kas ned\u0113\u013cas. Da\u017ek\u0101rt m\u0113ne\u0161iem, ja tas attiecas uz kritiski svar\u012bgiem pieg\u0101d\u0101t\u0101jiem. Un beig\u0101s? J\u016bs joproj\u0101m varat palaist gar\u0101m lab\u0101ko iesp\u0113ju, jo nezin\u0101j\u0101t, ka t\u0101 eksist\u0113.<\/p>\n<p>Vai v\u0113l slikt\u0101k - j\u016bs atrodat pieg\u0101d\u0101t\u0101ju, kas izskat\u0101s labi uz pap\u012bra, bet p\u0113c se\u0161iem m\u0113ne\u0161iem tas rada probl\u0113mas, kuras jums vajadz\u0113ja paman\u012bt nov\u0113rt\u0113\u0161anas laik\u0101.<\/p>\n\n\n<hr class=\"wp-block-separator has-alpha-channel-opacity\"\/>\n\n\n\n<h3 class=\"wp-block-heading\">Ko AI dara pieg\u0101d\u0101t\u0101ju atkl\u0101\u0161an\u0101 un nov\u0113rt\u0113\u0161an\u0101<\/h3>\n\n\n<p>M\u0101ksl\u012bgais intelekts ne tikai pa\u0101trina pieg\u0101d\u0101t\u0101ju atra\u0161anu. Tas padara to lab\u0101ku. R\u016bp\u012bg\u0101k. Objekt\u012bv\u0101ku. L\u016bk, k\u0101.<\/p>\n\n\n<h4 class=\"wp-block-heading\">Autom\u0101tiski identific\u0113 potenci\u0101los pieg\u0101d\u0101t\u0101jus<\/h4>\n\n\n<p>Pasakiet m\u0101ksl\u012bgajam intelektam, kas jums nepiecie\u0161ams. Produkta specifik\u0101cijas. Pakalpojumu pras\u012bbas. \u0122eogr\u0101fisk\u0101s v\u0113lmes. Apjoms. Sertifik\u0101ti.<\/p>\n<p>T\u0101 mekl\u0113 visur. Publisk\u0101s datub\u0101z\u0113s. Nozaru sarakstos. Uz\u0146\u0113mumu re\u0123istri. Tirdzniec\u012bbas publik\u0101cijas. Pat analiz\u0113, kuri pieg\u0101d\u0101t\u0101ji apkalpo j\u016bsu konkurentus.<\/p>\n<p>T\u0101 neatrod tikai ac\u012bmredzamos v\u0101rdus, kurus visi zina. T\u0101 atkl\u0101j maz\u0101kus pieg\u0101d\u0101t\u0101jus, kurus j\u016bs nekad neatrad\u012bsiet manu\u0101li. Re\u0123ion\u0101lie sp\u0113l\u0113t\u0101ji ar lab\u0101k\u0101m cen\u0101m. Speci\u0101listus ar unik\u0101l\u0101m iesp\u0113j\u0101m.<\/p>\n<p>J\u016bs da\u017eu min\u016b\u0161u laik\u0101 sa\u0146emat visaptvero\u0161u sarakstu. Ne tr\u012bs pieg\u0101d\u0101t\u0101jus, kurus k\u0101ds nejau\u0161i zina. Visas iesp\u0113jam\u0101s iesp\u0113jas.<\/p>\n\n\n<h4 class=\"wp-block-heading\">Vispus\u012bgi nov\u0113rt\u0113 pieg\u0101d\u0101t\u0101ju risku<\/h4>\n\n\n<p>M\u0101ksl\u012bgais intelektiskais intelekts apkopo riska inform\u0101ciju no vair\u0101kiem avotiem:<\/p>\n<ul>\n<li><strong>Finan\u0161u stabilit\u0101te:<\/strong> Uz\u0146\u0113muma finan\u0161u dati. Kred\u012btreitingi. Maks\u0101jumu v\u0113sture. Naudas pl\u016bsmas r\u0101d\u012bt\u0101ji.<\/li>\n<li><strong>Atbilst\u012bbas v\u0113sture:<\/strong> Ties\u012bbu aktu p\u0101rk\u0101pumi. Juridiskie jaut\u0101jumi. Nozares sankcijas. Kvalit\u0101tes sertifik\u0101cija.<\/li>\n<li><strong>Reput\u0101cijas sign\u0101li:<\/strong> Zi\u0146u piemin\u0113jumi. Klientu atsauksmes. Nozares v\u0113rt\u0113jumi. Soci\u0101lo mediju noska\u0146ojums.<\/li>\n<li><strong>Darb\u012bbas jauda:<\/strong> Ra\u017eo\u0161anas iesp\u0113jas. Klientu saraksts. \u0122eogr\u0101fiskais p\u0101rkl\u0101jums. Tehnolo\u0123iju infrastrukt\u016bra.<\/li>\n<li><strong>Pieg\u0101des \u0137\u0113des risks:<\/strong> Atkar\u012bba no atsevi\u0161\u0137iem avotiem. \u0122eogr\u0101fisk\u0101 koncentr\u0101cija. \u0122eopolitisk\u0101 ietekme.<\/li>\n<\/ul>\n<p>T\u0101 ne tikai apkopo datus. T\u0101 tos analiz\u0113. Atz\u012bm\u0113 sarkanos karodzi\u0146us. Nov\u0113rt\u0113 riska l\u012bme\u0146us. par\u0101da, kas ir svar\u012bgi.<\/p>\n<p>Pieg\u0101d\u0101t\u0101js izskat\u0101s lieliski, bet pret vi\u0146u ir ierosin\u0101tas tr\u012bs tiesas pr\u0101vas? M\u0101ksl\u012bgais intelekts to atz\u012bm\u0113. Mazs uz\u0146\u0113mums ar stabiliem finan\u0161u r\u0101d\u012bt\u0101jiem, bet atkar\u012bgs no viena klienta? J\u016bs to uzzin\u0101siet, pirms uz\u0146ematies saist\u012bbas.<\/p>\n\n\n<h4 class=\"wp-block-heading\">Pieg\u0101d\u0101t\u0101ju kvalifik\u0101cijas nov\u0113rt\u0113\u0161ana atbilsto\u0161i j\u016bsu krit\u0113rijiem<\/h4>\n\n\n<p>Katram uz\u0146\u0113mumam ir at\u0161\u0137ir\u012bgas pieg\u0101d\u0101t\u0101ju pras\u012bbas. Da\u017eiem priorit\u0101te ir sertifik\u0101cija. Da\u017eiem ir nepiecie\u0161amas \u012bpa\u0161as sp\u0113jas. Da\u017eiem nepiecie\u0161ams \u0123eogr\u0101fiskais tuvums.<\/p>\n<p>J\u016bs nosakiet savus krit\u0113rijus. M\u0101ksl\u012bgais intelekts p\u0113c tiem izv\u0113rt\u0113 katru pieg\u0101d\u0101t\u0101ju:<\/p>\n<ul>\n<li>Vai vi\u0146iem ir atbilsto\u0161i sertifik\u0101ti? (ISO, nozarei specifiski, kvalit\u0101tes standarti)<\/li>\n<li>Vai tie sp\u0113j apstr\u0101d\u0101t j\u016bsu apjomu? (Ra\u017eo\u0161anas jauda, m\u0113rogojam\u012bba, izpildes laiks)<\/li>\n<li>Vai vi\u0146iem ir atbilsto\u0161a pieredze? (l\u012bdz\u012bgi produkti, zin\u0101\u0161anas nozar\u0113, klientu atsauksmes)<\/li>\n<li>Vai vi\u0146i ir finansi\u0101li stabili? (Ie\u0146\u0113mumi, rentabilit\u0101te, kred\u012btreitings)<\/li>\n<li>Vai tie atbilst tehniskaj\u0101m pras\u012bb\u0101m? (Iek\u0101rtas, procesi, tehnolo\u0123ijas)<\/li>\n<\/ul>\n<p>Katram pieg\u0101d\u0101t\u0101jam tiek pie\u0161\u0137irti punkti. Nov\u0113rt\u0113jums. Sal\u012bdzin\u0101ts. J\u016bs redzat, kur\u0161 patie\u0161\u0101m atbilst j\u016bsu vajadz\u012bb\u0101m, nevis kur\u0161 ir lab\u0101kais p\u0101rdo\u0161anas pied\u0101v\u0101jums.<\/p>\n<p>Un kad main\u0101s j\u016bsu krit\u0113riji? Atjauniniet v\u0113rt\u0113\u0161anas modeli vienu reizi. Katrs pieg\u0101d\u0101t\u0101js tiek nekav\u0113joties atk\u0101rtoti nov\u0113rt\u0113ts.<\/p>\n\n\n<h4 class=\"wp-block-heading\">Inteli\u0123enti sal\u012bdzina cit\u0101tus<\/h4>\n\n\n<p>Tr\u012bs pieg\u0101d\u0101t\u0101ji nos\u016bta pied\u0101v\u0101jumus. Tie visi izskat\u0101s at\u0161\u0137ir\u012bgi. Da\u017e\u0101das poz\u012bcijas. At\u0161\u0137ir\u012bgi noteikumi. Da\u017e\u0101das atlai\u017eu strukt\u016bras. To manu\u0101la sal\u012bdzin\u0101\u0161ana noz\u012bm\u0113 izveidot izkl\u0101jlapu un cer\u0113t, ka neko neesat palaidu\u0161i gar\u0101m.<\/p>\n<p>AI standartiz\u0113 cit\u0101tu sal\u012bdzin\u0101\u0161anu:<\/p>\n<ul>\n<li><strong>Kop\u0113jo izmaksu anal\u012bze:<\/strong> Ne tikai vien\u012bbas cena. Pieg\u0101de. Minim\u0101lais pas\u016bt\u012bjumu skaits. Maks\u0101juma noteikumi. Sl\u0113pt\u0101s maksas. Paties\u0101s kop\u0113j\u0101s izmaksas.<\/li>\n<li><strong>Terminu normaliz\u0113\u0161ana:<\/strong> P\u0101rv\u0113r\u0161 da\u017e\u0101das cenu pied\u0101v\u0101jumu strukt\u016bras, lai veiktu sal\u012bdzin\u0101jumus \"\u0101boli pret \u0101boliem\". P\u0101rliecin\u0101s par cenu veido\u0161anas sp\u0113l\u0113m.<\/li>\n<li><strong>Kvalit\u0101tes r\u0101d\u012bt\u0101ji:<\/strong> Garantijas nosac\u012bjumu faktori. Kvalit\u0101tes sertifik\u0101ti. Iepriek\u0161\u0113jo pas\u016bt\u012bjumu defektu l\u012bmenis. Atgrie\u0161anas politika.<\/li>\n<li><strong>Pakalpojumu l\u012bme\u0146a at\u0161\u0137ir\u012bbas:<\/strong> Pieg\u0101des \u0101trums. Pas\u016bt\u012bjuma elast\u012bgums. Klientu atbalsts. Tehnisk\u0101 pal\u012bdz\u012bba. Ne viss ir atkar\u012bgs no cenas.<\/li>\n<li><strong>L\u012bguma noteikumi:<\/strong> Maks\u0101juma noteikumi. Apjoma saist\u012bbas. Cenu korekcijas klauzulas. L\u012bguma izbeig\u0161anas nosac\u012bjumi.<\/li>\n<\/ul>\n<p>M\u0101ksl\u012bgais intelekts par\u0101da, kur\u0161 cit\u0101ts paties\u012bb\u0101 ir lab\u0101ks. Ne tikai l\u0113t\u0101ks, bet ar\u012b izdev\u012bg\u0101ks.<\/p>\n<p>Da\u017ereiz zem\u0101k\u0101 cena ir d\u0101rg\u0101ka, ja \u0146em v\u0113r\u0101 kvalit\u0101tes probl\u0113mas, l\u0113nu pieg\u0101di vai neelast\u012bgus noteikumus. M\u0101ksl\u012bgais intelekts veic apr\u0113\u0137inus.<\/p>\n\n\n<h4 class=\"wp-block-heading\">Nep\u0101rtraukti uzrauga tirgus izl\u016bkdatus<\/h4>\n\n\n<p>Pieg\u0101d\u0101t\u0101ja nov\u0113rt\u0113\u0161ana nav vienreiz\u0113js pas\u0101kums. Tirgi main\u0101s. Cenas sv\u0101rst\u0101s. Pied\u0101v\u0101juma nosac\u012bjumi main\u0101s. Tirg\u016b ien\u0101k jauni pieg\u0101d\u0101t\u0101ji.<\/p>\n<p>M\u0101ksl\u012bgais intelekts veic nep\u0101rtrauktu monitoringu:<\/p>\n<ul>\n<li><strong>Cenu tendences:<\/strong> Vai j\u016bs maks\u0101jat virs tirgus cenas? Vai cenas pieaug vai kr\u012btas? Kad jums vajadz\u0113tu p\u0101rskat\u012bt sarunas?<\/li>\n<li><strong>Pieg\u0101des nosac\u012bjumi:<\/strong> Materi\u0101lu tr\u016bkums. Jaudas ierobe\u017eojumi. Izpildes laika izmai\u0146as. Pieg\u0101des riska r\u0101d\u012bt\u0101ji.<\/li>\n<li><strong>Izmai\u0146as nozar\u0113:<\/strong> Jaunas tehnolo\u0123ijas. Normat\u012bv\u0101s izmai\u0146as. Tirgus konsolid\u0101cija. Pieg\u0101d\u0101t\u0101ju apvieno\u0161an\u0101s vai sl\u0113g\u0161ana.<\/li>\n<li><strong>Konkurences izl\u016bko\u0161ana:<\/strong> Cik maks\u0101 l\u012bdz\u012bgi uz\u0146\u0113mumi? K\u0101dus pieg\u0101d\u0101t\u0101jus tie izmanto? Tirgus pozicion\u0113\u0161anas izmai\u0146as.<\/li>\n<li><strong>Alternat\u012bvi avoti:<\/strong> jaunu pieg\u0101d\u0101t\u0101ju ien\u0101k\u0161ana tirg\u016b. Ra\u017eo\u0161anas \u0123eogr\u0101fisk\u0101s izmai\u0146as. Aizst\u0101j\u0113jmateri\u0101li vai produkti.<\/li>\n<\/ul>\n<p>Jums nav manu\u0101li j\u0101izp\u0113ta tirgus apst\u0101k\u013ci. M\u0101ksl\u012bgais intelekts sniedz jums inform\u0101ciju, kad tas ir svar\u012bgi.<\/p>\n<p>J\u016bsu kategorij\u0101 tikko ien\u0101cis jauns pieg\u0101d\u0101t\u0101js ar lab\u0101ku tehnolo\u0123iju? M\u0101ksl\u012bgais intelekts jums pasaka. Izejvielu cenas kr\u012btas, bet j\u016bsu pieg\u0101d\u0101t\u0101js nav piel\u0101gojies? J\u016bs to uzzin\u0101siet pirms n\u0101kamaj\u0101m sarun\u0101m.<\/p>\n\n\n<hr class=\"wp-block-separator has-alpha-channel-opacity\"\/>\n\n\n\n<h3 class=\"wp-block-heading\">Ko tas noz\u012bm\u0113 jums<\/h3>\n\n\n\n<h4 class=\"wp-block-heading\">CPO un iepirkumu vad\u012bt\u0101jiem<\/h4>\n\n\n<p>J\u016bs ieg\u016bstat strat\u0113\u0123isk\u0101s pieg\u0101des iesp\u0113jas, nepalielinot savu komandu.<\/p>\n<ul>\n<li><strong>Lab\u0101ka pieg\u0101d\u0101t\u0101ju izv\u0113le:<\/strong> Izv\u0113rt\u0113tas vair\u0101kas iesp\u0113jas. Objekt\u012bva v\u0113rt\u0113\u0161ana. Uz pier\u0101d\u012bjumiem balst\u012bti l\u0113mumi.<\/li>\n<li><strong>Zem\u0101ks risks:<\/strong> agr\u012bna br\u012bdin\u0101\u0161ana par pieg\u0101d\u0101t\u0101ju probl\u0113m\u0101m. Visaptvero\u0161s riska nov\u0113rt\u0113jums pirms saist\u012bbu uz\u0146em\u0161an\u0101s.<\/li>\n<li><strong>Konkur\u0113tsp\u0113j\u012bg\u0101kas cenas:<\/strong> Tirgus izp\u0113te sarun\u0101m. Cenu tenden\u010du un alternat\u012bvu p\u0101rredzam\u012bba.<\/li>\n<li><strong>Strat\u0113\u0123iskais fokuss:<\/strong> J\u016bsu komanda risina sarunas un veido attiec\u012bbas, nevis p\u0113ta pieg\u0101d\u0101t\u0101jus.<\/li>\n<li><strong>\u0100tr\u0101ki pieg\u0101des cikli:<\/strong> Ned\u0113\u013cas ilgs p\u0113t\u012bjums, kas saspiests dien\u0101s. \u0100tr\u0101ka reakcija uz biznesa vajadz\u012bb\u0101m.<\/li>\n<\/ul>\n\n\n<h4 class=\"wp-block-heading\">Iepirkumu vad\u012bt\u0101jiem un pirc\u0113jiem<\/h4>\n\n\n<p>J\u016bs velt\u0101t laiku sarun\u0101m un attiec\u012bb\u0101m, nevis p\u0113tniec\u012bbai.<\/p>\n<ul>\n<li><strong>Visaptvero\u0161as pieg\u0101d\u0101t\u0101ju iesp\u0113jas:<\/strong> Apskatiet visus iesp\u0113jamos pieg\u0101d\u0101t\u0101jus, ne tikai tos, kurus jau paz\u012bstat.<\/li>\n<li><strong>P\u0101rliec\u012bba par pieg\u0101d\u0101t\u0101ju izv\u0113li:<\/strong> Ar datiem pamatoti ieteikumi. Pier\u0101d\u012bjumi l\u0113mumiem par pieg\u0101d\u0101t\u0101jiem.<\/li>\n<li><strong>Lab\u0101ka cit\u0101tu anal\u012bze:<\/strong> Patieso izmaksu sal\u012bdzin\u0101jums. Neb\u016bs vairs manu\u0101la izkl\u0101jlapu darba.<\/li>\n<li><strong>Ieskats tirg\u016b:<\/strong> Uzziniet, kas notiek j\u016bsu kategorij\u0101s. Risiniet sarunas, pamatojoties uz zin\u0101\u0161an\u0101m.<\/li>\n<li><strong>Laiks strat\u0113\u0123iskajam darbam:<\/strong> Maz\u0101k laika, mekl\u0113jot pieg\u0101d\u0101t\u0101jus. Vair\u0101k laika attiec\u012bbu ar pieg\u0101d\u0101t\u0101jiem optimiz\u0113\u0161anai.<\/li>\n<\/ul>\n\n\n<h4 class=\"wp-block-heading\">Uz\u0146\u0113mumam<\/h4>\n\n\n<p>Lab\u0101ki pieg\u0101d\u0101t\u0101ji noz\u012bm\u0113 lab\u0101ku darb\u012bbu un liel\u0101ku pe\u013c\u0146u.<\/p>\n<ul>\n<li><strong>Lab\u0101ki pieg\u0101d\u0101t\u0101ji:<\/strong> Atrodiet pieg\u0101d\u0101t\u0101jus, kas patie\u0161\u0101m nodro\u0161ina kvalit\u0101ti, uzticam\u012bbu un v\u0113rt\u012bbu.<\/li>\n<li><strong>Lab\u0101kas cenas:<\/strong> Zin\u0101\u0161anas par tirgu veicina lab\u0101kas sarunas. Konkurence nodro\u0161ina lab\u0101kus noteikumus.<\/li>\n<li><strong>Maz\u0101k pieg\u0101des trauc\u0113jumu:<\/strong> Riska nov\u0113rt\u0113\u0161ana nov\u0113r\u0161 probl\u0113mas, pirms t\u0101s ietekm\u0113 ra\u017eo\u0161anu.<\/li>\n<li><strong>\u0100tr\u0101ks lai\u0161anas laiks tirg\u016b:<\/strong> \u0100tra pieg\u0101d\u0101t\u0101ju mekl\u0113\u0161ana jauniem produktiem vai projektiem.<\/li>\n<li><strong>Konkurences priek\u0161roc\u012bbas:<\/strong> Piek\u013cuve lab\u0101kiem pieg\u0101d\u0101t\u0101jiem nek\u0101 konkurentiem, kas ir piesaist\u012bti mantot\u0101m attiec\u012bb\u0101m.<\/li>\n<\/ul>\n\n\n<hr class=\"wp-block-separator has-alpha-channel-opacity\"\/>\n\n\n\n<h3 class=\"wp-block-heading\">Ko m\u0101ksl\u012bgais intelekts nedar\u012bs<\/h3>\n\n\n<p>Skaidri run\u0101sim par ierobe\u017eojumiem.<\/p>\n<p>M\u0101ksl\u012bgais intelekts neaizst\u0101j cilv\u0113ka v\u0113rt\u0113jumu pieg\u0101d\u0101t\u0101ju attiec\u012bb\u0101s. Tas neveic sarunas par dar\u012bjumiem. Tas nenov\u0113rt\u0113, vai pieg\u0101d\u0101t\u0101js ir piem\u0113rots j\u016bsu organiz\u0101cijas kult\u016brai. Tas nepie\u0146em gal\u012bgo l\u0113mumu par strat\u0113\u0123iskaj\u0101m partner\u012bb\u0101m.<\/p>\n<p>Da\u017eiem pieg\u0101d\u0101t\u0101ju l\u0113mumiem ir nepiecie\u0161ama cilv\u0113ka izpratne:<\/p>\n<ul>\n<li>strat\u0113\u0123isk\u0101s pieg\u0101d\u0101t\u0101ju partner\u012bbas, kas ietver kop\u012bgu att\u012bst\u012bbu vai ieguld\u012bjumus<\/li>\n<li>Sare\u017e\u0123\u012btas sarunas, kur\u0101s svar\u012bgas ir attiec\u012bbas un ietekme<\/li>\n<li>Situ\u0101cijas, kur\u0101s riska pielaide ir atkar\u012bga no uz\u0146\u0113m\u0113jdarb\u012bbas strat\u0113\u0123ijas<\/li>\n<li>Pieg\u0101d\u0101t\u0101ji kritiski svar\u012bg\u0101m sast\u0101vda\u013c\u0101m, kuru kvalifik\u0101cija ir pla\u0161\u0101ka par datiem.<\/li>\n<li>Attiec\u012bbu faktori, kas nav nor\u0101d\u012bti v\u0113rt\u0113jumos vai reitingos<\/li>\n<\/ul>\n<p>AI veic izp\u0113ti, anal\u012bzi un nov\u0113rt\u0113\u0161anu. J\u016bsu iepirkuma komanda nodarbojas ar strat\u0113\u0123iju, attiec\u012bb\u0101m un l\u0113mumu pie\u0146em\u0161anu.<\/p>\n<p>Ta\u010du vi\u0146i \u0161os l\u0113mumus pie\u0146em, izmantojot lab\u0101ku inform\u0101ciju, vair\u0101k iesp\u0113ju un maz\u0101k laika, kas tiek t\u0113r\u0113ts manu\u0101lai izp\u0113tei.<\/p>\n\n\n<hr class=\"wp-block-separator has-alpha-channel-opacity\"\/>\n\n\n\n<h3 class=\"wp-block-heading\">Re\u0101li rezult\u0101ti no pieg\u0101d\u0101t\u0101ju atkl\u0101\u0161anas AI<\/h3>\n\n\n<p>L\u016bk, k\u0101 tas izskat\u0101s praks\u0113:<\/p>\n\n<p><strong>\u0100tr\u0101ki pieg\u0101des cikli:<\/strong> Pieg\u0101d\u0101t\u0101ja atkl\u0101\u0161ana, kas pras\u012bja 3-4 ned\u0113\u013cas, tagad aiz\u0146em da\u017eas dienas. J\u016bsu komanda nov\u0113rt\u0113 vair\u0101k pieg\u0101d\u0101t\u0101ju \u012bs\u0101k\u0101 laik\u0101.<\/p>\n\n<p><strong>Lab\u0101ka cenu noteik\u0161ana:<\/strong> Nov\u0113rt\u0113jot 10, nevis 3 pieg\u0101d\u0101t\u0101jus, j\u016bs atrad\u012bsiet lab\u0101kas cenas. Konkurence darbojas j\u016bsu lab\u0101.<\/p>\n\n<p><strong>izvair\u012b\u0161an\u0101s no riska:<\/strong> Pieg\u0101d\u0101t\u0101ji ar finansi\u0101l\u0101m probl\u0113m\u0101m vai atbilst\u012bbas jaut\u0101jumiem tiek atz\u012bm\u0113ti pirms l\u012bgumu parakst\u012b\u0161anas. Probl\u0113mas tiek nov\u0113rstas, nevis p\u0101rvald\u012btas.<\/p>\n\n<p><strong>Ieskats tirg\u016b:<\/strong> J\u016bsu pirc\u0113ji risina sarunas, izmantojot tirgus zin\u0101\u0161anas, nevis cerot, ka vi\u0146i sa\u0146em taisn\u012bgu pied\u0101v\u0101jumu.<\/p>\n\n<p><strong>Strat\u0113\u0123iskais iepirkums:<\/strong> J\u016bsu komanda koncentr\u0113jas uz attiec\u012bbu veido\u0161anu ar pieg\u0101d\u0101t\u0101jiem un sarunu risin\u0101\u0161anu par nosac\u012bjumiem, nevis uz iesp\u0113ju izp\u0113ti.<\/p>\n\n<p>\u0160eit nav runa par pirc\u0113ja ekspert\u012bzes aizst\u0101\u0161anu. Runa ir par to, lai sniegtu vi\u0146iem r\u012bkus, kas \u013cauj vi\u0146iem b\u016bt strat\u0113\u0123isk\u0101kiem.<\/p>\n\n\n<hr class=\"wp-block-separator has-alpha-channel-opacity\"\/>\n\n\n\n<h3 class=\"wp-block-heading\">Vai esat gatavs uzlabot savu pieg\u0101d\u0101t\u0101ju atkl\u0101\u0161anas procesu?<\/h3>\n\n\n<p>Katra uz\u0146\u0113muma pieg\u0101d\u0101t\u0101ju atkl\u0101\u0161anas vajadz\u012bbas ir at\u0161\u0137ir\u012bgas. J\u016bsu kategorij\u0101m ir unik\u0101las pras\u012bbas. J\u016bsu riska tolerance ir atkar\u012bga no j\u016bsu uz\u0146\u0113m\u0113jdarb\u012bbas mode\u013ca. J\u016bsu pieg\u0101d\u0101t\u0101ju krit\u0113riji atspogu\u013co j\u016bsu priorit\u0101tes.<\/p>\n<p>M\u0113s nep\u0101rdodam visp\u0101r\u012bgus pieg\u0101d\u0101t\u0101ju mekl\u0113\u0161anas r\u012bkus. M\u0113s apl\u016bkojam j\u016bsu specifisk\u0101s probl\u0113mas, kas saist\u012btas ar iepirkumu. M\u0113s apzin\u0101m, kur\u0101s jom\u0101s m\u0101ksl\u012bgais intelekts var uzlabot un pa\u0101trin\u0101t pieg\u0101d\u0101t\u0101ju nov\u0113rt\u0113\u0161anu. M\u0113s veidojam sist\u0113mas, kas atbilst j\u016bsu iepirkuma komandas darbam.<\/p>\n<p>Nek\u0101da a\u017eiot\u0101\u017ea par \"revolucion\u0101ro m\u0101ksl\u012bgo intelektu\". Tikai praktiski r\u012bki, kas j\u016bsu pirc\u0113jiem \u013cauj efekt\u012bv\u0101k atrast un nov\u0113rt\u0113t pieg\u0101d\u0101t\u0101jus.<\/p>\n\n<p><a href=\"https:\/\/www.leaplytics.de\/lv\/kontaktinformacija\/\">Parun\u0101sim par j\u016bsu pieg\u0101d\u0101t\u0101ju mekl\u0113\u0161anas procesu<\/a><\/p>\n\n<p><a href=\"https:\/\/www.leaplytics.de\/lv\/iepirkums-ai\/\">Atgriezties pie Sourcing &amp; Procurement AI<\/a><\/p>","protected":false},"excerpt":{"rendered":"<p>AI for Supplier Discovery &#038; Evaluation: Find Better Suppliers Faster Finding the right supplier is one of the most important decisions in procurement. Get it right and you have quality products, reliable delivery, and competitive prices. Get it wrong and you&#8217;re dealing with delays, quality issues, and budget overruns. But finding and evaluating suppliers takes &hellip; <\/p>","protected":false},"author":2,"featured_media":0,"parent":0,"menu_order":0,"comment_status":"closed","ping_status":"closed","template":"","meta":{"footnotes":""},"class_list":["post-14513","page","type-page","status-publish","hentry","latest_post"],"_links":{"self":[{"href":"https:\/\/www.leaplytics.de\/lv\/wp-json\/wp\/v2\/pages\/14513","targetHints":{"allow":["GET"]}}],"collection":[{"href":"https:\/\/www.leaplytics.de\/lv\/wp-json\/wp\/v2\/pages"}],"about":[{"href":"https:\/\/www.leaplytics.de\/lv\/wp-json\/wp\/v2\/types\/page"}],"author":[{"embeddable":true,"href":"https:\/\/www.leaplytics.de\/lv\/wp-json\/wp\/v2\/users\/2"}],"replies":[{"embeddable":true,"href":"https:\/\/www.leaplytics.de\/lv\/wp-json\/wp\/v2\/comments?post=14513"}],"version-history":[{"count":1,"href":"https:\/\/www.leaplytics.de\/lv\/wp-json\/wp\/v2\/pages\/14513\/revisions"}],"predecessor-version":[{"id":14522,"href":"https:\/\/www.leaplytics.de\/lv\/wp-json\/wp\/v2\/pages\/14513\/revisions\/14522"}],"wp:attachment":[{"href":"https:\/\/www.leaplytics.de\/lv\/wp-json\/wp\/v2\/media?parent=14513"}],"curies":[{"name":"wp","href":"https:\/\/api.w.org\/{rel}","templated":true}]}}