{"id":1785,"date":"2021-04-30T00:16:19","date_gmt":"2021-04-29T22:16:19","guid":{"rendered":"https:\/\/www.leaplytics.de\/?page_id=1785"},"modified":"2024-10-29T13:47:21","modified_gmt":"2024-10-29T12:47:21","slug":"projektu-vadibas-komplekts-qliksense","status":"publish","type":"page","link":"https:\/\/www.leaplytics.de\/lv\/priekseja-lapa\/qlik-sense-paplasinajumi\/projektu-vadibas-komplekts-qliksense\/","title":{"rendered":"Projektu p\u0101rvald\u012bbas komplekts Qlik Sense"},"content":{"rendered":"<p>Atbr\u012bvojieties no nepietiekama un nenobriedu\u0161a projektu p\u0101rvald\u012bbas salikuma Qlik Sense ar LeapLytics projektu p\u0101rvald\u012bbas komplektu!<\/p>\n\n\n\n<p>Qlik Sense projektu vad\u012bbas komplekts ietver visu, kas nepiecie\u0161ams, lai izveidotu visaptvero\u0161u projekta vad\u012bbas statusa p\u0101rskatu. Tas ietver 3 unik\u0101las vizualiz\u0101cijas: Skait\u013ci: luksofors, riska matrica un laika grafiks. Turkl\u0101t j\u016bs sa\u0146emsiet nepiecie\u0161amos papildin\u0101jumus, lai izstr\u0101d\u0101tu savu projektu vad\u012bbas paneli. \u0160ie papla\u0161in\u0101jumi uzr\u0101da augstu veiktsp\u0113ju, augstu gatav\u012bbas un lietojam\u012bbas l\u012bmeni, k\u0101 ar\u012b elast\u012bgumu, lai piel\u0101gotos j\u016bsu individu\u0101laj\u0101m vajadz\u012bb\u0101m.<\/p>\n\n\n\n<p>Komplekt\u0101 ir iek\u013cauti atbilsto\u0161i papildin\u0101jumi, kas patie\u0161\u0101m uzlabo projektu vad\u012bbas pane\u013ca izveidi. Ar dal\u012bt\u0101jz\u012bm\u0113m var struktur\u0113t paneli pa jom\u0101m, lai lietot\u0101js var\u0113tu vad\u012bties p\u0113c maksim\u0101las veiktsp\u0113jas. Maturity Viewer sniedz liel\u0101ku skaidr\u012bbu par projekta posmiem vai f\u0101z\u0113m. Uz\u0146\u0113muma logotipa papla\u0161in\u0101jums p\u0101rnes j\u016bsu individu\u0101lo uz\u0146\u0113muma logotipu uz lietojamu QlikSense objektu. J\u016bsu logotipa p\u0101rveido\u0161ana ir bez maksas.<\/p>\n\n\n\n<p>Komplekt\u0101 ir ar\u012b viegli lietojama sasaistes integr\u0101cija, lai projektu p\u0101rvald\u012bbas papla\u0161in\u0101jumus var\u0113tu apskat\u012bt vien\u0101 acu uzmetien\u0101. Papla\u0161in\u0101jumi nodro\u0161ina saska\u0146otu lietot\u0101ja vad\u012bbu, izmantojot iestat\u012bjumus, k\u0101 ar\u012b intuit\u012bvu lieto\u0161anu bez kod\u0113\u0161anas pieredzes. Lieto\u0161anas \u0113rtumu papildina visaptvero\u0161a dokument\u0101cija ar ar uz\u0146\u0113m\u0113jdarb\u012bbu saist\u012btiem izmanto\u0161anas gad\u012bjumiem. Bie\u017ei un pamat\u012bgi laidieni nodro\u0161ina lieto\u0161anas gad\u012bjumu atjaunin\u0101\u0161anu.<\/p>\n\n\n\n<h3 class=\"wp-block-heading\">Projektu vad\u012bbas komplekts Qlik Sense saturam<\/h3>\n\n\n\n<p>L\u016bdzu, atveriet ofici\u0101lo dokument\u0101ciju, noklik\u0161\u0137inot uz att\u0113la. <\/p>\n\n\n\n<div class=\"wp-block-columns is-layout-flex wp-container-core-columns-is-layout-1 wp-block-columns-is-layout-flex\">\n<div class=\"wp-block-column is-layout-flow wp-block-column-is-layout-flow\">\n<h4 class=\"wp-block-heading\"><strong>Luksofors<\/strong><\/h4>\n<\/div>\n\n\n\n<div class=\"wp-block-column is-layout-flow wp-block-column-is-layout-flow\">\n<h4 class=\"wp-block-heading\"><strong>Riska karstumkarte<\/strong><\/h4>\n<\/div>\n\n\n\n<div class=\"wp-block-column is-layout-flow wp-block-column-is-layout-flow\">\n<h4 class=\"wp-block-heading\"><strong>Laika grafiks<\/strong><\/h4>\n<\/div>\n\n\n\n<div class=\"wp-block-column is-layout-flow wp-block-column-is-layout-flow\">\n<h4 class=\"wp-block-heading\"><strong>Pa\u0101trin\u0101t\u0101ji<\/strong><\/h4>\n<\/div>\n<\/div>\n\n\n\n<div class=\"wp-block-columns is-layout-flex wp-container-core-columns-is-layout-2 wp-block-columns-is-layout-flex\">\n<div class=\"wp-block-column is-layout-flow wp-block-column-is-layout-flow\">\n<figure class=\"wp-block-image size-full\"><img loading=\"lazy\" decoding=\"async\" width=\"287\" height=\"300\" src=\"https:\/\/www.leaplytics.de\/wp-content\/uploads\/2021\/11\/TrafficLight300pixel.png\" alt=\"\" class=\"wp-image-2361\" title=\"Projektu vad\u012bbas komplekts luksofors\" srcset=\"https:\/\/www.leaplytics.de\/wp-content\/uploads\/2021\/11\/TrafficLight300pixel.png 287w, https:\/\/www.leaplytics.de\/wp-content\/uploads\/2021\/11\/TrafficLight300pixel-57x60.png 57w\" sizes=\"auto, (max-width: 287px) 100vw, 287px\" \/><\/figure>\n<\/div>\n\n\n\n<div class=\"wp-block-column is-layout-flow wp-block-column-is-layout-flow\">\n<figure class=\"wp-block-image size-full\"><img loading=\"lazy\" decoding=\"async\" width=\"287\" height=\"300\" src=\"https:\/\/www.leaplytics.de\/wp-content\/uploads\/2021\/11\/RiskHeatmap-Kasten-Blau_300pixel.png\" alt=\"\" class=\"wp-image-2363\" title=\"Projektu vad\u012bbas komplekta risku karstkarte\" srcset=\"https:\/\/www.leaplytics.de\/wp-content\/uploads\/2021\/11\/RiskHeatmap-Kasten-Blau_300pixel.png 287w, https:\/\/www.leaplytics.de\/wp-content\/uploads\/2021\/11\/RiskHeatmap-Kasten-Blau_300pixel-57x60.png 57w\" sizes=\"auto, (max-width: 287px) 100vw, 287px\" \/><\/figure>\n<\/div>\n\n\n\n<div class=\"wp-block-column is-vertically-aligned-center is-layout-flow wp-block-column-is-layout-flow\"><div class=\"wp-block-image\">\n<figure class=\"aligncenter size-full\"><img loading=\"lazy\" decoding=\"async\" width=\"287\" height=\"300\" src=\"https:\/\/www.leaplytics.de\/wp-content\/uploads\/2021\/11\/TIMELINE_300pixel.png\" alt=\"\" class=\"wp-image-2364\" title=\"Projektu vad\u012bbas paketes Suite atskaites punktu skats\" srcset=\"https:\/\/www.leaplytics.de\/wp-content\/uploads\/2021\/11\/TIMELINE_300pixel.png 287w, https:\/\/www.leaplytics.de\/wp-content\/uploads\/2021\/11\/TIMELINE_300pixel-57x60.png 57w\" sizes=\"auto, (max-width: 287px) 100vw, 287px\" \/><\/figure><\/div><\/div>\n\n\n\n<div class=\"wp-block-column is-layout-flow wp-block-column-is-layout-flow\">\n<figure class=\"wp-block-image size-full\"><img loading=\"lazy\" decoding=\"async\" width=\"567\" height=\"593\" src=\"https:\/\/www.leaplytics.de\/wp-content\/uploads\/2021\/11\/Accelerators_1_300pixel.png\" alt=\"\" class=\"wp-image-2365\" title=\"Projektu vad\u012bbas komplekts Accelerator\" srcset=\"https:\/\/www.leaplytics.de\/wp-content\/uploads\/2021\/11\/Accelerators_1_300pixel.png 567w, https:\/\/www.leaplytics.de\/wp-content\/uploads\/2021\/11\/Accelerators_1_300pixel-287x300.png 287w, https:\/\/www.leaplytics.de\/wp-content\/uploads\/2021\/11\/Accelerators_1_300pixel-57x60.png 57w\" sizes=\"auto, (max-width: 567px) 100vw, 567px\" \/><\/figure>\n<\/div>\n<\/div>\n\n\n\n<div class=\"wp-block-columns is-layout-flex wp-container-core-columns-is-layout-3 wp-block-columns-is-layout-flex\">\n<div class=\"wp-block-column is-layout-flow wp-block-column-is-layout-flow\">\n<h6 class=\"wp-block-heading\">Skaidra statusa indik\u0101cija<\/h6>\n\n\n\n<h6 class=\"wp-block-heading\">Elast\u012bgi diapazoni visu veidu vien\u012bb\u0101m<\/h6>\n\n\n\n<h6 class=\"wp-block-heading\">Individu\u0101ls izskats un lieto\u0161anas \u0113rtums<\/h6>\n<\/div>\n\n\n\n<div class=\"wp-block-column is-layout-flow wp-block-column-is-layout-flow\">\n<h6 class=\"wp-block-heading\">Piln\u012bgi riska profili<\/h6>\n\n\n\n<h6 class=\"wp-block-heading\">Stabils un vienk\u0101r\u0161s re\u017e\u0123is 2 kategorij\u0101m<\/h6>\n\n\n\n<h6 class=\"wp-block-heading\">Da\u017e\u0101di lauku komplekti un kr\u0101su kod\u0113\u0161ana<\/h6>\n<\/div>\n\n\n\n<div class=\"wp-block-column is-layout-flow wp-block-column-is-layout-flow\">\n<h6 class=\"wp-block-heading\">Laika skalas atskaites atskaites punktu displejs<\/h6>\n\n\n\n<h6 class=\"wp-block-heading\">Autom\u0101tiska laika l\u012bnijas m\u0113rogo\u0161ana ar s\u0101kumu un beig\u0101m<\/h6>\n\n\n\n<h6 class=\"wp-block-heading\">Elast\u012bgi apraksti un novir\u017eu kr\u0101sas<\/h6>\n<\/div>\n\n\n\n<div class=\"wp-block-column is-layout-flow wp-block-column-is-layout-flow\">\n<h6 class=\"wp-block-heading\">Veiksm\u012bgi papildin\u0101jumi<\/h6>\n\n\n\n<h6 class=\"wp-block-heading\">Individu\u0101l\u0101 uz\u0146\u0113muma logotips<\/h6>\n\n\n\n<h6 class=\"wp-block-heading\">Daudzu lietojuma gad\u012bjumu brieduma skats<\/h6>\n<\/div>\n<\/div>\n\n\n\n<hr class=\"wp-block-separator has-css-opacity\"\/>\n\n\n\n<p>Abon\u0113t \u0161eit, lai sa\u0146emtu ekskluz\u012bvus atjaunin\u0101jumus un rel\u012bzes: <a href=\"https:\/\/www.leaplytics.de\/lv\/abonet_produktu\/\"><strong>Abonements<\/strong><\/a><\/p>\n\n\n\n<div class=\"wp-block-columns are-vertically-aligned-center is-layout-flex wp-container-core-columns-is-layout-4 wp-block-columns-is-layout-flex\">\n<div class=\"wp-block-column is-vertically-aligned-center is-layout-flow wp-block-column-is-layout-flow\" style=\"flex-basis:100%\">\n<p><\/p>\n<\/div>\n<\/div>\n\n\n\n<p><\/p>","protected":false},"excerpt":{"rendered":"<p>Ieg\u016bstiet skaidru vizu\u0101lu priek\u0161statu par saviem riska profiliem, izmantojot QilkSense riska karstkarti! \u0160is papla\u0161in\u0101jums ir izveidots, lai vizualiz\u0113tu profilus, kas tiek m\u0113r\u012bti divu KPI un da\u017e\u0101du kategoriju matric\u0101. Tas sp\u0113j vizualiz\u0113t vair\u0101kus r\u0101d\u012bt\u0101jus (l\u012bdz 4 bezmaksas versij\u0101) katr\u0101 lauk\u0101. Da\u017e\u0101di iestat\u012bjumi, piem\u0113ram, vienk\u0101r\u0161a p\u0101rsl\u0113g\u0161an\u0101s starp 3 \u00d7 3 un 5 \u00d7 5 lauku matricu, robe\u017eu un teksta iestat\u012bjumi, piel\u0101go \u0161o papla\u0161in\u0101jumu j\u016bsu p\u0101rskatu vajadz\u012bb\u0101m. <\/p>\n<p>\u0160o papla\u0161in\u0101jumu var izmantot ar\u012b visu veidu fizik\u0101lo m\u0113r\u012bjumu, kvalit\u0101tes r\u0101d\u012bt\u0101ju un at\u0161\u0137ir\u012bbu robe\u017ev\u0113rt\u012bbu uzraudz\u012bbai un nor\u0101d\u012b\u0161anai kopum\u0101. T\u0101d\u0113j\u0101di to var piem\u0113rot pla\u0161am lietojumu skaitam, kas sastopami da\u017e\u0101dos uz\u0146\u0113mumos.<\/p>","protected":false},"author":1,"featured_media":0,"parent":227,"menu_order":1,"comment_status":"closed","ping_status":"closed","template":"","meta":{"footnotes":""},"class_list":["post-1785","page","type-page","status-publish","hentry","latest_post"],"_links":{"self":[{"href":"https:\/\/www.leaplytics.de\/lv\/wp-json\/wp\/v2\/pages\/1785","targetHints":{"allow":["GET"]}}],"collection":[{"href":"https:\/\/www.leaplytics.de\/lv\/wp-json\/wp\/v2\/pages"}],"about":[{"href":"https:\/\/www.leaplytics.de\/lv\/wp-json\/wp\/v2\/types\/page"}],"author":[{"embeddable":true,"href":"https:\/\/www.leaplytics.de\/lv\/wp-json\/wp\/v2\/users\/1"}],"replies":[{"embeddable":true,"href":"https:\/\/www.leaplytics.de\/lv\/wp-json\/wp\/v2\/comments?post=1785"}],"version-history":[{"count":3,"href":"https:\/\/www.leaplytics.de\/lv\/wp-json\/wp\/v2\/pages\/1785\/revisions"}],"predecessor-version":[{"id":13665,"href":"https:\/\/www.leaplytics.de\/lv\/wp-json\/wp\/v2\/pages\/1785\/revisions\/13665"}],"up":[{"embeddable":true,"href":"https:\/\/www.leaplytics.de\/lv\/wp-json\/wp\/v2\/pages\/227"}],"wp:attachment":[{"href":"https:\/\/www.leaplytics.de\/lv\/wp-json\/wp\/v2\/media?parent=1785"}],"curies":[{"name":"wp","href":"https:\/\/api.w.org\/{rel}","templated":true}]}}