{"id":227,"date":"2020-10-17T14:47:14","date_gmt":"2020-10-17T12:47:14","guid":{"rendered":"https:\/\/www.leaplytics.de\/?page_id=227"},"modified":"2024-10-29T13:34:48","modified_gmt":"2024-10-29T12:34:48","slug":"qlik-sense-paplasinajumi","status":"publish","type":"page","link":"https:\/\/www.leaplytics.de\/lv\/priekseja-lapa\/qlik-sense-paplasinajumi\/","title":{"rendered":"Projektu vad\u012bbas papla\u0161in\u0101jumi Qlik Sense"},"content":{"rendered":"<p><strong>Efekt\u012bva un ar uz\u0146\u0113m\u0113jdarb\u012bbu saist\u012bta -\u00a0<\/strong>T\u0101 ir LeapLytics pre\u010du z\u012bme un m\u016bsu risin\u0101jumu pievienot\u0101 v\u0113rt\u012bba, piem\u0113ram, projektu vad\u012bbas papla\u0161in\u0101jumi Qlik Sense.\u00a0<\/p>\n<p>M\u016bsu projektu vad\u012bbas papla\u0161in\u0101jumi ir ofici\u0101li apstiprin\u0101ti Qlik un ietver j\u016bsu individu\u0101los risin\u0101jumus. Izmantojiet da\u017e\u0101das iesp\u0113jas, lai uzlabotu savu paneli un \u012bstenotu savas idejas. Papla\u0161in\u0101jumiem ir skaidra strukt\u016bra, un tie ir veidoti, koncentr\u0113joties uz lietot\u0101ju, lai padar\u012btu tos p\u0113c iesp\u0113jas vienk\u0101r\u0161\u0101k lietojamus, neatsakoties no svar\u012bg\u0101m funkcij\u0101m.<\/p>\n<p style=\"text-align: left;\">T\u0101p\u0113c visaptvero\u0161a dokument\u0101cija ar detaliz\u0113tu iesp\u0113jamo izmanto\u0161anas gad\u012bjumu aprakstu pa\u0101trina izmanto\u0161anu un ievie\u0161anu.<\/p>\n\n\n<div class=\"wp-block-media-text is-stacked-on-mobile\" style=\"grid-template-columns:42% auto\"><figure class=\"wp-block-media-text__media\"><img decoding=\"async\" src=\"https:\/\/www.leaplytics.de\/wp-content\/uploads\/2021\/11\/Accelerators_1_300pixel.png\" alt=\"\"\/><\/figure><div class=\"wp-block-media-text__content\">\n<h1 class=\"wp-block-heading\" style=\"font-size:40px;font-style:normal;font-weight:500;letter-spacing:2px\">LeapLytics projektu vad\u012bbas komplekts<\/h1>\n<\/div><\/div>\n\n\n\n<div class=\"wp-block-media-text is-stacked-on-mobile\" style=\"grid-template-columns:42% auto\"><figure class=\"wp-block-media-text__media\"><img loading=\"lazy\" decoding=\"async\" width=\"287\" height=\"300\" src=\"https:\/\/www.leaplytics.de\/wp-content\/uploads\/2021\/11\/TrafficLight300pixel.png\" alt=\"\" class=\"wp-image-2361 size-full\" srcset=\"https:\/\/www.leaplytics.de\/wp-content\/uploads\/2021\/11\/TrafficLight300pixel.png 287w, https:\/\/www.leaplytics.de\/wp-content\/uploads\/2021\/11\/TrafficLight300pixel-57x60.png 57w\" sizes=\"auto, (max-width: 287px) 100vw, 287px\" \/><\/figure><div class=\"wp-block-media-text__content\">\n<h1 class=\"wp-block-heading\" style=\"font-size:40px;font-style:normal;font-weight:500;letter-spacing:2px\">QlikSense luksofors<\/h1>\n<\/div><\/div>\n\n\n\n<div class=\"wp-block-media-text is-stacked-on-mobile\" style=\"grid-template-columns:42% auto\"><figure class=\"wp-block-media-text__media\"><img loading=\"lazy\" decoding=\"async\" width=\"287\" height=\"300\" src=\"https:\/\/www.leaplytics.de\/wp-content\/uploads\/2021\/11\/RiskHeatmap-Kasten-Blau_300pixel.png\" alt=\"\" class=\"wp-image-2363 size-full\" srcset=\"https:\/\/www.leaplytics.de\/wp-content\/uploads\/2021\/11\/RiskHeatmap-Kasten-Blau_300pixel.png 287w, https:\/\/www.leaplytics.de\/wp-content\/uploads\/2021\/11\/RiskHeatmap-Kasten-Blau_300pixel-57x60.png 57w\" sizes=\"auto, (max-width: 287px) 100vw, 287px\" \/><\/figure><div class=\"wp-block-media-text__content\">\n<h1 class=\"wp-block-heading\" style=\"font-size:40px;font-style:normal;font-weight:500;letter-spacing:2px\">QlikSense riska matrica<\/h1>\n<\/div><\/div>\n\n\n\n<div class=\"wp-block-media-text is-stacked-on-mobile\" style=\"grid-template-columns:42% auto\"><figure class=\"wp-block-media-text__media\"><img loading=\"lazy\" decoding=\"async\" width=\"287\" height=\"300\" src=\"https:\/\/www.leaplytics.de\/wp-content\/uploads\/2021\/11\/TIMELINE_300pixel.png\" alt=\"\" class=\"wp-image-2364 size-full\" srcset=\"https:\/\/www.leaplytics.de\/wp-content\/uploads\/2021\/11\/TIMELINE_300pixel.png 287w, https:\/\/www.leaplytics.de\/wp-content\/uploads\/2021\/11\/TIMELINE_300pixel-57x60.png 57w\" sizes=\"auto, (max-width: 287px) 100vw, 287px\" \/><\/figure><div class=\"wp-block-media-text__content\">\n<h1 class=\"wp-block-heading\" style=\"font-size:40px;font-style:normal;font-weight:500;letter-spacing:2px\">QlikSense laika grafiks<\/h1>\n<\/div><\/div>\n\n\n\n<p><\/p>\n\n\n\n<p>S\u012bk\u0101ka inform\u0101cija atrodama sada\u013c\u0101:<a rel=\"noreferrer noopener\" href=\"https:\/\/github.com\/leaplytics\" target=\"_blank\"> https:\/\/github.com\/leaplytics<\/a><\/p>\n\n\n\n<p>Ja j\u016bs interes\u0113, ko Qlik Sense projektu vad\u012bbas papla\u0161in\u0101jumi var\u0113tu noz\u012bm\u0113t j\u016bsu projektu vad\u012bbas videi, m\u0113s labpr\u0101t ar jums sarun\u0101sim tik\u0161anos. \u0160\u0101d\u0101 gad\u012bjum\u0101 vai ja jums ir jaut\u0101jumi par deta\u013c\u0101m, ievie\u0161anu un cenu inform\u0101ciju, l\u016bdzu, dariet mums zin\u0101mu, un m\u0113s sazin\u0101simies ar jums \u012bs\u0101 laik\u0101:<\/p>\n\n\n<div class=\"wpforms-container wpforms-container-full\" id=\"wpforms-10645\"><form id=\"wpforms-form-10645\" class=\"wpforms-validate wpforms-form wpforms-ajax-form\" data-formid=\"10645\" method=\"post\" enctype=\"multipart\/form-data\" action=\"\/lv\/wp-json\/wp\/v2\/pages\/227\" data-token=\"bc4309a2653d68cc01f4075d9324eeeb\" data-token-time=\"1776261863\" data-trp-original-action=\"\/lv\/wp-json\/wp\/v2\/pages\/227\"><noscript class=\"wpforms-error-noscript\">Lai aizpild\u012btu \u0161o veidlapu, l\u016bdzu, iesp\u0113jojiet JavaScript sav\u0101 p\u0101rl\u016bkprogramm\u0101.<\/noscript><div class=\"wpforms-field-container\"><div id=\"wpforms-10645-field_0-container\" class=\"wpforms-field wpforms-field-name\" data-field-id=\"0\"><label class=\"wpforms-field-label\">Nosaukums <span class=\"wpforms-required-label\">*<\/span><\/label><div class=\"wpforms-field-row wpforms-field-medium\"><div class=\"wpforms-field-row-block wpforms-first wpforms-one-half\"><input type=\"text\" id=\"wpforms-10645-field_0\" class=\"wpforms-field-name-first wpforms-field-required\" name=\"wpforms[fields][0][first]\" required><label for=\"wpforms-10645-field_0\" class=\"wpforms-field-sublabel after\">Pirmais<\/label><\/div><div class=\"wpforms-field-row-block wpforms-one-half\"><input type=\"text\" id=\"wpforms-10645-field_0-last\" class=\"wpforms-field-name-last wpforms-field-required\" name=\"wpforms[fields][0][last]\" required><label for=\"wpforms-10645-field_0-last\" class=\"wpforms-field-sublabel after\">P\u0113d\u0113jais<\/label><\/div><\/div><\/div><div id=\"wpforms-10645-field_1-container\" class=\"wpforms-field wpforms-field-email\" data-field-id=\"1\"><label class=\"wpforms-field-label\" for=\"wpforms-10645-field_1\">E-pasts <span class=\"wpforms-required-label\">*<\/span><\/label><input type=\"email\" id=\"wpforms-10645-field_1\" class=\"wpforms-field-medium wpforms-field-required\" data-rule-restricted-email=\"1\" name=\"wpforms[fields][1]\" spellcheck=\"false\" required><\/div><div id=\"wpforms-10645-field_3-container\" class=\"wpforms-field wpforms-field-text\" data-field-id=\"3\"><label class=\"wpforms-field-label\" for=\"wpforms-10645-field_3\">Uz\u0146\u0113mums <span class=\"wpforms-required-label\">*<\/span><\/label><input type=\"text\" id=\"wpforms-10645-field_3\" class=\"wpforms-field-medium wpforms-field-required\" name=\"wpforms[fields][3]\" required><\/div><div id=\"wpforms-10645-field_2-container\" class=\"wpforms-field wpforms-field-textarea\" data-field-id=\"2\"><label class=\"wpforms-field-label\" for=\"wpforms-10645-field_2\">Koment\u0101rs vai zi\u0146a<\/label><textarea id=\"wpforms-10645-field_2\" class=\"wpforms-field-medium\" name=\"wpforms[fields][2]\" ><\/textarea><\/div><div id=\"wpforms-10645-field_4-container\" class=\"wpforms-field wpforms-field-gdpr-checkbox\" data-field-id=\"4\"><label class=\"wpforms-field-label\">GDPR l\u012bgums <span class=\"wpforms-required-label\">*<\/span><\/label><ul id=\"wpforms-10645-field_4\" class=\"wpforms-field-required\"><li class=\"choice-1\"><input type=\"checkbox\" id=\"wpforms-10645-field_4_1\" name=\"wpforms[fields][4][]\" value=\"I consent to having this website store my submitted information so they can respond to my inquiry.\" required><label class=\"wpforms-field-label-inline\" for=\"wpforms-10645-field_4_1\">Es piekr\u012btu, ka \u0161\u012b vietne saglab\u0101 manu iesniegto inform\u0101ciju, lai var\u0113tu atbild\u0113t uz manu piepras\u012bjumu.<\/label><\/li><\/ul><\/div><\/div><!-- .wpforms-field-container --><div class=\"wpforms-recaptcha-container wpforms-is-recaptcha wpforms-is-recaptcha-type-v3\" ><input type=\"hidden\" name=\"wpforms[recaptcha]\" value=\"\"><\/div><div class=\"wpforms-submit-container\" ><input type=\"hidden\" name=\"wpforms[id]\" value=\"10645\"><input type=\"hidden\" name=\"page_title\" value=\"\"><input type=\"hidden\" name=\"page_url\" value=\"https:\/\/www.leaplytics.de\/lv\/wp-json\/wp\/v2\/pages\/227\"><input type=\"hidden\" name=\"url_referer\" value=\"\"><button type=\"submit\" name=\"wpforms[submit]\" id=\"wpforms-submit-10645\" class=\"wpforms-submit\" data-alt-text=\"Sending...\" data-submit-text=\"Submit\" aria-live=\"assertive\" value=\"wpforms-submit\">Iesniegt<\/button><img loading=\"lazy\" decoding=\"async\" src=\"https:\/\/www.leaplytics.de\/wp-content\/plugins\/wpforms-lite\/assets\/images\/submit-spin.svg\" class=\"wpforms-submit-spinner\" style=\"display: none;\" width=\"26\" height=\"26\" alt=\"Iekrau\u0161ana\"><\/div><input type=\"hidden\" name=\"trp-form-language\" value=\"lv\"\/><\/form><\/div>  <!-- .wpforms-container -->","protected":false},"excerpt":{"rendered":"<p>Efekt\u012bva un ar uz\u0146\u0113m\u0113jdarb\u012bbu saist\u012bta darb\u012bba ir LeapLytics pre\u010du z\u012bme un m\u016bsu risin\u0101jumu pievienot\u0101 v\u0113rt\u012bba.\u00a0<\/p>","protected":false},"author":1,"featured_media":0,"parent":111,"menu_order":0,"comment_status":"closed","ping_status":"closed","template":"","meta":{"footnotes":""},"class_list":["post-227","page","type-page","status-publish","hentry","latest_post"],"_links":{"self":[{"href":"https:\/\/www.leaplytics.de\/lv\/wp-json\/wp\/v2\/pages\/227","targetHints":{"allow":["GET"]}}],"collection":[{"href":"https:\/\/www.leaplytics.de\/lv\/wp-json\/wp\/v2\/pages"}],"about":[{"href":"https:\/\/www.leaplytics.de\/lv\/wp-json\/wp\/v2\/types\/page"}],"author":[{"embeddable":true,"href":"https:\/\/www.leaplytics.de\/lv\/wp-json\/wp\/v2\/users\/1"}],"replies":[{"embeddable":true,"href":"https:\/\/www.leaplytics.de\/lv\/wp-json\/wp\/v2\/comments?post=227"}],"version-history":[{"count":3,"href":"https:\/\/www.leaplytics.de\/lv\/wp-json\/wp\/v2\/pages\/227\/revisions"}],"predecessor-version":[{"id":13662,"href":"https:\/\/www.leaplytics.de\/lv\/wp-json\/wp\/v2\/pages\/227\/revisions\/13662"}],"up":[{"embeddable":true,"href":"https:\/\/www.leaplytics.de\/lv\/wp-json\/wp\/v2\/pages\/111"}],"wp:attachment":[{"href":"https:\/\/www.leaplytics.de\/lv\/wp-json\/wp\/v2\/media?parent=227"}],"curies":[{"name":"wp","href":"https:\/\/api.w.org\/{rel}","templated":true}]}}