{"id":23,"date":"2020-10-13T23:19:51","date_gmt":"2020-10-13T21:19:51","guid":{"rendered":"https:\/\/www.blytics.de\/?page_id=23"},"modified":"2025-04-15T20:00:36","modified_gmt":"2025-04-15T18:00:36","slug":"par","status":"publish","type":"page","link":"https:\/\/www.leaplytics.de\/lv\/par\/","title":{"rendered":"LeapLytics pirms\u0101kumi"},"content":{"rendered":"<p>\u0160is ir st\u0101sts par diviem draugiem no Frankfurtes V\u0101cij\u0101. Tas bija 2020. gads. M\u0113s bij\u0101m str\u0101d\u0101ju\u0161i vair\u0101kos projektos, piem\u0113ram, projekta vad\u012bt\u0101ja, strat\u0113\u0123isk\u0101 un operat\u012bv\u0101 PMO amatos. Un m\u0113s saprat\u0101m, ka nav pieejams \u012bsts projektu vad\u012bbas p\u0101rskatu un anal\u012btikas risin\u0101jums, kas atbilstu vair\u0101ku projektu vad\u012bbas lomu vajadz\u012bb\u0101m. T\u0101p\u0113c m\u0113s s\u0101k\u0101m l\u0113kt projektu vad\u012bb\u0101 ar svaig\u0101m idej\u0101m anal\u012btiskiem risin\u0101jumiem.<\/p>\n\n\n\n<p>M\u0113s izveidoj\u0101m LeapLytics ar m\u0113r\u0137i ieviest ar projektu vad\u012bbu saist\u012btu anal\u012btiku. Jau no pa\u0161a s\u0101kuma bija skaidrs, ka integr\u0113tu p\u0101rskatu snieg\u0161anu nevar nodro\u0161in\u0101t ar atsevi\u0161\u0137iem p\u0101rskatu snieg\u0161anas risin\u0101jumiem, bet gan ar integr\u0113tu pieeju. Projektu p\u0101rskatu snieg\u0161anai j\u0101b\u016bt iesp\u0113jamai ar jau eso\u0161ajiem risin\u0101jumiem uz\u0146\u0113mumos un grup\u0101s.<\/p>\n\n\n\n<p>\u0160odien LeapLytics pied\u0101v\u0101 svaigus un inovat\u012bvus p\u0101rskatu snieg\u0161anas risin\u0101jumus, kas ir piem\u0113roti da\u017e\u0101diem integr\u0101cijas l\u012bme\u0146iem: no papla\u0161in\u0101jumiem, kurus integr\u0113t j\u016bsu pane\u013cos, l\u012bdz gataviem un gataviem pane\u013ciem noteiktiem lietojuma gad\u012bjumiem un individu\u0101l\u0101m konsult\u0101cij\u0101m p\u0101rskatu snieg\u0161anai un datu model\u0113\u0161anai.<\/p>\n\n\n\n<p>M\u0113s k\u0101 dibin\u0101t\u0101ji v\u0113lamies pied\u0101v\u0101t profesion\u0101lus p\u0101rskatu snieg\u0161anas risin\u0101jumus, izmantojot savus produktus un konsult\u0101ciju pieeju.<\/p>\n\n\n\n<figure class=\"wp-block-gallery has-nested-images columns-default is-cropped wp-block-gallery-1 is-layout-flex wp-block-gallery-is-layout-flex\">\n<figure class=\"wp-block-image size-large\"><a href=\"https:\/\/www.linkedin.com\/in\/stefanpreusler\/\"><img loading=\"lazy\" decoding=\"async\" width=\"768\" height=\"1024\" data-id=\"480\" src=\"https:\/\/www.leaplytics.de\/wp-content\/uploads\/2020\/11\/stefan-v2-2-768x1024.jpeg\" alt=\"\" class=\"wp-image-480\" srcset=\"https:\/\/www.leaplytics.de\/wp-content\/uploads\/2020\/11\/stefan-v2-2-768x1024.jpeg 768w, https:\/\/www.leaplytics.de\/wp-content\/uploads\/2020\/11\/stefan-v2-2-scaled-600x800.jpeg 600w, https:\/\/www.leaplytics.de\/wp-content\/uploads\/2020\/11\/stefan-v2-2-225x300.jpeg 225w, https:\/\/www.leaplytics.de\/wp-content\/uploads\/2020\/11\/stefan-v2-2-1152x1536.jpeg 1152w, https:\/\/www.leaplytics.de\/wp-content\/uploads\/2020\/11\/stefan-v2-2-1536x2048.jpeg 1536w, https:\/\/www.leaplytics.de\/wp-content\/uploads\/2020\/11\/stefan-v2-2-45x60.jpeg 45w, https:\/\/www.leaplytics.de\/wp-content\/uploads\/2020\/11\/stefan-v2-2-scaled.jpeg 1920w\" sizes=\"auto, (max-width: 768px) 100vw, 768px\" \/><\/a><figcaption class=\"wp-element-caption\">Stefans Preuslers<\/figcaption><\/figure>\n\n\n\n<figure class=\"wp-block-image size-large\"><a href=\"https:\/\/www.linkedin.com\/in\/dominik-galsheimer-3233461b9\/\"><img loading=\"lazy\" decoding=\"async\" width=\"851\" height=\"1024\" data-id=\"488\" src=\"https:\/\/www.leaplytics.de\/wp-content\/uploads\/2020\/11\/Dominik_About-scaled-e1604523139831-851x1024.jpg\" alt=\"\" class=\"wp-image-488\" srcset=\"https:\/\/www.leaplytics.de\/wp-content\/uploads\/2020\/11\/Dominik_About-scaled-e1604523139831-851x1024.jpg 851w, https:\/\/www.leaplytics.de\/wp-content\/uploads\/2020\/11\/Dominik_About-scaled-e1604523139831-600x722.jpg 600w, https:\/\/www.leaplytics.de\/wp-content\/uploads\/2020\/11\/Dominik_About-scaled-e1604523139831-249x300.jpg 249w, https:\/\/www.leaplytics.de\/wp-content\/uploads\/2020\/11\/Dominik_About-scaled-e1604523139831-768x924.jpg 768w, https:\/\/www.leaplytics.de\/wp-content\/uploads\/2020\/11\/Dominik_About-scaled-e1604523139831-1277x1536.jpg 1277w, https:\/\/www.leaplytics.de\/wp-content\/uploads\/2020\/11\/Dominik_About-scaled-e1604523139831-1702x2048.jpg 1702w, https:\/\/www.leaplytics.de\/wp-content\/uploads\/2020\/11\/Dominik_About-scaled-e1604523139831-50x60.jpg 50w, https:\/\/www.leaplytics.de\/wp-content\/uploads\/2020\/11\/Dominik_About-scaled-e1604523139831.jpg 1920w\" sizes=\"auto, (max-width: 851px) 100vw, 851px\" \/><\/a><figcaption class=\"wp-element-caption\">Dominiks Galsheimers<\/figcaption><\/figure>\n<\/figure>","protected":false},"excerpt":{"rendered":"<p>LeapLytics pied\u0101v\u0101 svaigus un inovat\u012bvus p\u0101rskatu snieg\u0161anas risin\u0101jumus, kas piem\u0113roti da\u017e\u0101diem integr\u0101cijas l\u012bme\u0146iem.<\/p>","protected":false},"author":1,"featured_media":3395,"parent":0,"menu_order":0,"comment_status":"closed","ping_status":"closed","template":"","meta":{"footnotes":""},"class_list":["post-23","page","type-page","status-publish","has-post-thumbnail","hentry","latest_post"],"_links":{"self":[{"href":"https:\/\/www.leaplytics.de\/lv\/wp-json\/wp\/v2\/pages\/23","targetHints":{"allow":["GET"]}}],"collection":[{"href":"https:\/\/www.leaplytics.de\/lv\/wp-json\/wp\/v2\/pages"}],"about":[{"href":"https:\/\/www.leaplytics.de\/lv\/wp-json\/wp\/v2\/types\/page"}],"author":[{"embeddable":true,"href":"https:\/\/www.leaplytics.de\/lv\/wp-json\/wp\/v2\/users\/1"}],"replies":[{"embeddable":true,"href":"https:\/\/www.leaplytics.de\/lv\/wp-json\/wp\/v2\/comments?post=23"}],"version-history":[{"count":15,"href":"https:\/\/www.leaplytics.de\/lv\/wp-json\/wp\/v2\/pages\/23\/revisions"}],"predecessor-version":[{"id":13709,"href":"https:\/\/www.leaplytics.de\/lv\/wp-json\/wp\/v2\/pages\/23\/revisions\/13709"}],"wp:featuredmedia":[{"embeddable":true,"href":"https:\/\/www.leaplytics.de\/lv\/wp-json\/wp\/v2\/media\/3395"}],"wp:attachment":[{"href":"https:\/\/www.leaplytics.de\/lv\/wp-json\/wp\/v2\/media?parent=23"}],"curies":[{"name":"wp","href":"https:\/\/api.w.org\/{rel}","templated":true}]}}