{"id":2301,"date":"2021-09-10T23:49:33","date_gmt":"2021-09-10T21:49:33","guid":{"rendered":"https:\/\/www.leaplytics.de\/?page_id=2301"},"modified":"2022-05-08T00:34:51","modified_gmt":"2022-05-07T22:34:51","slug":"projektu-vadiba-pielagotas-vizualizacijas-microsoft-powerbi","status":"publish","type":"page","link":"https:\/\/www.leaplytics.de\/lv\/priekseja-lapa\/projektu-vadiba-pielagotas-vizualizacijas-microsoft-powerbi\/","title":{"rendered":"Projektu vad\u012bbas piel\u0101gotie vizu\u0101lie risin\u0101jumi Microsoft Power BI"},"content":{"rendered":"<p><strong>Efekt\u012bva un ar uz\u0146\u0113m\u0113jdarb\u012bbu saist\u012bta<\/strong> ir LeapLytics pre\u010du z\u012bme un m\u016bsu risin\u0101jumu pievienot\u0101 v\u0113rt\u012bba.<\/p>\n<p>M\u016bsu projektu vad\u012bbas piel\u0101gotie vizu\u0101lie risin\u0101jumi Microsoft Power BI ir ofici\u0101li apstiprin\u0101ti Microsoft un ietver j\u016bsu individu\u0101los risin\u0101jumus. Izmantojiet da\u017e\u0101das iesp\u0113jas, lai uzlabotu savu paneli un \u012bstenotu savas idejas. Papla\u0161in\u0101jumiem ir skaidra strukt\u016bra, un tie ir veidoti, koncentr\u0113joties uz lietot\u0101ju, lai padar\u012btu tos p\u0113c iesp\u0113jas \u0113rt\u0101k lietojamus, neatsakoties no svar\u012bg\u0101m funkcij\u0101m.<\/p>\n<p>T\u0101p\u0113c visaptvero\u0161a dokument\u0101cija ar detaliz\u0113tu iesp\u0113jamo izmanto\u0161anas gad\u012bjumu aprakstu pa\u0101trina izmanto\u0161anu un ievie\u0161anu.<\/p>\n<p>L\u016bdzu, zem\u0101k atrodiet pieejamos vizu\u0101los att\u0113lus un izp\u0113tiet funkcionalit\u0101ti, klik\u0161\u0137inot uz att\u0113liem.<\/p>\n<p>\u00a0<\/p>\n\n\n<div class=\"wp-block-media-text alignwide is-stacked-on-mobile\" style=\"grid-template-columns:43% auto\"><figure class=\"wp-block-media-text__media\"><a href=\"https:\/\/www.leaplytics.de\/lv\/priekseja-lapa\/project-management-visuals-ms-powerbi\/luksofora-vizualizacija-jaudas-bi\/\"><img loading=\"lazy\" decoding=\"async\" width=\"287\" height=\"300\" src=\"https:\/\/www.leaplytics.de\/wp-content\/uploads\/2021\/11\/TrafficLight300pixel.png\" alt=\"\" class=\"wp-image-2361 size-full\" srcset=\"https:\/\/www.leaplytics.de\/wp-content\/uploads\/2021\/11\/TrafficLight300pixel.png 287w, https:\/\/www.leaplytics.de\/wp-content\/uploads\/2021\/11\/TrafficLight300pixel-57x60.png 57w\" sizes=\"auto, (max-width: 287px) 100vw, 287px\" \/><\/a><\/figure><div class=\"wp-block-media-text__content\">\n<p class=\"has-large-font-size\">Skait\u013co\u0161anas luksofora piel\u0101gotais vizu\u0101lais<\/p>\n<\/div><\/div>\n\n\n\n<p><\/p>","protected":false},"excerpt":{"rendered":"<p>Efekt\u012bva un ar uz\u0146\u0113m\u0113jdarb\u012bbu saist\u012bta darb\u012bba ir LeapLytics pre\u010du z\u012bme un m\u016bsu risin\u0101jumu pievienot\u0101 v\u0113rt\u012bba.\u00a0<\/p>","protected":false},"author":1,"featured_media":0,"parent":111,"menu_order":0,"comment_status":"closed","ping_status":"closed","template":"","meta":{"footnotes":""},"class_list":["post-2301","page","type-page","status-publish","hentry","latest_post"],"_links":{"self":[{"href":"https:\/\/www.leaplytics.de\/lv\/wp-json\/wp\/v2\/pages\/2301","targetHints":{"allow":["GET"]}}],"collection":[{"href":"https:\/\/www.leaplytics.de\/lv\/wp-json\/wp\/v2\/pages"}],"about":[{"href":"https:\/\/www.leaplytics.de\/lv\/wp-json\/wp\/v2\/types\/page"}],"author":[{"embeddable":true,"href":"https:\/\/www.leaplytics.de\/lv\/wp-json\/wp\/v2\/users\/1"}],"replies":[{"embeddable":true,"href":"https:\/\/www.leaplytics.de\/lv\/wp-json\/wp\/v2\/comments?post=2301"}],"version-history":[{"count":0,"href":"https:\/\/www.leaplytics.de\/lv\/wp-json\/wp\/v2\/pages\/2301\/revisions"}],"up":[{"embeddable":true,"href":"https:\/\/www.leaplytics.de\/lv\/wp-json\/wp\/v2\/pages\/111"}],"wp:attachment":[{"href":"https:\/\/www.leaplytics.de\/lv\/wp-json\/wp\/v2\/media?parent=2301"}],"curies":[{"name":"wp","href":"https:\/\/api.w.org\/{rel}","templated":true}]}}