{"id":2436,"date":"2021-12-13T21:22:53","date_gmt":"2021-12-13T20:22:53","guid":{"rendered":"https:\/\/www.leaplytics.de\/?page_id=2436"},"modified":"2022-06-15T15:05:33","modified_gmt":"2022-06-15T13:05:33","slug":"luksofora-jauda-bi-piedavajums","status":"publish","type":"page","link":"https:\/\/www.leaplytics.de\/lv\/luksofora-jauda-bi-piedavajums\/","title":{"rendered":"Power BI pied\u0101v\u0101jums ar luksoforu"},"content":{"rendered":"<div class=\"wp-block-image\">\n<figure class=\"aligncenter size-full is-resized\"><img loading=\"lazy\" decoding=\"async\" src=\"https:\/\/www.leaplytics.de\/wp-content\/uploads\/2020\/10\/Three-Traffic-Lights-e1644325953391.png\" alt=\"\" class=\"wp-image-411\" width=\"175\" height=\"183\"\/><\/figure><\/div>\n\n\n<div style=\"height:50px\" aria-hidden=\"true\" class=\"wp-block-spacer\"><\/div>\n\n\n\n<div class=\"wp-block-columns alignwide is-layout-flex wp-container-core-columns-is-layout-1 wp-block-columns-is-layout-flex\">\n<div class=\"wp-block-column has-text-color has-background has-link-color wp-elements-50e564fd3b335201ec964f140d74ba12 is-layout-flow wp-block-column-is-layout-flow\" style=\"background-color:#eeeeee;color:#000000;padding-top:2em;padding-right:2em;padding-bottom:2em;padding-left:2em\">\n<h2 class=\"wp-block-heading\" id=\"single\" style=\"font-size:40px\"><strong>BEZMAKSAS versija<\/strong><\/h2>\n\n\n\n<div style=\"height:10px\" aria-hidden=\"true\" class=\"wp-block-spacer\"><\/div>\n\n\n\n<p class=\"has-normal-font-size\" style=\"line-height:1.5\">LeapLytics - Satiksmes luksofora bezmaksas versija ir bezmaksas lietojama ar \u016bdensz\u012bmi un ierobe\u017eotu funkcionalit\u0101ti.<\/p>\n\n\n\n<div style=\"height:10px\" aria-hidden=\"true\" class=\"wp-block-spacer\"><\/div>\n\n\n\n<hr class=\"wp-block-separator has-text-color has-css-opacity has-background is-style-wide\" style=\"background-color:#000000;color:#000000\"\/>\n\n\n\n<div style=\"height:10px\" aria-hidden=\"true\" class=\"wp-block-spacer\"><\/div>\n\n\n\n<p><i class=\"fas fa-times\"><\/i> \u016adensz\u012bme no\u0146emta<\/p>\n\n\n\n<p><i class=\"fas fa-check\"><\/i> Tr\u012bs gaismu sist\u0113ma<\/p>\n\n\n\n<p><i class=\"fas fa-times\"><\/i>  Divu gaismu sist\u0113ma<\/p>\n\n\n\n<p><i class=\"fas fa-times\"><\/i> Vienas gaismas sist\u0113ma<\/p>\n\n\n\n<p><i class=\"fas fa-check\"><\/i> Vertik\u0101lais izl\u012bdzin\u0101jums<\/p>\n\n\n\n<p><i class=\"fas fa-times\"><\/i> Horizont\u0101l\u0101 izl\u012bdzin\u0101\u0161ana<\/p>\n\n\n\n<p><i class=\"fas fa-times\"><\/i> Robe\u017eu iestat\u012bjumi<\/p>\n\n\n\n<p><i class=\"fas fa-times\"><\/i> Teksta iestat\u012bjumi<\/p>\n\n\n\n<p><i class=\"fas fa-times\"><\/i> Kr\u0101su iestat\u012bjumi<\/p>\n\n\n\n<div class=\"wp-block-buttons alignfull is-horizontal is-content-justification-center is-layout-flex wp-container-core-buttons-is-layout-1 wp-block-buttons-is-layout-flex\">\n<div class=\"wp-block-button\"><a class=\"wp-block-button__link\" href=\"https:\/\/appsource.microsoft.com\/en-en\/product\/power-bi-visuals\/leaplyticsgmbh1633373694058.leaplytics_traffic_light?tab=overview\" target=\"_blank\" rel=\"noreferrer noopener\">Sa\u0146emt bezmaksas versiju<\/a><\/div>\n<\/div>\n\n\n\n<div style=\"height:30px\" aria-hidden=\"true\" class=\"wp-block-spacer\"><\/div>\n\n\n\n<p class=\"has-text-align-center has-text-color\" style=\"color:#98bd00\"><strong><em>J\u016bs jau izmantojat BEZMAKSAS versiju.<\/em><\/strong><\/p>\n<\/div>\n\n\n\n<div class=\"wp-block-column has-text-color has-background has-link-color wp-elements-27bc483104e077d24b05df2e0f3ad857 is-layout-flow wp-block-column-is-layout-flow\" style=\"background-color:#f2c80f;color:#000000;padding-top:2em;padding-right:2em;padding-bottom:2em;padding-left:2em\">\n<h2 class=\"wp-block-heading\" id=\"family\" style=\"font-size:40px\"><strong>PRO versija<\/strong><\/h2>\n\n\n\n<div style=\"height:10px\" aria-hidden=\"true\" class=\"wp-block-spacer\"><\/div>\n\n\n\n<p class=\"has-normal-font-size\" style=\"line-height:1.5\">LeapLytics PRO versija - Satiksmes luksofors no\u0146em \u016bdensz\u012bmi un visus ierobe\u017eojumus, lai piln\u012bb\u0101 izmantotu \u0161\u012bs vizu\u0101l\u0101s programmas iesp\u0113jas.<\/p>\n\n\n\n<div style=\"height:10px\" aria-hidden=\"true\" class=\"wp-block-spacer\"><\/div>\n\n\n\n<hr class=\"wp-block-separator has-text-color has-black-color has-css-opacity has-black-background-color has-background is-style-wide\"\/>\n\n\n\n<div style=\"height:10px\" aria-hidden=\"true\" class=\"wp-block-spacer\"><\/div>\n\n\n\n<p><i class=\"fas fa-check\"><\/i>  \u016adensz\u012bme no\u0146emta<\/p>\n\n\n\n<p><i class=\"fas fa-check\"><\/i>   Tr\u012bs gaismu sist\u0113ma<\/p>\n\n\n\n<p><i class=\"fas fa-check\"><\/i>   Divu gaismu sist\u0113ma<\/p>\n\n\n\n<p><i class=\"fas fa-check\"><\/i> Vienas gaismas sist\u0113ma<\/p>\n\n\n\n<p><i class=\"fas fa-check\"><\/i> Vertik\u0101lais izl\u012bdzin\u0101jums<\/p>\n\n\n\n<p><i class=\"fas fa-check\"><\/i> Horizont\u0101l\u0101 izl\u012bdzin\u0101\u0161ana<\/p>\n\n\n\n<p><i class=\"fas fa-check\"><\/i> Robe\u017eu iestat\u012bjumi<\/p>\n\n\n\n<p><i class=\"fas fa-check\"><\/i> Teksta iestat\u012bjumi<\/p>\n\n\n\n<p><i class=\"fas fa-check\"><\/i> Kr\u0101su iestat\u012bjumi<\/p>\n\n\n\n<div class=\"wp-block-buttons is-content-justification-center is-layout-flex wp-container-core-buttons-is-layout-2 wp-block-buttons-is-layout-flex\">\n<div class=\"wp-block-button\"><a class=\"wp-block-button__link\" href=\"https:\/\/shop.leaplytics.de\/product\/power-bi-traffic-light\/\">Pirkt PRO versiju<\/a><\/div>\n<\/div>\n\n\n\n<div style=\"height:10px\" aria-hidden=\"true\" class=\"wp-block-spacer\"><\/div>\n\n\n\n<div class=\"wp-block-buttons alignfull is-horizontal is-content-justification-center is-layout-flex wp-container-core-buttons-is-layout-3 wp-block-buttons-is-layout-flex\">\n<div class=\"wp-block-button\"><a class=\"wp-block-button__link\" href=\"https:\/\/www.leaplytics.de\/lv\/luksofora-jauda-bi-piedavajums\/#contact\">Izm\u0113\u0123iniet PRO versiju<\/a><\/div>\n<\/div>\n<\/div>\n<\/div>\n\n\n\n<div style=\"height:50px\" aria-hidden=\"true\" class=\"wp-block-spacer\"><\/div>\n\n\n\n<hr class=\"wp-block-separator has-text-color has-cyan-bluish-gray-color has-css-opacity has-cyan-bluish-gray-background-color has-background\"\/>\n\n\n\n<div style=\"height:50px\" aria-hidden=\"true\" class=\"wp-block-spacer\"><\/div>\n\n\n\n<h2 class=\"wp-block-heading\" id=\"contact\">Izm\u0113\u0123iniet pirms pirk\u0161anas! <\/h2>\n\n\n\n<div style=\"height:10px\" aria-hidden=\"true\" class=\"wp-block-spacer\"><\/div>\n\n\n\n<h4 class=\"wp-block-heading\" id=\"contact\">Pieprasiet savu person\u012bgo 2 ned\u0113\u013cu izm\u0113\u0123in\u0101juma licenci jau tagad!<\/h4>\n\n\n\n<div style=\"height:50px\" aria-hidden=\"true\" class=\"wp-block-spacer\"><\/div>\n\n\n\n<div class=\"wpcf7 no-js\" id=\"wpcf7-f8633-o1\" lang=\"de-DE\" dir=\"ltr\" data-wpcf7-id=\"8633\">\n<div class=\"screen-reader-response\"><p role=\"status\" aria-live=\"polite\" aria-atomic=\"true\"><\/p> <ul><\/ul><\/div>\n<form action=\"\/lv\/wp-json\/wp\/v2\/pages\/2436#wpcf7-f8633-o1\" method=\"post\" class=\"wpcf7-form init\" aria-label=\"Kontaktformular\" novalidate=\"novalidate\" data-status=\"init\" data-trp-original-action=\"\/lv\/wp-json\/wp\/v2\/pages\/2436#wpcf7-f8633-o1\">\n<fieldset class=\"hidden-fields-container\"><input type=\"hidden\" name=\"_wpcf7\" value=\"8633\" \/><input type=\"hidden\" name=\"_wpcf7_version\" value=\"6.1.1\" \/><input type=\"hidden\" name=\"_wpcf7_locale\" value=\"de_DE\" \/><input type=\"hidden\" name=\"_wpcf7_unit_tag\" value=\"wpcf7-f8633-o1\" \/><input type=\"hidden\" name=\"_wpcf7_container_post\" value=\"0\" \/><input type=\"hidden\" name=\"_wpcf7_posted_data_hash\" value=\"\" \/><input type=\"hidden\" name=\"_wpcf7_recaptcha_response\" value=\"\" \/>\n<\/fieldset>\n<p><label> V\u0101rds (*)<br \/>\n<span class=\"wpcf7-form-control-wrap\" data-name=\"first-name\"><input size=\"40\" maxlength=\"400\" class=\"wpcf7-form-control wpcf7-text wpcf7-validates-as-required\" aria-required=\"true\" aria-invalid=\"false\" value=\"\" type=\"text\" name=\"first-name\" \/><\/span><\/label>\n<\/p>\n<p><label> Uzv\u0101rds (*)<br \/>\n<span class=\"wpcf7-form-control-wrap\" data-name=\"your-name\"><input size=\"40\" maxlength=\"400\" class=\"wpcf7-form-control wpcf7-text wpcf7-validates-as-required\" aria-required=\"true\" aria-invalid=\"false\" value=\"\" type=\"text\" name=\"your-name\" \/><\/span> <\/label>\n<\/p>\n<p><label> Biznesa e-pasts (*)<br \/>\n<span class=\"wpcf7-form-control-wrap\" data-name=\"your-email\"><input size=\"40\" maxlength=\"400\" class=\"wpcf7-form-control wpcf7-email wpcf7-validates-as-required wpcf7-text wpcf7-validates-as-email\" aria-required=\"true\" aria-invalid=\"false\" value=\"\" type=\"email\" name=\"your-email\" \/><\/span> <\/label>\n<\/p>\n<p><label> Uz\u0146\u0113mums (*)<br \/>\n<span class=\"wpcf7-form-control-wrap\" data-name=\"Company\"><input size=\"40\" maxlength=\"400\" class=\"wpcf7-form-control wpcf7-text wpcf7-validates-as-required\" aria-required=\"true\" aria-invalid=\"false\" value=\"\" type=\"text\" name=\"Company\" \/><\/span> <\/label>\n<\/p>\n<p><b>L\u016bdzu, \u0146emiet v\u0113r\u0101:<\/b> Ja j\u016bs <u>neredz\u0113t<\/u> \"S\u016bt\u012bt\" zem\u0101k, jums ir <u>nav pie\u0146emts<\/u> m\u016bsu konfidencialit\u0101tes politiku. T\u0101p\u0113c mums nav at\u013cauts v\u0101kt j\u016bsu datus \u0161\u0101d\u0101 veid\u0101. Vai nu rakstiet mums t\u0113rz\u0113\u0161anas sada\u013c\u0101 pa labi, vai s\u016btiet mums e-pastu uz adresi <a href=\"\/lv\/ma&\/#105;&#108;&#116;&#111;&#x3a;&#x69;&#x6e;&#x66;&#x6f;&#64;l&#101;&#97;&#112;&#108;&#x79;&#x74;&#x69;&#x63;&#x73;&#46;d&#101;\"><i class=\"fa fa-envelope\" aria-hidden=\"true\"><\/i>info@leaplytics.de<\/a> vai dz\u0113st s\u012bkfailus p\u0101rl\u016bkprogramm\u0101 (Ctrl + Shift + Delete) un p\u0113c lapas iel\u0101d\u0113\u0161anas no jauna pie\u0146emt konfidencialit\u0101tes politiku.\n<\/p><div class=\"wpcf7-response-output\" aria-hidden=\"true\"><\/div>\n<input type=\"hidden\" name=\"trp-form-language\" value=\"lv\"\/><\/form>\n<\/div>\n\n\n\n\n<p><\/p>","protected":false},"excerpt":{"rendered":"<p>FREE Version The FREE Version of LeapLytics &#8211; Traffic Light is free to use with watermark and limited functionality. Watermark removed Three Light System Two Light System One Light System Vertical Alignment Horizontal Alignment Border Settings Text Settings Color Settings You are already using the FREE version of this visual. PRO Version The PRO Version &hellip; <\/p>","protected":false},"author":2,"featured_media":0,"parent":0,"menu_order":0,"comment_status":"closed","ping_status":"closed","template":"","meta":{"footnotes":""},"class_list":["post-2436","page","type-page","status-publish","hentry","latest_post"],"_links":{"self":[{"href":"https:\/\/www.leaplytics.de\/lv\/wp-json\/wp\/v2\/pages\/2436","targetHints":{"allow":["GET"]}}],"collection":[{"href":"https:\/\/www.leaplytics.de\/lv\/wp-json\/wp\/v2\/pages"}],"about":[{"href":"https:\/\/www.leaplytics.de\/lv\/wp-json\/wp\/v2\/types\/page"}],"author":[{"embeddable":true,"href":"https:\/\/www.leaplytics.de\/lv\/wp-json\/wp\/v2\/users\/2"}],"replies":[{"embeddable":true,"href":"https:\/\/www.leaplytics.de\/lv\/wp-json\/wp\/v2\/comments?post=2436"}],"version-history":[{"count":0,"href":"https:\/\/www.leaplytics.de\/lv\/wp-json\/wp\/v2\/pages\/2436\/revisions"}],"wp:attachment":[{"href":"https:\/\/www.leaplytics.de\/lv\/wp-json\/wp\/v2\/media?parent=2436"}],"curies":[{"name":"wp","href":"https:\/\/api.w.org\/{rel}","templated":true}]}}