{"id":6464,"date":"2022-04-25T20:31:18","date_gmt":"2022-04-25T18:31:18","guid":{"rendered":"https:\/\/www.leaplytics.de\/?page_id=6464"},"modified":"2022-04-26T20:20:47","modified_gmt":"2022-04-26T18:20:47","slug":"qlik-sense-panela-paplasinajumi","status":"publish","type":"page","link":"https:\/\/www.leaplytics.de\/lv\/qlik-sense-panela-paplasinajumi\/","title":{"rendered":"Qlik Sense Dashboard un papla\u0161in\u0101jumi"},"content":{"rendered":"<p style=\"font-size:18px\"><strong>Efekt\u012bva un ar uz\u0146\u0113m\u0113jdarb\u012bbu saist\u012bta<\/strong> ir LeapLytics pre\u010du z\u012bme un m\u016bsu risin\u0101jumu pievienot\u0101 v\u0113rt\u012bba.<\/p>\n\n\n\n<figure class=\"wp-block-image size-full\"><img loading=\"lazy\" decoding=\"async\" width=\"1510\" height=\"785\" src=\"https:\/\/www.leaplytics.de\/wp-content\/uploads\/2022\/04\/Dashboard_QlikSense.png\" alt=\"\" class=\"wp-image-6468\" srcset=\"https:\/\/www.leaplytics.de\/wp-content\/uploads\/2022\/04\/Dashboard_QlikSense.png 1510w, https:\/\/www.leaplytics.de\/wp-content\/uploads\/2022\/04\/Dashboard_QlikSense-300x156.png 300w, https:\/\/www.leaplytics.de\/wp-content\/uploads\/2022\/04\/Dashboard_QlikSense-1024x532.png 1024w, https:\/\/www.leaplytics.de\/wp-content\/uploads\/2022\/04\/Dashboard_QlikSense-768x399.png 768w, https:\/\/www.leaplytics.de\/wp-content\/uploads\/2022\/04\/Dashboard_QlikSense-115x60.png 115w\" sizes=\"auto, (max-width: 1510px) 100vw, 1510px\" \/><\/figure>\n\n\n\n<div class=\"wp-block-buttons is-content-justification-center is-layout-flex wp-container-core-buttons-is-layout-1 wp-block-buttons-is-layout-flex\">\n<div class=\"wp-block-button\"><a class=\"wp-block-button__link has-background\" href=\"https:\/\/www.leaplytics.de\/lv\/priekseja-lapa\/projektu-vadibas-panela-vadibas-panelis-qlik-sense\/\" style=\"background:linear-gradient(135deg,rgb(202,248,128) 0%,rgb(0,152,69) 100%)\">R\u0101d\u012bt paneli<\/a><\/div>\n<\/div>\n\n\n\n<div style=\"height:100px\" aria-hidden=\"true\" class=\"wp-block-spacer\"><\/div>\n\n\n\n<p style=\"font-size:18px\">M\u016bsu projektu vad\u012bbas papla\u0161in\u0101jumi ir ofici\u0101li apstiprin\u0101ti Qlik un ietver j\u016bsu individu\u0101los risin\u0101jumus. Izmantojiet da\u017e\u0101das iesp\u0113jas, lai uzlabotu savu paneli un \u012bstenotu savas idejas. Papla\u0161in\u0101jumiem ir skaidra strukt\u016bra, un tie ir veidoti, koncentr\u0113joties uz lietot\u0101ju, lai padar\u012btu tos p\u0113c iesp\u0113jas intuit\u012bv\u0101kus, neatsakoties no svar\u012bgas funkcionalit\u0101tes.<\/p>\n\n\n\n<div style=\"height:100px\" aria-hidden=\"true\" class=\"wp-block-spacer\"><\/div>\n\n\n\n<div class=\"wp-block-media-text alignwide is-stacked-on-mobile\" style=\"grid-template-columns:60% auto\"><figure class=\"wp-block-media-text__media\"><img loading=\"lazy\" decoding=\"async\" width=\"1024\" height=\"576\" src=\"https:\/\/www.leaplytics.de\/wp-content\/uploads\/2022\/04\/First_Slice_Traffic_Light_QlikSense_green-1024x576.png\" alt=\"\" class=\"wp-image-6469 size-full\" srcset=\"https:\/\/www.leaplytics.de\/wp-content\/uploads\/2022\/04\/First_Slice_Traffic_Light_QlikSense_green-1024x576.png 1024w, https:\/\/www.leaplytics.de\/wp-content\/uploads\/2022\/04\/First_Slice_Traffic_Light_QlikSense_green-300x169.png 300w, https:\/\/www.leaplytics.de\/wp-content\/uploads\/2022\/04\/First_Slice_Traffic_Light_QlikSense_green-768x432.png 768w, https:\/\/www.leaplytics.de\/wp-content\/uploads\/2022\/04\/First_Slice_Traffic_Light_QlikSense_green-107x60.png 107w, https:\/\/www.leaplytics.de\/wp-content\/uploads\/2022\/04\/First_Slice_Traffic_Light_QlikSense_green.png 1140w\" sizes=\"auto, (max-width: 1024px) 100vw, 1024px\" \/><\/figure><div class=\"wp-block-media-text__content\">\n<p style=\"font-size:30px\"><strong>Luksofors <\/strong><em>Papla\u0161in\u0101jums<\/em><\/p>\n\n\n\n<p style=\"font-size:18px\">Sekojiet l\u012bdzi sava projekta statusam un jebk\u0101da veida robe\u017ev\u0113rt\u012bb\u0101m ar \u0161o vizu\u0101lo luksofora risin\u0101jumu! Tas ir galvenais \u0161\u012b luksofora papla\u0161in\u0101juma m\u0113r\u0137is. \"Satiksmes luksofors\" ir \u013coti piel\u0101gojams Qlik Sense papla\u0161in\u0101jums, lai uzraudz\u012btu j\u016bsu KPI. <\/p>\n<\/div><\/div>\n\n\n\n<div class=\"wp-block-media-text alignwide has-media-on-the-right is-stacked-on-mobile\" style=\"grid-template-columns:auto 40%\"><figure class=\"wp-block-media-text__media\"><img loading=\"lazy\" decoding=\"async\" width=\"1024\" height=\"576\" src=\"https:\/\/www.leaplytics.de\/wp-content\/uploads\/2022\/04\/Second_Slice_Traffic_light_QlikSense_green-1024x576.png\" alt=\"\" class=\"wp-image-6470 size-full\" srcset=\"https:\/\/www.leaplytics.de\/wp-content\/uploads\/2022\/04\/Second_Slice_Traffic_light_QlikSense_green-1024x576.png 1024w, https:\/\/www.leaplytics.de\/wp-content\/uploads\/2022\/04\/Second_Slice_Traffic_light_QlikSense_green-300x169.png 300w, https:\/\/www.leaplytics.de\/wp-content\/uploads\/2022\/04\/Second_Slice_Traffic_light_QlikSense_green-768x432.png 768w, https:\/\/www.leaplytics.de\/wp-content\/uploads\/2022\/04\/Second_Slice_Traffic_light_QlikSense_green-107x60.png 107w, https:\/\/www.leaplytics.de\/wp-content\/uploads\/2022\/04\/Second_Slice_Traffic_light_QlikSense_green.png 1140w\" sizes=\"auto, (max-width: 1024px) 100vw, 1024px\" \/><\/figure><div class=\"wp-block-media-text__content\">\n<p style=\"font-size:18px\">Qlik Sense luksofora papla\u0161in\u0101jumu var izmantot ar\u012b visu veidu fizik\u0101lo m\u0113r\u012bjumu, kvalit\u0101tes r\u0101d\u012bt\u0101ju un novir\u017eu robe\u017ev\u0113rt\u012bbu uzraudz\u012bbai un nor\u0101d\u012b\u0161anai kopum\u0101. To var izmantot daudzos izmanto\u0161anas gad\u012bjumos, kas sastopami da\u017e\u0101dos uz\u0146\u0113mumos.<\/p>\n\n\n\n<div class=\"wp-block-buttons is-layout-flex wp-block-buttons-is-layout-flex\">\n<div class=\"wp-block-button\"><a class=\"wp-block-button__link has-very-light-gray-to-cyan-bluish-gray-gradient-background has-background\" href=\"https:\/\/www.leaplytics.de\/lv\/priekseja-lapa\/qlik-sense-paplasinajumi\/luksofora-paplasinajums-qliksense\/\"> Uzzin\u0101t vair\u0101k<\/a><\/div>\n<\/div>\n<\/div><\/div>\n\n\n\n<div style=\"height:100px\" aria-hidden=\"true\" class=\"wp-block-spacer\"><\/div>\n\n\n\n<div style=\"height:100px\" aria-hidden=\"true\" class=\"wp-block-spacer\"><\/div>\n\n\n\n<div class=\"wp-block-media-text alignwide is-stacked-on-mobile\" style=\"grid-template-columns:60% auto\"><figure class=\"wp-block-media-text__media\"><img loading=\"lazy\" decoding=\"async\" width=\"1024\" height=\"576\" src=\"https:\/\/www.leaplytics.de\/wp-content\/uploads\/2022\/04\/First_Slice_Risk_Map_QlikSense_stone-1024x576.png\" alt=\"\" class=\"wp-image-6471 size-full\" srcset=\"https:\/\/www.leaplytics.de\/wp-content\/uploads\/2022\/04\/First_Slice_Risk_Map_QlikSense_stone-1024x576.png 1024w, https:\/\/www.leaplytics.de\/wp-content\/uploads\/2022\/04\/First_Slice_Risk_Map_QlikSense_stone-300x169.png 300w, https:\/\/www.leaplytics.de\/wp-content\/uploads\/2022\/04\/First_Slice_Risk_Map_QlikSense_stone-768x432.png 768w, https:\/\/www.leaplytics.de\/wp-content\/uploads\/2022\/04\/First_Slice_Risk_Map_QlikSense_stone-107x60.png 107w, https:\/\/www.leaplytics.de\/wp-content\/uploads\/2022\/04\/First_Slice_Risk_Map_QlikSense_stone.png 1140w\" sizes=\"auto, (max-width: 1024px) 100vw, 1024px\" \/><\/figure><div class=\"wp-block-media-text__content\">\n<p style=\"font-size:30px\"><strong>Riska karstumkarte <\/strong><em>Papla\u0161in\u0101jums<\/em><\/p>\n\n\n\n<p style=\"font-size:18px\">Ieg\u016bstiet asu vizu\u0101lu priek\u0161statu par saviem riska profiliem, izmantojot Qlik Sense riska karstkarti! \u0160is papla\u0161in\u0101jums ir izveidots, lai vizualiz\u0113tu profilus, kas tiek m\u0113r\u012bti divu KPI un da\u017e\u0101du kategoriju matric\u0101. Tas sp\u0113j vizualiz\u0113t vair\u0101kus r\u0101d\u012bt\u0101jus katr\u0101 lauk\u0101.<\/p>\n<\/div><\/div>\n\n\n\n<div class=\"wp-block-media-text alignwide has-media-on-the-right is-stacked-on-mobile\" style=\"grid-template-columns:auto 40%\"><figure class=\"wp-block-media-text__media\"><img loading=\"lazy\" decoding=\"async\" width=\"1024\" height=\"576\" src=\"https:\/\/www.leaplytics.de\/wp-content\/uploads\/2022\/04\/Second_Slice_Risk_Map_QlikSense_stone-1024x576.png\" alt=\"\" class=\"wp-image-6472 size-full\" srcset=\"https:\/\/www.leaplytics.de\/wp-content\/uploads\/2022\/04\/Second_Slice_Risk_Map_QlikSense_stone-1024x576.png 1024w, https:\/\/www.leaplytics.de\/wp-content\/uploads\/2022\/04\/Second_Slice_Risk_Map_QlikSense_stone-300x169.png 300w, https:\/\/www.leaplytics.de\/wp-content\/uploads\/2022\/04\/Second_Slice_Risk_Map_QlikSense_stone-768x432.png 768w, https:\/\/www.leaplytics.de\/wp-content\/uploads\/2022\/04\/Second_Slice_Risk_Map_QlikSense_stone-107x60.png 107w, https:\/\/www.leaplytics.de\/wp-content\/uploads\/2022\/04\/Second_Slice_Risk_Map_QlikSense_stone.png 1140w\" sizes=\"auto, (max-width: 1024px) 100vw, 1024px\" \/><\/figure><div class=\"wp-block-media-text__content\">\n<p style=\"font-size:18px\">\u0160o papla\u0161in\u0101jumu var izmantot ar\u012b visu veidu fizik\u0101lo m\u0113r\u012bjumu, kvalit\u0101tes r\u0101d\u012bt\u0101ju un at\u0161\u0137ir\u012bbu robe\u017ev\u0113rt\u012bbu uzraudz\u012bbai un nor\u0101d\u012b\u0161anai kopum\u0101. T\u0101d\u0113j\u0101di to var piem\u0113rot pla\u0161am lietojumu skaitam, kas sastopami da\u017e\u0101dos uz\u0146\u0113mumos.<\/p>\n\n\n\n<div class=\"wp-block-buttons is-layout-flex wp-block-buttons-is-layout-flex\">\n<div class=\"wp-block-button\"><a class=\"wp-block-button__link has-background\" href=\"https:\/\/www.leaplytics.de\/lv\/priekseja-lapa\/qlik-sense-paplasinajumi\/risk-heatmap-extension-for-qliksense\/\" style=\"background:linear-gradient(135deg,rgb(202,248,128) 0%,rgb(0,152,69) 100%)\">Uzzin\u0101t vair\u0101k<\/a><\/div>\n<\/div>\n<\/div><\/div>\n\n\n\n<div style=\"height:100px\" aria-hidden=\"true\" class=\"wp-block-spacer\"><\/div>\n\n\n\n<div style=\"height:100px\" aria-hidden=\"true\" class=\"wp-block-spacer\"><\/div>\n\n\n\n<div class=\"wp-block-media-text alignwide is-stacked-on-mobile\" style=\"grid-template-columns:60% auto\"><figure class=\"wp-block-media-text__media\"><img loading=\"lazy\" decoding=\"async\" width=\"1024\" height=\"576\" src=\"https:\/\/www.leaplytics.de\/wp-content\/uploads\/2022\/04\/First_Slice_Timeline_QlikSense-1024x576.png\" alt=\"\" class=\"wp-image-6976 size-full\" srcset=\"https:\/\/www.leaplytics.de\/wp-content\/uploads\/2022\/04\/First_Slice_Timeline_QlikSense-1024x576.png 1024w, https:\/\/www.leaplytics.de\/wp-content\/uploads\/2022\/04\/First_Slice_Timeline_QlikSense-300x169.png 300w, https:\/\/www.leaplytics.de\/wp-content\/uploads\/2022\/04\/First_Slice_Timeline_QlikSense-768x432.png 768w, https:\/\/www.leaplytics.de\/wp-content\/uploads\/2022\/04\/First_Slice_Timeline_QlikSense-107x60.png 107w, https:\/\/www.leaplytics.de\/wp-content\/uploads\/2022\/04\/First_Slice_Timeline_QlikSense.png 1140w\" sizes=\"auto, (max-width: 1024px) 100vw, 1024px\" \/><\/figure><div class=\"wp-block-media-text__content\">\n<p style=\"font-size:30px\"><strong>Laika grafiks<\/strong> <em>Papla\u0161in\u0101jums<\/em><\/p>\n\n\n\n<p style=\"font-size:18px\">Ieg\u016bstiet vizu\u0101lu profilu par saviem galvenajiem atskaites punktiem izplat\u012b\u0161anas un kav\u0113\u0161an\u0101s statusa zi\u0146\u0101.<\/p>\n<\/div><\/div>\n\n\n\n<div class=\"wp-block-media-text alignwide has-media-on-the-right is-stacked-on-mobile\" style=\"grid-template-columns:auto 40%\"><figure class=\"wp-block-media-text__media\"><img loading=\"lazy\" decoding=\"async\" width=\"1024\" height=\"576\" src=\"https:\/\/www.leaplytics.de\/wp-content\/uploads\/2022\/04\/Second_Slice_Traffic_light_QlikSense_green-1024x576.png\" alt=\"\" class=\"wp-image-6470 size-full\" srcset=\"https:\/\/www.leaplytics.de\/wp-content\/uploads\/2022\/04\/Second_Slice_Traffic_light_QlikSense_green-1024x576.png 1024w, https:\/\/www.leaplytics.de\/wp-content\/uploads\/2022\/04\/Second_Slice_Traffic_light_QlikSense_green-300x169.png 300w, https:\/\/www.leaplytics.de\/wp-content\/uploads\/2022\/04\/Second_Slice_Traffic_light_QlikSense_green-768x432.png 768w, https:\/\/www.leaplytics.de\/wp-content\/uploads\/2022\/04\/Second_Slice_Traffic_light_QlikSense_green-107x60.png 107w, https:\/\/www.leaplytics.de\/wp-content\/uploads\/2022\/04\/Second_Slice_Traffic_light_QlikSense_green.png 1140w\" sizes=\"auto, (max-width: 1024px) 100vw, 1024px\" \/><\/figure><div class=\"wp-block-media-text__content\">\n<p style=\"font-size:18px\">Visos projektos starpposma m\u0113r\u0137i un termi\u0146i kalpo k\u0101 noz\u012bm\u012bgi vad\u012bbas r\u0101d\u012bt\u0101ji, nodro\u0161inot l\u012bdzek\u013cus projekta priorit\u0101\u0161u noteik\u0161anai, progresa uzraudz\u012bbai un visaptvero\u0161am st\u0101stam par to, k\u0101d\u0101 status\u0101 ir j\u016bsu projekts. Izmantojot \u0161o papla\u0161in\u0101jumu, j\u016bs varat tam sekot l\u012bdzi.<\/p>\n\n\n\n<div class=\"wp-block-buttons is-layout-flex wp-block-buttons-is-layout-flex\">\n<div class=\"wp-block-button\"><a class=\"wp-block-button__link has-very-light-gray-to-cyan-bluish-gray-gradient-background has-background\" href=\"https:\/\/www.leaplytics.de\/lv\/priekseja-lapa\/qlik-sense-paplasinajumi\/qliksense-laika-grafika-paplasinajums\/\">Uzzin\u0101t vair\u0101k<\/a><\/div>\n<\/div>\n<\/div><\/div>","protected":false},"excerpt":{"rendered":"<p>Efekt\u012bva un ar uz\u0146\u0113m\u0113jdarb\u012bbu saist\u012bta darb\u012bba ir LeapLytics pre\u010du z\u012bme un m\u016bsu risin\u0101jumu pievienot\u0101 v\u0113rt\u012bba. M\u016bsu projektu vad\u012bbas papla\u0161in\u0101jumi ir ofici\u0101li apstiprin\u0101ti Qlik un ietver j\u016bsu individu\u0101los risin\u0101jumus. Izmantojiet da\u017e\u0101das iesp\u0113jas, lai uzlabotu savu paneli un \u012bstenotu savas idejas. Papla\u0161in\u0101jumiem ir skaidra strukt\u016bra, un tie ir veidoti, koncentr\u0113joties uz ... <\/p>","protected":false},"author":3,"featured_media":0,"parent":0,"menu_order":0,"comment_status":"closed","ping_status":"closed","template":"","meta":{"footnotes":""},"class_list":["post-6464","page","type-page","status-publish","hentry","latest_post"],"_links":{"self":[{"href":"https:\/\/www.leaplytics.de\/lv\/wp-json\/wp\/v2\/pages\/6464","targetHints":{"allow":["GET"]}}],"collection":[{"href":"https:\/\/www.leaplytics.de\/lv\/wp-json\/wp\/v2\/pages"}],"about":[{"href":"https:\/\/www.leaplytics.de\/lv\/wp-json\/wp\/v2\/types\/page"}],"author":[{"embeddable":true,"href":"https:\/\/www.leaplytics.de\/lv\/wp-json\/wp\/v2\/users\/3"}],"replies":[{"embeddable":true,"href":"https:\/\/www.leaplytics.de\/lv\/wp-json\/wp\/v2\/comments?post=6464"}],"version-history":[{"count":0,"href":"https:\/\/www.leaplytics.de\/lv\/wp-json\/wp\/v2\/pages\/6464\/revisions"}],"wp:attachment":[{"href":"https:\/\/www.leaplytics.de\/lv\/wp-json\/wp\/v2\/media?parent=6464"}],"curies":[{"name":"wp","href":"https:\/\/api.w.org\/{rel}","templated":true}]}}