{"id":699,"date":"2020-12-07T20:33:50","date_gmt":"2020-12-07T19:33:50","guid":{"rendered":"https:\/\/www.leaplytics.de\/?page_id=699"},"modified":"2024-11-04T10:02:48","modified_gmt":"2024-11-04T09:02:48","slug":"qliksense-riska-matricas-paplasinajums","status":"publish","type":"page","link":"https:\/\/www.leaplytics.de\/lv\/priekseja-lapa\/qlik-sense-paplasinajumi\/qliksense-riska-matricas-paplasinajums\/","title":{"rendered":"Qlik Sense riska matricas papla\u0161in\u0101jums"},"content":{"rendered":"<p>Ieg\u016bstiet skaidru vizu\u0101lu priek\u0161statu par saviem riska profiliem, izmantojot Qlik Sense riska matricu \/ karstuma karti! \u0160is papla\u0161in\u0101jums ir izveidots, lai vizualiz\u0113tu profilus, kas tiek m\u0113r\u012bti divu KPI un da\u017e\u0101du kategoriju matric\u0101. Tas sp\u0113j vizualiz\u0113t vair\u0101kus r\u0101d\u012bt\u0101jus katr\u0101 lauk\u0101. J\u016bs varat br\u012bvi un dinamiski izv\u0113l\u0113ties visas izteiksmes starp 3\u00d73 un 5\u00d75 matricu. Da\u017e\u0101di iestat\u012bjumi, piem\u0113ram, piel\u0101gotas kr\u0101sas, elast\u012bgas robe\u017eas un teksta iestat\u012bjumi, piel\u0101go \u0161o papla\u0161in\u0101jumu j\u016bsu p\u0101rskatu vajadz\u012bb\u0101m.<\/p>\n\n\n\n<div style=\"height:10px\" aria-hidden=\"true\" class=\"wp-block-spacer\"><\/div>\n\n\n<div class=\"wp-block-image\">\n<figure class=\"aligncenter size-large\"><img loading=\"lazy\" decoding=\"async\" width=\"1024\" height=\"576\" src=\"https:\/\/www.leaplytics.de\/wp-content\/uploads\/2022\/04\/First_Slice_Risk_Map_QlikSense_stone-1024x576.png\" alt=\"\" class=\"wp-image-6471\" srcset=\"https:\/\/www.leaplytics.de\/wp-content\/uploads\/2022\/04\/First_Slice_Risk_Map_QlikSense_stone-1024x576.png 1024w, https:\/\/www.leaplytics.de\/wp-content\/uploads\/2022\/04\/First_Slice_Risk_Map_QlikSense_stone-300x169.png 300w, https:\/\/www.leaplytics.de\/wp-content\/uploads\/2022\/04\/First_Slice_Risk_Map_QlikSense_stone-768x432.png 768w, https:\/\/www.leaplytics.de\/wp-content\/uploads\/2022\/04\/First_Slice_Risk_Map_QlikSense_stone-107x60.png 107w, https:\/\/www.leaplytics.de\/wp-content\/uploads\/2022\/04\/First_Slice_Risk_Map_QlikSense_stone.png 1140w\" sizes=\"auto, (max-width: 1024px) 100vw, 1024px\" \/><\/figure><\/div>\n\n\n<div style=\"height:100px\" aria-hidden=\"true\" class=\"wp-block-spacer\"><\/div>\n\n\n\n<h3 class=\"wp-block-heading has-text-align-center\">Ieg\u0101d\u0101jieties to tagad!<\/h3>\n\n\n\n<div style=\"height:50px\" aria-hidden=\"true\" class=\"wp-block-spacer\"><\/div>\n\n\n\n<div class=\"wp-block-columns alignwide is-layout-flex wp-container-core-columns-is-layout-1 wp-block-columns-is-layout-flex\">\n<div class=\"wp-block-column has-text-color has-background has-link-color wp-elements-dfea0d1df7d7210c16180380cb297c35 is-layout-flow wp-block-column-is-layout-flow\" style=\"color:#000000;background-color:#eeeeee;padding-top:2em;padding-right:2em;padding-bottom:2em;padding-left:2em\">\n<h2 class=\"wp-block-heading\" id=\"single\" style=\"font-size:40px\"><strong>BEZMAKSAS versija<\/strong><\/h2>\n\n\n\n<div style=\"height:10px\" aria-hidden=\"true\" class=\"wp-block-spacer\"><\/div>\n\n\n\n<p class=\"has-normal-font-size\" style=\"line-height:1.5\">LeapLytics - Riska matricas BEZMAKSAS versiju var izmantot \u010detras ned\u0113\u013cas bez maksas jebkur\u0101 server\u012b un jebkur\u0101 uz\u0146\u0113mum\u0101. P\u0101rbaudiet, vai m\u016bsu risin\u0101jums atbilst j\u016bsu pras\u012bb\u0101m.<\/p>\n\n\n\n<div style=\"height:10px\" aria-hidden=\"true\" class=\"wp-block-spacer\"><\/div>\n\n\n\n<hr class=\"wp-block-separator has-text-color has-css-opacity has-background is-style-wide\" style=\"background-color:#000000;color:#000000\"\/>\n\n\n\n<div style=\"height:10px\" aria-hidden=\"true\" class=\"wp-block-spacer\"><\/div>\n\n\n\n<p><i class=\"fas fa-check\"><\/i> \u016adensz\u012bme no\u0146emta<\/p>\n\n\n\n<p><i class=\"fas fa-check\"><\/i> Individu\u0101lais re\u017e\u0123a lielums<\/p>\n\n\n\n<p><i class=\"fas fa-check\"><\/i> Lietot\u0101ja defin\u0113ta kr\u0101su sh\u0113ma<\/p>\n\n\n\n<p><i class=\"fas fa-check\"><\/i> Kr\u0101su invertors<\/p>\n\n\n\n<p><i class=\"fas fa-check\"><\/i> Robe\u017eu iestat\u012bjumi<\/p>\n\n\n\n<p><i class=\"fas fa-check\"><\/i> Ass iestat\u012bjumi<\/p>\n\n\n\n<p><i class=\"fas fa-check\"><\/i> Indikatoru iestat\u012bjumi<\/p>\n\n\n\n<p><i class=\"fas fa-check\"><\/i> Teksta iestat\u012bjumi<\/p>\n\n\n\n<p><i class=\"fas fa-check\"><\/i> Kr\u0101su iestat\u012bjumi<\/p>\n\n\n\n<p><i class=\"fas fa-check\"><\/i> Navig\u0101cija un darb\u012bbas<\/p>\n\n\n\n<p><i class=\"fas fa-check\"><\/i> Druk\u0101jams*<\/p>\n\n\n\n<div class=\"wp-block-buttons alignfull is-horizontal is-content-justification-center is-layout-flex wp-container-core-buttons-is-layout-1 wp-block-buttons-is-layout-flex\">\n<div class=\"wp-block-button\"><a class=\"wp-block-button__link has-white-color has-text-color wp-element-button\" href=\"https:\/\/developer.qlik.com\/garden\/5fd6531adae7960011eb30ec\" target=\"_blank\" rel=\"noreferrer noopener\">Sa\u0146emiet BEZMAKSAS versiju<\/a><\/div>\n<\/div>\n<\/div>\n\n\n\n<div class=\"wp-block-column has-text-color has-background has-link-color wp-elements-6ae2b82b5852519cfb4d42d032a83f17 is-layout-flow wp-block-column-is-layout-flow\" style=\"color:#000000;background-color:#98bd00;padding-top:2em;padding-right:2em;padding-bottom:2em;padding-left:2em\">\n<h2 class=\"wp-block-heading\" id=\"family\" style=\"font-size:40px\"><strong>PRO versija<\/strong><\/h2>\n\n\n\n<div style=\"height:10px\" aria-hidden=\"true\" class=\"wp-block-spacer\"><\/div>\n\n\n\n<p class=\"has-normal-font-size\" style=\"line-height:1.5\">LeapLytics - Riska matricas PRO versija \u013cauj piln\u012bb\u0101 izmantot \u0161\u012bs vizualiz\u0101cijas iesp\u0113jas. Viena licence vienam serverim un uz\u0146\u0113mumam - viena cena gad\u0101.<\/p>\n\n\n\n<div style=\"height:10px\" aria-hidden=\"true\" class=\"wp-block-spacer\"><\/div>\n\n\n\n<hr class=\"wp-block-separator has-text-color has-black-color has-css-opacity has-black-background-color has-background is-style-wide\"\/>\n\n\n\n<div style=\"height:10px\" aria-hidden=\"true\" class=\"wp-block-spacer\"><\/div>\n\n\n\n<p><i class=\"fas fa-check\"><\/i>  \u016adensz\u012bme no\u0146emta<\/p>\n\n\n\n<p><i class=\"fas fa-check\"><\/i>  Individu\u0101lais re\u017e\u0123a lielums<\/p>\n\n\n\n<p><i class=\"fas fa-check\"><\/i>  Lietot\u0101ja defin\u0113ta kr\u0101su sh\u0113ma<\/p>\n\n\n\n<p><i class=\"fas fa-check\"><\/i>  Kr\u0101su invertors<\/p>\n\n\n\n<p><i class=\"fas fa-check\"><\/i>  Robe\u017eu iestat\u012bjumi<\/p>\n\n\n\n<p><i class=\"fas fa-check\"><\/i>  Ass iestat\u012bjumi<\/p>\n\n\n\n<p><i class=\"fas fa-check\"><\/i>  Indikatoru iestat\u012bjumi<\/p>\n\n\n\n<p><i class=\"fas fa-check\"><\/i>  Teksta iestat\u012bjumi<\/p>\n\n\n\n<p><i class=\"fas fa-check\"><\/i>  Kr\u0101su iestat\u012bjumi<\/p>\n\n\n\n<p><i class=\"fas fa-check\"><\/i>  Navig\u0101cija un darb\u012bbas<\/p>\n\n\n\n<p><i class=\"fas fa-check\"><\/i>  Druk\u0101jams*<\/p>\n\n\n\n<div class=\"wp-block-buttons alignfull is-horizontal is-content-justification-center is-layout-flex wp-container-core-buttons-is-layout-2 wp-block-buttons-is-layout-flex\">\n<div class=\"wp-block-button\"><a class=\"wp-block-button__link has-white-color has-text-color wp-element-button\" href=\"https:\/\/shop.leaplytics.de\/product\/power-bi-risk-heatmap\/\">Ieg\u016bt PRO versiju<\/a><\/div>\n<\/div>\n<\/div>\n<\/div>\n\n\n\n<p>* skat. <a href=\"https:\/\/community.qlik.com\/t5\/Knowledge\/Qlik-Sense-Enterprise-SaaS-Third-party-extensions-cannot-be\/ta-p\/1755264\">QlikSense ierobe\u017eojumi <\/a><\/p>\n\n\n\n<div style=\"height:100px\" aria-hidden=\"true\" class=\"wp-block-spacer\"><\/div>\n\n\n\n<h3 class=\"wp-block-heading has-text-align-center\">Dokument\u0101cija<\/h3>\n\n\n\n<div style=\"height:50px\" aria-hidden=\"true\" class=\"wp-block-spacer\"><\/div>\n\n\n<div class=\"_df_book df-lite\" id=\"df_726\"  _slug=\"risk-heatmap\" data-title=\"risk-heatmap\" wpoptions=\"true\" thumb=\"https:\/\/www.leaplytics.de\/wp-content\/uploads\/2020\/12\/Risk-Map-picture.jpg\" thumbtype=\"\" ><\/div><script class=\"df-shortcode-script\" nowprocket type=\"application\/javascript\">window.option_df_726 = {\"outline\":[],\"autoEnableOutline\":\"false\",\"autoEnableThumbnail\":\"false\",\"overwritePDFOutline\":\"false\",\"backgroundImage\":\"https:\\\/\\\/www.leaplytics.de\\\/wp-content\\\/uploads\\\/2020\\\/10\\\/mathew-schwartz-sb7RUrRMaC4-unsplash-scaled.jpg\",\"direction\":\"1\",\"pageSize\":\"0\",\"source\":\"https:\\\/\\\/www.leaplytics.de\\\/wp-content\\\/uploads\\\/2022\\\/02\\\/Risk-Heatmap-Qlik-Sense-User-Documentation_Pro_1.4.0.0.pdf\",\"wpOptions\":\"true\"}; if(window.DFLIP && window.DFLIP.parseBooks){window.DFLIP.parseBooks();}<\/script>\n\n\n\n<div style=\"height:50px\" aria-hidden=\"true\" class=\"wp-block-spacer\"><\/div>\n\n\n\n<div class=\"wp-block-buttons is-content-justification-center is-layout-flex wp-container-core-buttons-is-layout-3 wp-block-buttons-is-layout-flex\">\n<div class=\"wp-block-button\"><a class=\"wp-block-button__link wp-element-button\" href=\"https:\/\/www.leaplytics.de\/wp-content\/uploads\/2022\/02\/Risk-Heatmap-Qlik-Sense-User-Documentation_Pro_1.4.0.0.pdf\" target=\"_blank\" rel=\"noreferrer noopener\">Lejupiel\u0101d\u0113t dokument\u0101ciju<\/a><\/div>\n<\/div>\n\n\n\n<div style=\"height:50px\" aria-hidden=\"true\" class=\"wp-block-spacer\"><\/div>\n\n\n\n<p>Abon\u0113t \u0161eit, lai sa\u0146emtu ekskluz\u012bvus atjaunin\u0101jumus un rel\u012bzes: <a href=\"https:\/\/www.leaplytics.de\/lv\/abonet_produktu\/\">Abonements<\/a><\/p>\n\n\n\n<hr class=\"wp-block-separator has-css-opacity is-style-default\"\/>\n\n\n\n<h2 class=\"wp-block-heading\" id=\"introduction-risk-heatmap-extension-for-qlik-sense\">Ievads Qlik Sense riska matricas papla\u0161in\u0101jums<\/h2>\n\n\n\n<p>Ieg\u016bstiet skaidru vizu\u0101lu priek\u0161statu par saviem riska profiliem, izmantojot Qlik Sense riska matricu! \u0160is papla\u0161in\u0101jums ir izveidots, lai vizualiz\u0113tu profilus, kas tiek m\u0113r\u012bti divu KPI un da\u017e\u0101du kategoriju matric\u0101. Tas sp\u0113j vizualiz\u0113t vair\u0101kus r\u0101d\u012bt\u0101jus katr\u0101 lauk\u0101. J\u016bs varat br\u012bvi un dinamiski izv\u0113l\u0113ties visas izteiksmes starp 3\u00d73 un 5\u00d75 matricu. Da\u017e\u0101di iestat\u012bjumi, piem\u0113ram, piel\u0101gotas kr\u0101sas, elast\u012bgas robe\u017eas un teksta iestat\u012bjumi, piel\u0101go \u0161o papla\u0161in\u0101jumu j\u016bsu p\u0101rskatu vajadz\u012bb\u0101m.<\/p>\n\n\n<div class=\"wp-block-image is-style-default\">\n<figure class=\"alignright size-full\"><img loading=\"lazy\" decoding=\"async\" width=\"912\" height=\"775\" src=\"https:\/\/www.leaplytics.de\/wp-content\/uploads\/2022\/02\/settings.gif\" alt=\"Riska karstumkarte Qlik Sense\" class=\"wp-image-3060\"\/><figcaption class=\"wp-element-caption\">Pla\u0161as iestat\u012bjumu iesp\u0113jas<\/figcaption><\/figure><\/div>\n\n\n<p>\u0160o papla\u0161in\u0101jumu var izmantot ar\u012b visu veidu fizik\u0101lo m\u0113r\u012bjumu, kvalit\u0101tes r\u0101d\u012bt\u0101ju un at\u0161\u0137ir\u012bbu robe\u017ev\u0113rt\u012bbu uzraudz\u012bbai un nor\u0101d\u012b\u0161anai kopum\u0101. T\u0101d\u0113j\u0101di to var piem\u0113rot pla\u0161am lietojumu skaitam, kas sastopami da\u017e\u0101dos uz\u0146\u0113mumos. Turpm\u0101k sniegtaj\u0101 uzskait\u012bjum\u0101 par\u0101d\u012bta jau \u012bstenoto iesp\u0113jamo lietojumu gad\u012bjumu izlase:<\/p>\n\n\n\n<p><strong>Projektu vad\u012bba<\/strong>: Vizualiz\u0113t projekta, programmas vai portfe\u013ca riska un iesp\u0113ju profilus.<\/p>\n\n\n\n<p><strong>IT<\/strong>: Nor\u0101diet lietojumprogrammas, kas ir za\u013c\u0101, dzelten\u0101 vai sarkan\u0101 statusa zon\u0101 (veiktsp\u0113ja, vesel\u012bba).<\/p>\n\n\n\n<hr class=\"wp-block-separator has-css-opacity\"\/>\n\n\n\n<h3 class=\"wp-block-heading\" id=\"getting-started-with-our-risk-heatmap-for-qlik-sense\">Darba s\u0101k\u0161ana ar m\u016bsu Qlik Sense riska matricu<\/h3>\n\n\n<p>Atv\u0113rt <a href=\"https:\/\/www.qlik.com\/de-de\/products\/qlik-sense\" target=\"_blank\" rel=\"noopener\">Qlik Sense<\/a> un attiec\u012bgo lietotni, kur\u0101 v\u0113laties izmantot papla\u0161in\u0101jumu \"Riska matrica\". Atveriet darblapu redi\u0123\u0113\u0161anas re\u017e\u012bm\u0101, un papla\u0161in\u0101jumu atrad\u012bsiet sada\u013c\u0101 \"Piel\u0101gotie objekti\". Velciet un nometiet papla\u0161in\u0101jumu uz jebkuru pane\u013ca apgabalu (<em>Papla\u0161in\u0101juma izskatu var main\u012bt v\u0113l\u0101k papildu iestat\u012bjumos).<\/em><\/p>\n\n<div class=\"wp-block-image\">\n<figure class=\"alignright size-full\"><img decoding=\"async\" src=\"https:\/\/www.leaplytics.de\/wp-content\/uploads\/2022\/02\/drag-drop.gif\" alt=\"S\u0101kotn\u0113jie iestat\u012bjumi un konfigur\u0101cija riska karstkartei Qlik Sense\" class=\"wp-image-3060\"\/><figcaption class=\"wp-element-caption\">Pla\u0161as iestat\u012bjumu iesp\u0113jas<\/figcaption><\/figure><\/div>\n\n<p>P\u0113c tam, kad esat ievietojis papla\u0161in\u0101juma gad\u012bjumu sav\u0101 vad\u012bbas panel\u012b, labaj\u0101 pus\u0113 par\u0101d\u012bsies \u0161\u0101ds \u012bpa\u0161\u012bbu panelis. \u012apa\u0161\u012bbu panelis ir sadal\u012bts \u0161\u0101d\u0101s sada\u013c\u0101s:\u00a0 \u00a0 \u00a0 \u00a0 \u00a0 \u00a0 \u00a0 \u00a0 \u00a0 \u00a0 \u00a0 \u00a0 \u00a0 \u00a0 \u00a0 \u00a0 \u00a0 \u00a0 \u00a0 \u00a0 \u00a0 \u00a0 \u00a0 \u00a0 \u00a0 \u00a0 \u00a0 \u00a0 \u00a0 \u00a0 \u00a0 \u00a0 \u00a0 \u00a0 \u00a0 \u00a0 \u00a0 \u00a0 \u00a0 \u00a0 \u00a0 \u00a0 \u00a0 \u00a0 \u00a0 \u00a0 \u00a0\u00a0<\/p>\n<ul>\n<li>Pas\u0101kumi<\/li>\n<li>Izm\u0113ri<\/li>\n<li>Diapazoni (visp\u0101r\u012bgs matricas izk\u0101rtojums)<\/li>\n<li>Re\u017e\u0123a iestat\u012bjumi (viss matricas iek\u0161pus\u0113)<\/li>\n<li>Ass iestat\u012bjumi (viss ap matricu)<\/li>\n<li>Indikatora iestat\u012bjumi (viss, kas attiecas uz matricas saturu)<\/li>\n<li>Par \u00a0\u00a0\u00a0\u00a0\u00a0\u00a0\u00a0\u00a0\u00a0\u00a0\u00a0\u00a0\u00a0\u00a0 \u00a0\u00a0\u00a0\u00a0\u00a0\u00a0\u00a0\u00a0\u00a0\u00a0\u00a0\u00a0\u00a0\u00a0\u00a0\u00a0\u00a0\u00a0\u00a0\u00a0\u00a0\u00a0\u00a0\u00a0\u00a0\u00a0\u00a0\u00a0\u00a0<\/li>\n<\/ul>\n<p>Turpm\u0101k j\u016bs uzzin\u0101siet, k\u0101 izmantot LeapLytics papla\u0161in\u0101jumu \"Riska matrica\" un k\u0101 to piel\u0101got sav\u0101m vajadz\u012bb\u0101m, pareizi izmantojot \u012bpa\u0161\u012bbas.\u00a0 \u00a0<\/p>\n\n\n<hr class=\"wp-block-separator has-css-opacity\"\/>\n\n\n\n<h3 class=\"wp-block-heading\" id=\"measures\">Pas\u0101kumi<\/h3>\n\n\n<div class=\"wp-block-image\">\n<figure class=\"alignright size-large is-resized\"><img loading=\"lazy\" decoding=\"async\" width=\"245\" height=\"329\" src=\"https:\/\/www.leaplytics.de\/wp-content\/uploads\/2020\/11\/measures.png\" alt=\"Pas\u0101kuma apraksts riska karstuma kartei Qlik Sense\" class=\"wp-image-512\" style=\"width:236px;height:317px\" srcset=\"https:\/\/www.leaplytics.de\/wp-content\/uploads\/2020\/11\/measures.png 245w, https:\/\/www.leaplytics.de\/wp-content\/uploads\/2020\/11\/measures-223x300.png 223w, https:\/\/www.leaplytics.de\/wp-content\/uploads\/2020\/11\/measures-45x60.png 45w\" sizes=\"auto, (max-width: 245px) 100vw, 245px\" \/><\/figure><\/div>\n\n<p>Pas\u0101kums nosaka divu attiec\u012bgo matricas KPI v\u0113rt\u012bbu. Pirmais KPI defin\u0113 X ass KPI, bet otrais KPI defin\u0113 Y ass KPI. Tos var p\u0101rsl\u0113gt atsevi\u0161\u0137i. Matrica sagaida v\u0113rt\u012bbas diapazon\u0101 no 1 l\u012bdz 5 (5 lauku matrica) vai no 1 l\u012bdz 3 (3 lauku matrica). Ja ir lietder\u012bgi, ir iesp\u0113jami ar\u012b decim\u0101lskait\u013ci. V\u0113rt\u012bbas var \u0146emt tie\u0161i no datu mode\u013ca, ja iepriek\u0161\u0113ja sist\u0113ma jau fiks\u0113 un apr\u0113\u0137ina diapazonu. Ja datu model\u012b ir iek\u013cautas jebk\u0101da veida vien\u012bbas, kategorijas var izveidot formul\u0101r\u0101 atsevi\u0161\u0137i.<\/p>\n<p>Varat pievienot \u0161\u0101du pas\u0101kumu:<\/p>\n<ul>\n<li>Noklik\u0161\u0137iniet uz pogas \"Pievienot m\u0113r\u012bjumu\" \u012bpa\u0161\u012bbu panel\u012b sada\u013c\u0101 \"M\u0113r\u012bjums\" vai noklik\u0161\u0137inot uz pogas \"Pievienot m\u0113r\u012bjumu\" papla\u0161in\u0101juma log\u0101 uz vad\u012bbas pane\u013ca.<\/li>\n<li>Izv\u0113lieties pas\u0101kumu no nolai\u017eamaj\u0101 sarakst\u0101 un noklik\u0161\u0137iniet uz t\u0101.<\/li>\n<li>(P\u0113c izv\u0113les): Izv\u0113lieties sav\u0101m vajadz\u012bb\u0101m piem\u0113rotu agreg\u0101ciju (Summa, Vid\u0113jais, Min, Max utt.) vai defin\u0113jiet individu\u0101lu formulu.<\/li>\n<\/ul>\n<p>Lietojot atsevi\u0161\u0137as formulas, var izmantot \u0161\u0101dus piem\u0113rus:<\/p>\n\n\n<figure class=\"wp-block-image size-large\"><img loading=\"lazy\" decoding=\"async\" width=\"744\" height=\"255\" src=\"https:\/\/www.leaplytics.de\/wp-content\/uploads\/2020\/12\/heatmap_use_cases.png\" alt=\"\" class=\"wp-image-749\" srcset=\"https:\/\/www.leaplytics.de\/wp-content\/uploads\/2020\/12\/heatmap_use_cases.png 744w, https:\/\/www.leaplytics.de\/wp-content\/uploads\/2020\/12\/heatmap_use_cases-600x206.png 600w, https:\/\/www.leaplytics.de\/wp-content\/uploads\/2020\/12\/heatmap_use_cases-300x103.png 300w, https:\/\/www.leaplytics.de\/wp-content\/uploads\/2020\/12\/heatmap_use_cases-175x60.png 175w\" sizes=\"auto, (max-width: 744px) 100vw, 744px\" \/><\/figure>\n\n\n\n<hr class=\"wp-block-separator has-css-opacity\"\/>\n\n\n\n<h3 class=\"wp-block-heading\" id=\"dimensions\">Izm\u0113ri<\/h3>\n\n\n<p>Izmantojiet dimensiju, lai r\u0101d\u012bt\u0101jiem pie\u0161\u0137irtu spilgtu nosaukumu. Tas var b\u016bt, piem\u0113ram, ID vai \u012bss nosaukums (1-2 v\u0101rdi). Gar\u0101ki nosaukumi vai apraksti nav ieteicami, jo matricas telpa ir ierobe\u017eota.<\/p>\n\n\n<hr class=\"wp-block-separator has-css-opacity\"\/>\n\n\n\n<h3 class=\"wp-block-heading\" id=\"advanced-settings\">Izv\u0113rstie iestat\u012bjumi<\/h3>\n\n\n\n<p>Matricas iestat\u012bjumos varat veikt vair\u0101kas izv\u0113les.<\/p>\n\n\n\n<p><strong>Matricas iestat\u012bjumi: <\/strong>Vispirms varat noteikt proporciju. T\u0101d\u0113j\u0101di vizualiz\u0101cija tiek saglab\u0101ta kvadr\u0101tveida st\u0101vokl\u012b. Turkl\u0101t, izmantojot sl\u012bdni, varat atsevi\u0161\u0137i iestat\u012bt x un y virziena lielumu. Ja j\u016bsu dati atrodas \u0101rpus \u0161iem diapazoniem, papla\u0161in\u0101jum\u0101 tiks par\u0101d\u012bts vizu\u0101ls m\u0101jiens! Turkl\u0101t ar vienu klik\u0161\u0137i varat invert\u0113t kr\u0101sas. Visbeidzot, varat noteikt robe\u017eas platumu vai piln\u012bb\u0101 to atsp\u0113jot.<\/p>\n\n\n\n<p><strong>Re\u017e\u0123a iestat\u012bjumi<\/strong>: Izmantojiet re\u017e\u0123a iestat\u012bjumus, lai konfigur\u0113tu pa\u0161u matricu, piem\u0113ram, robe\u017eu lielumu vai konfigur\u0101ciju. Varat ar\u012b apgriezt kr\u0101su kod\u0113jumu, lai augst\u0101kajai kategorijai b\u016btu za\u013ca kr\u0101sa, bet zem\u0101kajai kategorijai - sarkana. Ir iesp\u0113jams ar\u012b izsl\u0113gt tabulu ar detaliz\u0113t\u0101m v\u0113rt\u012bb\u0101m.<\/p>\n\n\n\n<p><strong>Ass iestat\u012bjumi:<\/strong> Axis iestat\u012bjumi \u013cauj konfigur\u0113t r\u0101mi atbilsto\u0161i j\u016bsu vajadz\u012bb\u0101m. Varat izsl\u0113gt tekstus, asis vai augstu\/zemu r\u0101d\u012bjumu.<\/p>\n\n\n\n<p><strong>Indikatoru iestat\u012bjumi:<\/strong> Izmantojiet indikatoru iestat\u012bjumus, lai main\u012btu indikatoru lielumu un izskatu re\u017e\u0123\u012b.<\/p>\n\n\n<div class=\"wp-block-image\">\n<figure class=\"aligncenter size-full\"><img loading=\"lazy\" decoding=\"async\" width=\"912\" height=\"775\" src=\"https:\/\/www.leaplytics.de\/wp-content\/uploads\/2022\/02\/settings.gif\" alt=\"Da\u017e\u0101di iestat\u012bjumi riska karstkartei Qlik Sense\" class=\"wp-image-3060\"\/><\/figure><\/div>\n\n\n<hr class=\"wp-block-separator has-css-opacity\"\/>\n\n\n\n<h3 class=\"wp-block-heading\" id=\"navigation-action\">Navig\u0101cija un darb\u012bba<\/h3>\n\n\n\n<p>Varat savam papla\u0161in\u0101jumam piem\u0113rot navig\u0101ciju un darb\u012bbas, lai p\u0101rvietotos uz Qlik Sense lap\u0101m, vietn\u0113m u. c. Varat aktiviz\u0113t \"Darb\u012bbas\", izmantojot attiec\u012bgo pogu. \"Riska matrica\" atbalsta divus da\u017e\u0101dus navig\u0101cijas veidus:<\/p>\n\n\n\n<ul class=\"wp-block-list\">\n<li><strong>Poga:<\/strong> Izv\u0113lieties \"Poga\", lai pievienotu pogu zem luksofora ikonas. Pogas nosaukumu varat main\u012bt, izmantojot lauku \"Pogas teksts\". Ievadiet t\u012bmek\u013ca vietnes vai Qlik Sense lapas URL, uz kuru v\u0113laties p\u0101riet*. URL var atv\u0113rt taj\u0101 pa\u0161\u0101 log\u0101 vai atsevi\u0161\u0137\u0101 ciln\u0113, izmantojot izv\u0113les r\u016bti\u0146u \"Atv\u0113rt taj\u0101 pa\u0161\u0101 log\u0101\".<\/li>\n<\/ul>\n\n\n\n<ul class=\"wp-block-list\">\n<li><strong>Objekts:<\/strong> K\u0101 alternat\u012bvu varat izv\u0113l\u0113ties \"Objekts\", lai padar\u012btu visu objektu klik\u0161\u0137in\u0101mu (<em>lauks \"Pogas teksts\" tiks pasl\u0113pts<\/em>). Ievadiet t\u012bmek\u013ca vietnes vai Qlik Sense lapas URL, uz kuru v\u0113laties p\u0101riet*. URL var atv\u0113rt taj\u0101 pa\u0161\u0101 log\u0101 vai atsevi\u0161\u0137\u0101 ciln\u0113, izmantojot izv\u0113les r\u016bti\u0146u \"Atv\u0113rt taj\u0101 pa\u0161\u0101 log\u0101\".<\/li>\n<\/ul>\n\n\n\n<p>*URL vienm\u0113r j\u0101s\u0101kas ar \"http:\/\/www.\" vai \"https:\/\/www\".<\/p>\n\n\n<div class=\"wp-block-image\">\n<figure class=\"aligncenter size-large\"><img loading=\"lazy\" decoding=\"async\" width=\"246\" height=\"464\" src=\"https:\/\/www.leaplytics.de\/wp-content\/uploads\/2021\/04\/Milestone_navigation-1.jpg\" alt=\"Navig\u0101cijas un darb\u012bbu iestat\u012bjumi riska karstkartei Qlik Sense\" class=\"wp-image-1739\" srcset=\"https:\/\/www.leaplytics.de\/wp-content\/uploads\/2021\/04\/Milestone_navigation-1.jpg 246w, https:\/\/www.leaplytics.de\/wp-content\/uploads\/2021\/04\/Milestone_navigation-1-159x300.jpg 159w, https:\/\/www.leaplytics.de\/wp-content\/uploads\/2021\/04\/Milestone_navigation-1-32x60.jpg 32w\" sizes=\"auto, (max-width: 246px) 100vw, 246px\" \/><\/figure><\/div>\n\n\n<hr class=\"wp-block-separator has-css-opacity\"\/>\n\n\n<h3>Par m\u016bsu Qlik Sense riska matricu<\/h3>\n\n\n<\/p>\n<p>\u0160o Qlik Sense papla\u0161in\u0101jumu ir izstr\u0101d\u0101jis <a href=\"https:\/\/www.leaplytics.de\/lv\/\">LeapLytics<\/a>. Sada\u013c\u0101 Par sada\u013cu ir sniegta inform\u0101cija par \u0161o papla\u0161in\u0101jumu.<\/p>\n<p>\n\n\n\n<\/p>\n<p><strong>Versija:<\/strong> R\u0101da \u0161\u012b papla\u0161in\u0101juma instal\u0113to versiju<\/p>\n<p>\n\n\n\n<\/p>\n<p><strong>Licence der\u012bga l\u012bdz:<\/strong> R\u0101da licences der\u012bguma termi\u0146u<\/p>\n<p>\n\n\n\n<\/p>\n<p><strong>Server\u012b der\u012bga licence:<\/strong> R\u0101da, kur\u0101 servera ID var izmantot \u0161o papla\u0161in\u0101jumu.\n\n\n\n<hr class=\"wp-block-separator has-css-opacity\"\/>\n\n\n<h3>Versiju v\u0113sture<\/h3>\n\n\n<figure class=\"wp-block-table is-style-stripes\"><table><tbody><tr><td class=\"has-text-align-center\" data-align=\"center\"><strong>Versija<\/strong><\/td><td class=\"has-text-align-center\" data-align=\"center\"><strong>Datums<\/strong><\/td><td class=\"has-text-align-left\" data-align=\"left\"><strong>Saturs<\/strong><\/td><\/tr><tr><td class=\"has-text-align-center\" data-align=\"center\">1.4<\/td><td class=\"has-text-align-center\" data-align=\"center\">14.02.2022<\/td><td class=\"has-text-align-left\" data-align=\"left\">Jauna API lieto\u0161ana<\/td><\/tr><tr><td class=\"has-text-align-center\" data-align=\"center\">1.3<\/td><td class=\"has-text-align-center\" data-align=\"center\">13.12.2021<\/td><td class=\"has-text-align-left\" data-align=\"left\">Riska matricas atjaunin\u0101\u0161ana<\/td><\/tr><tr><td class=\"has-text-align-center\" data-align=\"center\">1.2<\/td><td class=\"has-text-align-center\" data-align=\"center\">26.04.2021<\/td><td class=\"has-text-align-left\" data-align=\"left\">Pievienota navig\u0101cija un darb\u012bbas,<br>Vair\u0101k nek\u0101 9 risku atbalsts<br>ritin\u0101mu indikatoru tabula<\/td><\/tr><tr><td class=\"has-text-align-center\" data-align=\"center\">1.1<\/td><td class=\"has-text-align-center\" data-align=\"center\">28.01.2021<\/td><td class=\"has-text-align-left\" data-align=\"left\">Abonements<br>funkcionalit\u0101te<br>izlaiduma atjaunin\u0101jumi &amp;<br>uzlaboto \u012bpa\u0161\u012bbu panelis<\/td><\/tr><tr><td class=\"has-text-align-center\" data-align=\"center\">1.0<\/td><td class=\"has-text-align-center\" data-align=\"center\">13.11.2020<\/td><td class=\"has-text-align-left\" data-align=\"left\">S\u0101kotn\u0113j\u0101 versija<\/td><\/tr><\/tbody><\/table><\/figure>\n\n\n\n<hr class=\"wp-block-separator has-css-opacity\"\/>\n\n\n\n<p><\/p>\n\n\n\n<div class=\"wp-block-columns are-vertically-aligned-center is-layout-flex wp-container-core-columns-is-layout-2 wp-block-columns-is-layout-flex\">\n<div class=\"wp-block-column is-vertically-aligned-center is-layout-flow wp-block-column-is-layout-flow\" style=\"flex-basis:100%\">\n<p><\/p>\n<\/div>\n<\/div>\n\n\n\n<p><\/p>","protected":false},"excerpt":{"rendered":"<p>Ieg\u016bstiet skaidru vizu\u0101lu priek\u0161statu par saviem riska profiliem, izmantojot QilkSense riska karstkarti! \u0160is papla\u0161in\u0101jums ir izveidots, lai vizualiz\u0113tu profilus, kas tiek m\u0113r\u012bti divu KPI un da\u017e\u0101du kategoriju matric\u0101. Tas sp\u0113j vizualiz\u0113t vair\u0101kus r\u0101d\u012bt\u0101jus (l\u012bdz 4 bezmaksas versij\u0101) katr\u0101 lauk\u0101. Da\u017e\u0101di iestat\u012bjumi, piem\u0113ram, vienk\u0101r\u0161a p\u0101rsl\u0113g\u0161an\u0101s starp 3 \u00d7 3 un 5 \u00d7 5 lauku matricu, robe\u017eu un teksta iestat\u012bjumi, piel\u0101go \u0161o papla\u0161in\u0101jumu j\u016bsu p\u0101rskatu vajadz\u012bb\u0101m. <\/p>\n<p>\u0160o papla\u0161in\u0101jumu var izmantot ar\u012b visu veidu fizik\u0101lo m\u0113r\u012bjumu, kvalit\u0101tes r\u0101d\u012bt\u0101ju un at\u0161\u0137ir\u012bbu robe\u017ev\u0113rt\u012bbu uzraudz\u012bbai un nor\u0101d\u012b\u0161anai kopum\u0101. T\u0101d\u0113j\u0101di to var piem\u0113rot pla\u0161am lietojumu skaitam, kas sastopami da\u017e\u0101dos uz\u0146\u0113mumos.<\/p>","protected":false},"author":1,"featured_media":0,"parent":227,"menu_order":1,"comment_status":"closed","ping_status":"closed","template":"","meta":{"footnotes":""},"class_list":["post-699","page","type-page","status-publish","hentry","latest_post"],"_links":{"self":[{"href":"https:\/\/www.leaplytics.de\/lv\/wp-json\/wp\/v2\/pages\/699","targetHints":{"allow":["GET"]}}],"collection":[{"href":"https:\/\/www.leaplytics.de\/lv\/wp-json\/wp\/v2\/pages"}],"about":[{"href":"https:\/\/www.leaplytics.de\/lv\/wp-json\/wp\/v2\/types\/page"}],"author":[{"embeddable":true,"href":"https:\/\/www.leaplytics.de\/lv\/wp-json\/wp\/v2\/users\/1"}],"replies":[{"embeddable":true,"href":"https:\/\/www.leaplytics.de\/lv\/wp-json\/wp\/v2\/comments?post=699"}],"version-history":[{"count":5,"href":"https:\/\/www.leaplytics.de\/lv\/wp-json\/wp\/v2\/pages\/699\/revisions"}],"predecessor-version":[{"id":13676,"href":"https:\/\/www.leaplytics.de\/lv\/wp-json\/wp\/v2\/pages\/699\/revisions\/13676"}],"up":[{"embeddable":true,"href":"https:\/\/www.leaplytics.de\/lv\/wp-json\/wp\/v2\/pages\/227"}],"wp:attachment":[{"href":"https:\/\/www.leaplytics.de\/lv\/wp-json\/wp\/v2\/media?parent=699"}],"curies":[{"name":"wp","href":"https:\/\/api.w.org\/{rel}","templated":true}]}}