{"id":799,"date":"2021-01-04T21:52:31","date_gmt":"2021-01-04T20:52:31","guid":{"rendered":"https:\/\/www.leaplytics.de\/?page_id=799"},"modified":"2024-11-04T09:23:33","modified_gmt":"2024-11-04T08:23:33","slug":"projektu-vadibas-panela-vadibas-panelis-qlik-sense","status":"publish","type":"page","link":"https:\/\/www.leaplytics.de\/lv\/priekseja-lapa\/projektu-vadibas-panela-vadibas-panelis-qlik-sense\/","title":{"rendered":"Projektu vad\u012bbas pane\u013cu pane\u013ci Qlik Sense"},"content":{"rendered":"<h2 class=\"wp-block-heading\" id=\"dashboard\">Vad\u012bbas panelis<\/h2>\n\n\n\n<p>Projektu vad\u012bbas pane\u013ci Qlik Sense iev\u0113ro vienk\u0101r\u0161u noteikumu: <strong>ar vienu acu uzmetienu par\u0101d\u012bt atbild\u012bgaj\u0101m person\u0101m pareizo projekta inform\u0101ciju pareizaj\u0101 apkopojum\u0101, lai t\u0101s var\u0113tu pie\u0146emt pareizos l\u0113mumus.<\/strong>. <\/p>\n\n\n\n<p>Projekta vid\u0113 ir da\u017e\u0101das ieinteres\u0113t\u0101s puses, kur\u0101m ir at\u0161\u0137ir\u012bgas inform\u0101cijas pras\u012bbas, un katrai no t\u0101m ir at\u0161\u0137ir\u012bgs detaliz\u0101cijas l\u012bmenis. Turpm\u0101k min\u0113tie piem\u0113ri par\u0101da divas visbie\u017e\u0101k sastopam\u0101s pret\u0113j\u0101s puses.  <\/p>\n\n\n\n<p><strong>Portfe\u013ca l\u012bmenis:<\/strong> Ir portfe\u013cu vad\u012bt\u0101ji, kuriem ir j\u0101nodro\u0161ina, lai pareizajiem projektiem tiktu pie\u0161\u0137irti pareizie resursi. Ir j\u0101identific\u0113 sastr\u0113gumi un j\u0101p\u0101rvalda projektu pl\u016bsmas.<\/p>\n\n\n\n<p><strong>Projekta l\u012bmenis: <\/strong>Projektu vad\u012bt\u0101jiem ir j\u0101sa\u0146em viszem\u0101k\u0101 l\u012bme\u0146a inform\u0101cija, lai b\u016btu pieejami visi vad\u012bbas main\u012bgie. No otras puses, sponsoriem, p\u0101rskat\u012b\u0161anas padomes locek\u013ciem un izpilddirektoriem ir j\u0101sa\u0146em attiec\u012bg\u0101 b\u016btisk\u0101k\u0101 inform\u0101cija, lai pie\u0146emtu pareizos l\u0113mumus par visaptvero\u0161u projekta vad\u012bbu.<\/p>\n\n\n\n<p>LeapLytics Advanced Project Management Reporting nodro\u0161ina, ka ir iesp\u0113jamas visas atskai\u0161u snieg\u0161anas pras\u012bbas neatkar\u012bgi no ieinteres\u0113to personu veida vai apkopo\u0161anas l\u012bme\u0146a. Integr\u0113jot inform\u0101cijas procesu, visa inform\u0101cija tiek apkopota zem\u0101kaj\u0101 l\u012bmen\u012b un apkopota atbilsto\u0161i visu iesp\u0113jamo sa\u0146\u0113m\u0113ju vajadz\u012bb\u0101m.<\/p>\n\n\n\n<p>\u0160eit ir divi piem\u0113ri par projekta statusa zi\u0146o\u0161anu, ko var \u012bstenot ar m\u016bsu LeapLytics papla\u0161in\u0101jumu komplektu QlikSense. Dashboards izmanto datu pamatdatu modeli, kas atbilst standarta PMI projektu vad\u012bbas noteikumiem. T\u0101d\u0113j\u0101di par uz\u0146\u0113muma m\u0113roga projektiem var zi\u0146ot saska\u0146ot\u0101, efekt\u012bv\u0101 un lietot\u0101jam draudz\u012bg\u0101 veid\u0101.<\/p>\n\n\n\n<h2 class=\"wp-block-heading\" id=\"project-status-report-qlik-sense\">Projekta statusa zi\u0146ojums Qlik Sense<\/h2>\n\n\n\n<p>Projekta statusa pamatzi\u0146ojums ir viens no Qlik Sense projektu vad\u012bbas pane\u013ca Qlik Sense piem\u0113riem, un tas \u013cauj lietot\u0101jam izv\u0113l\u0113ties \u012bpa\u0161u projektu, k\u0101 ar\u012b zi\u0146o\u0161anas datumu. Vi\u0146\u0161 sa\u0146em visu nepiecie\u0161amo inform\u0101ciju, kas att\u0113lota tr\u012bs kolonnu izk\u0101rtojum\u0101 ar attiec\u012bgajiem pamatdatiem galven\u0113. Galven\u0101s funkcijas ir \u0161\u0101das. <a href=\"https:\/\/www.leaplytics.de\/lv\/extensions\/traffic-light\/\">Luksofors<\/a> un <a href=\"https:\/\/www.leaplytics.de\/lv\/extensions\/risk-heatmap-extension-for-qliksense\/\">Riska matrica<\/a>.<\/p>\n\n\n\n<figure class=\"wp-block-image size-large\"><img loading=\"lazy\" decoding=\"async\" width=\"1024\" height=\"600\" src=\"https:\/\/www.leaplytics.de\/wp-content\/uploads\/2021\/11\/Laptop-with-Dashboard-Page2-1024x600.png\" alt=\"\" class=\"wp-image-2407\" srcset=\"https:\/\/www.leaplytics.de\/wp-content\/uploads\/2021\/11\/Laptop-with-Dashboard-Page2-1024x600.png 1024w, https:\/\/www.leaplytics.de\/wp-content\/uploads\/2021\/11\/Laptop-with-Dashboard-Page2-300x176.png 300w, https:\/\/www.leaplytics.de\/wp-content\/uploads\/2021\/11\/Laptop-with-Dashboard-Page2-768x450.png 768w, https:\/\/www.leaplytics.de\/wp-content\/uploads\/2021\/11\/Laptop-with-Dashboard-Page2-1536x901.png 1536w, https:\/\/www.leaplytics.de\/wp-content\/uploads\/2021\/11\/Laptop-with-Dashboard-Page2-2048x1201.png 2048w, https:\/\/www.leaplytics.de\/wp-content\/uploads\/2021\/11\/Laptop-with-Dashboard-Page2-102x60.png 102w\" sizes=\"auto, (max-width: 1024px) 100vw, 1024px\" \/><figcaption class=\"wp-element-caption\">Projektu vad\u012bbas pane\u013cu pane\u013ci Qlik Sense<\/figcaption><\/figure>\n\n\n\n<p>Projekta statusa pamatzi\u0146ojuma variant\u0101 izk\u0101rtojums tiek main\u012bts uz horizont\u0101lu skatu un k\u0101 galven\u0101 funkcija tiek pievienots atskaites posmu skats, lai g\u016btu p\u0101rskatu par attiec\u012bgajiem atskaites posmiem un to m\u0113r\u0137a sasnieg\u0161anu.<\/p>\n\n\n\n<figure class=\"wp-block-image size-large\"><img loading=\"lazy\" decoding=\"async\" width=\"1024\" height=\"602\" src=\"https:\/\/www.leaplytics.de\/wp-content\/uploads\/2021\/11\/Laptop-with-Dashboard-Page3-1024x602.png\" alt=\"\" class=\"wp-image-2408\" srcset=\"https:\/\/www.leaplytics.de\/wp-content\/uploads\/2021\/11\/Laptop-with-Dashboard-Page3-1024x602.png 1024w, https:\/\/www.leaplytics.de\/wp-content\/uploads\/2021\/11\/Laptop-with-Dashboard-Page3-300x176.png 300w, https:\/\/www.leaplytics.de\/wp-content\/uploads\/2021\/11\/Laptop-with-Dashboard-Page3-768x451.png 768w, https:\/\/www.leaplytics.de\/wp-content\/uploads\/2021\/11\/Laptop-with-Dashboard-Page3-1536x903.png 1536w, https:\/\/www.leaplytics.de\/wp-content\/uploads\/2021\/11\/Laptop-with-Dashboard-Page3-2048x1204.png 2048w, https:\/\/www.leaplytics.de\/wp-content\/uploads\/2021\/11\/Laptop-with-Dashboard-Page3-102x60.png 102w\" sizes=\"auto, (max-width: 1024px) 100vw, 1024px\" \/><figcaption class=\"wp-element-caption\">Projektu vad\u012bbas pane\u013cu pane\u013ci Qlik Sense<\/figcaption><\/figure>\n\n\n\n<p>M\u016bsu papla\u0161in\u0101jumu var izmantot ar\u012b visaptvero\u0161os portfe\u013cu pane\u013cos.<\/p>\n\n\n\n<figure class=\"wp-block-image size-large\"><img loading=\"lazy\" decoding=\"async\" width=\"1024\" height=\"599\" src=\"https:\/\/www.leaplytics.de\/wp-content\/uploads\/2021\/11\/Laptop-with-Dashboard-Page1-1024x599.png\" alt=\"\" class=\"wp-image-2406\" srcset=\"https:\/\/www.leaplytics.de\/wp-content\/uploads\/2021\/11\/Laptop-with-Dashboard-Page1-1024x599.png 1024w, https:\/\/www.leaplytics.de\/wp-content\/uploads\/2021\/11\/Laptop-with-Dashboard-Page1-300x175.png 300w, https:\/\/www.leaplytics.de\/wp-content\/uploads\/2021\/11\/Laptop-with-Dashboard-Page1-768x449.png 768w, https:\/\/www.leaplytics.de\/wp-content\/uploads\/2021\/11\/Laptop-with-Dashboard-Page1-1536x898.png 1536w, https:\/\/www.leaplytics.de\/wp-content\/uploads\/2021\/11\/Laptop-with-Dashboard-Page1-2048x1198.png 2048w, https:\/\/www.leaplytics.de\/wp-content\/uploads\/2021\/11\/Laptop-with-Dashboard-Page1-103x60.png 103w\" sizes=\"auto, (max-width: 1024px) 100vw, 1024px\" \/><figcaption class=\"wp-element-caption\">Projektu portfe\u013ca inform\u0101cijas panelis Qlik Sense<\/figcaption><\/figure>\n\n\n\n<p>Ja j\u016bs interes\u0113, ko tas var\u0113tu noz\u012bm\u0113t j\u016bsu projektu vad\u012bbas videi, m\u0113s labpr\u0101t ar jums sarun\u0101sim sarunu. \u0160\u0101d\u0101 gad\u012bjum\u0101 vai ja jums ir jaut\u0101jumi par deta\u013c\u0101m, ievie\u0161anu un cenu inform\u0101ciju, l\u016bdzu, dariet mums zin\u0101mu, un m\u0113s sazin\u0101simies ar jums \u012bs\u0101 laik\u0101:<\/p>\n\n\n<div class=\"wpforms-container wpforms-container-full\" id=\"wpforms-10645\"><form id=\"wpforms-form-10645\" class=\"wpforms-validate wpforms-form wpforms-ajax-form\" data-formid=\"10645\" method=\"post\" enctype=\"multipart\/form-data\" action=\"\/lv\/wp-json\/wp\/v2\/pages\/799\" data-token=\"6ca35e2f315236f6fb14c0771cd2e34b\" data-token-time=\"1775774933\" data-trp-original-action=\"\/lv\/wp-json\/wp\/v2\/pages\/799\"><noscript class=\"wpforms-error-noscript\">Lai aizpild\u012btu \u0161o veidlapu, l\u016bdzu, iesp\u0113jojiet JavaScript sav\u0101 p\u0101rl\u016bkprogramm\u0101.<\/noscript><div class=\"wpforms-field-container\"><div id=\"wpforms-10645-field_0-container\" class=\"wpforms-field wpforms-field-name\" data-field-id=\"0\"><label class=\"wpforms-field-label\">Nosaukums <span class=\"wpforms-required-label\">*<\/span><\/label><div class=\"wpforms-field-row wpforms-field-medium\"><div class=\"wpforms-field-row-block wpforms-first wpforms-one-half\"><input type=\"text\" id=\"wpforms-10645-field_0\" class=\"wpforms-field-name-first wpforms-field-required\" name=\"wpforms[fields][0][first]\" required><label for=\"wpforms-10645-field_0\" class=\"wpforms-field-sublabel after\">Pirmais<\/label><\/div><div class=\"wpforms-field-row-block wpforms-one-half\"><input type=\"text\" id=\"wpforms-10645-field_0-last\" class=\"wpforms-field-name-last wpforms-field-required\" name=\"wpforms[fields][0][last]\" required><label for=\"wpforms-10645-field_0-last\" class=\"wpforms-field-sublabel after\">P\u0113d\u0113jais<\/label><\/div><\/div><\/div><div id=\"wpforms-10645-field_1-container\" class=\"wpforms-field wpforms-field-email\" data-field-id=\"1\"><label class=\"wpforms-field-label\" for=\"wpforms-10645-field_1\">E-pasts <span class=\"wpforms-required-label\">*<\/span><\/label><input type=\"email\" id=\"wpforms-10645-field_1\" class=\"wpforms-field-medium wpforms-field-required\" data-rule-restricted-email=\"1\" name=\"wpforms[fields][1]\" spellcheck=\"false\" required><\/div><div id=\"wpforms-10645-field_3-container\" class=\"wpforms-field wpforms-field-text\" data-field-id=\"3\"><label class=\"wpforms-field-label\" for=\"wpforms-10645-field_3\">Uz\u0146\u0113mums <span class=\"wpforms-required-label\">*<\/span><\/label><input type=\"text\" id=\"wpforms-10645-field_3\" class=\"wpforms-field-medium wpforms-field-required\" name=\"wpforms[fields][3]\" required><\/div><div id=\"wpforms-10645-field_2-container\" class=\"wpforms-field wpforms-field-textarea\" data-field-id=\"2\"><label class=\"wpforms-field-label\" for=\"wpforms-10645-field_2\">Koment\u0101rs vai zi\u0146a<\/label><textarea id=\"wpforms-10645-field_2\" class=\"wpforms-field-medium\" name=\"wpforms[fields][2]\" ><\/textarea><\/div><div id=\"wpforms-10645-field_4-container\" class=\"wpforms-field wpforms-field-gdpr-checkbox\" data-field-id=\"4\"><label class=\"wpforms-field-label\">GDPR l\u012bgums <span class=\"wpforms-required-label\">*<\/span><\/label><ul id=\"wpforms-10645-field_4\" class=\"wpforms-field-required\"><li class=\"choice-1\"><input type=\"checkbox\" id=\"wpforms-10645-field_4_1\" name=\"wpforms[fields][4][]\" value=\"I consent to having this website store my submitted information so they can respond to my inquiry.\" required><label class=\"wpforms-field-label-inline\" for=\"wpforms-10645-field_4_1\">Es piekr\u012btu, ka \u0161\u012b vietne saglab\u0101 manu iesniegto inform\u0101ciju, lai var\u0113tu atbild\u0113t uz manu piepras\u012bjumu.<\/label><\/li><\/ul><\/div><\/div><!-- .wpforms-field-container --><div class=\"wpforms-recaptcha-container wpforms-is-recaptcha wpforms-is-recaptcha-type-v3\" ><input type=\"hidden\" name=\"wpforms[recaptcha]\" value=\"\"><\/div><div class=\"wpforms-submit-container\" ><input type=\"hidden\" name=\"wpforms[id]\" value=\"10645\"><input type=\"hidden\" name=\"page_title\" value=\"\"><input type=\"hidden\" name=\"page_url\" value=\"https:\/\/www.leaplytics.de\/lv\/wp-json\/wp\/v2\/pages\/799\"><input type=\"hidden\" name=\"url_referer\" value=\"\"><button type=\"submit\" name=\"wpforms[submit]\" id=\"wpforms-submit-10645\" class=\"wpforms-submit\" data-alt-text=\"Sending...\" data-submit-text=\"Submit\" aria-live=\"assertive\" value=\"wpforms-submit\">Iesniegt<\/button><img loading=\"lazy\" decoding=\"async\" src=\"https:\/\/www.leaplytics.de\/wp-content\/plugins\/wpforms-lite\/assets\/images\/submit-spin.svg\" class=\"wpforms-submit-spinner\" style=\"display: none;\" width=\"26\" height=\"26\" alt=\"Iekrau\u0161ana\"><\/div><input type=\"hidden\" name=\"trp-form-language\" value=\"lv\"\/><\/form><\/div>  <!-- .wpforms-container -->","protected":false},"excerpt":{"rendered":"<p>Dashboard Projektu vad\u012bbas pane\u013ci Dashboard Qlik Sense iev\u0113ro vienk\u0101r\u0161u likumu: par\u0101d\u012bt atbild\u012bgaj\u0101m person\u0101m pareizo projekta inform\u0101ciju pareizaj\u0101 apkopojum\u0101 ar vienu skatienu, lai t\u0101s var\u0113tu pie\u0146emt pareizos l\u0113mumus. Projekta vid\u0113 ir da\u017e\u0101das ieinteres\u0113t\u0101s personas, kur\u0101m ir at\u0161\u0137ir\u012bgas inform\u0101cijas pras\u012bbas, un katrai no t\u0101m ir at\u0161\u0137ir\u012bgs detaliz\u0101cijas l\u012bmenis. ... <\/p>","protected":false},"author":1,"featured_media":0,"parent":111,"menu_order":0,"comment_status":"closed","ping_status":"closed","template":"","meta":{"footnotes":""},"class_list":["post-799","page","type-page","status-publish","hentry","latest_post"],"_links":{"self":[{"href":"https:\/\/www.leaplytics.de\/lv\/wp-json\/wp\/v2\/pages\/799","targetHints":{"allow":["GET"]}}],"collection":[{"href":"https:\/\/www.leaplytics.de\/lv\/wp-json\/wp\/v2\/pages"}],"about":[{"href":"https:\/\/www.leaplytics.de\/lv\/wp-json\/wp\/v2\/types\/page"}],"author":[{"embeddable":true,"href":"https:\/\/www.leaplytics.de\/lv\/wp-json\/wp\/v2\/users\/1"}],"replies":[{"embeddable":true,"href":"https:\/\/www.leaplytics.de\/lv\/wp-json\/wp\/v2\/comments?post=799"}],"version-history":[{"count":3,"href":"https:\/\/www.leaplytics.de\/lv\/wp-json\/wp\/v2\/pages\/799\/revisions"}],"predecessor-version":[{"id":13668,"href":"https:\/\/www.leaplytics.de\/lv\/wp-json\/wp\/v2\/pages\/799\/revisions\/13668"}],"up":[{"embeddable":true,"href":"https:\/\/www.leaplytics.de\/lv\/wp-json\/wp\/v2\/pages\/111"}],"wp:attachment":[{"href":"https:\/\/www.leaplytics.de\/lv\/wp-json\/wp\/v2\/media?parent=799"}],"curies":[{"name":"wp","href":"https:\/\/api.w.org\/{rel}","templated":true}]}}