{"id":8471,"date":"2022-06-07T22:47:30","date_gmt":"2022-06-07T20:47:30","guid":{"rendered":"https:\/\/www.leaplytics.de\/?page_id=8471"},"modified":"2022-06-08T11:19:35","modified_gmt":"2022-06-08T09:19:35","slug":"ka-aktivizet-licenci-microsoft-power-bi","status":"publish","type":"page","link":"https:\/\/www.leaplytics.de\/lv\/ka-aktivizet-licenci-microsoft-power-bi\/","title":{"rendered":"K\u0101: Aktiviz\u0113t licenci programm\u0101 Microsoft Power BI"},"content":{"rendered":"<p>J\u016bs esat sa\u0146\u0113mis licences atsl\u0113gu un v\u0113laties s\u0101kt. Bet kur t\u0101 j\u0101ieliek? M\u0113s jums to izskaidrojam \u0161eit.<\/p>\n\n\n\n<h2 class=\"wp-block-heading\">Power BI Web<\/h2>\n\n\n\n<div class=\"wp-block-columns is-layout-flex wp-container-core-columns-is-layout-1 wp-block-columns-is-layout-flex\">\n<div class=\"wp-block-column is-layout-flow wp-block-column-is-layout-flow\">\n<p>Redaktora re\u017e\u012bm\u0101 vispirms noklik\u0161\u0137iniet uz m\u016bsu vizualiz\u0101cijas. P\u0113c tam s\u0101njosl\u0101 tiks atv\u0113rtas m\u016bsu vizualiz\u0101cijas iestat\u012bjumu opcijas. Noklik\u0161\u0137iniet uz \"Format\". T\u0101 ir otr\u0101 ikona no kreis\u0101s puses. T\u0101 izskat\u0101s k\u0101 rito\u0161a ota.<\/p>\n<\/div>\n\n\n\n<div class=\"wp-block-column is-layout-flow wp-block-column-is-layout-flow\">\n<figure class=\"wp-block-gallery has-nested-images columns-default is-cropped wp-block-gallery-1 is-layout-flex wp-block-gallery-is-layout-flex\">\n<figure class=\"wp-block-image size-large\"><img loading=\"lazy\" decoding=\"async\" width=\"322\" height=\"357\" src=\"https:\/\/www.leaplytics.de\/wp-content\/uploads\/2022\/06\/grafik.png\" alt=\"\" class=\"wp-image-8472\" srcset=\"https:\/\/www.leaplytics.de\/wp-content\/uploads\/2022\/06\/grafik.png 322w, https:\/\/www.leaplytics.de\/wp-content\/uploads\/2022\/06\/grafik-271x300.png 271w, https:\/\/www.leaplytics.de\/wp-content\/uploads\/2022\/06\/grafik-54x60.png 54w\" sizes=\"auto, (max-width: 322px) 100vw, 322px\" \/><\/figure>\n<\/figure>\n<\/div>\n<\/div>\n\n\n\n<div class=\"wp-block-columns is-layout-flex wp-container-core-columns-is-layout-2 wp-block-columns-is-layout-flex\">\n<div class=\"wp-block-column is-layout-flow wp-block-column-is-layout-flow\">\n<figure class=\"wp-block-image size-full\"><img loading=\"lazy\" decoding=\"async\" width=\"314\" height=\"636\" src=\"https:\/\/www.leaplytics.de\/wp-content\/uploads\/2022\/06\/grafik-1.png\" alt=\"\" class=\"wp-image-8476\" srcset=\"https:\/\/www.leaplytics.de\/wp-content\/uploads\/2022\/06\/grafik-1.png 314w, https:\/\/www.leaplytics.de\/wp-content\/uploads\/2022\/06\/grafik-1-148x300.png 148w, https:\/\/www.leaplytics.de\/wp-content\/uploads\/2022\/06\/grafik-1-30x60.png 30w\" sizes=\"auto, (max-width: 314px) 100vw, 314px\" \/><\/figure>\n<\/div>\n\n\n\n<div class=\"wp-block-column is-layout-flow wp-block-column-is-layout-flow\">\n<p>Tagad redz\u0113siet vair\u0101kas nolai\u017eam\u0101s izv\u0113lnes. Vienai no t\u0101m ir uzraksts \"Licence\". Noklik\u0161\u0137iniet uz t\u0101s, un zem t\u0101s par\u0101d\u012bsies teksta lauks, kur\u0101 varat ievad\u012bt savu licenci.<\/p>\n\n\n\n<p>Paveikts! Licence ir aktiviz\u0113ta, un visi ierobe\u017eojumi ir atcelti. Tagad varat s\u0101kt darbu!<\/p>\n<\/div>\n<\/div>\n\n\n\n<h2 class=\"wp-block-heading\">Power BI darbvirsma<\/h2>\n\n\n\n<div class=\"wp-block-columns is-layout-flex wp-container-core-columns-is-layout-3 wp-block-columns-is-layout-flex\">\n<div class=\"wp-block-column is-layout-flow wp-block-column-is-layout-flow\">\n<p>Redaktora re\u017e\u012bm\u0101 vispirms noklik\u0161\u0137iniet uz m\u016bsu vizualiz\u0101cijas. P\u0113c tam s\u0101njosl\u0101 tiks atv\u0113rtas m\u016bsu vizualiz\u0101cijas iestat\u012bjumu opcijas. Noklik\u0161\u0137iniet uz \"Format your visual\". T\u0101 ir otr\u0101 ikona no kreis\u0101s puses. T\u0101 izskat\u0101s k\u0101 joslu diagramma ar kr\u0101sas otu.<\/p>\n<\/div>\n\n\n\n<div class=\"wp-block-column is-layout-flow wp-block-column-is-layout-flow\">\n<figure class=\"wp-block-image size-full\"><img loading=\"lazy\" decoding=\"async\" width=\"301\" height=\"348\" src=\"https:\/\/www.leaplytics.de\/wp-content\/uploads\/2022\/06\/grafik-2.png\" alt=\"\" class=\"wp-image-8477\" srcset=\"https:\/\/www.leaplytics.de\/wp-content\/uploads\/2022\/06\/grafik-2.png 301w, https:\/\/www.leaplytics.de\/wp-content\/uploads\/2022\/06\/grafik-2-259x300.png 259w, https:\/\/www.leaplytics.de\/wp-content\/uploads\/2022\/06\/grafik-2-52x60.png 52w\" sizes=\"auto, (max-width: 301px) 100vw, 301px\" \/><\/figure>\n<\/div>\n<\/div>\n\n\n\n<div class=\"wp-block-columns is-layout-flex wp-container-core-columns-is-layout-4 wp-block-columns-is-layout-flex\">\n<div class=\"wp-block-column is-layout-flow wp-block-column-is-layout-flow\">\n<figure class=\"wp-block-image size-full\"><img loading=\"lazy\" decoding=\"async\" width=\"252\" height=\"410\" src=\"https:\/\/www.leaplytics.de\/wp-content\/uploads\/2022\/06\/grafik-3.png\" alt=\"\" class=\"wp-image-8478\" srcset=\"https:\/\/www.leaplytics.de\/wp-content\/uploads\/2022\/06\/grafik-3.png 252w, https:\/\/www.leaplytics.de\/wp-content\/uploads\/2022\/06\/grafik-3-184x300.png 184w, https:\/\/www.leaplytics.de\/wp-content\/uploads\/2022\/06\/grafik-3-37x60.png 37w\" sizes=\"auto, (max-width: 252px) 100vw, 252px\" \/><\/figure>\n<\/div>\n\n\n\n<div class=\"wp-block-column is-layout-flow wp-block-column-is-layout-flow\">\n<p>Tagad redz\u0113siet vair\u0101kas nolai\u017eam\u0101s izv\u0113lnes. Vienai no t\u0101m ir uzraksts \"Licence\". Noklik\u0161\u0137iniet uz t\u0101s, un zem t\u0101s par\u0101d\u012bsies teksta lauks, kur\u0101 varat ievad\u012bt savu licenci.<\/p>\n\n\n\n<p>Paveikts! Licence ir aktiviz\u0113ta, un visi ierobe\u017eojumi ir atcelti.<\/p>\n<\/div>\n<\/div>","protected":false},"excerpt":{"rendered":"<p>You have received your license key and want to start. But where do you have to insert it? We explain that to you here. Power BI Web In editor mode, first click on our visualization. The settings options for our visualization will then open in the sidebar. You click on &#8220;Format&#8221;. This is the second &hellip; <\/p>","protected":false},"author":2,"featured_media":0,"parent":0,"menu_order":0,"comment_status":"closed","ping_status":"closed","template":"","meta":{"footnotes":""},"class_list":["post-8471","page","type-page","status-publish","hentry","latest_post"],"_links":{"self":[{"href":"https:\/\/www.leaplytics.de\/lv\/wp-json\/wp\/v2\/pages\/8471","targetHints":{"allow":["GET"]}}],"collection":[{"href":"https:\/\/www.leaplytics.de\/lv\/wp-json\/wp\/v2\/pages"}],"about":[{"href":"https:\/\/www.leaplytics.de\/lv\/wp-json\/wp\/v2\/types\/page"}],"author":[{"embeddable":true,"href":"https:\/\/www.leaplytics.de\/lv\/wp-json\/wp\/v2\/users\/2"}],"replies":[{"embeddable":true,"href":"https:\/\/www.leaplytics.de\/lv\/wp-json\/wp\/v2\/comments?post=8471"}],"version-history":[{"count":0,"href":"https:\/\/www.leaplytics.de\/lv\/wp-json\/wp\/v2\/pages\/8471\/revisions"}],"wp:attachment":[{"href":"https:\/\/www.leaplytics.de\/lv\/wp-json\/wp\/v2\/media?parent=8471"}],"curies":[{"name":"wp","href":"https:\/\/api.w.org\/{rel}","templated":true}]}}