{"id":8873,"date":"2022-06-25T15:01:05","date_gmt":"2022-06-25T13:01:05","guid":{"rendered":"https:\/\/www.leaplytics.de\/?page_id=8873"},"modified":"2024-09-13T15:22:46","modified_gmt":"2024-09-13T13:22:46","slug":"pielagotas-krasas-riska-karstumkarsu-matricas-jaudas-bi","status":"publish","type":"page","link":"https:\/\/www.leaplytics.de\/lv\/pielagotas-krasas-riska-karstumkarsu-matricas-jaudas-bi\/","title":{"rendered":"Piel\u0101gotas kr\u0101sas un asu uzl\u012bmes"},"content":{"rendered":"<p>Vai v\u0113laties izveidot riska karstumkarti \/ matricu ar at\u0161\u0137ir\u012bg\u0101m kr\u0101s\u0101m un asu mar\u0137\u0113jumiem? M\u016bsu izk\u0101rtojuma dizainers pal\u012bdz\u0113s jums piel\u0101got visus nepiecie\u0161amos elementus!<\/p>\n\n\n\n<div class=\"wp-block-buttons is-content-justification-center is-layout-flex wp-container-core-buttons-is-layout-1 wp-block-buttons-is-layout-flex\">\n<div class=\"wp-block-button\"><a class=\"wp-block-button__link has-text-align-center wp-element-button\" href=\"https:\/\/www.leaplytics.de\/lv\/custom-colors\/\">Iet uz izk\u0101rtojuma konstruktoru<\/a><\/div>\n<\/div>","protected":false},"excerpt":{"rendered":"<p>Vai v\u0113laties izveidot riska karstumkarti \/ matricu ar at\u0161\u0137ir\u012bg\u0101m kr\u0101s\u0101m un asu mar\u0137\u0113jumiem? M\u016bsu izk\u0101rtojuma dizainers pal\u012bdz\u0113s jums piel\u0101got visus nepiecie\u0161amos elementus!<\/p>","protected":false},"author":2,"featured_media":0,"parent":0,"menu_order":0,"comment_status":"closed","ping_status":"closed","template":"","meta":{"footnotes":""},"class_list":["post-8873","page","type-page","status-publish","hentry","latest_post"],"_links":{"self":[{"href":"https:\/\/www.leaplytics.de\/lv\/wp-json\/wp\/v2\/pages\/8873","targetHints":{"allow":["GET"]}}],"collection":[{"href":"https:\/\/www.leaplytics.de\/lv\/wp-json\/wp\/v2\/pages"}],"about":[{"href":"https:\/\/www.leaplytics.de\/lv\/wp-json\/wp\/v2\/types\/page"}],"author":[{"embeddable":true,"href":"https:\/\/www.leaplytics.de\/lv\/wp-json\/wp\/v2\/users\/2"}],"replies":[{"embeddable":true,"href":"https:\/\/www.leaplytics.de\/lv\/wp-json\/wp\/v2\/comments?post=8873"}],"version-history":[{"count":5,"href":"https:\/\/www.leaplytics.de\/lv\/wp-json\/wp\/v2\/pages\/8873\/revisions"}],"predecessor-version":[{"id":13562,"href":"https:\/\/www.leaplytics.de\/lv\/wp-json\/wp\/v2\/pages\/8873\/revisions\/13562"}],"wp:attachment":[{"href":"https:\/\/www.leaplytics.de\/lv\/wp-json\/wp\/v2\/media?parent=8873"}],"curies":[{"name":"wp","href":"https:\/\/api.w.org\/{rel}","templated":true}]}}