{"id":9141,"date":"2022-07-21T14:51:23","date_gmt":"2022-07-21T12:51:23","guid":{"rendered":"https:\/\/www.leaplytics.de\/?page_id=9141"},"modified":"2022-07-21T14:51:24","modified_gmt":"2022-07-21T12:51:24","slug":"parklajosais-teksts-riska-karstumkarsu-matricas-spejai-bi","status":"publish","type":"page","link":"https:\/\/www.leaplytics.de\/lv\/parklajosais-teksts-riska-karstumkarsu-matricas-spejai-bi\/","title":{"rendered":"Teksta p\u0101rkl\u0101\u0161an\u0101s"},"content":{"rendered":"<p>Risku teksti ir gari un vizualiz\u0101cij\u0101 p\u0101rkl\u0101jas? M\u0113s esam apkopoju\u0161i da\u017eus risin\u0101jumus.<\/p>\n\n\n\n<h3 class=\"wp-block-heading\">Rakstz\u012bmju skaita ierobe\u017eojums<\/h3>\n\n\n\n<p>Turkl\u0101t ir iesp\u0113jams ierobe\u017eot simbolu skaitu dimensij\u0101 vai slej\u0101. Tas \u013cauj individu\u0101li noteikt virknes garumu t\u0101, lai risks joproj\u0101m b\u016btu salas\u0101ms.<\/p>\n\n\n\n<div class=\"wp-block-columns is-layout-flex wp-container-core-columns-is-layout-1 wp-block-columns-is-layout-flex\">\n<div class=\"wp-block-column is-layout-flow wp-block-column-is-layout-flow\" style=\"flex-basis:66.66%\">\n<figure class=\"wp-block-image size-full\"><img loading=\"lazy\" decoding=\"async\" width=\"604\" height=\"446\" src=\"https:\/\/www.leaplytics.de\/wp-content\/uploads\/2022\/07\/grafik-8.png\" alt=\"\" class=\"wp-image-9159\" srcset=\"https:\/\/www.leaplytics.de\/wp-content\/uploads\/2022\/07\/grafik-8.png 604w, https:\/\/www.leaplytics.de\/wp-content\/uploads\/2022\/07\/grafik-8-300x222.png 300w, https:\/\/www.leaplytics.de\/wp-content\/uploads\/2022\/07\/grafik-8-570x420.png 570w, https:\/\/www.leaplytics.de\/wp-content\/uploads\/2022\/07\/grafik-8-81x60.png 81w\" sizes=\"auto, (max-width: 604px) 100vw, 604px\" \/><\/figure>\n<\/div>\n\n\n\n<div class=\"wp-block-column is-layout-flow wp-block-column-is-layout-flow\" style=\"flex-basis:33.33%\">\n<p>\u0160eit m\u0113s esam ierobe\u017eoju\u0161i riska aprakstu l\u012bdz pirmaj\u0101m asto\u0146\u0101m rakstz\u012bm\u0113m un p\u0113c tam pievienoju\u0161i tr\u012bs punktus, lai nodro\u0161in\u0101tu lab\u0101ku salas\u0101m\u012bbu. Ar peles kursoru joproj\u0101m varat redz\u0113t detaliz\u0113tu aprakstu.<\/p>\n<\/div>\n<\/div>\n\n\n\n<div class=\"wp-block-columns is-layout-flex wp-container-core-columns-is-layout-2 wp-block-columns-is-layout-flex\">\n<div class=\"wp-block-column is-layout-flow wp-block-column-is-layout-flow\" style=\"flex-basis:33.33%\">\n<p>Lai to izdar\u012btu, vispirms noklik\u0161\u0137iniet uz Power BI cilnes \"Model\u0113\u0161ana\" un p\u0113c tam noklik\u0161\u0137iniet uz \"Jauna sleja\".<\/p>\n\n\n\n<p>Tiek atv\u0113rts DAX redaktors.<\/p>\n<\/div>\n\n\n\n<div class=\"wp-block-column is-layout-flow wp-block-column-is-layout-flow\" style=\"flex-basis:66.66%\">\n<figure class=\"wp-block-image size-full\"><img loading=\"lazy\" decoding=\"async\" width=\"709\" height=\"616\" src=\"https:\/\/www.leaplytics.de\/wp-content\/uploads\/2022\/07\/grafik-9.png\" alt=\"\" class=\"wp-image-9160\" srcset=\"https:\/\/www.leaplytics.de\/wp-content\/uploads\/2022\/07\/grafik-9.png 709w, https:\/\/www.leaplytics.de\/wp-content\/uploads\/2022\/07\/grafik-9-300x261.png 300w, https:\/\/www.leaplytics.de\/wp-content\/uploads\/2022\/07\/grafik-9-69x60.png 69w\" sizes=\"auto, (max-width: 709px) 100vw, 709px\" \/><\/figure>\n<\/div>\n<\/div>\n\n\n\n<p>M\u016bsu piem\u0113r\u0101 slej\u0101 \"Apraksts Long\" ir teksts, kuru v\u0113lamies sa\u012bsin\u0101t. Jums attiec\u012bgi j\u0101piel\u0101go kods t\u0101 aprakstam. \u0160aj\u0101 piem\u0113r\u0101 tagad ievietojam \u0161\u0101du kodu:<\/p>\n\n\n\n<pre class=\"wp-block-code\"><code>Apraksts Short = CONCATENATE(LEFT([Apraksts Long], 8),\"...\")<\/code><\/pre>\n\n\n\n<div class=\"wp-block-columns is-layout-flex wp-container-core-columns-is-layout-3 wp-block-columns-is-layout-flex\">\n<div class=\"wp-block-column is-layout-flow wp-block-column-is-layout-flow\" style=\"flex-basis:66.66%\">\n<figure class=\"wp-block-image size-full\"><img loading=\"lazy\" decoding=\"async\" width=\"634\" height=\"459\" src=\"https:\/\/www.leaplytics.de\/wp-content\/uploads\/2022\/07\/grafik-10.png\" alt=\"\" class=\"wp-image-9161\" srcset=\"https:\/\/www.leaplytics.de\/wp-content\/uploads\/2022\/07\/grafik-10.png 634w, https:\/\/www.leaplytics.de\/wp-content\/uploads\/2022\/07\/grafik-10-300x217.png 300w, https:\/\/www.leaplytics.de\/wp-content\/uploads\/2022\/07\/grafik-10-83x60.png 83w\" sizes=\"auto, (max-width: 634px) 100vw, 634px\" \/><\/figure>\n<\/div>\n\n\n\n<div class=\"wp-block-column is-layout-flow wp-block-column-is-layout-flow\" style=\"flex-basis:33.33%\">\n<p>Iek\u0161\u0113j\u0101 funkcija LEFT sa\u012bsina dimensiju l\u012bdz pirmajiem asto\u0146iem burtiem no s\u0101kuma. Ar funkciju CONCATENATE sa\u012bsin\u0101t\u0101 virkne un tr\u012bs punktu \"...\" tiek savienoti.<\/p>\n<\/div>\n<\/div>\n\n\n\n<div class=\"wp-block-columns is-layout-flex wp-container-core-columns-is-layout-4 wp-block-columns-is-layout-flex\">\n<div class=\"wp-block-column is-layout-flow wp-block-column-is-layout-flow\" style=\"flex-basis:33.33%\">\n<p>Tagad m\u0113s izmantojam kolonnu \"Description Short\" un pie\u0161\u0137iram to vizualiz\u0101cijas laukam \"Risk ID\".<\/p>\n<\/div>\n\n\n\n<div class=\"wp-block-column is-layout-flow wp-block-column-is-layout-flow\" style=\"flex-basis:66.66%\">\n<figure class=\"wp-block-image size-full\"><img loading=\"lazy\" decoding=\"async\" width=\"560\" height=\"639\" src=\"https:\/\/www.leaplytics.de\/wp-content\/uploads\/2022\/07\/grafik-11.png\" alt=\"\" class=\"wp-image-9162\" srcset=\"https:\/\/www.leaplytics.de\/wp-content\/uploads\/2022\/07\/grafik-11.png 560w, https:\/\/www.leaplytics.de\/wp-content\/uploads\/2022\/07\/grafik-11-263x300.png 263w, https:\/\/www.leaplytics.de\/wp-content\/uploads\/2022\/07\/grafik-11-53x60.png 53w\" sizes=\"auto, (max-width: 560px) 100vw, 560px\" \/><\/figure>\n<\/div>\n<\/div>\n\n\n\n<h3 class=\"wp-block-heading\">Sist\u0113mas iek\u0161\u0113j\u0101 riska ID izmanto\u0161ana<\/h3>\n\n\n\n<div class=\"wp-block-columns is-layout-flex wp-container-core-columns-is-layout-5 wp-block-columns-is-layout-flex\">\n<div class=\"wp-block-column is-layout-flow wp-block-column-is-layout-flow\" style=\"flex-basis:66.66%\">\n<figure class=\"wp-block-image size-full\"><img loading=\"lazy\" decoding=\"async\" width=\"701\" height=\"510\" src=\"https:\/\/www.leaplytics.de\/wp-content\/uploads\/2022\/07\/grafik-1.png\" alt=\"\" class=\"wp-image-9145\" srcset=\"https:\/\/www.leaplytics.de\/wp-content\/uploads\/2022\/07\/grafik-1.png 701w, https:\/\/www.leaplytics.de\/wp-content\/uploads\/2022\/07\/grafik-1-300x218.png 300w, https:\/\/www.leaplytics.de\/wp-content\/uploads\/2022\/07\/grafik-1-82x60.png 82w\" sizes=\"auto, (max-width: 701px) 100vw, 701px\" \/><\/figure>\n<\/div>\n\n\n\n<div class=\"wp-block-column is-layout-flow wp-block-column-is-layout-flow\" style=\"flex-basis:33.33%\">\n<p>Pie\u0146emsim, ka esat ievad\u012bjis savus riskus lauk\u0101 \"Riska ID\". Tagad teksti p\u0101rkl\u0101jas. Pirm\u0101 iesp\u0113ja ir izmantot sist\u0113mas riska iek\u0161\u0113jo ID - ja iesp\u0113jams - gar\u0101ka riska apraksta viet\u0101. Tam bie\u017ei vien ir maz\u0101k rakstz\u012bmju.<\/p>\n<\/div>\n<\/div>\n\n\n\n<div class=\"wp-block-columns is-layout-flex wp-container-core-columns-is-layout-6 wp-block-columns-is-layout-flex\">\n<div class=\"wp-block-column is-layout-flow wp-block-column-is-layout-flow\" style=\"flex-basis:33.33%\">\n<p>Gar\u0101ka apraksta viet\u0101 \u0161eit tiek izmantots ID. Tas samazina rakstz\u012bmju skaitu un padara to skaidr\u0101ku. Riska aprakstu tagad var par\u0101d\u012bt, uzbraucot ar peles kursoru virs burbu\u013ca.<\/p>\n<\/div>\n\n\n\n<div class=\"wp-block-column is-layout-flow wp-block-column-is-layout-flow\" style=\"flex-basis:66.66%\">\n<figure class=\"wp-block-image size-full\"><img loading=\"lazy\" decoding=\"async\" width=\"684\" height=\"519\" src=\"https:\/\/www.leaplytics.de\/wp-content\/uploads\/2022\/07\/grafik-3.png\" alt=\"\" class=\"wp-image-9147\" srcset=\"https:\/\/www.leaplytics.de\/wp-content\/uploads\/2022\/07\/grafik-3.png 684w, https:\/\/www.leaplytics.de\/wp-content\/uploads\/2022\/07\/grafik-3-300x228.png 300w, https:\/\/www.leaplytics.de\/wp-content\/uploads\/2022\/07\/grafik-3-370x280.png 370w, https:\/\/www.leaplytics.de\/wp-content\/uploads\/2022\/07\/grafik-3-79x60.png 79w\" sizes=\"auto, (max-width: 684px) 100vw, 684px\" \/><\/figure>\n<\/div>\n<\/div>\n\n\n\n<div class=\"wp-block-columns is-layout-flex wp-container-core-columns-is-layout-7 wp-block-columns-is-layout-flex\">\n<div class=\"wp-block-column is-layout-flow wp-block-column-is-layout-flow\" style=\"flex-basis:50%\">\n<figure class=\"wp-block-image size-full\"><img loading=\"lazy\" decoding=\"async\" width=\"562\" height=\"616\" src=\"https:\/\/www.leaplytics.de\/wp-content\/uploads\/2022\/07\/grafik-5.png\" alt=\"\" class=\"wp-image-9154\" srcset=\"https:\/\/www.leaplytics.de\/wp-content\/uploads\/2022\/07\/grafik-5.png 562w, https:\/\/www.leaplytics.de\/wp-content\/uploads\/2022\/07\/grafik-5-274x300.png 274w, https:\/\/www.leaplytics.de\/wp-content\/uploads\/2022\/07\/grafik-5-55x60.png 55w\" sizes=\"auto, (max-width: 562px) 100vw, 562px\" \/><\/figure>\n<\/div>\n\n\n\n<div class=\"wp-block-column is-layout-flow wp-block-column-is-layout-flow\" style=\"flex-basis:33.33%\">\n<p>Lai to izdar\u012btu, p\u0101rvietojiet kolonnu vai dimensiju ar gar\u0101ku tekstu uz lauku \"Tooltip (neoblig\u0101ti)\" un riska identifikatoru no sist\u0113mas uz lauku \"Risk ID\".<\/p>\n<\/div>\n<\/div>\n\n\n\n<h3 class=\"wp-block-heading\">Minimiz\u0113t r\u0101d\u012bto risku skaitu uz katru pl\u0101ksni<\/h3>\n\n\n\n<div class=\"wp-block-columns is-layout-flex wp-container-core-columns-is-layout-8 wp-block-columns-is-layout-flex\">\n<div class=\"wp-block-column is-layout-flow wp-block-column-is-layout-flow\" style=\"flex-basis:66.66%\">\n<figure class=\"wp-block-image size-full\"><img loading=\"lazy\" decoding=\"async\" width=\"708\" height=\"512\" src=\"https:\/\/www.leaplytics.de\/wp-content\/uploads\/2022\/07\/grafik-6.png\" alt=\"\" class=\"wp-image-9157\" srcset=\"https:\/\/www.leaplytics.de\/wp-content\/uploads\/2022\/07\/grafik-6.png 708w, https:\/\/www.leaplytics.de\/wp-content\/uploads\/2022\/07\/grafik-6-300x217.png 300w, https:\/\/www.leaplytics.de\/wp-content\/uploads\/2022\/07\/grafik-6-83x60.png 83w\" sizes=\"auto, (max-width: 708px) 100vw, 708px\" \/><\/figure>\n<\/div>\n\n\n\n<div class=\"wp-block-column is-layout-flow wp-block-column-is-layout-flow\" style=\"flex-basis:33.33%\">\n<p>V\u0113l viena iesp\u0113ja b\u016btu samazin\u0101t par\u0101d\u012bto risku skaitu. S\u0101kotn\u0113ji m\u0113s to ievies\u0101m, lai lietot\u0101js var\u0113tu samazin\u0101t risku skaitu uz katru pl\u0101ksni. Viss, kas p\u0101rsniegs \u0161o skaitli, tiks par\u0101d\u012bts k\u0101 risku summa ar rombveida rombiem priek\u0161\u0101.<\/p>\n<\/div>\n<\/div>\n\n\n\n<div class=\"wp-block-columns is-layout-flex wp-container-core-columns-is-layout-9 wp-block-columns-is-layout-flex\">\n<div class=\"wp-block-column is-layout-flow wp-block-column-is-layout-flow\" style=\"flex-basis:33.33%\">\n<p>\u0160aj\u0101 piem\u0113r\u0101 m\u0113s esam iestat\u012bju\u0161i par\u0101d\u012bto risku skaitu uz v\u0113rt\u012bbu 1. T\u0101tad, ja \u0161eit pl\u0101ksnei ir pie\u0161\u0137irts vair\u0101k nek\u0101 viens risks, tiek izveidota un par\u0101d\u012bta summa.<\/p>\n<\/div>\n\n\n\n<div class=\"wp-block-column is-layout-flow wp-block-column-is-layout-flow\" style=\"flex-basis:66.66%\">\n<figure class=\"wp-block-image size-full\"><img loading=\"lazy\" decoding=\"async\" width=\"559\" height=\"615\" src=\"https:\/\/www.leaplytics.de\/wp-content\/uploads\/2022\/07\/grafik-7.png\" alt=\"\" class=\"wp-image-9158\" srcset=\"https:\/\/www.leaplytics.de\/wp-content\/uploads\/2022\/07\/grafik-7.png 559w, https:\/\/www.leaplytics.de\/wp-content\/uploads\/2022\/07\/grafik-7-273x300.png 273w, https:\/\/www.leaplytics.de\/wp-content\/uploads\/2022\/07\/grafik-7-55x60.png 55w\" sizes=\"auto, (max-width: 559px) 100vw, 559px\" \/><\/figure>\n<\/div>\n<\/div>","protected":false},"excerpt":{"rendered":"<p>The texts of the risks are long and overlap in the visualization? We have collected some solutions for you. Limitation of the number of characters Furthermore, it is possible to limit the number of characters in a dimension or column. This allows you to individually define the length of the string so that the risk &hellip; <\/p>","protected":false},"author":2,"featured_media":0,"parent":0,"menu_order":0,"comment_status":"closed","ping_status":"closed","template":"","meta":{"footnotes":""},"class_list":["post-9141","page","type-page","status-publish","hentry","latest_post"],"_links":{"self":[{"href":"https:\/\/www.leaplytics.de\/lv\/wp-json\/wp\/v2\/pages\/9141","targetHints":{"allow":["GET"]}}],"collection":[{"href":"https:\/\/www.leaplytics.de\/lv\/wp-json\/wp\/v2\/pages"}],"about":[{"href":"https:\/\/www.leaplytics.de\/lv\/wp-json\/wp\/v2\/types\/page"}],"author":[{"embeddable":true,"href":"https:\/\/www.leaplytics.de\/lv\/wp-json\/wp\/v2\/users\/2"}],"replies":[{"embeddable":true,"href":"https:\/\/www.leaplytics.de\/lv\/wp-json\/wp\/v2\/comments?post=9141"}],"version-history":[{"count":0,"href":"https:\/\/www.leaplytics.de\/lv\/wp-json\/wp\/v2\/pages\/9141\/revisions"}],"wp:attachment":[{"href":"https:\/\/www.leaplytics.de\/lv\/wp-json\/wp\/v2\/media?parent=9141"}],"curies":[{"name":"wp","href":"https:\/\/api.w.org\/{rel}","templated":true}]}}