{"id":9171,"date":"2022-07-25T14:37:58","date_gmt":"2022-07-25T12:37:58","guid":{"rendered":"https:\/\/www.leaplytics.de\/?page_id=9171"},"modified":"2025-12-11T17:22:50","modified_gmt":"2025-12-11T16:22:50","slug":"sakam-darbu-riska-karsu-matrica-power-bi","status":"publish","type":"page","link":"https:\/\/www.leaplytics.de\/lv\/sakam-darbu-riska-karsu-matrica-power-bi\/","title":{"rendered":"Darba s\u0101k\u0161ana - Riska matrica \/ karstuma karte"},"content":{"rendered":"<h3 class=\"wp-block-heading\">\u0100tr\u0101kais ce\u013c\u0161 uz pan\u0101kumiem<\/h3>\n\n\n\n<p>Tas ir vienk\u0101r\u0161i. Vai j\u016bs interes\u0113 m\u016bsu riska matrica? \u0160eit m\u0113s dal\u0101mies ar jums ar visu nepiecie\u0161amo, lai s\u0101ktu darbu p\u0113c iesp\u0113jas \u0101tr\u0101k. Vispirms j\u016bs uzzin\u0101siet, k\u0101das pras\u012bbas ir datos. P\u0113c tam ar \u012bsiem YouTube videoklipiem tiks sniegts p\u0101rskats par vis\u0101m Riska matricas funkcij\u0101m.<\/p>\n\n\n\n<h3 class=\"wp-block-heading\">K\u0101 sagatavot datus<\/h3>\n\n\n\n<div class=\"wp-block-columns is-layout-flex wp-container-core-columns-is-layout-1 wp-block-columns-is-layout-flex\">\n<div class=\"wp-block-column is-layout-flow wp-block-column-is-layout-flow\" style=\"flex-basis:66.66%\">\n<figure class=\"wp-block-image size-large\"><img loading=\"lazy\" decoding=\"async\" width=\"1024\" height=\"434\" src=\"https:\/\/www.leaplytics.de\/wp-content\/uploads\/2022\/07\/grafik-12-1024x434.png\" alt=\"\" class=\"wp-image-9172\" srcset=\"https:\/\/www.leaplytics.de\/wp-content\/uploads\/2022\/07\/grafik-12-1024x434.png 1024w, https:\/\/www.leaplytics.de\/wp-content\/uploads\/2022\/07\/grafik-12-300x127.png 300w, https:\/\/www.leaplytics.de\/wp-content\/uploads\/2022\/07\/grafik-12-768x325.png 768w, https:\/\/www.leaplytics.de\/wp-content\/uploads\/2022\/07\/grafik-12-142x60.png 142w, https:\/\/www.leaplytics.de\/wp-content\/uploads\/2022\/07\/grafik-12.png 1074w\" sizes=\"auto, (max-width: 1024px) 100vw, 1024px\" \/><\/figure>\n<\/div>\n\n\n\n<div class=\"wp-block-column is-layout-flow wp-block-column-is-layout-flow\" style=\"flex-basis:33.33%\">\n<p>M\u016bsu riska matric\u0101 div\u0101m iesp\u0113jam\u0101m dimensij\u0101m ir nepiecie\u0161ami veseli skait\u013ci no 1 l\u012bdz 10.<\/p>\n\n\n\n<p>Ja j\u016bsu datos tas t\u0101 nav, m\u0113s esam izveidoju\u0161i <a href=\"https:\/\/www.leaplytics.de\/lv\/diskretizacija-riska-karstumkarsu-matricas-jaudas-bi\/\">apak\u0161lapa ar nor\u0101d\u012bjumiem par virk\u0146u un citu skaitlisko v\u0113rt\u012bbu p\u0101rveido\u0161anu<\/a>.<\/p>\n\n\n\n<figure class=\"wp-block-embed is-type-wp-embed is-provider-leaplytics wp-block-embed-leaplytics\"><div class=\"wp-block-embed__wrapper\">\n<blockquote class=\"wp-embedded-content\" data-secret=\"7mXanV1i1h\"><a href=\"https:\/\/www.leaplytics.de\/lv\/diskretizacija-riska-karstumkarsu-matricas-jaudas-bi\/\">Diskretiz\u0101cija un transform\u0101cija<\/a><\/blockquote><iframe loading=\"lazy\" class=\"wp-embedded-content\" sandbox=\"allow-scripts\" security=\"restricted\" style=\"position: absolute; visibility: hidden;\" title=\"&quot;Diskretiz\u0101cija un transform\u0101cija&quot; - LeapLytics\" src=\"https:\/\/www.leaplytics.de\/discretization-for-risk-heatmap-matrix-power-bi\/embed\/#?secret=kmJhx9MjAJ#?secret=7mXanV1i1h\" data-secret=\"7mXanV1i1h\" width=\"600\" height=\"338\" frameborder=\"0\" marginwidth=\"0\" marginheight=\"0\" scrolling=\"no\"><\/iframe>\n<\/div><\/figure>\n<\/div>\n<\/div>\n\n\n\n<h3 class=\"wp-block-heading has-text-align-left\">Lejupiel\u0101d\u0113t vizu\u0101lo<\/h3>\n\n\n\n<figure class=\"wp-block-embed is-type-video is-provider-youtube wp-block-embed-youtube wp-embed-aspect-16-9 wp-has-aspect-ratio\"><div class=\"wp-block-embed__wrapper\">\n<iframe loading=\"lazy\" title=\"Lejupiel\u0101d\u0113jiet pam\u0101c\u012bbu - LeapLytics riska matrica Power BI ier\u012bc\u0113m\" width=\"770\" height=\"433\" src=\"https:\/\/www.youtube.com\/embed\/_n9x8k2_gMY?feature=oembed\" frameborder=\"0\" allow=\"accelerometer; autoplay; clipboard-write; encrypted-media; gyroscope; picture-in-picture; web-share\" referrerpolicy=\"strict-origin-when-cross-origin\" allowfullscreen><\/iframe>\n<\/div><figcaption class=\"wp-element-caption\">\u0160aj\u0101 \u012bsaj\u0101 videoklip\u0101 m\u0113s par\u0101d\u012bsim, k\u0101 lejupiel\u0101d\u0113t vizualiz\u0101ciju no Microsoft AppSource, lai sagatavotu p\u0101rskatu.<\/figcaption><\/figure>\n\n\n\n<h3 class=\"wp-block-heading has-text-align-left\">Datu un licences iel\u0101d\u0113\u0161ana<\/h3>\n\n\n\n<figure class=\"wp-block-embed aligncenter is-type-video is-provider-youtube wp-block-embed-youtube wp-embed-aspect-16-9 wp-has-aspect-ratio\"><div class=\"wp-block-embed__wrapper\">\n<iframe loading=\"lazy\" title=\"Datu import\u0113\u0161ana un licences aktiviz\u0113\u0161ana - LeapLytics risku matrica Power BI lietojumprogrammai\" width=\"770\" height=\"433\" src=\"https:\/\/www.youtube.com\/embed\/nK7rkWzEH74?start=26&#038;feature=oembed\" frameborder=\"0\" allow=\"accelerometer; autoplay; clipboard-write; encrypted-media; gyroscope; picture-in-picture; web-share\" referrerpolicy=\"strict-origin-when-cross-origin\" allowfullscreen><\/iframe>\n<\/div><\/figure>\n\n\n<div class=\"wp-block-image\">\n<figure class=\"aligncenter size-full\"><img loading=\"lazy\" decoding=\"async\" width=\"1024\" height=\"453\" src=\"https:\/\/www.leaplytics.de\/wp-content\/uploads\/2025\/12\/grafik.png\" alt=\"\" class=\"wp-image-14315\" srcset=\"https:\/\/www.leaplytics.de\/wp-content\/uploads\/2025\/12\/grafik.png 1024w, https:\/\/www.leaplytics.de\/wp-content\/uploads\/2025\/12\/grafik-300x133.png 300w, https:\/\/www.leaplytics.de\/wp-content\/uploads\/2025\/12\/grafik-768x340.png 768w, https:\/\/www.leaplytics.de\/wp-content\/uploads\/2025\/12\/grafik-18x8.png 18w, https:\/\/www.leaplytics.de\/wp-content\/uploads\/2025\/12\/grafik-136x60.png 136w\" sizes=\"auto, (max-width: 1024px) 100vw, 1024px\" \/><\/figure><\/div>\n\n\n<div class=\"wp-block-columns is-layout-flex wp-container-core-columns-is-layout-2 wp-block-columns-is-layout-flex\">\n<div class=\"wp-block-column is-layout-flow wp-block-column-is-layout-flow\" style=\"flex-basis:33.33%\">\n<p>P\u0113c tam, kad esat sagatavojis datus un konvert\u0113jis risku izteiksmi v\u0113rt\u012bbu diapazon\u0101 no 1 l\u012bdz 10, varat sasaist\u012bt datus ar vizualiz\u0101ciju.<\/p>\n\n\n\n<p>S\u0101kotn\u0113ji ir nepiecie\u0161ami tr\u012bs lauki:<\/p>\n\n\n\n<ul class=\"wp-block-list\">\n<li>Riska identifikators (Riska mar\u0137\u0113jums, kas j\u016bsu riskam tiek pie\u0161\u0137irts matric\u0101).<\/li>\n\n\n\n<li>Horizont\u0101l\u0101 ass (uz horizont\u0101l\u0101s ass att\u0113lotais izm\u0113rs)<\/li>\n\n\n\n<li>Vertik\u0101l\u0101 ass (vertik\u0101l\u0101 dimensija)<\/li>\n<\/ul>\n\n\n\n<p>Izvairieties no \"Count\", \"Count (distinct)\", \"Standard deviation\", \"Variance\" un \"Median\" summ\u0113\u0161anas as\u012bm, jo tie \u0123ener\u0113 tikai kop\u0113jo galveno skaitli!<\/p>\n<\/div>\n\n\n\n<div class=\"wp-block-column is-layout-flow wp-block-column-is-layout-flow\" style=\"flex-basis:66.66%\"><div class=\"wp-block-image\">\n<figure class=\"aligncenter size-full\"><img loading=\"lazy\" decoding=\"async\" width=\"185\" height=\"529\" src=\"https:\/\/www.leaplytics.de\/wp-content\/uploads\/2022\/08\/grafik-13.png\" alt=\"\" class=\"wp-image-9406\" srcset=\"https:\/\/www.leaplytics.de\/wp-content\/uploads\/2022\/08\/grafik-13.png 185w, https:\/\/www.leaplytics.de\/wp-content\/uploads\/2022\/08\/grafik-13-105x300.png 105w, https:\/\/www.leaplytics.de\/wp-content\/uploads\/2022\/08\/grafik-13-21x60.png 21w\" sizes=\"auto, (max-width: 185px) 100vw, 185px\" \/><\/figure><\/div><\/div>\n<\/div>\n\n\n\n<h4 class=\"wp-block-heading\">Piel\u0101gotas kr\u0101sas<\/h4>\n\n\n\n<p>Oper\u0113t\u0101jsist\u0113m\u0101 Windows vienk\u0101r\u0161i turiet <strong>ALT<\/strong> tausti\u0146u un ar peles kreiso peles tausti\u0146u noklik\u0161\u0137iniet uz fl\u012bzes. Kad to izdar\u012bsiet, par\u0101d\u012bsies kr\u0101su redi\u0123\u0113\u0161anas re\u017e\u012bms.<\/p>\n\n\n\n<figure class=\"wp-block-image size-full\"><img loading=\"lazy\" decoding=\"async\" width=\"383\" height=\"328\" src=\"https:\/\/www.leaplytics.de\/wp-content\/uploads\/2025\/10\/grafik-1.png\" alt=\"\" class=\"wp-image-14039\" srcset=\"https:\/\/www.leaplytics.de\/wp-content\/uploads\/2025\/10\/grafik-1.png 383w, https:\/\/www.leaplytics.de\/wp-content\/uploads\/2025\/10\/grafik-1-300x257.png 300w, https:\/\/www.leaplytics.de\/wp-content\/uploads\/2025\/10\/grafik-1-14x12.png 14w, https:\/\/www.leaplytics.de\/wp-content\/uploads\/2025\/10\/grafik-1-70x60.png 70w\" sizes=\"auto, (max-width: 383px) 100vw, 383px\" \/><\/figure>\n\n\n\n<p> Noklik\u0161\u0137iniet uz kr\u0101sain\u0101 taisnst\u016bra un izv\u0113lieties v\u0113lamo kr\u0101su. P\u0113c t\u0101s izv\u0113les noklik\u0161\u0137iniet uz <strong>\"Pieteikties.\"<\/strong><\/p>\n\n\n\n<div style=\"height:27px\" aria-hidden=\"true\" class=\"wp-block-spacer\"><\/div>\n\n\n\n<h4 class=\"wp-block-heading\">Re\u017e\u0123a iestat\u012bjumi<\/h4>\n\n\n\n<figure class=\"wp-block-embed is-type-video is-provider-youtube wp-block-embed-youtube wp-embed-aspect-16-9 wp-has-aspect-ratio\"><div class=\"wp-block-embed__wrapper\">\n<iframe loading=\"lazy\" title=\"T\u012bkla iestat\u012bjumi - LeapLytics riska matrica Power BI ier\u012bc\u0113m\" width=\"770\" height=\"433\" src=\"https:\/\/www.youtube.com\/embed\/oqx7gLN2kMs?feature=oembed\" frameborder=\"0\" allow=\"accelerometer; autoplay; clipboard-write; encrypted-media; gyroscope; picture-in-picture; web-share\" referrerpolicy=\"strict-origin-when-cross-origin\" allowfullscreen><\/iframe>\n<\/div><figcaption class=\"wp-element-caption\">\u0160is ir m\u016bsu m\u0101c\u012bbu videoklips par re\u017e\u0123a iestat\u012bjumu piel\u0101go\u0161anu atbilsto\u0161i j\u016bsu vajadz\u012bb\u0101m.<\/figcaption><\/figure>\n\n\n\n<h4 class=\"wp-block-heading\">Ass iestat\u012bjumi<\/h4>\n\n\n\n<figure class=\"wp-block-embed is-type-video is-provider-youtube wp-block-embed-youtube wp-embed-aspect-16-9 wp-has-aspect-ratio\"><div class=\"wp-block-embed__wrapper\">\n<iframe loading=\"lazy\" title=\"Axis iestat\u012bjumi - LeapLytics riska matrica Power BI lietojumprogrammai\" width=\"770\" height=\"433\" src=\"https:\/\/www.youtube.com\/embed\/0-rcR5c84_k?feature=oembed\" frameborder=\"0\" allow=\"accelerometer; autoplay; clipboard-write; encrypted-media; gyroscope; picture-in-picture; web-share\" referrerpolicy=\"strict-origin-when-cross-origin\" allowfullscreen><\/iframe>\n<\/div><figcaption class=\"wp-element-caption\">\u0160aj\u0101 \u012bsaj\u0101 videoklip\u0101 m\u0113s apl\u016bkojam da\u017e\u0101dus asu iestat\u012bjumus.<\/figcaption><\/figure>\n\n\n\n<div style=\"height:27px\" aria-hidden=\"true\" class=\"wp-block-spacer\"><\/div>\n\n\n\n<h4 class=\"wp-block-heading\">Indikatoru iestat\u012bjumi<\/h4>\n\n\n\n<figure class=\"wp-block-embed is-type-video is-provider-youtube wp-block-embed-youtube wp-embed-aspect-16-9 wp-has-aspect-ratio\"><div class=\"wp-block-embed__wrapper\">\n<iframe loading=\"lazy\" title=\"Indikatoru iestat\u012bjumi - LeapLytics riska matrica Power BI ier\u012bc\u0113m\" width=\"770\" height=\"433\" src=\"https:\/\/www.youtube.com\/embed\/pv5HGyIsiK0?feature=oembed\" frameborder=\"0\" allow=\"accelerometer; autoplay; clipboard-write; encrypted-media; gyroscope; picture-in-picture; web-share\" referrerpolicy=\"strict-origin-when-cross-origin\" allowfullscreen><\/iframe>\n<\/div><figcaption class=\"wp-element-caption\">V\u0113laties uzzin\u0101t par iesp\u0113j\u0101m, ko sniedz m\u016bsu da\u017e\u0101die indikatoru iestat\u012bjumi? Skatiet m\u016bsu videoklipu, lai uzzin\u0101tu vair\u0101k.<\/figcaption><\/figure>\n\n\n\n<div style=\"height:27px\" aria-hidden=\"true\" class=\"wp-block-spacer\"><\/div>\n\n\n\n<h4 class=\"wp-block-heading\">Nosac\u012bjumu format\u0113\u0161ana<\/h4>\n\n\n\n<figure class=\"wp-block-embed is-type-video is-provider-youtube wp-block-embed-youtube wp-embed-aspect-16-9 wp-has-aspect-ratio\"><div class=\"wp-block-embed__wrapper\">\n<iframe loading=\"lazy\" title=\"R\u0101d\u012bt\u0101ju nosac\u012bt\u0101 format\u0113\u0161ana - LeapLytics riska matrica Power BI ier\u012bc\u0113m\" width=\"770\" height=\"433\" src=\"https:\/\/www.youtube.com\/embed\/2MNtkeeb6ZI?feature=oembed\" frameborder=\"0\" allow=\"accelerometer; autoplay; clipboard-write; encrypted-media; gyroscope; picture-in-picture; web-share\" referrerpolicy=\"strict-origin-when-cross-origin\" allowfullscreen><\/iframe>\n<\/div><figcaption class=\"wp-element-caption\">Vai v\u0113laties riska matricu papildin\u0101t ar papildu dimensiju? Tad \u0161is video ir dom\u0101ts tie\u0161i jums!<\/figcaption><\/figure>\n\n\n\n<div style=\"height:27px\" aria-hidden=\"true\" class=\"wp-block-spacer\"><\/div>\n\n\n\n<h4 class=\"wp-block-heading\">R\u012bkjoslas<\/h4>\n\n\n\n<figure class=\"wp-block-embed is-type-video is-provider-youtube wp-block-embed-youtube wp-embed-aspect-16-9 wp-has-aspect-ratio\"><div class=\"wp-block-embed__wrapper\">\n<iframe loading=\"lazy\" title=\"Tooltip opcija - LeapLytics riska matrica Power BI lietojumprogrammai\" width=\"770\" height=\"433\" src=\"https:\/\/www.youtube.com\/embed\/HsGGM3QmWuU?feature=oembed\" frameborder=\"0\" allow=\"accelerometer; autoplay; clipboard-write; encrypted-media; gyroscope; picture-in-picture; web-share\" referrerpolicy=\"strict-origin-when-cross-origin\" allowfullscreen><\/iframe>\n<\/div><figcaption class=\"wp-element-caption\">\u0160aj\u0101 videoklip\u0101 ir par\u0101d\u012bts, k\u0101 izmantot gan standarta, gan audekla r\u012bkkopas. Tas sniedz pla\u0161\u0101ku inform\u0101ciju par risku, kad ar peles kursoru uzvedat peles kursoru.<\/figcaption><\/figure>\n\n\n\n<div style=\"height:27px\" aria-hidden=\"true\" class=\"wp-block-spacer\"><\/div>\n\n\n\n<h4 class=\"wp-block-heading\">Caururbums<\/h4>\n\n\n\n<figure class=\"wp-block-embed is-type-video is-provider-youtube wp-block-embed-youtube wp-embed-aspect-16-9 wp-has-aspect-ratio\"><div class=\"wp-block-embed__wrapper\">\n<iframe loading=\"lazy\" title=\"Urb\u0161anas iesp\u0113ja - LeapLytics riska matrica Power BI lietojumprogrammai\" width=\"770\" height=\"433\" src=\"https:\/\/www.youtube.com\/embed\/0Kp7p_2AuSI?list=PLILJBdWmJP3Jegh_31AsIIaf5Y7mxjq4H\" frameborder=\"0\" allow=\"accelerometer; autoplay; clipboard-write; encrypted-media; gyroscope; picture-in-picture; web-share\" referrerpolicy=\"strict-origin-when-cross-origin\" allowfullscreen><\/iframe>\n<\/div><figcaption class=\"wp-element-caption\">Ja v\u0113laties izp\u0113t\u012bt konkr\u0113tu risku, izmantojot riska matricu, tad \u0161\u012b sada\u013ca ir dom\u0101ta tie\u0161i jums.<\/figcaption><\/figure>\n\n\n\n<div style=\"height:27px\" aria-hidden=\"true\" class=\"wp-block-spacer\"><\/div>\n\n\n\n<h4 class=\"wp-block-heading\">V\u0113sture vai rakstur\u012bgais\/atsevi\u0161\u0137ais risks<\/h4>\n\n\n\n<figure class=\"wp-block-embed is-type-video is-provider-youtube wp-block-embed-youtube wp-embed-aspect-16-9 wp-has-aspect-ratio\"><div class=\"wp-block-embed__wrapper\">\n<iframe loading=\"lazy\" title=\"Riska progress - LeapLytics riska matrica Power BI sist\u0113mai\" width=\"770\" height=\"433\" src=\"https:\/\/www.youtube.com\/embed\/LrpK0XZtXrM?feature=oembed\" frameborder=\"0\" allow=\"accelerometer; autoplay; clipboard-write; encrypted-media; gyroscope; picture-in-picture; web-share\" referrerpolicy=\"strict-origin-when-cross-origin\" allowfullscreen><\/iframe>\n<\/div><figcaption class=\"wp-element-caption\">M\u0113s beidzot iepaz\u012bstin\u0101m j\u016bs ar m\u016bsu riska matricas v\u0113stures funkciju!<\/figcaption><\/figure>\n\n\n\n<div style=\"height:27px\" aria-hidden=\"true\" class=\"wp-block-spacer\"><\/div>\n\n\n\n<p>Tagad esat gatavs izmantot m\u016bsu Riska karstuma karti un uzlabot savu p\u0101rskatu snieg\u0161anu! Zem\u0101k m\u0113s esam sniegu\u0161i s\u012bk\u0101kus nor\u0101d\u012bjumus par vis\u0101m turpm\u0101kaj\u0101m piel\u0101gojam\u0101m funkcij\u0101m:<\/p>\n\n\n\n<figure class=\"wp-block-embed is-type-wp-embed is-provider-leaplytics wp-block-embed-leaplytics\"><div class=\"wp-block-embed__wrapper\">\n<blockquote class=\"wp-embedded-content\" data-secret=\"pgdTKCl3D2\"><a href=\"https:\/\/www.leaplytics.de\/lv\/parklajosais-teksts-riska-karstumkarsu-matricas-spejai-bi\/\">Teksta p\u0101rkl\u0101\u0161an\u0101s<\/a><\/blockquote><iframe loading=\"lazy\" class=\"wp-embedded-content\" sandbox=\"allow-scripts\" security=\"restricted\" style=\"position: absolute; visibility: hidden;\" title=\"&quot;P\u0101rkl\u0101jo\u0161s teksts&quot; - LeapLytics\" src=\"https:\/\/www.leaplytics.de\/overlapping-text-for-risk-heatmap-matrix-power-bi\/embed\/#?secret=MOdhCvhh48#?secret=pgdTKCl3D2\" data-secret=\"pgdTKCl3D2\" width=\"600\" height=\"338\" frameborder=\"0\" marginwidth=\"0\" marginheight=\"0\" scrolling=\"no\"><\/iframe>\n<\/div><\/figure>\n\n\n\n<figure class=\"wp-block-embed is-type-wp-embed is-provider-leaplytics wp-block-embed-leaplytics\"><div class=\"wp-block-embed__wrapper\">\n<blockquote class=\"wp-embedded-content\" data-secret=\"K6ho5QUDYx\"><a href=\"https:\/\/www.leaplytics.de\/lv\/ka-aktivizet-licenci-microsoft-power-bi\/\">K\u0101: Aktiviz\u0113t licenci programm\u0101 Microsoft Power BI<\/a><\/blockquote><iframe loading=\"lazy\" class=\"wp-embedded-content\" sandbox=\"allow-scripts\" security=\"restricted\" style=\"position: absolute; visibility: hidden;\" title=\"&quot;K\u0101 aktiviz\u0113t licenci programm\u0101 Microsoft Power BI&quot; - LeapLytics\" src=\"https:\/\/www.leaplytics.de\/how-to-activate-license-microsoft-power-bi\/embed\/#?secret=7RloTinAc5#?secret=K6ho5QUDYx\" data-secret=\"K6ho5QUDYx\" width=\"600\" height=\"338\" frameborder=\"0\" marginwidth=\"0\" marginheight=\"0\" scrolling=\"no\"><\/iframe>\n<\/div><\/figure>\n\n\n\n<p><\/p>","protected":false},"excerpt":{"rendered":"<p>\u0100tr\u0101kais ce\u013c\u0161 uz pan\u0101kumiem Tas ir vienk\u0101r\u0161i. Vai j\u016bs interes\u0113 m\u016bsu riska matrica? \u0160eit m\u0113s dal\u0101mies ar jums ar visu nepiecie\u0161amo, lai s\u0101ktu darbu p\u0113c iesp\u0113jas \u0101tr\u0101k. Vispirms j\u016bs uzzin\u0101siet, k\u0101das pras\u012bbas ir datos. P\u0113c tam sekos p\u0101rskats par vis\u0101m Riska matricas funkcij\u0101m ar \u012bsiem YouTube ... <\/p>","protected":false},"author":2,"featured_media":0,"parent":0,"menu_order":0,"comment_status":"closed","ping_status":"closed","template":"","meta":{"footnotes":""},"class_list":["post-9171","page","type-page","status-publish","hentry","latest_post"],"_links":{"self":[{"href":"https:\/\/www.leaplytics.de\/lv\/wp-json\/wp\/v2\/pages\/9171","targetHints":{"allow":["GET"]}}],"collection":[{"href":"https:\/\/www.leaplytics.de\/lv\/wp-json\/wp\/v2\/pages"}],"about":[{"href":"https:\/\/www.leaplytics.de\/lv\/wp-json\/wp\/v2\/types\/page"}],"author":[{"embeddable":true,"href":"https:\/\/www.leaplytics.de\/lv\/wp-json\/wp\/v2\/users\/2"}],"replies":[{"embeddable":true,"href":"https:\/\/www.leaplytics.de\/lv\/wp-json\/wp\/v2\/comments?post=9171"}],"version-history":[{"count":33,"href":"https:\/\/www.leaplytics.de\/lv\/wp-json\/wp\/v2\/pages\/9171\/revisions"}],"predecessor-version":[{"id":14317,"href":"https:\/\/www.leaplytics.de\/lv\/wp-json\/wp\/v2\/pages\/9171\/revisions\/14317"}],"wp:attachment":[{"href":"https:\/\/www.leaplytics.de\/lv\/wp-json\/wp\/v2\/media?parent=9171"}],"curies":[{"name":"wp","href":"https:\/\/api.w.org\/{rel}","templated":true}]}}