{"id":9298,"date":"2022-08-01T18:12:55","date_gmt":"2022-08-01T16:12:55","guid":{"rendered":"https:\/\/www.leaplytics.de\/?page_id=9298"},"modified":"2024-10-29T10:26:15","modified_gmt":"2024-10-29T09:26:15","slug":"uzsakot-satiksmes-gaismas-jauda-bi","status":"publish","type":"page","link":"https:\/\/www.leaplytics.de\/lv\/uzsakot-satiksmes-gaismas-jauda-bi\/","title":{"rendered":"Darba s\u0101k\u0161ana - luksofors"},"content":{"rendered":"<p>Vai tikko esat uzzin\u0101jis par vizu\u0101lo lietojumprogrammu Traffic Light Power BI un v\u0113laties uzzin\u0101t, k\u0101di ir n\u0101kamie so\u013ci?<\/p>\n\n\n\n<p>Tad esat non\u0101cis \u012bstaj\u0101 viet\u0101! M\u016bsu soli pa solim sniegtaj\u0101 rokasgr\u0101mat\u0101, ko papildina video pam\u0101c\u012bbas, m\u0113s jums pal\u012bdz\u0113sim iestat\u012bt un piel\u0101got m\u016bsu vizu\u0101lo sist\u0113mu.<\/p>\n\n\n\n<div style=\"height:40px\" aria-hidden=\"true\" class=\"wp-block-spacer\"><\/div>\n\n\n\n<h3 class=\"wp-block-heading\">1. Lejupiel\u0101d\u0113jiet vizu\u0101lo<\/h3>\n\n\n\n<figure class=\"wp-block-embed is-type-video is-provider-youtube wp-block-embed-youtube wp-embed-aspect-16-9 wp-has-aspect-ratio\"><div class=\"wp-block-embed__wrapper\">\n<iframe loading=\"lazy\" title=\"Lejupiel\u0101d\u0113jiet pam\u0101c\u012bbu - LeapLytics luksofors Power BI lietojumprogrammai\" width=\"770\" height=\"433\" src=\"https:\/\/www.youtube.com\/embed\/_u8gc4RcyO0?feature=oembed\" frameborder=\"0\" allow=\"accelerometer; autoplay; clipboard-write; encrypted-media; gyroscope; picture-in-picture; web-share\" referrerpolicy=\"strict-origin-when-cross-origin\" allowfullscreen><\/iframe>\n<\/div><figcaption class=\"wp-element-caption\">Pirmais solis, protams, ir lejupiel\u0101d\u0113t luksofora vizu\u0101lo versiju no Microsoft AppSource. M\u016bsu videoklip\u0101 m\u0113s izskaidrojam visu lejupiel\u0101des procesu 1 min\u016btes laik\u0101.<\/figcaption><\/figure>\n\n\n\n<div style=\"height:40px\" aria-hidden=\"true\" class=\"wp-block-spacer\"><\/div>\n\n\n\n<h3 class=\"wp-block-heading\">2. Sagatavojiet datus<\/h3>\n\n\n\n<div class=\"wp-block-columns is-layout-flex wp-container-core-columns-is-layout-1 wp-block-columns-is-layout-flex\">\n<div class=\"wp-block-column is-layout-flow wp-block-column-is-layout-flow\"><div class=\"wp-block-image\">\n<figure class=\"alignleft size-full is-resized\"><img loading=\"lazy\" decoding=\"async\" width=\"2285\" height=\"1538\" src=\"https:\/\/www.leaplytics.de\/wp-content\/uploads\/2024\/08\/data-preparation.png\" alt=\"\" class=\"wp-image-13550\" style=\"width:389px;height:auto\" srcset=\"https:\/\/www.leaplytics.de\/wp-content\/uploads\/2024\/08\/data-preparation.png 2285w, https:\/\/www.leaplytics.de\/wp-content\/uploads\/2024\/08\/data-preparation-300x202.png 300w, https:\/\/www.leaplytics.de\/wp-content\/uploads\/2024\/08\/data-preparation-1024x689.png 1024w, https:\/\/www.leaplytics.de\/wp-content\/uploads\/2024\/08\/data-preparation-768x517.png 768w, https:\/\/www.leaplytics.de\/wp-content\/uploads\/2024\/08\/data-preparation-1536x1034.png 1536w, https:\/\/www.leaplytics.de\/wp-content\/uploads\/2024\/08\/data-preparation-2048x1378.png 2048w, https:\/\/www.leaplytics.de\/wp-content\/uploads\/2024\/08\/data-preparation-89x60.png 89w\" sizes=\"auto, (max-width: 2285px) 100vw, 2285px\" \/><\/figure><\/div><\/div>\n\n\n\n<div class=\"wp-block-column is-layout-flow wp-block-column-is-layout-flow\">\n<p>M\u016bsu luksoforam ir nepiecie\u0161amas skaitlisk\u0101s, procentu\u0101l\u0101s vai laika v\u0113rt\u012bbas (piem\u0113ram, datums), lai iestat\u012btu diapazonus katrai gaismas kr\u0101sai.<\/p>\n\n\n\n<p>P\u0101rliecinieties, ka interes\u0113jo\u0161ie dati ir piel\u0101goti k\u0101dam no atbalst\u012btajiem datu form\u0101tiem.<\/p>\n<\/div>\n<\/div>\n\n\n\n<div style=\"height:40px\" aria-hidden=\"true\" class=\"wp-block-spacer\"><\/div>\n\n\n\n<h3 class=\"wp-block-heading\">3. Datu un licen\u010du imports<\/h3>\n\n\n\n<figure class=\"wp-block-embed is-type-video is-provider-youtube wp-block-embed-youtube wp-embed-aspect-16-9 wp-has-aspect-ratio\"><div class=\"wp-block-embed__wrapper\">\n<iframe loading=\"lazy\" title=\"Datu import\u0113\u0161ana un licences aktiviz\u0113\u0161ana - LeapLytics Traffic Light for Power BI\" width=\"770\" height=\"433\" src=\"https:\/\/www.youtube.com\/embed\/S1HhF9H03K0?feature=oembed\" frameborder=\"0\" allow=\"accelerometer; autoplay; clipboard-write; encrypted-media; gyroscope; picture-in-picture; web-share\" referrerpolicy=\"strict-origin-when-cross-origin\" allowfullscreen><\/iframe>\n<\/div><figcaption class=\"wp-element-caption\">Kad esam sagatavoju\u0161i datus, ir pien\u0101cis laiks tos import\u0113t uz Power BI. \u0160aj\u0101 videoklip\u0101 m\u0113s pal\u012bdz\u0113sim jums import\u0113t datus un aktiviz\u0113t licences kodu.<\/figcaption><\/figure>\n\n\n<div class=\"wp-block-image\">\n<figure class=\"alignleft size-full is-resized\"><img loading=\"lazy\" decoding=\"async\" width=\"964\" height=\"1875\" src=\"https:\/\/www.leaplytics.de\/wp-content\/uploads\/2024\/08\/datalicense.png\" alt=\"\" class=\"wp-image-13551\" style=\"width:204px;height:auto\" srcset=\"https:\/\/www.leaplytics.de\/wp-content\/uploads\/2024\/08\/datalicense.png 964w, https:\/\/www.leaplytics.de\/wp-content\/uploads\/2024\/08\/datalicense-154x300.png 154w, https:\/\/www.leaplytics.de\/wp-content\/uploads\/2024\/08\/datalicense-526x1024.png 526w, https:\/\/www.leaplytics.de\/wp-content\/uploads\/2024\/08\/datalicense-768x1494.png 768w, https:\/\/www.leaplytics.de\/wp-content\/uploads\/2024\/08\/datalicense-790x1536.png 790w, https:\/\/www.leaplytics.de\/wp-content\/uploads\/2024\/08\/datalicense-31x60.png 31w\" sizes=\"auto, (max-width: 964px) 100vw, 964px\" \/><\/figure><\/div>\n\n\n<p>Lai import\u0113tu datus, datu panel\u012b noklik\u0161\u0137iniet uz \"Get data\" un izv\u0113lieties attiec\u012bgo datu avotu, piem\u0113ram, Excel darbgr\u0101matu.<\/p>\n\n\n\n<p><\/p>\n\n\n\n<p>N\u0101kamaj\u0101 sol\u012b atlasiet vizu\u0101lo att\u0113lu no vizu\u0101lo att\u0113lu saraksta, lai to pievienotu Power BI p\u0101rskatam. Tagad noklik\u0161\u0137iniet uz \"Format your visual\" (Format\u0113t savu vizualiz\u0101ciju) sada\u013c\u0101 \"Visualisation\" (Vizualiz\u0101cijas) un izv\u0113lieties sada\u013cu \"License\" (Licence).<\/p>\n\n\n\n<p>\u0160eit varat vienk\u0101r\u0161i ievad\u012bt licences kodu, izmantojot CTRL + V.<\/p>\n\n\n\n<div style=\"height:40px\" aria-hidden=\"true\" class=\"wp-block-spacer\"><\/div>\n\n\n\n<h3 class=\"wp-block-heading\">4. Vizu\u0101l\u0101 iestat\u012b\u0161ana<\/h3>\n\n\n\n<figure class=\"wp-block-embed is-type-video is-provider-youtube wp-block-embed-youtube wp-embed-aspect-16-9 wp-has-aspect-ratio\"><div class=\"wp-block-embed__wrapper\">\n<iframe loading=\"lazy\" title=\"Vizu\u0101l\u0101 iestat\u012b\u0161ana - LeapLytics luksofors Power BI lietojumprogrammai\" width=\"770\" height=\"433\" src=\"https:\/\/www.youtube.com\/embed\/rY4INTDBFAA?feature=oembed\" frameborder=\"0\" allow=\"accelerometer; autoplay; clipboard-write; encrypted-media; gyroscope; picture-in-picture; web-share\" referrerpolicy=\"strict-origin-when-cross-origin\" allowfullscreen><\/iframe>\n<\/div><figcaption class=\"wp-element-caption\">T\u0101l\u0101k vizu\u0101laj\u0101 att\u0113l\u0101 ir j\u0101pievieno m\u016bsu dati. \u0160eit m\u0113s soli pa solim par\u0101d\u012bsim, k\u0101 pievienot datus vizu\u0101lajai versijai un k\u0101 attiec\u012bgi defin\u0113t datu diapazonus.<\/figcaption><\/figure>\n\n\n\n<div class=\"wp-block-columns is-layout-flex wp-container-core-columns-is-layout-2 wp-block-columns-is-layout-flex\">\n<div class=\"wp-block-column is-layout-flow wp-block-column-is-layout-flow\" style=\"flex-basis:33.33%\"><div class=\"wp-block-image\">\n<figure class=\"alignleft size-full is-resized\"><img loading=\"lazy\" decoding=\"async\" width=\"1019\" height=\"1675\" src=\"https:\/\/www.leaplytics.de\/wp-content\/uploads\/2024\/08\/measure.png\" alt=\"\" class=\"wp-image-13554\" style=\"width:204px;height:auto\" srcset=\"https:\/\/www.leaplytics.de\/wp-content\/uploads\/2024\/08\/measure.png 1019w, https:\/\/www.leaplytics.de\/wp-content\/uploads\/2024\/08\/measure-183x300.png 183w, https:\/\/www.leaplytics.de\/wp-content\/uploads\/2024\/08\/measure-623x1024.png 623w, https:\/\/www.leaplytics.de\/wp-content\/uploads\/2024\/08\/measure-768x1262.png 768w, https:\/\/www.leaplytics.de\/wp-content\/uploads\/2024\/08\/measure-934x1536.png 934w, https:\/\/www.leaplytics.de\/wp-content\/uploads\/2024\/08\/measure-37x60.png 37w\" sizes=\"auto, (max-width: 1019px) 100vw, 1019px\" \/><\/figure><\/div><\/div>\n\n\n\n<div class=\"wp-block-column is-layout-flow wp-block-column-is-layout-flow\" style=\"flex-basis:66.66%\">\n<p>Izv\u0113lieties interes\u0113jo\u0161o m\u0113r\u012bjumu sada\u013c\u0101 \"Dati\", noklik\u0161\u0137inot uz t\u0101 vai velkot to uz vizu\u0101l\u0101 lauka \"M\u0113r\u012bjums\".<\/p>\n\n\n\n<p><strong>P\u0113c izv\u0113les: <\/strong>Noklik\u0161\u0137inot uz nolai\u017eam\u0101 loga, varat izv\u0113l\u0113ties sav\u0101m vajadz\u012bb\u0101m atbilsto\u0161u agreg\u0101ciju (Summa, Vid\u0113jais utt.).<\/p>\n\n\n\n<p>Izmantojot laika form\u0101tus, ir j\u0101nodro\u0161ina, lai form\u0101ts tiktu iestat\u012bts atbilsto\u0161i izv\u0113l\u0113t\u0101 pas\u0101kuma form\u0101tam.<\/p>\n<\/div>\n<\/div>\n\n\n\n<div style=\"height:40px\" aria-hidden=\"true\" class=\"wp-block-spacer\"><\/div>\n\n\n\n<h3 class=\"wp-block-heading\">5. Diapazonu iestat\u012b\u0161ana<\/h3>\n\n\n<div class=\"wp-block-image\">\n<figure class=\"alignleft size-full\"><img loading=\"lazy\" decoding=\"async\" width=\"185\" height=\"377\" src=\"https:\/\/www.leaplytics.de\/wp-content\/uploads\/2024\/08\/ranges.png\" alt=\"\" class=\"wp-image-13553\" srcset=\"https:\/\/www.leaplytics.de\/wp-content\/uploads\/2024\/08\/ranges.png 185w, https:\/\/www.leaplytics.de\/wp-content\/uploads\/2024\/08\/ranges-147x300.png 147w, https:\/\/www.leaplytics.de\/wp-content\/uploads\/2024\/08\/ranges-29x60.png 29w\" sizes=\"auto, (max-width: 185px) 100vw, 185px\" \/><\/figure><\/div>\n\n\n<p>T\u0101l\u0101k, lai nodro\u0161in\u0101tu pareizu \"luksofora\" vizu\u0101lo darb\u012bbu, ir j\u0101defin\u0113 gaismas kr\u0101su att\u0113lo\u0161anas diapazoni. Sada\u013c\u0101 \"Ranges\" (Diapazoni) sada\u013c\u0101 \"Formt your visual\" (Veidot savu vizu\u0101lo att\u0113lu) varat defin\u0113t minim\u0101l\u0101s un maksim\u0101l\u0101s v\u0113rt\u012bbas attiec\u012bgajai kr\u0101sai*.<\/p>\n\n\n\n<p>Ja m\u0113r\u012bjumu sada\u013c\u0101 ir izv\u0113l\u0113ts datuma vai interv\u0101la m\u0113r\u012bjums, laika form\u0101ta sada\u013c\u0101 ir j\u0101defin\u0113 diapazoni atbilsto\u0161i izv\u0113l\u0113tajam laika form\u0101tam.<\/p>\n\n\n\n<p><em>* Ja ir izv\u0113l\u0113ta \"Divu gaismu sist\u0113ma\", dzelten\u0101 minim\u0101l\u0101 un dzelten\u0101 maksim\u0101l\u0101 v\u0113rt\u012bba ir deaktiviz\u0113ta.<\/em><\/p>\n\n\n\n<div style=\"height:40px\" aria-hidden=\"true\" class=\"wp-block-spacer\"><\/div>\n\n\n\n<h3 class=\"wp-block-heading\">6. Piel\u0101gojiet savu iecien\u012bt\u0101ko dizainu<\/h3>\n\n\n\n<figure class=\"wp-block-embed is-type-video is-provider-youtube wp-block-embed-youtube wp-embed-aspect-16-9 wp-has-aspect-ratio\"><div class=\"wp-block-embed__wrapper\">\n<iframe loading=\"lazy\" title=\"Piel\u0101got\u0101 dizaina iestat\u012bjumi - LeapLytics luksofors Power BI lietojumprogrammai\" width=\"770\" height=\"433\" src=\"https:\/\/www.youtube.com\/embed\/GpFtfzbQ_OE?feature=oembed\" frameborder=\"0\" allow=\"accelerometer; autoplay; clipboard-write; encrypted-media; gyroscope; picture-in-picture; web-share\" referrerpolicy=\"strict-origin-when-cross-origin\" allowfullscreen><\/iframe>\n<\/div><figcaption class=\"wp-element-caption\">M\u016bsu vizu\u0101lais risin\u0101jums pied\u0101v\u0101 pla\u0161as piel\u0101go\u0161anas iesp\u0113jas. Apskatiet m\u016bsu video pam\u0101c\u012bbu, lai uzzin\u0101tu, k\u0101 piel\u0101got luksoforu atbilsto\u0161i sav\u0101m individu\u0101laj\u0101m v\u0113lm\u0113m.<\/figcaption><\/figure>\n\n\n<div class=\"wp-block-image\">\n<figure class=\"alignleft size-full is-resized\"><img loading=\"lazy\" decoding=\"async\" width=\"538\" height=\"1697\" src=\"https:\/\/www.leaplytics.de\/wp-content\/uploads\/2024\/08\/formats.png\" alt=\"\" class=\"wp-image-13552\" style=\"width:198px;height:auto\" srcset=\"https:\/\/www.leaplytics.de\/wp-content\/uploads\/2024\/08\/formats.png 538w, https:\/\/www.leaplytics.de\/wp-content\/uploads\/2024\/08\/formats-95x300.png 95w, https:\/\/www.leaplytics.de\/wp-content\/uploads\/2024\/08\/formats-325x1024.png 325w, https:\/\/www.leaplytics.de\/wp-content\/uploads\/2024\/08\/formats-487x1536.png 487w, https:\/\/www.leaplytics.de\/wp-content\/uploads\/2024\/08\/formats-19x60.png 19w\" sizes=\"auto, (max-width: 538px) 100vw, 538px\" \/><\/figure><\/div>\n\n\n<p>P\u0113d\u0113j\u0101 sol\u012b m\u0113s varam piel\u0101got vizu\u0101lo noform\u0113jumu individu\u0101lam dizainam. Noklik\u0161\u0137inot uz \"Format your visual\" (Format\u0113t vizualiz\u0101ciju) sada\u013c\u0101 \"Vizualiz\u0101cijas\", redz\u0113siet \u0161\u0101du paneli.<\/p>\n\n\n\n<p>\u0160eit varat piel\u0101got visas format\u0113\u0161anas opcijas, izv\u0113loties sev t\u012bkam\u0101ko dizainu. <\/p>\n\n\n\n<p>Nor\u0101d\u012bjumus par katru format\u0113\u0161anas opciju var atrast m\u016bsu video pam\u0101c\u012bb\u0101.<\/p>\n\n\n\n<div style=\"height:40px\" aria-hidden=\"true\" class=\"wp-block-spacer\"><\/div>\n\n\n\n<p>Lieliski, tagad esat gatavs izmantot m\u016bsu luksoforu un uzlabot zi\u0146o\u0161anu!<\/p>\n\n\n\n<div style=\"height:40px\" aria-hidden=\"true\" class=\"wp-block-spacer\"><\/div>\n\n\n\n<div class=\"wp-block-buttons is-layout-flex wp-block-buttons-is-layout-flex\">\n<div class=\"wp-block-button\"><a class=\"wp-block-button__link has-background wp-element-button\" href=\"https:\/\/www.leaplytics.de\/lv\/priekseja-lapa\/projektu-vadiba-pielagotas-vizualizacijas-microsoft-powerbi\/riska-karstumkarte-pielagota-vizuala-karte-jaudas-bi\/\" style=\"background-color:#44546a\">Vai v\u0113laties v\u0113l vair\u0101k uzlabot zi\u0146o\u0161anas l\u012bmeni? Iepaz\u012bstieties ar m\u016bsu riska matricu Power BI!<\/a><\/div>\n<\/div>","protected":false},"excerpt":{"rendered":"<p>Have you just found out about the Traffic Light visual in Power BI and are wondering what the next steps are? Then you&#8217;ve come to the right place! In our step-by-step guide, supported by our video tutorials, we will guide you through the setup and customization of our visual. 1. Download the visual 2. Prepare &hellip; <\/p>","protected":false},"author":2,"featured_media":0,"parent":0,"menu_order":0,"comment_status":"closed","ping_status":"closed","template":"","meta":{"footnotes":""},"class_list":["post-9298","page","type-page","status-publish","hentry","latest_post"],"_links":{"self":[{"href":"https:\/\/www.leaplytics.de\/lv\/wp-json\/wp\/v2\/pages\/9298","targetHints":{"allow":["GET"]}}],"collection":[{"href":"https:\/\/www.leaplytics.de\/lv\/wp-json\/wp\/v2\/pages"}],"about":[{"href":"https:\/\/www.leaplytics.de\/lv\/wp-json\/wp\/v2\/types\/page"}],"author":[{"embeddable":true,"href":"https:\/\/www.leaplytics.de\/lv\/wp-json\/wp\/v2\/users\/2"}],"replies":[{"embeddable":true,"href":"https:\/\/www.leaplytics.de\/lv\/wp-json\/wp\/v2\/comments?post=9298"}],"version-history":[{"count":11,"href":"https:\/\/www.leaplytics.de\/lv\/wp-json\/wp\/v2\/pages\/9298\/revisions"}],"predecessor-version":[{"id":13635,"href":"https:\/\/www.leaplytics.de\/lv\/wp-json\/wp\/v2\/pages\/9298\/revisions\/13635"}],"wp:attachment":[{"href":"https:\/\/www.leaplytics.de\/lv\/wp-json\/wp\/v2\/media?parent=9298"}],"curies":[{"name":"wp","href":"https:\/\/api.w.org\/{rel}","templated":true}]}}