{"id":9336,"date":"2022-08-01T20:19:06","date_gmt":"2022-08-01T18:19:06","guid":{"rendered":"https:\/\/www.leaplytics.de\/?page_id=9336"},"modified":"2022-08-01T20:19:06","modified_gmt":"2022-08-01T18:19:06","slug":"formata-opcijas-luksofora-gaismas-jauda-bi","status":"publish","type":"page","link":"https:\/\/www.leaplytics.de\/lv\/formata-opcijas-luksofora-gaismas-jauda-bi\/","title":{"rendered":"Form\u0101ta opcijas - luksofors"},"content":{"rendered":"<h3 class=\"wp-block-heading\">1. Laika form\u0101ts<\/h3>\n\n\n<div class=\"wp-block-image\">\n<figure class=\"alignleft size-full\"><img loading=\"lazy\" decoding=\"async\" width=\"197\" height=\"238\" src=\"https:\/\/www.leaplytics.de\/wp-content\/uploads\/2022\/08\/grafik-7.png\" alt=\"\" class=\"wp-image-9337\" srcset=\"https:\/\/www.leaplytics.de\/wp-content\/uploads\/2022\/08\/grafik-7.png 197w, https:\/\/www.leaplytics.de\/wp-content\/uploads\/2022\/08\/grafik-7-50x60.png 50w\" sizes=\"auto, (max-width: 197px) 100vw, 197px\" \/><\/figure><\/div>\n\n\n<p>Sada\u013ca \"Laika form\u0101ts\" ir izv\u0113les sada\u013ca. \u0160aj\u0101 sada\u013c\u0101 var izv\u0113l\u0113ties laika vai interv\u0101la form\u0101tu, kas tiek izmantots, lai apr\u0113\u0137in\u0101tu diapazonus un izejas tekstu blakus luksofora simbolam. P\u0101rliecinieties, ka laika form\u0101ts ir izv\u0113l\u0113ts atbilsto\u0161i diapazonu ievades laukiem.<\/p>\n\n\n\n<div style=\"height:16px\" aria-hidden=\"true\" class=\"wp-block-spacer\"><\/div>\n\n\n\n<h3 class=\"wp-block-heading\">2. Gaismas sist\u0113ma<\/h3>\n\n\n<div class=\"wp-block-image\">\n<figure class=\"alignleft size-full\"><img loading=\"lazy\" decoding=\"async\" width=\"199\" height=\"187\" src=\"https:\/\/www.leaplytics.de\/wp-content\/uploads\/2022\/08\/grafik-8.png\" alt=\"\" class=\"wp-image-9338\" srcset=\"https:\/\/www.leaplytics.de\/wp-content\/uploads\/2022\/08\/grafik-8.png 199w, https:\/\/www.leaplytics.de\/wp-content\/uploads\/2022\/08\/grafik-8-64x60.png 64w\" sizes=\"auto, (max-width: 199px) 100vw, 199px\" \/><\/figure><\/div>\n\n\n<p>Sada\u013c\u0101 \"Gaismas sist\u0113ma\" varat izv\u0113l\u0113ties starp vienas, divu un tr\u012bs gaismu sist\u0113mu.<\/p>\n\n\n\n<p><strong>Tr\u012bs gaismu sist\u0113ma:<\/strong> Za\u013cajam, dzeltenajam un sarkanajam ir savs aplis.<\/p>\n\n\n\n<p><strong>Divu gaismu sist\u0113ma:<\/strong> Za\u013cajai un sarkanajai kr\u0101sai ir savs aplis. Dzelten\u0101 gaisma netiek atbalst\u012bta.<\/p>\n\n\n\n<p><strong>Vienas gaismas sist\u0113ma:<\/strong> Za\u013c\u0161, dzeltens un sarkans aplis ir vien\u0101ds.<\/p>\n\n\n\n<div style=\"height:0px\" aria-hidden=\"true\" class=\"wp-block-spacer\"><\/div>\n\n\n\n<h3 class=\"wp-block-heading\">3. Saska\u0146o\u0161ana<\/h3>\n\n\n<div class=\"wp-block-image\">\n<figure class=\"alignleft size-full\"><img loading=\"lazy\" decoding=\"async\" width=\"198\" height=\"167\" src=\"https:\/\/www.leaplytics.de\/wp-content\/uploads\/2022\/08\/grafik-9.png\" alt=\"\" class=\"wp-image-9339\" srcset=\"https:\/\/www.leaplytics.de\/wp-content\/uploads\/2022\/08\/grafik-9.png 198w, https:\/\/www.leaplytics.de\/wp-content\/uploads\/2022\/08\/grafik-9-71x60.png 71w\" sizes=\"auto, (max-width: 198px) 100vw, 198px\" \/><\/figure><\/div>\n\n\n<p>Sada\u013c\u0101 \"Izl\u012bdzin\u0101\u0161ana\" varat izv\u0113l\u0113ties starp vertik\u0101lo un horizont\u0101lo izl\u012bdzin\u0101\u0161anu luksofora vizu\u0101lajam att\u0113lam. Visi eso\u0161ie iestat\u012bjumi ir pieejami abiem izl\u012bdzin\u0101jumiem.<\/p>\n\n\n\n<div style=\"height:0px\" aria-hidden=\"true\" class=\"wp-block-spacer\"><\/div>\n\n\n\n<h3 class=\"wp-block-heading\">4. Robe\u017eu iestat\u012bjumi<\/h3>\n\n\n<div class=\"wp-block-image\">\n<figure class=\"alignleft size-full\"><img loading=\"lazy\" decoding=\"async\" width=\"198\" height=\"211\" src=\"https:\/\/www.leaplytics.de\/wp-content\/uploads\/2022\/08\/grafik-10.png\" alt=\"\" class=\"wp-image-9344\" srcset=\"https:\/\/www.leaplytics.de\/wp-content\/uploads\/2022\/08\/grafik-10.png 198w, https:\/\/www.leaplytics.de\/wp-content\/uploads\/2022\/08\/grafik-10-56x60.png 56w\" sizes=\"auto, (max-width: 198px) 100vw, 198px\" \/><\/figure><\/div>\n\n\n<p>Sada\u013c\u0101 \"Robe\u017eu iestat\u012bjumi\" varat main\u012bt \u0101r\u0113j\u0101s luksofora apmales, k\u0101 ar\u012b iek\u0161\u0113jo gaismas to\u0146u redzam\u012bbu.<\/p>\n\n\n\n<div style=\"height:0px\" aria-hidden=\"true\" class=\"wp-block-spacer\"><\/div>\n\n\n\n<h3 class=\"wp-block-heading\">5. Teksta iestat\u012bjumi<\/h3>\n\n\n<div class=\"wp-block-image\">\n<figure class=\"alignleft size-full\"><img loading=\"lazy\" decoding=\"async\" width=\"196\" height=\"403\" src=\"https:\/\/www.leaplytics.de\/wp-content\/uploads\/2022\/08\/grafik-11.png\" alt=\"\" class=\"wp-image-9346\" srcset=\"https:\/\/www.leaplytics.de\/wp-content\/uploads\/2022\/08\/grafik-11.png 196w, https:\/\/www.leaplytics.de\/wp-content\/uploads\/2022\/08\/grafik-11-146x300.png 146w, https:\/\/www.leaplytics.de\/wp-content\/uploads\/2022\/08\/grafik-11-29x60.png 29w\" sizes=\"auto, (max-width: 196px) 100vw, 196px\" \/><\/figure><\/div>\n\n\n<p>\u0160im luksofora vizu\u0101lajam risin\u0101jumam ir pla\u0161s teksta iestat\u012bjumu kl\u0101sts. Varat iesl\u0113gt un izsl\u0113gt teksta elementu, kas tiek par\u0101d\u012bts taj\u0101 pa\u0161\u0101 log\u0101, kur\u0101 ir luksofors. Kad teksts ir redzams, varat main\u012bt teksta stilu, teksta lielumu, teksta poz\u012bciju un fontu \u0123imeni atbilsto\u0161i sav\u0101m individu\u0101laj\u0101m vajadz\u012bb\u0101m.<\/p>\n\n\n\n<div style=\"height:0px\" aria-hidden=\"true\" class=\"wp-block-spacer\"><\/div>\n\n\n\n<h3 class=\"wp-block-heading\">6. Kr\u0101su iestat\u012bjumi<\/h3>\n\n\n<div class=\"wp-block-image\">\n<figure class=\"alignleft size-full\"><img loading=\"lazy\" decoding=\"async\" width=\"198\" height=\"482\" src=\"https:\/\/www.leaplytics.de\/wp-content\/uploads\/2022\/08\/grafik-12.png\" alt=\"\" class=\"wp-image-9349\" srcset=\"https:\/\/www.leaplytics.de\/wp-content\/uploads\/2022\/08\/grafik-12.png 198w, https:\/\/www.leaplytics.de\/wp-content\/uploads\/2022\/08\/grafik-12-123x300.png 123w, https:\/\/www.leaplytics.de\/wp-content\/uploads\/2022\/08\/grafik-12-25x60.png 25w\" sizes=\"auto, (max-width: 198px) 100vw, 198px\" \/><\/figure><\/div>\n\n\n<p>Sada\u013c\u0101 \"Color Setting\" (Kr\u0101su iestat\u012bjumi) varat main\u012bt katras vizu\u0101l\u0101s da\u013cas kr\u0101su. Vienk\u0101r\u0161i noklik\u0161\u0137iniet uz nolai\u017eamaj\u0101 log\u0101 un izv\u0113lieties kr\u0101su no iepriek\u0161 defin\u0113taj\u0101m t\u0113mas kr\u0101s\u0101m vai izmantojiet rgb un hex kodus, lai noteiktu kr\u0101su p\u0113c savas izv\u0113les.<\/p>","protected":false},"excerpt":{"rendered":"<p>1. Time format The \u201cTime Format\u201d section is an optional section. Within this section, you can select a time or interval format, which is used to calculate the ranges and the output text next to the traffic light symbol. Please make sure, to select the time format accordingly to the range input fields. 2. Light &hellip; <\/p>","protected":false},"author":2,"featured_media":0,"parent":0,"menu_order":0,"comment_status":"closed","ping_status":"closed","template":"","meta":{"footnotes":""},"class_list":["post-9336","page","type-page","status-publish","hentry","latest_post"],"_links":{"self":[{"href":"https:\/\/www.leaplytics.de\/lv\/wp-json\/wp\/v2\/pages\/9336","targetHints":{"allow":["GET"]}}],"collection":[{"href":"https:\/\/www.leaplytics.de\/lv\/wp-json\/wp\/v2\/pages"}],"about":[{"href":"https:\/\/www.leaplytics.de\/lv\/wp-json\/wp\/v2\/types\/page"}],"author":[{"embeddable":true,"href":"https:\/\/www.leaplytics.de\/lv\/wp-json\/wp\/v2\/users\/2"}],"replies":[{"embeddable":true,"href":"https:\/\/www.leaplytics.de\/lv\/wp-json\/wp\/v2\/comments?post=9336"}],"version-history":[{"count":0,"href":"https:\/\/www.leaplytics.de\/lv\/wp-json\/wp\/v2\/pages\/9336\/revisions"}],"wp:attachment":[{"href":"https:\/\/www.leaplytics.de\/lv\/wp-json\/wp\/v2\/media?parent=9336"}],"curies":[{"name":"wp","href":"https:\/\/api.w.org\/{rel}","templated":true}]}}