{"id":9526,"date":"2022-09-08T20:29:04","date_gmt":"2022-09-08T18:29:04","guid":{"rendered":"https:\/\/www.leaplytics.de\/?page_id=9526"},"modified":"2024-05-21T13:00:58","modified_gmt":"2024-05-21T11:00:58","slug":"riska-matrica-siltuma-karte-jauda-bi-izmeginajums","status":"publish","type":"page","link":"https:\/\/www.leaplytics.de\/lv\/riska-matrica-siltuma-karte-jauda-bi-izmeginajums\/","title":{"rendered":"Power BI riska matrica \/ siltuma karte - Izm\u0113\u0123iniet tagad!"},"content":{"rendered":"<h3 class=\"wp-block-heading\">Tr\u016bksto\u0161ais riska p\u0101rvald\u012bbas puzles elements<\/h3>\n\n\n\n<figure class=\"wp-block-image size-full\"><img loading=\"lazy\" decoding=\"async\" width=\"152\" height=\"37\" src=\"https:\/\/www.leaplytics.de\/wp-content\/uploads\/2022\/05\/PBI-Certified.png\" alt=\"\" class=\"wp-image-8358\" srcset=\"https:\/\/www.leaplytics.de\/wp-content\/uploads\/2022\/05\/PBI-Certified.png 152w, https:\/\/www.leaplytics.de\/wp-content\/uploads\/2022\/05\/PBI-Certified-150x37.png 150w\" sizes=\"auto, (max-width: 152px) 100vw, 152px\" \/><\/figure>\n\n\n\n<p>Tas ir vienk\u0101r\u0161i: aizpildiet zem\u0101k eso\u0161o veidlapu, un m\u0113s jums nos\u016bt\u012bsim bezmaksas \u010detru ned\u0113\u013cu izm\u0113\u0123in\u0101juma licenci.<\/p>\n\n\n<div class=\"wpforms-container wpforms-container-full\" id=\"wpforms-10592\"><form id=\"wpforms-form-10592\" class=\"wpforms-validate wpforms-form wpforms-ajax-form\" data-formid=\"10592\" method=\"post\" enctype=\"multipart\/form-data\" action=\"\/lv\/wp-json\/wp\/v2\/pages\/9526\" data-token=\"93e31137e329d7940839fcaafb5f94cb\" data-token-time=\"1776963733\" data-trp-original-action=\"\/lv\/wp-json\/wp\/v2\/pages\/9526\"><noscript class=\"wpforms-error-noscript\">Lai aizpild\u012btu \u0161o veidlapu, l\u016bdzu, iesp\u0113jojiet JavaScript sav\u0101 p\u0101rl\u016bkprogramm\u0101.<\/noscript><div class=\"wpforms-field-container\"><div id=\"wpforms-10592-field_0-container\" class=\"wpforms-field wpforms-field-name\" data-field-id=\"0\"><label class=\"wpforms-field-label\">Nosaukums <span class=\"wpforms-required-label\">*<\/span><\/label><div class=\"wpforms-field-row wpforms-field-medium\"><div class=\"wpforms-field-row-block wpforms-first wpforms-one-half\"><input type=\"text\" id=\"wpforms-10592-field_0\" class=\"wpforms-field-name-first wpforms-field-required\" name=\"wpforms[fields][0][first]\" required><label for=\"wpforms-10592-field_0\" class=\"wpforms-field-sublabel after\">Pirmais<\/label><\/div><div class=\"wpforms-field-row-block wpforms-one-half\"><input type=\"text\" id=\"wpforms-10592-field_0-last\" class=\"wpforms-field-name-last wpforms-field-required\" name=\"wpforms[fields][0][last]\" required><label for=\"wpforms-10592-field_0-last\" class=\"wpforms-field-sublabel after\">P\u0113d\u0113jais<\/label><\/div><\/div><\/div><div id=\"wpforms-10592-field_1-container\" class=\"wpforms-field wpforms-field-email\" data-field-id=\"1\"><label class=\"wpforms-field-label\" for=\"wpforms-10592-field_1\">Biznesa e-pasts <span class=\"wpforms-required-label\">*<\/span><\/label><input type=\"email\" id=\"wpforms-10592-field_1\" class=\"wpforms-field-medium wpforms-field-required\" data-rule-restricted-email=\"1\" name=\"wpforms[fields][1]\" spellcheck=\"false\" required><\/div><div id=\"wpforms-10592-field_4-container\" class=\"wpforms-field wpforms-field-text\" data-field-id=\"4\"><label class=\"wpforms-field-label\" for=\"wpforms-10592-field_4\">Uz\u0146\u0113mums <span class=\"wpforms-required-label\">*<\/span><\/label><input type=\"text\" id=\"wpforms-10592-field_4\" class=\"wpforms-field-medium wpforms-field-required\" name=\"wpforms[fields][4]\" required><\/div><div id=\"wpforms-10592-field_3-container\" class=\"wpforms-field wpforms-field-gdpr-checkbox\" data-field-id=\"3\"><label class=\"wpforms-field-label\">GDPR l\u012bgums <span class=\"wpforms-required-label\">*<\/span><\/label><ul id=\"wpforms-10592-field_3\" class=\"wpforms-field-required\"><li class=\"choice-1\"><input type=\"checkbox\" id=\"wpforms-10592-field_3_1\" name=\"wpforms[fields][3][]\" value=\"I consent to having this website store my submitted information so they can respond to my inquiry.\" required><label class=\"wpforms-field-label-inline\" for=\"wpforms-10592-field_3_1\">Es piekr\u012btu, ka \u0161\u012b vietne saglab\u0101 manu iesniegto inform\u0101ciju, lai var\u0113tu atbild\u0113t uz manu piepras\u012bjumu.<\/label><\/li><\/ul><\/div><\/div><!-- .wpforms-field-container --><div class=\"wpforms-recaptcha-container wpforms-is-recaptcha wpforms-is-recaptcha-type-v3\" ><input type=\"hidden\" name=\"wpforms[recaptcha]\" value=\"\"><\/div><div class=\"wpforms-submit-container\" ><input type=\"hidden\" name=\"wpforms[id]\" value=\"10592\"><input type=\"hidden\" name=\"page_title\" value=\"\"><input type=\"hidden\" name=\"page_url\" value=\"https:\/\/www.leaplytics.de\/lv\/wp-json\/wp\/v2\/pages\/9526\"><input type=\"hidden\" name=\"url_referer\" value=\"\"><button type=\"submit\" name=\"wpforms[submit]\" id=\"wpforms-submit-10592\" class=\"wpforms-submit\" data-alt-text=\"Sending...\" data-submit-text=\"Submit\" aria-live=\"assertive\" value=\"wpforms-submit\">Iesniegt<\/button><img loading=\"lazy\" decoding=\"async\" src=\"https:\/\/www.leaplytics.de\/wp-content\/plugins\/wpforms-lite\/assets\/images\/submit-spin.svg\" class=\"wpforms-submit-spinner\" style=\"display: none;\" width=\"26\" height=\"26\" alt=\"Iekrau\u0161ana\"><\/div><input type=\"hidden\" name=\"trp-form-language\" value=\"lv\"\/><\/form><\/div>  <!-- .wpforms-container -->\n\n\n\n<div style=\"height:27px\" aria-hidden=\"true\" class=\"wp-block-spacer\"><\/div>\n\n\n\n<h3 class=\"wp-block-heading\">Uzticams l\u012bdz:<\/h3>\n\n\n<div class=\"wp-block-image\">\n<figure class=\"aligncenter size-medium is-resized\"><a href=\"https:\/\/www.railbaltica.org\/\" target=\"_blank\" rel=\"noreferrer noopener nofollow\"><img loading=\"lazy\" decoding=\"async\" width=\"300\" height=\"225\" src=\"https:\/\/www.leaplytics.de\/wp-content\/uploads\/2024\/05\/rb-logo-300x225.png\" alt=\"\" class=\"wp-image-13461\" style=\"width:300px\" srcset=\"https:\/\/www.leaplytics.de\/wp-content\/uploads\/2024\/05\/rb-logo-300x225.png 300w, https:\/\/www.leaplytics.de\/wp-content\/uploads\/2024\/05\/rb-logo-1024x768.png 1024w, https:\/\/www.leaplytics.de\/wp-content\/uploads\/2024\/05\/rb-logo-768x576.png 768w, https:\/\/www.leaplytics.de\/wp-content\/uploads\/2024\/05\/rb-logo-80x60.png 80w, https:\/\/www.leaplytics.de\/wp-content\/uploads\/2024\/05\/rb-logo.png 1200w\" sizes=\"auto, (max-width: 300px) 100vw, 300px\" \/><\/a><\/figure><\/div>\n\n\n<p><em>\"Lielisks r\u012bks, lai vizualiz\u0113tu un nodro\u0161in\u0101tu visaptvero\u0161u p\u0101rskatu par riska portfeli. Iesp\u0113ja piel\u0101got kr\u0101sas, robe\u017ev\u0113rt\u012bbas un risku matricu ir ide\u0101la - to ir viegli iestat\u012bt un t\u0101 nodro\u0161ina iesp\u0113ju izmantot risin\u0101jumu da\u017e\u0101diem risku l\u012bme\u0146iem - uz\u0146\u0113mumam, projektam, programmai utt. Jaun\u0101 funkcija vizualiz\u0113t izmai\u0146as atsevi\u0161\u0137\u0101s riska poz\u012bcij\u0101s siltuma kart\u0113 ir ide\u0101li piem\u0113rota atskai\u0161u sagatavo\u0161anai, jo prec\u012bzas varb\u016bt\u012bbas vai ietekmes izmai\u0146as ir skaidri saprotamas pat riska p\u0101rvald\u012bbas neprofesion\u0101\u013ciem, \u013caujot vi\u0146iem sekot l\u012bdzi izmai\u0146\u0101m.\"<\/em> <a href=\"https:\/\/www.railbaltica.org\/\" target=\"_blank\" rel=\"noreferrer noopener nofollow\">Rail Baltica<\/a><\/p>\n\n\n\n<h3 class=\"wp-block-heading\">Izpilddirektora v\u0113stule<\/h3>\n\n\n\n<blockquote class=\"wp-block-quote is-layout-flow wp-block-quote-is-layout-flow\">\n<div class=\"wp-block-columns is-layout-flex wp-container-core-columns-is-layout-1 wp-block-columns-is-layout-flex\">\n<div class=\"wp-block-column is-layout-flow wp-block-column-is-layout-flow\" style=\"flex-basis:100%\">\n<h3 class=\"wp-block-heading has-text-align-left\"><img loading=\"lazy\" decoding=\"async\" width=\"150\" height=\"150\" class=\"wp-image-10452\" style=\"width: 150px;\" src=\"https:\/\/www.leaplytics.de\/wp-content\/uploads\/2023\/01\/stefan-profile.png\" alt=\"\" srcset=\"https:\/\/www.leaplytics.de\/wp-content\/uploads\/2023\/01\/stefan-profile.png 612w, https:\/\/www.leaplytics.de\/wp-content\/uploads\/2023\/01\/stefan-profile-300x300.png 300w, https:\/\/www.leaplytics.de\/wp-content\/uploads\/2023\/01\/stefan-profile-150x150.png 150w, https:\/\/www.leaplytics.de\/wp-content\/uploads\/2023\/01\/stefan-profile-370x370.png 370w, https:\/\/www.leaplytics.de\/wp-content\/uploads\/2023\/01\/stefan-profile-60x60.png 60w\" sizes=\"auto, (max-width: 150px) 100vw, 150px\" \/>M\u016bsu risin\u0101jums profesion\u0101\u013ciem<\/h3>\n<\/div>\n<\/div>\n\n\n\n<p class=\"has-text-align-left\">Hei, visi...<br><br>Es esmu Stefans, LeapLytics vad\u012bt\u0101js.<br><br>T\u0101 ir riska matrica, ko m\u0113s vienm\u0113r esam mekl\u0113ju\u0161i pa\u0161i. Un tagad m\u0113s v\u0113lamies ar to dal\u012bties ar jums.<br><br>Ir lieliski, ja jums ir riska matrica, kas pal\u012bdz izprast draudus un iesp\u0113jas. Jo pirms tam j\u016bs s\u0101k\u0101t saskat\u012bt riskus, kurus negaid\u012bj\u0101t, no avotiem, kurus neredz\u0113j\u0101t. J\u016bs zaud\u0113j\u0101t kontroli p\u0101r riska ainavas izpratni. Datu lav\u012bna visu p\u0101rbl\u012bv\u0113ja.<\/p>\n\n\n\n<p class=\"has-text-align-left\"><br>\u0160eit m\u0113s varam jums pal\u012bdz\u0113t. M\u0113s s\u0101k\u0101m izstr\u0101d\u0101t riska matricu 2020. gad\u0101. Kop\u0161 t\u0101 laika esam pievienoju\u0161i daudzas jaunas funkcijas. To darot, esam piev\u0113rsu\u0161ies lietot\u0101jiem. Nosac\u012bjumu format\u0113\u0161ana bija k\u0101da It\u0101lijas uz\u0146\u0113muma ideja. Piepras\u012bjums p\u0113c uz laiku balst\u012btas risku atspogu\u013co\u0161anas n\u0101ca no k\u0101da klienta Austr\u0101lij\u0101. M\u016bsu klientu kopiena ir tas, ar ko m\u0113s lepojamies. Bet ar\u012b tas, kas m\u016bs mudina pilnveidot m\u016bsu risku matricu.<br><br>Riska matrica nedr\u012bkst b\u016bt k\u0101 slogs. kaut ko, ko j\u016bs atpaliekat. kaut ko, ko j\u016bs izdz\u0113\u0161at, nevis lolojat. T\u0101 viet\u0101, lai priec\u0101tos par to, j\u016bs ar to nodarbojaties. T\u0101 viet\u0101 t\u0101m j\u0101b\u016bt uzticam\u0101m. Un informat\u012bv\u0101m. Tiem b\u016btu j\u0101padara jums un j\u016bsu komand\u0101m viegli saska\u0146ot savas darb\u012bbas. Lai j\u016bs uzplauktu.<br><br>Lab\u0101s zi\u0146as - burv\u012bba joproj\u0101m ir saglab\u0101jusies. T\u0101 ir apsl\u0113pta - apglab\u0101ta zem apvedce\u013cu un neapmierino\u0161u risin\u0101jumu jucek\u013ca. J\u016bsu m\u0113rinstrumentu panelis ir peln\u012bjis not\u012br\u012bt putek\u013cus. Atjauno\u0161anu. Moderniz\u0113ts atbilsto\u0161i tam, k\u0101 m\u0113s \u0161odien p\u0101rvald\u0101m riskus. Ar m\u016bsu risin\u0101jumu Risk Matrix m\u0113s to esam izdar\u012bju\u0161i. T\u0101 ir riska p\u0101rvald\u012bbas p\u0101rveide, p\u0101rdom\u0101\u0161ana, vienk\u0101r\u0161ota, sp\u0113c\u012bga atk\u0101rtota ievie\u0161ana.<br><br>Jauns s\u0101kums, k\u0101 tam vajadz\u0113tu b\u016bt.<\/p>\n\n\n\n<p><br>Labu dienu,<br>Stefan<br><br>LeapLytics GmbH l\u012bdzdibin\u0101t\u0101js un izpilddirektors<\/p>\n<\/blockquote>\n\n\n<div class=\"wp-block-image\">\n<figure class=\"aligncenter size-large\"><img loading=\"lazy\" decoding=\"async\" width=\"1024\" height=\"576\" src=\"https:\/\/www.leaplytics.de\/wp-content\/uploads\/2022\/04\/First_Slice_Risk_Map_PowerBI-1024x576.png\" alt=\"\" class=\"wp-image-6585\" srcset=\"https:\/\/www.leaplytics.de\/wp-content\/uploads\/2022\/04\/First_Slice_Risk_Map_PowerBI-1024x576.png 1024w, https:\/\/www.leaplytics.de\/wp-content\/uploads\/2022\/04\/First_Slice_Risk_Map_PowerBI-300x169.png 300w, https:\/\/www.leaplytics.de\/wp-content\/uploads\/2022\/04\/First_Slice_Risk_Map_PowerBI-768x432.png 768w, https:\/\/www.leaplytics.de\/wp-content\/uploads\/2022\/04\/First_Slice_Risk_Map_PowerBI-107x60.png 107w, https:\/\/www.leaplytics.de\/wp-content\/uploads\/2022\/04\/First_Slice_Risk_Map_PowerBI.png 1140w\" sizes=\"auto, (max-width: 1024px) 100vw, 1024px\" \/><\/figure><\/div>\n\n\n<div style=\"height:29px\" aria-hidden=\"true\" class=\"wp-block-spacer\"><\/div>\n\n\n\n<blockquote class=\"wp-block-quote has-text-align-left is-layout-flow wp-block-quote-is-layout-flow\">\n<p>Piln\u012bgi t\u0101 v\u0113rts<\/p>\n<cite>\"Visu, ko m\u0113s v\u0113l\u0113j\u0101mies pan\u0101kt ar riska matricu, m\u0113s var\u0113j\u0101m \u012bstenot ar \u0161o vizualiz\u0101ciju. Tas ir absol\u016bti t\u0101 v\u0113rts.\" - <a href=\"https:\/\/appsource.microsoft.com\/en-us\/product\/power-bi-visuals\/leaplyticsgmbh1633373694058.leaplytics_risk_heatmap?tab=Reviews\" target=\"_blank\" rel=\"noreferrer noopener\">Microsoft AppSource atsauksmju v\u0113rt\u0113jums: <img loading=\"lazy\" decoding=\"async\" width=\"89\" height=\"14\" class=\"wp-image-13274\" style=\"width: 89px;\" src=\"https:\/\/www.leaplytics.de\/wp-content\/uploads\/2024\/04\/stars.png\" alt=\"\"><\/a><\/cite><\/blockquote>\n\n\n\n<h3 class=\"wp-block-heading\">Ko es sa\u0146em\u0161u?<\/h3>\n\n\n\n<i class=\"fa-solid fa-key\"><\/i> \u010cetru ned\u0113\u013cu izm\u0113\u0123in\u0101jums <b>Licences atsl\u0113ga<\/b>\n<br><br>\n<i class=\"fa-solid fa-eye\"><\/i> Vizu\u0101l\u0101 iestat\u012b\u0161ana <b>M\u0101c\u012bbu pam\u0101c\u012bba<\/b>\n<br><br>\n<i class=\"fas fa-directions\"><\/i> <b>\"K\u0101 r\u012bkoties<\/b> Ce\u013cve\u017ei pakalpojum\u0101 YouTube\n<br><br>\n<i class=\"fa-solid fa-question\"><\/i> Bie\u017e\u0101k uzdotie jaut\u0101jumi (<b>Bie\u017e\u0101k uzdotie jaut\u0101jumi<\/b>)\n\n\n\n<div style=\"height:29px\" aria-hidden=\"true\" class=\"wp-block-spacer\"><\/div>\n\n\n\n<h3 class=\"wp-block-heading\">K\u0101p\u0113c man vajadz\u0113tu p\u0101rbaud\u012bt j\u016bsu vizu\u0101lo inform\u0101ciju?<\/h3>\n\n\n\n<p>M\u016bsu LeapLytics riska matrica ir <strong>tikai<\/strong> riska matrica, kas sp\u0113j katru risku att\u0113lot k\u0101 atsevi\u0161\u0137u vien\u012bbu. T\u0101 pied\u0101v\u0101 klik\u0161\u0137in\u0101mu funkcionalit\u0101ti un \u013cauj skat\u012bt detaliz\u0113tu izp\u0113ti, izmantojot r\u012bkjoslu. Turkl\u0101t tas ir vien\u012bgais Power BI vizu\u0101lais elements, kas \u013cauj lietot\u0101jiem piek\u013c\u016bt padzi\u013cin\u0101tai inform\u0101cijai par riskiem, izmantojot vienk\u0101r\u0161u padzi\u013cin\u0101\u0161anu uz konkr\u0113tu risku.<\/p>\n\n\n\n<ul class=\"wp-block-list\">\n<li><strong>Nav abon\u0113\u0161anas<\/strong>: Vienk\u0101r\u0161i \u013caujiet tam beigties. <strong>M\u0113s jums neko nemaks\u0101sim.<\/strong><\/li>\n<\/ul>\n\n\n\n<figure class=\"wp-block-embed is-type-video is-provider-youtube wp-block-embed-youtube wp-embed-aspect-16-9 wp-has-aspect-ratio\"><div class=\"wp-block-embed__wrapper\" align=\"center\">\n<iframe loading=\"lazy\" title=\"Power BI riska matrica \/ siltuma karte LeapLytics Visual\" width=\"770\" height=\"433\" src=\"https:\/\/www.youtube.com\/embed\/SsN0lgNJX6A?feature=oembed\" frameborder=\"0\" allow=\"accelerometer; autoplay; clipboard-write; encrypted-media; gyroscope; picture-in-picture; web-share\" referrerpolicy=\"strict-origin-when-cross-origin\" allowfullscreen><\/iframe>\n<\/div><\/figure>\n\n\n\n<div style=\"height:55px\" aria-hidden=\"true\" class=\"wp-block-spacer\"><\/div>\n\n\n\n<blockquote class=\"wp-block-quote is-layout-flow wp-block-quote-is-layout-flow\">\n<p>Tas darbojas tie\u0161i t\u0101, k\u0101 gaid\u012bts un reklam\u0113ts.<\/p>\n\n\n\n<h3 class=\"wp-block-heading\"><\/h3>\n<cite>\"Ieg\u0101d\u0101jos \u0161\u012bs lietotnes licenci pirms gandr\u012bz 9 m\u0113ne\u0161iem, instal\u0113ju to vair\u0101kos zi\u0146ojumos, ko izmanto simtiem cilv\u0113ku vis\u0101 pasaul\u0113, un no lietot\u0101jiem ir sa\u0146emtas tikai pozit\u012bvas atsauksmes.\" - <a href=\"https:\/\/appsource.microsoft.com\/en-us\/product\/power-bi-visuals\/leaplyticsgmbh1633373694058.leaplytics_risk_heatmap?tab=Reviews\" target=\"_blank\" rel=\"noreferrer noopener\">Microsoft AppSource atsauksmju v\u0113rt\u0113jums: <img loading=\"lazy\" decoding=\"async\" width=\"89\" height=\"14\" class=\"wp-image-13274\" style=\"width: 89px;\" src=\"https:\/\/www.leaplytics.de\/wp-content\/uploads\/2024\/04\/stars.png\" alt=\"\"><\/a><\/cite><\/blockquote>\n\n\n\n<p>Interes\u0113? Piecu min\u016b\u0161u laik\u0101 sa\u0146emsiet e-pastu ar \u010detru ned\u0113\u013cu person\u012bgo izm\u0113\u0123in\u0101juma licenci.<\/p>\n\n\n<div class=\"wpforms-container wpforms-container-full\" id=\"wpforms-10592\"><form id=\"wpforms-form-10592\" class=\"wpforms-validate wpforms-form wpforms-ajax-form\" data-formid=\"10592\" method=\"post\" enctype=\"multipart\/form-data\" action=\"\/lv\/wp-json\/wp\/v2\/pages\/9526\" data-token=\"93e31137e329d7940839fcaafb5f94cb\" data-token-time=\"1776963733\" data-trp-original-action=\"\/lv\/wp-json\/wp\/v2\/pages\/9526\"><noscript class=\"wpforms-error-noscript\">Lai aizpild\u012btu \u0161o veidlapu, l\u016bdzu, iesp\u0113jojiet JavaScript sav\u0101 p\u0101rl\u016bkprogramm\u0101.<\/noscript><div class=\"wpforms-field-container\"><div id=\"wpforms-10592-field_0-container\" class=\"wpforms-field wpforms-field-name\" data-field-id=\"0\"><label class=\"wpforms-field-label\">Nosaukums <span class=\"wpforms-required-label\">*<\/span><\/label><div class=\"wpforms-field-row wpforms-field-medium\"><div class=\"wpforms-field-row-block wpforms-first wpforms-one-half\"><input type=\"text\" id=\"wpforms-10592-field_0\" class=\"wpforms-field-name-first wpforms-field-required\" name=\"wpforms[fields][0][first]\" required><label for=\"wpforms-10592-field_0\" class=\"wpforms-field-sublabel after\">Pirmais<\/label><\/div><div class=\"wpforms-field-row-block wpforms-one-half\"><input type=\"text\" id=\"wpforms-10592-field_0-last\" class=\"wpforms-field-name-last wpforms-field-required\" name=\"wpforms[fields][0][last]\" required><label for=\"wpforms-10592-field_0-last\" class=\"wpforms-field-sublabel after\">P\u0113d\u0113jais<\/label><\/div><\/div><\/div><div id=\"wpforms-10592-field_1-container\" class=\"wpforms-field wpforms-field-email\" data-field-id=\"1\"><label class=\"wpforms-field-label\" for=\"wpforms-10592-field_1\">Biznesa e-pasts <span class=\"wpforms-required-label\">*<\/span><\/label><input type=\"email\" id=\"wpforms-10592-field_1\" class=\"wpforms-field-medium wpforms-field-required\" data-rule-restricted-email=\"1\" name=\"wpforms[fields][1]\" spellcheck=\"false\" required><\/div><div id=\"wpforms-10592-field_4-container\" class=\"wpforms-field wpforms-field-text\" data-field-id=\"4\"><label class=\"wpforms-field-label\" for=\"wpforms-10592-field_4\">Uz\u0146\u0113mums <span class=\"wpforms-required-label\">*<\/span><\/label><input type=\"text\" id=\"wpforms-10592-field_4\" class=\"wpforms-field-medium wpforms-field-required\" name=\"wpforms[fields][4]\" required><\/div><div id=\"wpforms-10592-field_3-container\" class=\"wpforms-field wpforms-field-gdpr-checkbox\" data-field-id=\"3\"><label class=\"wpforms-field-label\">GDPR l\u012bgums <span class=\"wpforms-required-label\">*<\/span><\/label><ul id=\"wpforms-10592-field_3\" class=\"wpforms-field-required\"><li class=\"choice-1\"><input type=\"checkbox\" id=\"wpforms-10592-field_3_1\" name=\"wpforms[fields][3][]\" value=\"I consent to having this website store my submitted information so they can respond to my inquiry.\" required><label class=\"wpforms-field-label-inline\" for=\"wpforms-10592-field_3_1\">Es piekr\u012btu, ka \u0161\u012b vietne saglab\u0101 manu iesniegto inform\u0101ciju, lai var\u0113tu atbild\u0113t uz manu piepras\u012bjumu.<\/label><\/li><\/ul><\/div><\/div><!-- .wpforms-field-container --><div class=\"wpforms-recaptcha-container wpforms-is-recaptcha wpforms-is-recaptcha-type-v3\" ><input type=\"hidden\" name=\"wpforms[recaptcha]\" value=\"\"><\/div><div class=\"wpforms-submit-container\" ><input type=\"hidden\" name=\"wpforms[id]\" value=\"10592\"><input type=\"hidden\" name=\"page_title\" value=\"\"><input type=\"hidden\" name=\"page_url\" value=\"https:\/\/www.leaplytics.de\/lv\/wp-json\/wp\/v2\/pages\/9526\"><input type=\"hidden\" name=\"url_referer\" value=\"\"><button type=\"submit\" name=\"wpforms[submit]\" id=\"wpforms-submit-10592\" class=\"wpforms-submit\" data-alt-text=\"Sending...\" data-submit-text=\"Submit\" aria-live=\"assertive\" value=\"wpforms-submit\">Iesniegt<\/button><img loading=\"lazy\" decoding=\"async\" src=\"https:\/\/www.leaplytics.de\/wp-content\/plugins\/wpforms-lite\/assets\/images\/submit-spin.svg\" class=\"wpforms-submit-spinner\" style=\"display: none;\" width=\"26\" height=\"26\" alt=\"Iekrau\u0161ana\"><\/div><input type=\"hidden\" name=\"trp-form-language\" value=\"lv\"\/><\/form><\/div>  <!-- .wpforms-container -->","protected":false},"excerpt":{"rendered":"<p>The missing puzzle piece for your risk management It&#8217;s easy: fill out the form below, and we&#8217;ll send you a free four-week trial license. Trusted By: &#8220;An excellent tool to visualize and ensure a holistic overview of the risk portfolio. The possibility to customize colors, thresholds, and the risk matrix is ideal\u2014easy to set up &hellip; <\/p>","protected":false},"author":2,"featured_media":0,"parent":0,"menu_order":0,"comment_status":"closed","ping_status":"closed","template":"","meta":{"footnotes":""},"class_list":["post-9526","page","type-page","status-publish","hentry","latest_post"],"_links":{"self":[{"href":"https:\/\/www.leaplytics.de\/lv\/wp-json\/wp\/v2\/pages\/9526","targetHints":{"allow":["GET"]}}],"collection":[{"href":"https:\/\/www.leaplytics.de\/lv\/wp-json\/wp\/v2\/pages"}],"about":[{"href":"https:\/\/www.leaplytics.de\/lv\/wp-json\/wp\/v2\/types\/page"}],"author":[{"embeddable":true,"href":"https:\/\/www.leaplytics.de\/lv\/wp-json\/wp\/v2\/users\/2"}],"replies":[{"embeddable":true,"href":"https:\/\/www.leaplytics.de\/lv\/wp-json\/wp\/v2\/comments?post=9526"}],"version-history":[{"count":51,"href":"https:\/\/www.leaplytics.de\/lv\/wp-json\/wp\/v2\/pages\/9526\/revisions"}],"predecessor-version":[{"id":13475,"href":"https:\/\/www.leaplytics.de\/lv\/wp-json\/wp\/v2\/pages\/9526\/revisions\/13475"}],"wp:attachment":[{"href":"https:\/\/www.leaplytics.de\/lv\/wp-json\/wp\/v2\/media?parent=9526"}],"curies":[{"name":"wp","href":"https:\/\/api.w.org\/{rel}","templated":true}]}}