{"id":11926,"date":"2023-07-18T10:22:34","date_gmt":"2023-07-18T08:22:34","guid":{"rendered":"https:\/\/www.leaplytics.de\/?page_id=11926"},"modified":"2024-10-29T12:39:50","modified_gmt":"2024-10-29T11:39:50","slug":"markdown-viewer-visual-for-power-bi","status":"publish","type":"page","link":"https:\/\/www.leaplytics.de\/nb\/markdown-viewer-visual-for-power-bi\/","title":{"rendered":"Markdown Viewer Visual for Power BI"},"content":{"rendered":"<p>Vi presenterer Markdown-to-HTML Custom Visual for Power BI: Fortell datahistorien din med en fullverdig tekstredigerer i datapanelet ditt! L\u00f8ft frem relevant informasjon via formatert tekst i datavisualiseringsopplevelsen din!<\/p>\n\n\n\n<p>Vi er glade for \u00e5 kunne presentere en banebrytende l\u00f8sning som gj\u00f8r det mulig for Power BI-brukere \u00e5 integrere vakkert formatert tekst i rapporter og dashbord p\u00e5 en s\u00f8ml\u00f8s m\u00e5te.<\/p>\n\n\n\n<h3 class=\"wp-block-heading has-text-align-left\">Fordeler<\/h3>\n\n\n\n<h5 class=\"wp-block-heading\">Slipp l\u00f8s kraften i Markdown<\/h5>\n\n\n\n<p>Med et utbredt markeringsspr\u00e5k med enkle og uttrykksfulle tekstformateringsfunksjoner kan du lage overskrifter, lister, lenker og andre formaterte tekstelementer rett ved siden av datavisualiseringene dine!<\/p>\n\n\n\n<h5 class=\"wp-block-heading\">Skap overbevisende visuelle fortellinger<\/h5>\n\n\n\n<p>Med Markdown-to-HTML Custom Visual kan du skape fengslende fortellinger i datahistorien din ved \u00e5 s\u00f8ml\u00f8st blande rikt formatert tekst med visualiseringene dine. Du kan gi detaljerte forklaringer, innsikt og st\u00f8ttedokumentasjon rett ved siden av dataene, slik at budskapet ditt blir tydeligere og f\u00e5r st\u00f8rre gjennomslagskraft.<\/p>\n\n\n\n<h5 class=\"wp-block-heading\">Str\u00f8mlinjeformet integrering<\/h5>\n\n\n\n<p>V\u00e5rt tilpassede visuelt integreres s\u00f8ml\u00f8st i Power BI-milj\u00f8et ditt, noe som sikrer en brukervennlig opplevelse. Du trenger bare \u00e5 legge inn Markdown-koden din eller koble til en datakilde som inneholder Markdown-innhold, s\u00e5 tar v\u00e5rt visuelt verkt\u00f8y seg av resten.<\/p>\n\n\n\n<h5 class=\"wp-block-heading\">Tilpass for \u00e5 matche din stil<\/h5>\n\n\n\n<p>V\u00e5r Markdown-to-HTML Custom Visual tilbyr omfattende tilpasningsmuligheter for \u00e5 ta med din unike merkevareidentitet. Skreddersy visuellens utseende, for eksempel skrifttyper, farger og bakgrunner, slik at det samsvarer med merkevarebyggingen eller rapporttemaet ditt og gir en helhetlig og profesjonell presentasjon av organisasjonens identitet.<\/p>\n\n\n\n<h5 class=\"wp-block-heading\">Fremme samarbeid og kunnskapsdeling<\/h5>\n\n\n\n<p>Dette popul\u00e6re formatet for samarbeid og kunnskapsdeling fremmer samarbeid, kunnskapsdeling og str\u00f8mlinjeformede arbeidsflyter i organisasjonen.<\/p>\n\n\n\n<p>L\u00f8ft datavisualiseringen din med v\u00e5r Markdown-to-HTML Custom Visual for Power BI. Presenter innsikt og analyser p\u00e5 en visuelt imponerende og engasjerende m\u00e5te som fenger publikum. Enten du er dataanalytiker, forretningsspesialist eller leder, er dette visuelt materiale utviklet for \u00e5 hjelpe deg med \u00e5 kommunisere komplekse ideer p\u00e5 en enkel m\u00e5te og skape varig inntrykk.<\/p>\n\n\n\n<p>Er du klar til \u00e5 forvandle Power BI-rapportene og -instrumentbordene dine? Last ned v\u00e5r Markdown-to-HTML Custom Visual i dag, og f\u00e5 tilgang til en verden av muligheter for dynamisk tekstformatering.<\/p>\n\n\n\n<p><em>Gi datapresentasjonene dine den perfekte blandingen av visuell estetikk og informativt innhold. Opplev fremtidens datafortelling med Markdown og Power BI.<\/em><\/p>\n\n\n\n<p><\/p>\n\n\n\n<h3 class=\"wp-block-heading\">Be om din pr\u00f8velisens<\/h3>\n\n\n<div class=\"wpforms-container wpforms-container-full\" id=\"wpforms-11888\"><form id=\"wpforms-form-11888\" class=\"wpforms-validate wpforms-form wpforms-ajax-form\" data-formid=\"11888\" method=\"post\" enctype=\"multipart\/form-data\" action=\"\/nb\/wp-json\/wp\/v2\/pages\/11926\" data-token=\"4bf2b0bae7515d952fde7607c4e40d0b\" data-token-time=\"1775975105\" data-trp-original-action=\"\/nb\/wp-json\/wp\/v2\/pages\/11926\"><noscript class=\"wpforms-error-noscript\">Vennligst aktiver JavaScript i nettleseren din for \u00e5 fylle ut dette skjemaet.<\/noscript><div class=\"wpforms-field-container\"><div id=\"wpforms-11888-field_0-container\" class=\"wpforms-field wpforms-field-name\" data-field-id=\"0\"><label class=\"wpforms-field-label\">Navn <span class=\"wpforms-required-label\">*<\/span><\/label><div class=\"wpforms-field-row wpforms-field-medium\"><div class=\"wpforms-field-row-block wpforms-first wpforms-one-half\"><input type=\"text\" id=\"wpforms-11888-field_0\" class=\"wpforms-field-name-first wpforms-field-required\" name=\"wpforms[fields][0][first]\" required><label for=\"wpforms-11888-field_0\" class=\"wpforms-field-sublabel after\">F\u00f8rst<\/label><\/div><div class=\"wpforms-field-row-block wpforms-one-half\"><input type=\"text\" id=\"wpforms-11888-field_0-last\" class=\"wpforms-field-name-last wpforms-field-required\" name=\"wpforms[fields][0][last]\" required><label for=\"wpforms-11888-field_0-last\" class=\"wpforms-field-sublabel after\">Siste<\/label><\/div><\/div><\/div><div id=\"wpforms-11888-field_1-container\" class=\"wpforms-field wpforms-field-email\" data-field-id=\"1\"><label class=\"wpforms-field-label\" for=\"wpforms-11888-field_1\">E-post til bedrifter <span class=\"wpforms-required-label\">*<\/span><\/label><input type=\"email\" id=\"wpforms-11888-field_1\" class=\"wpforms-field-medium wpforms-field-required\" data-rule-restricted-email=\"1\" name=\"wpforms[fields][1]\" spellcheck=\"false\" required><\/div><div id=\"wpforms-11888-field_4-container\" class=\"wpforms-field wpforms-field-text\" data-field-id=\"4\"><label class=\"wpforms-field-label\" for=\"wpforms-11888-field_4\">Selskap <span class=\"wpforms-required-label\">*<\/span><\/label><input type=\"text\" id=\"wpforms-11888-field_4\" class=\"wpforms-field-medium wpforms-field-required\" name=\"wpforms[fields][4]\" required><\/div><div id=\"wpforms-11888-field_3-container\" class=\"wpforms-field wpforms-field-gdpr-checkbox\" data-field-id=\"3\"><label class=\"wpforms-field-label\">GDPR-avtale <span class=\"wpforms-required-label\">*<\/span><\/label><ul id=\"wpforms-11888-field_3\" class=\"wpforms-field-required\"><li class=\"choice-1\"><input type=\"checkbox\" id=\"wpforms-11888-field_3_1\" name=\"wpforms[fields][3][]\" value=\"I consent to having this website store my submitted information so they can respond to my inquiry.\" required><label class=\"wpforms-field-label-inline\" for=\"wpforms-11888-field_3_1\">Jeg samtykker i at dette nettstedet lagrer informasjonen jeg har sendt inn, slik at de kan svare p\u00e5 henvendelsen min.<\/label><\/li><\/ul><\/div><\/div><!-- .wpforms-field-container --><div class=\"wpforms-recaptcha-container wpforms-is-recaptcha wpforms-is-recaptcha-type-v3\" ><input type=\"hidden\" name=\"wpforms[recaptcha]\" value=\"\"><\/div><div class=\"wpforms-submit-container\" ><input type=\"hidden\" name=\"wpforms[id]\" value=\"11888\"><input type=\"hidden\" name=\"page_title\" value=\"\"><input type=\"hidden\" name=\"page_url\" value=\"https:\/\/www.leaplytics.de\/nb\/wp-json\/wp\/v2\/pages\/11926\"><input type=\"hidden\" name=\"url_referer\" value=\"\"><button type=\"submit\" name=\"wpforms[submit]\" id=\"wpforms-submit-11888\" class=\"wpforms-submit\" data-alt-text=\"Sending...\" data-submit-text=\"Submit\" aria-live=\"assertive\" value=\"wpforms-submit\">Send inn<\/button><img loading=\"lazy\" decoding=\"async\" src=\"https:\/\/www.leaplytics.de\/wp-content\/plugins\/wpforms-lite\/assets\/images\/submit-spin.svg\" class=\"wpforms-submit-spinner\" style=\"display: none;\" width=\"26\" height=\"26\" alt=\"Lasting\"><\/div><input type=\"hidden\" name=\"trp-form-language\" value=\"nb\"\/><\/form><\/div>  <!-- .wpforms-container -->\n\n\n\n<div style=\"height:50px\" aria-hidden=\"true\" class=\"wp-block-spacer\"><\/div>\n\n\n\n<h3 class=\"wp-block-heading has-text-align-left\" id=\"tutorial\">Kom godt i gang<\/h3>\n\n\n\n<p><em>Hvordan kan jeg begynne?<\/em> Be om en pr\u00f8velisens ovenfor. Og n\u00e5r du har mottatt en lisenskode? Bare klikk nedenfor for \u00e5 starte oppl\u00e6ringen v\u00e5r.<\/p>\n\n\n\n<figure class=\"wp-block-embed is-type-wp-embed is-provider-leaplytics wp-block-embed-leaplytics\"><div class=\"wp-block-embed__wrapper\">\n<blockquote class=\"wp-embedded-content\" data-secret=\"IL8vEweSWi\"><a href=\"https:\/\/www.leaplytics.de\/nb\/komme-i-gang-markdown-viewer-power-bi\/\">Komme i gang - Markdown Viewer<\/a><\/blockquote><iframe loading=\"lazy\" class=\"wp-embedded-content\" sandbox=\"allow-scripts\" security=\"restricted\" style=\"position: absolute; clip: rect(1px, 1px, 1px, 1px);\" title=\"&quot;Kom i gang - Markdown Viewer&quot; - LeapLytics\" src=\"https:\/\/www.leaplytics.de\/getting-started-markdown-viewer-power-bi\/embed\/#?secret=huMdA44Ho4#?secret=IL8vEweSWi\" data-secret=\"IL8vEweSWi\" width=\"600\" height=\"338\" frameborder=\"0\" marginwidth=\"0\" marginheight=\"0\" scrolling=\"no\"><\/iframe>\n<\/div><\/figure>","protected":false},"excerpt":{"rendered":"<p>Vi presenterer Markdown-to-HTML Custom Visual for Power BI: Fortell datahistorien din med en fullverdig tekstredigerer i datapanelet ditt! L\u00f8ft frem relevant informasjon via formatert tekst i datavisualiseringsopplevelsen din! Vi er glade for \u00e5 kunne presentere en banebrytende l\u00f8sning som gj\u00f8r det mulig for Power BI-brukere \u00e5 s\u00f8ml\u00f8st integrere vakkert formatert tekst i rapporter og ... <\/p>","protected":false},"author":2,"featured_media":0,"parent":0,"menu_order":0,"comment_status":"closed","ping_status":"closed","template":"","meta":{"footnotes":""},"class_list":["post-11926","page","type-page","status-publish","hentry","latest_post"],"_links":{"self":[{"href":"https:\/\/www.leaplytics.de\/nb\/wp-json\/wp\/v2\/pages\/11926","targetHints":{"allow":["GET"]}}],"collection":[{"href":"https:\/\/www.leaplytics.de\/nb\/wp-json\/wp\/v2\/pages"}],"about":[{"href":"https:\/\/www.leaplytics.de\/nb\/wp-json\/wp\/v2\/types\/page"}],"author":[{"embeddable":true,"href":"https:\/\/www.leaplytics.de\/nb\/wp-json\/wp\/v2\/users\/2"}],"replies":[{"embeddable":true,"href":"https:\/\/www.leaplytics.de\/nb\/wp-json\/wp\/v2\/comments?post=11926"}],"version-history":[{"count":3,"href":"https:\/\/www.leaplytics.de\/nb\/wp-json\/wp\/v2\/pages\/11926\/revisions"}],"predecessor-version":[{"id":13652,"href":"https:\/\/www.leaplytics.de\/nb\/wp-json\/wp\/v2\/pages\/11926\/revisions\/13652"}],"wp:attachment":[{"href":"https:\/\/www.leaplytics.de\/nb\/wp-json\/wp\/v2\/media?parent=11926"}],"curies":[{"name":"wp","href":"https:\/\/api.w.org\/{rel}","templated":true}]}}