{"id":12086,"date":"2023-08-02T17:05:19","date_gmt":"2023-08-02T15:05:19","guid":{"rendered":"https:\/\/www.leaplytics.de\/?page_id=12086"},"modified":"2023-08-06T14:32:15","modified_gmt":"2023-08-06T12:32:15","slug":"qlikview-migrering-til-power-bi","status":"publish","type":"page","link":"https:\/\/www.leaplytics.de\/nb\/qlikview-migrering-til-power-bi\/","title":{"rendered":"QlikView-migrering til Power BI - v\u00e5r tiln\u00e6rming"},"content":{"rendered":"<p>Bruker du QlikView i dag, men vurderer \u00e5 g\u00e5 over til Power BI?  Hos LeapLytics har vi spesialisert oss p\u00e5 \u00e5 tilby ekspertmigreringstjenester som hjelper deg med en s\u00f8ml\u00f8s overgang fra QlikView til Power BI. V\u00e5rt team av dyktige fagfolk har lang erfaring med \u00e5 h\u00e5ndtere slike migreringer, noe som sikrer en smidig og effektiv prosess for organisasjonen din.<\/p>\n\n\n\n<h3 class=\"wp-block-heading\"><strong>Hvorfor migrere fra QlikView til Power BI?<\/strong><\/h3>\n\n\n\n<p>Etter hvert som business intelligence-teknologiene fortsetter \u00e5 utvikle seg, finner organisasjoner det ofte fordelaktig \u00e5 oppgradere til mer moderne og robuste plattformer som Power BI. Her er noen overbevisende grunner til \u00e5 vurdere \u00e5 migrere fra QlikView til Power BI:<\/p>\n\n\n\n<ol class=\"wp-block-list\">\n<li><strong>Forbedret datavisualisering:<\/strong> Power BI tilbyr et bredt spekter av visualiseringsalternativer som gj\u00f8r det mulig \u00e5 presentere data p\u00e5 mer innsiktsfulle og interaktive m\u00e5ter, slik at du kan gi beslutningstakerne bedre innsikt.<\/li>\n\n\n\n<li><strong>Integrasjon med Microsofts \u00f8kosystem:<\/strong> Hvis organisasjonen din allerede bruker Microsoft-verkt\u00f8y som Excel, SharePoint eller Office 365, kan Power BI s\u00f8ml\u00f8st integreres med disse plattformene, noe som effektiviserer arbeidsflyten.<\/li>\n\n\n\n<li><strong>Skalerbarhet og ytelse:<\/strong> Etter hvert som databehovene dine vokser, kan Power BI h\u00e5ndtere store datasett og komplekse sp\u00f8rringer med bemerkelsesverdig effektivitet og hastighet.<\/li>\n\n\n\n<li><strong>Skykapasiteter:<\/strong> Med Power BIs skyfunksjoner kan du enkelt dele rapporter og samarbeide med kolleger, noe som sikrer tilgang til viktig informasjon i sanntid.<\/li>\n\n\n\n<li><strong>Regelmessige oppdateringer og support:<\/strong> Power BI mottar hyppige oppdateringer og forbedringer fra Microsoft, noe som sikrer at du har tilgang til de nyeste funksjonene og forbedringene.<\/li>\n<\/ol>\n\n\n\n<h3 class=\"wp-block-heading\"><strong>Forutsetninger for en vellykket migrering fra QlikView til Power BI<\/strong><\/h3>\n\n\n\n<p>\u00c5 migrere fra \u00e9n business intelligence-plattform til en annen kan v\u00e6re en kompleks oppgave. For \u00e5 sikre en vellykket migrering er det viktig \u00e5 ta hensyn til f\u00f8lgende viktige punkter:<\/p>\n\n\n\n<ol class=\"wp-block-list\">\n<li><strong>Vurdering av data:<\/strong> Analyser eksisterende QlikView-data for \u00e5 finne ut hvilken struktur, kvalitet og relevans de har for migrering. Identifisere potensielle krav til datarensing og -transformasjon.<\/li>\n\n\n\n<li><strong>Kartlegging av repositorier, rapporter og dashbord:<\/strong> F\u00e5 en grundig forst\u00e5else av de n\u00e5v\u00e6rende QlikView-lagrene, rapportene og instrumentbordene dine. Lag en kartleggingsplan for \u00e5 replikere disse visualiseringene i Power BI, samtidig som du utnytter de unike funksjonene.<\/li>\n\n\n\n<li><strong>Datamodellering i Power BI:<\/strong> Utform en effektiv datamodell i Power BI som er i tr\u00e5d med virksomhetens krav og optimaliserer ytelsen.<\/li>\n\n\n\n<li><strong>Sikkerhet og tillatelser:<\/strong> Definer sikkerhetsroller og tillatelser i Power BI for \u00e5 sikre at datatilgangen administreres og begrenses p\u00e5 riktig m\u00e5te.<\/li>\n\n\n\n<li><strong>Brukeroppl\u00e6ring og adopsjon:<\/strong> Forbered teamet ditt p\u00e5 migreringen ved \u00e5 gi omfattende oppl\u00e6ring i Power BI-funksjoner og -funksjoner.<\/li>\n\n\n\n<li><strong>Testing og kvalitetssikring:<\/strong> Gjennomf\u00f8r grundige tester for \u00e5 identifisere og l\u00f8se eventuelle problemer f\u00f8r l\u00f8sningen tas i bruk.<\/li>\n\n\n\n<li><strong>St\u00f8tte etter migrasjon:<\/strong> Tilby l\u00f8pende st\u00f8tte for \u00e5 l\u00f8se eventuelle utfordringer etter migreringen og hjelpe brukerne med \u00e5 ta i bruk Power BIs funksjoner fullt ut.<\/li>\n<\/ol>\n\n\n\n<h3 class=\"wp-block-heading\"><strong>Hvorfor LeapLytics for din migrering fra QlikView til Power BI?<\/strong><\/h3>\n\n\n\n<p>Hos LeapLytics er vi stolte av v\u00e5r kundesentrerte tiln\u00e6rming og v\u00e5r dype forst\u00e5else av b\u00e5de QlikView og Power BI. V\u00e5rt team av eksperter har de ferdighetene og kunnskapene som kreves for \u00e5 navigere s\u00f8ml\u00f8st gjennom migreringsprosessen, slik at dere f\u00e5r minimale forstyrrelser i forretningsdriften. N\u00e5r du velger oss, f\u00e5r du f\u00f8lgende fordeler<\/p>\n\n\n\n<ul class=\"wp-block-list\">\n<li><strong>Erfaring og kompetanse:<\/strong> V\u00e5re erfarne fagfolk har gjennomf\u00f8rt en rekke vellykkede migreringer fra QlikView til Power BI, noe som gj\u00f8r dem dyktige til \u00e5 h\u00e5ndtere alle kompleksiteter som kan oppst\u00e5.<\/li>\n\n\n\n<li><strong>Skreddersydde l\u00f8sninger:<\/strong> Vi forst\u00e5r at hver organisasjons behov er unike. Derfor tilbyr vi skreddersydde migreringsstrategier som er tilpasset dine spesifikke krav.<\/li>\n\n\n\n<li><strong>Datasikkerhet:<\/strong> Vi prioriterer sikkerheten til den sensitive informasjonen din og f\u00f8lger bransjens beste praksis for \u00e5 beskytte dataene dine under og etter migreringen.<\/li>\n\n\n\n<li><strong>Kontinuerlig st\u00f8tte:<\/strong> V\u00e5r forpliktelse til \u00e5 hjelpe deg med \u00e5 lykkes strekker seg lenger enn migreringsprosessen. Vi tilbyr l\u00f8pende st\u00f8tte for \u00e5 l\u00f8se eventuelle problemer og hjelpe deg med \u00e5 ta i bruk Power BI.<\/li>\n<\/ul>\n\n\n\n<p>LeapLytics er din betrodde partner n\u00e5r det gjelder \u00e5 gj\u00f8re overgangen fra QlikView til Power BI s\u00e5 s\u00f8ml\u00f8s som mulig. Kontakt oss i dag for \u00e5 f\u00e5 mer informasjon om v\u00e5re migreringstjenester, og ta det f\u00f8rste skrittet mot \u00e5 frigj\u00f8re det virkelige potensialet i dataene dine.<\/p>\n\n\n\n<h4 class=\"wp-block-heading\"><strong>Kontakt oss i dag<\/strong><\/h4>\n\n\n\n<p>Har du sp\u00f8rsm\u00e5l om migrering fra QlikView til Power BI eller er du interessert i tjenestene v\u00e5re? Ikke n\u00f8l med \u00e5 kontakte oss for en konsultasjon. Vi er her for \u00e5 hjelpe deg med \u00e5 f\u00e5 en smidig og vellykket overgang til Power BI. Ta kontakt med ekspertene v\u00e5re og <a href=\"https:\/\/www.leaplytics.de\/nb\/kontakt\/\"><strong>send oss en melding<\/strong><\/a>.<\/p>\n\n\n\n<p>(<em>Ta gjerne kontakt med oss selv om du trenger veiledning om et annet aspekt av business intelligence, dataanalyse eller visualisering. Teamet v\u00e5rt er godt rustet til \u00e5 hjelpe deg med ulike datarelaterte oppgaver.<\/em>)<\/p>","protected":false},"excerpt":{"rendered":"<p>Bruker du QlikView i dag, men vurderer \u00e5 g\u00e5 over til Power BI? Hos LeapLytics har vi spesialisert oss p\u00e5 \u00e5 tilby ekspertmigreringstjenester som hjelper deg med en s\u00f8ml\u00f8s overgang fra QlikView til Power BI. V\u00e5rt team av dyktige fagfolk har lang erfaring med \u00e5 h\u00e5ndtere slike migreringer, noe som sikrer en smidig og effektiv prosess for organisasjonen din. Hvorfor migrere fra ... <\/p>","protected":false},"author":2,"featured_media":0,"parent":0,"menu_order":0,"comment_status":"closed","ping_status":"closed","template":"","meta":{"footnotes":""},"class_list":["post-12086","page","type-page","status-publish","hentry","latest_post"],"_links":{"self":[{"href":"https:\/\/www.leaplytics.de\/nb\/wp-json\/wp\/v2\/pages\/12086","targetHints":{"allow":["GET"]}}],"collection":[{"href":"https:\/\/www.leaplytics.de\/nb\/wp-json\/wp\/v2\/pages"}],"about":[{"href":"https:\/\/www.leaplytics.de\/nb\/wp-json\/wp\/v2\/types\/page"}],"author":[{"embeddable":true,"href":"https:\/\/www.leaplytics.de\/nb\/wp-json\/wp\/v2\/users\/2"}],"replies":[{"embeddable":true,"href":"https:\/\/www.leaplytics.de\/nb\/wp-json\/wp\/v2\/comments?post=12086"}],"version-history":[{"count":0,"href":"https:\/\/www.leaplytics.de\/nb\/wp-json\/wp\/v2\/pages\/12086\/revisions"}],"wp:attachment":[{"href":"https:\/\/www.leaplytics.de\/nb\/wp-json\/wp\/v2\/media?parent=12086"}],"curies":[{"name":"wp","href":"https:\/\/api.w.org\/{rel}","templated":true}]}}