{"id":12944,"date":"2023-12-18T23:03:40","date_gmt":"2023-12-18T22:03:40","guid":{"rendered":"https:\/\/www.leaplytics.de\/?page_id=12944"},"modified":"2023-12-18T23:03:40","modified_gmt":"2023-12-18T22:03:40","slug":"ehs-risk-management-power-bi-for-gruve-og-petroleumsindustrien","status":"publish","type":"page","link":"https:\/\/www.leaplytics.de\/nb\/ehs-risk-management-power-bi-for-gruve-og-petroleumsindustrien\/","title":{"rendered":"Power BI for gruve- og petroleumsindustrien innen HMS-risikostyring"},"content":{"rendered":"<h3 class=\"wp-block-heading\">Innledning<\/h3>\n\n\n\n<p>Industrier som gruvedrift og petroleumsvirksomhet er avgj\u00f8rende for den globale \u00f8konomien, fordi de leverer ressurser og energi. Men de st\u00e5r overfor utfordringer n\u00e5r det gjelder risiko knyttet til milj\u00f8, helse og sikkerhet (HMS). Bedrifter ser n\u00e5 p\u00e5 solid HMS-risikostyring som grunnleggende for \u00e5 lykkes. Denne artikkelen tar for seg hvordan v\u00e5r Power BI Risk Matrix kan forbedre HMS-risikostyringen.<\/p>\n\n\n\n<h3 class=\"wp-block-heading\"><strong>Forst\u00e5else av HMS-risikostyring<\/strong><\/h3>\n\n\n\n<p>Innen gruvedrift og petroleumsvirksomhet er milj\u00f8-, helse- og sikkerhetsrisikoer de st\u00f8rste bekymringene. Det dreier seg blant annet om forstyrrelser av habitater, forurensning, ulykker og juridiske sp\u00f8rsm\u00e5l. Streng HMS-risikostyring er avgj\u00f8rende for en b\u00e6rekraftig og vellykket drift.<\/p>\n\n\n\n<h3 class=\"wp-block-heading\"><strong>Power BI-risikomatrise<\/strong><\/h3>\n\n\n\n<p>Risikomatrisen er et godt verkt\u00f8y for \u00e5 h\u00e5ndtere HMS-risikoer med Power BI. Her ser du hvordan den hjelper deg:<\/p>\n\n\n\n<ol class=\"wp-block-list\">\n<li><strong>Identifisering av risiko:<\/strong> Samler inn data for \u00e5 oppdage sikkerhets-, samsvars- eller helserisikoer.<\/li>\n\n\n\n<li><strong>Visualisering:<\/strong> Kategoriserer risikoer og hjelper beslutningstakere med \u00e5 se presserende problemer.<\/li>\n\n\n\n<li><strong>Overv\u00e5king av ytelse:<\/strong> Holder HMS-data oppdatert for proaktiv risikostyring.<\/li>\n\n\n\n<li><strong>Interaktive instrumentpaneler: <\/strong>Vis risikom\u00e5linger, hendelser og trender i sanntid for enklere resultatoppf\u00f8lging.<\/li>\n<\/ol>\n\n\n\n<div class=\"wp-block-buttons is-layout-flex wp-block-buttons-is-layout-flex\" id=\"https:\/\/www.leaplytics.de\/frontpage\/project-management-custom-visuals-microsoft-powerbi\/risk-heatmap-custom-visual-for-power-bi\/\">\n<div class=\"wp-block-button has-custom-width wp-block-button__width-75 has-custom-font-size is-style-fill\" style=\"font-size:18px\"><a class=\"wp-block-button__link has-background wp-element-button\" href=\"https:\/\/www.leaplytics.de\/nb\/forside\/prosjektledelse-tilpasset-grafikk-microsoft-powerbi\/tilpasset-visuelt-risikokart-for-power-bi\/\" style=\"background-color:#22316d\" rel=\"https:\/\/www.leaplytics.de\/frontpage\/project-management-custom-visuals-microsoft-powerbi\/risk-heatmap-custom-visual-for-power-bi\/\">Ta en titt p\u00e5 v\u00e5r tilpassede visuelle \"risikomatrise\" for Power BI her!<\/a><\/div>\n<\/div>\n\n\n\n<p><\/p>\n\n\n\n<h3 class=\"wp-block-heading\"><strong>\u00d8kt ytelse gjennom HMS-risikostyring<\/strong><\/h3>\n\n\n\n<p>Effektiv HMS-risikostyring forbedrer resultatene:<\/p>\n\n\n\n<ul class=\"wp-block-list\">\n<li><strong>Operasjonell effektivitet:<\/strong> Reduserer ulykker, utstyrssvikt og milj\u00f8hendelser. Dette forbedrer effektiviteten og reduserer nedetiden.<\/li>\n\n\n\n<li><strong>Kostnadsbesparelser:<\/strong> Minimerer antall hendelser og reduserer b\u00f8ter, advokatutgifter og oppryddingskostnader.<\/li>\n\n\n\n<li><strong>B\u00e6rekraft og omd\u00f8mme:<\/strong> Viser engasjement for b\u00e6rekraft. Dette forbedrer omd\u00f8mmet og appellerer til investorer og kunder.<\/li>\n\n\n\n<li><strong>Overholdelse:<\/strong> F\u00f8lger HMS-regler, opprettholder et godt forhold til tilsynsmyndigheter og unng\u00e5r b\u00f8ter.<\/li>\n\n\n\n<li><strong>Medarbeidernes trivsel:<\/strong> Prioriterer arbeidsgivers sikkerhet og helse. Dermed \u00f8ker motivasjonen og produktiviteten, og reduserer turnover og frav\u00e6r.<\/li>\n<\/ul>\n\n\n\n<h3 class=\"wp-block-heading\"><strong>Konklusjon<\/strong><\/h3>\n\n\n\n<p>HMS-risikostyring er avgj\u00f8rende for god drift. Risikomatrisen v\u00e5r i Power BI er et godt verkt\u00f8y for effektiv risikostyring. HMS-risikostyring hjelper bedrifter med \u00e5 prestere bedre og kutte kostnader. Det hjelper dem ogs\u00e5 med \u00e5 overholde regelverket og bygge en kultur for b\u00e6rekraft og sikkerhet. I m\u00f8te med dagens utfordringer er HMS-risikostyring ved hjelp av Power BI n\u00f8kkelen til suksess.<\/p>","protected":false},"excerpt":{"rendered":"<p>Introduction Industries such as mining and petroleum are crucial for the global economy, supplying resources and energy. But, they face challenges in environmental, health, and safety (EHS) risks. Companies now view solid EHS risk management,fundamental for success. This article looks at how our Power BI Risk Matrix can enhance EHS risk management. Understanding EHS Risk &hellip; <\/p>","protected":false},"author":55,"featured_media":12952,"parent":0,"menu_order":0,"comment_status":"closed","ping_status":"closed","template":"","meta":{"footnotes":""},"class_list":["post-12944","page","type-page","status-publish","has-post-thumbnail","hentry","latest_post"],"_links":{"self":[{"href":"https:\/\/www.leaplytics.de\/nb\/wp-json\/wp\/v2\/pages\/12944","targetHints":{"allow":["GET"]}}],"collection":[{"href":"https:\/\/www.leaplytics.de\/nb\/wp-json\/wp\/v2\/pages"}],"about":[{"href":"https:\/\/www.leaplytics.de\/nb\/wp-json\/wp\/v2\/types\/page"}],"author":[{"embeddable":true,"href":"https:\/\/www.leaplytics.de\/nb\/wp-json\/wp\/v2\/users\/55"}],"replies":[{"embeddable":true,"href":"https:\/\/www.leaplytics.de\/nb\/wp-json\/wp\/v2\/comments?post=12944"}],"version-history":[{"count":0,"href":"https:\/\/www.leaplytics.de\/nb\/wp-json\/wp\/v2\/pages\/12944\/revisions"}],"wp:featuredmedia":[{"embeddable":true,"href":"https:\/\/www.leaplytics.de\/nb\/wp-json\/wp\/v2\/media\/12952"}],"wp:attachment":[{"href":"https:\/\/www.leaplytics.de\/nb\/wp-json\/wp\/v2\/media?parent=12944"}],"curies":[{"name":"wp","href":"https:\/\/api.w.org\/{rel}","templated":true}]}}