{"id":13103,"date":"2024-01-22T16:06:43","date_gmt":"2024-01-22T15:06:43","guid":{"rendered":"https:\/\/www.leaplytics.de\/?page_id=13103"},"modified":"2024-01-22T16:06:43","modified_gmt":"2024-01-22T15:06:43","slug":"endringslogg-power-bi-risikomatrise","status":"publish","type":"page","link":"https:\/\/www.leaplytics.de\/nb\/endringslogg-power-bi-risikomatrise\/","title":{"rendered":"Endringslogg - Power BI-risikomatrise"},"content":{"rendered":"<p>09\/23 - Egendefinerte flisfarger: Nettgrensesnittet er n\u00e5 tilgjengelig p\u00e5 nettet p\u00e5 <a href=\"https:\/\/www.leaplytics.de\/nb\/custom-colors\/\" target=\"_blank\" rel=\"noreferrer noopener\">https:\/\/www.leaplytics.de\/custom-colors\/<\/a>.<\/p>\n\n\n\n<p>07\/23 - Betinget formatering: Tilpass fargen p\u00e5 risikoer basert p\u00e5 visse betingelser (f.eks. avdeling, prioritet eller status)<\/p>\n\n\n\n<p>06\/23 - Aksemerker: St\u00f8tte for spesialtegn har blitt lagt til.<\/p>\n\n\n\n<p>05\/23 - Maksimalt antall risikoer per brikke: \u00d8kt til 100.<\/p>\n\n\n\n<p>05\/23 - Flere utvalg av risikoer tilgjengelig.<\/p>\n\n\n\n<p>03\/23 - Drill-through til risikooptimalisering: H\u00f8yreklikk p\u00e5 en risiko for \u00e5 navigere til en bestemt side.<\/p>","protected":false},"excerpt":{"rendered":"<p>09\/23 &#8211; Custom Tile Colors: The web interface is now available online at https:\/\/www.leaplytics.de\/custom-colors\/. 07\/23 &#8211; Conditional formatting: Customize the color of risks based on certain conditions (e.g. department, priority or status) 06\/23 &#8211; Axis Labels: Support for special characters has been added. 05\/23 &#8211; Maximum Number of Risks per Tile: Increased to 100. 05\/23 &hellip; <\/p>","protected":false},"author":2,"featured_media":0,"parent":0,"menu_order":0,"comment_status":"closed","ping_status":"closed","template":"","meta":{"footnotes":""},"class_list":["post-13103","page","type-page","status-publish","hentry","latest_post"],"_links":{"self":[{"href":"https:\/\/www.leaplytics.de\/nb\/wp-json\/wp\/v2\/pages\/13103","targetHints":{"allow":["GET"]}}],"collection":[{"href":"https:\/\/www.leaplytics.de\/nb\/wp-json\/wp\/v2\/pages"}],"about":[{"href":"https:\/\/www.leaplytics.de\/nb\/wp-json\/wp\/v2\/types\/page"}],"author":[{"embeddable":true,"href":"https:\/\/www.leaplytics.de\/nb\/wp-json\/wp\/v2\/users\/2"}],"replies":[{"embeddable":true,"href":"https:\/\/www.leaplytics.de\/nb\/wp-json\/wp\/v2\/comments?post=13103"}],"version-history":[{"count":2,"href":"https:\/\/www.leaplytics.de\/nb\/wp-json\/wp\/v2\/pages\/13103\/revisions"}],"predecessor-version":[{"id":13441,"href":"https:\/\/www.leaplytics.de\/nb\/wp-json\/wp\/v2\/pages\/13103\/revisions\/13441"}],"wp:attachment":[{"href":"https:\/\/www.leaplytics.de\/nb\/wp-json\/wp\/v2\/media?parent=13103"}],"curies":[{"name":"wp","href":"https:\/\/api.w.org\/{rel}","templated":true}]}}