{"id":13130,"date":"2024-02-19T14:11:39","date_gmt":"2024-02-19T13:11:39","guid":{"rendered":"https:\/\/www.leaplytics.de\/?page_id=13130"},"modified":"2024-02-20T10:03:59","modified_gmt":"2024-02-20T09:03:59","slug":"la-power-bi-gi-prosjektledelsen-din-et-loft","status":"publish","type":"page","link":"https:\/\/www.leaplytics.de\/nb\/la-power-bi-gi-prosjektledelsen-din-et-loft\/","title":{"rendered":"La Power BI gi prosjektledelsen et l\u00f8ft"},"content":{"rendered":"<p>I det dynamiske landskapet av prosjektledelse, der presisjon og fremsyn er avgj\u00f8rende, er det avgj\u00f8rende \u00e5 utnytte teknologi. Microsoft Power BI har utviklet seg til \u00e5 bli en game-changer. Power BI tilbyr prosjektledere en dynamisk plattform for \u00e5 forbedre beslutningsprosessene deres.<\/p>\n\n\n\n<p>I denne omfattende guiden vil vi utforske hvordan Power BI kan forbedre hver fase<sup>1 <\/sup>av prosjektledelse. Vi snakker om de grunnleggende aspektene ved et effektivt dashbord for prosjektledelse.<\/p>\n\n\n\n<h3 class=\"wp-block-heading\" style=\"font-size:30px\">Prosjektplanleggingsfasen<\/h3>\n\n\n\n<p class=\"has-medium-font-size\">1. <strong>Definer det virkelige problemet:<\/strong><\/p>\n\n\n\n<p>F\u00f8r du g\u00e5r i gang med prosjektet, er det avgj\u00f8rende \u00e5 finne problemet du pr\u00f8ver \u00e5 l\u00f8se. Power BI hjelper deg med dette ved \u00e5 analysere historiske data, identifisere m\u00f8nstre og avdekke underliggende problemer. Visualiser suksess- og fiaskofaktorer i tidligere prosjekter for \u00e5 ta informerte beslutninger.<\/p>\n\n\n\n<p class=\"has-medium-font-size\">2. <strong>Identifiser interessenter:<\/strong><\/p>\n\n\n\n<p>Power BIs funksjoner omfatter ogs\u00e5 interessenth\u00e5ndtering. Lag visualiseringer som fremhever de ulike funksjonene eller personene som er ber\u00f8rt av prosjektet. Bruk interaktive organisasjonskart for \u00e5 vise deres bidrag og forventninger. P\u00e5 den m\u00e5ten sikrer vi samkj\u00f8ring fra starten av.<\/p>\n\n\n\n<p class=\"has-medium-font-size\">3. <strong>Definer prosjektm\u00e5lene:<\/strong><\/p>\n\n\n\n<p>Det er en utfordring \u00e5 utforme eksplisitte og h\u00e5ndterbare m\u00e5l. Interessentenes forventninger og m\u00e5l kan ogs\u00e5 endre seg i l\u00f8pet av prosjektet. Med Power BIs fleksibilitet kan du tilpasse m\u00e5lene etter hvert som du samler inn mer informasjon. Du kan for eksempel lage visualiseringer som oppdaterer m\u00e5lene basert p\u00e5 sanntidsdata.<\/p>\n\n\n\n<p class=\"has-medium-font-size\">4. <strong>Bestem omfang, ressurser og hovedoppgaver:<\/strong><\/p>\n\n\n\n<p>Visualiser prosjektets omfang og oppgaver, og estimer tidslinjer og kostnader. Dette bidrar til \u00e5 sikre at du har en klar forst\u00e5else av ressursbehovene. Bruk Power BI til \u00e5 bryte ned komplekse aktiviteter med en arbeidsfordelingsstruktur (WBS).<\/p>\n\n\n\n<p class=\"has-medium-font-size\">5. <strong>Forbered deg p\u00e5 kompromisser:<\/strong><\/p>\n\n\n\n<p>Power BI hjelper deg med \u00e5 finne en balanse mellom tid, kostnad og kvalitet. Integrer dataene dine for \u00e5 lage visualiseringer som viser hvordan variasjoner i disse variablene p\u00e5virker prosjektresultatene. Denne gjennomsiktigheten gj\u00f8r det enklere \u00e5 ta informerte beslutninger og samkj\u00f8re interessenter.<\/p>\n\n\n\n<h3 class=\"wp-block-heading\" style=\"font-size:30px\">Prosjektets oppbyggingsfase<\/h3>\n\n\n\n<p class=\"has-medium-font-size\">6. <strong>Sett sammen teamet ditt:<\/strong><\/p>\n\n\n\n<p>Utnytt Power BI til \u00e5 vurdere n\u00f8dvendige ferdigheter og visualisere teamets sammensetning. Bruk visualiseringer til \u00e5 identifisere kompetansegap, planlegge oppl\u00e6ring og ruste teamet for suksess.<\/p>\n\n\n\n<p class=\"has-medium-font-size\">7. <strong>Planlegg oppgaver:<\/strong><\/p>\n\n\n\n<p>Lag visualiseringer som gj\u00f8r det enklere \u00e5 kommunisere \u00e5pent i teamet. Visualiser oppgaver, n\u00f8dvendige ferdigheter og individuelle ferdigheter, og s\u00f8rg for en samstemt teamdynamikk.<\/p>\n\n\n\n<p class=\"has-medium-font-size\">8. <strong>Opprett tidsplanen:<\/strong><\/p>\n\n\n\n<p>Power BIs funksjoner omfatter ogs\u00e5 prosjektplanlegging ved hjelp av Gantt-diagrammer. Utvikle visuelle fremstillinger som illustrerer tidslinjer, identifiserer kritiske baner og tilpasser seg faste tidsfrister. Oppretthold en realistisk tidsplan innenfor begrensningene.<\/p>\n\n\n\n<p class=\"has-medium-font-size\">9. <strong>Hold et oppstartsm\u00f8te:<\/strong><\/p>\n\n\n\n<p>De fleste Power BI-bilder kan eksporteres til MS PowerPoint. Under oppstartsm\u00f8tet kan du bruke Power BI-bilder til \u00e5 forklare prosjektplanen, m\u00e5lene og tidsrammen. Oppfordre teammedlemmene til \u00e5 komme med innspill, slik at dere fremmer samarbeid og felles forst\u00e5else.<\/p>\n\n\n\n<p class=\"has-medium-font-size\">10. <strong>Utvikle et budsjett:<\/strong><\/p>\n\n\n\n<p>Bruk Power BI til \u00e5 lage et omfattende budsjett. Visualiser kostnader p\u00e5 tvers av kategorier, innhent innspill fra interessenter og oppretthold fleksibiliteten innenfor budsjettbegrensningene.<\/p>\n\n\n\n<h3 class=\"wp-block-heading\" style=\"font-size:30px\">Prosjektets gjennomf\u00f8ringsfase<\/h3>\n\n\n\n<p class=\"has-medium-font-size\">11. <strong>Overv\u00e5k og kontroller prosess og budsjett:<\/strong><\/p>\n\n\n\n<p>Installer visuell prosjektoverv\u00e5king i Power BI, som v\u00e5r Power BI-risikomatrise. Ved \u00e5 visualisere risikoer sammen med prosjektets fremdrift f\u00e5r du et helhetlig bilde av potensielle utfordringer. Slik gj\u00f8r du det:<\/p>\n\n\n\n<p><strong>Vurdering av risikokonsekvenser og sannsynlighet:<\/strong> Risikomatrisen for Power BI hjelper deg med \u00e5 vurdere konsekvensen og sannsynligheten for hver risiko. Bruk fargekodede celler for \u00e5 representere risikoenes alvorlighetsgrad. Dette gj\u00f8r det mulig \u00e5 raskt identifisere omr\u00e5der med stor innvirkning.<\/p>\n\n\n\n<p><strong>Budsjettsporing i sanntid:<\/strong> Kombiner visuell budsjettoppf\u00f8lging med risikomatrisen. Tilordne budsjettkonsekvenser til hver identifiserte risiko, slik at du f\u00e5r en omfattende oversikt over potensielle \u00f8konomiske konsekvenser. Etter hvert som risikoene utvikler seg, oppdateres budsjettbildene i sanntid, noe som sikrer n\u00f8yaktig \u00f8konomisk overv\u00e5king.<\/p>\n\n\n\n<p><strong>Drill-through for detaljert analyse:<\/strong> G\u00e5 videre i risikomatrisen ved hjelp av drill-through-funksjoner. Dypdykking i en spesifikk risiko kan omfatte en detaljert analyse, som viser relevante \u00f8konomiske konsekvenser og n\u00f8dvendige strategier for \u00e5 redusere risikoen.<\/p>\n\n\n\n<div class=\"wp-block-buttons is-layout-flex wp-block-buttons-is-layout-flex\">\n<div class=\"wp-block-button has-custom-font-size\" style=\"font-size:18px\"><a class=\"wp-block-button__link has-background wp-element-button\" href=\"https:\/\/www.leaplytics.de\/nb\/forside\/prosjektledelse-tilpasset-grafikk-microsoft-powerbi\/tilpasset-visuelt-risikokart-for-power-bi\/\" style=\"background-color:#22316d\">Ta en titt p\u00e5 v\u00e5r tilpassede visuelle \"risikomatrise\" for Power BI her!<\/a><\/div>\n<\/div>\n\n\n\n<p><\/p>\n\n\n\n<p class=\"has-medium-font-size\">12. <strong>Fleksibel respons p\u00e5 endringer:<\/strong><\/p>\n\n\n\n<p>Power BIs datafunksjoner i sanntid gir deg mulighet til \u00e5 reagere raskt p\u00e5 endringer. Visualiser data for \u00e5 identifisere potensielle problemer, slik at du kan ta proaktive beslutninger og korrigere kursen.<\/p>\n\n\n\n<p class=\"has-medium-font-size\">13. <strong>Rapporter fremgang:<\/strong><\/p>\n\n\n\n<p>Lag visualiseringer for interessenter for \u00e5 gi regelmessige oppdateringer og statusrapporter. Ved \u00e5 eksportere visualiseringer til PowerPoint blir regelmessige statusm\u00f8ter en lek. Med Power BI kan du tilpasse rapporter basert p\u00e5 interessentenes preferanser, noe som fremmer \u00e5penhet og tillit.<\/p>\n\n\n\n<p class=\"has-medium-font-size\">14. <strong>Hold ukentlige teamm\u00f8ter:<\/strong><\/p>\n\n\n\n<p>Bruk Power BI til \u00e5 strukturere teamm\u00f8ter rundt n\u00f8kkeltall. Visualiser resultatdata, diskuter uoppn\u00e5dde m\u00e5l og feir suksesser. Verkt\u00f8yet bidrar til \u00e5 holde fokus p\u00e5 viktige aktiviteter og holde teamet samkj\u00f8rt.<\/p>\n\n\n\n<p class=\"has-medium-font-size\">15. <strong>H\u00e5ndter problemer:<\/strong><\/p>\n\n\n\n<p>Power BI-bilder kan hjelpe deg med \u00e5 identifisere og h\u00e5ndtere problemer som dukker opp. Hold \u00f8ye med teamdynamikken og prosjektm\u00e5lingene for \u00e5 l\u00f8se problemer f\u00f8r de eskalerer. Her hjelper risikomatrisen deg med \u00e5 spore og h\u00e5ndtere risikoer for \u00e5 forhindre negative utfall.<\/p>\n\n\n\n<h3 class=\"wp-block-heading\" style=\"font-size:30px\">Prosjektets avslutningsfase<\/h3>\n\n\n\n<p class=\"has-medium-font-size\">16. <strong>Evaluer prosjektets resultater:<\/strong><\/p>\n\n\n\n<p>Bruk Power BI til \u00e5 sammenligne prosjektets fremdrift med det opprinnelig definerte omfanget. Visualiser ytelsesm\u00e5linger for \u00e5 innlede diskusjoner med interessenter om prosjektets fullf\u00f8ring og suksess. Du kan ogs\u00e5 sammenligne prosjektm\u00e5linger med tidligere vellykkede eller mislykkede prosjekter.<\/p>\n\n\n\n<p class=\"has-medium-font-size\">17. <strong>Avslutt prosjektet:<\/strong><\/p>\n\n\n\n<p>Visualiser trinnene som er involvert i avslutningen av prosjektet. Power BI hjelper deg med \u00e5 dokumentere og kommunisere prosesser for prosjektavslutning. Dermed sikrer vi en smidig overgang av leveranser.<\/p>\n\n\n\n<h3 class=\"wp-block-heading\" style=\"font-size:30px\">Debriefing<\/h3>\n\n\n\n<p>Integrer Power BI i hver prosjektfase for \u00e5 skape et omfattende og dynamisk prosjektdashbord. Ikke alle visuelle elementer er et must, men ved \u00e5 bruke Power BI kan du holde deg oppdatert p\u00e5 prosjektet i alle faser. Gi teamet ditt handlingsrettet innsikt, styrk samarbeidet og naviger gjennom kompleksiteten i prosjektledelse. Prosjektsuksess er ikke lenger bare et m\u00e5l, med Power BI er det en visualisert reise.<\/p>\n\n\n\n<p><\/p>\n\n\n\n<hr class=\"wp-block-separator has-alpha-channel-opacity\"\/>\n\n\n\n<p class=\"has-small-font-size\"><sup>1<\/sup> Prosjektfasene i denne artikkelen er basert p\u00e5 f\u00f8lgende artikkel: <a href=\"https:\/\/hbr.org\/2016\/11\/the-four-phases-of-project-management\">Harvard Business Review. (2016, 3. november). <em>De fire fasene i prosjektledelse<\/em>.<\/a><\/p>","protected":false},"excerpt":{"rendered":"<p>In the dynamic landscape of project management, where precision and foresight are paramount, leveraging technology is crucial. Microsoft Power BI has emerged as a game-changer. Power BI offers project managers a dynamic platform to enhance their decision-making processes. In this comprehensive guide, we will explore how Power BI can level up each phase1 of project &hellip; <\/p>","protected":false},"author":55,"featured_media":13133,"parent":0,"menu_order":0,"comment_status":"closed","ping_status":"closed","template":"","meta":{"footnotes":"[]"},"class_list":["post-13130","page","type-page","status-publish","has-post-thumbnail","hentry","latest_post"],"_links":{"self":[{"href":"https:\/\/www.leaplytics.de\/nb\/wp-json\/wp\/v2\/pages\/13130","targetHints":{"allow":["GET"]}}],"collection":[{"href":"https:\/\/www.leaplytics.de\/nb\/wp-json\/wp\/v2\/pages"}],"about":[{"href":"https:\/\/www.leaplytics.de\/nb\/wp-json\/wp\/v2\/types\/page"}],"author":[{"embeddable":true,"href":"https:\/\/www.leaplytics.de\/nb\/wp-json\/wp\/v2\/users\/55"}],"replies":[{"embeddable":true,"href":"https:\/\/www.leaplytics.de\/nb\/wp-json\/wp\/v2\/comments?post=13130"}],"version-history":[{"count":7,"href":"https:\/\/www.leaplytics.de\/nb\/wp-json\/wp\/v2\/pages\/13130\/revisions"}],"predecessor-version":[{"id":13144,"href":"https:\/\/www.leaplytics.de\/nb\/wp-json\/wp\/v2\/pages\/13130\/revisions\/13144"}],"wp:featuredmedia":[{"embeddable":true,"href":"https:\/\/www.leaplytics.de\/nb\/wp-json\/wp\/v2\/media\/13133"}],"wp:attachment":[{"href":"https:\/\/www.leaplytics.de\/nb\/wp-json\/wp\/v2\/media?parent=13130"}],"curies":[{"name":"wp","href":"https:\/\/api.w.org\/{rel}","templated":true}]}}