{"id":13321,"date":"2024-04-09T20:47:19","date_gmt":"2024-04-09T18:47:19","guid":{"rendered":"https:\/\/www.leaplytics.de\/?page_id=13321"},"modified":"2024-04-17T15:17:27","modified_gmt":"2024-04-17T13:17:27","slug":"mulighetsmatrise-for-power-bi","status":"publish","type":"page","link":"https:\/\/www.leaplytics.de\/nb\/mulighetsmatrise-for-power-bi\/","title":{"rendered":"Mulighetsmatrise for Power BI - Utnytt den for \u00e5 l\u00e5se opp konkurransefortrinnet ditt"},"content":{"rendered":"<p>For prosjekt- og risikoledere er det like viktig \u00e5 utnytte muligheter som \u00e5 redusere risiko. Ved \u00e5 tilpasse v\u00e5r visuelle risikomatrise til Power BI kan vi konvertere den til en mulighetsmatrise. Denne tiln\u00e6rmingen gj\u00f8r det mulig \u00e5 identifisere og utnytte muligheter som gir konkurransefortrinn.<\/p>\n\n\n\n<figure class=\"wp-block-embed is-type-video is-provider-youtube wp-block-embed-youtube wp-embed-aspect-16-9 wp-has-aspect-ratio\"><div class=\"wp-block-embed__wrapper\">\n<iframe loading=\"lazy\" title=\"Mulighetsmatrise for Power BI - LeapLytics\" width=\"770\" height=\"433\" src=\"https:\/\/www.youtube.com\/embed\/VzEAOzIjrZY?feature=oembed\" frameborder=\"0\" allow=\"accelerometer; autoplay; clipboard-write; encrypted-media; gyroscope; picture-in-picture; web-share\" referrerpolicy=\"strict-origin-when-cross-origin\" allowfullscreen><\/iframe>\n<\/div><figcaption class=\"wp-element-caption\">I YouTube-videoen v\u00e5r viser vi hvordan du setter opp en mulighetsmatrise i Power BI.<\/figcaption><\/figure>\n\n\n\n<h3 class=\"wp-block-heading has-medium-font-size\"><strong>Hvorfor Opportunity Management er viktig<\/strong><\/h3>\n\n\n\n<p>Mulighetsstyring er avgj\u00f8rende for bedrifter som \u00f8nsker b\u00e6rekraftig vekst og konkurransefortrinn. Det handler om \u00e5 identifisere og gripe muligheter. Organisasjoner kan dra nytte av markedstrender, innovasjon og ny teknologi. Det gj\u00f8r det ogs\u00e5 mulig \u00e5 kontinuerlig forbedre kvaliteten p\u00e5 produkter og tjenester. Effektiv mulighetsh\u00e5ndtering gj\u00f8r det dessuten mulig for virksomheter \u00e5 ligge foran konkurrentene. Det er avgj\u00f8rende \u00e5 tilpasse seg endrede kundebehov og -preferanser.<\/p>\n\n\n\n<h3 class=\"wp-block-heading has-medium-font-size\"><strong>Identifisere muligheter fra ulike kilder<\/strong><\/h3>\n\n\n\n<p>For \u00e5 identifisere muligheter m\u00e5 vi utnytte alle kildene vi kjenner til.<\/p>\n\n\n\n<div class=\"wp-block-columns is-layout-flex wp-container-core-columns-is-layout-1 wp-block-columns-is-layout-flex\">\n<div class=\"wp-block-column is-layout-flow wp-block-column-is-layout-flow\" style=\"flex-basis:2%\">\n<p><strong>1.<\/strong><\/p>\n<\/div>\n\n\n\n<div class=\"wp-block-column is-layout-flow wp-block-column-is-layout-flow\" style=\"flex-basis:98%\">\n<p><strong>Vurder konkurranselandskapet ditt:<\/strong> \u00c5 vurdere forretningsmilj\u00f8et handler om \u00e5 analysere konkurrentenes styrker, svakheter, markedsposisjonering og strategier. Benchmarking eller en SWOT-analyse kan v\u00e6re effektive verkt\u00f8y. \u00c5 f\u00e5 innsikt i konkurrentenes beste praksis kan avdekke potensielle muligheter.<\/p>\n<\/div>\n<\/div>\n\n\n\n<div class=\"wp-block-columns is-layout-flex wp-container-core-columns-is-layout-2 wp-block-columns-is-layout-flex\">\n<div class=\"wp-block-column is-layout-flow wp-block-column-is-layout-flow\" style=\"flex-basis:2%\">\n<p><strong>2.<\/strong><\/p>\n<\/div>\n\n\n\n<div class=\"wp-block-column is-layout-flow wp-block-column-is-layout-flow\" style=\"flex-basis:98%\">\n<p><strong>Forst\u00e5 kundens behov p\u00e5 forh\u00e5nd: <\/strong>Hold deg oppdatert p\u00e5 markedstrender, forbrukeratferd og nye preferanser. Markedsunders\u00f8kelser, tilbakemeldinger fra kunder og analyser av kj\u00f8psm\u00f8nstre bidrar til \u00e5 forutse kundenes behov.<\/p>\n<\/div>\n<\/div>\n\n\n\n<div class=\"wp-block-columns is-layout-flex wp-container-core-columns-is-layout-3 wp-block-columns-is-layout-flex\">\n<div class=\"wp-block-column is-layout-flow wp-block-column-is-layout-flow\" style=\"flex-basis:2%\">\n<p><strong>3.<\/strong><\/p>\n<\/div>\n\n\n\n<div class=\"wp-block-column is-layout-flow wp-block-column-is-layout-flow\" style=\"flex-basis:98%\">\n<p><strong>Oppmuntre til innovasjon og innf\u00f8re rutiner for kunnskapsdeling:<\/strong> Fremme en kultur preget av innovasjon og kreativitet. \u00c5 bringe mennesker fra ulike segmenter sammen kan v\u00e6re en viktig drivkraft for kunnskapsdeling. Dette kan f\u00f8re til mer innovative ideer gjennom \u00e5 tenke ut av boksen.<\/p>\n<\/div>\n<\/div>\n\n\n\n<div class=\"wp-block-columns is-layout-flex wp-container-core-columns-is-layout-4 wp-block-columns-is-layout-flex\">\n<div class=\"wp-block-column is-layout-flow wp-block-column-is-layout-flow\" style=\"flex-basis:2%\">\n<p><strong>4.<\/strong><\/p>\n<\/div>\n\n\n\n<div class=\"wp-block-column is-layout-flow wp-block-column-is-layout-flow\" style=\"flex-basis:98%\">\n<p><strong>Identifiser slakk og finn \u00e5rsakene:<\/strong> Slakk refererer til underutnyttede ressurser, prosesser eller evner i en organisasjon. M\u00e5let er \u00e5 identifisere omr\u00e5der med slakk og unders\u00f8ke de underliggende \u00e5rsakene til dette. P\u00e5 den m\u00e5ten kan du avdekke skjulte muligheter for optimalisering og forbedring. Prosessrevisjoner og tilbakemeldinger fra de ansatte kan brukes som identifikasjonsstrategier.<\/p>\n<\/div>\n<\/div>\n\n\n\n<div class=\"wp-block-columns is-layout-flex wp-container-core-columns-is-layout-5 wp-block-columns-is-layout-flex\">\n<div class=\"wp-block-column is-layout-flow wp-block-column-is-layout-flow\" style=\"flex-basis:2%\">\n<p><strong>5.<\/strong><\/p>\n<\/div>\n\n\n\n<div class=\"wp-block-column is-layout-flow wp-block-column-is-layout-flow\" style=\"flex-basis:98%\">\n<p><strong>Ikke glem risikoen, den kan dekke over muligheter: <\/strong>Risiko blir vanligvis sett p\u00e5 som potensielle trusler mot forretningsdriften. Men de kan ogs\u00e5 avdekke skjulte muligheter. Ved \u00e5 analysere og h\u00e5ndtere risikoer kan du gj\u00f8re noen av dem om til muligheter. For eksempel kan det \u00e5 h\u00e5ndtere trusler mot cybersikkerheten f\u00f8re til \u00f8kt tillit og lojalitet hos kundene.<\/p>\n<\/div>\n<\/div>\n\n\n\n<div class=\"wp-block-columns is-layout-flex wp-container-core-columns-is-layout-6 wp-block-columns-is-layout-flex\">\n<div class=\"wp-block-column is-layout-flow wp-block-column-is-layout-flow\" style=\"flex-basis:2%\">\n<p><strong>6.<\/strong><\/p>\n<\/div>\n\n\n\n<div class=\"wp-block-column is-layout-flow wp-block-column-is-layout-flow\" style=\"flex-basis:98%\">\n<p><strong>Bli din bransjes b\u00e6rekraftige pioner:<\/strong> Ved \u00e5 satse p\u00e5 b\u00e6rekraft kan du \u00e5pne opp for nye muligheter for innovasjon, kostnadsbesparelser og differensiering. Finn m\u00e5ter \u00e5 redusere utslippene og optimalisere ressursbruken p\u00e5. Resultatet vil v\u00e6re kostnadsbesparelser, kundelojalitet og et bedre omd\u00f8mme for merkevaren.<\/p>\n<\/div>\n<\/div>\n\n\n\n<h3 class=\"wp-block-heading has-medium-font-size\"><strong>Fordeler med Opportunity Management<\/strong><\/h3>\n\n\n\n<p>Effektiv mulighetsh\u00e5ndtering gir mange fordeler. Blant annet \u00f8kt l\u00f8nnsomhet, bedre markedsposisjonering, st\u00f8rre kundetilfredshet og b\u00e6rekraftig forretningsvekst. Ved \u00e5 identifisere og utnytte muligheter proaktivt kan organisasjoner drive frem innovasjon. De fremmer en kultur for kontinuerlig forbedring og maksimerer konkurransefortrinnet sitt.<\/p>\n\n\n\n<h3 class=\"wp-block-heading has-medium-font-size\"><strong>Forst\u00e5else av mulighetsmatrisen<\/strong><\/h3>\n\n\n\n<p>I bunn og grunn er mulighetsmatrisen en speiling av den velkjente risikomatrisen. Den vurderer potensielle muligheter med hensyn til sannsynlighet og innvirkning. Matrisen gj\u00f8r det enklere \u00e5 oppdage, vurdere og h\u00e5ndtere muligheter. Det viktigste er \u00e5 veilede organisasjoner mot bedre resultater og vekst.<\/p>\n\n\n\n<div class=\"wp-block-columns is-layout-flex wp-container-core-columns-is-layout-7 wp-block-columns-is-layout-flex\">\n<div class=\"wp-block-column is-vertically-aligned-center is-layout-flow wp-block-column-is-layout-flow\" style=\"flex-basis:150px\">\n<figure class=\"wp-block-image size-full is-resized\"><img loading=\"lazy\" decoding=\"async\" width=\"255\" height=\"259\" src=\"https:\/\/www.leaplytics.de\/wp-content\/uploads\/2024\/04\/Bild3.jpg\" alt=\"\" class=\"wp-image-13324\" style=\"width:100px\" srcset=\"https:\/\/www.leaplytics.de\/wp-content\/uploads\/2024\/04\/Bild3.jpg 255w, https:\/\/www.leaplytics.de\/wp-content\/uploads\/2024\/04\/Bild3-59x60.jpg 59w\" sizes=\"auto, (max-width: 255px) 100vw, 255px\" \/><\/figure>\n<\/div>\n\n\n\n<div class=\"wp-block-column is-layout-flow wp-block-column-is-layout-flow\" style=\"flex-basis:66.66%\">\n<p><strong>Alternativ for verkt\u00f8ytips via Mouse-over<\/strong><\/p>\n\n\n\n<p>Ved \u00e5 holde musepekeren over datapunktene f\u00e5r man frem detaljert informasjon. Slik kan brukerne g\u00e5 dypere inn i spesifikke muligheter. Denne funksjonen gj\u00f8r det lettere \u00e5 ta beslutninger ved \u00e5 gi omfattende innsikt p\u00e5 et \u00f8yeblikk.<\/p>\n<\/div>\n<\/div>\n\n\n\n<div class=\"wp-block-columns is-layout-flex wp-container-core-columns-is-layout-8 wp-block-columns-is-layout-flex\">\n<div class=\"wp-block-column is-vertically-aligned-center is-layout-flow wp-block-column-is-layout-flow\" style=\"flex-basis:150px\">\n<figure class=\"wp-block-image size-large is-resized\"><img loading=\"lazy\" decoding=\"async\" width=\"1024\" height=\"1024\" src=\"https:\/\/www.leaplytics.de\/wp-content\/uploads\/2022\/06\/Indicator-Settings-1024x1024.png\" alt=\"\" class=\"wp-image-8461\" style=\"width:128px;height:auto\" srcset=\"https:\/\/www.leaplytics.de\/wp-content\/uploads\/2022\/06\/Indicator-Settings-1024x1024.png 1024w, https:\/\/www.leaplytics.de\/wp-content\/uploads\/2022\/06\/Indicator-Settings-300x300.png 300w, https:\/\/www.leaplytics.de\/wp-content\/uploads\/2022\/06\/Indicator-Settings-150x150.png 150w, https:\/\/www.leaplytics.de\/wp-content\/uploads\/2022\/06\/Indicator-Settings-768x768.png 768w, https:\/\/www.leaplytics.de\/wp-content\/uploads\/2022\/06\/Indicator-Settings-1536x1536.png 1536w, https:\/\/www.leaplytics.de\/wp-content\/uploads\/2022\/06\/Indicator-Settings-370x370.png 370w, https:\/\/www.leaplytics.de\/wp-content\/uploads\/2022\/06\/Indicator-Settings-60x60.png 60w, https:\/\/www.leaplytics.de\/wp-content\/uploads\/2022\/06\/Indicator-Settings.png 1854w\" sizes=\"auto, (max-width: 1024px) 100vw, 1024px\" \/><\/figure>\n<\/div>\n\n\n\n<div class=\"wp-block-column is-layout-flow wp-block-column-is-layout-flow\">\n<p class=\"has-medium-font-size\"><strong>Betinget formatering<\/strong><\/p>\n\n\n\n<p>Bruk betingede formateringsregler for \u00e5 fremheve viktige muligheter basert p\u00e5 forh\u00e5ndsdefinerte kriterier. Denne funksjonen \u00f8ker synligheten og prioriterer innsikt som kan brukes til strategisk planlegging og gjennomf\u00f8ring. I tillegg kan betinget formatering utvide matrisen med en annen dimensjon. For eksempel ved \u00e5 vurdere gjennomf\u00f8rbarheten av hver mulighet ved hjelp av fargekoder. Ulike fargenyanser kan representere ulike niv\u00e5er av gjennomf\u00f8rbarhet. Det gir interessentene verdifull innsikt i hvor gjennomf\u00f8rbar hver enkelt mulighet er.<\/p>\n<\/div>\n<\/div>\n\n\n\n<div class=\"wp-block-columns is-layout-flex wp-container-core-columns-is-layout-9 wp-block-columns-is-layout-flex\">\n<div class=\"wp-block-column is-vertically-aligned-center is-layout-flow wp-block-column-is-layout-flow\" style=\"flex-basis:150px\">\n<figure class=\"wp-block-image size-full is-resized\"><img loading=\"lazy\" decoding=\"async\" width=\"355\" height=\"218\" src=\"https:\/\/www.leaplytics.de\/wp-content\/uploads\/2024\/04\/Bild2.jpg\" alt=\"\" class=\"wp-image-13323\" style=\"width:128px\" srcset=\"https:\/\/www.leaplytics.de\/wp-content\/uploads\/2024\/04\/Bild2.jpg 355w, https:\/\/www.leaplytics.de\/wp-content\/uploads\/2024\/04\/Bild2-300x184.jpg 300w, https:\/\/www.leaplytics.de\/wp-content\/uploads\/2024\/04\/Bild2-98x60.jpg 98w\" sizes=\"auto, (max-width: 355px) 100vw, 355px\" \/><\/figure>\n<\/div>\n\n\n\n<div class=\"wp-block-column is-layout-flow wp-block-column-is-layout-flow\" style=\"flex-basis:66.66%\">\n<p><strong>Drill-through-alternativ for mer innsikt<\/strong><\/p>\n\n\n\n<p>Naviger gjennom lag med data med drill-through-funksjonen. Den gj\u00f8r det mulig for brukerne \u00e5 utforske underliggende faktorer som p\u00e5virker hver mulighet. Denne muligheten til dypdykk gir en grundig forst\u00e5else av potensielle drivere og implikasjoner.<\/p>\n<\/div>\n<\/div>\n\n\n\n<div class=\"wp-block-columns is-layout-flex wp-container-core-columns-is-layout-10 wp-block-columns-is-layout-flex\">\n<div class=\"wp-block-column is-vertically-aligned-center is-layout-flow wp-block-column-is-layout-flow\" style=\"flex-basis:150px\">\n<figure class=\"wp-block-image size-large is-resized\"><img loading=\"lazy\" decoding=\"async\" width=\"1024\" height=\"1024\" src=\"https:\/\/www.leaplytics.de\/wp-content\/uploads\/2022\/05\/Color-Settings-1024x1024.png\" alt=\"\" class=\"wp-image-7710\" style=\"width:128px\" srcset=\"https:\/\/www.leaplytics.de\/wp-content\/uploads\/2022\/05\/Color-Settings-1024x1024.png 1024w, https:\/\/www.leaplytics.de\/wp-content\/uploads\/2022\/05\/Color-Settings-300x300.png 300w, https:\/\/www.leaplytics.de\/wp-content\/uploads\/2022\/05\/Color-Settings-150x150.png 150w, https:\/\/www.leaplytics.de\/wp-content\/uploads\/2022\/05\/Color-Settings-768x768.png 768w, https:\/\/www.leaplytics.de\/wp-content\/uploads\/2022\/05\/Color-Settings-1536x1536.png 1536w, https:\/\/www.leaplytics.de\/wp-content\/uploads\/2022\/05\/Color-Settings-2048x2048.png 2048w, https:\/\/www.leaplytics.de\/wp-content\/uploads\/2022\/05\/Color-Settings-370x370.png 370w, https:\/\/www.leaplytics.de\/wp-content\/uploads\/2022\/05\/Color-Settings-60x60.png 60w, https:\/\/www.leaplytics.de\/wp-content\/uploads\/2022\/05\/Color-Settings-600x600.png 600w, https:\/\/www.leaplytics.de\/wp-content\/uploads\/2022\/05\/Color-Settings-100x100.png 100w\" sizes=\"auto, (max-width: 1024px) 100vw, 1024px\" \/><\/figure>\n<\/div>\n\n\n\n<div class=\"wp-block-column is-layout-flow wp-block-column-is-layout-flow\" style=\"flex-basis:66.66%\">\n<p><strong>Tilpasset fargedesign<\/strong><\/p>\n\n\n\n<p>Tilpass matrisen med egendefinerte fargeskjemaer. Dette bidrar til klarhet og gj\u00f8r det mulig \u00e5 tilpasse til individuelle behov.<\/p>\n<\/div>\n<\/div>\n\n\n\n<div class=\"wp-block-columns is-layout-flex wp-container-core-columns-is-layout-11 wp-block-columns-is-layout-flex\">\n<div class=\"wp-block-column is-vertically-aligned-center is-layout-flow wp-block-column-is-layout-flow\" style=\"flex-basis:150px\">\n<figure class=\"wp-block-image size-large\"><img loading=\"lazy\" decoding=\"async\" width=\"1024\" height=\"1018\" src=\"https:\/\/www.leaplytics.de\/wp-content\/uploads\/2022\/06\/Axis-Settings-1024x1018.png\" alt=\"\" class=\"wp-image-8460\" srcset=\"https:\/\/www.leaplytics.de\/wp-content\/uploads\/2022\/06\/Axis-Settings-1024x1018.png 1024w, https:\/\/www.leaplytics.de\/wp-content\/uploads\/2022\/06\/Axis-Settings-300x298.png 300w, https:\/\/www.leaplytics.de\/wp-content\/uploads\/2022\/06\/Axis-Settings-150x150.png 150w, https:\/\/www.leaplytics.de\/wp-content\/uploads\/2022\/06\/Axis-Settings-768x763.png 768w, https:\/\/www.leaplytics.de\/wp-content\/uploads\/2022\/06\/Axis-Settings-1536x1527.png 1536w, https:\/\/www.leaplytics.de\/wp-content\/uploads\/2022\/06\/Axis-Settings-60x60.png 60w, https:\/\/www.leaplytics.de\/wp-content\/uploads\/2022\/06\/Axis-Settings.png 1827w\" sizes=\"auto, (max-width: 1024px) 100vw, 1024px\" \/><\/figure>\n<\/div>\n\n\n\n<div class=\"wp-block-column is-layout-flow wp-block-column-is-layout-flow\" style=\"flex-basis:66.66%\">\n<p><strong>Innstillinger for rutenett, akser og indikatorer som kan tilpasses<\/strong><\/p>\n\n\n\n<p>Skreddersy matriseoppsettet slik at det passer til organisasjonens preferanser og spesifikke prosjektkrav. Juster rutenettlinjer, akseetiketter og indikatormark\u00f8rer for \u00e5 optimalisere lesbarheten og tydeligheten.<\/p>\n<\/div>\n<\/div>\n\n\n\n<div class=\"wp-block-buttons is-layout-flex wp-block-buttons-is-layout-flex\">\n<div class=\"wp-block-button has-custom-font-size\" style=\"font-size:18px\"><a class=\"wp-block-button__link has-background wp-element-button\" href=\"https:\/\/www.leaplytics.de\/nb\/forside\/prosjektledelse-tilpasset-grafikk-microsoft-powerbi\/tilpasset-visuelt-risikokart-for-power-bi\/\" style=\"background-color:#22316d\">Klikk her for \u00e5 komme til v\u00e5r tilpassede visuelle \"risikomatrise\" for Power BI her!<\/a><\/div>\n<\/div>\n\n\n\n<figure class=\"wp-block-image size-full\"><img loading=\"lazy\" decoding=\"async\" width=\"152\" height=\"37\" src=\"https:\/\/www.leaplytics.de\/wp-content\/uploads\/2022\/05\/PBI-Certified.png\" alt=\"\" class=\"wp-image-8358\" srcset=\"https:\/\/www.leaplytics.de\/wp-content\/uploads\/2022\/05\/PBI-Certified.png 152w, https:\/\/www.leaplytics.de\/wp-content\/uploads\/2022\/05\/PBI-Certified-150x37.png 150w\" sizes=\"auto, (max-width: 152px) 100vw, 152px\" \/><\/figure>\n\n\n\n<p><\/p>\n\n\n\n<h3 class=\"wp-block-heading has-medium-font-size\"><strong>L\u00e5ser opp konkurransefortrinn<\/strong><\/h3>\n\n\n\n<p>Virksomheter f\u00e5r et strategisk forsprang i dagens marked ved \u00e5 bruke Opportunity Matrix. Proaktiv identifisering og h\u00e5ndtering av muligheter fremmer innovasjon, vekst og b\u00e6rekraftige fordeler. Power BIs Opportunity Matrix gj\u00f8r det mulig for bedrifter \u00e5 administrere muligheter med intuitive funksjoner.<\/p>\n\n\n\n<h3 class=\"wp-block-heading has-medium-font-size\"><strong>Konklusjon<\/strong><\/h3>\n\n\n\n<p>Mulighetsmatrisen er et kraftfullt verkt\u00f8y for strategisk beslutningstaking. Det gir organisasjoner mulighet til \u00e5 oppn\u00e5 b\u00e6rekraftige konkurransefortrinn. Med sine robuste funksjoner gj\u00f8r den organisasjoner i stand til \u00e5 trives i et konkurranseutsatt marked. Ta den i bruk for vekst og innovasjon, og frigj\u00f8r skjult potensial.<\/p>","protected":false},"excerpt":{"rendered":"<p>For project and risk managers, harnessing opportunities is just as crucial as mitigating risks. By adapting our Risk Matrix visual for Power BI, we can convert it into an Opportunity Matrix. This approach empowers to identify and capitalize on opportunities that drive competitive advantage. Why Opportunity Management Matters Opportunity management is essential for businesses seeking &hellip; <\/p>","protected":false},"author":55,"featured_media":13426,"parent":0,"menu_order":0,"comment_status":"closed","ping_status":"closed","template":"","meta":{"footnotes":""},"class_list":["post-13321","page","type-page","status-publish","has-post-thumbnail","hentry","latest_post"],"_links":{"self":[{"href":"https:\/\/www.leaplytics.de\/nb\/wp-json\/wp\/v2\/pages\/13321","targetHints":{"allow":["GET"]}}],"collection":[{"href":"https:\/\/www.leaplytics.de\/nb\/wp-json\/wp\/v2\/pages"}],"about":[{"href":"https:\/\/www.leaplytics.de\/nb\/wp-json\/wp\/v2\/types\/page"}],"author":[{"embeddable":true,"href":"https:\/\/www.leaplytics.de\/nb\/wp-json\/wp\/v2\/users\/55"}],"replies":[{"embeddable":true,"href":"https:\/\/www.leaplytics.de\/nb\/wp-json\/wp\/v2\/comments?post=13321"}],"version-history":[{"count":11,"href":"https:\/\/www.leaplytics.de\/nb\/wp-json\/wp\/v2\/pages\/13321\/revisions"}],"predecessor-version":[{"id":13424,"href":"https:\/\/www.leaplytics.de\/nb\/wp-json\/wp\/v2\/pages\/13321\/revisions\/13424"}],"wp:featuredmedia":[{"embeddable":true,"href":"https:\/\/www.leaplytics.de\/nb\/wp-json\/wp\/v2\/media\/13426"}],"wp:attachment":[{"href":"https:\/\/www.leaplytics.de\/nb\/wp-json\/wp\/v2\/media?parent=13321"}],"curies":[{"name":"wp","href":"https:\/\/api.w.org\/{rel}","templated":true}]}}