{"id":13717,"date":"2025-05-12T15:34:59","date_gmt":"2025-05-12T13:34:59","guid":{"rendered":"https:\/\/www.leaplytics.de\/?page_id=13717"},"modified":"2025-05-12T15:35:01","modified_gmt":"2025-05-12T13:35:01","slug":"attester","status":"publish","type":"page","link":"https:\/\/www.leaplytics.de\/nb\/attester\/","title":{"rendered":"Attester"},"content":{"rendered":"<p><em>&#8220;<strong>Vi har brukt LeapLytics' visuelle risikomatrise\/varmekart i Power BI i over et \u00e5r n\u00e5.<\/strong><br>Det har blitt et uunnv\u00e6rlig verkt\u00f8y for teamet v\u00e5rt. Det intuitive designet og de tilpassbare funksjonene gj\u00f8r det mulig for oss \u00e5 visualisere og prioritere risikoer p\u00e5 en effektiv m\u00e5te, slik at vi kan fokusere p\u00e5 de mest kritiske omr\u00e5dene. Muligheten til \u00e5 skreddersy matrisen til v\u00e5re spesifikke behov har forbedret risikovurderingsprosessene v\u00e5re betydelig. Jeg anbefaler denne utvidelsen p\u00e5 det varmeste til alle team som \u00f8nsker \u00e5 forbedre risikostyringsfunksjonene sine i Power BI.\"<\/em> (Anonym)<\/p>\n\n\n\n<p><em>&#8220;<strong>Game Changer<\/strong> - Denne appen har spart oss for hundrevis av utviklingstimer, timer med feils\u00f8king og all annen hodepine som f\u00f8lger med det \u00e5 bygge en app fra grunnen av. Denne appen var superenkel \u00e5 koble til en applikasjon vi holdt p\u00e5 \u00e5 bygge, og den er ogs\u00e5 visuelt tiltalende og enkel \u00e5 bruke. Anbefales p\u00e5 det sterkeste til alle andre som \u00f8nsker \u00e5 spare utviklingstimer og tid p\u00e5 \u00e5 f\u00e5 noe som allerede er testet!\"<\/em> (Anonym)<\/p>\n\n\n\n<p><em>\"Den visuelle risikomatrisen i Power BI-plattformen har blitt brukt som et <strong>strategisk verkt\u00f8y<\/strong> for styring av kritiske vedlikeholdsaktiviteter, og gir en rask og effektiv visualisering av risikoen knyttet til hver enkelt eiendel. Matrisen kartlegger kritiskheten til anleggene visuelt, basert p\u00e5 p\u00e5virkningsniv\u00e5 og sannsynlighet for feil, noe som gir direkte st\u00f8tte til prioritering av korrigerende og forebyggende tiltak. <br>Denne funksjonen bidrar til \u00e5 identifisere vedlikeholdsoppgaver med h\u00f8yest driftsrelevans, noe som bidrar til en mer m\u00e5lrettet styring av ressurser, team og tidsfrister, spesielt i komplekse scenarier som driftsstans eller n\u00f8dintervensjoner. I tillegg gir det interaktive og tilpassbare grensesnittet mulighet for oppdateringer og simuleringer i sanntid, noe som gj\u00f8r beslutningsprosessen raskere og mer datadrevet.<br>Bruken av dette visuelle verkt\u00f8yet styrker ogs\u00e5 den risikobaserte styringen av vedlikeholdet, slik at den tekniske innsatsen samsvarer med organisasjonens strategiske m\u00e5l for anleggets p\u00e5litelighet og tilgjengelighet.\"<\/em> (CENIBRA)<\/p>\n\n\n\n<p><em>&#8220;<strong>Fantastisk visuell<\/strong> - Jeg har pr\u00f8vd ut dette visuelle verkt\u00f8yet i flere rapporter, og det er s\u00e5 enkelt \u00e5 bruke, samtidig som det er s\u00e5 effektivt. Den visuelle fremstillingen av risikoer i denne matrisen har spart meg for utallige timer, ettersom jeg kan rette oppmerksomheten mot de delene som er markert som sv\u00e6rt risikofylte. Leaplytics er ogs\u00e5 veldig responsive per e-post. Jeg anbefaler Leaplytics' plug-in p\u00e5 det varmeste.\"<\/em> (Anonym)<\/p>\n\n\n\n<p><em>&#8220;<strong>Jeg pleide \u00e5 like varmekart, n\u00e5 elsker jeg dem<\/strong> - Jeg hadde ofte problemer n\u00e5r jeg skulle lage et varmekart. Denne har en sterk fortellerkraft, og den er veldig enkel \u00e5 bruke.\"<\/em> (Raphael de Taranto)<\/p>\n\n\n\n<p><em>&#8220;<strong>Utmerket app<\/strong> - Dette er en app du m\u00e5 ha hvis du jobber med risiko. Den er enkel \u00e5 sette opp og kan konfigureres etter dine behov.\"<\/em> (Roy Varghese)<\/p>\n\n\n\n<p><em>&#8220;<strong>Flott dashbord for risikorapportering<\/strong> - Dashbordet gir en utmerket visuell oversikt over risikoer, og vi har innlemmet det i mange dashbord for risikorapportering i bedriften. LeapLytics fortsetter \u00e5 forbedre funksjonene i dashbordet, blant annet muligheten til \u00e5 fargekode punktene. Vi anbefaler p\u00e5 det varmeste denne app-plugin-modulen for risikokart for \u00e5 forbedre Power BI-dashbord. Respons p\u00e5 sp\u00f8rsm\u00e5l og support er ogs\u00e5 et pluss.\"<\/em> (Becky Sterrett)<\/p>\n\n\n\n<p><em>&#8220;<strong>Flott varmekart over risiko<\/strong> - Verkt\u00f8yet for risikokart har v\u00e6rt sv\u00e6rt nyttig for \u00e5 kommunisere virksomhetens risikoer og risikoniv\u00e5er til interessenter. Enkelt \u00e5 bruke og godt visuelt.\"<\/em> (Anonym)<\/p>\n\n\n\n<p class=\"has-text-align-left\"><em>&#8220;<strong>Dette verkt\u00f8yet er brukervennlig<\/strong> og presenterer risikoscore p\u00e5 en effektiv m\u00e5te i et tydelig og lett forst\u00e5elig format.\"<\/em> (Scott Nicol)<\/p>\n\n\n\n<p><em>&#8220;<strong>Flott verkt\u00f8y<\/strong> - Dette verkt\u00f8yet har v\u00e6rt avgj\u00f8rende i v\u00e5rt kontinuerlige arbeid med \u00e5 effektivisere risikoscoringsprosessen. Det gir et flott visuelt verkt\u00f8y for rask vurdering av risikoprofilen.\"<\/em> (Anonym)<\/p>\n\n\n\n<p><em>&#8220;<strong>Risikomatrise<\/strong> - Jeg var veldig glad for \u00e5 finne dette verkt\u00f8yet og for hvordan det har fungert fra et risikostyrings-\/rapporteringsperspektiv - det er en flott m\u00e5te \u00e5 visualisere og g\u00e5 gjennom risikoregistre med fokus p\u00e5 de viktigste\/forh\u00f8yede risikoene. Teamet har ogs\u00e5 v\u00e6rt fantastisk \u00e5 ha med \u00e5 gj\u00f8re, de har gitt meg st\u00f8tte og diskutert med meg hvordan jeg bruker det og hvordan jeg kan forbedre det.\"<\/em> (Anonym)<\/p>\n\n\n\n<p><em>&#8220;<strong>Den fungerer akkurat som forventet og annonsert.<\/strong> - Kj\u00f8pte lisens for denne appen for nesten 9 m\u00e5neder siden, installerte den i flere rapporter som brukes av hundrevis av mennesker over hele verden, og har bare f\u00e5tt positive tilbakemeldinger fra brukere.\"<\/em> (Small, Roy)<\/p>\n\n\n\n<p><em>&#8220;<strong>Et flott verkt\u00f8y for \u00e5 se risikomatrisehistorikken din<\/strong> - Et av de beste spesialverkt\u00f8yene for \u00e5 administrere risikomatriseposten og vise den p\u00e5 en profesjonell m\u00e5te Jeg designet dette verkt\u00f8yet og presenterte det for ledelsen 1- Flott design 2- Fleksibilitet 3- Enkel \u00e5 bruke 4- Jeg anbefaler \u00e5 dra nytte av det Egentlig var det dette jeg lette etter Takk, Stefan Preusler Takk, LeapLytics GmbH-teamet\"<\/em> (\u0645\u062d\u064a\u064a \u0627\u0644\u062f\u064a\u0646)<\/p>\n\n\n\n<p><em>&#8220;<strong>Absolutt verdt det<\/strong> - Alt vi \u00f8nsket \u00e5 oppn\u00e5 med en risikomatrise, klarte vi \u00e5 implementere med denne visualiseringen. Det er absolutt verdt det.\"<\/em> (Anonym)<\/p>\n\n\n\n<p><em>&#8220;<strong>Flott l\u00f8sning for revisorer!<\/strong> - Det visuelle objektet oppfyller perfekt kravene til en risikomatrise for revisorer\" (David L\u00f3pez Morales)<\/em><\/p>\n\n\n\n<p><em>&#8220;<strong>Godt visuelt<\/strong> for \u00e5 st\u00f8tte risikosamtaler.\"<\/em> (Elleke Bosworth)<\/p>\n\n\n\n<p><em>&#8220;<strong>Flott visuelt<\/strong> - Jeg var p\u00e5 utkikk etter en fungerende l\u00f8sning for \u00e5 visualisere risikoene mine. Denne visualiseringen fungerer utmerket for meg, og den er klar til bruk i l\u00f8pet av f\u00e5 minutter. Interaktiviteten fungerer godt og f\u00f8les som \"the real deal\".\"<\/em> (Anonym)<\/p>\n\n\n\n<p><em>&#8220;<strong>Godt visuelt verkt\u00f8y for risiko<\/strong> - Et fantastisk verkt\u00f8y for \u00e5 visualisere risikokart, veldig effektivt og lett tilgjengelig.\"<\/em> (Anonym)<\/p>\n\n\n\n<p><em>&#8220;<strong>M\u00e5 ha et verkt\u00f8y for risikostyring<\/strong> - Verkt\u00f8yet er brukervennlig og presenterer risikoscore p\u00e5 en effektiv m\u00e5te i et oversiktlig og lett forst\u00e5elig format.\"<\/em> (Anonym)<\/p>\n\n\n\n<p><em>&#8220;<strong>Sv\u00e6rt nyttig verkt\u00f8y for risikostyring<\/strong> - Jeg synes Risk Heatmap er sv\u00e6rt nyttig i risikostyringsprosessen v\u00e5r. Det bidrar til \u00e5 visualisere risikoen p\u00e5 en enkel og forst\u00e5elig m\u00e5te for b\u00e5de styret og resten av selskapet. Det er ogs\u00e5 enkelt \u00e5 bruke, og man f\u00e5r raskt taket p\u00e5 hvordan innstillingene fungerer.\"<\/em> (Anonym)<\/p>\n\n\n\n<p><em>&#8220;<strong>Flott lite tillegg!<\/strong> - Vi har brukt LeapLytics' varmekart det siste \u00e5ret. Det er enkelt \u00e5 bruke, gir god valuta for pengene, og det visuelle uttrykket ser flott ut i risikodashbordet v\u00e5rt.\"<\/em> (Anonym)<\/p>\n\n\n\n<p><em>&#8220;<strong>Perfekt<\/strong> - Es muy buena, vers\u00e1til y pr\u00e1ctica.\"<\/em> (Cynthia Mercedes Anaya Manrique)<\/p>\n\n\n\n<p><em>&#8220;<strong>Flott visuell og respons<\/strong> - Den gir oss det visuelle vi trengte, og vi fikk raskt og hjelpsomt svar p\u00e5 sp\u00f8rsm\u00e5lene v\u00e5re.\"<\/em> (Anonym)<\/p>\n\n\n\n<p><em>&#8220;<strong>Solid <\/strong>- Solid visuell\"<\/em> (Anonym)<\/p>","protected":false},"excerpt":{"rendered":"<p>\"Vi har brukt LeapLytics' visuelle risikomatrise\/varmekart i Power BI i over et \u00e5r n\u00e5, og det har blitt et uunnv\u00e6rlig verkt\u00f8y for teamet v\u00e5rt. Det intuitive designet og de tilpassbare funksjonene gj\u00f8r det mulig for oss \u00e5 visualisere og prioritere risikoer p\u00e5 en effektiv m\u00e5te, slik at vi kan fokusere p\u00e5 de mest kritiske omr\u00e5dene. Muligheten til \u00e5 skreddersy matrisen ... <\/p>","protected":false},"author":2,"featured_media":0,"parent":0,"menu_order":0,"comment_status":"closed","ping_status":"closed","template":"","meta":{"footnotes":""},"class_list":["post-13717","page","type-page","status-publish","hentry","latest_post"],"_links":{"self":[{"href":"https:\/\/www.leaplytics.de\/nb\/wp-json\/wp\/v2\/pages\/13717","targetHints":{"allow":["GET"]}}],"collection":[{"href":"https:\/\/www.leaplytics.de\/nb\/wp-json\/wp\/v2\/pages"}],"about":[{"href":"https:\/\/www.leaplytics.de\/nb\/wp-json\/wp\/v2\/types\/page"}],"author":[{"embeddable":true,"href":"https:\/\/www.leaplytics.de\/nb\/wp-json\/wp\/v2\/users\/2"}],"replies":[{"embeddable":true,"href":"https:\/\/www.leaplytics.de\/nb\/wp-json\/wp\/v2\/comments?post=13717"}],"version-history":[{"count":5,"href":"https:\/\/www.leaplytics.de\/nb\/wp-json\/wp\/v2\/pages\/13717\/revisions"}],"predecessor-version":[{"id":13725,"href":"https:\/\/www.leaplytics.de\/nb\/wp-json\/wp\/v2\/pages\/13717\/revisions\/13725"}],"wp:attachment":[{"href":"https:\/\/www.leaplytics.de\/nb\/wp-json\/wp\/v2\/media?parent=13717"}],"curies":[{"name":"wp","href":"https:\/\/api.w.org\/{rel}","templated":true}]}}