{"id":13808,"date":"2025-07-14T10:32:30","date_gmt":"2025-07-14T08:32:30","guid":{"rendered":"https:\/\/www.leaplytics.de\/?page_id=13808"},"modified":"2025-07-14T10:32:31","modified_gmt":"2025-07-14T08:32:31","slug":"gantt-leaplytics-power-bi","status":"publish","type":"page","link":"https:\/\/www.leaplytics.de\/nb\/gantt-leaplytics-power-bi\/","title":{"rendered":"Gantt LeapLytics - Power BI"},"content":{"rendered":"<p>Det er enkelt og greit. Vi gir deg muligheten til \u00e5 gi liv til prosjektets tidslinjer og tidsplaner direkte i Power BI. Leaplytics Gantt Chart-visualiseringen forvandler komplekse prosjektdata til profesjonelle, interaktive og omfattende tidslinjevisualiseringer. Vis prosjektplaner fra Microsoft Project, Primavera P6, Jira, Asana og Azure DevOps n\u00f8yaktig slik de er ment.<\/p>\n<blockquote>\n<p>\"Endelig et Gantt-diagram som faktisk fungerer i Power BI! Det \u00e5 kunne vise prosjektets tidslinjer med avhengigheter og fremdriftssporing direkte i dashbordet i stedet for statiske skjermbilder har forandret prosjektpresentasjonene v\u00e5re.\"<br \/>- <strong>Johnson M., Business Intelligence Manager<\/strong> <em>(Bygg- og anleggssektoren)<\/em><\/p>\n<\/blockquote>\n<h2 id=\"what-s-in-it-for-you-\">Hva f\u00e5r du ut av det?<\/h2>\n<p>L\u00e5s opp profesjonell prosjektvisualisering for Power BI-dashbordene dine:<\/p>\n<p><strong>Visualiser prosjekter p\u00e5 en vakker m\u00e5te:<\/strong> Transformer r\u00e5 prosjektdata fra Microsoft Project, Primavera P6, Jira, Asana og Azure DevOps til profesjonelt gjengitte Gantt-diagrammer.<\/p>\n<p><strong>Eliminer manuelt arbeid:<\/strong> N\u00e5 er det slutt p\u00e5 \u00e5 eksportere skjermbilder eller lage tidslinjediagrammer manuelt. Eksisterende prosjektdata vises som interaktive Gantt-diagrammer.<\/p>\n<p><strong>Imponer interessentene:<\/strong> Presentere profesjonelle prosjektoversikter som opprettholder troverdigheten i lederm\u00f8ter og presentasjoner for interessenter.<\/p>\n<p><strong>Spar tid:<\/strong> Slutt \u00e5 bruke timevis p\u00e5 manuell oppretting av tidslinjer. Koble til prosjektdataene dine, og se hvordan oppgavelister forvandles til omfattende Gantt-visualiseringer.<\/p>\n<blockquote>\n<p>\"F\u00f8r brukte vi 12 timer i uken p\u00e5 \u00e5 lage tidslinjerapporter fra prosjektstyringsverkt\u00f8yene v\u00e5re. N\u00e5 vises alt automatisk som flotte, interaktive Gantt-diagrammer. Prosjektstatusrapportene v\u00e5re ser profesjonelle ut igjen.\"<br \/>- <strong>Rodriguez A., direkt\u00f8r for analyse<\/strong> <em>(Helseteknologi)<\/em><\/p>\n<\/blockquote>\n<h2 id=\"how-you-can-benefit\">Slik kan du dra nytte av det<\/h2>\n<p>Brukere som har tatt i bruk Leaplytics Gantt Chart visuelle rapport:<\/p>\n<p><strong>Eliminerte mareritt p\u00e5 tidslinjen:<\/strong> N\u00e5 er det slutt p\u00e5 manuell oppretting av diagrammer eller statiske tidslinjeskjermbilder i presentasjoner.<\/p>\n<p><strong>\u00d8kt bruk av dashbord:<\/strong> Interessenter engasjerer seg mer med interaktive Gantt-diagrammer som de kan utforske og forst\u00e5.<\/p>\n<p><strong>\u00d8kt profesjonell troverdighet:<\/strong> Ledende presentasjoner ser polerte ut og opprettholder omd\u00f8mmet ditt som dataprofesjonell.<\/p>\n<p><strong>Enhetlige prosjektvisninger:<\/strong> Vis prosjektdata fra flere bedriftsplattformer i ett sammenhengende, interaktivt Power BI Gantt-diagram.<\/p>\n<h2 id=\"key-features\">Viktige funksjoner<\/h2>\n<p><strong>St\u00f8tte for flere plattformer:<\/strong> St\u00f8tter Microsoft Project, Primavera P6, Jira, Asana, Azure DevOps og alle prosjektdata i tabellform.<\/p>\n<p><strong>Avansert tidslinjemotor:<\/strong><\/p>\n<ul>\n<li>Intelligent oppgaveplassering og dataskalering<\/li>\n<li>Smart hierarkisk oppgaveh\u00e5ndtering for komplekse prosjekter<\/li>\n<\/ul>\n<p><strong>Profesjonell prosjektvisualisering:<\/strong> <\/p>\n<ul>\n<li>Gjengir riktige oppgavelinjer, avhengigheter, milep\u00e6ler og fremdriftssporing som respekterer Power BI-temaer<\/li>\n<li>Interaktiv tidslinjenavigering med zoom- og panoreringsmuligheter<\/li>\n<\/ul>\n<p><strong>Funksjoner for bedriftsprosjekter:<\/strong><\/p>\n<ul>\n<li>Oppgaveavhengigheter med relasjonspiler<\/li>\n<li>Sporing av fremdrift og fullf\u00f8ringsstatus<\/li>\n<li>Visualisering av ressurstildeling<\/li>\n<li>Analyse av kritisk vei<\/li>\n<\/ul>\n<p><strong>Optimalisert ytelse:<\/strong> Effektiv gjengivelse for store prosjektdatasett med mer enn 1000 oppgaver og komplekse avhengighetsnettverk.<\/p>\n<p><strong>S\u00f8ml\u00f8s integrering av Power BI:<\/strong> Fungerer som alle andre Power BI-visuelle, med filtre, slicere og kryssfiltrering.<\/p>\n<p><strong>Intuitiv konfigurasjon:<\/strong> Enkelt formatpanel med rullegardinvalg for oppgavefelt, datoer og visualiseringsalternativer.<\/p>\n<p><strong>Enterprise Ready:<\/strong> Robust lisensieringssystem utviklet for bedriftsdistribusjon med avanserte prosjektstyringsfunksjoner.<\/p>\n<h2 id=\"your-team-will-thank-you\">Teamet ditt vil takke deg<\/h2>\n<p><em>Er du lei av statiske skjermbilder av prosjekter i presentasjoner?<\/em> Har du noen gang slitt med \u00e5 forklare prosjektstatus ved hjelp av kjedelige tabellrapporter n\u00e5r interessentene dine trenger \u00e5 se tidslinjer? Leaplytics Gantt Chart er l\u00f8sningen du har ventet p\u00e5. Det er det visuelle bildet vi som jobber med prosjektledelse alltid har \u00f8nsket skulle eksistere n\u00e5r vi pr\u00f8ver \u00e5 kommunisere prosjektstatus p\u00e5 en effektiv m\u00e5te.<\/p>\n<blockquote>\n<p>\"Det \u00e5 kunne vise Azure DevOps-sprints og prosjektavhengigheter med riktig Gantt-visualisering har revolusjonert m\u00e5ten vi presenterer prosjektstatus for ledere p\u00e5. Tidslinjen er interaktiv, og oppsettet var utrolig enkelt.\"<br \/>- <strong>Chen L., ledende dataanalytiker<\/strong> <em>(Programvareutvikling)<\/em><\/p>\n<\/blockquote>\n<h2 id=\"letter-from-the-ceo\">Brev fra administrerende direkt\u00f8r<\/h2>\n<p>Hei, alle sammen.<\/p>\n<p>Jeg er Stefan, administrerende direkt\u00f8r her hos LeapLytics.<\/p>\n<p>Prosjektvisualisering i Power BI har v\u00e6rt et vedvarende problem i \u00e5revis. Organisasjoner investerer mye i plattformer som Microsoft Project, Primavera P6, Jira og Azure DevOps for \u00e5 administrere komplekse prosjektplaner og avhengigheter. Men n\u00e5r disse prosjektdataene kommer inn i Power BI, blir de til uleselige tabeller eller krever manuell oppretting av diagrammer.<\/p>\n<p>Denne koblingen mellom sofistikerte prosjektstyringsverkt\u00f8y og grunnleggende Power BI-prosjektrapportering har frustrert utallige prosjektledere i lederpresentasjoner. Det undergraver troverdigheten og gj\u00f8r verdifull prosjektinnsikt praktisk talt usynlig i instrumentpaneler.<\/p>\n<p>Tradisjonelle BI-bilder er rett og slett ikke utviklet for den komplekse virkeligheten som moderne prosjektledelse inneb\u00e6rer, der oppgaver har avhengigheter, fremdriftssporing, ressurstildelinger og tidsbegrensninger. Det er her frustrasjonen begynner.<\/p>\n<p>Leaplytics Gantt Chart-visualet v\u00e5rt for Power BI l\u00f8ser dette grunnleggende problemet. Vi mener at prosjektdataene dine b\u00f8r kommunisere tydelig og profesjonelt overalt, ogs\u00e5 i Power BI-dashbordene dine.<\/p>\n<p>Det handler om \u00e5 bevare investeringen du har gjort i sofistikert prosjektplanlegging, og presentere den med den visuelle klarheten interessentene dine forventer. Vi har utviklet dette visuelle verkt\u00f8yet for \u00e5 h\u00e5ndtere kompleksiteten i reelle prosjektdata, samtidig som oppsettet er enkelt.<\/p>\n<p>Dette er v\u00e5rt bidrag til \u00e5 eliminere prosjektvisualiseringsmarerittet som har plaget Power BI-brukere altfor lenge.<\/p>\n<p>Med vennlig hilsen,<br \/><strong>Stefan Preusler<\/strong><br \/>Medgrunnlegger og administrerende direkt\u00f8r, LeapLytics GmbH<\/p>\n<hr>\n<h2 id=\"ready-to-transform-your-project-visualization-\">Er du klar til \u00e5 transformere prosjektvisualiseringen din?<\/h2>\n<p><a href=\"https:\/\/www.leaplytics.de\/nb\/\"><strong>Be om en pr\u00f8velisens<\/strong><\/a><\/p>\n<h2 id=\"getting-started\">Kom godt i gang<\/h2>\n<p>Har du f\u00e5tt lisens eller vil du bare l\u00e6re mer?<br \/>Klikk nedenfor for \u00e5 f\u00e5 tilgang til v\u00e5r omfattende guide:<\/p>\n<p><a href=\"https:\/\/www.leaplytics.de\/nb\/getting-started-gantt-chart-power-bi\/?utm_source=extension&amp;utm_medium=power-bi&amp;utm_campaign=gantt-chart\"><strong>Kom i gang - Leaplytics Gantt Chart Visual for Power BI<\/strong><\/a><\/p>\n<hr>\n<p><em>Gj\u00f8r prosjektdataene dine om til profesjonelle tidslinjevisualiseringer som interessentene faktisk forst\u00e5r.<\/em> <\/p>","protected":false},"excerpt":{"rendered":"<p>It&#39;s straightforward. We empower you to bring your project timelines and schedules to life directly within Power BI. Our Leaplytics Gantt Chart visual transforms complex project data into professional, interactive, and comprehensive timeline visualizations. Display project schedules from Microsoft Project, Primavera P6, Jira, Asana, and Azure DevOps exactly as intended. &quot;Finally, a Gantt chart that &hellip; <\/p>","protected":false},"author":2,"featured_media":0,"parent":0,"menu_order":0,"comment_status":"closed","ping_status":"closed","template":"","meta":{"footnotes":""},"class_list":["post-13808","page","type-page","status-publish","hentry","latest_post"],"_links":{"self":[{"href":"https:\/\/www.leaplytics.de\/nb\/wp-json\/wp\/v2\/pages\/13808","targetHints":{"allow":["GET"]}}],"collection":[{"href":"https:\/\/www.leaplytics.de\/nb\/wp-json\/wp\/v2\/pages"}],"about":[{"href":"https:\/\/www.leaplytics.de\/nb\/wp-json\/wp\/v2\/types\/page"}],"author":[{"embeddable":true,"href":"https:\/\/www.leaplytics.de\/nb\/wp-json\/wp\/v2\/users\/2"}],"replies":[{"embeddable":true,"href":"https:\/\/www.leaplytics.de\/nb\/wp-json\/wp\/v2\/comments?post=13808"}],"version-history":[{"count":1,"href":"https:\/\/www.leaplytics.de\/nb\/wp-json\/wp\/v2\/pages\/13808\/revisions"}],"predecessor-version":[{"id":13809,"href":"https:\/\/www.leaplytics.de\/nb\/wp-json\/wp\/v2\/pages\/13808\/revisions\/13809"}],"wp:attachment":[{"href":"https:\/\/www.leaplytics.de\/nb\/wp-json\/wp\/v2\/media?parent=13808"}],"curies":[{"name":"wp","href":"https:\/\/api.w.org\/{rel}","templated":true}]}}