{"id":13813,"date":"2025-07-14T10:52:57","date_gmt":"2025-07-14T08:52:57","guid":{"rendered":"https:\/\/www.leaplytics.de\/?page_id=13813"},"modified":"2025-11-08T21:23:14","modified_gmt":"2025-11-08T20:23:14","slug":"komme-i-gang-gantt","status":"publish","type":"page","link":"https:\/\/www.leaplytics.de\/nb\/komme-i-gang-gantt\/","title":{"rendered":"Kom i gang - Gantt"},"content":{"rendered":"<p><a href=\"#minimum-requirement\">Minimumskrav<\/a> | <a href=\"#license\">Lisens<\/a> |\u00a0<a href=\"#features\">Funksjoner<\/a> | <a href=\"#zoom-pan\">Zoom og panorer<\/a> | <a href=\"#filter\">Filter<\/a> | <a href=\"#troubleshooting\">Feils\u00f8king<\/a><\/p>\n\n<p>Team i ulike bransjer bruker LeapLytics Gantt Chart til \u00e5 visualisere tidslinjer, avhengigheter, milep\u00e6ler, hierarkier og ressursallokeringer for prosjekter direkte i Power BI. Visualiseringen er rask og bygget for rapportering i bedriftsklasse. Med funksjoner som dynamisk zooming, visning av kritisk bane, tilpassbar tidslinjestyling, avhengighetspiler, milep\u00e6lstyper, grunnlinjer og full hierarkist\u00f8tte f\u00e5r brukerne en umiddelbar og p\u00e5litelig oversikt over alle prosjekter.<\/p>\n\n<p><div class=\"wp-block-image\">\n<figure class=\"aligncenter size-large\"><img loading=\"lazy\" decoding=\"async\" width=\"1024\" height=\"466\" src=\"https:\/\/www.leaplytics.de\/wp-content\/uploads\/2025\/11\/resource-1024x466.png\" alt=\"\" class=\"wp-image-14108\" srcset=\"https:\/\/www.leaplytics.de\/wp-content\/uploads\/2025\/11\/resource-1024x466.png 1024w, https:\/\/www.leaplytics.de\/wp-content\/uploads\/2025\/11\/resource-300x137.png 300w, https:\/\/www.leaplytics.de\/wp-content\/uploads\/2025\/11\/resource-768x350.png 768w, https:\/\/www.leaplytics.de\/wp-content\/uploads\/2025\/11\/resource-18x8.png 18w, https:\/\/www.leaplytics.de\/wp-content\/uploads\/2025\/11\/resource-132x60.png 132w, https:\/\/www.leaplytics.de\/wp-content\/uploads\/2025\/11\/resource.png 1463w\" sizes=\"auto, (max-width: 1024px) 100vw, 1024px\" \/><\/figure><\/div><\/p>\n\n<p>Hvis prosjektdataene dine er tilgjengelige, kan du konfigurere og ta i bruk LeapLytics Gantt Chart i <strong>under 5 minutter<\/strong>. Du f\u00e5r en fungerende Gantt med oppgaver, datoer, avhengigheter, milep\u00e6ler og formatering - klar for presentasjon, analyse og rapportering til interessenter.<\/p>\n\n\n\n<h3 class=\"wp-block-heading\" id=\"enhanced-data-model-structure\">Minimumskrav<\/h3>\n\n\n<p><div class=\"wp-block-image\">\n<figure class=\"aligncenter size-large\"><img decoding=\"async\" src=\"https:\/\/www.leaplytics.de\/wp-content\/uploads\/2025\/11\/minimum-requirement-arrows.png\" alt=\"\" class=\"wp-image-14108\"\/><\/figure><\/div><\/p>\n\n\n<blockquote class=\"wp-block-quote is-layout-flow wp-block-quote-is-layout-flow\">\n<p><strong>\u26a0\ufe0f Viktig:<\/strong> Dataene dine b\u00f8r f\u00f8lge en tabellstruktur der hver rad representerer en oppgave, og kolonnene inneholder oppgaveegenskaper.<\/p>\n<\/blockquote>\n\n\n<p>Det visuelle programmet krever bare et minimalt sett med felter for \u00e5 produsere en fullt funksjonell tidslinje.  Hver oppgave m\u00e5 inneholde en unik <strong>Oppgave-ID<\/strong>, en lesbar <strong>Oppgavens navn<\/strong>og et par datoer som definerer varigheten.\nDisse datoene kan v\u00e6re <strong>Planlagt<\/strong>, <strong>Faktisk<\/strong>, eller <strong>Ansl\u00e5tt<\/strong>-det visuelle bildet registrerer automatisk hvilken type data du oppgir, og tilpasser tidslinjen deretter. Med denne fleksibiliteten kan Gantt representere enkle tidsplaner med kun plan, fullstendige <strong>plan-versus-virkelig<\/strong> sammenligninger, eller avanserte scenarier som kombinerer <strong>planlagt<\/strong>, <strong>faktisk<\/strong>, og <strong>ansl\u00e5tt<\/strong> tidslinjer parallelt.<\/p>\n\n<p><div class=\"wp-block-image\">\n<figure class=\"aligncenter size-large\"><img decoding=\"async\" src=\"https:\/\/www.leaplytics.de\/wp-content\/uploads\/2025\/11\/minimum-requirement-data-fields.png\" alt=\"\" class=\"wp-image-14108\"\/><\/figure><\/div><\/p>\n\n<p>Siden visualiseringsprogrammet tolker datatypene p\u00e5 egen h\u00e5nd, kan du legge inn de feltene som allerede finnes i prosjektdataene dine. Hvis du inkluderer alle tre (<strong>Planlagt<\/strong>, <strong>Faktisk<\/strong>, <strong>Ansl\u00e5tt<\/strong>), viser Gantt alle tilsvarende s\u00f8yler. Hvis du bare oppgir ett sett med datoer, vises bare \u00e9n tidslinjes\u00f8yle. \n<strong>Varighetsfelt<\/strong> kan ogs\u00e5 brukes i stedet for sluttdato; n\u00e5r b\u00e5de varighet og sluttdato er til stede,\nhar varighetsverdien forrang. Alle datofelt m\u00e5 v\u00e6re i en <strong>Power BI-kompatibelt datetime-format<\/strong> \nfor \u00e5 sikre korrekt gjengivelse.\n<\/p>\n\n\n<pre class=\"wp-block-code\"><code>\n  -- =====================================================\n  -- N\u00d8DVENDIGE FELT (Minimumsdata som trengs)\n  -- =====================================================\n  'TASK-001' AS Task ID, -- Unik identifikator\n  'Requirements Analysis' AS Task Name, -- Visningsnavn\n  '2025-01-01' AS Planlagt\/estimert\/aktuell startdato, -- Startdato\n  '2025-01-15' AS Planlagt\/estimert\/aktuell sluttdato, -- Sluttdato\n\n  -- ===== DATASCENARIOER ST\u00d8TTES =====\n  -- Visualiseringen oppdager automatisk hvilke data du oppgir:\n  --\n  -- 1. Kun plan (baseline):        Kun planlagt startdato + planlagt sluttdato\n  -- 2. Kun faktiske data (som bygget):      Kun faktisk startdato + faktisk sluttdato\n  -- 3. Plan vs. faktisk: B\u00e5de planlagte og faktiske datoer (viser begge stolpene)\n  -- 4. Plan + estimert:            Planlagte + estimerte datoer (viser plans\u00f8yle + tynt estimat)\n  -- 5. Faktisk + Estimert:          Faktiske + estimerte datoer (viser faktisk s\u00f8yle + tynt estimat)\n  -- 6. Plan + Faktisk + Estimert:   Alle tre datatyper (viser alle tre tidslinjes\u00f8ylene)\n  -- 7. Kun estimert:              Kun estimert startdato + estimert sluttdato\n  --\n  -- ===== NOTER =====\n  -- - Varighet-feltene er valgfrie og overstyrer tilsvarende EndDate-felt n\u00e5r begge er oppgitt\n  -- - Datofelt m\u00e5 v\u00e6re i datetime-format som gjenkjennes av PowerBI\n<\/code><\/pre>\n\n\n<figure class=\"wp-block-image size-large is-resized\"><\/figure>\n\n\n<hr class=\"wp-block-separator has-alpha-channel-opacity\"\/>\n\n\n\n<h3 class=\"wp-block-heading\" id=\"license\">Lisens<\/h3>\n\n\n\n<figure class=\"wp-block-image size-large\"><img loading=\"lazy\" decoding=\"async\" width=\"1024\" height=\"453\" src=\"https:\/\/www.leaplytics.de\/wp-content\/uploads\/2025\/11\/license-1024x453.png\" alt=\"Lisens\" class=\"wp-image-14175\" srcset=\"https:\/\/www.leaplytics.de\/wp-content\/uploads\/2025\/11\/license-1024x453.png 1024w, https:\/\/www.leaplytics.de\/wp-content\/uploads\/2025\/11\/license-300x133.png 300w, https:\/\/www.leaplytics.de\/wp-content\/uploads\/2025\/11\/license-768x340.png 768w, https:\/\/www.leaplytics.de\/wp-content\/uploads\/2025\/11\/license-1536x680.png 1536w, https:\/\/www.leaplytics.de\/wp-content\/uploads\/2025\/11\/license-18x8.png 18w, https:\/\/www.leaplytics.de\/wp-content\/uploads\/2025\/11\/license-136x60.png 136w, https:\/\/www.leaplytics.de\/wp-content\/uploads\/2025\/11\/license.png 1687w\" sizes=\"auto, (max-width: 1024px) 100vw, 1024px\" \/><\/figure>\n\n\n<p>Kopier lisenskoden din og lim den inn i lisensfeltet ved \u00e5 trykke p\u00e5 CTRL+V. Hvis du enn\u00e5 ikke har en pr\u00f8velisens, kan du be om en \n<a href=\"https:\/\/www.leaplytics.de\/nb\/power-bi-gantt-prov-na\/\" style=\"text-decoration: underline;\">her<\/a>.<\/p>\n\n\n<hr class=\"wp-block-separator has-alpha-channel-opacity\"\/>\n\n\n\n<h3 class=\"wp-block-heading\" id=\"features\">Funksjoner<\/h3>\n\n\n<p>LeapLytics Gantt Chart gir prosjektvisualisering i bedriftsklasse med funksjoner som <strong>oppgavehierarkier<\/strong>, <strong>fremdriftsoppf\u00f8lging<\/strong>, <strong>ressurstildelinger<\/strong>, <strong>avhengigheter<\/strong>, <strong>milep\u00e6ler<\/strong>, og <strong>fleksibel navigering p\u00e5 tidslinjen<\/strong> alt fra detaljer p\u00e5 minuttniv\u00e5 til oversikter over flere ti\u00e5r. Den tolker automatisk <strong>Planlagt<\/strong>, <strong>Faktisk<\/strong>, og <strong>Ansl\u00e5tt<\/strong> datoer, viser matchende tidslinjestolper og tilbyr komplette <strong>styling<\/strong> og <strong>grunnlinje<\/strong> alternativer - noe som sikrer profesjonell rapportering med h\u00f8y klarhet direkte i Power BI.<\/p>\n\n<p> Hvis dataene dine er tilgjengelige, kan du sette opp en fullt funksjonell Gantt - inkludert oppgaver, datoer, avhengigheter, milep\u00e6ler, formatering og navigering - i under <strong>5 minutter<\/strong>. Det visuelle bildet tilpasser seg umiddelbart til feltene du oppgir, noe som muliggj\u00f8r rask konfigurasjon med minimal innsats og gir en tidslinje som er klar til bruk for team, ledere og interessenter.<\/p>\n\n\n<h4 class=\"wp-block-heading\">Hierarki<\/h4>\n\n\n<p><div class=\"wp-block-image\">\n<figure class=\"aligncenter size-large\"><img decoding=\"async\" src=\"https:\/\/www.leaplytics.de\/wp-content\/uploads\/2025\/11\/hierarchy-arrow.png\" alt=\"\" class=\"wp-image-14095\"\/><\/figure><\/div><\/p>\n\n<p>Den <strong>Hierarki<\/strong> funksjonen lar deg strukturere prosjektet i overordnede og underordnede oppgaver, slik at du f\u00e5r en oversiktlig og intuitiv arbeidsfordeling. Ved \u00e5 tildele hver oppgave en <strong>Overordnet oppgave-ID<\/strong>Gantt-diagrammet bygger automatisk nestede niv\u00e5er som gjenspeiler prosjektets virkelige struktur.  Dette gir oversikt, sammenleggbare grupper og en oversiktlig oversikt over komplekse prosjekter, slik at teamene raskt kan f\u00e5 oversikt over faser, arbeidspakker og detaljerte underoppgaver.<\/p>\n\n\n<pre class=\"wp-block-code\"><code>\n    'PROJ-001' AS ParentTaskID, -- Overordnet oppgave for hierarkiet\n  -- ===== NOTES =====\n  -- - Hierarki: Oppgave-ID for overordnet oppgave\n<\/code><\/pre>\n\n\n<div class=\"wp-block-image\">\n<figure class=\"aligncenter size-large\"><img decoding=\"async\" src=\"https:\/\/www.leaplytics.de\/wp-content\/uploads\/2025\/11\/hiearchy-table.png\" alt=\"\" class=\"wp-image-14095\"\/><\/figure><\/div>\n\n\n<hr class=\"wp-block-separator has-alpha-channel-opacity\"\/>\n\n\n\n<h4 class=\"wp-block-heading\">Fremgang<\/h4>\n\n\n<p><div class=\"wp-block-image\">\n<figure class=\"aligncenter size-large\"><img decoding=\"async\" src=\"https:\/\/www.leaplytics.de\/wp-content\/uploads\/2025\/11\/progress-arrows.png\" alt=\"\" class=\"wp-image-14100\"\/><\/figure><\/div><\/p>\n\n<p>Den <strong>Fremgang<\/strong> kan du spore fullf\u00f8ring av oppgaver direkte i Gantt-diagrammet. Ved \u00e5 angi en prosentverdi mellom <strong>0<\/strong> og <strong>100<\/strong>Med en visuell fremdriftsindikator som viser hvor langt hver enkelt oppgave har kommet, f\u00e5r du umiddelbar innsikt i prosjektstatusen. Uansett om en oppgave ikke er p\u00e5begynt, delvis fullf\u00f8rt eller helt ferdig, hjelper fremdriftsindikatorene team og interessenter med \u00e5 overv\u00e5ke gjennomf\u00f8ringen og identifisere omr\u00e5der som kan kreve oppmerksomhet.\n<\/p>\n\n\n<pre class=\"wp-block-code\"><code>\n  -- =====================================================\n  -- PROGRESS\n  -- =====================================================\n  65 AS Progress, -- Completion % (0-100)\n  -- ===== NOTES =====\n  -- - Fremdrift: 0 = ikke p\u00e5begynt, 100 = fullf\u00f8rt\n<\/code><\/pre>\n\n\n<p><div class=\"wp-block-image\">\n<figure class=\"aligncenter size-large\"><img decoding=\"async\" src=\"https:\/\/www.leaplytics.de\/wp-content\/uploads\/2025\/11\/progress-data-fields.png\" alt=\"\" class=\"wp-image-14100\"\/><\/figure><\/div><\/p>\n\n\n<hr class=\"wp-block-separator has-alpha-channel-opacity\"\/>\n\n\n\n<h4 class=\"wp-block-heading\" id=\"enhanced-data-model-structure\">Ressurs<\/h4>\n\n\n<p><div class=\"wp-block-image\">\n<figure class=\"aligncenter size-large\"><img decoding=\"async\" src=\"https:\/\/www.leaplytics.de\/wp-content\/uploads\/2025\/11\/resource-overview.png\" alt=\"\" class=\"wp-image-14108\"\/><\/figure><\/div><\/p>\n\n<p>Den <strong>Ressurs<\/strong> kan du tilordne en eller flere personer, team eller roller til en oppgave. Ved \u00e5 oppgi et navn - eller en <strong>kommaseparert liste<\/strong> for flere ressurser - Gantt-diagrammet viser tydelig hvem som er ansvarlig for hver aktivitet. Dette hjelper teamene med \u00e5 forst\u00e5 fordelingen av arbeidsmengden, identifisere potensielle flaskehalser og forbedre koordineringen av parallelle oppgaver. Ressurstildelinger vises direkte ved siden av tidslinjen for umiddelbar oversikt.\n<\/p>\n\n\n<pre class=\"wp-block-code\"><code>\n    'John Smith, Jane Doe' AS Resource, -- Kommaseparert for flere\n  -- ===== NOTES =====\n  -- - Flere ressurser: kommaseparerte verdier i ett enkelt felt\n<\/code><\/pre>\n\n\n<p><div class=\"wp-block-image\">\n<figure class=\"aligncenter size-large\"><img decoding=\"async\" src=\"https:\/\/www.leaplytics.de\/wp-content\/uploads\/2025\/11\/resource-arrows.png\" alt=\"\" class=\"wp-image-14108\"\/><\/figure><\/div><\/p>\n\n\n<hr class=\"wp-block-separator has-alpha-channel-opacity\"\/>\n\n\n\n<h4 class=\"wp-block-heading\" id=\"enhanced-data-model-structure\">Forgjengere<\/h4>\n\n\n<p><div class=\"wp-block-image\">\n<figure class=\"aligncenter size-large\"><img decoding=\"async\" src=\"https:\/\/www.leaplytics.de\/wp-content\/uploads\/2025\/11\/predecessors-arrows.png\" alt=\"\" class=\"wp-image-14116\"\/><\/figure><\/div><\/p>\n\n<p>Den <strong>Forgjengere<\/strong> feltet definerer oppgaveavhengigheter ved \u00e5 liste opp en eller flere foreg\u00e5ende oppgave-ID-er. Ved \u00e5 oppgi en <strong>kommaseparert liste<\/strong> Gantt-diagrammet tegner automatisk avhengighetslinjer fra start til slutt, slik at den logiske flyten i prosjektet blir tydelig synlig. Dette hjelper teamene med \u00e5 forst\u00e5 rekkef\u00f8lgen, identifisere forsinkelser og opprettholde en realistisk, sammenhengende prosjektplan.\n<\/p>\n\n\n<pre class=\"wp-block-code\"><code>\n    'TASK-005, TASK-007' AS Predecessors -- Kommaseparerte forgjenger-ID-er\n  -- ===== NOTES =====\n  -- - Forgjengere: kommaseparerte oppgave-ID-er for slutt-til-start-avhengigheter\n<\/code><\/pre>\n\n\n<p><div class=\"wp-block-image\">\n<figure class=\"aligncenter size-large\"><img decoding=\"async\" src=\"https:\/\/www.leaplytics.de\/wp-content\/uploads\/2025\/11\/predecessors-data-fields.png\" alt=\"\" class=\"wp-image-14116\"\/><\/figure><\/div><\/p>\n\n\n<hr class=\"wp-block-separator has-alpha-channel-opacity\"\/>\n\n\n\n<h3 class=\"wp-block-heading\" id=\"zoom-pan\">Zoom og panorer<\/h3>\n\n<p><div class=\"wp-block-image\">\n<figure class=\"aligncenter size-large\"><img decoding=\"async\" src=\"https:\/\/www.leaplytics.de\/wp-content\/uploads\/2025\/11\/zoom.gif\" alt=\"\" class=\"wp-image-14116\"\/><\/figure><\/div><\/p>\n\n<p>Du kan enkelt navigere i tidslinjen ved hjelp av de innebygde zoom- og panoreringskontrollene. Hold <strong>ALT<\/strong> og bruke <strong>musehjul<\/strong> for \u00e5 zoome inn eller ut, eller bruk en <strong>klypebevegelse med to fingre<\/strong> p\u00e5 mobile enheter. For \u00e5 panorere holder du <strong>venstre museknapp<\/strong> og dra diagrammet til venstre eller h\u00f8yre, eller bare plasser fingeren p\u00e5 skjermen og flytt den for \u00e5 utforske tidslinjen p\u00e5 mobilen. Det visuelle st\u00f8tter alt fra en <strong>minutt-for-minutt-oversikt over en enkelt dag<\/strong> til en <strong>prosjektoversikt p\u00e5 h\u00f8yt niv\u00e5 som strekker seg over 10 \u00e5r<\/strong>.\n<\/p>\n\n\n<h3 class=\"wp-block-heading\" id=\"troubleshooting\">Feils\u00f8king<\/h3>\n\n\n\n<h4 class=\"wp-block-heading\" id=\"-cross-filtering-problems-\">Problemer med kryssfiltrering<\/h4>\n\n\n\n<p><strong>Utvalget fungerer ikke med andre visuelle elementer:<\/strong><\/p>\n\n\n\n<ul class=\"wp-block-list\">\n<li>\u2705 Kontroller at kategorisk datakartlegging er riktig konfigurert<\/li>\n\n\n\n<li>\u2705 Sjekk PowerBI-kryssfiltreringsinnstillingene for den visuelle<\/li>\n\n\n\n<li>\u2705 S\u00f8rg for at TaskID-feltet brukes konsekvent p\u00e5 tvers av alle bilder<\/li>\n\n\n\n<li>\u2705 Testvalgfunksjonalitet med forenklet rapport<\/li>\n<\/ul>\n\n\n\n<p><strong>Markering svarer ikke:<\/strong><\/p>\n\n\n\n<ul class=\"wp-block-list\">\n<li>\u2705 Sjekk uthevet datastruktur i kategorisk kartlegging<\/li>\n\n\n\n<li>\u2705 Verifiser integrasjonen av PowerBI Selection Manager<\/li>\n\n\n\n<li>\u2705 Test med PowerBI table visual for \u00e5 bekrefte at kryssfiltrering fungerer<\/li>\n\n\n\n<li>\u2705 Gjennomg\u00e5 generering av ID-valg for oppgavedata<\/li>\n<\/ul>\n\n\n\n<h4 class=\"wp-block-heading\" id=\"-data-mapping-problems-\">Problemer med datakartlegging<\/h4>\n\n\n\n<p><strong>Feltene gjenkjennes ikke:<\/strong><\/p>\n\n\n\n<ul class=\"wp-block-list\">\n<li>\u2705 Kontroller at feltdatatypene samsvarer med forventede formater (datoer, tall, tekst)<\/li>\n\n\n\n<li>\u2705 Kontroller at felttilordningen i dataruten samsvarer med kolonnenavnene<\/li>\n\n\n\n<li>\u2705 S\u00f8rg for at beregnede kolonner er riktig definert i datamodellen<\/li>\n\n\n\n<li>\u2705 Test med enkle datasett for \u00e5 isolere problemer med feltkartlegging<\/li>\n<\/ul>\n\n\n\n<p><strong>Fremdrift\/status vises ikke:<\/strong><\/p>\n\n\n\n<ul class=\"wp-block-list\">\n<li>\u2705 Verify Progress-feltet inneholder numeriske verdier mellom 0-100<\/li>\n\n\n\n<li>\u2705 Sjekk status-feltet inneholder forventede statusverdier<\/li>\n\n\n\n<li>\u2705 S\u00f8rg for at fremdriftslinjer er aktivert i formatpanelet<\/li>\n\n\n\n<li>\u2705 Test med eksempeldata som inneholder ulike fremdriftsverdier<\/li>\n<\/ul>\n\n\n\n<h4 class=\"wp-block-heading\" id=\"-hierarchical-structure-issues-\">Problemer med hierarkisk struktur<\/h4>\n\n\n\n<p><strong>Forholdet mellom foreldre og barn fungerer ikke:<\/strong><\/p>\n\n\n\n<ul class=\"wp-block-list\">\n<li>\u2705 Kontroller at ParentTask-feltet inneholder gyldige TaskID-er for overordnede oppgaver<\/li>\n\n\n\n<li>\u2705 Se etter sirkul\u00e6re foreldre-barn-referanser<\/li>\n\n\n\n<li>\u2705 S\u00f8rg for at hierarkiniv\u00e5ene ikke overskrider rimelige grenser<\/li>\n\n\n\n<li>\u2705 Test utvidelses- og sammenleggingsfunksjonalitet med enkelt hierarki<\/li>\n<\/ul>\n\n\n\n<p><strong>Rollup-beregningene er feil:<\/strong><\/p>\n\n\n\n<ul class=\"wp-block-list\">\n<li>\u2705 Sjekk rollup-konfigurasjonen i innstillingene for formatpanelet<\/li>\n\n\n\n<li>\u2705 Kontroller at dataene om barnets oppgaver er fullstendige og n\u00f8yaktige<\/li>\n\n\n\n<li>\u2705 Test rollup-logikk med kjente testtilfeller<\/li>\n\n\n\n<li>\u2705 Gjennomg\u00e5 datoberegningslogikken for overordnede oppgavespenn<\/li>\n<\/ul>\n\n\n\n<hr class=\"wp-block-separator has-alpha-channel-opacity\"\/>\n\n\n\n<h3 class=\"wp-block-heading\" id=\"-advanced-best-practices\">Avansert beste praksis<\/h3>\n\n\n\n<ul class=\"wp-block-list\">\n<li><strong>Datakvalitet<\/strong>: Valider alle datoer, s\u00f8rg for at TaskID-er er unike, sjekk avhengighetsreferanser<\/li>\n\n\n\n<li><strong>Optimalisering av ytelse<\/strong>: Begrens datasettst\u00f8rrelsen, bruk passende datatyper, optimaliser DAX-beregninger<\/li>\n\n\n\n<li><strong>Design av hierarki<\/strong>: Planlegg logiske foreldre-barn-forhold, unng\u00e5 dyp nesting, oppretthold en klar struktur<\/li>\n\n\n\n<li><strong>Modellering av avhengighet<\/strong>: Kartlegg realistiske avhengigheter, unng\u00e5 sirkul\u00e6re referanser, bruk passende forsinkelsestider<\/li>\n\n\n\n<li><strong>Teststrategi<\/strong>: Test med eksempeldata, valider alle funksjoner, ytelsestest med store datasett<\/li>\n<\/ul>\n\n\n\n<h4 class=\"wp-block-heading\" id=\"-visual-configuration-best-practices-\"><strong>Beste praksis for visuell konfigurasjon<\/strong> \u2728<\/h4>\n\n\n\n<ul class=\"wp-block-list\">\n<li><strong>Skalering av tidslinjen<\/strong>: Velg passende standard zoomniv\u00e5, konfigurer rimelige datointervaller, aktiver adaptiv skalering<\/li>\n\n\n\n<li><strong>Fargestrategi<\/strong>: Bruk konsistente fargevalg, tilordne farger til meningsfulle dataattributter, sikre samsvar med tilgjengelighet<\/li>\n\n\n\n<li><strong>Optimalisering av layout<\/strong>: Konfigurer passende h\u00f8yder p\u00e5 oppgavelinjene, optimaliser tekstposisjonering og balansert informasjonstetthet<\/li>\n\n\n\n<li><strong>Interaktiv design<\/strong>: Muliggj\u00f8r intuitiv navigering, gir tydelige visuelle tilbakemeldinger, st\u00f8tter b\u00e5de mus- og ber\u00f8ringsinteraksjon<\/li>\n<\/ul>\n\n\n\n\n<h4 class=\"wp-block-heading\" id=\"supported-data-sources-reference\">St\u00f8ttede datakilder Referanse<\/h4>\n\n\n\n<figure class=\"wp-block-table\"><table class=\"has-fixed-layout\"><thead><tr><th><strong>Datakilde<\/strong><\/th><th><strong>Plattform<\/strong><\/th><th><strong>Status<\/strong><\/th><th><strong>N\u00f8kkelfelt<\/strong><\/th><th><strong>Integrasjonsmerknader<\/strong><\/th><\/tr><\/thead><tbody><tr><td><strong>Microsoft Project<\/strong><\/td><td>MS Project<\/td><td>\u2705 Prim\u00e6r<\/td><td>Oppgave-ID, navn, start, slutt, avhengigheter<\/td><td>Eksporter som Excel eller koble til via Project Online<\/td><\/tr><tr><td><strong>Primavera P6<\/strong><\/td><td>Oracle<\/td><td>\u2705 Prim\u00e6r<\/td><td>Aktivitets-ID, navn, start, slutt, forgjengere<\/td><td>Eksporter som Excel eller XML-import<\/td><\/tr><tr><td><strong>Azure DevOps<\/strong><\/td><td>Microsoft<\/td><td>\u2705 Prim\u00e6r<\/td><td>ID, tittel, startdato, m\u00e5ldato for arbeidsoppgaven<\/td><td>Direkte API-tilkobling eller eksport<\/td><\/tr><tr><td><strong>Jira<\/strong><\/td><td>Atlassian<\/td><td>\u2705 Prim\u00e6r<\/td><td>Problemstilling, sammendrag, forfallsdato, lenker<\/td><td>Eksport eller API-integrasjon<\/td><\/tr><tr><td><strong>Excel\/CSV<\/strong><\/td><td>Generelt<\/td><td>\u2705 Prim\u00e6r<\/td><td>Egendefinerte felt mappet til Gantt-krav<\/td><td>Direkte PowerBI-import<\/td><\/tr><tr><td><strong>Asana<\/strong><\/td><td>Asana<\/td><td>\u2705 Sekund\u00e6r<\/td><td>Oppgave-ID, navn, startdato, forfallsdato<\/td><td>Eksporter som CSV<\/td><\/tr><tr><td><strong>Tilpassede bord<\/strong><\/td><td>Database<\/td><td>\u2705 Sekund\u00e6r<\/td><td>Brukerdefinert skjema som matcher Gantt-modellen<\/td><td>Direkte databasetilkobling<\/td><\/tr><\/tbody><\/table><\/figure>\n\n\n\n<p>Dette omfattende visuelle verkt\u00f8yet forvandler komplekse prosjektdata til vakre, interaktive Gantt-diagrammer som opprettholder profesjonell kvalitet og st\u00f8tter sofistikerte arbeidsflyter for prosjektledelse direkte i PowerBI-dashbord. Endelig vil interessentene dine se prosjektets tidslinjer slik de b\u00f8r vises - oversiktlige, interaktive og profesjonelt formaterte.<\/p>","protected":false},"excerpt":{"rendered":"<p>Minimum Requirements | License |\u00a0Features | Zoom &amp; Pan | Filter | Troubleshooting Teams across industries use the LeapLytics Gantt Chart to visualize project timelines, dependencies, milestones, hierarchies, and resource allocations directly inside Power BI. The visual is fast, and built for enterprise-grade reporting. With features such as dynamic zooming, critical path display, customizable timeline &hellip; <\/p>","protected":false},"author":2,"featured_media":0,"parent":0,"menu_order":0,"comment_status":"closed","ping_status":"closed","template":"","meta":{"footnotes":""},"class_list":["post-13813","page","type-page","status-publish","hentry","latest_post"],"_links":{"self":[{"href":"https:\/\/www.leaplytics.de\/nb\/wp-json\/wp\/v2\/pages\/13813","targetHints":{"allow":["GET"]}}],"collection":[{"href":"https:\/\/www.leaplytics.de\/nb\/wp-json\/wp\/v2\/pages"}],"about":[{"href":"https:\/\/www.leaplytics.de\/nb\/wp-json\/wp\/v2\/types\/page"}],"author":[{"embeddable":true,"href":"https:\/\/www.leaplytics.de\/nb\/wp-json\/wp\/v2\/users\/2"}],"replies":[{"embeddable":true,"href":"https:\/\/www.leaplytics.de\/nb\/wp-json\/wp\/v2\/comments?post=13813"}],"version-history":[{"count":124,"href":"https:\/\/www.leaplytics.de\/nb\/wp-json\/wp\/v2\/pages\/13813\/revisions"}],"predecessor-version":[{"id":14246,"href":"https:\/\/www.leaplytics.de\/nb\/wp-json\/wp\/v2\/pages\/13813\/revisions\/14246"}],"wp:attachment":[{"href":"https:\/\/www.leaplytics.de\/nb\/wp-json\/wp\/v2\/media?parent=13813"}],"curies":[{"name":"wp","href":"https:\/\/api.w.org\/{rel}","templated":true}]}}