{"id":14411,"date":"2025-12-18T23:54:38","date_gmt":"2025-12-18T22:54:38","guid":{"rendered":"https:\/\/www.leaplytics.de\/?page_id=14411"},"modified":"2025-12-19T02:12:42","modified_gmt":"2025-12-19T01:12:42","slug":"sourcing-innkjop-ai","status":"publish","type":"page","link":"https:\/\/www.leaplytics.de\/nb\/sourcing-innkjop-ai\/","title":{"rendered":"Innkj\u00f8p\/innkj\u00f8p AI"},"content":{"rendered":"<h2>Innkj\u00f8psteamet ditt har for mye arbeid. AI kan hjelpe.<\/h2>\n\n<p>Innkj\u00f8psarbeid er innkj\u00f8psarbeid. Leverand\u00f8rer. Kontrakter. Bestillinger. Godkjenninger. Sporing av utgifter. En konstant syklus med \u00e5 finne, kj\u00f8pe og administrere.<\/p>\n<p>Det meste f\u00f8lger et m\u00f8nster. Finn en leverand\u00f8r. Innhent tilbud. Behandle bestillingen. Kontroller fakturaen. Forny kontrakten. Gjenta.<\/p>\n<p>AI er skapt for dette. Den analyserer leverand\u00f8rer raskere enn noe menneske. Den g\u00e5r aldri glipp av en kontraktsfornyelse. Den oppdager innsparingsmuligheter i data som ingen har tid til \u00e5 g\u00e5 gjennom.<\/p>\n<p>Dette erstatter ikke innkj\u00f8psteamet ditt. Det gj\u00f8r dem raskere. Det h\u00e5ndterer rutinene, slik at medarbeiderne kan fokusere p\u00e5 strategisk sourcing og relasjoner.<\/p>\n\n\n<hr class=\"wp-block-separator has-alpha-channel-opacity\"\/>\n\n\n\n<h3 class=\"wp-block-heading\">Virkeligheten i dagens innkj\u00f8psarbeid<\/h3>\n\n\n<p>Innkj\u00f8psteamene er overbelastet. Flere leverand\u00f8rer. Flere krav til samsvar. Mer press for \u00e5 kutte kostnader. Mindre tid til \u00e5 v\u00e6re strategisk.<\/p>\n<p>Innkj\u00f8perne bruker timevis p\u00e5 transaksjonsarbeid i stedet for \u00e5 forhandle frem bedre avtaler. Kontraktsfornyelser kommer snikende. Forbruksdata ligger i systemer, men ingen analyserer dem. Det skjer avvikende forbruk fordi prosessen er for treg.<\/p>\n<p>Besparelsesmuligheter blir oversett. Leverand\u00f8rrisikoer g\u00e5r ubemerket hen. Alle er opptatt med \u00e5 behandle, ikke optimalisere.<\/p>\n<p>Ikke fordi folk ikke er gode i jobben sin. Det er rett og slett for mye transaksjonsarbeid og for lite tid til strategi.<\/p>\n\n\n<hr class=\"wp-block-separator has-alpha-channel-opacity\"\/>\n\n\n\n<h3 class=\"wp-block-heading\">Der AI virkelig gj\u00f8r en forskjell<\/h3>\n\n\n<p>AI fungerer best der det finnes data og m\u00f8nstre. Innkj\u00f8p har begge deler.<\/p>\n<p>Her er fem omr\u00e5der der AI gir reelle resultater - ikke hype, men faktiske besparelser og gjenvunnet tid.<\/p>\n\n\n<hr class=\"wp-block-separator has-alpha-channel-opacity\"\/>\n\n\n\n<h4 class=\"wp-block-heading\">1. Oppdagelse og evaluering av leverand\u00f8rer<\/h4>\n\n\n<p>Det tar tid \u00e5 finne gode leverand\u00f8rer. Unders\u00f8ke alternativer. Sjekke kvalifikasjoner. Vurdere risiko. Innhenting av tilbud.<\/p>\n<p>Og \u00e5 holde seg til de samme leverand\u00f8rene fordi \"vi alltid har brukt dem\"? Det er \u00e5 legge penger p\u00e5 bordet.<\/p>\n\n\n<h5 class=\"wp-block-heading\">Hva AI gj\u00f8r<\/h5>\n\n\n<p><strong>Identifiserer potensielle leverand\u00f8rer.<\/strong><br \/>\nBasert p\u00e5 dine behov s\u00f8ker AI etter og foresl\u00e5r leverand\u00f8rer som du kanskje ikke hadde funnet. Nye alternativer for bedre avtaler.<\/p>\n\n<p><strong>Vurderer leverand\u00f8rrisiko.<\/strong><br \/>\nFinansiell stabilitet. Etterlevelseshistorikk. Nyheter og omd\u00f8mme. Den kunstige intelligensen samler inn informasjon og flagger potensielle risikoer.<\/p>\n\n<p><strong>Scorer leverand\u00f8rens kvalifikasjoner.<\/strong><br \/>\nSertifiseringer. Kapabiliteter. Merittliste. Den kunstige intelligensen evaluerer leverand\u00f8rene automatisk opp mot kriteriene dine.<\/p>\n\n<p><strong>Sammenligner sitater p\u00e5 en intelligent m\u00e5te.<\/strong><br \/>\nIkke bare pris-totalkostnad. Vilk\u00e5r. Kvalitetsindikatorer. AI hjelper deg med \u00e5 sammenligne epler med epler.<\/p>\n\n<p><strong>Overv\u00e5ker markedsinformasjon.<\/strong><br \/>\nPrisutvikling. Forsyningsforhold. Endringer i bransjen. Den kunstige intelligensen sporer markedsfaktorer som p\u00e5virker innkj\u00f8psbeslutningene dine.<\/p>\n\n\n<h5 class=\"wp-block-heading\">Hva dette betyr for deg<\/h5>\n\n\n<ul>\n<li><strong>For CPOer:<\/strong> Bedre utvalg av leverand\u00f8rer. Lavere risiko. Mer konkurransedyktige priser. Strategiske innkj\u00f8p i stedet for reaktive innkj\u00f8p.<\/li>\n<li><strong>For innkj\u00f8pssjefer:<\/strong> Raskere evaluering av leverand\u00f8rer. Tillit til valg av leverand\u00f8r. Tid til forhandlinger i stedet for unders\u00f8kelser.<\/li>\n<li><strong>For virksomheten:<\/strong> Bedre leverand\u00f8rer. Bedre priser. F\u00e6rre forsyningsavbrudd.<\/li>\n<\/ul>\n\n<p><a href=\"https:\/\/www.leaplytics.de\/nb\/evaluering-av-leverandoroppdagelser-ai\/\">Finn ut mer om AI for leverand\u00f8roppdagelse og -evaluering \u2192.<\/a><\/p>\n\n\n<hr class=\"wp-block-separator has-alpha-channel-opacity\"\/>\n\n\n\n<h4 class=\"wp-block-heading\">2. Innkj\u00f8psrekvisisjon og bestilling<\/h4>\n\n\n<p>Bestillingene str\u00f8mmer inn hele tiden. Rekvisisjoner fra alle avdelinger. Godkjennelser som m\u00e5 innhentes. Bestillinger som skal opprettes. Bekreftelser \u00e5 spore.<\/p>\n<p>N\u00e5r prosessen er treg, g\u00e5r folk utenom den. Maverick-utgifter forekommer. Etterlevelsen blir d\u00e5rligere.<\/p>\n\n\n<h5 class=\"wp-block-heading\">Hva AI gj\u00f8r<\/h5>\n\n\n<p><strong>Behandler rekvisisjoner automatisk.<\/strong><br \/>\nStandard foresp\u00f8rsel? AI validerer, videresender for godkjenning og oppretter bestillingen. Ingen manuell h\u00e5ndtering for rutinebestillinger.<\/p>\n\n<p><strong>Ruter godkjenninger p\u00e5 en intelligent m\u00e5te.<\/strong><br \/>\nBasert p\u00e5 bel\u00f8p, kategori og retningslinjer sender AI foresp\u00f8rsler til de rette godkjennerne. Ingen forvirring om hvem som godkjenner hva.<\/p>\n\n<p><strong>Foresl\u00e5r foretrukne leverand\u00f8rer.<\/strong><br \/>\nFor vanlige innkj\u00f8p anbefaler AI avtalte leverand\u00f8rer med de beste vilk\u00e5rene. Innebygd samsvar.<\/p>\n\n<p><strong>Validerer mot kontrakter.<\/strong><br \/>\nEr denne prisen riktig? Bruker vi de avtalte vilk\u00e5rene? Den kunstige intelligensen sjekker bestillinger mot kontraktsvilk\u00e5rene.<\/p>\n\n<p><strong>Sporer ordrestatus.<\/strong><br \/>\nHvor er bestillingen min? N\u00e5r vil den ankomme? AI overv\u00e5ker status og varsler proaktivt om forsinkelser.<\/p>\n\n\n<h5 class=\"wp-block-heading\">Hva dette betyr for deg<\/h5>\n\n\n<ul>\n<li><strong>For CPOer:<\/strong> Bedre overholdelse av kontrakter. F\u00e6rre avvikende utgifter. Raskere anskaffelsessykluser.<\/li>\n<li><strong>For kj\u00f8pere:<\/strong> Slutt \u00e5 behandle rutinemessige bestillinger manuelt. Fokuser p\u00e5 komplekse innkj\u00f8p som krever ekspertise.<\/li>\n<li><strong>For rekvirenter:<\/strong> Raskere bestillinger. Tydelig status. Enkel prosess som folk faktisk f\u00f8lger.<\/li>\n<\/ul>\n\n<p><a href=\"https:\/\/www.leaplytics.de\/nb\/innkjopsrekvisisjon-bestilling-ai\/\">Finn ut mer om AI for innkj\u00f8psrekvisisjoner og bestillinger \u2192.<\/a><\/p>\n\n\n<hr class=\"wp-block-separator has-alpha-channel-opacity\"\/>\n\n\n\n<h4 class=\"wp-block-heading\">3. Kontraktsforvaltning<\/h4>\n\n\n<p>Kontraktene hoper seg opp. Leverand\u00f8ravtaler. Servicekontrakter. Lisensieringsavtaler. Alle med ulike vilk\u00e5r, datoer og forpliktelser.<\/p>\n<p>Fornyelser blir oversett. Vilk\u00e5r blir glemt. Ingen vet hva vi egentlig ble enige om.<\/p>\n\n\n<h5 class=\"wp-block-heading\">Hva AI gj\u00f8r<\/h5>\n\n\n<p><strong>Trekker ut n\u00f8kkelbegreper automatisk.<\/strong><br \/>\nPriser. Volum. Oppsigelsesklausuler. Datoer for fornyelse. Den kunstige intelligensen leser kontrakter og trekker ut det som er viktig.<\/p>\n\n<p><strong>Sporer fornyelsesdatoer.<\/strong><br \/>\nAutomatisk fornyelse p\u00e5 trappene? N\u00e6rmer oppsigelsesfristen seg? AI-en varsler deg f\u00f8r fristene g\u00e5r ut.<\/p>\n\n<p><strong>Sammenligner kontraktsvilk\u00e5r.<\/strong><br \/>\nHvordan er denne kontrakten sammenlignet med andre? I forhold til markedsstandarder? AI fremhever avvik.<\/p>\n\n<p><strong>Overv\u00e5ker at vilk\u00e5rene overholdes.<\/strong><br \/>\nOppfyller vi volumforpliktelsene? Oppfyller leverand\u00f8ren SLA-ene? Den kunstige intelligensen sporer kontraktsoppfyllelsen.<\/p>\n\n<p><strong>Foresl\u00e5r forhandlingspunkter.<\/strong><br \/>\nBasert p\u00e5 kontraktsanalyse og markedsdata identifiserer den kunstige intelligensen vilk\u00e5r som kan utfordres ved fornyelse.<\/p>\n\n\n<h5 class=\"wp-block-heading\">Hva dette betyr for deg<\/h5>\n\n\n<ul>\n<li><strong>For CPOer:<\/strong> Ingen tapte fornyelser. Bedre forhandlingsposisjon. Innsyn i kontraktsforpliktelser.<\/li>\n<li><strong>For innkj\u00f8pssjefer:<\/strong> Finn ut hva som st\u00e5r i kontraktene dine uten \u00e5 lese hver eneste side. Forbered deg p\u00e5 fornyelser med data.<\/li>\n<li><strong>For virksomheten:<\/strong> Bedre kontraktsvilk\u00e5r. Leverand\u00f8rer holdes ansvarlige. Penger blir ikke lagt p\u00e5 bordet.<\/li>\n<\/ul>\n\n<p><a href=\"https:\/\/www.leaplytics.de\/nb\/kontraktsadministrasjon-ai\/\">Finn ut mer om AI for kontraktsadministrasjon \u2192.<\/a><\/p>\n\n\n<hr class=\"wp-block-separator has-alpha-channel-opacity\"\/>\n\n\n\n<h4 class=\"wp-block-heading\">4. Analyse og optimalisering av utgifter<\/h4>\n\n\n<p>Du bruker penger overalt. Men n\u00f8yaktig hvor? Hos hvilke leverand\u00f8rer? P\u00e5 hvilke vilk\u00e5r? Til hvilke priser sammenlignet med markedet?<\/p>\n<p>Uten synlighet kan du ikke optimalisere. Og \u00e5 analysere utgifter manuelt? Det er et prosjekt ingen har tid til.<\/p>\n\n\n<h5 class=\"wp-block-heading\">Hva AI gj\u00f8r<\/h5>\n\n\n<p><strong>Kategoriserer utgiftene automatisk.<\/strong><br \/>\nHver transaksjon klassifiseres. Etter kategori. Etter leverand\u00f8r. Etter avdeling. Rene data uten manuell tagging.<\/p>\n\n<p><strong>Identifiserer innsparingsmuligheter.<\/strong><br \/>\nPrisvariasjoner for samme vare. Leverand\u00f8rer som tar mer betalt enn andre. Muligheter for volumkonsolidering. Den kunstige intelligensen finner pengene.<\/p>\n\n<p><strong>Oppdager avvikende utgifter.<\/strong><br \/>\nInnkj\u00f8p utenfor kontrakter. Ikke-foretrukne leverand\u00f8rer. Brudd p\u00e5 retningslinjer. AI-en oppdager utgifter som ikke er i samsvar med regelverket.<\/p>\n\n<p><strong>Benchmarking mot markedet.<\/strong><br \/>\nBetaler vi for mye? Hvordan er prisene v\u00e5re sammenlignet? Den kunstige intelligensen gir kontekst for utgiftene dine.<\/p>\n\n<p><strong>Prognoser for fremtidige utgifter.<\/strong><br \/>\nBasert p\u00e5 m\u00f8nstre og forpliktelser ansl\u00e5r AI-en hva du kommer til \u00e5 bruke. Bedre budsjettering.<\/p>\n\n\n<h5 class=\"wp-block-heading\">Hva dette betyr for deg<\/h5>\n\n\n<ul>\n<li><strong>For CPOer:<\/strong> Tydelig oversikt over utgiftene. Kvantifiserte innsparingsmuligheter. Data som grunnlag for forhandlinger.<\/li>\n<li><strong>For innkj\u00f8pssjefer:<\/strong> F\u00e5 vite hvor pengene g\u00e5r uten \u00e5 bygge rapporter. Fokuser p\u00e5 kategorier med stor innvirkning.<\/li>\n<li><strong>For \u00f8konomi:<\/strong> Bedre budsjettpresisjon. Begrunnede anskaffelsesinvesteringer. Dokumenterte besparelser.<\/li>\n<\/ul>\n\n<p><a href=\"https:\/\/www.leaplytics.de\/nb\/forbruksanalyse-optimalisering-ai\/\">Les mer om AI for utgiftsanalyse og -optimalisering \u2192.<\/a><\/p>\n\n\n<hr class=\"wp-block-separator has-alpha-channel-opacity\"\/>\n\n\n\n<h4 class=\"wp-block-heading\">5. Leverand\u00f8rytelse og risikostyring<\/h4>\n\n\n<p>Du er avhengig av leverand\u00f8rer. N\u00e5r de svikter, svikter du. Sene leveranser. Kvalitetsproblemer. \u00d8konomiske problemer. Brudd p\u00e5 regelverket.<\/p>\n<p>Overv\u00e5ke hver eneste leverand\u00f8r manuelt? Umulig. Men \u00e5 ignorere risiko? Det er farlig.<\/p>\n\n\n<h5 class=\"wp-block-heading\">Hva AI gj\u00f8r<\/h5>\n\n\n<p><strong>Overv\u00e5ker leverand\u00f8rens ytelse.<\/strong><br \/>\nLevering i tide. Kvalitetsm\u00e5linger. Responsivitet. AI-en sporer ytelsesdata kontinuerlig.<\/p>\n\n<p><strong>Scorer leverand\u00f8rrelasjoner.<\/strong><br \/>\nBasert p\u00e5 ytelse, risiko og verdi vurderer AI leverand\u00f8rene. Se hvem som leverer og hvem som ikke gj\u00f8r det.<\/p>\n\n<p><strong>Oppdager risikosignaler.<\/strong><br \/>\n\u00d8konomiske problemer? Negative nyheter? Problemer med etterlevelse? Den kunstige intelligensen overv\u00e5ker eksterne signaler og varsler deg tidlig.<\/p>\n\n<p><strong>Forutser forsyningsforstyrrelser.<\/strong><br \/>\nBasert p\u00e5 m\u00f8nstre og eksterne faktorer flagger den kunstige intelligensen leverand\u00f8rer som sannsynligvis vil f\u00e5 problemer.<\/p>\n\n<p><strong>Sporer status for samsvar.<\/strong><br \/>\nGjeldende sertifiseringer? Gyldige forsikringer? Er n\u00f8dvendige dokumenter arkivert? AI overv\u00e5ker og varsler n\u00e5r ting utl\u00f8per.<\/p>\n\n\n<h5 class=\"wp-block-heading\">Hva dette betyr for deg<\/h5>\n\n\n<ul>\n<li><strong>For CPOer:<\/strong> Proaktiv risikostyring. Leverand\u00f8ransvarlighet med data. Beskyttet leverand\u00f8rkjede.<\/li>\n<li><strong>For innkj\u00f8pssjefer:<\/strong> Vet hvilke leverand\u00f8rer du b\u00f8r holde \u00f8ye med. Bevis for vanskelige leverand\u00f8rsamtaler.<\/li>\n<li><strong>For virksomheten:<\/strong> F\u00e6rre forsyningsavbrudd. Bedre leverand\u00f8rkvalitet. Redusert risikoeksponering.<\/li>\n<\/ul>\n\n<p><em>Viktig: Kunstig intelligens gir synlighet og analyse, men leverand\u00f8rstyring krever fortsatt menneskelig d\u00f8mmekraft. Strategiske beslutninger om partnerskap m\u00e5 fortsatt tas av teamet ditt.<\/em><\/p>\n\n<p><a href=\"https:\/\/www.leaplytics.de\/nb\/risikostyring-av-leverandorprestasjoner-ai\/\">Les mer om AI for Supplier Performance &amp; Risk Management \u2192.<\/a><\/p>\n\n\n<hr class=\"wp-block-separator has-alpha-channel-opacity\"\/>\n\n\n\n<h3 class=\"wp-block-heading\">Hva AI ikke vil gj\u00f8re<\/h3>\n\n\n<p>La oss v\u00e6re tydelige n\u00e5r det gjelder grenser.<\/p>\n<p>AI erstatter ikke innkj\u00f8pere. Den forhandler ikke komplekse avtaler. Den h\u00e5ndterer ikke strategiske leverand\u00f8rrelasjoner. Den tar ikke avgj\u00f8relser om avveininger mellom pris, kvalitet og risiko.<\/p>\n<p>Den tar seg av rutinene. Forskningen. Analysen. Overv\u00e5kingen. Transaksjonsbehandlingen.<\/p>\n<p>Innkj\u00f8psteamet ditt gj\u00f8r fortsatt det strategiske arbeidet. De gj\u00f8r det bare bedre fordi de har data og tid.<\/p>\n\n\n<hr class=\"wp-block-separator has-alpha-channel-opacity\"\/>\n\n\n\n<h3 class=\"wp-block-heading\">Bunnlinjen<\/h3>\n\n\n<p>Innkj\u00f8psteam som bruker AI p\u00e5 en god m\u00e5te, jobber ikke mindre. De jobber annerledes.<\/p>\n<p>I stedet for \u00e5 behandle bestillinger, forhandler de frem bedre avtaler. I stedet for \u00e5 jakte p\u00e5 data, analyserer og handler de. I stedet for \u00e5 reagere p\u00e5 leverand\u00f8rproblemer, forebygger de dem.<\/p>\n<p>Resultatet:<\/p>\n<ul>\n<li>Reelle besparelser identifisert og fanget opp<\/li>\n<li>Raskere innkj\u00f8pssykluser<\/li>\n<li>Lavere leverand\u00f8rrisiko<\/li>\n<li>Innkj\u00f8pere som gj\u00f8r arbeid som faktisk trenger ekspertisen deres<\/li>\n<li>Strategisk innkj\u00f8p i stedet for transaksjonsinnkj\u00f8p<\/li>\n<\/ul>\n<p>Dette handler ikke om \u00e5 erstatte teamet ditt. Det handler om \u00e5 gj\u00f8re dem mer effektive.<\/p>\n\n\n<hr class=\"wp-block-separator has-alpha-channel-opacity\"\/>\n\n\n\n<h3 class=\"wp-block-heading\">Klar til \u00e5 se hva som er mulig?<\/h3>\n\n\n<p>Alle innkj\u00f8psteam er forskjellige. Kategoriene dine er ikke som alle andres. Leverand\u00f8rbasen din har sine egne s\u00e6rtrekk. Dine prioriteringer avhenger av virksomheten din.<\/p>\n<p>Vi selger ikke l\u00f8sninger som passer alle. Vi ser p\u00e5 dine spesifikke innkj\u00f8psutfordringer. Vi identifiserer hvor AI faktisk kan hjelpe. Vi bygger systemer som passer til hvordan du jobber.<\/p>\n<p>Ingen hype. Ingen l\u00f8fter vi ikke kan holde. Bare praktisk AI som gj\u00f8r innkj\u00f8psteamet ditt mer effektivt.<\/p>\n\n<p><a href=\"https:\/\/www.leaplytics.de\/nb\/kontakt\/\">La oss snakke om innkj\u00f8psvirksomheten din<\/a><\/p>\n\n<p><a href=\"https:\/\/www.leaplytics.de\/nb\/kunstig-intelligens\/\">Se alle AI-tjenester<\/a><\/p>","protected":false},"excerpt":{"rendered":"<p>Your Procurement Team Has Too Much Work. AI Can Help. Procurement work is sourcing work. Suppliers. Contracts. Orders. Approvals. Spend tracking. A constant cycle of finding, buying, and managing. Most of it follows patterns. Find a supplier. Get quotes. Process the order. Check the invoice. Renew the contract. Repeat. AI is built for this. It &hellip; <\/p>","protected":false},"author":2,"featured_media":0,"parent":0,"menu_order":0,"comment_status":"closed","ping_status":"closed","template":"","meta":{"footnotes":""},"class_list":["post-14411","page","type-page","status-publish","hentry","latest_post"],"_links":{"self":[{"href":"https:\/\/www.leaplytics.de\/nb\/wp-json\/wp\/v2\/pages\/14411","targetHints":{"allow":["GET"]}}],"collection":[{"href":"https:\/\/www.leaplytics.de\/nb\/wp-json\/wp\/v2\/pages"}],"about":[{"href":"https:\/\/www.leaplytics.de\/nb\/wp-json\/wp\/v2\/types\/page"}],"author":[{"embeddable":true,"href":"https:\/\/www.leaplytics.de\/nb\/wp-json\/wp\/v2\/users\/2"}],"replies":[{"embeddable":true,"href":"https:\/\/www.leaplytics.de\/nb\/wp-json\/wp\/v2\/comments?post=14411"}],"version-history":[{"count":3,"href":"https:\/\/www.leaplytics.de\/nb\/wp-json\/wp\/v2\/pages\/14411\/revisions"}],"predecessor-version":[{"id":14525,"href":"https:\/\/www.leaplytics.de\/nb\/wp-json\/wp\/v2\/pages\/14411\/revisions\/14525"}],"wp:attachment":[{"href":"https:\/\/www.leaplytics.de\/nb\/wp-json\/wp\/v2\/media?parent=14411"}],"curies":[{"name":"wp","href":"https:\/\/api.w.org\/{rel}","templated":true}]}}